{"id":16961,"date":"2021-03-30T16:14:01","date_gmt":"2021-03-30T15:14:01","guid":{"rendered":"https:\/\/www.konferenztechnik.de\/?page_id=16961"},"modified":"2023-08-29T14:53:57","modified_gmt":"2023-08-29T12:53:57","slug":"concetti-di-evento-flessibili","status":"publish","type":"page","link":"https:\/\/konferenztechnik.de\/it\/concetti-di-evento-flessibili\/","title":{"rendered":"Concetti di evento flessibili"},"content":{"rendered":"<h1 id=\"hybrideevents\"><strong>Concetti di evento flessibili<\/strong><\/h1>\n<p>[rev_slider alias=\"events-1\u2033][\/rev_slider]<br \/>\n[spacer size=\"20\u2033]<\/p>\n<p>Le condizioni quadro per gli eventi faccia a faccia cambiano ogni giorno. Un alto grado di flessibilit\u00e0 \u00e8 fondamentale per garantire che il vostro evento non solo si svolga, ma raggiunga anche il vostro pubblico nel modo pi\u00f9 efficace possibile.<\/p>\n<p>Idealmente, il vostro evento dovrebbe essere abbastanza adattabile da funzionare in modo ottimale sia virtualmente che con un pubblico presente.<\/p>\n<p>La location e il concetto di evento devono offrire la flessibilit\u00e0 necessaria per soddisfare le esigenze e le restrizioni che cambiano ogni giorno. La nostra pianificazione prende in considerazione gli scenari previsti, tenendo conto di un efficace rapporto costi-benefici.<\/p>\n<p>L'aumento delle opzioni di prova e dei concetti di igiene professionale consente l'organizzazione di eventi classici, digitali e ibridi. Le parti interessate possono lavorare in modo sicuro ed efficiente sul posto.<\/p>\n<p>L'uso delle cuffie, ad esempio, facilita il raggiungimento e il mantenimento della distanza necessaria. Dalla <a href=\"\/it\/conferenza-silenziosa-2\/\">Conferenza silenziosa<\/a> \u00e8 ottenuto attraverso l'uso mirato di <a href=\"\/it\/sistemi-di-guida-a-noleggio\/\">Sistemi di guida<\/a> un evento lontano.<\/p>\n<p>Lavoriamo con voi per creare formati flessibili che soddisfino le esigenze della giornata: dalla creazione di concetti igienici, ai flussi modulari dei partecipanti, fino alla considerazione di varianti di ripiego nel formato puramente digitale dell'evento.<\/p>\n<p>[spacer size=\"20\u2033]<\/p>\n<p>.<\/p>\n<p>[spacer size=\"20\u2033]<\/p>\n<div class=\"weiterlinks\" style=\"background-color:#ffffff;\">\n<h2>In dettaglio<\/h2>\n<ul>\n        [list icon=\"moon-arrow-right-2\u2033 color=\"#a62055\u2033]<a title=\"Eventi ibridi\"\n            href=\"\/it\/eventi-ibridi\/\">Eventi ibridi<\/a>[\/list]<br \/>\n[list icon=\"moon-arrow-right-2\u2033 color=\"#a62055\u2033]<a title=\"Conferenze, eventi, riunioni\"\n            href=\"\/it\/conferenze-eventi-riunioni-classico-ibrido-digitale-remoto\/\">Conferenze, eventi, riunioni \u2013 classico, ibrido, digitale, virtuale, remoto<\/a>[\/list]<\/ul>\n<\/div>","protected":false},"excerpt":{"rendered":"<p>Concetti di eventi flessibili [rev_slider alias=\u201cevents-1\u2033][\/rev_slider] [spacer size=\u201c20\u2033] Le condizioni quadro per gli eventi faccia a faccia cambiano ogni giorno. Un alto grado di flessibilit\u00e0 \u00e8 fondamentale affinch\u00e9 il vostro evento possa non solo svolgersi, ma anche raggiungere il vostro pubblico nel miglior modo possibile. Idealmente, il vostro evento dovrebbe essere abbastanza adattabile da funzionare in modo ottimale sia virtualmente che con un pubblico in carne e ossa. La location e il concetto di evento devono soddisfare [...]<\/p>","protected":false},"author":1,"featured_media":45482,"parent":0,"menu_order":0,"comment_status":"closed","ping_status":"closed","template":"","meta":{"_acf_changed":false,"footnotes":""},"class_list":["post-16961","page","type-page","status-publish","has-post-thumbnail","hentry"],"acf":[],"_links":{"self":[{"href":"https:\/\/konferenztechnik.de\/it\/wp-json\/wp\/v2\/pages\/16961","targetHints":{"allow":["GET"]}}],"collection":[{"href":"https:\/\/konferenztechnik.de\/it\/wp-json\/wp\/v2\/pages"}],"about":[{"href":"https:\/\/konferenztechnik.de\/it\/wp-json\/wp\/v2\/types\/page"}],"author":[{"embeddable":true,"href":"https:\/\/konferenztechnik.de\/it\/wp-json\/wp\/v2\/users\/1"}],"replies":[{"embeddable":true,"href":"https:\/\/konferenztechnik.de\/it\/wp-json\/wp\/v2\/comments?post=16961"}],"version-history":[{"count":0,"href":"https:\/\/konferenztechnik.de\/it\/wp-json\/wp\/v2\/pages\/16961\/revisions"}],"wp:featuredmedia":[{"embeddable":true,"href":"https:\/\/konferenztechnik.de\/it\/wp-json\/wp\/v2\/media\/45482"}],"wp:attachment":[{"href":"https:\/\/konferenztechnik.de\/it\/wp-json\/wp\/v2\/media?parent=16961"}],"curies":[{"name":"wp","href":"https:\/\/api.w.org\/{rel}","templated":true}]}}