{"id":1810,"date":"2013-09-05T11:28:54","date_gmt":"2013-09-05T09:28:54","guid":{"rendered":"https:\/\/konferenztechnik.de\/?page_id=1810"},"modified":"2013-09-05T11:28:54","modified_gmt":"2013-09-05T09:28:54","slug":"sistemi-di-tuning-ted-sistemi-vecchi","status":"publish","type":"page","link":"https:\/\/konferenztechnik.de\/it\/noleggio-di-attrezzature-per-conferenze\/sistemi-di-tuning-ted-sistemi-vecchi\/","title":{"rendered":"Sistemi di voto, sistemi TED"},"content":{"rendered":"<h1>Sistemi di voto, sistemi TED<\/h1>\n<figure id=\"attachment_4099\" aria-describedby=\"caption-attachment-4099\" style=\"width: 288px\" class=\"wp-caption alignright\"><a href=\"https:\/\/konferenztechnik.de\/wp-content\/uploads\/2013\/12\/abstimmanlagen2.jpg\"><img fetchpriority=\"high\" decoding=\"async\" src=\"https:\/\/konferenztechnik.de\/wp-content\/uploads\/2013\/12\/abstimmanlagen2.jpg\" alt=\"TED e sistemi di voto PCS\" width=\"288\" height=\"198\" class=\"size-full wp-image-4099\" title=\"\"><\/a><figcaption id=\"caption-attachment-4099\" class=\"wp-caption-text\">Il sistema di votazione PCS... interazione tra altoparlante e plenum.<\/figcaption><\/figure>\n<p>La scelta giusta per sondaggi di opinione, quiz e riunioni di azionisti.<\/p>\n<p>Il nostro sistema determina rapidamente le opinioni e le esperienze dei partecipanti e rende i risultati visibili a tutti nella sessione plenaria.<br \/>\nCiascun partecipante pu\u00f2 esprimere la propria opinione con il<br \/>\nConfrontare e classificare i risultati complessivi.<\/p>\n<p>L'uso di questo sistema di voto interattivo genera una maggiore attenzione tra i partecipanti e d\u00e0 loro la sensazione di avere voce in capitolo senza doversi presentare. Il voto \u00e8 poi anonimo.<\/p>\n<p>Il grado di informazione aumenta quanto pi\u00f9 i partecipanti sono coinvolti attivamente negli argomenti.<\/p>\n<p>[spacer size=\"20\u2033]<br \/>\n<figure id=\"attachment_4114\" aria-describedby=\"caption-attachment-4114\" style=\"width: 650px\" class=\"wp-caption alignleft\"><a href=\"https:\/\/konferenztechnik.de\/wp-content\/uploads\/2013\/12\/abstimmeinheiten-bei-pcs.jpg\"><img decoding=\"async\" src=\"https:\/\/konferenztechnik.de\/wp-content\/uploads\/2013\/12\/abstimmeinheiten-bei-pcs.jpg\" alt=\"\u00c8 possibile votare utilizzando un transponder o direttamente tramite il citofono da tavolo.\" width=\"650\" height=\"200\" class=\"size-full wp-image-4114\" title=\"\" srcset=\"https:\/\/konferenztechnik.de\/wp-content\/uploads\/2013\/12\/abstimmeinheiten-bei-pcs.jpg 650w, https:\/\/konferenztechnik.de\/wp-content\/uploads\/2013\/12\/abstimmeinheiten-bei-pcs-300x92.jpg 300w\" sizes=\"(max-width: 650px) 100vw, 650px\" \/><\/a><figcaption id=\"caption-attachment-4114\" class=\"wp-caption-text\">\u00c8 possibile votare utilizzando un transponder o direttamente tramite il citofono da tavolo.<\/figcaption><\/figure><br \/>\n[spacer size=\"20\u2033]<\/p>\n<h1>Come funziona il sistema di sintonizzazione PCS? <\/h1>\n<h2>La domanda<\/h2>\n<p>Tutti i partecipanti riceveranno un'unit\u00e0 di voto wireless all'inizio del simposio. I relatori pongono all'auditorio domande con un massimo di 10 possibili risposte. Le domande possono essere presentate tramite proiezione di dati utilizzando un PC e un proiettore.<\/p>\n<h2>Il voto<\/h2>\n<p>Dopo aver moderato la domanda, l'oratore chiede al plenum di votare. Sullo schermo appare un conto alla rovescia in grandi numeri. Un tempo di votazione di 10 secondi si \u00e8 rivelato efficace. Entro questo tempo, i partecipanti possono prendere una decisione e premere il pulsante corrispondente.<\/p>\n<h2>Il risultato<\/h2>\n<p><img decoding=\"async\" src=\"https:\/\/konferenztechnik.de\/wp-content\/uploads\/2013\/12\/voting-bei-pcs-televic.jpg\" alt=\"Software di gestione del voto Televic\" width=\"600\" height=\"400\" class=\"alignleft size-full wp-image-4105\" title=\"\" srcset=\"https:\/\/konferenztechnik.de\/wp-content\/uploads\/2013\/12\/voting-bei-pcs-televic.jpg 600w, https:\/\/konferenztechnik.de\/wp-content\/uploads\/2013\/12\/voting-bei-pcs-televic-300x200.jpg 300w\" sizes=\"(max-width: 600px) 100vw, 600px\" \/><\/p>\n<p>Al termine del conto alla rovescia, il computer calcola i voti espressi e presenta il risultato sullo schermo in pochi secondi, ad esempio sotto forma di grafico a barre colorate.<\/p>\n<h1>I servizi del sistema di tuning PCS in sintesi<\/h1>\n<ul>\n<li>Pratiche unit\u00e0 di sintonizzazione wireless<\/li>\n<li>Tastierino numerico con fino a 10 opzioni di selezione e tasto di correzione<\/li>\n<li>Nella versione standard \u00e8 possibile utilizzare pi\u00f9 di 3.500 unit\u00e0 di sintonizzazione simultaneamente.<\/li>\n<li>In un'edizione speciale, \u00e8 possibile utilizzare contemporaneamente fino a 18.000 unit\u00e0 di voto.<\/li>\n<li>Votazione aperta o segreta<\/li>\n<li>Sondaggio, quiz o assemblea degli azionisti<\/li>\n<li>Possibilit\u00e0 di voto di gruppo<\/li>\n<li>Su richiesta, \u00e8 possibile assegnare un nome a ciascun dispositivo di sintonizzazione.<\/li>\n<li>\u00c8 possibile anche la ponderazione del voto per ogni dispositivo<\/li>\n<li>Collegamento al PC con il software TED variabile con collegamento alla proiezione dei dati<\/li>\n<li>Presentazione dei risultati come grafico a barre, a colonne o a torta.<\/li>\n<li>Visualizzazione dei risultati della query come cifre assolute o percentuali<\/li>\n<li>Opzioni di design gratuite per le singole pagine<\/li>\n<li>Importare loghi e altre immagini da programmi di grafica<\/li>\n<li>Esportazione dei risultati in programmi di foglio di calcolo per la valutazione<\/li>\n<\/ul>","protected":false},"excerpt":{"rendered":"<p>Sistemi di votazione, sistemi TED La scelta giusta per sondaggi di opinione, quiz e assemblee degli azionisti. Il nostro sistema determina rapidamente le opinioni e le esperienze dei partecipanti e rende i risultati visibili a tutti i partecipanti alla sessione plenaria. Ogni partecipante pu\u00f2 confrontare e classificare la propria opinione con i risultati complessivi. L'uso di questo sistema di voto interattivo genera una maggiore consapevolezza tra i partecipanti e d\u00e0 [...]<\/p>","protected":false},"author":1,"featured_media":45482,"parent":3618,"menu_order":158,"comment_status":"closed","ping_status":"open","template":"page-right-sidebar.php","meta":{"_acf_changed":false,"footnotes":""},"class_list":["post-1810","page","type-page","status-publish","has-post-thumbnail","hentry"],"acf":[],"_links":{"self":[{"href":"https:\/\/konferenztechnik.de\/it\/wp-json\/wp\/v2\/pages\/1810","targetHints":{"allow":["GET"]}}],"collection":[{"href":"https:\/\/konferenztechnik.de\/it\/wp-json\/wp\/v2\/pages"}],"about":[{"href":"https:\/\/konferenztechnik.de\/it\/wp-json\/wp\/v2\/types\/page"}],"author":[{"embeddable":true,"href":"https:\/\/konferenztechnik.de\/it\/wp-json\/wp\/v2\/users\/1"}],"replies":[{"embeddable":true,"href":"https:\/\/konferenztechnik.de\/it\/wp-json\/wp\/v2\/comments?post=1810"}],"version-history":[{"count":0,"href":"https:\/\/konferenztechnik.de\/it\/wp-json\/wp\/v2\/pages\/1810\/revisions"}],"up":[{"embeddable":true,"href":"https:\/\/konferenztechnik.de\/it\/wp-json\/wp\/v2\/pages\/3618"}],"wp:featuredmedia":[{"embeddable":true,"href":"https:\/\/konferenztechnik.de\/it\/wp-json\/wp\/v2\/media\/45482"}],"wp:attachment":[{"href":"https:\/\/konferenztechnik.de\/it\/wp-json\/wp\/v2\/media?parent=1810"}],"curies":[{"name":"wp","href":"https:\/\/api.w.org\/{rel}","templated":true}]}}