{"id":1862,"date":"2013-09-06T10:18:15","date_gmt":"2013-09-06T08:18:15","guid":{"rendered":"https:\/\/konferenztechnik.de\/?page_id=1862"},"modified":"2013-09-06T10:18:15","modified_gmt":"2013-09-06T08:18:15","slug":"sistemi-di-guida-beyerdynamic","status":"publish","type":"page","link":"https:\/\/konferenztechnik.de\/it\/distribuzione-di-tecnologia-per-conferenze-e-media-av\/sistemi-di-guida-beyerdynamic\/","title":{"rendered":"Sistemi di guida Beyerdynamic"},"content":{"rendered":"<h1>Sistemi di guida e sistemi di guida turistica di Beyerdynamic<\/h1>\n<p>Una comunicazione efficace sta diventando sempre pi\u00f9 importante nel mondo di oggi. Una tecnologia affidabile \u00e8 alla base di tutte le applicazioni audio in politica, nell'industria e nelle istituzioni pubbliche. Il sistema di interpretariato e guida wireless Synexis di Beyerdynamic offre una soluzione versatile ed economica anche per le esigenze pi\u00f9 complesse. \u00c8 possibile trasmettere fino a 18 segnali audio contemporaneamente, sia per l'interpretariato in conferenze multilingue che per le visite guidate nei capannoni delle fabbriche, nei musei o all'aperto. Synexis consente una presentazione chiara e comprensibile a tutti, ovunque.<\/p>\n<h2>Esempi di applicazione:<\/h2>\n<ul>\n<li>Gestione operativa anche ad alti livelli di rumore<\/li>\n<li>Presentazioni di macchine e prodotti<\/li>\n<li>Formazione sulla sicurezza (auto, bicicletta, pattini in linea, ecc.)<\/li>\n<li>Visite guidate a musei, castelli, gallerie, mostre e fiere.<\/li>\n<li>Corsi di formazione, conferenze e riunioni con interpretazione simultanea, ad esempio in combinazione con il sistema di interpretazione simultanea SIS.<\/li>\n<\/ul>\n<p>[spacer size=\"20\u2033]<\/p>\n<p>[tabs style=\"1\u2033]<br \/>\n[tab title=\"Articolo\"]<\/p>\n<h2>Ricevitore radio tascabile \u2013 Synexis RP8<\/h2>\n<p>[column size=\"2-5\u2033 last=\"0\u2033]<\/p>\n<p><a href=\"https:\/\/konferenztechnik.de\/wp-content\/uploads\/2013\/09\/Empfaenger_Beyerdynamic_Synexis_rp8.jpg\"><img fetchpriority=\"high\" decoding=\"async\" width=\"530\" height=\"491\" src=\"https:\/\/konferenztechnik.de\/wp-content\/uploads\/2013\/09\/Empfaenger_Beyerdynamic_Synexis_rp8.jpg\" alt=\"Ricevitore Beyerdynamic Synexis RP8\" class=\"alignnone size-full wp-image-1874\" title=\"\" srcset=\"https:\/\/konferenztechnik.de\/wp-content\/uploads\/2013\/09\/Empfaenger_Beyerdynamic_Synexis_rp8.jpg 530w, https:\/\/konferenztechnik.de\/wp-content\/uploads\/2013\/09\/Empfaenger_Beyerdynamic_Synexis_rp8-300x278.jpg 300w\" sizes=\"(max-width: 530px) 100vw, 530px\" \/><\/a><\/p>\n<p>[\/colonna]<br \/>\n[column size=\"3-5\u2033 last=\"1\u2033]<\/p>\n<p>Il ricevitore tascabile RP8 viene utilizzato come sistema di guida turistica o per conferenze con traduzione simultanea multilingue. Alla connessione mini-jack \u00e8 possibile collegare cuffie o un loop a induzione per persone con apparecchi acustici, il che significa che il dispositivo pu\u00f2 essere utilizzato anche per supportare l'accessibilit\u00e0.<\/p>\n<p>[\/colonna]<br \/>\n[\/tab]<br \/>\n[tab title=\"Dettagli tecnici\"]<\/p>\n<h2>Ricevitore radio tascabile \u2013 Synexis RP8<\/h2>\n<p>Un display OLED mostra il canale, lo stato della batteria e la frequenza. Il ricevitore pu\u00f2 essere indossato con la clip da cintura staccabile o con un laccetto da collo. L'RP8 \u00e8 alimentato da due batterie ricaricabili NiMH o da batterie standard da 1,5 V AA. Le batterie ricaricabili non devono essere rimosse dal dispositivo per la ricarica e sono protette dal sovraccarico grazie a una tecnologia di ricarica intelligente. L'elettronica di ricarica riconosce anche se sono inserite le batterie ricaricabili o le pile, in modo da escludere un funzionamento errato.<\/p>\n<ul>\n<li>18 frequenze regolabili con selettore di canale<\/li>\n<li>LED per l'indicatore di funzionamento e lo stato di carica<\/li>\n<li>Display OLED per visualizzare il canale, lo stato della batteria, la frequenza e la funzione di blocco della selezione del canale<\/li>\n<li>Connessione jack (3,5 mm) per cuffie o apparecchi acustici (ad es. loop a induzione)<\/li>\n<li>Funzionamento con due batterie ricaricabili NiMH AA o batterie AA da 1,5 V<\/li>\n<li>Tecnologia di ricarica intelligente con funzione di autospegnimento<\/li>\n<li>Indossabile con cavo da collo o clip da cintura<\/li>\n<\/ul>\n<p>[\/tab]<br \/>\n[\/tabs]<\/p>\n<p>[spacer size=\"20\u2033]<\/p>\n<p>[tabs style=\"1\u2033]<br \/>\n[tab title=\"Articolo\"]<\/p>\n<h2>Trasmettitore portatile \u2013 Synexis TH8<\/h2>\n<p>[column size=\"2-5\u2033 last=\"0\u2033]<\/p>\n<p><a href=\"https:\/\/konferenztechnik.de\/wp-content\/uploads\/2013\/09\/Handsender_Beyerdynamic_Synexis_th8.jpg\"><img decoding=\"async\" width=\"600\" height=\"233\" src=\"https:\/\/konferenztechnik.de\/wp-content\/uploads\/2013\/09\/Handsender_Beyerdynamic_Synexis_th8.jpg\" alt=\"Trasmettitore palmare Beyerdynamic Synexis TH8\" class=\"alignnone size-full wp-image-1880\" title=\"\" srcset=\"https:\/\/konferenztechnik.de\/wp-content\/uploads\/2013\/09\/Handsender_Beyerdynamic_Synexis_th8.jpg 600w, https:\/\/konferenztechnik.de\/wp-content\/uploads\/2013\/09\/Handsender_Beyerdynamic_Synexis_th8-300x117.jpg 300w\" sizes=\"(max-width: 600px) 100vw, 600px\" \/><\/a><\/p>\n<p>[\/colonna]<br \/>\n[column size=\"3-5\u2033 last=\"1\u2033]<\/p>\n<p>Il TH8 \u00e8 un microfono e un trasmettitore radio in uno. Insieme al ricevitore radio RP8, \u00e8 adatto per essere utilizzato come sistema di guida turistica, come sistema di interpretariato sussurrato in piccole riunioni o come amplificazione dell'udito in riunioni con partecipanti con problemi di udito.<\/p>\n<p>[\/colonna]<br \/>\n[\/tab]<br \/>\n[tab title=\"Dettagli tecnici\"]<\/p>\n<h2>Trasmettitore portatile \u2013 Synexis TH8<\/h2>\n<p>Il trasmettitore trasmette fino a 100 metri di distanza in caso di contatto visivo. La caratteristica cardioide sopprime efficacemente il rumore di fondo. Un display OLED mostra il canale, lo stato della batteria e la frequenza. Il microfono \u00e8 alimentato da due batterie ricaricabili AA NiMH o da batterie convenzionali AA da 1,5V. Il trasmettitore pu\u00f2 essere indossato al collo con un laccetto opzionale.<\/p>\n<ul>\n<li>18 Frequenze<\/li>\n<li>Microfono a compensazione del rumore con caratteristica cardioide a basso feedback<\/li>\n<li>Display OLED per visualizzare il canale, lo stato della batteria e la frequenza<\/li>\n<li>Pulsante di comando programmabile per la funzione mute (muting)<\/li>\n<li>Sensibilit\u00e0 regolabile tramite interruttore a 2 livelli (Hi\/Low)<\/li>\n<li>Antenna integrata<\/li>\n<li>Funzionamento con due batterie ricaricabili NiMH AA o batterie AA da 1,5 V<\/li>\n<\/ul>\n<p>[\/tab]<br \/>\n[\/tabs]<\/p>\n<p>[spacer size=\"20\u2033]<\/p>\n<p>[tabs style=\"1\u2033]<br \/>\n[tab title=\"Articolo\"]<\/p>\n<h2>\u2013 Trasmettitore bodypack TP8 Synexis<\/h2>\n<p>[column size=\"2-5\u2033 last=\"0\u2033]<\/p>\n<p><a href=\"https:\/\/konferenztechnik.de\/wp-content\/uploads\/2013\/09\/Taschensender_Beyerdynamic_Synexis_tp8.jpg\"><img decoding=\"async\" width=\"245\" height=\"423\" src=\"https:\/\/konferenztechnik.de\/wp-content\/uploads\/2013\/09\/Taschensender_Beyerdynamic_Synexis_tp8.jpg\" alt=\"Trasmettitore bodypack Beyerdynamic Synexis TP8\" class=\"alignnone size-full wp-image-1890\" title=\"\" srcset=\"https:\/\/konferenztechnik.de\/wp-content\/uploads\/2013\/09\/Taschensender_Beyerdynamic_Synexis_tp8.jpg 245w, https:\/\/konferenztechnik.de\/wp-content\/uploads\/2013\/09\/Taschensender_Beyerdynamic_Synexis_tp8-174x300.jpg 174w\" sizes=\"(max-width: 245px) 100vw, 245px\" \/><\/a><\/p>\n<p>[\/colonna]<br \/>\n[column size=\"3-5\u2033 last=\"1\u2033]<\/p>\n<p>Il trasmettitore bodypack Synexis TP8 viene utilizzato insieme al ricevitore bodypack Synexis RP8 per visite guidate, conferenze o per l'amplificazione dell'udito. Alla connessione mini XLR a 4 pin \u00e8 possibile collegare un microfono a clip o ad archetto.<\/p>\n<p>[\/colonna]<br \/>\n[\/tab]<br \/>\n[tab title=\"Dettagli tecnici\"]<\/p>\n<h2>\u2013 Trasmettitore bodypack TP8 Synexis <\/h2>\n<p>La sensibilit\u00e0 del microfono pu\u00f2 essere regolata per comunicazioni ravvicinate o a distanza mediante un interruttore a 3 posizioni. \u00c8 inoltre possibile collegare una sorgente audio esterna alla connessione aux-in per registrare musica o registrazioni vocali. Il canale, lo stato della batteria e la frequenza possono essere letti sul display OLED. Il trasmettitore \u00e8 alimentato da due batterie ricaricabili NiMH o da batterie standard da 1,5 V AA.<\/p>\n<ul>\n<li>18 Frequenze<\/li>\n<li>Display OLED per visualizzare il canale, lo stato della batteria e la frequenza<\/li>\n<li>Funzione Mute Microfono (funzione mute)<\/li>\n<li>Collegamento Aux-in per una sorgente di segnale audio come un lettore MP3<\/li>\n<li>Connessione per microfono, mini XLR a 4 pin con sensibilit\u00e0 regolabile<\/li>\n<li>Funzionamento con due batterie ricaricabili NiMH AA o batterie AA da 1,5 V<\/li>\n<li>Tecnologia di ricarica intelligente con funzione di autospegnimento<\/li>\n<li>Clip da cintura staccabile per il fissaggio agli indumenti<\/li>\n<li>Pu\u00f2 essere indossato intorno al collo con un cordino<\/li>\n<\/ul>\n<p>[\/tab]<br \/>\n[\/tabs]<\/p>\n<p>[spacer size=\"20\u2033]<\/p>\n<p>[tabs style=\"1\u2033]<br \/>\n[tab title=\"Articolo\"]<\/p>\n<h2> Custodia di ricarica e trasporto \u2013 Synexis C20<\/h2>\n<p>[column size=\"2-5\u2033 last=\"0\u2033]<\/p>\n<p><a href=\"https:\/\/konferenztechnik.de\/wp-content\/uploads\/2013\/09\/Ladekoffer_Beyerdynamic_Synexis_c20.jpg\"><img loading=\"lazy\" decoding=\"async\" width=\"600\" height=\"506\" src=\"https:\/\/konferenztechnik.de\/wp-content\/uploads\/2013\/09\/Ladekoffer_Beyerdynamic_Synexis_c20.jpg\" alt=\"Custodia di ricarica Beyerdynamic Synexis C20\" class=\"alignnone size-full wp-image-1893\" title=\"\" srcset=\"https:\/\/konferenztechnik.de\/wp-content\/uploads\/2013\/09\/Ladekoffer_Beyerdynamic_Synexis_c20.jpg 600w, https:\/\/konferenztechnik.de\/wp-content\/uploads\/2013\/09\/Ladekoffer_Beyerdynamic_Synexis_c20-300x253.jpg 300w\" sizes=\"(max-width: 600px) 100vw, 600px\" \/><\/a><\/p>\n<p>[\/colonna]<br \/>\n[column size=\"3-5\u2033 last=\"1\u2033]<\/p>\n<p>Il caricatore Synexis C8 pu\u00f2 essere utilizzato per caricare fino a otto trasmettitori o ricevitori bodypack Synexis e un trasmettitore portatile.<\/p>\n<p>[\/colonna]<br \/>\n[\/tab]<br \/>\n[tab title=\"Dettagli tecnici\"]<\/p>\n<p>Il caricatore Synexis C20 pu\u00f2 essere utilizzato per caricare fino a 20 trasmettitori o ricevitori bodypack e un trasmettitore portatile. Il caricabatterie \u00e8 integrato in un carrello con una maniglia per il trasporto.<\/p>\n<p>La custodia funge anche da contenitore per l'intero sistema Synexis. Nel coperchio della custodia \u00e8 presente uno scomparto in cui \u00e8 possibile riporre cuffie, microfoni o altri accessori.<\/p>\n<ul>\n<li>Caricabatterie e custodia per il trasporto in un'unica soluzione<\/li>\n<li>Funzione di rotolamento e maniglia di trasporto<\/li>\n<li>Venti slot di ricarica per ricevitori\/trasmettitori tascabili<\/li>\n<li>Uno slot di ricarica per i trasmettitori portatili<\/li>\n<li>Scomparto accessori<\/li>\n<\/ul>\n<p>[\/tab]<br \/>\n[\/tabs]<\/p>\n<p>[spacer size=\"20\u2033]<\/p>\n<p>[tabs style=\"1\u2033]<br \/>\n[tab title=\"Articolo\"]<\/p>\n<h2>Caricabatterie \u2013 Synexis C8<\/h2>\n<p>[column size=\"2-5\u2033 last=\"0\u2033]<\/p>\n<p><a href=\"https:\/\/konferenztechnik.de\/wp-content\/uploads\/2013\/09\/Ladegeraet_Beyerdynamic_Synexis_c8.jpg\"><img loading=\"lazy\" decoding=\"async\" width=\"600\" height=\"233\" src=\"https:\/\/konferenztechnik.de\/wp-content\/uploads\/2013\/09\/Ladegeraet_Beyerdynamic_Synexis_c8.jpg\" alt=\"Caricabatterie Beyerdynamic Synexis C8\" class=\"alignnone size-full wp-image-1891\" title=\"\" srcset=\"https:\/\/konferenztechnik.de\/wp-content\/uploads\/2013\/09\/Ladegeraet_Beyerdynamic_Synexis_c8.jpg 600w, https:\/\/konferenztechnik.de\/wp-content\/uploads\/2013\/09\/Ladegeraet_Beyerdynamic_Synexis_c8-300x117.jpg 300w\" sizes=\"(max-width: 600px) 100vw, 600px\" \/><\/a><\/p>\n<p>[\/colonna]<br \/>\n[column size=\"3-5\u2033 last=\"1\u2033]<\/p>\n<p>Il caricatore Synexis C8 pu\u00f2 essere utilizzato per caricare fino a otto trasmettitori o ricevitori bodypack Synexis e un trasmettitore portatile.<\/p>\n<p>[\/colonna]<br \/>\n[\/tab]<br \/>\n[tab title=\"Dettagli tecnici\"]<\/p>\n<h2>Caricabatterie \u2013 Synexis C8<\/h2>\n<ul>\n<li>Otto slot di ricarica per ricevitori\/trasmettitori tascabili<\/li>\n<li>Uno slot di ricarica per i trasmettitori portatili<\/li>\n<li>Collegamento alla rete, in cascata<\/li>\n<li>LED per l'indicatore di funzionamento<\/li>\n<li>Robusto alloggiamento in metallo, 19\", 3 U<\/li>\n<\/ul>\n<p>Il caricatore \u00e8 disponibile anche nella versione C10 con slot di ricarica per 10 ricevitori\/trasmettitori bodypack, senza slot di ricarica per trasmettitori portatili.<\/p>\n<p>[\/tab]<br \/>\n[\/tabs]<\/p>\n<p>[spacer size=\"20\u2033]<\/p>\n<p>[tabs style=\"1\u2033]<br \/>\n[tab title=\"Articolo\"]<\/p>\n<h2>Auricolare singolo \u2013 DT 1S<\/h2>\n<p>[column size=\"2-5\u2033 last=\"0\u2033]<\/p>\n<p><a href=\"https:\/\/konferenztechnik.de\/wp-content\/uploads\/2013\/09\/Einohrhoerer_Beyerdynamic_dt1s.jpg\"><img loading=\"lazy\" decoding=\"async\" width=\"298\" height=\"449\" src=\"https:\/\/konferenztechnik.de\/wp-content\/uploads\/2013\/09\/Einohrhoerer_Beyerdynamic_dt1s.jpg\" alt=\"Auricolari singoli Beyerdynamic DT1S\" class=\"alignnone size-full wp-image-1892\" title=\"\" srcset=\"https:\/\/konferenztechnik.de\/wp-content\/uploads\/2013\/09\/Einohrhoerer_Beyerdynamic_dt1s.jpg 298w, https:\/\/konferenztechnik.de\/wp-content\/uploads\/2013\/09\/Einohrhoerer_Beyerdynamic_dt1s-199x300.jpg 199w\" sizes=\"(max-width: 298px) 100vw, 298px\" \/><\/a><\/p>\n<p>[\/colonna]<br \/>\n[column size=\"3-5\u2033 last=\"1\u2033]<\/p>\n<p>Gli auricolari possono essere utilizzati per sistemi di guida personali o per sistemi di conferenza installati in modo permanente.<\/p>\n<p>[\/colonna]<br \/>\n[\/tab]<br \/>\n[tab title=\"Dettagli tecnici\"]<\/p>\n<h2>Auricolare singolo \u2013 DT 1S<\/h2>\n<p>Le cuffie monoauricolari sono disponibili con un cavo lungo 0,8 o 1,6 metri e un collegamento jack mono. Il design leggero garantisce un elevato comfort di utilizzo. Gli auricolari sono inoltre facili da pulire.<\/p>\n<ul>\n<li>Costruzione robusta<\/li>\n<li>Facile da pulire<\/li>\n<\/ul>\n<p>[\/tab]<br \/>\n[\/tabs]<\/p>\n<p>[spacer size=\"20\u2033]<\/p>\n<p>[tabs style=\"1\u2033]<br \/>\n[tab title=\"Articolo\"]<\/p>\n<h2>Cuffie ad archetto da collo \u2013 DT3<\/h2>\n<p>[column size=\"2-5\u2033 last=\"0\u2033]<\/p>\n<p><a href=\"https:\/\/konferenztechnik.de\/wp-content\/uploads\/2013\/09\/Nackenbuegelkopfhoerer_Beyerdynamic_DT3.jpg\"><img loading=\"lazy\" decoding=\"async\" width=\"332\" height=\"230\" src=\"https:\/\/konferenztechnik.de\/wp-content\/uploads\/2013\/09\/Nackenbuegelkopfhoerer_Beyerdynamic_DT3.jpg\" alt=\"Cuffie ad archetto Beyerdynamic DT3\" class=\"alignnone size-full wp-image-1894\" title=\"\" srcset=\"https:\/\/konferenztechnik.de\/wp-content\/uploads\/2013\/09\/Nackenbuegelkopfhoerer_Beyerdynamic_DT3.jpg 332w, https:\/\/konferenztechnik.de\/wp-content\/uploads\/2013\/09\/Nackenbuegelkopfhoerer_Beyerdynamic_DT3-300x208.jpg 300w\" sizes=\"(max-width: 332px) 100vw, 332px\" \/><\/a><\/p>\n<p>[\/colonna]<br \/>\n[column size=\"3-5\u2033 last=\"1\u2033]<\/p>\n<p>Cuffie stereo ad archetto da collo da utilizzare con i sistemi di guida o con i sistemi per conferenze e interpretariato.<\/p>\n<p>[\/colonna]<br \/>\n[\/tab]<br \/>\n[tab title=\"Dettagli tecnici\"]<\/p>\n<h2>Cuffie ad archetto da collo \u2013 DT3<\/h2>\n<p>L'archetto da collo le rende molto comode da indossare. Le cuffie sono robuste e facili da pulire dopo la conferenza.<\/p>\n<ul>\n<li>Costruzione robusta<\/li>\n<li>Facile da pulire<\/li>\n<li>Forma ergonomica<\/li>\n<\/ul>\n<p>[\/tab]<br \/>\n[\/tabs]<\/p>\n<p>[spacer size=\"20\u2033]<\/p>\n<p>[tabs style=\"1\u2033]<br \/>\n[tab title=\"Articolo\"]<\/p>\n<h2>Anello di induzione \u2013 Synexis IL100<\/h2>\n<p>[column size=\"2-5\u2033 last=\"0\u2033]<\/p>\n<p><a href=\"https:\/\/konferenztechnik.de\/wp-content\/uploads\/2013\/09\/Induktionsschleife_Beyerdynamic_Synexis_il80.jpg\"><img loading=\"lazy\" decoding=\"async\" width=\"207\" height=\"380\" src=\"https:\/\/konferenztechnik.de\/wp-content\/uploads\/2013\/09\/Induktionsschleife_Beyerdynamic_Synexis_il80.jpg\" alt=\"Anello di induzione Beyerdynamic Synexis IL80\" class=\"alignnone size-full wp-image-1895\" title=\"\" srcset=\"https:\/\/konferenztechnik.de\/wp-content\/uploads\/2013\/09\/Induktionsschleife_Beyerdynamic_Synexis_il80.jpg 207w, https:\/\/konferenztechnik.de\/wp-content\/uploads\/2013\/09\/Induktionsschleife_Beyerdynamic_Synexis_il80-163x300.jpg 163w\" sizes=\"(max-width: 207px) 100vw, 207px\" \/><\/a><\/p>\n<p>[\/colonna]<br \/>\n[column size=\"3-5\u2033 last=\"1\u2033]<\/p>\n<p>Il loop a induzione \u00e8 progettato per essere utilizzato con il ricevitore tascabile Synexis per persone con problemi di udito. Viene collegato al ricevitore invece che alla cuffia, consentendo di trasmettere il segnale direttamente a un apparecchio acustico standard e garantendo cos\u00ec una trasmissione del suono senza barriere.<\/p>\n<p>[\/colonna]<br \/>\n[\/tab]<br \/>\n[\/tabs]<\/p>\n<p>[spacer size=\"20\u2033]<\/p>\n<p>[tabs style=\"1\u2033]<br \/>\n[tab title=\"Articolo\"]<\/p>\n<h2> Informazioni sul sistema di guida TTS300 non pi\u00f9 in commercio<\/h2>\n<p>[column size=\"2-5\u2033 last=\"0\u2033]<\/p>\n<p><a href=\"https:\/\/konferenztechnik.de\/wp-content\/uploads\/2013\/09\/Funkempfaenger_FE316_ohne_KPF_gross.jpg\"><img loading=\"lazy\" decoding=\"async\" width=\"800\" height=\"404\" src=\"https:\/\/konferenztechnik.de\/wp-content\/uploads\/2013\/09\/Funkempfaenger_FE316_ohne_KPF_gross.jpg\" alt=\"Ricevitore wireless Beyerdynamic FE316\" class=\"alignnone size-full wp-image-1896\" title=\"\" srcset=\"https:\/\/konferenztechnik.de\/wp-content\/uploads\/2013\/09\/Funkempfaenger_FE316_ohne_KPF_gross.jpg 800w, https:\/\/konferenztechnik.de\/wp-content\/uploads\/2013\/09\/Funkempfaenger_FE316_ohne_KPF_gross-300x152.jpg 300w, https:\/\/konferenztechnik.de\/wp-content\/uploads\/2013\/09\/Funkempfaenger_FE316_ohne_KPF_gross-768x388.jpg 768w\" sizes=\"(max-width: 800px) 100vw, 800px\" \/><\/a><\/p>\n<p>[\/colonna]<br \/>\n[column size=\"3-5\u2033 last=\"1\u2033]<\/p>\n<h2> Informazioni sul sistema di guida TTS300 non pi\u00f9 in commercio<\/h2>\n<p>Il nuovo sistema Synexis presentato sopra sostituisce il collaudato sistema di guida Beyerdynamic TTS 300, che non \u00e8 pi\u00f9 disponibile presso Beyerdynamic. Tuttavia, PCS continua a offrire un servizio completo per il sistema. Questo include interventi di manutenzione e riparazione o l'ordinazione di parti di ricambio e dispositivi sostitutivi (fino a esaurimento scorte).<\/p>\n<p>[\/colonna]<br \/>\n[\/tab]<br \/>\n[tab title=\"Dettagli tecnici\"]<\/p>\n<h2> Informazioni sul sistema di guida TTS300 non pi\u00f9 in commercio<\/h2>\n<p>Il sistema TTS 300 comprende i seguenti componenti:<\/p>\n<ul>\n<li>Ricevitore FE316<\/li>\n<li>Microfono trasmettitore SEM316<\/li>\n<li>Trasmettitore tascabile TS316<\/li>\n<li>Trasmettitore stazionario CT316<\/li>\n<li>Caricabatterie LG30<\/li>\n<\/ul>\n<p>Contattare il nostro servizio di assistenza per domande sulla manutenzione e sulle riparazioni o per ordinare parti di ricambio e dispositivi di ricambio (fino a esaurimento scorte) per questo sistema TTS-300.<\/p>\n<p>[\/tab]<br \/>\n[\/tabs]<\/p>\n<p>[spacer size=\"20\u2033]<\/p>","protected":false},"excerpt":{"rendered":"<p>F\u00fchrungsanlagen und Tourguide Systeme der Firma Beyerdynamic In heutiger Zeit wird effektives Kommunizieren immer wichtiger. Eine zuverl\u00e4ssige Technik bildet dabei die Basis f\u00fcr alle Audioanwendungen in Politik, Industrie und \u00f6ffentlichen Einrichtungen. Mit dem drahtlosen Dolmetscher- und F\u00fchrungssystem Synexis von Beyerdynamic steht Ihnen selbst f\u00fcr h\u00f6chste Anspr\u00fcche eine vielseitig einsetzbare und kosteng\u00fcnstige L\u00f6sung zur Verf\u00fcgung. Bis [&hellip;]<\/p>","protected":false},"author":1,"featured_media":45482,"parent":3614,"menu_order":154,"comment_status":"closed","ping_status":"open","template":"page-right-sidebar.php","meta":{"_acf_changed":false,"footnotes":""},"class_list":["post-1862","page","type-page","status-publish","has-post-thumbnail","hentry"],"acf":[],"_links":{"self":[{"href":"https:\/\/konferenztechnik.de\/it\/wp-json\/wp\/v2\/pages\/1862","targetHints":{"allow":["GET"]}}],"collection":[{"href":"https:\/\/konferenztechnik.de\/it\/wp-json\/wp\/v2\/pages"}],"about":[{"href":"https:\/\/konferenztechnik.de\/it\/wp-json\/wp\/v2\/types\/page"}],"author":[{"embeddable":true,"href":"https:\/\/konferenztechnik.de\/it\/wp-json\/wp\/v2\/users\/1"}],"replies":[{"embeddable":true,"href":"https:\/\/konferenztechnik.de\/it\/wp-json\/wp\/v2\/comments?post=1862"}],"version-history":[{"count":0,"href":"https:\/\/konferenztechnik.de\/it\/wp-json\/wp\/v2\/pages\/1862\/revisions"}],"up":[{"embeddable":true,"href":"https:\/\/konferenztechnik.de\/it\/wp-json\/wp\/v2\/pages\/3614"}],"wp:featuredmedia":[{"embeddable":true,"href":"https:\/\/konferenztechnik.de\/it\/wp-json\/wp\/v2\/media\/45482"}],"wp:attachment":[{"href":"https:\/\/konferenztechnik.de\/it\/wp-json\/wp\/v2\/media?parent=1862"}],"curies":[{"name":"wp","href":"https:\/\/api.w.org\/{rel}","templated":true}]}}