{"id":1899,"date":"2013-09-06T11:43:05","date_gmt":"2013-09-06T09:43:05","guid":{"rendered":"https:\/\/konferenztechnik.de\/?page_id=1899"},"modified":"2013-09-06T11:43:05","modified_gmt":"2013-09-06T09:43:05","slug":"sistemi-di-guida-sennheiser","status":"publish","type":"page","link":"https:\/\/konferenztechnik.de\/it\/distribuzione-di-tecnologia-per-conferenze-e-media-av\/sistemi-di-guida-sennheiser\/","title":{"rendered":"Sistemi di guida Sennheiser"},"content":{"rendered":"<h1>Sistemi di guida e sistemi di guida turistica di Sennheiser<\/h1>\n<p>Un sistema TourGuide di Sennheiser \u00e8 il mezzo ideale per le visite in fabbrica e in citt\u00e0, non appena il gruppo da guidare supera un certo numero di persone e il rumore \u2013 ambientale, come ad esempio negli impianti di produzione, \u00e8 talmente elevato che non \u00e8 pi\u00f9 possibile comunicare senza questo ausilio.<\/p>\n<p>Ecco in dettaglio le caratteristiche di questo sistema TourGuide:<\/p>\n<ul>\n<li>6 canali nella gamma di frequenze europee senza licenza: 863-865 MHz<\/li>\n<li>Tecnologia di trasmissione radio digitale<\/li>\n<li>Manipolazione e utilizzo molto semplici<\/li>\n<li>Robusta custodia per trasmettitore portatile collaudata in fase di produzione<\/li>\n<li>Ideale in ambienti rumorosi<\/li>\n<li>Display retroilluminato con indicatore<\/li>\n<li>Impostazione semplice del canale<\/li>\n<li>Visualizzazione dello stato della batteria<\/li>\n<\/ul>\n<p>[spacer size=\"20\u2033]<br \/>\n[tabs style=\"1\u2033]<br \/>\n[tab title=\"Articolo\"]<\/p>\n<h2>Ricevitore per mentoniera HDE 2020-D<\/h2>\n<p>[column size=\"2-5\u2033 last=\"0\u2033]<\/p>\n<p><a href=\"https:\/\/konferenztechnik.de\/wp-content\/uploads\/2013\/09\/TourGuide_Empfaenger_HDE2020-D_gross.jpg\"><img fetchpriority=\"high\" decoding=\"async\" width=\"410\" height=\"497\" src=\"https:\/\/konferenztechnik.de\/wp-content\/uploads\/2013\/09\/TourGuide_Empfaenger_HDE2020-D_gross.jpg\" alt=\"Ricevitore Sennheiser TourGuide HDE2020-D\" class=\"alignnone size-full wp-image-1905\" title=\"\" srcset=\"https:\/\/konferenztechnik.de\/wp-content\/uploads\/2013\/09\/TourGuide_Empfaenger_HDE2020-D_gross.jpg 410w, https:\/\/konferenztechnik.de\/wp-content\/uploads\/2013\/09\/TourGuide_Empfaenger_HDE2020-D_gross-247x300.jpg 247w\" sizes=\"(max-width: 410px) 100vw, 410px\" \/><\/a><\/p>\n<p>[\/colonna]<br \/>\n[column size=\"3-5\u2033 last=\"1\u2033]<br \/>\nL'HDE 2020-D \u00e8 una cuffia comoda da indossare del sistema TourGuide 2020-D di Sennheiser. Si tratta di un ricevitore e di una cuffia in un unico apparecchio \u2013 senza fastidiosi cavi. La batteria ricaricabile delle cuffie garantisce fino a 8 ore di funzionamento per i tipici tour in fabbrica e in citt\u00e0. Un display LCD integrato fornisce informazioni sul volume, sulla qualit\u00e0 della ricezione, sullo stato della batteria e sul canale di ricezione selezionato.<br \/>\n[\/colonna]<br \/>\n[\/tab]<br \/>\n[\/tabs]<\/p>\n<p>[spacer size=\"20\u2033]<br \/>\n[tabs style=\"1\u2033]<br \/>\n[tab title=\"Articolo\"]<\/p>\n<h2>Ricevitore tascabile EK 2020-D<\/h2>\n<p>[column size=\"2-5\u2033 last=\"0\u2033]<\/p>\n<p><a href=\"https:\/\/konferenztechnik.de\/wp-content\/uploads\/2013\/09\/sennheiser-tourguide-EK_2020-D_gross.jpg\"><img decoding=\"async\" width=\"275\" height=\"413\" src=\"https:\/\/konferenztechnik.de\/wp-content\/uploads\/2013\/09\/sennheiser-tourguide-EK_2020-D_gross.jpg\" alt=\"Sennheiser Tourguide EK2020-D\" class=\"alignnone size-full wp-image-1907\" title=\"\" srcset=\"https:\/\/konferenztechnik.de\/wp-content\/uploads\/2013\/09\/sennheiser-tourguide-EK_2020-D_gross.jpg 275w, https:\/\/konferenztechnik.de\/wp-content\/uploads\/2013\/09\/sennheiser-tourguide-EK_2020-D_gross-200x300.jpg 200w\" sizes=\"(max-width: 275px) 100vw, 275px\" \/><\/a><br \/>\n[\/colonna]<br \/>\n[column size=\"3-5\u2033 last=\"1\u2033]<br \/>\nL'EK 2020-D \u00e8 un ricevitore tascabile che pu\u00f2 essere utilizzato con cuffie individuali o con un circuito a induzione. \u00c8 ideale per l'uso con l'assistenza uditiva, la guida personale o nelle conferenze. Il ricevitore pu\u00f2 essere utilizzato in combinazione con gli apparecchi acustici con bobina a T.<br \/>\n[\/colonna]<br \/>\n[\/tab]<br \/>\n[tab title=\"Dettagli tecnici\"]<\/p>\n<h2>Ricevitore tascabile EK 2020-D<\/h2>\n<p>Il raggio di ricezione dell'EK 2020-D \u00e8 di circa 50 metri all'aperto e di circa 100 metri in ambienti chiusi. Il volume, la qualit\u00e0 della ricezione, lo stato della batteria e il canale di ricezione possono essere letti su un display LCD. Pu\u00f2 essere utilizzato senza problemi anche in modalit\u00e0 mista con i ricevitori a mentoniera HDE 2020-D.<\/p>\n<ul>\n<li>Scelta libera di cuffie o uso del circuito a induzione<\/li>\n<li>16 ore di durata della batteria<\/li>\n<li>Trasmissione digitale del segnale HF<\/li>\n<li>Display LCD retroilluminato<\/li>\n<li>Possibilit\u00e0 di funzionamento misto con il ricevitore per mentoniera HDE 2020-D<\/li>\n<\/ul>\n<p>[\/tab]<br \/>\n[\/tabs]<br \/>\n[spacer size=\"20\u2033]<br \/>\n[tabs style=\"1\u2033]<br \/>\n[tab title=\"Articolo\"]<\/p>\n<h2>Trasmettitore portatile SKM 2020-D<\/h2>\n<p>[column size=\"2-5\u2033 last=\"0\u2033]<\/p>\n<p><a href=\"https:\/\/konferenztechnik.de\/wp-content\/uploads\/2013\/09\/TourGuide_Handsender_SKM2020-D_gross.jpg\"><img decoding=\"async\" width=\"527\" height=\"198\" src=\"https:\/\/konferenztechnik.de\/wp-content\/uploads\/2013\/09\/TourGuide_Handsender_SKM2020-D_gross.jpg\" alt=\"Trasmettitore portatile TourGuide SKM2020-D\" class=\"alignnone size-full wp-image-1909\" title=\"\" srcset=\"https:\/\/konferenztechnik.de\/wp-content\/uploads\/2013\/09\/TourGuide_Handsender_SKM2020-D_gross.jpg 527w, https:\/\/konferenztechnik.de\/wp-content\/uploads\/2013\/09\/TourGuide_Handsender_SKM2020-D_gross-300x113.jpg 300w\" sizes=\"(max-width: 527px) 100vw, 527px\" \/><\/a><br \/>\n[\/colonna]<br \/>\n[column size=\"3-5\u2033 last=\"1\u2033]<\/p>\n<p>Il trasmettitore portatile SKM 2020-D per il sistema TourGuide offre una portata fino a 100 metri all'aperto e circa 50 metri in ambienti chiusi.<\/p>\n<p>Il trasmettitore \u00e8 facile e comodo da usare. Il display retroilluminato mostra il canale di trasmissione e lo stato della batteria. La batteria ricaricabile consente di effettuare tour della durata massima di 8 ore. Al termine di ogni tour, pu\u00f2 essere ricaricata rapidamente nella custodia di ricarica EZL 2020-20L. <\/p>\n<p>[\/colonna]<br \/>\n[\/tab]<br \/>\n[\/tabs]<br \/>\n[spacer size=\"20\u2033]<br \/>\n[tabs style=\"1\u2033]<br \/>\n[tab title=\"Articolo\"]<\/p>\n<h2>Trasmettitore tascabile SK 2020-D<\/h2>\n<p>[column size=\"2-5\u2033 last=\"0\u2033]<\/p>\n<p><a href=\"https:\/\/konferenztechnik.de\/wp-content\/uploads\/2013\/09\/TourGuide_Taschensender_SK2020-D_gross.jpg\"><img loading=\"lazy\" decoding=\"async\" width=\"280\" height=\"420\" src=\"https:\/\/konferenztechnik.de\/wp-content\/uploads\/2013\/09\/TourGuide_Taschensender_SK2020-D_gross.jpg\" alt=\"Trasmettitore bodypack Sennheiser TourGuide SK2020-D\" class=\"alignnone size-full wp-image-1911\" title=\"\" srcset=\"https:\/\/konferenztechnik.de\/wp-content\/uploads\/2013\/09\/TourGuide_Taschensender_SK2020-D_gross.jpg 280w, https:\/\/konferenztechnik.de\/wp-content\/uploads\/2013\/09\/TourGuide_Taschensender_SK2020-D_gross-200x300.jpg 200w\" sizes=\"(max-width: 280px) 100vw, 280px\" \/><\/a><br \/>\n[\/colonna]<br \/>\n[column size=\"3-5\u2033 last=\"1\u2033]<\/p>\n<p>Il trasmettitore bodypack TourGuide SK 2020-D, in combinazione con un microfono per cuffie o un microfono a clip, vi offre la massima libert\u00e0 di movimento durante la visita. Potete spiegare un oggetto o fare una dimostrazione con entrambe le mani a vostro piacimento.<\/p>\n<p>\u00c8 inoltre possibile utilizzare l'ingresso di linea del trasmettitore per registrare fonti audio esterne mentre si continua a parlare o si disattiva il microfono. Il funzionamento del trasmettitore \u00e8 molto intuitivo e il display retroilluminato vi informa sull'impostazione del canale, sullo stato della batteria e sul volume dell'ingresso del microfono e dell'ingresso di linea. Grazie al suo alloggiamento in metallo, il trasmettitore \u00e8 anche molto robusto.<\/p>\n<p>[\/colonna]<br \/>\n[\/tab]<br \/>\n[\/tabs]<br \/>\n[spacer size=\"20\u2033]<\/p>\n<p>[tabs style=\"1\u2033]<br \/>\n[tab title=\"Articolo\"]<\/p>\n<h2> Microfono per cuffie HS 2<\/h2>\n<p>[column size=\"2-5\u2033 last=\"0\u2033]<\/p>\n<p><a href=\"https:\/\/konferenztechnik.de\/wp-content\/uploads\/2013\/09\/Kopfbuegelmikrofon_HS2_gross.jpg\"><img loading=\"lazy\" decoding=\"async\" width=\"544\" height=\"413\" src=\"https:\/\/konferenztechnik.de\/wp-content\/uploads\/2013\/09\/Kopfbuegelmikrofon_HS2_gross.jpg\" alt=\"Microfono per cuffie Sennheiser HS2\" class=\"alignnone size-full wp-image-1913\" title=\"\" srcset=\"https:\/\/konferenztechnik.de\/wp-content\/uploads\/2013\/09\/Kopfbuegelmikrofon_HS2_gross.jpg 544w, https:\/\/konferenztechnik.de\/wp-content\/uploads\/2013\/09\/Kopfbuegelmikrofon_HS2_gross-300x228.jpg 300w\" sizes=\"(max-width: 544px) 100vw, 544px\" \/><\/a><br \/>\n[\/colonna]<br \/>\n[column size=\"3-5\u2033 last=\"1\u2033]<\/p>\n<p>L'HS 2 \u00e8 un microfono per cuffie con cavo di ricarica in acciaio e spina speciale. Il microfono a condensatore omnidirezionale soddisfa i requisiti pi\u00f9 elevati in termini di qualit\u00e0 del suono e robustezza. \u00c8 adatto alla trasmissione della voce e del parlato in tutti i settori della tecnologia di trasmissione ed \u00e8 il complemento ideale del gi\u00e0 citato trasmettitore bodypack SK 2020-D.<\/p>\n<p>[\/colonna]<br \/>\n[\/tab]<br \/>\n[\/tabs]<br \/>\n[spacer size=\"20\u2033]<br \/>\n[tabs style=\"1\u2033]<br \/>\n[tab title=\"Articolo\"]<\/p>\n<h2>Valigia di trasporto e ricarica EZL 2020-D<\/h2>\n<p>[column size=\"2-5\u2033 last=\"0\u2033]<\/p>\n<p><a href=\"https:\/\/konferenztechnik.de\/wp-content\/uploads\/2013\/09\/TourGuide_Ladekoffer_EZL2020-20L_gross.jpg\"><img loading=\"lazy\" decoding=\"async\" width=\"410\" height=\"454\" src=\"https:\/\/konferenztechnik.de\/wp-content\/uploads\/2013\/09\/TourGuide_Ladekoffer_EZL2020-20L_gross.jpg\" alt=\"Custodia di ricarica Sennheiser TourGuide_EZL2020-20L\" class=\"alignnone size-full wp-image-1915\" title=\"\" srcset=\"https:\/\/konferenztechnik.de\/wp-content\/uploads\/2013\/09\/TourGuide_Ladekoffer_EZL2020-20L_gross.jpg 410w, https:\/\/konferenztechnik.de\/wp-content\/uploads\/2013\/09\/TourGuide_Ladekoffer_EZL2020-20L_gross-271x300.jpg 271w\" sizes=\"(max-width: 410px) 100vw, 410px\" \/><\/a><br \/>\n[\/colonna]<br \/>\n[column size=\"3-5\u2033 last=\"1\u2033]<\/p>\n<p>La pratica valigetta di ricarica EZL 2020-20L serve sia per riporre tutta l'attrezzatura sia come stazione di ricarica per il ricevitore e il trasmettitore. Ci sono 20 slot di ricarica per le cornette a mentoniera e due slot di ricarica per il trasmettitore e la sua batteria. Il pulsante verde \"Copia\" consente di risparmiare molto lavoro: basta impostare un ricevitore sul canale di ricezione desiderato, premere il pulsante e tutti i ricevitori utilizzati vengono automaticamente impostati sulla stessa frequenza e con un volume medio. <\/p>\n<p>[\/colonna]<br \/>\n[\/tab]<br \/>\n[\/tabs]<br \/>\n[spacer size=\"20\u2033]<\/p>","protected":false},"excerpt":{"rendered":"<p>F\u00fchrungsanlagen und Tourguide Systeme der Firma Sennheiser Eine Sennheiser-TourGuide-Anlage ist das ideale Medium f\u00fcr Werksf\u00fchrungen und Stadtbesichtigungen, sobald die zu f\u00fchrende Gruppe eine bestimmte Personenzahl \u00fcberschritten hat und sobald die Umgebungsger\u00e4usche &#8211; wie in Produktionsst\u00e4tten &#8211; so hoch sind, dass man sich ohne ein solches Hilfmittel nicht mehr verst\u00e4ndigen kann. Hier die Merkmale dieser TourGuide-Anlage [&hellip;]<\/p>","protected":false},"author":1,"featured_media":45482,"parent":3614,"menu_order":153,"comment_status":"closed","ping_status":"open","template":"page-right-sidebar.php","meta":{"_acf_changed":false,"footnotes":""},"class_list":["post-1899","page","type-page","status-publish","has-post-thumbnail","hentry"],"acf":[],"_links":{"self":[{"href":"https:\/\/konferenztechnik.de\/it\/wp-json\/wp\/v2\/pages\/1899","targetHints":{"allow":["GET"]}}],"collection":[{"href":"https:\/\/konferenztechnik.de\/it\/wp-json\/wp\/v2\/pages"}],"about":[{"href":"https:\/\/konferenztechnik.de\/it\/wp-json\/wp\/v2\/types\/page"}],"author":[{"embeddable":true,"href":"https:\/\/konferenztechnik.de\/it\/wp-json\/wp\/v2\/users\/1"}],"replies":[{"embeddable":true,"href":"https:\/\/konferenztechnik.de\/it\/wp-json\/wp\/v2\/comments?post=1899"}],"version-history":[{"count":0,"href":"https:\/\/konferenztechnik.de\/it\/wp-json\/wp\/v2\/pages\/1899\/revisions"}],"up":[{"embeddable":true,"href":"https:\/\/konferenztechnik.de\/it\/wp-json\/wp\/v2\/pages\/3614"}],"wp:featuredmedia":[{"embeddable":true,"href":"https:\/\/konferenztechnik.de\/it\/wp-json\/wp\/v2\/media\/45482"}],"wp:attachment":[{"href":"https:\/\/konferenztechnik.de\/it\/wp-json\/wp\/v2\/media?parent=1899"}],"curies":[{"name":"wp","href":"https:\/\/api.w.org\/{rel}","templated":true}]}}