{"id":20395,"date":"2023-02-21T17:09:53","date_gmt":"2023-02-21T16:09:53","guid":{"rendered":"https:\/\/www.konferenztechnik.de\/?page_id=20395"},"modified":"2023-09-01T11:30:45","modified_gmt":"2023-09-01T09:30:45","slug":"conferenze-con-i-team-ms","status":"publish","type":"page","link":"https:\/\/konferenztechnik.de\/it\/conferenze-con-i-team-ms\/","title":{"rendered":"Conferenze con MS Teams"},"content":{"rendered":"<div data-elementor-type=\"wp-page\" data-elementor-id=\"20395\" class=\"elementor elementor-20395\" data-elementor-post-type=\"page\">\n\t\t\t\t\t\t<section data-particle_enable=\"false\" data-particle-mobile-disabled=\"false\" class=\"elementor-section elementor-top-section elementor-element elementor-element-61c1ffcb elementor-section-boxed elementor-section-height-default elementor-section-height-default\" data-id=\"61c1ffcb\" data-element_type=\"section\">\n\t\t\t\t\t\t<div class=\"elementor-container elementor-column-gap-default\">\n\t\t\t\t\t<div class=\"elementor-column elementor-col-100 elementor-top-column elementor-element elementor-element-6d181681\" data-id=\"6d181681\" data-element_type=\"column\">\n\t\t\t<div class=\"elementor-widget-wrap elementor-element-populated\">\n\t\t\t\t\t\t<div class=\"elementor-element elementor-element-6da05206 elementor-widget elementor-widget-text-editor\" data-id=\"6da05206\" data-element_type=\"widget\" data-widget_type=\"text-editor.default\">\n\t\t\t\t<div class=\"elementor-widget-container\">\n\t\t\t\t\t\t\t\t\t<h1>Conferenze professionali con Microsoft Teams<\/h1>\n<img fetchpriority=\"high\" decoding=\"async\" src=\"https:\/\/konferenztechnik.de\/wp-content\/uploads\/2023\/02\/konferenzen-mit-msteams.jpg\" alt=\"\" width=\"1300\" height=\"490\" class=\"aligncenter size-full wp-image-20396\" title=\"\" srcset=\"https:\/\/konferenztechnik.de\/wp-content\/uploads\/2023\/02\/konferenzen-mit-msteams.jpg 1300w, https:\/\/konferenztechnik.de\/wp-content\/uploads\/2023\/02\/konferenzen-mit-msteams-300x113.jpg 300w, https:\/\/konferenztechnik.de\/wp-content\/uploads\/2023\/02\/konferenzen-mit-msteams-1024x386.jpg 1024w, https:\/\/konferenztechnik.de\/wp-content\/uploads\/2023\/02\/konferenzen-mit-msteams-768x289.jpg 768w\" sizes=\"(max-width: 1300px) 100vw, 1300px\" \/>\n\n[spacer size=\"20\u2033]\n<div class=\"newcolumn\">\n<h2><b>MS Teams ora \u00e8 anche multilingue e con la funzione di \"interpretazione simultanea\".<\/b><\/h2>\nPer molto tempo, Microsoft Teams (MS Teams) \u00e8 passato in secondo piano rispetto a Zoom per quanto riguarda i formati digitali e ibridi. Tuttavia, i nostri tecnici ci segnalavano regolarmente come MS Teams stesse recuperando terreno: l'interfaccia utente veniva costantemente migliorata e il motore audio in particolare migliorava sempre di pi\u00f9. In termini di qualit\u00e0 della voce, Zoom e MS Teams sono attualmente alla pari.\nAll'inizio dell'anno, Microsoft ha annunciato che avrebbe integrato l'interpretariato professionale in Teams e ha mantenuto la parola. Microsoft offre la possibilit\u00e0 di integrare interpreti professionisti. Ora \u00e8 possibile aggiungere e selezionare persone come interpreti in Teams. La funzione \u00e8 chiamata da Microsoft \"interpretazione linguistica\".\n[spacer size=\"5\u2033]\n[list icon=\"moon-arrow-right-2\u2033 color=\"#a62055\u2033]<a title=\"Utilizzo dell&#039;interpretazione linguistica in una riunione di gruppo\" href=\"https:\/\/support.microsoft.com\/de-de\/office\/verwenden-der-sprachinterpretation-in-einer-teams-besprechung-b9fdde0f-1896-48ba-8540-efc99f5f4b2e\" target=\"_blank\" rel=\"noopener\">Utilizzo dell'interpretazione linguistica in una riunione di gruppo<\/a>[\/list]\n\n[spacer size=\"30\u2033]\n<h2><b>PCS \u2013 konferenztechnik.de offre un supporto professionale per le conferenze con Microsoft Teams<\/b><\/h2>\nI nostri professionisti per i formati digitali stanno attualmente seguendo un'ulteriore formazione per diventare amministratori certificati di Teams. L'organizzazione di eventi professionali con MS Teams presenta pi\u00f9 insidie e ostacoli. Le grandi aziende, in particolare, hanno integrato Teams a livello centrale nei loro sistemi IT aziendali e hanno definito le proprie misure di sicurezza, autorizzazioni e restrizioni. I partecipanti esterni all'azienda e al dominio gestito si vedono improvvisamente dire che non possono accedere...\n<h2><b>MS Teams, protezione e sicurezza dei dati<\/b><\/h2>\nSe si chiede a Microsoft della sicurezza dei dati, la risposta \u00e8 questa: \"Le mie conversazioni e i miei dati sono sicuri?\". \"S\u00ec, perch\u00e9 Microsoft Teams \u00e8 parte integrante di Office 365, quindi offre le stesse funzionalit\u00e0 di protezione dei dati e di conformit\u00e0 che gli utenti conoscono gi\u00e0 da Office 365. I dati vengono crittografati durante la trasmissione e l'archiviazione. I file sono archiviati in SharePoint e protetti dalla crittografia di SharePoint. Le note sono archiviate in OneNote e protette dalla crittografia di OneNote\". Tuttavia, gli esperti di protezione dei dati tedeschi ed europei sono indignati per la gestione dei dati degli utenti da parte di Microsoft. Allo stesso tempo, nei casi in cui i nostri clienti utilizzano MS Teams, la questione della sicurezza dei dati viene solitamente chiarita e accettata dal reparto IT dell'azienda. Tuttavia, per molti dei nostri clienti, l'uso di servizi come Google e Microsoft non \u00e8 consentito. In questo caso, consigliamo la nostra soluzione con Zoom sui nostri server o anche soluzioni completamente indipendenti come quelle di Televic.\n<h2><b>MS Teams sui vostri server \/ on-premise<\/b><\/h2>\n\u00c8 possibile utilizzare Microsoft Teams anche sui miei server? No, Microsoft Teams \u00e8 stato progettato per la collaborazione con SharePoint Online e Azure Active Directory. Sebbene sia possibile utilizzare alcune funzioni in un ambiente ibrido, l'intera gamma di funzioni di Microsoft Teams non \u00e8 disponibile in un'installazione locale. Non ci sono installazioni di server per Microsoft Teams, come forse conoscete da Skype for Business. Microsoft Teams \u00e8 una soluzione puramente cloud.\n<h2><b>Novit\u00e0 di Microsoft Teams dal 1 marzoTP2T MS Teams 2.0<\/b><\/h2>\nMicrosoft parla di un notevole miglioramento, soprattutto in termini di prestazioni. La qualit\u00e0 della voce e il motore vocale che ne \u00e8 alla base ci hanno gi\u00e0 impressionato. Speriamo in miglioramenti soprattutto per quanto riguarda le immagini video. Tuttavia, \u00e8 stato anche annunciato che l'uso di \"account multipli\" sar\u00e0 semplificato. Chiunque utilizzi Teams in diverse organizzazioni sa quanto sia macchinoso e soggetto a errori. Gli annunci fatti dagli ingegneri di Teams a The Verge sembrano un grande passo avanti. Tra le righe, per\u00f2, si legge anche molto di Microsoft 11, del browser Edge e dei computer PC. Siamo molto curiosi di vedere come funzioner\u00e0 il nuovo Teams sui dispositivi Apple o sui sistemi Linux. Vi terremo aggiornati qui.\n\n[spacer size=\"30\u2033]\n[list icon=\"moon-arrow-right-2\u2033 color=\"#a62055\u2033]<a href=\"https:\/\/www.theverge.com\/2023\/2\/20\/23607037\/microsoft-teams-performance-improvements-less-cpu-memory\" rel=\"noopener\" target=\"_blank\">The Verge \u2013 Microsoft Teams ricever\u00e0 grandi miglioramenti delle prestazioni il mese prossimo<\/a>[\/list]\n[spacer size=\"5\u2033]\n[list icon=\"moon-arrow-right-2\u2033 color=\"#a62055\u2033]<a href=\"https:\/\/www.drwindows.de\/news\/microsoft-teams-2-0-neue-version-mit-massiv-besserer-performance-startet-im-maerz\" rel=\"noopener\" target=\"_blank\">Dr Windows \u2013 Microsoft Teams 2.0<\/a>[\/list]\n[spacer size=\"30\u2033]\n<h2><b>Volete gestire formati digitali e ibridi professionali dal vivo con MS Teams? Noi possiamo aiutarvi: <\/b><\/h2>\n<\/div>\n[spacer size=\"30\u2033]\n<div class=\"box1-4 medium-size-txt\" style=\"margin-bottom: 0!important\">\n<h2><b><span class=\"pcs-color medium-size-txt\">Il vostro team di assistenza<\/span><\/b><\/h2>\n[spacer size=\"5\u2033]\n[column size=\"1-2\u2033 last=\"0\u2033]\n\nIl nostro reparto specializzato sar\u00e0 lieto di aiutarvi a rispondere alle vostre domande, consigliarvi sui prodotti, fornirvi un preventivo personalizzato o una pianificazione individuale del progetto.\n\n<img decoding=\"async\" src=\"https:\/\/konferenztechnik.de\/wp-content\/uploads\/2021\/08\/Monika-van-den-Boogaard-PCS-GmbH-konferenztechnik-small.jpg\" alt=\"Monika van den Boogaard - PCS GmbH - Consulenza di progetto\" width=\"150\" height=\"150\" class=\"alignleft size-full wp-image-18125\" title=\"\">\n<img decoding=\"async\" src=\"https:\/\/konferenztechnik.de\/wp-content\/uploads\/2021\/08\/Sebastian-Meyer-PCS-GmbH-konferenztechnik-small.jpg\" alt=\"Sebastian Meyer - PCS GmbH - Consulente di progetto\" width=\"150\" height=\"150\" class=\"alignleft size-full wp-image-18120\" title=\"\">\n<img loading=\"lazy\" decoding=\"async\" src=\"https:\/\/konferenztechnik.de\/wp-content\/uploads\/2021\/06\/sebastian-gegusch-pcs-gmbh.jpg\" alt=\"Sebastian Gegusch - PCS GmbH - Pianificazione del progetto\" width=\"150\" height=\"150\" class=\"alignleft size-full wp-image-17774\" title=\"\">\n[spacer size=\"5\u2033]\n<span class=\"medium-size-txt\">\nChiamateci!\n<a href=\"tel:08007274624\"><b>0800 727 46 24<\/b><\/a><\/span>\n\nInviateci un'e-mail a:\n<span class=\"volleansicht\"><a href=\"mailto:info@konferenztechnik.de\" onclick=\"ga('send', 'event', 'Email-Klick', 'Kontakt Vermietung');\">info@konferenztechnik.de<\/a>\n<\/span>\n<span class=\"mobileansicht\"><a href=\"mailto:info@konferenztechnik.de\" onclick=\"ga('send', 'event', 'Email-Klick', 'Kontakt Vermietung');\">scrivere<\/a>\n<\/span>\n\nChattate con noi o utilizzate il nostro servizio di richiamata\n\n[\/colonna]\n[column size=\"1-2\u2033 last=\"1\u2033]\n<h2>Organizzare un callback<\/h2>\n[contact-form-7 id=\"17963\u2033 title=\"Organizza un callback\"]]\n[\/colonna]\n\n<\/div>\t\t\t\t\t\t\t\t<\/div>\n\t\t\t\t<\/div>\n\t\t\t\t\t<\/div>\n\t\t<\/div>\n\t\t\t\t\t<\/div>\n\t\t<\/section>\n\t\t\t\t<\/div>","protected":false},"excerpt":{"rendered":"<p>Professionelle Konferenzen mit Microsoft Teams [spacer size=&#8220;20&#8243;] MS Teams jetzt auch mehrsprachig und mit der Funktion &#8222;Simultandolmetschen&#8220; Microsoft Teams (MS Teams) spielte bei uns lange die zweite Geige hinter Zoom bei den digitalen und hybriden Formaten. Unsere Techniker*innen berichteten regelm\u00e4\u00dfig, wie MS Teams jedoch aufholte: die Benutzeroberfl\u00e4che wurde stetig verbessert und vor allem die Audio-Engine [&hellip;]<\/p>","protected":false},"author":1,"featured_media":45482,"parent":0,"menu_order":0,"comment_status":"closed","ping_status":"closed","template":"elementor_theme","meta":{"_acf_changed":false,"footnotes":""},"class_list":["post-20395","page","type-page","status-publish","has-post-thumbnail","hentry"],"acf":[],"_links":{"self":[{"href":"https:\/\/konferenztechnik.de\/it\/wp-json\/wp\/v2\/pages\/20395","targetHints":{"allow":["GET"]}}],"collection":[{"href":"https:\/\/konferenztechnik.de\/it\/wp-json\/wp\/v2\/pages"}],"about":[{"href":"https:\/\/konferenztechnik.de\/it\/wp-json\/wp\/v2\/types\/page"}],"author":[{"embeddable":true,"href":"https:\/\/konferenztechnik.de\/it\/wp-json\/wp\/v2\/users\/1"}],"replies":[{"embeddable":true,"href":"https:\/\/konferenztechnik.de\/it\/wp-json\/wp\/v2\/comments?post=20395"}],"version-history":[{"count":0,"href":"https:\/\/konferenztechnik.de\/it\/wp-json\/wp\/v2\/pages\/20395\/revisions"}],"wp:featuredmedia":[{"embeddable":true,"href":"https:\/\/konferenztechnik.de\/it\/wp-json\/wp\/v2\/media\/45482"}],"wp:attachment":[{"href":"https:\/\/konferenztechnik.de\/it\/wp-json\/wp\/v2\/media?parent=20395"}],"curies":[{"name":"wp","href":"https:\/\/api.w.org\/{rel}","templated":true}]}}