{"id":22331,"date":"2023-03-17T09:46:28","date_gmt":"2023-03-17T08:46:28","guid":{"rendered":"http:\/\/dev.konferenztechnik.de\/?page_id=22331"},"modified":"2023-03-17T10:14:36","modified_gmt":"2023-03-17T09:14:36","slug":"riferimenti-2","status":"publish","type":"page","link":"https:\/\/konferenztechnik.de\/it\/riferimenti-2\/","title":{"rendered":"Riferimenti"},"content":{"rendered":"<div data-elementor-type=\"wp-page\" data-elementor-id=\"22331\" class=\"elementor elementor-22331\" data-elementor-post-type=\"page\">\n\t\t\t\t<div data-particle_enable=\"false\" data-particle-mobile-disabled=\"false\" class=\"elementor-element elementor-element-d46b3a1 e-flex e-con-boxed e-con e-parent\" data-id=\"d46b3a1\" data-element_type=\"container\">\n\t\t\t\t\t<div class=\"e-con-inner\">\n\t\t\t\t<div class=\"elementor-element elementor-element-a50cb88 elementor-widget elementor-widget-heading\" data-id=\"a50cb88\" data-element_type=\"widget\" data-widget_type=\"heading.default\">\n\t\t\t\t<div class=\"elementor-widget-container\">\n\t\t\t\t\t<h1 class=\"elementor-heading-title elementor-size-default\">Riferimenti<\/h1>\t\t\t\t<\/div>\n\t\t\t\t<\/div>\n\t\t\t\t\t<\/div>\n\t\t\t\t<\/div>\n\t\t<div data-particle_enable=\"false\" data-particle-mobile-disabled=\"false\" class=\"elementor-element elementor-element-1fae187 e-flex e-con-boxed e-con e-parent\" data-id=\"1fae187\" data-element_type=\"container\">\n\t\t\t\t\t<div class=\"e-con-inner\">\n\t\t<div data-particle_enable=\"false\" data-particle-mobile-disabled=\"false\" class=\"elementor-element elementor-element-19727bd e-flex e-con-boxed e-con e-parent\" data-id=\"19727bd\" data-element_type=\"container\">\n\t\t\t\t\t<div class=\"e-con-inner\">\n\t\t<div data-particle_enable=\"false\" data-particle-mobile-disabled=\"false\" class=\"elementor-element elementor-element-564b091 e-con-full e-flex e-con e-parent\" data-id=\"564b091\" data-element_type=\"container\">\n\t\t\t\t<div class=\"elementor-element elementor-element-54864c0 elementor-widget elementor-widget-heading\" data-id=\"54864c0\" data-element_type=\"widget\" data-widget_type=\"heading.default\">\n\t\t\t\t<div class=\"elementor-widget-container\">\n\t\t\t\t\t<h2 class=\"elementor-heading-title elementor-size-default\">Installazione e vendita<\/h2>\t\t\t\t<\/div>\n\t\t\t\t<\/div>\n\t\t\t\t<div class=\"elementor-element elementor-element-dca91d6 elementor-widget elementor-widget-text-editor\" data-id=\"dca91d6\" data-element_type=\"widget\" data-widget_type=\"text-editor.default\">\n\t\t\t\t<div class=\"elementor-widget-container\">\n\t\t\t\t\t\t\t\t\t<ul>\n<li>1. FC Union Berlin e.V.<\/li>\n<li>Adolf W\u00fcrth GmbH &amp; Co. KG Sede centrale del gruppo K\u00fcnzelsau<\/li>\n<li>Answers GmbH \u2013 Berlino<\/li>\n<li>August Storck KG Berlin<\/li>\n<li>A\u00dcW Allg\u00e4uer \u00dcberlandwerk GmbH Kempten<\/li>\n<li>Ardex GmbH \u2013 Witten<\/li>\n<li>Cattedrale di Berlino Berlino<\/li>\n<li>Universit\u00e0 di Scienze Applicate Beuth di Berlino<\/li>\n<li>Ambasciata degli Stati Uniti d'America a Berlino<\/li>\n<li>Ministero federale del Lavoro e degli Affari sociali Berlino<\/li>\n<li>Consiglio federale di Berlino<\/li>\n<li>CBC Cologne Broadcasting Centre GmbH Colonia<\/li>\n<li>Centro Congressi CCH di Amburgo<\/li>\n<li>CCD Centro Congressi D\u00fcsseldorf Messe D\u00fcsseldorf<\/li>\n<li>DEGES Deutsche Einheit Fernstra\u00dfenplanungs- und -bau GmbH Berlino<\/li>\n<li>Deutsche Apotheker- und \u00c4rztebank Sede centrale D\u00fcsseldorf<\/li>\n<li>Deutsche Bank AG Sede centrale Francoforte sul Meno<\/li>\n<li>Deutschlandradio Berlino<\/li>\n<li>Ecolab Germania Monheim<\/li>\n<li>Accademia Europea di Berlino<\/li>\n<li>Fondazione Fritz Thyssen \u2013 Istituto storico tedesco di Mosca<\/li>\n<li>Fondazione Fritz Thyssen \u2013 Casa della Fondazione Fritz Thyssen \u2013 Colonia<\/li>\n<li>GEA Refrigeration Germany GmbH \u2013 Berlino<\/li>\n<li>Comune di Burbach<\/li>\n<li>Comune di Dossenheim<\/li>\n<li>Fondazione Gerda Henkel D\u00fcsseldorf<\/li>\n<li>GSK Stockmann &amp; Kollegen Studio legale di Berlino<\/li>\n<li>Ostello Colonia \u2013 Colonia<\/li>\n<li>Istituto iberoamericano di Berlino<\/li>\n<li>Istituto Italiano di Cultura di Berlino<\/li>\n<li>Sede della KfW Bank Berlin<\/li>\n<li>Komatsu Mining Germany GmbH D\u00fcsseldorf<\/li>\n<li>Cassa di risparmio distrettuale di Heilbronn<\/li>\n<li>Ufficio statale di Berlino per la salute e gli affari sociali (LAGeSo)<\/li>\n<li>Distretto Oder-Spree<\/li>\n<li>Distretto di Stendal<\/li>\n<li>MAN Truck &amp; Bus Deutschland GmbH Berlino<\/li>\n<li>Museo della Comunicazione di Berlino<\/li>\n<li>Museo Kunstpalast D\u00fcsseldorf<\/li>\n<li>Normfest GmbH Velbert<\/li>\n<li>Municipio Alt Landsberg Brandeburgo<\/li>\n<li>Municipio di Falkensee Falkensee<\/li>\n<li>Rauch M\u00f6belwerke GmbH Freudenberg<\/li>\n<li>Sala Robert Schumann D\u00fcsseldorf<\/li>\n<li>Segreteria della Conferenza permanente dei ministri dell'Istruzione e degli Affari culturali Berlino<\/li>\n<li>Dipartimento del Senato per il lavoro, l'integrazione e le questioni femminili Berlino<\/li>\n<li>Senato Dipartimento Economia, Tecnologia e Ricerca Berlino<\/li>\n<li>Citt\u00e0 di Mettmann<\/li>\n<li>Vodafone Services Group GmbH \u2013 Ratingen<\/li>\n<li>Weiss-Druck GmbH &amp; Co. KG \u2013 Monschau<\/li>\n<li>WILO AG Dortmund<\/li>\n<li>ZDF Mainz<\/li><li style=\"font-size: 17.6px;\">e molti altri...<\/li>\n<\/ul>\t\t\t\t\t\t\t\t<\/div>\n\t\t\t\t<\/div>\n\t\t\t\t<\/div>\n\t\t<div data-particle_enable=\"false\" data-particle-mobile-disabled=\"false\" class=\"elementor-element elementor-element-cf01c11 e-flex e-con-boxed e-con e-parent\" data-id=\"cf01c11\" data-element_type=\"container\">\n\t\t\t\t\t<div class=\"e-con-inner\">\n\t\t\t\t<div class=\"elementor-element elementor-element-2872565 elementor-widget elementor-widget-heading\" data-id=\"2872565\" data-element_type=\"widget\" data-widget_type=\"heading.default\">\n\t\t\t\t<div class=\"elementor-widget-container\">\n\t\t\t\t\t<h2 class=\"elementor-heading-title elementor-size-default\">Conferenze ed eventi<\/h2>\t\t\t\t<\/div>\n\t\t\t\t<\/div>\n\t\t\t\t<div class=\"elementor-element elementor-element-5e1dd2a elementor-widget elementor-widget-text-editor\" data-id=\"5e1dd2a\" data-element_type=\"widget\" data-widget_type=\"text-editor.default\">\n\t\t\t\t<div class=\"elementor-widget-container\">\n\t\t\t\t\t\t\t\t\t<ul>\n<li>ABB LTD.<\/li>\n<li>Abbott GmbH &amp; Co. KG<\/li>\n<li>Gruppo W\u00fcrth<\/li>\n<li>Gruppo BMW<\/li>\n<li>Associazione degli editori e dei librai tedeschi<\/li>\n<li>Bosch Rexroth AG<\/li>\n<li>Ambasciata degli Stati Uniti d'America<\/li>\n<li>Marketing petrolifero BP<\/li>\n<li>BPW \u2013 Bergische Achsen<\/li>\n<li>Brahms AG<\/li>\n<li>B. Braun Melsungen AG<\/li>\n<li>Associazione federale degli interpreti e dei traduttori (BD\u00dc)<\/li>\n<li>Corte costituzionale federale<\/li>\n<li>Daimler AG<\/li>\n<li>Deichmann<\/li>\n<li>DFB \u2013 Associazione calcistica tedesca e.V.<\/li>\n<li>Fondazione Dieter Schwarz, organizzazione senza scopo di lucro<\/li>\n<li>FIFA \u2013 Federazione Internazionale dell'Associazione Calcio<\/li>\n<li>Fondazione Fritz Thyssen<\/li>\n<li>Fujifilm<\/li>\n<li>DMG Mori Seiki AG<\/li>\n<li>Drees &amp; Sommer AG<\/li>\n<li>Ecolab Germania GmbH<\/li>\n<li>Ford Werke AG<\/li>\n<li>Libera Universit\u00e0 di Berlino<\/li>\n<li>EASA \u2013 Agenzia europea per la sicurezza aerea<\/li>\n<li>GETRAG International GmbH<\/li>\n<li>Camera dell'Artigianato di D\u00fcsseldorf<\/li>\n<li>HeidelbergCement AG<\/li>\n<li>Henry Schein Dental Germany GmbH<\/li>\n<li>Universit\u00e0 di Scienze Applicate di Niederrhein<\/li>\n<li>Hochtief AG<\/li>\n<li>ICG \u2013 Innovation Congress GmbH<\/li>\n<li>IHK D\u00fcsseldorf<\/li>\n<li>Kl\u00f6ckner AG<\/li>\n<li>KPMG<\/li>\n<li>Parlamento statale NRW<\/li>\n<li>Lidl Dienstleistung GmbH &amp; Co. KG<\/li>\n<li>LKA D\u00fcsseldorf<\/li>\n<li>LR Health &amp; Beauty Systems GmbH<\/li>\n<li>Lufthansa Cargo AG<\/li>\n<li>Memoriale e Centro della Memoria di Ravensbr\u00fcck<\/li>\n<li>Metro AG<\/li>\n<li>Nachi Europe GmbH<\/li>\n<li>REWE Zentral AG<\/li>\n<li>Rheinzink GmbH &amp; Co KG<\/li>\n<li>Sachtleben Chemie GmbH<\/li>\n<li>Banca Santander<\/li>\n<li>SCC EVENTS GmbH<\/li>\n<li>Sony Europa<\/li>\n<li>Fluido Sterling<\/li>\n<li>Targobank<\/li>\n<li>Telef\u00f3nica Deutschland Holding AG<\/li>\n<li>TEREX<\/li>\n<li>ThyssenKrupp AG<\/li>\n<li>Unilever Deutschland Holding GmbH<\/li>\n<li>Universit\u00e0 di Heidelberg<\/li>\n<li>Vaillant GmbH<\/li>\n<li>Associazione tedesca dei cementifici<\/li>\n<li>VISTEON Germania GmbH<\/li>\n<li>WINGAS GmbH<\/li><li>e molti altri...<\/li>\n<\/ul>\t\t\t\t\t\t\t\t<\/div>\n\t\t\t\t<\/div>\n\t\t\t\t\t<\/div>\n\t\t\t\t<\/div>\n\t\t\t\t\t<\/div>\n\t\t\t\t<\/div>\n\t\t\t\t\t<\/div>\n\t\t\t\t<\/div>\n\t\t<div data-particle_enable=\"false\" data-particle-mobile-disabled=\"false\" class=\"elementor-element elementor-element-25b3bfb e-flex e-con-boxed e-con e-parent\" data-id=\"25b3bfb\" data-element_type=\"container\">\n\t\t\t\t\t<div class=\"e-con-inner\">\n\t\t\t\t\t<\/div>\n\t\t\t\t<\/div>\n\t\t\t\t<\/div>","protected":false},"excerpt":{"rendered":"<p>Riferimenti Installazione e vendita 1. FC Union Berlin e.V. Adolf W\u00fcrth GmbH &amp; Co. KG Sede centrale K\u00fcnzelsau Answers GmbH \u2013 Berlino August Storck KG Berlino A\u00dcW Allg\u00e4uer \u00dcberlandwerk GmbH Kempten Ardex GmbH \u2013 Witten Berliner Dom Berlino Beuth Hochschule f\u00fcr Technik Berlino Ambasciata degli Stati Uniti Berlino Ministero federale del lavoro e degli affari sociali Berlino Bundesrat Berlino [...]<\/p>","protected":false},"author":1,"featured_media":45482,"parent":0,"menu_order":0,"comment_status":"closed","ping_status":"closed","template":"","meta":{"_acf_changed":false,"footnotes":""},"class_list":["post-22331","page","type-page","status-publish","has-post-thumbnail","hentry"],"acf":[],"_links":{"self":[{"href":"https:\/\/konferenztechnik.de\/it\/wp-json\/wp\/v2\/pages\/22331","targetHints":{"allow":["GET"]}}],"collection":[{"href":"https:\/\/konferenztechnik.de\/it\/wp-json\/wp\/v2\/pages"}],"about":[{"href":"https:\/\/konferenztechnik.de\/it\/wp-json\/wp\/v2\/types\/page"}],"author":[{"embeddable":true,"href":"https:\/\/konferenztechnik.de\/it\/wp-json\/wp\/v2\/users\/1"}],"replies":[{"embeddable":true,"href":"https:\/\/konferenztechnik.de\/it\/wp-json\/wp\/v2\/comments?post=22331"}],"version-history":[{"count":0,"href":"https:\/\/konferenztechnik.de\/it\/wp-json\/wp\/v2\/pages\/22331\/revisions"}],"wp:featuredmedia":[{"embeddable":true,"href":"https:\/\/konferenztechnik.de\/it\/wp-json\/wp\/v2\/media\/45482"}],"wp:attachment":[{"href":"https:\/\/konferenztechnik.de\/it\/wp-json\/wp\/v2\/media?parent=22331"}],"curies":[{"name":"wp","href":"https:\/\/api.w.org\/{rel}","templated":true}]}}