{"id":2257,"date":"2013-09-20T13:10:31","date_gmt":"2013-09-20T11:10:31","guid":{"rendered":"https:\/\/konferenztechnik.de\/?page_id=2257"},"modified":"2023-07-05T15:02:27","modified_gmt":"2023-07-05T13:02:27","slug":"microfoni","status":"publish","type":"page","link":"https:\/\/konferenztechnik.de\/it\/distribuzione-di-tecnologia-per-conferenze-e-media-av\/tecnologia-audio-microfoni-rinforzo-del-suono-sala-di-controllo-e-riproduzione\/microfoni\/","title":{"rendered":"Microfoni"},"content":{"rendered":"<h1>Microfoni<\/h1>\n<p>Qui troverete microfoni per tutte le applicazioni di tecnologia congressuale: microfoni con cavo, sistemi wireless, microfoni da leggio, trasmettitori portatili, microfoni a clip e microfoni USB.<\/p>\n<h2>Beyerdynamic Opus 300<\/h2>\n<p><a href=\"https:\/\/konferenztechnik.de\/wp-content\/uploads\/2013\/09\/Beyerdynamic_Opus300_gross.jpg\"><img fetchpriority=\"high\" decoding=\"async\" width=\"777\" height=\"600\" class=\"size-full wp-image-2326\" src=\"https:\/\/konferenztechnik.de\/wp-content\/uploads\/2013\/09\/Beyerdynamic_Opus300_gross.jpg\" alt=\"Beyerdynamic Opus 300\" title=\"\" srcset=\"https:\/\/konferenztechnik.de\/wp-content\/uploads\/2013\/09\/Beyerdynamic_Opus300_gross.jpg 777w, https:\/\/konferenztechnik.de\/wp-content\/uploads\/2013\/09\/Beyerdynamic_Opus300_gross-300x232.jpg 300w, https:\/\/konferenztechnik.de\/wp-content\/uploads\/2013\/09\/Beyerdynamic_Opus300_gross-768x593.jpg 768w\" sizes=\"(max-width: 777px) 100vw, 777px\" \/><\/a><\/p>\n<p>Il sistema Opus 300 offre un'introduzione economica e semplice alla tecnologia wireless. \u00c8 caratterizzato da un funzionamento semplice. Il ricevitore cerca la prossima frequenza libera premendo un pulsante. Nella seconda fase, la frequenza viene trasmessa al trasmettitore. Per garantire una buona qualit\u00e0 audio senza interferenze durante la trasmissione radio, il sistema utilizza il metodo true diversity.<\/p>\n<p>Sono disponibili diverse varianti di microfono: Trasmettitore portatile, trasmettitore bodypack con microfono a clip o ad archetto.<br \/>\nIl sistema \u00e8 disponibile nelle versioni per uno, due o quattro microfoni (Opus 900).<\/p>\n<h2>Collo d'oca Sennheiser MZH 3015<\/h2>\n<p><a href=\"https:\/\/konferenztechnik.de\/wp-content\/uploads\/2013\/09\/Sennheiser_Schwanenhalsmikro_gross.jpg\"><img decoding=\"async\" width=\"428\" height=\"490\" class=\"alignleft size-full wp-image-2328\" src=\"https:\/\/konferenztechnik.de\/wp-content\/uploads\/2013\/09\/Sennheiser_Schwanenhalsmikro_gross.jpg\" alt=\"Collo d&#039;oca Sennheiser MZH 3015\" title=\"\" srcset=\"https:\/\/konferenztechnik.de\/wp-content\/uploads\/2013\/09\/Sennheiser_Schwanenhalsmikro_gross.jpg 428w, https:\/\/konferenztechnik.de\/wp-content\/uploads\/2013\/09\/Sennheiser_Schwanenhalsmikro_gross-262x300.jpg 262w\" sizes=\"(max-width: 428px) 100vw, 428px\" \/><\/a><\/p>\n<p>Il collo d'oca MZH 3015 \u00e8 realizzato in metallo robusto e presenta una superficie nera opaca non riflettente. Pu\u00f2 essere dotato delle capsule microfoniche intercambiabili ME 34, ME 35 o ME 36, caratterizzate da diverse caratteristiche direzionali.<\/p>\n<h2>Microfono wireless Shure serie UHF-R<\/h2>\n<p><a href=\"https:\/\/konferenztechnik.de\/wp-content\/uploads\/2013\/09\/Shure_Drahtlosmikrofon_UHF_R_Serie_gross.jpg\"><img decoding=\"async\" width=\"500\" height=\"211\" class=\"alignleft size-full wp-image-2329\" src=\"https:\/\/konferenztechnik.de\/wp-content\/uploads\/2013\/09\/Shure_Drahtlosmikrofon_UHF_R_Serie_gross.jpg\" alt=\"Microfono wireless Shure serie UHF-R\" title=\"\" srcset=\"https:\/\/konferenztechnik.de\/wp-content\/uploads\/2013\/09\/Shure_Drahtlosmikrofon_UHF_R_Serie_gross.jpg 500w, https:\/\/konferenztechnik.de\/wp-content\/uploads\/2013\/09\/Shure_Drahtlosmikrofon_UHF_R_Serie_gross-300x127.jpg 300w\" sizes=\"(max-width: 500px) 100vw, 500px\" \/><\/a><\/p>\n<p>UHF-R offre tutte le opzioni per controllare e monitorare installazioni wireless complesse. Processi di configurazione, controllo e monitoraggio automatici, una larghezza di banda estremamente ampia di 75 MHz, fino a 47 canali compatibili per banda di frequenza.<\/p>\n<p>I sistemi wireless UHF-R sono forniti con il software per PC Shure Wireless Workbench, che consente il controllo e il monitoraggio di tutti i parametri essenziali del sistema, semplificando cos\u00ec notevolmente la gestione completa dei sistemi wireless in rete.<\/p>\n<ul>\n<li>Selezione automatica della frequenza con scansione di gruppo per l'intera rete<\/li>\n<li>La sincronizzazione automatica della frequenza sincronizza il trasmettitore e il ricevitore tramite un collegamento a infrarossi.<\/li>\n<li>Porte Ethernet e USB integrate<\/li>\n<li>Software Shure Wireless Workbench per PC incluso<\/li>\n<li>Possibilit\u00e0 di creare gruppi liberamente programmabili<\/li>\n<\/ul>\n<h2>Revolabs Solo Serie Executive<\/h2>\n<p><a href=\"https:\/\/konferenztechnik.de\/wp-content\/uploads\/2013\/09\/RevoLabs_Solo_Wireless_abhoersicher_gross.jpg\"><img loading=\"lazy\" decoding=\"async\" width=\"293\" height=\"246\" class=\"alignleft size-full wp-image-2327\" src=\"https:\/\/konferenztechnik.de\/wp-content\/uploads\/2013\/09\/RevoLabs_Solo_Wireless_abhoersicher_gross.jpg\" alt=\"Revolabs Solo Serie Executive \" title=\"\"><\/a><\/p>\n<p>La serie Solo Executive \u00e8 un sistema microfonico wireless sviluppato appositamente per la sala conferenze. Le sue caratteristiche speciali includono le dimensioni ridotte, la trasmissione audio bidirezionale per il controllo del microfono e la crittografia del segnale.<\/p>\n<h2>Revolabs Solo Serie Executive<\/h2>\n<ul>\n<li>Elevata sicurezza grazie alla propria frequenza crittografata<\/li>\n<li>Adattamento flessibile alle condizioni spaziali<\/li>\n<li>Facile integrazione con altri componenti AV come cancellatori d'eco, mixer microfonici, sistemi di videoconferenza, ecc.<\/li>\n<li>Il collegamento a cascata consente di utilizzare fino a 24 microfoni<\/li>\n<li>Qualsiasi combinazione di tipi di microfono (a clip, da tavolo, adattatore per microfono palmare)<\/li>\n<li>Per le applicazioni con un budget limitato sono disponibili versioni Light a 4 e 8 canali.<\/li>\n<\/ul>\n<h2>Microfono perimetrale Beyerdynamic MPC 70 USB<\/h2>\n<p><a href=\"https:\/\/konferenztechnik.de\/wp-content\/uploads\/2013\/09\/Steno-S_Grenzflaechenmikrofon_MPC-70_USB_klein.jpg\"><img loading=\"lazy\" decoding=\"async\" width=\"155\" height=\"116\" class=\"alignleft size-full wp-image-2325\" src=\"https:\/\/konferenztechnik.de\/wp-content\/uploads\/2013\/09\/Steno-S_Grenzflaechenmikrofon_MPC-70_USB_klein.jpg\" alt=\"Microfono perimetrale Beyerdynamic MPC 70 USB \" title=\"\"><\/a><\/p>\n<p>L'MPC 70 USB \u00e8 un microfono perimetrale con connessione USB standard (tipo B) e offre nuove possibilit\u00e0 di qualit\u00e0 di registrazione per applicazioni informatiche come Steno-S, ma anche per videoconferenze ecc.<\/p>\n<p>A seconda dell'applicazione, l'interruttore a membrana integrato pu\u00f2 essere utilizzato per selezionare le modalit\u00e0 operative On\/Off, Push to Talk o Push to Mute. L'indicatore LED si illumina di rosso quando il microfono \u00e8 attivato. La sensibilit\u00e0 del microfono pu\u00f2 essere preselezionata in due fasi ed \u00e8 disponibile anche una riduzione dei bassi per il disaccoppiamento del rumore strutturale. Il cavo \u00e8 staccabile e, con i suoi 3 metri, ha un raggio di posizionamento sufficiente sul tavolo da conferenza.<\/p>","protected":false},"excerpt":{"rendered":"<p>Mikrofone Sie finden hier Mikrofone f\u00fcr alle Anwendungsbereiche der Konferenztechnik: kabelgebundene Mikrofone, Drahtlossysteme, Rednerpultmikrofone, Handsender, Ansteckmikrofone oder USB-Mikrofone. Beyerdynamic Opus 300 Das Opus 300 System bietet einen kosteng\u00fcnstigen und unkomplizierten Einstieg in die Drahtlostechnik. Es zeichnet sich durch eine einfache Bedienung aus. Der Empf\u00e4ngerteil sucht auf Knopfdruck nach der n\u00e4chsten freien Frequenz. Im zweiten Schritt [&hellip;]<\/p>","protected":false},"author":1,"featured_media":45482,"parent":1289,"menu_order":143,"comment_status":"closed","ping_status":"open","template":"","meta":{"_acf_changed":false,"footnotes":""},"class_list":["post-2257","page","type-page","status-publish","has-post-thumbnail","hentry"],"acf":[],"_links":{"self":[{"href":"https:\/\/konferenztechnik.de\/it\/wp-json\/wp\/v2\/pages\/2257","targetHints":{"allow":["GET"]}}],"collection":[{"href":"https:\/\/konferenztechnik.de\/it\/wp-json\/wp\/v2\/pages"}],"about":[{"href":"https:\/\/konferenztechnik.de\/it\/wp-json\/wp\/v2\/types\/page"}],"author":[{"embeddable":true,"href":"https:\/\/konferenztechnik.de\/it\/wp-json\/wp\/v2\/users\/1"}],"replies":[{"embeddable":true,"href":"https:\/\/konferenztechnik.de\/it\/wp-json\/wp\/v2\/comments?post=2257"}],"version-history":[{"count":0,"href":"https:\/\/konferenztechnik.de\/it\/wp-json\/wp\/v2\/pages\/2257\/revisions"}],"up":[{"embeddable":true,"href":"https:\/\/konferenztechnik.de\/it\/wp-json\/wp\/v2\/pages\/1289"}],"wp:featuredmedia":[{"embeddable":true,"href":"https:\/\/konferenztechnik.de\/it\/wp-json\/wp\/v2\/media\/45482"}],"wp:attachment":[{"href":"https:\/\/konferenztechnik.de\/it\/wp-json\/wp\/v2\/media?parent=2257"}],"curies":[{"name":"wp","href":"https:\/\/api.w.org\/{rel}","templated":true}]}}