{"id":2278,"date":"2013-09-20T14:10:18","date_gmt":"2013-09-20T12:10:18","guid":{"rendered":"https:\/\/konferenztechnik.de\/?page_id=2278"},"modified":"2023-07-05T14:29:38","modified_gmt":"2023-07-05T12:29:38","slug":"dinamiche-ed-effetti","status":"publish","type":"page","link":"https:\/\/konferenztechnik.de\/it\/distribuzione-di-tecnologia-per-conferenze-e-media-av\/tecnologia-audio-microfoni-rinforzo-del-suono-sala-di-controllo-e-riproduzione\/dinamiche-ed-effetti\/","title":{"rendered":"Dinamiche ed effetti"},"content":{"rendered":"<h1>Dinamiche ed effetti<\/h1>\n<h2>Nexia<\/h2>\n<p><a href=\"https:\/\/konferenztechnik.de\/wp-content\/uploads\/2013\/09\/Biamp_Nexia_CS_gross.jpg\"><img fetchpriority=\"high\" decoding=\"async\" width=\"603\" height=\"217\" class=\"alignleft size-full wp-image-2408\" src=\"https:\/\/konferenztechnik.de\/wp-content\/uploads\/2013\/09\/Biamp_Nexia_CS_gross.jpg\" alt=\"Nexia\" title=\"\" srcset=\"https:\/\/konferenztechnik.de\/wp-content\/uploads\/2013\/09\/Biamp_Nexia_CS_gross.jpg 603w, https:\/\/konferenztechnik.de\/wp-content\/uploads\/2013\/09\/Biamp_Nexia_CS_gross-300x108.jpg 300w\" sizes=\"(max-width: 603px) 100vw, 603px\" \/><\/a><\/p>\n<p>Nexia \u00e8 un sistema audio digitale economico che pu\u00f2 essere programmato liberamente tramite un'interfaccia utente grafica. La serie Nexia \u00e8 disponibile in diverse configurazioni di I\/O, per cui \u00e8 facile trovare il dispositivo giusto per qualsiasi applicazione. \u00c8 possibile collegare tra loro fino a quattro sistemi Nexia sul lato audio tramite il bus NexLink interno. Nexia pu\u00f2 quindi essere utilizzato in centri congressi, sale polifunzionali, aule di formazione, ristoranti o ovunque sia necessario un sistema audio liberamente programmabile.<\/p>\n<h2>Nexia<\/h2>\n<p>Sono disponibili i seguenti tipi di Nexia:<\/p>\n<ul>\n<li>Nexia CS: per applicazioni ad alta intensit\u00e0 di microfoni, come le sale conferenze.<\/li>\n<li>Nexia PM: Particolarmente adatto per le applicazioni AV in cui si utilizzano sia microfoni che dispositivi di riproduzione<\/li>\n<li>Nexia SP: ideale per le applicazioni in cui i segnali di linea devono essere distribuiti a un gran numero di uscite<\/li>\n<li>Nexia TC: ideale per un'ampia gamma di applicazioni di teleconferenza<\/li>\n<li>Nexia VC: ideale per un'ampia gamma di applicazioni di videoconferenza<\/li>\n<\/ul>\n<h2>Sabine FBX-2400<\/h2>\n<p><a href=\"https:\/\/konferenztechnik.de\/wp-content\/uploads\/2013\/09\/Sabine_FBX1200-2400_gross.jpg\"><img decoding=\"async\" width=\"800\" height=\"75\" class=\"alignleft size-full wp-image-2407\" src=\"https:\/\/konferenztechnik.de\/wp-content\/uploads\/2013\/09\/Sabine_FBX1200-2400_gross.jpg\" alt=\"Sabine FBX-2400\" title=\"\" srcset=\"https:\/\/konferenztechnik.de\/wp-content\/uploads\/2013\/09\/Sabine_FBX1200-2400_gross.jpg 800w, https:\/\/konferenztechnik.de\/wp-content\/uploads\/2013\/09\/Sabine_FBX1200-2400_gross-300x28.jpg 300w, https:\/\/konferenztechnik.de\/wp-content\/uploads\/2013\/09\/Sabine_FBX1200-2400_gross-768x72.jpg 768w\" sizes=\"(max-width: 800px) 100vw, 800px\" \/><\/a><\/p>\n<p>Con il <em>Sabine Feedback-Sterminatore<\/em> Il feedback pu\u00f2 essere soppresso automaticamente e in modo affidabile. La tecnologia che ne \u00e8 alla base \u00e8 giunta alla quinta generazione e funziona con il nuovo <em>Tecnologia SMARTFilter<\/em>.<\/p>\n<h2>Sabine FBX-2400<\/h2>\n<ul>\n<li>Fino a 12 filtri di retroazione automatica per canale<\/li>\n<li>2 canali<\/li>\n<li>Ingressi\/uscite audio tramite XLR<\/li>\n<li>1\/10 e 1\/5 di ottava commutabili a seconda dell'applicazione<\/li>\n<li>Filtri fissi e dinamici<\/li>\n<li>Tecnologia di filtraggio SMART<\/li>\n<\/ul>","protected":false},"excerpt":{"rendered":"<p>Dinamiche ed effetti Nexia Nexia \u00e8 un sistema audio digitale economico che pu\u00f2 essere programmato liberamente tramite un'interfaccia grafica. La serie Nexia \u00e8 disponibile in diverse configurazioni I\/O, consentendo di trovare rapidamente il dispositivo adatto a ogni applicazione. \u00c8 possibile collegare tra loro fino a quattro sistemi Nexia tramite il bus NexLink interno. Nexia diventa cos\u00ec [\u2026]<\/p>","protected":false},"author":1,"featured_media":45482,"parent":1289,"menu_order":139,"comment_status":"closed","ping_status":"open","template":"","meta":{"_acf_changed":false,"footnotes":""},"class_list":["post-2278","page","type-page","status-publish","has-post-thumbnail","hentry"],"acf":[],"_links":{"self":[{"href":"https:\/\/konferenztechnik.de\/it\/wp-json\/wp\/v2\/pages\/2278","targetHints":{"allow":["GET"]}}],"collection":[{"href":"https:\/\/konferenztechnik.de\/it\/wp-json\/wp\/v2\/pages"}],"about":[{"href":"https:\/\/konferenztechnik.de\/it\/wp-json\/wp\/v2\/types\/page"}],"author":[{"embeddable":true,"href":"https:\/\/konferenztechnik.de\/it\/wp-json\/wp\/v2\/users\/1"}],"replies":[{"embeddable":true,"href":"https:\/\/konferenztechnik.de\/it\/wp-json\/wp\/v2\/comments?post=2278"}],"version-history":[{"count":0,"href":"https:\/\/konferenztechnik.de\/it\/wp-json\/wp\/v2\/pages\/2278\/revisions"}],"up":[{"embeddable":true,"href":"https:\/\/konferenztechnik.de\/it\/wp-json\/wp\/v2\/pages\/1289"}],"wp:featuredmedia":[{"embeddable":true,"href":"https:\/\/konferenztechnik.de\/it\/wp-json\/wp\/v2\/media\/45482"}],"wp:attachment":[{"href":"https:\/\/konferenztechnik.de\/it\/wp-json\/wp\/v2\/media?parent=2278"}],"curies":[{"name":"wp","href":"https:\/\/api.w.org\/{rel}","templated":true}]}}