{"id":24845,"date":"2023-04-18T10:22:58","date_gmt":"2023-04-18T08:22:58","guid":{"rendered":"http:\/\/dev.konferenztechnik.de\/?page_id=24845"},"modified":"2025-12-20T19:21:26","modified_gmt":"2025-12-20T18:21:26","slug":"associazioni-e-club","status":"publish","type":"page","link":"https:\/\/konferenztechnik.de\/it\/associazioni-e-club\/","title":{"rendered":"Associazioni e club"},"content":{"rendered":"<div data-elementor-type=\"wp-page\" data-elementor-id=\"24845\" class=\"elementor elementor-24845\" data-elementor-post-type=\"page\">\n\t\t\t\t<div data-particle_enable=\"false\" data-particle-mobile-disabled=\"false\" class=\"elementor-element elementor-element-d8aba58 e-flex e-con-boxed e-con e-parent\" data-id=\"d8aba58\" data-element_type=\"container\">\n\t\t\t\t\t<div class=\"e-con-inner\">\n\t\t\t\t<div class=\"elementor-element elementor-element-366d4e5 elementor-widget__width-inherit elementor-widget elementor-widget-heading\" data-id=\"366d4e5\" data-element_type=\"widget\" data-widget_type=\"heading.default\">\n\t\t\t\t<div class=\"elementor-widget-container\">\n\t\t\t\t\t<h1 class=\"elementor-heading-title elementor-size-default\">Associazioni e federazioni<\/h1>\t\t\t\t<\/div>\n\t\t\t\t<\/div>\n\t\t\t\t<div class=\"elementor-element elementor-element-e4b6b7a elementor-widget elementor-widget-image\" data-id=\"e4b6b7a\" data-element_type=\"widget\" data-widget_type=\"image.default\">\n\t\t\t\t<div class=\"elementor-widget-container\">\n\t\t\t\t\t\t\t\t\t\t\t\t\t\t\t<img fetchpriority=\"high\" decoding=\"async\" width=\"1300\" height=\"486\" src=\"https:\/\/konferenztechnik.de\/wp-content\/uploads\/2023\/04\/verbaende-vereine-installation.jpg\" class=\"attachment-full size-full wp-image-24846\" alt=\"In un giro di partecipanti, alcuni alzano la mano, poich\u00e9 probabilmente si sta svolgendo una votazione: ecco i rappresentanti delle nostre associazioni e dei nostri club &quot;&quot; sezione\" srcset=\"https:\/\/konferenztechnik.de\/wp-content\/uploads\/2023\/04\/verbaende-vereine-installation.jpg 1300w, https:\/\/konferenztechnik.de\/wp-content\/uploads\/2023\/04\/verbaende-vereine-installation-300x112.jpg 300w, https:\/\/konferenztechnik.de\/wp-content\/uploads\/2023\/04\/verbaende-vereine-installation-1024x383.jpg 1024w, https:\/\/konferenztechnik.de\/wp-content\/uploads\/2023\/04\/verbaende-vereine-installation-768x287.jpg 768w, https:\/\/konferenztechnik.de\/wp-content\/uploads\/2023\/04\/verbaende-vereine-installation-18x7.jpg 18w\" sizes=\"(max-width: 1300px) 100vw, 1300px\" title=\"\">\t\t\t\t\t\t\t\t\t\t\t\t\t\t\t<\/div>\n\t\t\t\t<\/div>\n\t\t\t\t\t<\/div>\n\t\t\t\t<\/div>\n\t\t<div data-particle_enable=\"false\" data-particle-mobile-disabled=\"false\" class=\"elementor-element elementor-element-9deafd4 e-flex e-con-boxed e-con e-parent\" data-id=\"9deafd4\" data-element_type=\"container\">\n\t\t\t\t\t<div class=\"e-con-inner\">\n\t\t\t\t<div class=\"elementor-element elementor-element-66ea8b4 elementor-widget elementor-widget-heading\" data-id=\"66ea8b4\" data-element_type=\"widget\" data-settings=\"{&quot;_animation&quot;:&quot;none&quot;}\" data-widget_type=\"heading.default\">\n\t\t\t\t<div class=\"elementor-widget-container\">\n\t\t\t\t\t<h2 class=\"elementor-heading-title elementor-size-default\">Tecnologia per eventi e media per associazioni e federazioni in Germania <\/h2>\t\t\t\t<\/div>\n\t\t\t\t<\/div>\n\t\t\t\t<div class=\"elementor-element elementor-element-d16fcf6 elementor-widget__width-inherit elementor-widget elementor-widget-text-editor\" data-id=\"d16fcf6\" data-element_type=\"widget\" data-widget_type=\"text-editor.default\">\n\t\t\t\t<div class=\"elementor-widget-container\">\n\t\t\t\t\t\t\t\t\t<p>Con oltre 600.000 associazioni e federazioni, il mondo associativo caratterizza in modo determinante la vita sociale in Germania. Queste organizzazioni danno un contributo importante alla cultura, all'istruzione, allo sport e all'impegno sociale. Apprezziamo questa struttura e disponiamo di una vasta esperienza nella collaborazione con associazioni, federazioni e istituzioni.<\/p><p>\u00a0<\/p><p>Nei progetti relativi alla tecnologia per eventi e media, supportiamo assemblee dei soci, conferenze, congressi ed eventi pubblici \u2013 con tecnologie audio e video professionali, sistemi di presentazione e formati di eventi ibridi e digitali.<\/p><p>\u00a0<\/p><p>La collaborazione con associazioni e federazioni ci consente di conoscere diverse forme organizzative, strutture decisionali e gruppi target. Diversit\u00e0, partecipazione e comunicazione trasparente sono requisiti fondamentali che sosteniamo con una tecnologia affidabile e sicura.<\/p><p>\u00a0<\/p><p>In qualit\u00e0 di fornitori di servizi tecnici, godiamo di una collaborazione basata sulla partnership e di grande stima. Questi progetti si contraddistinguono per obiettivi chiari, rilevanza sociale e l'esigenza di soluzioni tecnologiche affidabili, comprensibili e sostenibili nel campo dei media.<\/p>\t\t\t\t\t\t\t\t<\/div>\n\t\t\t\t<\/div>\n\t\t\t\t\t<\/div>\n\t\t\t\t<\/div>\n\t\t<div data-particle_enable=\"false\" data-particle-mobile-disabled=\"false\" class=\"elementor-element elementor-element-455c20b e-flex e-con-boxed e-con e-parent\" data-id=\"455c20b\" data-element_type=\"container\" data-settings=\"{&quot;animation&quot;:&quot;none&quot;}\">\n\t\t\t\t\t<div class=\"e-con-inner\">\n\t\t\t\t<div class=\"elementor-element elementor-element-7734196 elementor-widget elementor-widget-heading\" data-id=\"7734196\" data-element_type=\"widget\" data-settings=\"{&quot;_animation&quot;:&quot;none&quot;}\" data-widget_type=\"heading.default\">\n\t\t\t\t<div class=\"elementor-widget-container\">\n\t\t\t\t\t<h2 class=\"elementor-heading-title elementor-size-default\">Argomenti frequenti<\/h2>\t\t\t\t<\/div>\n\t\t\t\t<\/div>\n\t\t\t\t<div class=\"elementor-element elementor-element-d1cf50a elementor-widget__width-inherit smart-post-list-4-col elementor-widget elementor-widget-eael-post-list\" data-id=\"d1cf50a\" data-element_type=\"widget\" data-settings=\"{&quot;_animation&quot;:&quot;none&quot;}\" data-widget_type=\"eael-post-list.default\">\n\t\t\t\t<div class=\"elementor-widget-container\">\n\t\t\t\t\t<div class=\"eael-post-list-container advanced layout-advanced\"><div class=\"eael-post-list-wrap\"><div class=\"eael-post-list-posts-wrap eael-post-appender eael-post-appender-d1cf50a\"><div class=\"eael-post-list-post\"><div class=\"eael-post-list-post-inner\"><div class=\"eael-post-list-thumbnail\"><a href=\"https:\/\/konferenztechnik.de\/it\/sistemi-di-guida-personale-rent-buy-install\/\">\n                <img decoding=\"async\" src=\"https:\/\/konferenztechnik.de\/wp-content\/uploads\/2023\/07\/personenfuehrungsanlage-mieten-kaufen-jpg.webp\" alt=\"Un uomo parla al microfono, uno spettatore ascolta con un sistema di guida turistica durante un tour. Noleggiate, acquistate o noleggiate i sistemi di guida turistica di PCS.\" title=\"\">\n            <\/a><\/div><div class=\"eael-post-list-content\"><h3 class=\"eael-post-list-title\"><a href=\"https:\/\/konferenztechnik.de\/it\/sistemi-di-guida-personale-rent-buy-install\/\" >Sistemi di guida per i passeggeri<\/a><\/h3><p>Sistemi di guida turistica, sistemi di guida, sistemi whisper o PFA, cuffie, microfoni, unit\u00e0 di ricarica, custodie per il trasporto, accessori<\/p><a href=\"https:\/\/konferenztechnik.de\/it\/sistemi-di-guida-personale-rent-buy-install\/\" class=\"eael-post-elements-readmore-btn\" >\u203a di pi\u00f9<\/a><div class=\"boxed-meta\"><\/div><\/div><\/div><\/div><div class=\"eael-post-list-post\"><div class=\"eael-post-list-post-inner\"><div class=\"eael-post-list-thumbnail\"><a href=\"https:\/\/konferenztechnik.de\/it\/laggiornamento-della-sala-conferenze-crea-le-condizioni-ideali-per-le-videoconferenze\/\">\n                <img decoding=\"async\" src=\"https:\/\/konferenztechnik.de\/wp-content\/uploads\/2023\/03\/konferenzraum-upgrades.jpg\" alt=\"\" title=\"\">\n            <\/a><\/div><div class=\"eael-post-list-content\"><h3 class=\"eael-post-list-title\"><a href=\"https:\/\/konferenztechnik.de\/it\/laggiornamento-della-sala-conferenze-crea-le-condizioni-ideali-per-le-videoconferenze\/\" >Aggiornamento sala conferenze: sala conferenze ibrida<\/a><\/h3><p>Una stele video, un cubo: i partecipanti al video come oggetto fisico nello spazio. Il...<\/p><a href=\"https:\/\/konferenztechnik.de\/it\/laggiornamento-della-sala-conferenze-crea-le-condizioni-ideali-per-le-videoconferenze\/\" class=\"eael-post-elements-readmore-btn\" >\u203a di pi\u00f9<\/a><div class=\"boxed-meta\"><\/div><\/div><\/div><\/div><div class=\"eael-post-list-post\"><div class=\"eael-post-list-post-inner\"><div class=\"eael-post-list-thumbnail\"><a href=\"https:\/\/konferenztechnik.de\/it\/pacchetti-di-sale-conferenze-pcs-moderne-sale-conferenze-ibride-a-condizioni-vantaggiose\/\">\n                <img decoding=\"async\" src=\"https:\/\/konferenztechnik.de\/wp-content\/uploads\/2023\/03\/konferenzraum-bundles.jpg\" alt=\"\" title=\"\">\n            <\/a><\/div><div class=\"eael-post-list-content\"><h3 class=\"eael-post-list-title\"><a href=\"https:\/\/konferenztechnik.de\/it\/pacchetti-di-sale-conferenze-pcs-moderne-sale-conferenze-ibride-a-condizioni-vantaggiose\/\" >Pacchetti di sale conferenze<\/a><\/h3><p>Sale riunioni interattive, ibride, wireless e flessibili a partire da 5.000 EUR<\/p><a href=\"https:\/\/konferenztechnik.de\/it\/pacchetti-di-sale-conferenze-pcs-moderne-sale-conferenze-ibride-a-condizioni-vantaggiose\/\" class=\"eael-post-elements-readmore-btn\" >\u203a di pi\u00f9<\/a><div class=\"boxed-meta\"><\/div><\/div><\/div><\/div><div class=\"eael-post-list-post\"><div class=\"eael-post-list-post-inner\"><div class=\"eael-post-list-thumbnail\"><a href=\"https:\/\/konferenztechnik.de\/it\/lavagne-interattive-a-fogli-mobili\/\">\n                <img decoding=\"async\" src=\"https:\/\/konferenztechnik.de\/wp-content\/uploads\/2023\/04\/i3-displays-whiteboards-flipcharts-jpg.webp\" alt=\"2 display a marchio I3 su treppiedi mobili\" title=\"\">\n            <\/a><\/div><div class=\"eael-post-list-content\"><h3 class=\"eael-post-list-title\"><a href=\"https:\/\/konferenztechnik.de\/it\/lavagne-interattive-a-fogli-mobili\/\" >Display interattivi, lavagne bianche, lavagne a fogli mobili<\/a><\/h3><p>La nostra prima scelta per display touch, lavagne bianche e lavagne a fogli mobili digitali \u00e8 spesso i3-Technologies.<\/p><a href=\"https:\/\/konferenztechnik.de\/it\/lavagne-interattive-a-fogli-mobili\/\" class=\"eael-post-elements-readmore-btn\" >\u203a di pi\u00f9<\/a><div class=\"boxed-meta\"><\/div><\/div><\/div><\/div><div class=\"eael-post-list-post\"><div class=\"eael-post-list-post-inner\"><div class=\"eael-post-list-thumbnail\"><a href=\"https:\/\/konferenztechnik.de\/it\/sale-riunioni-ibride-per-videoconferenze-2\/\">\n                <img decoding=\"async\" src=\"https:\/\/konferenztechnik.de\/wp-content\/uploads\/2023\/03\/hybride-besprechungsraeume.jpg\" alt=\"\" title=\"\">\n            <\/a><\/div><div class=\"eael-post-list-content\"><h3 class=\"eael-post-list-title\"><a href=\"https:\/\/konferenztechnik.de\/it\/sale-riunioni-ibride-per-videoconferenze-2\/\" >Sale riunioni ibride per videoconferenze<\/a><\/h3><p>Condizioni ottimali nella sala e per i partecipanti collegati e uso armonioso...<\/p><a href=\"https:\/\/konferenztechnik.de\/it\/sale-riunioni-ibride-per-videoconferenze-2\/\" class=\"eael-post-elements-readmore-btn\" >\u203a di pi\u00f9<\/a><div class=\"boxed-meta\"><\/div><\/div><\/div><\/div><div class=\"eael-post-list-post\"><div class=\"eael-post-list-post-inner\"><div class=\"eael-post-list-thumbnail\"><a href=\"https:\/\/konferenztechnik.de\/it\/noleggio-acquisto-installazione-leasing-di-sistemi-di-discussione-stazioni-intercomunicanti\/\">\n                <img decoding=\"async\" src=\"https:\/\/konferenztechnik.de\/wp-content\/uploads\/2023\/06\/diskussionsanlage-sprechstellen-tischmikrofone.jpg\" alt=\"Unit\u00e0 microfoniche da tavolo distribuite attorno a un tavolo da conferenza, con microfoni a collo d&#039;oca\" title=\"\">\n            <\/a><\/div><div class=\"eael-post-list-content\"><h3 class=\"eael-post-list-title\"><a href=\"https:\/\/konferenztechnik.de\/it\/noleggio-acquisto-installazione-leasing-di-sistemi-di-discussione-stazioni-intercomunicanti\/\" >Noleggio, acquisto, installazione, leasing di sistemi di discussione \u2013, stazioni intercomunicanti<\/a><\/h3><p>Noleggio, acquisto, installazione, leasing di sistemi di discussione \u2013, stazioni intercomunicanti<\/p><a href=\"https:\/\/konferenztechnik.de\/it\/noleggio-acquisto-installazione-leasing-di-sistemi-di-discussione-stazioni-intercomunicanti\/\" class=\"eael-post-elements-readmore-btn\" >\u203a di pi\u00f9<\/a><div class=\"boxed-meta\"><\/div><\/div><\/div><\/div><div class=\"eael-post-list-post\"><div class=\"eael-post-list-post-inner\"><div class=\"eael-post-list-thumbnail\"><a href=\"https:\/\/konferenztechnik.de\/it\/votare-eventi-di-voto\/\">\n                <img decoding=\"async\" src=\"https:\/\/konferenztechnik.de\/wp-content\/uploads\/2023\/04\/abstimmen-events.jpg\" alt=\"Simbolo di voto\" title=\"\">\n            <\/a><\/div><div class=\"eael-post-list-content\"><h3 class=\"eael-post-list-title\"><a href=\"https:\/\/konferenztechnik.de\/it\/votare-eventi-di-voto\/\" >Votare, votare<\/a><\/h3><p>Macchine per votare, votazioni online, elezioni digitali: votazioni per appello nominale, votazioni non per appello nominale, votazioni segrete...<\/p><a href=\"https:\/\/konferenztechnik.de\/it\/votare-eventi-di-voto\/\" class=\"eael-post-elements-readmore-btn\" >\u203a di pi\u00f9<\/a><div class=\"boxed-meta\"><\/div><\/div><\/div><\/div><\/div><\/div>\n\t\t<\/div>\t\t\t\t<\/div>\n\t\t\t\t<\/div>\n\t\t\t\t\t<\/div>\n\t\t\t\t<\/div>\n\t\t<div data-particle_enable=\"false\" data-particle-mobile-disabled=\"false\" class=\"elementor-element elementor-element-eaddbcf e-flex e-con-boxed e-con e-parent\" data-id=\"eaddbcf\" data-element_type=\"container\">\n\t\t\t\t\t<div class=\"e-con-inner\">\n\t\t\t\t<div class=\"elementor-element elementor-element-7fa8348 elementor-widget__width-inherit elementor-widget elementor-widget-heading\" data-id=\"7fa8348\" data-element_type=\"widget\" data-widget_type=\"heading.default\">\n\t\t\t\t<div class=\"elementor-widget-container\">\n\t\t\t\t\t<h2 class=\"elementor-heading-title elementor-size-default\">Riferimenti: Associazioni e club<\/h2>\t\t\t\t<\/div>\n\t\t\t\t<\/div>\n\t\t\t\t<div class=\"elementor-element elementor-element-28236df elementor-widget__width-inherit elementor-widget elementor-widget-text-editor\" data-id=\"28236df\" data-element_type=\"widget\" data-widget_type=\"text-editor.default\">\n\t\t\t\t<div class=\"elementor-widget-container\">\n\t\t\t\t\t\t\t\t\t<ul><li>Associazione medica distrettuale e regionale di Monaco<\/li><li>Associazione bavarese di equitazione e guida e.V.<\/li><li>Associazione degli architetti tedeschi, Associazione regionale della Sassonia-Anhalt<\/li><li>Federazione delle industrie tedesche<\/li><li>Associazione federale dell'industria e degli importatori tedeschi di alcolici (BSI)<\/li><li>Associazione delle banche tedesche<\/li><li>Associazione professionale di medicina nucleare tedesca<\/li><li>Associazione delle banche pubbliche tedesche V\u00d6B<\/li><li>Bundesverband Industrie Kommunikation e.V.<\/li><li>Associazione degli editori e dei librai tedeschi<\/li><li>Associazione federale degli interpreti e dei traduttori (BD\u00dc)<\/li><li>Associazione Caritas della diocesi di Rottenburg-Stoccarda e.V.<\/li><li>Associazione tedesca delle Casse di Risparmio e Giro e.V.<\/li><li>Associazione Centrale Tedesca dei Medici Omeopatici Baviera e.V.<\/li><li>DFB \u2013 Associazione calcistica tedesca e.V.<\/li><li>Fondazione Dieter Schwarz, organizzazione senza scopo di lucro<\/li><li>EUREGIO Associazione di scopo tedesco-olandese<\/li><li>Fachverband Biogas e.V.<\/li><li>Fondazione Fritz Thyssen \u2013 Casa della Fondazione Fritz Thyssen \u2013 Colonia<\/li><li>Fondazione Gerda Henkel D\u00fcsseldorf<\/li><li>Associazione tedesca delle assicurazioni<\/li><li>Associazione dei medici dell'assicurazione sanitaria obbligatoria del Baden-W\u00fcrttemberg<\/li><li>Kunststiftung NRW D\u00fcsseldorf<\/li><li>Federazione lesbica e gay LSVD\u00a0<\/li><li>Memoriale e Centro della Memoria di Ravensbr\u00fcck<\/li><li>Associazione Naturland per l'agricoltura biologica<\/li><li>Parit\u00e4tischer Wohlfahrtsverband LV Berlin e.V.\u00a0<\/li><li>Stifterverband f\u00fcr die Deutsche Wissenschaft e.V.<\/li><li>UNITI Associazione federale delle compagnie petrolifere di medie dimensioni<\/li><li>Associazione degli utensili di precisione VDMA e.V.<\/li><li>Associazione delle diocesi tedesche, Segreteria della Conferenza episcopale tedesca<\/li><li>Associazione degli interpreti di conferenza VKD<\/li><li>Associazione dei vivai forestali tedeschi e.V.<\/li><li>Associazione dei centri renali tedeschi (DN) e.V.<\/li><li>Associazione tedesca dei cementifici<\/li><\/ul>\t\t\t\t\t\t\t\t<\/div>\n\t\t\t\t<\/div>\n\t\t\t\t<div class=\"elementor-element elementor-element-b6366d1 elementor-icon-list--layout-traditional elementor-list-item-link-full_width elementor-widget elementor-widget-icon-list\" data-id=\"b6366d1\" data-element_type=\"widget\" data-widget_type=\"icon-list.default\">\n\t\t\t\t<div class=\"elementor-widget-container\">\n\t\t\t\t\t\t\t<ul class=\"elementor-icon-list-items\">\n\t\t\t\t\t\t\t<li class=\"elementor-icon-list-item\">\n\t\t\t\t\t\t\t\t\t\t\t<a href=\"\/it\/riferimenti\/\">\n\n\t\t\t\t\t\t\t\t\t\t\t\t<span class=\"elementor-icon-list-icon\">\n\t\t\t\t\t\t\t<svg aria-hidden=\"true\" class=\"e-font-icon-svg e-fas-chevron-right\" viewbox=\"0 0 320 512\" xmlns=\"http:\/\/www.w3.org\/2000\/svg\"><path d=\"M285.476 272.971L91.132 467.314c-9.373 9.373-24.569 9.373-33.941 0l-22.667-22.667c-9.357-9.357-9.375-24.522-.04-33.901L188.505 256 34.484 101.255c-9.335-9.379-9.317-24.544.04-33.901l22.667-22.667c9.373-9.373 24.569-9.373 33.941 0L285.475 239.03c9.373 9.372 9.373 24.568.001 33.941z\"><\/path><\/svg>\t\t\t\t\t\t<\/span>\n\t\t\t\t\t\t\t\t\t\t<span class=\"elementor-icon-list-text\">Ulteriori riferimenti<\/span>\n\t\t\t\t\t\t\t\t\t\t\t<\/a>\n\t\t\t\t\t\t\t\t\t<\/li>\n\t\t\t\t\t\t<\/ul>\n\t\t\t\t\t\t<\/div>\n\t\t\t\t<\/div>\n\t\t\t\t\t<\/div>\n\t\t\t\t<\/div>\n\t\t<div data-particle_enable=\"false\" data-particle-mobile-disabled=\"false\" class=\"elementor-element elementor-element-567038e e-flex e-con-boxed e-con e-parent\" data-id=\"567038e\" data-element_type=\"container\">\n\t\t\t\t\t<div class=\"e-con-inner\">\n\t\t\t\t<div class=\"elementor-element elementor-element-9635f09 elementor-widget elementor-widget-shortcode\" data-id=\"9635f09\" data-element_type=\"widget\" data-widget_type=\"shortcode.default\">\n\t\t\t\t<div class=\"elementor-widget-container\">\n\t\t\t\t\t\t\t<div class=\"elementor-shortcode\"><\/div>\n\t\t\t\t\t\t<\/div>\n\t\t\t\t<\/div>\n\t\t\t\t\t<\/div>\n\t\t\t\t<\/div>\n\t\t<div data-particle_enable=\"false\" data-particle-mobile-disabled=\"false\" class=\"elementor-element elementor-element-14d115f e-flex e-con-boxed e-con e-parent\" data-id=\"14d115f\" data-element_type=\"container\">\n\t\t\t\t\t<div class=\"e-con-inner\">\n\t\t\t\t<div class=\"elementor-element elementor-element-0f53c4b elementor-widget elementor-widget-shortcode\" data-id=\"0f53c4b\" data-element_type=\"widget\" data-widget_type=\"shortcode.default\">\n\t\t\t\t<div class=\"elementor-widget-container\">\n\t\t\t\t\t\t\t<div class=\"elementor-shortcode\"><\/div>\n\t\t\t\t\t\t<\/div>\n\t\t\t\t<\/div>\n\t\t\t\t\t<\/div>\n\t\t\t\t<\/div>\n\t\t\t\t<\/div>","protected":false},"excerpt":{"rendered":"<p>Vereine und Verb\u00e4nde Veranstaltungs- und Medientechnik f\u00fcr Vereine und Verb\u00e4nde in Deutschland Mit \u00fcber 600.000 Vereinen und Verb\u00e4nden pr\u00e4gt das Vereinswesen ma\u00dfgeblich das gesellschaftliche Leben in Deutschland. Diese Organisationen leisten einen wichtigen Beitrag zu Kultur, Bildung, Sport und sozialem Engagement. Wir sch\u00e4tzen diese Struktur und verf\u00fcgen \u00fcber umfangreiche Erfahrung in der Zusammenarbeit mit Vereinen, Verb\u00e4nden [&hellip;]<\/p>","protected":false},"author":2,"featured_media":45482,"parent":0,"menu_order":0,"comment_status":"closed","ping_status":"closed","template":"","meta":{"_acf_changed":false,"footnotes":""},"class_list":["post-24845","page","type-page","status-publish","has-post-thumbnail","hentry"],"acf":[],"_links":{"self":[{"href":"https:\/\/konferenztechnik.de\/it\/wp-json\/wp\/v2\/pages\/24845","targetHints":{"allow":["GET"]}}],"collection":[{"href":"https:\/\/konferenztechnik.de\/it\/wp-json\/wp\/v2\/pages"}],"about":[{"href":"https:\/\/konferenztechnik.de\/it\/wp-json\/wp\/v2\/types\/page"}],"author":[{"embeddable":true,"href":"https:\/\/konferenztechnik.de\/it\/wp-json\/wp\/v2\/users\/2"}],"replies":[{"embeddable":true,"href":"https:\/\/konferenztechnik.de\/it\/wp-json\/wp\/v2\/comments?post=24845"}],"version-history":[{"count":0,"href":"https:\/\/konferenztechnik.de\/it\/wp-json\/wp\/v2\/pages\/24845\/revisions"}],"wp:featuredmedia":[{"embeddable":true,"href":"https:\/\/konferenztechnik.de\/it\/wp-json\/wp\/v2\/media\/45482"}],"wp:attachment":[{"href":"https:\/\/konferenztechnik.de\/it\/wp-json\/wp\/v2\/media?parent=24845"}],"curies":[{"name":"wp","href":"https:\/\/api.w.org\/{rel}","templated":true}]}}