{"id":2618,"date":"2013-09-25T15:11:34","date_gmt":"2013-09-25T13:11:34","guid":{"rendered":"https:\/\/konferenztechnik.de\/?page_id=2618"},"modified":"2023-07-05T10:34:46","modified_gmt":"2023-07-05T08:34:46","slug":"staffe-a-parete","status":"publish","type":"page","link":"https:\/\/konferenztechnik.de\/it\/distribuzione-di-tecnologia-per-conferenze-e-media-av\/tecnologia-video\/supporti-per-display-e-proiettori-2\/staffe-a-parete\/","title":{"rendered":"Staffe a parete"},"content":{"rendered":"<div data-elementor-type=\"wp-page\" data-elementor-id=\"2618\" class=\"elementor elementor-2618\" data-elementor-post-type=\"page\">\n\t\t\t\t\t\t<section data-particle_enable=\"false\" data-particle-mobile-disabled=\"false\" class=\"elementor-section elementor-top-section elementor-element elementor-element-7b72f63e elementor-section-boxed elementor-section-height-default elementor-section-height-default\" data-id=\"7b72f63e\" data-element_type=\"section\">\n\t\t\t\t\t\t<div class=\"elementor-container elementor-column-gap-default\">\n\t\t\t\t\t<div class=\"elementor-column elementor-col-100 elementor-top-column elementor-element elementor-element-20bf9a01\" data-id=\"20bf9a01\" data-element_type=\"column\">\n\t\t\t<div class=\"elementor-widget-wrap elementor-element-populated\">\n\t\t\t\t\t\t<div class=\"elementor-element elementor-element-e7f401d elementor-widget elementor-widget-text-editor\" data-id=\"e7f401d\" data-element_type=\"widget\" data-widget_type=\"text-editor.default\">\n\t\t\t\t<div class=\"elementor-widget-container\">\n\t\t\t\t\t\t\t\t\t<h1>Staffe a parete<\/h1>\n<h2>Supporto a parete per schermo Audipack L&amp;S 3<\/h2>\n<a href=\"https:\/\/konferenztechnik.de\/wp-content\/uploads\/2013\/09\/Audipack_Wandhalterung1.jpg\"><img fetchpriority=\"high\" decoding=\"async\" width=\"792\" height=\"594\" class=\"alignleft size-full wp-image-2680\" src=\"https:\/\/konferenztechnik.de\/wp-content\/uploads\/2013\/09\/Audipack_Wandhalterung1.jpg\" alt=\"Supporto a parete per schermo Audipack L&amp;S 3\" title=\"\" srcset=\"https:\/\/konferenztechnik.de\/wp-content\/uploads\/2013\/09\/Audipack_Wandhalterung1.jpg 792w, https:\/\/konferenztechnik.de\/wp-content\/uploads\/2013\/09\/Audipack_Wandhalterung1-300x225.jpg 300w, https:\/\/konferenztechnik.de\/wp-content\/uploads\/2013\/09\/Audipack_Wandhalterung1-768x576.jpg 768w\" sizes=\"(max-width: 792px) 100vw, 792px\" \/><\/a>\n\nSupporto a parete piatto per schermi fino a 127 cm (50 pollici). Questo supporto a parete non regolabile \u00e8 profondo solo 18 mm e offre la possibilit\u00e0 di fissare lo schermo con ganci di sicurezza (Lock &amp; Secure).\n<h2>Smart Metals \u2013 supporto a parete con regolazione fine<\/h2>\n<a href=\"https:\/\/konferenztechnik.de\/wp-content\/uploads\/2013\/09\/smart-metals_projector-wall-mont_0021840.jpg\"><img decoding=\"async\" class=\"alignleft size-medium wp-image-4459\" src=\"https:\/\/konferenztechnik.de\/wp-content\/uploads\/2013\/09\/smart-metals_projector-wall-mont_0021840-300x115.jpg\" alt=\"Supporto a parete per proiettore Smart Metals 0021840\" width=\"300\" height=\"115\" title=\"\"><\/a>\n\nSupporto a parete per proiettori a cortissimo raggio come la serie Hitachi A100, il Sanyo PLC-XL50 o il PDG-DWL2500. La staffa \u00e8 dotata di un'esclusiva regolazione fine che consente di inclinare il proiettore e di inclinarlo dal centro dell'obiettivo.\n<h2>Smart Metals \u2013 supporto a parete con regolazione fine<\/h2>\n<ul>\n \t<li>Lunghezza minima: 55\u2033.<\/li>\n \t<li>Larghezza massima: 110\u2033 di diagonale dello schermo<\/li>\n \t<li>Colore: Grigio scuro<\/li>\n \t<li>Per i produttori: Sanyo e Panasonic<\/li>\n \t<li>Regolazione della lunghezza: maunell<\/li>\n \t<li>Regolazione in altezza: 50 mm<\/li>\n \t<li>Staffa\/interfaccia: inclusa<\/li>\n \t<li>Funzione di inclinazione Regolazione fine: da +5 \u00b0 a -5 \u00b0<\/li>\n \t<li>Canalina per cavi: 28 mm \u00d8<\/li>\n \t<li>Ulteriori informazioni: adatto anche per Panasonic PT-CW230\/CW200<\/li>\n<\/ul>\n<a href=\"https:\/\/konferenztechnik.de\/wp-content\/uploads\/2013\/09\/0021840_manualEN.pdf\">Manuale Smart Metals 002.1840 (inglese)<\/a>\n<h2>Smart Metals \u2013 VideoWall 2\u00d72<\/h2>\n<a href=\"https:\/\/konferenztechnik.de\/wp-content\/uploads\/2013\/09\/smart-metals_video-wall082502202-landscape.jpg\"><img decoding=\"async\" class=\"alignleft size-medium wp-image-4463\" src=\"https:\/\/konferenztechnik.de\/wp-content\/uploads\/2013\/09\/smart-metals_video-wall082502202-landscape-300x280.jpg\" alt=\"Smart Metals Video Wall 082502202\" width=\"300\" height=\"280\" title=\"\" srcset=\"https:\/\/konferenztechnik.de\/wp-content\/uploads\/2013\/09\/smart-metals_video-wall082502202-landscape-300x280.jpg 300w, https:\/\/konferenztechnik.de\/wp-content\/uploads\/2013\/09\/smart-metals_video-wall082502202-landscape-768x717.jpg 768w, https:\/\/konferenztechnik.de\/wp-content\/uploads\/2013\/09\/smart-metals_video-wall082502202-landscape.jpg 1017w\" sizes=\"(max-width: 300px) 100vw, 300px\" \/><\/a>\n\nParete video compatta e facile da trasportare. La parete \u00e8 estremamente flessibile da usare: pu\u00f2 essere installata sul pavimento o fissata a pareti o tralicci. Il montaggio dei display sulla parete video \u00e8 molto semplice. I monitor sono collegati tra loro e al telaio mediante speciali morsetti. Sono presenti dispositivi orizzontali e verticali per la regolazione fine. La parete video pu\u00f2 essere utilizzata sia in modalit\u00e0 verticale che orizzontale.\n<h2>Smart Metals \u2013 VideoWall 2\u00d72<\/h2>\n<ul>\n \t<li>Peso: 147,78 kg<\/li>\n \t<li>Colore: nero<\/li>\n \t<li>Configurazione dello schermo: 2\u00d72<\/li>\n \t<li>Posizione dello schermo: orizzontale o verticale<\/li>\n \t<li>Regolazione in altezza: regolazione fine<\/li>\n \t<li>Staffa\/interfaccia: Incluso<\/li>\n \t<li>Rotazione: 90\u00b0<\/li>\n \t<li>Sistema di fissaggio: Meccanismo di accoppiamento a timone<\/li>\n \t<li>Ulteriori informazioni: Le nuove console offrono la regolazione fine orizzontale e verticale dei monitor e la possibilit\u00e0 di passare dalla modalit\u00e0 verticale a quella orizzontale. I piedini regolabili sono integrati nel telaio del pavimento.<\/li>\n<\/ul>\n<a href=\"https:\/\/konferenztechnik.de\/wp-content\/uploads\/2013\/09\/082502202_manualEN.pdf\">Manuale del videowall 082502202 IT<\/a>\n\n<a href=\"https:\/\/konferenztechnik.de\/wp-content\/uploads\/2013\/09\/082502202_SmartMetals_productleafletEN.pdf\">Video Wall 082502202 Scheda prodotto IT<\/a>\n<h2>Smart Metals \u2013 VideoWall 3\u00d73<\/h2>\n<a href=\"https:\/\/konferenztechnik.de\/wp-content\/uploads\/2013\/09\/smart-metals_video-wall_082503302_front.jpg\"><img loading=\"lazy\" decoding=\"async\" class=\"alignleft size-medium wp-image-4468\" src=\"https:\/\/konferenztechnik.de\/wp-content\/uploads\/2013\/09\/smart-metals_video-wall_082503302_front-300x275.jpg\" alt=\"Smart Metals Video Wall 082503302\" width=\"300\" height=\"275\" title=\"\" srcset=\"https:\/\/konferenztechnik.de\/wp-content\/uploads\/2013\/09\/smart-metals_video-wall_082503302_front-300x275.jpg 300w, https:\/\/konferenztechnik.de\/wp-content\/uploads\/2013\/09\/smart-metals_video-wall_082503302_front-1024x940.jpg 1024w, https:\/\/konferenztechnik.de\/wp-content\/uploads\/2013\/09\/smart-metals_video-wall_082503302_front-768x705.jpg 768w, https:\/\/konferenztechnik.de\/wp-content\/uploads\/2013\/09\/smart-metals_video-wall_082503302_front.jpg 1035w\" sizes=\"(max-width: 300px) 100vw, 300px\" \/><\/a>\n\nParete video compatta e facile da trasportare. La parete \u00e8 estremamente flessibile da usare: pu\u00f2 essere installata sul pavimento o fissata a pareti o tralicci. Il montaggio dei display sulla parete video \u00e8 molto semplice. I monitor sono collegati tra loro e al telaio mediante speciali morsetti. Sono presenti dispositivi orizzontali e verticali per la regolazione fine. La parete pu\u00f2 essere utilizzata sia in modalit\u00e0 verticale che orizzontale.\n<h2>Smart Metals \u2013 VideoWall 3\u00d73<\/h2>\n<ul>\n \t<li>Peso: 319,08 kg<\/li>\n \t<li>Colore: nero<\/li>\n \t<li>Configurazione dello schermo: 3 x 3<\/li>\n \t<li>Posizione dello schermo: orizzontale o verticale<\/li>\n \t<li>Regolazione in altezza: regolazione fine<\/li>\n \t<li>Staffa\/interfaccia: Incluso<\/li>\n \t<li>Tipo di supporto\/interfaccia: specifico per lo schermo<\/li>\n \t<li>Rotazione: 90\u00b0<\/li>\n \t<li>Sistema di fissaggio: Meccanismo di accoppiamento a timone<\/li>\n \t<li>Ulteriori informazioni: Le nuove console offrono la regolazione fine orizzontale e verticale dei monitor e la possibilit\u00e0 di passare dalla modalit\u00e0 verticale a quella orizzontale. I piedini regolabili sono integrati nel telaio del pavimento.<\/li>\n<\/ul>\n<a href=\"https:\/\/konferenztechnik.de\/wp-content\/uploads\/2013\/09\/082503302_SmartMetals_productleafletEN.pdf\">Smart Metals Video Wall 3\u00d73 Scheda prodotto Inglese<\/a>\n<h2>Custodia per tablet TC-IPAD per iPad 1, 2, 3 e 4<\/h2>\n<a href=\"https:\/\/konferenztechnik.de\/wp-content\/uploads\/2014\/02\/audipack-ipad-tablet-housing.jpg\"><img loading=\"lazy\" decoding=\"async\" width=\"450\" height=\"311\" class=\"alignleft size-full wp-image-4263\" src=\"https:\/\/konferenztechnik.de\/wp-content\/uploads\/2014\/02\/audipack-ipad-tablet-housing.jpg\" alt=\"Alloggiamento per tablet iPad\" title=\"\" srcset=\"https:\/\/konferenztechnik.de\/wp-content\/uploads\/2014\/02\/audipack-ipad-tablet-housing.jpg 450w, https:\/\/konferenztechnik.de\/wp-content\/uploads\/2014\/02\/audipack-ipad-tablet-housing-300x207.jpg 300w\" sizes=\"(max-width: 450px) 100vw, 450px\" \/><\/a>\n\n\nLa custodia TC-iPad protegge elegantemente il vostro iPad quando deve essere installato o esposto in luoghi pubblici.\nL'iPad pu\u00f2 essere fissato rapidamente nella custodia ed \u00e8 quindi efficacemente protetto dai furti. Grazie al sistema Smart Keylock, non sono visibili dall'esterno fori per chiavi o viti. La TC-Case pu\u00f2 essere utilizzata per il montaggio a parete o, in combinazione con un supporto opzionale, come supporto da pavimento.\n<h2>Supporto a parete per schermo piatto Audipack L&amp;S 3 \u2013 inclinabile<\/h2>\n<a href=\"https:\/\/konferenztechnik.de\/wp-content\/uploads\/2013\/09\/Audipack_Wandhalterung2.jpg\"><img loading=\"lazy\" decoding=\"async\" width=\"792\" height=\"594\" class=\"alignleft size-full wp-image-2681\" src=\"https:\/\/konferenztechnik.de\/wp-content\/uploads\/2013\/09\/Audipack_Wandhalterung2.jpg\" alt=\"Supporto a parete per schermo piatto Audipack L&amp;S 3 - inclinabile\" title=\"\" srcset=\"https:\/\/konferenztechnik.de\/wp-content\/uploads\/2013\/09\/Audipack_Wandhalterung2.jpg 792w, https:\/\/konferenztechnik.de\/wp-content\/uploads\/2013\/09\/Audipack_Wandhalterung2-300x225.jpg 300w, https:\/\/konferenztechnik.de\/wp-content\/uploads\/2013\/09\/Audipack_Wandhalterung2-768x576.jpg 768w\" sizes=\"(max-width: 792px) 100vw, 792px\" \/><\/a>\n\nSupporto a parete a regolazione continua per schermi fino a 127 cm (50 pollici). Versione con regolazione continua dell'angolo verticale da 0 a 10 gradi. Con dispositivo antifurto di serie (serrature disponibili come opzione).\n<h2>Supporto a parete per schermo Audipack VESA75\/100\/200<\/h2>\n<a href=\"https:\/\/konferenztechnik.de\/wp-content\/uploads\/2013\/09\/Audipack_WandhalterungVesa75_100_200.jpg\"><img loading=\"lazy\" decoding=\"async\" width=\"792\" height=\"594\" class=\"alignleft size-full wp-image-2679\" src=\"https:\/\/konferenztechnik.de\/wp-content\/uploads\/2013\/09\/Audipack_WandhalterungVesa75_100_200.jpg\" alt=\"Supporto a parete per schermo Audipack VESA75\/100\/200\" title=\"\" srcset=\"https:\/\/konferenztechnik.de\/wp-content\/uploads\/2013\/09\/Audipack_WandhalterungVesa75_100_200.jpg 792w, https:\/\/konferenztechnik.de\/wp-content\/uploads\/2013\/09\/Audipack_WandhalterungVesa75_100_200-300x225.jpg 300w, https:\/\/konferenztechnik.de\/wp-content\/uploads\/2013\/09\/Audipack_WandhalterungVesa75_100_200-768x576.jpg 768w\" sizes=\"(max-width: 792px) 100vw, 792px\" \/><\/a>\n\nBraccio a parete a doppia rotazione per schermi piatti da 43 a 81 centimetri (da 17 a 32 pollici). Punti di montaggio VESA 75\/100\/200. Con gestione dei cavi e livella integrata per una facile installazione.\nI supporti a parete VESA sono disponibili anche in altre versioni. Basta chiedere a noi!\n<h2>Supporto a parete girevole Audipack per schermi<\/h2>\n<a href=\"https:\/\/konferenztechnik.de\/wp-content\/uploads\/2013\/09\/Audipack_Wandhalterung_Schwenkarm.jpg\"><img loading=\"lazy\" decoding=\"async\" width=\"792\" height=\"594\" class=\"alignleft size-full wp-image-2683\" src=\"https:\/\/konferenztechnik.de\/wp-content\/uploads\/2013\/09\/Audipack_Wandhalterung_Schwenkarm.jpg\" alt=\"Supporto a parete girevole Audipack per schermi\" title=\"\" srcset=\"https:\/\/konferenztechnik.de\/wp-content\/uploads\/2013\/09\/Audipack_Wandhalterung_Schwenkarm.jpg 792w, https:\/\/konferenztechnik.de\/wp-content\/uploads\/2013\/09\/Audipack_Wandhalterung_Schwenkarm-300x225.jpg 300w, https:\/\/konferenztechnik.de\/wp-content\/uploads\/2013\/09\/Audipack_Wandhalterung_Schwenkarm-768x576.jpg 768w\" sizes=\"(max-width: 792px) 100vw, 792px\" \/><\/a>\n\nSupporto a parete con braccio girevole disponibile per schermi fino a 160 cm (63 pollici). Il braccio girevole pu\u00f2 essere utilizzato per ruotare lo schermo a sinistra o a destra e allontanarlo dalla parete in posizione verticale. La posizione dello schermo pu\u00f2 essere bloccata in qualsiasi posizione. Lo schermo pu\u00f2 essere fissato con un gancio di sicurezza (Lock &amp; Secure). Quando \u00e8 completamente ripiegato, il braccio girevole \u00e8 profondo solo 120 mm.\n<h2>Supporto a parete per proiettore Audipack<\/h2>\n<a href=\"https:\/\/konferenztechnik.de\/wp-content\/uploads\/2013\/09\/Audipack_Wandhalterung5.jpg\"><img loading=\"lazy\" decoding=\"async\" width=\"792\" height=\"594\" class=\"alignleft size-full wp-image-2682\" src=\"https:\/\/konferenztechnik.de\/wp-content\/uploads\/2013\/09\/Audipack_Wandhalterung5.jpg\" alt=\"Supporto a parete per proiettore Audipack\" title=\"\" srcset=\"https:\/\/konferenztechnik.de\/wp-content\/uploads\/2013\/09\/Audipack_Wandhalterung5.jpg 792w, https:\/\/konferenztechnik.de\/wp-content\/uploads\/2013\/09\/Audipack_Wandhalterung5-300x225.jpg 300w, https:\/\/konferenztechnik.de\/wp-content\/uploads\/2013\/09\/Audipack_Wandhalterung5-768x576.jpg 768w\" sizes=\"(max-width: 792px) 100vw, 792px\" \/><\/a>\n\nSupporto a parete per proiettori e telecamere fino a 50 kg. Rigidit\u00e0 molto elevata e regolazione fine. Il supporto a parete si utilizza in combinazione con i vari supporti per proiettori Audipack. Sono disponibili modelli di varie lunghezze.\n\n\n\nPCS GmbH \u00e8 il distributore ufficiale tedesco di Audipack. Offriamo una consulenza esperta e tempi di consegna rapidi.\n\n<img loading=\"lazy\" decoding=\"async\" class=\"alignright size-full wp-image-5489\" src=\"https:\/\/konferenztechnik.de\/wp-content\/uploads\/2013\/09\/PCS-GmbH-Audipack-authorized-dealer-small.jpg\" alt=\"PCS GmbH \u00e8 un rivenditore autorizzato Audipack\" width=\"200\" height=\"81\" title=\"\">\t\t\t\t\t\t\t\t<\/div>\n\t\t\t\t<\/div>\n\t\t\t\t\t<\/div>\n\t\t<\/div>\n\t\t\t\t\t<\/div>\n\t\t<\/section>\n\t\t\t\t<\/div>","protected":false},"excerpt":{"rendered":"<p>Wandhalterungen Audipack Bildschirm Wandhalterung L&amp;S 3 Flache Wandhalterung f\u00fcr Bildschirme bis 127 cm (50 Zoll). Diese nicht verstellbare Wandhalterung ist nur 18 mm tief und bietet die M\u00f6glichkeit, den Bildschrim mittels Sicherungshaken zu sichern (Lock &amp; Secure). Smart Metals &#8211; Wandhalterung mit Feineinstellung Wandhalterung f\u00fcr Ultra-Short-Throw-Projektoren, wie die Hitachi A100-Serie, der Sanyo PLC-XL50 oder PDG-DWL2500. [&hellip;]<\/p>","protected":false},"author":1,"featured_media":45482,"parent":1221,"menu_order":129,"comment_status":"closed","ping_status":"open","template":"","meta":{"_acf_changed":false,"footnotes":""},"class_list":["post-2618","page","type-page","status-publish","has-post-thumbnail","hentry"],"acf":[],"_links":{"self":[{"href":"https:\/\/konferenztechnik.de\/it\/wp-json\/wp\/v2\/pages\/2618","targetHints":{"allow":["GET"]}}],"collection":[{"href":"https:\/\/konferenztechnik.de\/it\/wp-json\/wp\/v2\/pages"}],"about":[{"href":"https:\/\/konferenztechnik.de\/it\/wp-json\/wp\/v2\/types\/page"}],"author":[{"embeddable":true,"href":"https:\/\/konferenztechnik.de\/it\/wp-json\/wp\/v2\/users\/1"}],"replies":[{"embeddable":true,"href":"https:\/\/konferenztechnik.de\/it\/wp-json\/wp\/v2\/comments?post=2618"}],"version-history":[{"count":0,"href":"https:\/\/konferenztechnik.de\/it\/wp-json\/wp\/v2\/pages\/2618\/revisions"}],"up":[{"embeddable":true,"href":"https:\/\/konferenztechnik.de\/it\/wp-json\/wp\/v2\/pages\/1221"}],"wp:featuredmedia":[{"embeddable":true,"href":"https:\/\/konferenztechnik.de\/it\/wp-json\/wp\/v2\/media\/45482"}],"wp:attachment":[{"href":"https:\/\/konferenztechnik.de\/it\/wp-json\/wp\/v2\/media?parent=2618"}],"curies":[{"name":"wp","href":"https:\/\/api.w.org\/{rel}","templated":true}]}}