{"id":2628,"date":"2013-09-25T15:15:19","date_gmt":"2013-09-25T13:15:19","guid":{"rendered":"https:\/\/konferenztechnik.de\/?page_id=2628"},"modified":"2023-07-05T14:21:35","modified_gmt":"2023-07-05T12:21:35","slug":"supporti-a-soffitto","status":"publish","type":"page","link":"https:\/\/konferenztechnik.de\/it\/distribuzione-di-tecnologia-per-conferenze-e-media-av\/tecnologia-video\/supporti-per-display-e-proiettori-2\/supporti-a-soffitto\/","title":{"rendered":"Staffe per il soffitto"},"content":{"rendered":"<h1>Staffe per il soffitto<\/h1>\n<h2>Supporto a soffitto per proiettore Audipack<\/h2>\n<p><a href=\"https:\/\/konferenztechnik.de\/wp-content\/uploads\/2013\/09\/audipack_beamer_deckenhalterung_pcs.jpg\"><img fetchpriority=\"high\" decoding=\"async\" width=\"792\" height=\"594\" src=\"https:\/\/konferenztechnik.de\/wp-content\/uploads\/2013\/09\/audipack_beamer_deckenhalterung_pcs.jpg\" alt=\"Supporto a soffitto per proiettore Audipack\" class=\"alignleft size-full wp-image-2752\" title=\"\" srcset=\"https:\/\/konferenztechnik.de\/wp-content\/uploads\/2013\/09\/audipack_beamer_deckenhalterung_pcs.jpg 792w, https:\/\/konferenztechnik.de\/wp-content\/uploads\/2013\/09\/audipack_beamer_deckenhalterung_pcs-300x225.jpg 300w, https:\/\/konferenztechnik.de\/wp-content\/uploads\/2013\/09\/audipack_beamer_deckenhalterung_pcs-768x576.jpg 768w\" sizes=\"(max-width: 792px) 100vw, 792px\" \/><\/a><\/p>\n<p>Supporto da soffitto per proiettori e display fino a 70 kg. Include un giunto sferico brevettato per un allineamento ottimale del proiettore.<\/p>\n<h2>Supporto a soffitto per proiettore Audipack<\/h2>\n<ul>\n<li>Peso molto ridotto<\/li>\n<li>Allineamento flessibile del proiettore<\/li>\n<li>Piastra di montaggio compatibile con tutti i supporti per proiettori Audipack<\/li>\n<li>Lunghezza fissa di 165 mm<\/li>\n<li>Certificato T\u00dcV<\/li>\n<li>Numero articolo: 390065<\/li>\n<\/ul>\n<h2>Supporto per proiettore con testa girevole a 90\u00b0<\/h2>\n<p><a href=\"https:\/\/konferenztechnik.de\/wp-content\/uploads\/2013\/09\/audipack_projektorhalterung_392361_pcs.jpg\"><img decoding=\"async\" width=\"792\" height=\"594\" src=\"https:\/\/konferenztechnik.de\/wp-content\/uploads\/2013\/09\/audipack_projektorhalterung_392361_pcs.jpg\" alt=\"Supporto per proiettore con testa girevole a 90\u00b0\" class=\"alignleft size-full wp-image-2756\" title=\"\" srcset=\"https:\/\/konferenztechnik.de\/wp-content\/uploads\/2013\/09\/audipack_projektorhalterung_392361_pcs.jpg 792w, https:\/\/konferenztechnik.de\/wp-content\/uploads\/2013\/09\/audipack_projektorhalterung_392361_pcs-300x225.jpg 300w, https:\/\/konferenztechnik.de\/wp-content\/uploads\/2013\/09\/audipack_projektorhalterung_392361_pcs-768x576.jpg 768w\" sizes=\"(max-width: 792px) 100vw, 792px\" \/><\/a><\/p>\n<p>Supporto da soffitto per proiettori e display fino a 70 kg. Il design telescopico consente una lunghezza flessibile da 700 a 940 mm. Include un giunto sferico brevettato per un allineamento ottimale del proiettore e la possibilit\u00e0 di spostarlo verticalmente di 90 gradi. Prese per cavi per un'installazione comoda e sicura.<\/p>\n<h2>Supporto per proiettore con testa girevole a 90\u00b0<\/h2>\n<ul>\n<li>Lunghezza regolabile da 700 a 940 mm<\/li>\n<li>Allineamento flessibile del proiettore, rotazione verticale fino a 90 gradi<\/li>\n<li>Piastra di montaggio compatibile con tutti i supporti per proiettori Audipack<\/li>\n<li>Canalina portacavi integrata con uscite<\/li>\n<li>Numero articolo: 390201<\/li>\n<\/ul>\n<h2>Supporto per proiettore a sgancio rapido Plus<\/h2>\n<p><a href=\"https:\/\/konferenztechnik.de\/wp-content\/uploads\/2013\/09\/audipack_projektorhalterung_392361b_pcs.jpg\"><img decoding=\"async\" width=\"792\" height=\"594\" src=\"https:\/\/konferenztechnik.de\/wp-content\/uploads\/2013\/09\/audipack_projektorhalterung_392361b_pcs.jpg\" alt=\"Supporto per proiettore a sgancio rapido Plus\" class=\"alignleft size-full wp-image-2757\" title=\"\" srcset=\"https:\/\/konferenztechnik.de\/wp-content\/uploads\/2013\/09\/audipack_projektorhalterung_392361b_pcs.jpg 792w, https:\/\/konferenztechnik.de\/wp-content\/uploads\/2013\/09\/audipack_projektorhalterung_392361b_pcs-300x225.jpg 300w, https:\/\/konferenztechnik.de\/wp-content\/uploads\/2013\/09\/audipack_projektorhalterung_392361b_pcs-768x576.jpg 768w\" sizes=\"(max-width: 792px) 100vw, 792px\" \/><\/a><\/p>\n<p>Supporto da soffitto Quick Release Plus per proiettori fino a 50 kg. Lo speciale sistema di bloccaggio Quick Release Plus consente di sollevare e abbassare il proiettore molto rapidamente. Regolazione tridimensionale dell'allineamento del proiettore grazie a tre manopole di regolazione sulla piastra di montaggio. Ideale per le configurazioni con pi\u00f9 proiettori!<\/p>\n<h2>Supporto per proiettore a sgancio rapido Plus<\/h2>\n<ul>\n<li>Proiettori fino a 50 kg<\/li>\n<li>Allineamento tridimensionale flessibile del proiettore<\/li>\n<li>Piastra di montaggio compatibile con tutti i supporti per proiettori Audipack<\/li>\n<li>Numero articolo: 392361<\/li>\n<\/ul>\n<h2>Supporto per proiettore Quatrofix<\/h2>\n<p><a href=\"https:\/\/konferenztechnik.de\/wp-content\/uploads\/2013\/09\/Audipack-QFIX-0100G.jpg\"><img loading=\"lazy\" decoding=\"async\" width=\"800\" height=\"600\" src=\"https:\/\/konferenztechnik.de\/wp-content\/uploads\/2013\/09\/Audipack-QFIX-0100G.jpg\" alt=\"Supporto per proiettore Quatrofix\" class=\"alignleft size-full wp-image-2751\" title=\"\" srcset=\"https:\/\/konferenztechnik.de\/wp-content\/uploads\/2013\/09\/Audipack-QFIX-0100G.jpg 800w, https:\/\/konferenztechnik.de\/wp-content\/uploads\/2013\/09\/Audipack-QFIX-0100G-300x225.jpg 300w, https:\/\/konferenztechnik.de\/wp-content\/uploads\/2013\/09\/Audipack-QFIX-0100G-768x576.jpg 768w\" sizes=\"(max-width: 800px) 100vw, 800px\" \/><\/a><\/p>\n<p>La staffa Quatrofix pu\u00f2 essere regolata in modo flessibile in base alle dimensioni del proiettore, in modo da poter montare diversi produttori e modelli. \u00c8 possibile utilizzare proiettori di peso fino a 20 kg. La soluzione ideale per il montaggio a soffitto dei proiettori in modo semplice e veloce. Disponibile anche in diverse lunghezze.<\/p>\n<h2>Supporto per proiettore Quatrofix<\/h2>\n<ul>\n<li>design minimalista<\/li>\n<li>disponibile in diverse dimensioni<\/li>\n<li>Semplice passaggio dei cavi<\/li>\n<\/ul>\n<h2>Smart Metals \u2013 montaggio a soffitto (serie light) incl. staffa VESA 200<\/h2>\n<p><a href=\"https:\/\/konferenztechnik.de\/wp-content\/uploads\/2013\/09\/smart-metals_ceiling-mount_0728100122.jpg\"><img loading=\"lazy\" decoding=\"async\" src=\"https:\/\/konferenztechnik.de\/wp-content\/uploads\/2013\/09\/smart-metals_ceiling-mount_0728100122-124x300.jpg\" alt=\"Smart Metals_Montaggio a soffitto 0728100122\" width=\"124\" height=\"300\" class=\"alignleft size-medium wp-image-4431\" title=\"\"><\/a><\/p>\n<p>Montaggio a soffitto per display della Serie Light. I display possono essere montati sia in posizione orizzontale che verticale.  Il supporto viene fornito con una staffa VESA 200. Sono ovviamente disponibili altre varianti. Sono ovviamente disponibili altre varianti di staffa. Basta chiedere a noi.<\/p>\n<h2>Smart Metals \u2013 montaggio a soffitto (serie light) incl. staffa VESA 200<\/h2>\n<ul>\n<li>Lunghezza massima: 1000 mm<\/li>\n<li>Peso: 10,2 kg<\/li>\n<li>Colore: grigio scuro e alluminio<\/li>\n<li>Carico massimo: 30 kg<\/li>\n<li>Posizione dello schermo: orizzontale e verticale<\/li>\n<li>Gamma di pollici: max. 55 pollici<\/li>\n<li>Staffa\/interfaccia: inclusa<\/li>\n<li>Tipo di montaggio\/interfaccia: VESA<\/li>\n<li>Angolo di apertura\/interfaccia: VESA 100, 200<\/li>\n<li>Funzione di inclinazione: max. 15 \u00b0<\/li>\n<li>Funzione di inclinazione del soffitto: da +30 \u00b0 a -30 \u00b0<\/li>\n<li>Canalina per cavi: 35 x 15 mm<\/li>\n<\/ul>\n<p><a href=\"https:\/\/konferenztechnik.de\/wp-content\/uploads\/2013\/09\/0728100122_SmartMetals_productleafletEN.pdf\">Scheda informativa del prodotto Smart Metals 072.8100-122 (inglese)<\/a><\/p>\n<h2>Smart Metals \u2013 montaggio a soffitto (serie light) incl. staffa VESA 400<\/h2>\n<p><a href=\"https:\/\/konferenztechnik.de\/wp-content\/uploads\/2013\/09\/smart-metals_ceiling-mount_0728100144.jpg\"><img loading=\"lazy\" decoding=\"async\" src=\"https:\/\/konferenztechnik.de\/wp-content\/uploads\/2013\/09\/smart-metals_ceiling-mount_0728100144-144x300.jpg\" alt=\"Smart Metals a soffitto 0728100144\" width=\"144\" height=\"300\" class=\"alignleft size-medium wp-image-4433\" title=\"\" srcset=\"https:\/\/konferenztechnik.de\/wp-content\/uploads\/2013\/09\/smart-metals_ceiling-mount_0728100144-144x300.jpg 144w, https:\/\/konferenztechnik.de\/wp-content\/uploads\/2013\/09\/smart-metals_ceiling-mount_0728100144.jpg 480w\" sizes=\"(max-width: 144px) 100vw, 144px\" \/><\/a><\/p>\n<p>Montaggio a soffitto per display della Serie Light. I display possono essere montati sia in posizione orizzontale che verticale.  Il supporto viene fornito con una staffa VESA 400. Sono ovviamente disponibili altre varianti di staffa. Basta chiedere a noi.<\/p>\n<h2>Smart Metals \u2013 montaggio a soffitto (serie light) incl. staffa VESA 400<\/h2>\n<ul>\n<li>Lunghezza massima: 1000 mm<\/li>\n<li>Peso: 12,3 kg<\/li>\n<li>Colore: grigio scuro e alluminio<\/li>\n<li>Carico massimo: 30 kg<\/li>\n<li>Posizione dello schermo: orizzontale e verticale<\/li>\n<li>Gamma di pollici: max. 55 pollici<\/li>\n<li>Staffa\/interfaccia: inclusa<\/li>\n<li>Tipo di montaggio\/interfaccia: VESA<\/li>\n<li>Funzione di inclinazione: max. 15 \u00b0<\/li>\n<li>Funzione di inclinazione del soffitto: da +30 \u00b0 a -30 \u00b0<\/li>\n<li>Canalina per cavi: 35 x 15 mm<\/li>\n<\/ul>\n<p><a href=\"https:\/\/konferenztechnik.de\/wp-content\/uploads\/2013\/09\/0728100144_SmartMetals_productleafletEN.pdf\">0728100144_SmartMetals_productleafletEN<\/a>Scheda informativa del prodotto Smart Metals 072.8100-144 (inglese)<\/p>\n<h2>Staffa a soffitto per proiettore<\/h2>\n<p><a href=\"https:\/\/konferenztechnik.de\/wp-content\/uploads\/2013\/09\/Audipack_Konstruktionsklammer.jpg\"><img loading=\"lazy\" decoding=\"async\" width=\"792\" height=\"594\" src=\"https:\/\/konferenztechnik.de\/wp-content\/uploads\/2013\/09\/Audipack_Konstruktionsklammer.jpg\" alt=\"Staffa a soffitto per proiettore\" class=\"alignleft size-full wp-image-2754\" title=\"\" srcset=\"https:\/\/konferenztechnik.de\/wp-content\/uploads\/2013\/09\/Audipack_Konstruktionsklammer.jpg 792w, https:\/\/konferenztechnik.de\/wp-content\/uploads\/2013\/09\/Audipack_Konstruktionsklammer-300x225.jpg 300w, https:\/\/konferenztechnik.de\/wp-content\/uploads\/2013\/09\/Audipack_Konstruktionsklammer-768x576.jpg 768w\" sizes=\"(max-width: 792px) 100vw, 792px\" \/><\/a><\/p>\n<p>Morsetto per fissare i proiettori a travi d'acciaio o altre strutture senza comprometterne la resistenza statica. Il morsetto pu\u00f2 essere utilizzato senza cavo di sicurezza ed \u00e8 estremamente facile da installare. Per proiettori fino a 50 kg.<\/p>\n<h2>Staffa a soffitto per rotazione manuale<\/h2>\n<p><a href=\"https:\/\/konferenztechnik.de\/wp-content\/uploads\/2013\/09\/Audipack_Deckenhalterung_ManuelleRotation.jpg\"><img loading=\"lazy\" decoding=\"async\" width=\"792\" height=\"594\" src=\"https:\/\/konferenztechnik.de\/wp-content\/uploads\/2013\/09\/Audipack_Deckenhalterung_ManuelleRotation.jpg\" alt=\"Staffa a soffitto per rotazione manuale\" class=\"alignleft size-full wp-image-2753\" title=\"\" srcset=\"https:\/\/konferenztechnik.de\/wp-content\/uploads\/2013\/09\/Audipack_Deckenhalterung_ManuelleRotation.jpg 792w, https:\/\/konferenztechnik.de\/wp-content\/uploads\/2013\/09\/Audipack_Deckenhalterung_ManuelleRotation-300x225.jpg 300w, https:\/\/konferenztechnik.de\/wp-content\/uploads\/2013\/09\/Audipack_Deckenhalterung_ManuelleRotation-768x576.jpg 768w\" sizes=\"(max-width: 792px) 100vw, 792px\" \/><\/a><\/p>\n<p>Piastra di montaggio ruotabile manualmente per proiettori. Il proiettore pu\u00f2 essere ruotato sul proprio asse dopo il montaggio. Include un giunto a sfera. Per proiettori fino a 50 kg.<\/p>\n<h2>Kit specchio Audipack<\/h2>\n<p><a href=\"https:\/\/konferenztechnik.de\/wp-content\/uploads\/2013\/09\/Audipack_MirrorKit.jpg\"><img loading=\"lazy\" decoding=\"async\" width=\"792\" height=\"594\" src=\"https:\/\/konferenztechnik.de\/wp-content\/uploads\/2013\/09\/Audipack_MirrorKit.jpg\" alt=\"Kit specchio Audipack\" class=\"alignleft size-full wp-image-2755\" title=\"\" srcset=\"https:\/\/konferenztechnik.de\/wp-content\/uploads\/2013\/09\/Audipack_MirrorKit.jpg 792w, https:\/\/konferenztechnik.de\/wp-content\/uploads\/2013\/09\/Audipack_MirrorKit-300x225.jpg 300w, https:\/\/konferenztechnik.de\/wp-content\/uploads\/2013\/09\/Audipack_MirrorKit-768x576.jpg 768w\" sizes=\"(max-width: 792px) 100vw, 792px\" \/><\/a><\/p>\n<p>Con il Kit specchio, il proiettore viene installato nel soffitto, la proiezione viene deviata tramite specchi pieghevoli e proiettata sulla parete. In questo modo il proiettore non \u00e8 visibile, \u00e8 pi\u00f9 silenzioso e la presa a soffitto \u00e8 visibile solo nelle dimensioni dello specchio. Questa funzione offre molti vantaggi negli ambienti in cui \u00e8 particolarmente importante vedere il meno possibile la tecnologia utilizzata. I kit di specchi sono disponibili in vari design per diversi produttori e modelli.<\/p>\n<p>Sono disponibili anche altri modelli per l'installazione su tavoli da conferenza. Lasciatevi consigliare!<\/p>\n<h2>Audipack RotaKit<\/h2>\n<p><a href=\"https:\/\/konferenztechnik.de\/wp-content\/uploads\/2013\/09\/Audipack_RotaKit.jpg\"><img loading=\"lazy\" decoding=\"async\" width=\"792\" height=\"594\" src=\"https:\/\/konferenztechnik.de\/wp-content\/uploads\/2013\/09\/Audipack_RotaKit.jpg\" alt=\"Audipack RotaKit\" class=\"alignleft size-full wp-image-2758\" title=\"\" srcset=\"https:\/\/konferenztechnik.de\/wp-content\/uploads\/2013\/09\/Audipack_RotaKit.jpg 792w, https:\/\/konferenztechnik.de\/wp-content\/uploads\/2013\/09\/Audipack_RotaKit-300x225.jpg 300w, https:\/\/konferenztechnik.de\/wp-content\/uploads\/2013\/09\/Audipack_RotaKit-768x576.jpg 768w\" sizes=\"(max-width: 792px) 100vw, 792px\" \/><\/a><\/p>\n<p>Sistema elettrico con quattro preimpostazioni programmabili per ruotare e allineare orizzontalmente un proiettore o uno schermo. Ci\u00f2 consente di illuminare quattro diverse superfici di proiezione, ad esempio in sale con posizioni di palco variabili. Sono disponibili tre diversi modelli standard.<\/p>\n<h2>Audipack RotaKit<\/h2>\n<ul>\n<li>Rotazione elettrica<\/li>\n<li>Pu\u00f2 essere controllato tramite rel\u00e8 di contatto<\/li>\n<li>Proiettori fino a 20 kg, display fino a 50 kg<\/li>\n<li>Funzione di avvio e arresto lento<\/li>\n<\/ul>\n<p>PCS GmbH \u00e8 il distributore ufficiale tedesco di Audipack. Vi offriamo una consulenza esperta e tempi di consegna rapidi.<\/p>\n<p><img loading=\"lazy\" decoding=\"async\" src=\"https:\/\/konferenztechnik.de\/wp-content\/uploads\/2013\/09\/PCS-GmbH-Audipack-authorized-dealer-small.jpg\" alt=\"PCS GmbH \u00e8 un rivenditore autorizzato Audipack\" width=\"200\" height=\"81\" class=\"alignright size-full wp-image-5489\" title=\"\"><\/p>","protected":false},"excerpt":{"rendered":"<p>Deckenhalterungen Audipack Projektor-Deckenhalterung Projektor-Deckenhalterung f\u00fcr Projektoren und Displays bis 70 kg. Inklusive patentiertem Kugelgelenk f\u00fcr eine optimale Projektorausrichtung. Audipack Projektor-Deckenhalterung sehr geringes Gewicht flexible Projektorausrichtung Montageplatte mit allen Audipack Projektorhalterungen kompatibel feste L\u00e4nge von 165 mm T\u00dcV zertifiziert Artikel Nr.: 390065 Projektorhalterung mit 90\u00b0 Drehkopf Projektor-Deckenhalterung f\u00fcr Projektoren und Displays bis 70 kg. Die Teleskopbauweise [&hellip;]<\/p>","protected":false},"author":1,"featured_media":45482,"parent":1221,"menu_order":128,"comment_status":"closed","ping_status":"open","template":"","meta":{"_acf_changed":false,"footnotes":""},"class_list":["post-2628","page","type-page","status-publish","has-post-thumbnail","hentry"],"acf":[],"_links":{"self":[{"href":"https:\/\/konferenztechnik.de\/it\/wp-json\/wp\/v2\/pages\/2628","targetHints":{"allow":["GET"]}}],"collection":[{"href":"https:\/\/konferenztechnik.de\/it\/wp-json\/wp\/v2\/pages"}],"about":[{"href":"https:\/\/konferenztechnik.de\/it\/wp-json\/wp\/v2\/types\/page"}],"author":[{"embeddable":true,"href":"https:\/\/konferenztechnik.de\/it\/wp-json\/wp\/v2\/users\/1"}],"replies":[{"embeddable":true,"href":"https:\/\/konferenztechnik.de\/it\/wp-json\/wp\/v2\/comments?post=2628"}],"version-history":[{"count":0,"href":"https:\/\/konferenztechnik.de\/it\/wp-json\/wp\/v2\/pages\/2628\/revisions"}],"up":[{"embeddable":true,"href":"https:\/\/konferenztechnik.de\/it\/wp-json\/wp\/v2\/pages\/1221"}],"wp:featuredmedia":[{"embeddable":true,"href":"https:\/\/konferenztechnik.de\/it\/wp-json\/wp\/v2\/media\/45482"}],"wp:attachment":[{"href":"https:\/\/konferenztechnik.de\/it\/wp-json\/wp\/v2\/media?parent=2628"}],"curies":[{"name":"wp","href":"https:\/\/api.w.org\/{rel}","templated":true}]}}