{"id":2630,"date":"2013-09-25T15:16:13","date_gmt":"2013-09-25T13:16:13","guid":{"rendered":"https:\/\/konferenztechnik.de\/?page_id=2630"},"modified":"2023-07-05T10:58:26","modified_gmt":"2023-07-05T08:58:26","slug":"staffe-per-capriate","status":"publish","type":"page","link":"https:\/\/konferenztechnik.de\/it\/distribuzione-di-tecnologia-per-conferenze-e-media-av\/tecnologia-video\/supporti-per-display-e-proiettori-2\/staffe-per-capriate\/","title":{"rendered":"Staffe per capriate"},"content":{"rendered":"<h1>Staffe per capriate<\/h1>\n<h2>Supporto a traliccio per proiettore a sgancio rapido Audipack<\/h2>\n<p><a href=\"https:\/\/konferenztechnik.de\/wp-content\/uploads\/2013\/09\/Audipack_Trusshalterung_QuickRelease.jpg\"><img fetchpriority=\"high\" decoding=\"async\" width=\"792\" height=\"594\" class=\"alignleft size-full wp-image-2773\" src=\"https:\/\/konferenztechnik.de\/wp-content\/uploads\/2013\/09\/Audipack_Trusshalterung_QuickRelease.jpg\" alt=\"Supporto a traliccio per proiettore a sgancio rapido Audipack\" title=\"\" srcset=\"https:\/\/konferenztechnik.de\/wp-content\/uploads\/2013\/09\/Audipack_Trusshalterung_QuickRelease.jpg 792w, https:\/\/konferenztechnik.de\/wp-content\/uploads\/2013\/09\/Audipack_Trusshalterung_QuickRelease-300x225.jpg 300w, https:\/\/konferenztechnik.de\/wp-content\/uploads\/2013\/09\/Audipack_Trusshalterung_QuickRelease-768x576.jpg 768w\" sizes=\"(max-width: 792px) 100vw, 792px\" \/><\/a><\/p>\n<p>Supporto a traliccio per proiettori fino a 50 kg, abbinabile a tutti i supporti per proiettori Audipack e agli Easy-Mount.<\/p>\n<p>Il supporto a traliccio per proiettori a sgancio rapido pu\u00f2 essere fissato in modo semplice e sicuro al traliccio. Grazie al sistema di montaggio del proiettore con giunto sferico, i proiettori possono essere montati, allineati o sostituiti con la stessa facilit\u00e0. La staffa \u00e8 disponibile in varie lunghezze e design e pu\u00f2 essere personalizzata per soddisfare le vostre esigenze.<\/p>\n<h2>Supporto a traliccio per proiettore Audipack a sgancio rapido Plus<\/h2>\n<p><a href=\"https:\/\/konferenztechnik.de\/wp-content\/uploads\/2018\/04\/Audipack-projector-truss-mount-quick-release-plus.jpg\"><img decoding=\"async\" width=\"800\" height=\"600\" class=\"alignleft size-full wp-image-13004\" src=\"https:\/\/konferenztechnik.de\/wp-content\/uploads\/2018\/04\/Audipack-projector-truss-mount-quick-release-plus.jpg\" alt=\"Supporto per proiettore Audipack a traliccio Quick-Release-Plus\" title=\"\" srcset=\"https:\/\/konferenztechnik.de\/wp-content\/uploads\/2018\/04\/Audipack-projector-truss-mount-quick-release-plus.jpg 800w, https:\/\/konferenztechnik.de\/wp-content\/uploads\/2018\/04\/Audipack-projector-truss-mount-quick-release-plus-300x225.jpg 300w, https:\/\/konferenztechnik.de\/wp-content\/uploads\/2018\/04\/Audipack-projector-truss-mount-quick-release-plus-768x576.jpg 768w\" sizes=\"(max-width: 800px) 100vw, 800px\" \/><\/a><\/p>\n<p>Supporto a traliccio per proiettori fino a 50 kg, abbinabile a tutti i supporti per proiettori Audipack e agli Easy-Mount.<\/p>\n<p>Il supporto per traliccio Quick Release Projector Plus pu\u00f2 essere fissato in modo semplice e sicuro al traliccio. Grazie al sistema di montaggio del proiettore con giunto sferico, i proiettori possono essere montati, allineati o sostituiti con la stessa facilit\u00e0.<\/p>\n<h2>Supporto a traliccio per proiettore Audipack a sgancio rapido Plus<\/h2>\n<p>Oltre al giunto sferico, la versione Plus \u00e8 dotata di una piattaforma di allineamento con tre manopole di regolazione. Ci\u00f2 consente di impostare la posizione del proiettore con estrema precisione, il che \u00e8 particolarmente utile quando si utilizzano pi\u00f9 proiettori contemporaneamente!<\/p>\n<p>La staffa \u00e8 disponibile in varie lunghezze e design e pu\u00f2 essere personalizzata per soddisfare le vostre esigenze.<\/p>\n<h2>Supporto a traliccio Smart Metals per la regolazione del proiettore (n. prod. 002.1600)<\/h2>\n<p><a href=\"https:\/\/konferenztechnik.de\/wp-content\/uploads\/2014\/04\/smart-metals_truss-mount_0021600.jpg\"><img decoding=\"async\" width=\"1769\" height=\"1424\" class=\"alignleft size-full wp-image-4375\" src=\"https:\/\/konferenztechnik.de\/wp-content\/uploads\/2014\/04\/smart-metals_truss-mount_0021600.jpg\" alt=\"Smart Metals Supporto per traliccio 002.1600\" title=\"\" srcset=\"https:\/\/konferenztechnik.de\/wp-content\/uploads\/2014\/04\/smart-metals_truss-mount_0021600.jpg 1769w, https:\/\/konferenztechnik.de\/wp-content\/uploads\/2014\/04\/smart-metals_truss-mount_0021600-300x241.jpg 300w, https:\/\/konferenztechnik.de\/wp-content\/uploads\/2014\/04\/smart-metals_truss-mount_0021600-1024x824.jpg 1024w, https:\/\/konferenztechnik.de\/wp-content\/uploads\/2014\/04\/smart-metals_truss-mount_0021600-768x618.jpg 768w, https:\/\/konferenztechnik.de\/wp-content\/uploads\/2014\/04\/smart-metals_truss-mount_0021600-1536x1236.jpg 1536w\" sizes=\"(max-width: 1769px) 100vw, 1769px\" \/><\/a><\/p>\n<p>Grazie allo speciale meccanismo di regolazione fine della filettatura, \u00e8 possibile orientare e inclinare i proiettori in modo uniforme fino a 20 gradi. Le regolazioni possono essere effettuate con estrema facilit\u00e0, il che pu\u00f2 essere particolarmente utile per le proiezioni multiple.<br \/>\nIl meccanismo consente di risparmiare tempo prezioso per i tecnici in loco. La staffa \u00e8 isolata elettricamente e pu\u00f2 essere ordinata in diverse versioni.<\/p>\n<h2>Supporto a traliccio Smart Metals per la regolazione del proiettore (n. prod. 002.1600)<\/h2>\n<ul>\n<li>Lunghezza massima: 180 mm<\/li>\n<li>Peso: 5,10 kg<\/li>\n<li>Colore: nero<\/li>\n<li>Carico massimo: 25 kg<\/li>\n<li>Staffa\/interfaccia: opzionale<\/li>\n<li>Tipo di supporto\/interfaccia: specifico per proiettori<\/li>\n<li>Funzione di inclinazione: regolazione fine da +20\u00b0 a -20\u00b0.<\/li>\n<li>Rotazione: 180\u00b010.04.2014 14:22:02<\/li>\n<li>Ulteriori informazioni: Isolamento elettrico, esclusi i morsetti a scatto Doughty (2x 003.1128)<\/li>\n<\/ul>\n<p><a href=\"https:\/\/konferenztechnik.de\/wp-content\/uploads\/2013\/09\/0021600_SmartMetals_productleafletEN.pdf\"> Scheda informativa sul prodotto Smart Metals 002.1600 (inglese)<\/a><\/p>\n<h2>Staffa per tralicci Smart Metals \u2013 (codice prodotto: 002.1660)<\/h2>\n<p><a href=\"https:\/\/konferenztechnik.de\/wp-content\/uploads\/2014\/04\/smart-metals_truss-mount_0021660-scaled-1.jpg\"><img loading=\"lazy\" decoding=\"async\" class=\"alignleft size-medium wp-image-4422\" src=\"https:\/\/konferenztechnik.de\/wp-content\/uploads\/2014\/04\/smart-metals_truss-mount_0021660-133x300.jpg\" alt=\"Staffa per traverse Smart Metals 0021660\" width=\"133\" height=\"300\" title=\"\"><\/a><\/p>\n<p>Questa staffa \u00e8 ideale per il montaggio rapido e semplice dei proiettori.<br \/>\n(ad esempio in situazioni di noleggio). Con un quarto di giro, il proiettore viene montato sulla staffa in un attimo.<br \/>\nLa staffa \u00e8 isolata elettricamente e non richiede un ulteriore isolamento del traliccio. Il giunto sferico consente di regolare facilmente la posizione del proiettore. Sono presenti occhielli di sollevamento per il fissaggio di sicurezza richiesto.<\/p>\n<h2>Staffa per tralicci Smart Metals \u2013 (codice prodotto: 002.1660)<\/h2>\n<ul>\n<li>Lunghezza minima: 450 mm<\/li>\n<li>Lunghezza massima: 700 mm<\/li>\n<li>Peso: 2,95 kg<\/li>\n<li>Colore: nero<\/li>\n<li>Carico massimo: 30 kg<\/li>\n<li>Regolazione dell'altezza: manuale<\/li>\n<li>Staffa\/interfaccia: disponibile separatamente<\/li>\n<li>Tipo di supporto\/interfaccia: specifico per proiettore\/supporto universale<\/li>\n<li>Funzione di inclinazione: da +20 \u00b0 a -20 \u00b0<\/li>\n<li>Rotazione: 360<\/li>\n<li>Canalina per cavi: 25 mm \u00d8<\/li>\n<li>Ulteriori informazioni: Isolamento elettrico, incl. anelli di sollevamento per fissare il proiettore<\/li>\n<\/ul>\n<p><a href=\"https:\/\/konferenztechnik.de\/wp-content\/uploads\/2013\/09\/0021660_SmartMetals_productleafletEN.pdf\">0021660_SmartMetals_productleafletENSmart Metals Scheda informativa sul prodotto 002.1660 (inglese)<\/a><\/p>\n<h2>Staffa per traliccio o soffitto Smart Metals (codice prodotto: 002.1670)<\/h2>\n<p><a href=\"https:\/\/konferenztechnik.de\/wp-content\/uploads\/2013\/09\/smart-metals_truss-mount_0021670-scaled-1.jpg\"><img loading=\"lazy\" decoding=\"async\" class=\"alignleft size-medium wp-image-4426\" src=\"https:\/\/konferenztechnik.de\/wp-content\/uploads\/2013\/09\/smart-metals_truss-mount_0021670-98x300.jpg\" alt=\"Supporto per traliccio Smart Metals 0021670\" width=\"98\" height=\"300\" title=\"\"><\/a><\/p>\n<p>Questa staffa \u00e8 stata progettata appositamente per i proiettori per installazioni pesanti. Il set di tubi ha una regolazione fine integrata ed \u00e8 disponibile in tre lunghezze, personalizzabili anche in loco.<\/p>\n<p>La regolazione fine (vedi n. art. 002.1600) con filettatura a vite consente di orientare e inclinare il proiettore in modo continuo di 20 gradi. Per un montaggio ottimale, combinare questo set con una staffa specifica per il proiettore.<\/p>\n<h2>Staffa per traliccio o soffitto Smart Metals (codice prodotto: 002.1670)<\/h2>\n<ul>\n<li>Lunghezza minima: pu\u00f2 essere accorciata in lunghezza (fino a 452 mm)<\/li>\n<li>Lunghezza massima: 1222 mm<\/li>\n<li>Colore: nero<\/li>\n<li>Carico massimo: 25 kg<\/li>\n<li>Staffa\/interfaccia: disponibile separatamente<\/li>\n<li>Tipo di supporto\/interfaccia: specifico per proiettori<\/li>\n<li>Funzione di inclinazione: regolazione fine da +20\u00b0 a -20\u00b0.<\/li>\n<li>Rotazione: 180 \u00b0<\/li>\n<li>Canalina per cavi: 45 mm \u00d8<\/li>\n<\/ul>\n<p><a href=\"https:\/\/konferenztechnik.de\/wp-content\/uploads\/2013\/09\/0021670_SmartMetals_productleafletEN.pdf\">0021670_SmartMetals_productleafletENSmart Metals Scheda informativa sul prodotto 002.1670 (inglese)<\/a><\/p>\n<h2>Telaio Audipack per proiettori<\/h2>\n<p><a href=\"https:\/\/konferenztechnik.de\/wp-content\/uploads\/2013\/09\/Audipack_Trusshalterung_StackFrame.jpg\"><img loading=\"lazy\" decoding=\"async\" width=\"792\" height=\"594\" class=\"alignleft size-full wp-image-2772\" src=\"https:\/\/konferenztechnik.de\/wp-content\/uploads\/2013\/09\/Audipack_Trusshalterung_StackFrame.jpg\" alt=\"Telaio Audipack per proiettori\" title=\"\" srcset=\"https:\/\/konferenztechnik.de\/wp-content\/uploads\/2013\/09\/Audipack_Trusshalterung_StackFrame.jpg 792w, https:\/\/konferenztechnik.de\/wp-content\/uploads\/2013\/09\/Audipack_Trusshalterung_StackFrame-300x225.jpg 300w, https:\/\/konferenztechnik.de\/wp-content\/uploads\/2013\/09\/Audipack_Trusshalterung_StackFrame-768x576.jpg 768w\" sizes=\"(max-width: 792px) 100vw, 792px\" \/><\/a><\/p>\n<p>Telaio 3D per proiettori di diversi produttori. Il telaio offre ai proiettori una protezione speciale, soprattutto durante il trasporto frequente o il montaggio e lo smontaggio. \u2013 \u00e8 particolarmente interessante per le societ\u00e0 di noleggio o gli organizzatori di eventi mobili!<\/p>\n<h2>Telaio Audipack per proiettori<\/h2>\n<p>Il proiettore \u00e8 montato nel telaio su una piastra. Tre ruote di regolazione consentono di regolare l'allineamento dell'immagine con estrema precisione. In combinazione con vari accessori, il telaio pu\u00f2 essere esteso in modo ottimale \u2013 anche per l'uso con pi\u00f9 proiettori.<\/p>\n<ul>\n<li>Ottima protezione contro i danni da trasporto<\/li>\n<li>Ideale per le societ\u00e0 di noleggio o gli organizzatori di eventi mobili<\/li>\n<li>Consente l'allineamento dell'immagine pi\u00f9 preciso anche quando si opera con pi\u00f9 proiettori<\/li>\n<li>Installazione semplice del proiettore<\/li>\n<\/ul>\n<p>PCS GmbH \u00e8 il distributore ufficiale tedesco di Audipack. Vi offriamo una consulenza esperta e tempi di consegna rapidi.<\/p>\n<p><img loading=\"lazy\" decoding=\"async\" class=\"alignright size-full wp-image-5489\" src=\"https:\/\/konferenztechnik.de\/wp-content\/uploads\/2013\/09\/PCS-GmbH-Audipack-authorized-dealer-small.jpg\" alt=\"PCS GmbH \u00e8 un rivenditore autorizzato Audipack\" width=\"200\" height=\"81\" title=\"\"><\/p>","protected":false},"excerpt":{"rendered":"<p>Traversenhalterungen Audipack Quick Release Projektor Traversen-Halterung Traversenhalterung f\u00fcr Projektoren bis 50 kg, die mit allen Audipack Projektorhalterungen und Easy-Mounts kombiniert werden kann. Die Quick Release Projektor Traversen-Halterung l\u00e4sst sich einfach und sicher an der Traverse befestigen. Dank des Projektorhalterungssystems mit Kugelgelenk lassen sich Projektoren danach ebenso einfach montieren, ausrichten oder austauschen. Die Halterung ist in [&hellip;]<\/p>","protected":false},"author":1,"featured_media":45482,"parent":1221,"menu_order":127,"comment_status":"closed","ping_status":"open","template":"","meta":{"_acf_changed":false,"footnotes":""},"class_list":["post-2630","page","type-page","status-publish","has-post-thumbnail","hentry"],"acf":[],"_links":{"self":[{"href":"https:\/\/konferenztechnik.de\/it\/wp-json\/wp\/v2\/pages\/2630","targetHints":{"allow":["GET"]}}],"collection":[{"href":"https:\/\/konferenztechnik.de\/it\/wp-json\/wp\/v2\/pages"}],"about":[{"href":"https:\/\/konferenztechnik.de\/it\/wp-json\/wp\/v2\/types\/page"}],"author":[{"embeddable":true,"href":"https:\/\/konferenztechnik.de\/it\/wp-json\/wp\/v2\/users\/1"}],"replies":[{"embeddable":true,"href":"https:\/\/konferenztechnik.de\/it\/wp-json\/wp\/v2\/comments?post=2630"}],"version-history":[{"count":0,"href":"https:\/\/konferenztechnik.de\/it\/wp-json\/wp\/v2\/pages\/2630\/revisions"}],"up":[{"embeddable":true,"href":"https:\/\/konferenztechnik.de\/it\/wp-json\/wp\/v2\/pages\/1221"}],"wp:featuredmedia":[{"embeddable":true,"href":"https:\/\/konferenztechnik.de\/it\/wp-json\/wp\/v2\/media\/45482"}],"wp:attachment":[{"href":"https:\/\/konferenztechnik.de\/it\/wp-json\/wp\/v2\/media?parent=2630"}],"curies":[{"name":"wp","href":"https:\/\/api.w.org\/{rel}","templated":true}]}}