{"id":3320,"date":"2013-09-30T18:05:22","date_gmt":"2013-09-30T16:05:22","guid":{"rendered":"https:\/\/konferenztechnik.de\/?page_id=3320"},"modified":"2025-03-03T13:13:20","modified_gmt":"2025-03-03T12:13:20","slug":"che-siamo","status":"publish","type":"page","link":"https:\/\/konferenztechnik.de\/it\/che-siamo\/","title":{"rendered":"Chi siamo"},"content":{"rendered":"<div data-elementor-type=\"wp-page\" data-elementor-id=\"3320\" class=\"elementor elementor-3320\" data-elementor-post-type=\"page\">\n\t\t\t\t<div data-particle_enable=\"false\" data-particle-mobile-disabled=\"false\" class=\"elementor-element elementor-element-2fb1fdc e-flex e-con-boxed e-con e-parent\" data-id=\"2fb1fdc\" data-element_type=\"container\">\n\t\t\t\t\t<div class=\"e-con-inner\">\n\t\t<div data-particle_enable=\"false\" data-particle-mobile-disabled=\"false\" class=\"elementor-element elementor-element-a1dea13 e-flex e-con-boxed e-con e-child\" data-id=\"a1dea13\" data-element_type=\"container\">\n\t\t\t\t\t<div class=\"e-con-inner\">\n\t\t\t\t<div class=\"elementor-element elementor-element-225adb5 elementor-widget elementor-widget-heading\" data-id=\"225adb5\" data-element_type=\"widget\" data-widget_type=\"heading.default\">\n\t\t\t\t<div class=\"elementor-widget-container\">\n\t\t\t\t\t<h1 class=\"elementor-heading-title elementor-size-default\">Questi siamo noi<\/h1>\t\t\t\t<\/div>\n\t\t\t\t<\/div>\n\t\t\t\t<div class=\"elementor-element elementor-element-4781f5e elementor-widget elementor-widget-image\" data-id=\"4781f5e\" data-element_type=\"widget\" data-widget_type=\"image.default\">\n\t\t\t\t<div class=\"elementor-widget-container\">\n\t\t\t\t\t\t\t\t\t\t\t\t<figure class=\"wp-caption\">\n\t\t\t\t\t\t\t\t\t\t<img fetchpriority=\"high\" decoding=\"async\" width=\"1300\" height=\"704\" src=\"https:\/\/konferenztechnik.de\/wp-content\/uploads\/2024\/06\/teamspirit-pcs-konferenztechnik.jpg\" class=\"attachment-full size-full wp-image-45784\" alt=\"La tecnologia \u00e8 impostata, un&#039;istantanea per il sito web.\" srcset=\"https:\/\/konferenztechnik.de\/wp-content\/uploads\/2024\/06\/teamspirit-pcs-konferenztechnik.jpg 1300w, https:\/\/konferenztechnik.de\/wp-content\/uploads\/2024\/06\/teamspirit-pcs-konferenztechnik-300x162.jpg 300w, https:\/\/konferenztechnik.de\/wp-content\/uploads\/2024\/06\/teamspirit-pcs-konferenztechnik-1024x555.jpg 1024w, https:\/\/konferenztechnik.de\/wp-content\/uploads\/2024\/06\/teamspirit-pcs-konferenztechnik-768x416.jpg 768w, https:\/\/konferenztechnik.de\/wp-content\/uploads\/2024\/06\/teamspirit-pcs-konferenztechnik-18x10.jpg 18w\" sizes=\"(max-width: 1300px) 100vw, 1300px\" title=\"\">\t\t\t\t\t\t\t\t\t\t\t<figcaption class=\"widget-image-caption wp-caption-text\">La tecnologia \u00e8 impostata, un'istantanea per il sito web.<\/figcaption>\n\t\t\t\t\t\t\t\t\t\t<\/figure>\n\t\t\t\t\t\t\t\t\t<\/div>\n\t\t\t\t<\/div>\n\t\t\t\t<div class=\"elementor-element elementor-element-446125b elementor-widget elementor-widget-image\" data-id=\"446125b\" data-element_type=\"widget\" data-widget_type=\"image.default\">\n\t\t\t\t<div class=\"elementor-widget-container\">\n\t\t\t\t\t\t\t\t\t\t\t\t<figure class=\"wp-caption\">\n\t\t\t\t\t\t\t\t\t\t<img decoding=\"async\" width=\"1300\" height=\"704\" src=\"https:\/\/konferenztechnik.de\/wp-content\/uploads\/2024\/06\/pcs-hoch-hinaus.jpg\" class=\"attachment-full size-full wp-image-45782\" alt=\"Il tecnico PCS lavora su un carrello elevatore\" srcset=\"https:\/\/konferenztechnik.de\/wp-content\/uploads\/2024\/06\/pcs-hoch-hinaus.jpg 1300w, https:\/\/konferenztechnik.de\/wp-content\/uploads\/2024\/06\/pcs-hoch-hinaus-300x162.jpg 300w, https:\/\/konferenztechnik.de\/wp-content\/uploads\/2024\/06\/pcs-hoch-hinaus-1024x555.jpg 1024w, https:\/\/konferenztechnik.de\/wp-content\/uploads\/2024\/06\/pcs-hoch-hinaus-768x416.jpg 768w, https:\/\/konferenztechnik.de\/wp-content\/uploads\/2024\/06\/pcs-hoch-hinaus-18x10.jpg 18w\" sizes=\"(max-width: 1300px) 100vw, 1300px\" title=\"\">\t\t\t\t\t\t\t\t\t\t\t<figcaption class=\"widget-image-caption wp-caption-text\">Guarda, c'\u00e8 anche un tecnico PCS lass\u00f9.<\/figcaption>\n\t\t\t\t\t\t\t\t\t\t<\/figure>\n\t\t\t\t\t\t\t\t\t<\/div>\n\t\t\t\t<\/div>\n\t\t\t\t<div class=\"elementor-element elementor-element-b63cf68 elementor-widget elementor-widget-image\" data-id=\"b63cf68\" data-element_type=\"widget\" data-widget_type=\"image.default\">\n\t\t\t\t<div class=\"elementor-widget-container\">\n\t\t\t\t\t\t\t\t\t\t\t\t<figure class=\"wp-caption\">\n\t\t\t\t\t\t\t\t\t\t<img decoding=\"async\" width=\"1300\" height=\"704\" src=\"https:\/\/konferenztechnik.de\/wp-content\/uploads\/2023\/05\/pcs-feueruebung.jpg\" class=\"attachment-full size-full wp-image-28530\" alt=\"J\u00f6rg, uno dei nostri capi, durante l&#039;esercitazione con l&#039;estintore. No, gli altri non sono n\u00e9 annoiati n\u00e9 scettici.\" srcset=\"https:\/\/konferenztechnik.de\/wp-content\/uploads\/2023\/05\/pcs-feueruebung.jpg 1300w, https:\/\/konferenztechnik.de\/wp-content\/uploads\/2023\/05\/pcs-feueruebung-300x162.jpg 300w, https:\/\/konferenztechnik.de\/wp-content\/uploads\/2023\/05\/pcs-feueruebung-1024x555.jpg 1024w, https:\/\/konferenztechnik.de\/wp-content\/uploads\/2023\/05\/pcs-feueruebung-768x416.jpg 768w, https:\/\/konferenztechnik.de\/wp-content\/uploads\/2023\/05\/pcs-feueruebung-18x10.jpg 18w\" sizes=\"(max-width: 1300px) 100vw, 1300px\" title=\"\">\t\t\t\t\t\t\t\t\t\t\t<figcaption class=\"widget-image-caption wp-caption-text\">J\u00f6rg, uno dei nostri capi, durante l'esercitazione con l'estintore. No, gli altri non sono n\u00e9 annoiati n\u00e9 scettici.<\/figcaption>\n\t\t\t\t\t\t\t\t\t\t<\/figure>\n\t\t\t\t\t\t\t\t\t<\/div>\n\t\t\t\t<\/div>\n\t\t\t\t<div class=\"elementor-element elementor-element-1afe949 elementor-widget elementor-widget-image\" data-id=\"1afe949\" data-element_type=\"widget\" data-widget_type=\"image.default\">\n\t\t\t\t<div class=\"elementor-widget-container\">\n\t\t\t\t\t\t\t\t\t\t\t\t<figure class=\"wp-caption\">\n\t\t\t\t\t\t\t\t\t\t<img loading=\"lazy\" decoding=\"async\" width=\"1300\" height=\"704\" src=\"https:\/\/konferenztechnik.de\/wp-content\/uploads\/2023\/05\/kamera-pcs.jpg\" class=\"attachment-full size-full wp-image-28558\" alt=\"Un cameraman PCS controlla le impostazioni della sua videocamera di alta qualit\u00e0\" srcset=\"https:\/\/konferenztechnik.de\/wp-content\/uploads\/2023\/05\/kamera-pcs.jpg 1300w, https:\/\/konferenztechnik.de\/wp-content\/uploads\/2023\/05\/kamera-pcs-300x162.jpg 300w, https:\/\/konferenztechnik.de\/wp-content\/uploads\/2023\/05\/kamera-pcs-1024x555.jpg 1024w, https:\/\/konferenztechnik.de\/wp-content\/uploads\/2023\/05\/kamera-pcs-768x416.jpg 768w, https:\/\/konferenztechnik.de\/wp-content\/uploads\/2023\/05\/kamera-pcs-18x10.jpg 18w\" sizes=\"(max-width: 1300px) 100vw, 1300px\" title=\"\">\t\t\t\t\t\t\t\t\t\t\t<figcaption class=\"widget-image-caption wp-caption-text\">La fotocamera \u00e8 accesa? La batteria sta per esaurirsi? Perch\u00e9 \u00e8 cos\u00ec critico?<\/figcaption>\n\t\t\t\t\t\t\t\t\t\t<\/figure>\n\t\t\t\t\t\t\t\t\t<\/div>\n\t\t\t\t<\/div>\n\t\t\t\t<div class=\"elementor-element elementor-element-1c78e0b elementor-widget elementor-widget-image\" data-id=\"1c78e0b\" data-element_type=\"widget\" data-widget_type=\"image.default\">\n\t\t\t\t<div class=\"elementor-widget-container\">\n\t\t\t\t\t\t\t\t\t\t\t\t<figure class=\"wp-caption\">\n\t\t\t\t\t\t\t\t\t\t<img loading=\"lazy\" decoding=\"async\" width=\"1300\" height=\"704\" src=\"https:\/\/konferenztechnik.de\/wp-content\/uploads\/2024\/06\/pcs-team-konferenztechnik-1.jpg\" class=\"attachment-full size-full wp-image-45777\" alt=\"Il team PCS di Televic\" srcset=\"https:\/\/konferenztechnik.de\/wp-content\/uploads\/2024\/06\/pcs-team-konferenztechnik-1.jpg 1300w, https:\/\/konferenztechnik.de\/wp-content\/uploads\/2024\/06\/pcs-team-konferenztechnik-1-300x162.jpg 300w, https:\/\/konferenztechnik.de\/wp-content\/uploads\/2024\/06\/pcs-team-konferenztechnik-1-1024x555.jpg 1024w, https:\/\/konferenztechnik.de\/wp-content\/uploads\/2024\/06\/pcs-team-konferenztechnik-1-768x416.jpg 768w, https:\/\/konferenztechnik.de\/wp-content\/uploads\/2024\/06\/pcs-team-konferenztechnik-1-18x10.jpg 18w\" sizes=\"(max-width: 1300px) 100vw, 1300px\" title=\"\">\t\t\t\t\t\t\t\t\t\t\t<figcaption class=\"widget-image-caption wp-caption-text\">Sorridete tutti, foto di squadra! \ud83d\ude42<\/figcaption>\n\t\t\t\t\t\t\t\t\t\t<\/figure>\n\t\t\t\t\t\t\t\t\t<\/div>\n\t\t\t\t<\/div>\n\t\t\t\t<div class=\"elementor-element elementor-element-1672317 elementor-widget elementor-widget-image\" data-id=\"1672317\" data-element_type=\"widget\" data-widget_type=\"image.default\">\n\t\t\t\t<div class=\"elementor-widget-container\">\n\t\t\t\t\t\t\t\t\t\t\t\t<figure class=\"wp-caption\">\n\t\t\t\t\t\t\t\t\t\t<img loading=\"lazy\" decoding=\"async\" width=\"1300\" height=\"704\" src=\"https:\/\/konferenztechnik.de\/wp-content\/uploads\/2023\/05\/blick-dolmetscherkabine.jpg\" class=\"attachment-full size-full wp-image-28562\" alt=\"Vista di un interprete attivo nella cabina di interpretazione, una presentazione della conferenza \u00e8 riflessa nel vetro della cabina\" srcset=\"https:\/\/konferenztechnik.de\/wp-content\/uploads\/2023\/05\/blick-dolmetscherkabine.jpg 1300w, https:\/\/konferenztechnik.de\/wp-content\/uploads\/2023\/05\/blick-dolmetscherkabine-300x162.jpg 300w, https:\/\/konferenztechnik.de\/wp-content\/uploads\/2023\/05\/blick-dolmetscherkabine-1024x555.jpg 1024w, https:\/\/konferenztechnik.de\/wp-content\/uploads\/2023\/05\/blick-dolmetscherkabine-768x416.jpg 768w, https:\/\/konferenztechnik.de\/wp-content\/uploads\/2023\/05\/blick-dolmetscherkabine-18x10.jpg 18w\" sizes=\"(max-width: 1300px) 100vw, 1300px\" title=\"\">\t\t\t\t\t\t\t\t\t\t\t<figcaption class=\"widget-image-caption wp-caption-text\">Vista dalla cabina di interpretazione. Per noi gli eventi multilingue sono davvero entusiasmanti.<\/figcaption>\n\t\t\t\t\t\t\t\t\t\t<\/figure>\n\t\t\t\t\t\t\t\t\t<\/div>\n\t\t\t\t<\/div>\n\t\t\t\t<div class=\"elementor-element elementor-element-a6bb08a elementor-widget elementor-widget-image\" data-id=\"a6bb08a\" data-element_type=\"widget\" data-widget_type=\"image.default\">\n\t\t\t\t<div class=\"elementor-widget-container\">\n\t\t\t\t\t\t\t\t\t\t\t\t<figure class=\"wp-caption\">\n\t\t\t\t\t\t\t\t\t\t<img loading=\"lazy\" decoding=\"async\" width=\"1300\" height=\"704\" src=\"https:\/\/konferenztechnik.de\/wp-content\/uploads\/2023\/05\/hybrider-konferenzraum.jpg\" class=\"attachment-full size-full wp-image-28584\" alt=\"Installazione completata di una sala conferenze ibrida, un tavolo rotondo per 20 persone, con unit\u00e0 microfoniche da tavolo integrate, monitor e telecamere PTZ al centro del tavolo rotondo.\" srcset=\"https:\/\/konferenztechnik.de\/wp-content\/uploads\/2023\/05\/hybrider-konferenzraum.jpg 1300w, https:\/\/konferenztechnik.de\/wp-content\/uploads\/2023\/05\/hybrider-konferenzraum-300x162.jpg 300w, https:\/\/konferenztechnik.de\/wp-content\/uploads\/2023\/05\/hybrider-konferenzraum-1024x555.jpg 1024w, https:\/\/konferenztechnik.de\/wp-content\/uploads\/2023\/05\/hybrider-konferenzraum-768x416.jpg 768w, https:\/\/konferenztechnik.de\/wp-content\/uploads\/2023\/05\/hybrider-konferenzraum-18x10.jpg 18w\" sizes=\"(max-width: 1300px) 100vw, 1300px\" title=\"\">\t\t\t\t\t\t\t\t\t\t\t<figcaption class=\"widget-image-caption wp-caption-text\">Installazione chic. Attrezzature multimediali per sale conferenze.<\/figcaption>\n\t\t\t\t\t\t\t\t\t\t<\/figure>\n\t\t\t\t\t\t\t\t\t<\/div>\n\t\t\t\t<\/div>\n\t\t\t\t<div class=\"elementor-element elementor-element-97861b8 elementor-widget elementor-widget-image\" data-id=\"97861b8\" data-element_type=\"widget\" data-widget_type=\"image.default\">\n\t\t\t\t<div class=\"elementor-widget-container\">\n\t\t\t\t\t\t\t\t\t\t\t\t<figure class=\"wp-caption\">\n\t\t\t\t\t\t\t\t\t\t<img loading=\"lazy\" decoding=\"async\" width=\"1300\" height=\"704\" src=\"https:\/\/konferenztechnik.de\/wp-content\/uploads\/2024\/06\/pcs-konferenztechnik-team.jpg\" class=\"attachment-full size-full wp-image-45785\" alt=\"Il tecnico PCS dota l&#039;altoparlante di un microfono.\" srcset=\"https:\/\/konferenztechnik.de\/wp-content\/uploads\/2024\/06\/pcs-konferenztechnik-team.jpg 1300w, https:\/\/konferenztechnik.de\/wp-content\/uploads\/2024\/06\/pcs-konferenztechnik-team-300x162.jpg 300w, https:\/\/konferenztechnik.de\/wp-content\/uploads\/2024\/06\/pcs-konferenztechnik-team-1024x555.jpg 1024w, https:\/\/konferenztechnik.de\/wp-content\/uploads\/2024\/06\/pcs-konferenztechnik-team-768x416.jpg 768w, https:\/\/konferenztechnik.de\/wp-content\/uploads\/2024\/06\/pcs-konferenztechnik-team-18x10.jpg 18w\" sizes=\"(max-width: 1300px) 100vw, 1300px\" title=\"\">\t\t\t\t\t\t\t\t\t\t\t<figcaption class=\"widget-image-caption wp-caption-text\">Un'ultima occhiata, il microfono \u00e8 al suo posto, andiamo! <\/figcaption>\n\t\t\t\t\t\t\t\t\t\t<\/figure>\n\t\t\t\t\t\t\t\t\t<\/div>\n\t\t\t\t<\/div>\n\t\t\t\t<div class=\"elementor-element elementor-element-de2699e elementor-widget elementor-widget-image\" data-id=\"de2699e\" data-element_type=\"widget\" data-widget_type=\"image.default\">\n\t\t\t\t<div class=\"elementor-widget-container\">\n\t\t\t\t\t\t\t\t\t\t\t\t<figure class=\"wp-caption\">\n\t\t\t\t\t\t\t\t\t\t<img loading=\"lazy\" decoding=\"async\" width=\"1300\" height=\"704\" src=\"https:\/\/konferenztechnik.de\/wp-content\/uploads\/2023\/05\/pcs-ausflug.jpg\" class=\"attachment-full size-full wp-image-28554\" alt=\"Un&#039;escursione interna al PCS al centro di monitoraggio dei terremoti di G\u00f6ttingen - emozionante!\" srcset=\"https:\/\/konferenztechnik.de\/wp-content\/uploads\/2023\/05\/pcs-ausflug.jpg 1300w, https:\/\/konferenztechnik.de\/wp-content\/uploads\/2023\/05\/pcs-ausflug-300x162.jpg 300w, https:\/\/konferenztechnik.de\/wp-content\/uploads\/2023\/05\/pcs-ausflug-1024x555.jpg 1024w, https:\/\/konferenztechnik.de\/wp-content\/uploads\/2023\/05\/pcs-ausflug-768x416.jpg 768w, https:\/\/konferenztechnik.de\/wp-content\/uploads\/2023\/05\/pcs-ausflug-18x10.jpg 18w\" sizes=\"(max-width: 1300px) 100vw, 1300px\" title=\"\">\t\t\t\t\t\t\t\t\t\t\t<figcaption class=\"widget-image-caption wp-caption-text\">Gita aziendale al simulatore di terremoti di Gottinga.<\/figcaption>\n\t\t\t\t\t\t\t\t\t\t<\/figure>\n\t\t\t\t\t\t\t\t\t<\/div>\n\t\t\t\t<\/div>\n\t\t\t\t<div class=\"elementor-element elementor-element-b8e2cbd elementor-widget elementor-widget-image\" data-id=\"b8e2cbd\" data-element_type=\"widget\" data-widget_type=\"image.default\">\n\t\t\t\t<div class=\"elementor-widget-container\">\n\t\t\t\t\t\t\t\t\t\t\t\t<figure class=\"wp-caption\">\n\t\t\t\t\t\t\t\t\t\t<img loading=\"lazy\" decoding=\"async\" width=\"1300\" height=\"704\" src=\"https:\/\/konferenztechnik.de\/wp-content\/uploads\/2023\/05\/sprechstellen-einrichten.jpg\" class=\"attachment-full size-full wp-image-28566\" alt=\"Su un tavolo da conferenza a forma di U, sono presenti unit\u00e0 microfoniche per consentire a tutti i membri della delegazione di parlare dal proprio posto.\" srcset=\"https:\/\/konferenztechnik.de\/wp-content\/uploads\/2023\/05\/sprechstellen-einrichten.jpg 1300w, https:\/\/konferenztechnik.de\/wp-content\/uploads\/2023\/05\/sprechstellen-einrichten-300x162.jpg 300w, https:\/\/konferenztechnik.de\/wp-content\/uploads\/2023\/05\/sprechstellen-einrichten-1024x555.jpg 1024w, https:\/\/konferenztechnik.de\/wp-content\/uploads\/2023\/05\/sprechstellen-einrichten-768x416.jpg 768w, https:\/\/konferenztechnik.de\/wp-content\/uploads\/2023\/05\/sprechstellen-einrichten-18x10.jpg 18w\" sizes=\"(max-width: 1300px) 100vw, 1300px\" title=\"\">\t\t\t\t\t\t\t\t\t\t\t<figcaption class=\"widget-image-caption wp-caption-text\">Installazione di unit\u00e0 microfoniche. Discussioni di alto livello. S\u00ec, questo \u00e8 il PCS \u2013 konferenztechnik.de<\/figcaption>\n\t\t\t\t\t\t\t\t\t\t<\/figure>\n\t\t\t\t\t\t\t\t\t<\/div>\n\t\t\t\t<\/div>\n\t\t\t\t\t<\/div>\n\t\t\t\t<\/div>\n\t\t\t\t\t<\/div>\n\t\t\t\t<\/div>\n\t\t<div data-particle_enable=\"false\" data-particle-mobile-disabled=\"false\" class=\"elementor-element elementor-element-64fd920 e-flex e-con-boxed e-con e-parent\" data-id=\"64fd920\" data-element_type=\"container\">\n\t\t\t\t\t<div class=\"e-con-inner\">\n\t\t\t\t<div class=\"elementor-element elementor-element-99960e5 elementor-widget elementor-widget-shortcode\" data-id=\"99960e5\" data-element_type=\"widget\" data-widget_type=\"shortcode.default\">\n\t\t\t\t<div class=\"elementor-widget-container\">\n\t\t\t\t\t\t\t<div class=\"elementor-shortcode\">\t\t<div data-elementor-type=\"container\" data-elementor-id=\"29227\" class=\"elementor elementor-29227\" data-elementor-post-type=\"elementor_library\">\n\t\t\t\t<div data-particle_enable=\"false\" data-particle-mobile-disabled=\"false\" class=\"elementor-element elementor-element-1149edd e-flex e-con-boxed e-con e-parent\" data-id=\"1149edd\" data-element_type=\"container\">\n\t\t\t\t\t<div class=\"e-con-inner\">\n\t\t\t\t<div class=\"elementor-element elementor-element-637047c7 elementor-icon-list--layout-traditional elementor-list-item-link-full_width elementor-widget elementor-widget-icon-list\" data-id=\"637047c7\" data-element_type=\"widget\" data-widget_type=\"icon-list.default\">\n\t\t\t\t<div class=\"elementor-widget-container\">\n\t\t\t\t\t\t\t<ul class=\"elementor-icon-list-items\">\n\t\t\t\t\t\t\t<li class=\"elementor-icon-list-item\">\n\t\t\t\t\t\t\t\t\t\t\t<a href=\"\/it\/lavori\/\">\n\n\t\t\t\t\t\t\t\t\t\t\t\t<span class=\"elementor-icon-list-icon\">\n\t\t\t\t\t\t\t<svg aria-hidden=\"true\" class=\"e-font-icon-svg e-fas-chevron-right\" viewbox=\"0 0 320 512\" xmlns=\"http:\/\/www.w3.org\/2000\/svg\"><path d=\"M285.476 272.971L91.132 467.314c-9.373 9.373-24.569 9.373-33.941 0l-22.667-22.667c-9.357-9.357-9.375-24.522-.04-33.901L188.505 256 34.484 101.255c-9.335-9.379-9.317-24.544.04-33.901l22.667-22.667c9.373-9.373 24.569-9.373 33.941 0L285.475 239.03c9.373 9.372 9.373 24.568.001 33.941z\"><\/path><\/svg>\t\t\t\t\t\t<\/span>\n\t\t\t\t\t\t\t\t\t\t<span class=\"elementor-icon-list-text\">lavori<\/span>\n\t\t\t\t\t\t\t\t\t\t\t<\/a>\n\t\t\t\t\t\t\t\t\t<\/li>\n\t\t\t\t\t\t\t\t<li class=\"elementor-icon-list-item\">\n\t\t\t\t\t\t\t\t\t\t\t<a href=\"\/it\/educazione\/\">\n\n\t\t\t\t\t\t\t\t\t\t\t\t<span class=\"elementor-icon-list-icon\">\n\t\t\t\t\t\t\t<svg aria-hidden=\"true\" class=\"e-font-icon-svg e-fas-chevron-right\" viewbox=\"0 0 320 512\" xmlns=\"http:\/\/www.w3.org\/2000\/svg\"><path d=\"M285.476 272.971L91.132 467.314c-9.373 9.373-24.569 9.373-33.941 0l-22.667-22.667c-9.357-9.357-9.375-24.522-.04-33.901L188.505 256 34.484 101.255c-9.335-9.379-9.317-24.544.04-33.901l22.667-22.667c9.373-9.373 24.569-9.373 33.941 0L285.475 239.03c9.373 9.372 9.373 24.568.001 33.941z\"><\/path><\/svg>\t\t\t\t\t\t<\/span>\n\t\t\t\t\t\t\t\t\t\t<span class=\"elementor-icon-list-text\">Istruzione<\/span>\n\t\t\t\t\t\t\t\t\t\t\t<\/a>\n\t\t\t\t\t\t\t\t\t<\/li>\n\t\t\t\t\t\t\t\t<li class=\"elementor-icon-list-item\">\n\t\t\t\t\t\t\t\t\t\t\t<a href=\"\/it\/che-siamo\/\">\n\n\t\t\t\t\t\t\t\t\t\t\t\t<span class=\"elementor-icon-list-icon\">\n\t\t\t\t\t\t\t<svg aria-hidden=\"true\" class=\"e-font-icon-svg e-fas-chevron-right\" viewbox=\"0 0 320 512\" xmlns=\"http:\/\/www.w3.org\/2000\/svg\"><path d=\"M285.476 272.971L91.132 467.314c-9.373 9.373-24.569 9.373-33.941 0l-22.667-22.667c-9.357-9.357-9.375-24.522-.04-33.901L188.505 256 34.484 101.255c-9.335-9.379-9.317-24.544.04-33.901l22.667-22.667c9.373-9.373 24.569-9.373 33.941 0L285.475 239.03c9.373 9.372 9.373 24.568.001 33.941z\"><\/path><\/svg>\t\t\t\t\t\t<\/span>\n\t\t\t\t\t\t\t\t\t\t<span class=\"elementor-icon-list-text\">Questi siamo noi<\/span>\n\t\t\t\t\t\t\t\t\t\t\t<\/a>\n\t\t\t\t\t\t\t\t\t<\/li>\n\t\t\t\t\t\t\t\t<li class=\"elementor-icon-list-item\">\n\t\t\t\t\t\t\t\t\t\t\t<a href=\"\/it\/profilo-aziendale\/\">\n\n\t\t\t\t\t\t\t\t\t\t\t\t<span class=\"elementor-icon-list-icon\">\n\t\t\t\t\t\t\t<svg aria-hidden=\"true\" class=\"e-font-icon-svg e-fas-chevron-right\" viewbox=\"0 0 320 512\" xmlns=\"http:\/\/www.w3.org\/2000\/svg\"><path d=\"M285.476 272.971L91.132 467.314c-9.373 9.373-24.569 9.373-33.941 0l-22.667-22.667c-9.357-9.357-9.375-24.522-.04-33.901L188.505 256 34.484 101.255c-9.335-9.379-9.317-24.544.04-33.901l22.667-22.667c9.373-9.373 24.569-9.373 33.941 0L285.475 239.03c9.373 9.372 9.373 24.568.001 33.941z\"><\/path><\/svg>\t\t\t\t\t\t<\/span>\n\t\t\t\t\t\t\t\t\t\t<span class=\"elementor-icon-list-text\">Profilo aziendale<\/span>\n\t\t\t\t\t\t\t\t\t\t\t<\/a>\n\t\t\t\t\t\t\t\t\t<\/li>\n\t\t\t\t\t\t\t\t<li class=\"elementor-icon-list-item\">\n\t\t\t\t\t\t\t\t\t\t\t<a href=\"\/it\/10-buone-ragioni-per-i-pc\/\">\n\n\t\t\t\t\t\t\t\t\t\t\t\t<span class=\"elementor-icon-list-icon\">\n\t\t\t\t\t\t\t<svg aria-hidden=\"true\" class=\"e-font-icon-svg e-fas-chevron-right\" viewbox=\"0 0 320 512\" xmlns=\"http:\/\/www.w3.org\/2000\/svg\"><path d=\"M285.476 272.971L91.132 467.314c-9.373 9.373-24.569 9.373-33.941 0l-22.667-22.667c-9.357-9.357-9.375-24.522-.04-33.901L188.505 256 34.484 101.255c-9.335-9.379-9.317-24.544.04-33.901l22.667-22.667c9.373-9.373 24.569-9.373 33.941 0L285.475 239.03c9.373 9.372 9.373 24.568.001 33.941z\"><\/path><\/svg>\t\t\t\t\t\t<\/span>\n\t\t\t\t\t\t\t\t\t\t<span class=\"elementor-icon-list-text\">10 buoni motivi per il PCS<\/span>\n\t\t\t\t\t\t\t\t\t\t\t<\/a>\n\t\t\t\t\t\t\t\t\t<\/li>\n\t\t\t\t\t\t\t\t<li class=\"elementor-icon-list-item\">\n\t\t\t\t\t\t\t\t\t\t\t<a href=\"\/it\/visione-della-sostenibilita\/\">\n\n\t\t\t\t\t\t\t\t\t\t\t\t<span class=\"elementor-icon-list-icon\">\n\t\t\t\t\t\t\t<svg aria-hidden=\"true\" class=\"e-font-icon-svg e-fas-chevron-right\" viewbox=\"0 0 320 512\" xmlns=\"http:\/\/www.w3.org\/2000\/svg\"><path d=\"M285.476 272.971L91.132 467.314c-9.373 9.373-24.569 9.373-33.941 0l-22.667-22.667c-9.357-9.357-9.375-24.522-.04-33.901L188.505 256 34.484 101.255c-9.335-9.379-9.317-24.544.04-33.901l22.667-22.667c9.373-9.373 24.569-9.373 33.941 0L285.475 239.03c9.373 9.372 9.373 24.568.001 33.941z\"><\/path><\/svg>\t\t\t\t\t\t<\/span>\n\t\t\t\t\t\t\t\t\t\t<span class=\"elementor-icon-list-text\">Visione, sostenibilit\u00e0<\/span>\n\t\t\t\t\t\t\t\t\t\t\t<\/a>\n\t\t\t\t\t\t\t\t\t<\/li>\n\t\t\t\t\t\t\t\t<li class=\"elementor-icon-list-item\">\n\t\t\t\t\t\t\t\t\t\t\t<a href=\"\/it\/diversita\/\">\n\n\t\t\t\t\t\t\t\t\t\t\t\t<span class=\"elementor-icon-list-icon\">\n\t\t\t\t\t\t\t<svg aria-hidden=\"true\" class=\"e-font-icon-svg e-fas-chevron-right\" viewbox=\"0 0 320 512\" xmlns=\"http:\/\/www.w3.org\/2000\/svg\"><path d=\"M285.476 272.971L91.132 467.314c-9.373 9.373-24.569 9.373-33.941 0l-22.667-22.667c-9.357-9.357-9.375-24.522-.04-33.901L188.505 256 34.484 101.255c-9.335-9.379-9.317-24.544.04-33.901l22.667-22.667c9.373-9.373 24.569-9.373 33.941 0L285.475 239.03c9.373 9.372 9.373 24.568.001 33.941z\"><\/path><\/svg>\t\t\t\t\t\t<\/span>\n\t\t\t\t\t\t\t\t\t\t<span class=\"elementor-icon-list-text\">Variet\u00e0 e diversit\u00e0<\/span>\n\t\t\t\t\t\t\t\t\t\t\t<\/a>\n\t\t\t\t\t\t\t\t\t<\/li>\n\t\t\t\t\t\t\t\t<li class=\"elementor-icon-list-item\">\n\t\t\t\t\t\t\t\t\t\t\t<a href=\"\/it\/riferimenti\/\">\n\n\t\t\t\t\t\t\t\t\t\t\t\t<span class=\"elementor-icon-list-icon\">\n\t\t\t\t\t\t\t<svg aria-hidden=\"true\" class=\"e-font-icon-svg e-fas-chevron-right\" viewbox=\"0 0 320 512\" xmlns=\"http:\/\/www.w3.org\/2000\/svg\"><path d=\"M285.476 272.971L91.132 467.314c-9.373 9.373-24.569 9.373-33.941 0l-22.667-22.667c-9.357-9.357-9.375-24.522-.04-33.901L188.505 256 34.484 101.255c-9.335-9.379-9.317-24.544.04-33.901l22.667-22.667c9.373-9.373 24.569-9.373 33.941 0L285.475 239.03c9.373 9.372 9.373 24.568.001 33.941z\"><\/path><\/svg>\t\t\t\t\t\t<\/span>\n\t\t\t\t\t\t\t\t\t\t<span class=\"elementor-icon-list-text\">Progetti, referenze<\/span>\n\t\t\t\t\t\t\t\t\t\t\t<\/a>\n\t\t\t\t\t\t\t\t\t<\/li>\n\t\t\t\t\t\t\t\t<li class=\"elementor-icon-list-item\">\n\t\t\t\t\t\t\t\t\t\t\t<a href=\"\/it\/testimonianze-dei-clienti\/\">\n\n\t\t\t\t\t\t\t\t\t\t\t\t<span class=\"elementor-icon-list-icon\">\n\t\t\t\t\t\t\t<svg aria-hidden=\"true\" class=\"e-font-icon-svg e-fas-chevron-right\" viewbox=\"0 0 320 512\" xmlns=\"http:\/\/www.w3.org\/2000\/svg\"><path d=\"M285.476 272.971L91.132 467.314c-9.373 9.373-24.569 9.373-33.941 0l-22.667-22.667c-9.357-9.357-9.375-24.522-.04-33.901L188.505 256 34.484 101.255c-9.335-9.379-9.317-24.544.04-33.901l22.667-22.667c9.373-9.373 24.569-9.373 33.941 0L285.475 239.03c9.373 9.372 9.373 24.568.001 33.941z\"><\/path><\/svg>\t\t\t\t\t\t<\/span>\n\t\t\t\t\t\t\t\t\t\t<span class=\"elementor-icon-list-text\">Testimonianze dei clienti<\/span>\n\t\t\t\t\t\t\t\t\t\t\t<\/a>\n\t\t\t\t\t\t\t\t\t<\/li>\n\t\t\t\t\t\t\t\t<li class=\"elementor-icon-list-item\">\n\t\t\t\t\t\t\t\t\t\t\t<a href=\"\/it\/notizie\/\">\n\n\t\t\t\t\t\t\t\t\t\t\t\t<span class=\"elementor-icon-list-icon\">\n\t\t\t\t\t\t\t<svg aria-hidden=\"true\" class=\"e-font-icon-svg e-fas-chevron-right\" viewbox=\"0 0 320 512\" xmlns=\"http:\/\/www.w3.org\/2000\/svg\"><path d=\"M285.476 272.971L91.132 467.314c-9.373 9.373-24.569 9.373-33.941 0l-22.667-22.667c-9.357-9.357-9.375-24.522-.04-33.901L188.505 256 34.484 101.255c-9.335-9.379-9.317-24.544.04-33.901l22.667-22.667c9.373-9.373 24.569-9.373 33.941 0L285.475 239.03c9.373 9.372 9.373 24.568.001 33.941z\"><\/path><\/svg>\t\t\t\t\t\t<\/span>\n\t\t\t\t\t\t\t\t\t\t<span class=\"elementor-icon-list-text\">Notizie<\/span>\n\t\t\t\t\t\t\t\t\t\t\t<\/a>\n\t\t\t\t\t\t\t\t\t<\/li>\n\t\t\t\t\t\t<\/ul>\n\t\t\t\t\t\t<\/div>\n\t\t\t\t<\/div>\n\t\t\t\t\t<\/div>\n\t\t\t\t<\/div>\n\t\t\t\t<\/div>\n\t\t<\/div>\n\t\t\t\t\t\t<\/div>\n\t\t\t\t<\/div>\n\t\t\t\t\t<\/div>\n\t\t\t\t<\/div>\n\t\t\t\t<\/div>","protected":false},"excerpt":{"rendered":"<p>Siamo noi. La tecnologia \u00e8 pronta, un'istantanea per il sito web. Guardate, c'\u00e8 anche un tecnico PCS. J\u00f6rg, uno dei nostri capi, durante l'esercitazione con l'estintore. No, gli altri non sono n\u00e9 annoiati n\u00e9 scettici. La telecamera \u00e8 accesa? La batteria sta per esaurirsi? Perch\u00e9 cos\u00ec critici? Sorridete tutti, foto di squadra! \ud83d\ude42 Guardate [...]<\/p>","protected":false},"author":1,"featured_media":45482,"parent":0,"menu_order":119,"comment_status":"closed","ping_status":"open","template":"","meta":{"_acf_changed":false,"footnotes":""},"class_list":["post-3320","page","type-page","status-publish","has-post-thumbnail","hentry"],"acf":[],"_links":{"self":[{"href":"https:\/\/konferenztechnik.de\/it\/wp-json\/wp\/v2\/pages\/3320","targetHints":{"allow":["GET"]}}],"collection":[{"href":"https:\/\/konferenztechnik.de\/it\/wp-json\/wp\/v2\/pages"}],"about":[{"href":"https:\/\/konferenztechnik.de\/it\/wp-json\/wp\/v2\/types\/page"}],"author":[{"embeddable":true,"href":"https:\/\/konferenztechnik.de\/it\/wp-json\/wp\/v2\/users\/1"}],"replies":[{"embeddable":true,"href":"https:\/\/konferenztechnik.de\/it\/wp-json\/wp\/v2\/comments?post=3320"}],"version-history":[{"count":0,"href":"https:\/\/konferenztechnik.de\/it\/wp-json\/wp\/v2\/pages\/3320\/revisions"}],"wp:featuredmedia":[{"embeddable":true,"href":"https:\/\/konferenztechnik.de\/it\/wp-json\/wp\/v2\/media\/45482"}],"wp:attachment":[{"href":"https:\/\/konferenztechnik.de\/it\/wp-json\/wp\/v2\/media?parent=3320"}],"curies":[{"name":"wp","href":"https:\/\/api.w.org\/{rel}","templated":true}]}}