{"id":3618,"date":"2013-10-24T14:44:08","date_gmt":"2013-10-24T12:44:08","guid":{"rendered":"https:\/\/konferenztechnik.de\/?page_id=3618"},"modified":"2025-12-20T19:57:07","modified_gmt":"2025-12-20T18:57:07","slug":"noleggio-di-attrezzature-per-conferenze","status":"publish","type":"page","link":"https:\/\/konferenztechnik.de\/it\/noleggio-di-attrezzature-per-conferenze\/","title":{"rendered":"Noleggio di tecnologia per conferenze"},"content":{"rendered":"<div data-elementor-type=\"wp-page\" data-elementor-id=\"3618\" class=\"elementor elementor-3618\" data-elementor-post-type=\"page\">\n\t\t\t\t<div data-particle_enable=\"false\" data-particle-mobile-disabled=\"false\" class=\"elementor-element elementor-element-ce2605a e-con-full e-flex e-con e-parent\" data-id=\"ce2605a\" data-element_type=\"container\">\n\t\t<div data-particle_enable=\"false\" data-particle-mobile-disabled=\"false\" class=\"elementor-element elementor-element-72b0a35 e-flex e-con-boxed e-con e-child\" data-id=\"72b0a35\" data-element_type=\"container\">\n\t\t\t\t\t<div class=\"e-con-inner\">\n\t\t\t\t<div class=\"elementor-element elementor-element-cb3f62b elementor-widget__width-inherit elementor-widget elementor-widget-heading\" data-id=\"cb3f62b\" data-element_type=\"widget\" data-widget_type=\"heading.default\">\n\t\t\t\t<div class=\"elementor-widget-container\">\n\t\t\t\t\t<h1 class=\"elementor-heading-title elementor-size-default\">Noleggio di attrezzature per conferenze, media e interpretariato \u2013 in tutta la Germania con assistenza professionale <\/h1>\t\t\t\t<\/div>\n\t\t\t\t<\/div>\n\t\t\t\t<div class=\"elementor-element elementor-element-39a20b9 elementor-widget elementor-widget-image\" data-id=\"39a20b9\" data-element_type=\"widget\" data-widget_type=\"image.default\">\n\t\t\t\t<div class=\"elementor-widget-container\">\n\t\t\t\t\t\t\t\t\t\t\t\t\t\t\t<img fetchpriority=\"high\" decoding=\"async\" width=\"1300\" height=\"485\" src=\"https:\/\/konferenztechnik.de\/wp-content\/uploads\/2025\/03\/vermietung-konferenztechnik.avif\" class=\"attachment-full size-full wp-image-47453\" alt=\"tecnologia per conferenze a noleggio\" srcset=\"https:\/\/konferenztechnik.de\/wp-content\/uploads\/2025\/03\/vermietung-konferenztechnik.avif 1300w, https:\/\/konferenztechnik.de\/wp-content\/uploads\/2025\/03\/vermietung-konferenztechnik-300x112.avif 300w, https:\/\/konferenztechnik.de\/wp-content\/uploads\/2025\/03\/vermietung-konferenztechnik-1024x382.avif 1024w, https:\/\/konferenztechnik.de\/wp-content\/uploads\/2025\/03\/vermietung-konferenztechnik-768x287.avif 768w, https:\/\/konferenztechnik.de\/wp-content\/uploads\/2025\/03\/vermietung-konferenztechnik-18x7.avif 18w\" sizes=\"(max-width: 1300px) 100vw, 1300px\" title=\"\">\t\t\t\t\t\t\t\t\t\t\t\t\t\t\t<\/div>\n\t\t\t\t<\/div>\n\t\t\t\t\t<\/div>\n\t\t\t\t<\/div>\n\t\t\t\t<\/div>\n\t\t<div data-particle_enable=\"false\" data-particle-mobile-disabled=\"false\" class=\"elementor-element elementor-element-20a61bd e-flex e-con-boxed e-con e-parent\" data-id=\"20a61bd\" data-element_type=\"container\">\n\t\t\t\t\t<div class=\"e-con-inner\">\n\t\t\t\t<div class=\"elementor-element elementor-element-2909165 elementor-widget__width-inherit elementor-widget elementor-widget-text-editor\" data-id=\"2909165\" data-element_type=\"widget\" data-widget_type=\"text-editor.default\">\n\t\t\t\t<div class=\"elementor-widget-container\">\n\t\t\t\t\t\t\t\t\t<p>Da noi potete noleggiare in modo flessibile attrezzature per conferenze, tecnologia multimediale, tecnologia per eventi e tecnologia per l'interpretariato \u2013, su richiesta anche con assistenza completa da parte dei nostri tecnici esperti. Vi offriamo soluzioni professionali per riunioni, congressi, eventi ibridi, videoconferenze e altro ancora.<\/p><p>\u00a0<\/p><p>Il nostro servizio di noleggio a livello nazionale comprende tecnologie per conferenze di altissimo livello: affidabili, compatibili, sicure e immediatamente pronte all'uso. Dai singoli microfoni agli impianti di guida turistica fino agli impianti completi di interpretariato simultaneo con un massimo di 32 lingue, realizziamo scenari tecnicamente complessi per eventi di qualsiasi dimensione.<\/p><p>\u00a0<\/p><p>Utilizzate i nostri studi di interpretariato per collegare gli interpreti simultanei direttamente alle vostre videoconferenze o ai vostri eventi ibridi. In questo modo garantirete una comunicazione precisa, senza barriere e comprensibile a livello internazionale \u2013, indipendentemente dal luogo e dal formato.<\/p><p>\u00a0<\/p><p>Gi\u00e0 in fase preliminare vi assistiamo con una consulenza professionale per scegliere la tecnologia audio, video e di conferenza ottimale per il vostro evento. Durante l'evento, i nostri tecnici, coordinatori, moderatori tecnici e registi garantiscono un svolgimento senza intoppi e la massima qualit\u00e0 tecnica.<\/p>\t\t\t\t\t\t\t\t<\/div>\n\t\t\t\t<\/div>\n\t\t\t\t<div class=\"elementor-element elementor-element-ba5c4e4 elementor-widget elementor-widget-button\" data-id=\"ba5c4e4\" data-element_type=\"widget\" data-widget_type=\"button.default\">\n\t\t\t\t<div class=\"elementor-widget-container\">\n\t\t\t\t\t\t\t\t\t<div class=\"elementor-button-wrapper\">\n\t\t\t\t\t<a class=\"elementor-button elementor-button-link elementor-size-lg\" href=\"#serviceteam\">\n\t\t\t\t\t\t<span class=\"elementor-button-content-wrapper\">\n\t\t\t\t\t\t<span class=\"elementor-button-icon\">\n\t\t\t\t<svg aria-hidden=\"true\" class=\"e-font-icon-svg e-far-arrow-alt-circle-down\" viewbox=\"0 0 512 512\" xmlns=\"http:\/\/www.w3.org\/2000\/svg\"><path d=\"M256 8C119 8 8 119 8 256s111 248 248 248 248-111 248-248S393 8 256 8zm0 448c-110.5 0-200-89.5-200-200S145.5 56 256 56s200 89.5 200 200-89.5 200-200 200zm-32-316v116h-67c-10.7 0-16 12.9-8.5 20.5l99 99c4.7 4.7 12.3 4.7 17 0l99-99c7.6-7.6 2.2-20.5-8.5-20.5h-67V140c0-6.6-5.4-12-12-12h-40c-6.6 0-12 5.4-12 12z\"><\/path><\/svg>\t\t\t<\/span>\n\t\t\t\t\t\t\t\t\t<span class=\"elementor-button-text\">Richiedi ora<\/span>\n\t\t\t\t\t<\/span>\n\t\t\t\t\t<\/a>\n\t\t\t\t<\/div>\n\t\t\t\t\t\t\t\t<\/div>\n\t\t\t\t<\/div>\n\t\t\t\t\t<\/div>\n\t\t\t\t<\/div>\n\t\t<div data-particle_enable=\"false\" data-particle-mobile-disabled=\"false\" class=\"elementor-element elementor-element-c24ee69 e-flex e-con-boxed e-con e-parent\" data-id=\"c24ee69\" data-element_type=\"container\">\n\t\t\t\t\t<div class=\"e-con-inner\">\n\t\t\t\t\t<\/div>\n\t\t\t\t<\/div>\n\t\t<div data-particle_enable=\"false\" data-particle-mobile-disabled=\"false\" class=\"elementor-element elementor-element-6199ecb e-flex e-con-boxed e-con e-parent\" data-id=\"6199ecb\" data-element_type=\"container\">\n\t\t\t\t\t<div class=\"e-con-inner\">\n\t\t<div data-particle_enable=\"false\" data-particle-mobile-disabled=\"false\" class=\"elementor-element elementor-element-dcebc3e e-flex e-con-boxed e-con e-child\" data-id=\"dcebc3e\" data-element_type=\"container\" data-settings=\"{&quot;animation&quot;:&quot;none&quot;}\">\n\t\t\t\t\t<div class=\"e-con-inner\">\n\t\t\t\t<div class=\"elementor-element elementor-element-640f43b elementor-widget elementor-widget-heading\" data-id=\"640f43b\" data-element_type=\"widget\" data-settings=\"{&quot;_animation&quot;:&quot;none&quot;}\" data-widget_type=\"heading.default\">\n\t\t\t\t<div class=\"elementor-widget-container\">\n\t\t\t\t\t<h2 class=\"elementor-heading-title elementor-size-default\">La nostra gamma di noleggio<\/h2>\t\t\t\t<\/div>\n\t\t\t\t<\/div>\n\t\t\t\t<div class=\"elementor-element elementor-element-6b2ae7a elementor-widget__width-inherit elementor-widget elementor-widget-eael-post-list\" data-id=\"6b2ae7a\" data-element_type=\"widget\" data-settings=\"{&quot;_animation&quot;:&quot;none&quot;}\" data-widget_type=\"eael-post-list.default\">\n\t\t\t\t<div class=\"elementor-widget-container\">\n\t\t\t\t\t<div class=\"eael-post-list-container advanced layout-advanced\"><div class=\"eael-post-list-wrap\"><div class=\"eael-post-list-posts-wrap eael-post-appender eael-post-appender-6b2ae7a\"><div class=\"eael-post-list-post\"><div class=\"eael-post-list-post-inner\"><div class=\"eael-post-list-thumbnail\"><a href=\"https:\/\/konferenztechnik.de\/it\/noleggio-attrezzature-per-eventi\/\">\n                <img decoding=\"async\" src=\"https:\/\/konferenztechnik.de\/wp-content\/uploads\/2024\/02\/Veranstaltungstechnik-mieten-post-jpg.webp\" alt=\"Noleggio di tecnologia per eventi: Console di mixaggio per eventi\" title=\"\">\n            <\/a><\/div><div class=\"eael-post-list-content\"><h2 class=\"eael-post-list-title\"><a href=\"https:\/\/konferenztechnik.de\/it\/noleggio-attrezzature-per-eventi\/\" >Noleggio di tecnologia per eventi<\/a><\/h2><p>In qualit\u00e0 di fornitore di servizi completi, vi offriamo tutto, da un'unica fonte \u2013...<\/p><a href=\"https:\/\/konferenztechnik.de\/it\/noleggio-attrezzature-per-eventi\/\" class=\"eael-post-elements-readmore-btn\" >informare ora<\/a><div class=\"boxed-meta\"><\/div><\/div><\/div><\/div><div class=\"eael-post-list-post\"><div class=\"eael-post-list-post-inner\"><div class=\"eael-post-list-thumbnail\"><a href=\"https:\/\/konferenztechnik.de\/it\/centri-di-interpretariato-e-studi-di-interpretariato\/\">\n                <img decoding=\"async\" src=\"https:\/\/konferenztechnik.de\/wp-content\/uploads\/2023\/04\/dolmetschhubs.jpg\" alt=\"Vista di uno studio di interpretariato dove gli interpreti seguono un oratore su un grande monitor e traducono in varie altre lingue nelle loro cabine insonorizzate.\" title=\"\">\n            <\/a><\/div><div class=\"eael-post-list-content\"><h2 class=\"eael-post-list-title\"><a href=\"https:\/\/konferenztechnik.de\/it\/centri-di-interpretariato-e-studi-di-interpretariato\/\" >Centri di interpretariato e studi di interpretariato<\/a><\/h2><p>I nostri hub professionali per l'interpretariato a distanza, l'interpretariato per videoconferenze, streaming e riunioni sul posto<\/p><a href=\"https:\/\/konferenztechnik.de\/it\/centri-di-interpretariato-e-studi-di-interpretariato\/\" class=\"eael-post-elements-readmore-btn\" >informare ora<\/a><div class=\"boxed-meta\"><\/div><\/div><\/div><\/div><div class=\"eael-post-list-post\"><div class=\"eael-post-list-post-inner\"><div class=\"eael-post-list-thumbnail\"><a href=\"https:\/\/konferenztechnik.de\/it\/sistemi-di-guida-personale-rent-buy-install\/\">\n                <img decoding=\"async\" src=\"https:\/\/konferenztechnik.de\/wp-content\/uploads\/2023\/07\/personenfuehrungsanlage-mieten-kaufen-jpg.webp\" alt=\"Un uomo parla al microfono, uno spettatore ascolta con un sistema di guida turistica durante un tour. Noleggiate, acquistate o noleggiate i sistemi di guida turistica di PCS.\" title=\"\">\n            <\/a><\/div><div class=\"eael-post-list-content\"><h2 class=\"eael-post-list-title\"><a href=\"https:\/\/konferenztechnik.de\/it\/sistemi-di-guida-personale-rent-buy-install\/\" >Sistemi di guida per i passeggeri<\/a><\/h2><p>Sistemi di guida turistica, sistemi di guida, sistemi whisper o PFA, cuffie, microfoni, unit\u00e0 di ricarica, custodie per il trasporto, accessori<\/p><a href=\"https:\/\/konferenztechnik.de\/it\/sistemi-di-guida-personale-rent-buy-install\/\" class=\"eael-post-elements-readmore-btn\" >informare ora<\/a><div class=\"boxed-meta\"><\/div><\/div><\/div><\/div><div class=\"eael-post-list-post\"><div class=\"eael-post-list-post-inner\"><div class=\"eael-post-list-thumbnail\"><a href=\"https:\/\/konferenztechnik.de\/it\/noleggio-acquisto-installazione-leasing-di-sistemi-di-discussione-stazioni-intercomunicanti\/\">\n                <img decoding=\"async\" src=\"https:\/\/konferenztechnik.de\/wp-content\/uploads\/2023\/06\/diskussionsanlage-sprechstellen-tischmikrofone.jpg\" alt=\"Unit\u00e0 microfoniche da tavolo distribuite attorno a un tavolo da conferenza, con microfoni a collo d&#039;oca\" title=\"\">\n            <\/a><\/div><div class=\"eael-post-list-content\"><h2 class=\"eael-post-list-title\"><a href=\"https:\/\/konferenztechnik.de\/it\/noleggio-acquisto-installazione-leasing-di-sistemi-di-discussione-stazioni-intercomunicanti\/\" >Noleggio, acquisto, installazione, leasing di sistemi di discussione \u2013, stazioni intercomunicanti<\/a><\/h2><p>Noleggio, acquisto, installazione, leasing di sistemi di discussione \u2013, stazioni intercomunicanti<\/p><a href=\"https:\/\/konferenztechnik.de\/it\/noleggio-acquisto-installazione-leasing-di-sistemi-di-discussione-stazioni-intercomunicanti\/\" class=\"eael-post-elements-readmore-btn\" >informare ora<\/a><div class=\"boxed-meta\"><\/div><\/div><\/div><\/div><div class=\"eael-post-list-post\"><div class=\"eael-post-list-post-inner\"><div class=\"eael-post-list-thumbnail\"><a href=\"https:\/\/konferenztechnik.de\/it\/sistemi-di-interpretariato-e-tecnologie-di-interpretariato-noleggio-acquisto-installazione\/\">\n                <img decoding=\"async\" src=\"https:\/\/konferenztechnik.de\/wp-content\/uploads\/2023\/05\/simultantechnik-dolmetscheranlagen-mieten-kaufen-leasen-jpg.webp\" alt=\"\" title=\"\">\n            <\/a><\/div><div class=\"eael-post-list-content\"><h2 class=\"eael-post-list-title\"><a href=\"https:\/\/konferenztechnik.de\/it\/sistemi-di-interpretariato-e-tecnologie-di-interpretariato-noleggio-acquisto-installazione\/\" >Sistemi di interpretazione e tecnologie di interpretazione<\/a><\/h2><p>Sistemi di interpretariato wireless con cabine di interpretariato e sistemi di discussione con cabine di interpretariato<\/p><a href=\"https:\/\/konferenztechnik.de\/it\/sistemi-di-interpretariato-e-tecnologie-di-interpretariato-noleggio-acquisto-installazione\/\" class=\"eael-post-elements-readmore-btn\" >informare ora<\/a><div class=\"boxed-meta\"><\/div><\/div><\/div><\/div><div class=\"eael-post-list-post\"><div class=\"eael-post-list-post-inner\"><div class=\"eael-post-list-thumbnail\"><a href=\"https:\/\/konferenztechnik.de\/it\/streaming\/\">\n                <img decoding=\"async\" src=\"https:\/\/konferenztechnik.de\/wp-content\/uploads\/2023\/04\/streaming-hosting-events-jpg.webp\" alt=\"Regia audio e regia video con tecnici di eventi in una sala conferenze, con la scritta &quot;Live - Live - Live&quot; pi\u00f9 volte davanti a s\u00e9\" title=\"\">\n            <\/a><\/div><div class=\"eael-post-list-content\"><h2 class=\"eael-post-list-title\"><a href=\"https:\/\/konferenztechnik.de\/it\/streaming\/\" >Streaming e hosting<\/a><\/h2><p>Streaming di contenuti live e video, archiviazione e fornitura su server e piattaforme video<\/p><a href=\"https:\/\/konferenztechnik.de\/it\/streaming\/\" class=\"eael-post-elements-readmore-btn\" >informare ora<\/a><div class=\"boxed-meta\"><\/div><\/div><\/div><\/div><div class=\"eael-post-list-post\"><div class=\"eael-post-list-post-inner\"><div class=\"eael-post-list-thumbnail\"><a href=\"https:\/\/konferenztechnik.de\/it\/landing-page-per-eventi-piattaforme-per-eventi-virtuali\/\">\n                <img decoding=\"async\" src=\"https:\/\/konferenztechnik.de\/wp-content\/uploads\/2023\/03\/landingpage-beitrag.jpg\" alt=\"\" title=\"\">\n            <\/a><\/div><div class=\"eael-post-list-content\"><h2 class=\"eael-post-list-title\"><a href=\"https:\/\/konferenztechnik.de\/it\/landing-page-per-eventi-piattaforme-per-eventi-virtuali\/\" >Landing page per eventi, piattaforme per eventi virtuali<\/a><\/h2><p>Landing page per eventi, piattaforme per eventi virtuali Il pacchetto base comprende i seguenti elementi...<\/p><a href=\"https:\/\/konferenztechnik.de\/it\/landing-page-per-eventi-piattaforme-per-eventi-virtuali\/\" class=\"eael-post-elements-readmore-btn\" >informare ora<\/a><div class=\"boxed-meta\"><\/div><\/div><\/div><\/div><div class=\"eael-post-list-post\"><div class=\"eael-post-list-post-inner\"><div class=\"eael-post-list-thumbnail\"><a href=\"https:\/\/konferenztechnik.de\/it\/noleggio-di-apparecchiature-audio-e-video-av-acquisto-installazione-leasing\/\">\n                <img decoding=\"async\" src=\"https:\/\/konferenztechnik.de\/wp-content\/uploads\/2023\/03\/audio-und-videotechnik-mieten-kaufen-installieren-1024x614.avif\" alt=\"audio-e-video-tecnologia-noleggio-comprare-installare\" title=\"\">\n            <\/a><\/div><div class=\"eael-post-list-content\"><h2 class=\"eael-post-list-title\"><a href=\"https:\/\/konferenztechnik.de\/it\/noleggio-di-apparecchiature-audio-e-video-av-acquisto-installazione-leasing\/\" >AV: Tecnologia audio e video<\/a><\/h2><p>Microfoni, tecnologia per la comunicazione al pubblico, leggii, ibridi telefonici, distributori di stampa, software di registrazione per steno...<\/p><a href=\"https:\/\/konferenztechnik.de\/it\/noleggio-di-apparecchiature-audio-e-video-av-acquisto-installazione-leasing\/\" class=\"eael-post-elements-readmore-btn\" >informare ora<\/a><div class=\"boxed-meta\"><\/div><\/div><\/div><\/div><\/div><\/div>\n\t\t<\/div>\t\t\t\t<\/div>\n\t\t\t\t<\/div>\n\t\t\t\t\t<\/div>\n\t\t\t\t<\/div>\n\t\t\t\t\t<\/div>\n\t\t\t\t<\/div>\n\t\t<div data-particle_enable=\"false\" data-particle-mobile-disabled=\"false\" class=\"elementor-element elementor-element-4be366c e-flex e-con-boxed e-con e-parent\" data-id=\"4be366c\" data-element_type=\"container\">\n\t\t\t\t\t<div class=\"e-con-inner\">\n\t\t<div data-particle_enable=\"false\" data-particle-mobile-disabled=\"false\" class=\"elementor-element elementor-element-a7882b6 e-flex e-con-boxed e-con e-child\" data-id=\"a7882b6\" data-element_type=\"container\" data-settings=\"{&quot;background_background&quot;:&quot;classic&quot;}\">\n\t\t\t\t\t<div class=\"e-con-inner\">\n\t\t\t\t<div class=\"elementor-element elementor-element-52d730d elementor-widget elementor-widget-text-editor\" data-id=\"52d730d\" data-element_type=\"widget\" data-widget_type=\"text-editor.default\">\n\t\t\t\t<div class=\"elementor-widget-container\">\n\t\t\t\t\t\t\t\t\t<p>Non siete sicuri di quale delle tecnologie offerte faccia al caso vostro? Contattateci.<\/p>\t\t\t\t\t\t\t\t<\/div>\n\t\t\t\t<\/div>\n\t\t\t\t\t<\/div>\n\t\t\t\t<\/div>\n\t\t\t\t\t<\/div>\n\t\t\t\t<\/div>\n\t\t<div data-particle_enable=\"false\" data-particle-mobile-disabled=\"false\" class=\"elementor-element elementor-element-13e4821 e-flex e-con-boxed e-con e-parent\" data-id=\"13e4821\" data-element_type=\"container\">\n\t\t\t\t\t<div class=\"e-con-inner\">\n\t\t\t\t<div class=\"elementor-element elementor-element-a0083f0 elementor-widget elementor-widget-shortcode\" data-id=\"a0083f0\" data-element_type=\"widget\" data-widget_type=\"shortcode.default\">\n\t\t\t\t<div class=\"elementor-widget-container\">\n\t\t\t\t\t\t\t<div class=\"elementor-shortcode\"><\/div>\n\t\t\t\t\t\t<\/div>\n\t\t\t\t<\/div>\n\t\t\t\t\t<\/div>\n\t\t\t\t<\/div>\n\t\t<div data-particle_enable=\"false\" data-particle-mobile-disabled=\"false\" class=\"elementor-element elementor-element-8c11562 e-flex e-con-boxed e-con e-parent\" data-id=\"8c11562\" data-element_type=\"container\">\n\t\t\t\t\t<div class=\"e-con-inner\">\n\t\t\t\t<div class=\"elementor-element elementor-element-38af8e9 elementor-widget elementor-widget-shortcode\" data-id=\"38af8e9\" data-element_type=\"widget\" data-widget_type=\"shortcode.default\">\n\t\t\t\t<div class=\"elementor-widget-container\">\n\t\t\t\t\t\t\t<div class=\"elementor-shortcode\"><\/div>\n\t\t\t\t\t\t<\/div>\n\t\t\t\t<\/div>\n\t\t\t\t\t<\/div>\n\t\t\t\t<\/div>\n\t\t\t\t<\/div>","protected":false},"excerpt":{"rendered":"<p>Konferenz-, Medien- und Dolmetschtechnik mieten \u2013 bundesweit und professionell betreut Bei uns k\u00f6nnen Sie Konferenztechnik, Medientechnik, Veranstaltungstechnik und Dolmetschtechnik flexibel mieten \u2013 auf Wunsch inklusive vollst\u00e4ndiger Betreuung durch unsere erfahrenen Techniker*innen. Wir bieten Ihnen professionelle L\u00f6sungen f\u00fcr Meetings, Kongresse, hybride Events, Videokonferenzen und mehr. \u00a0 Unsere bundesweite Vermietung umfasst Konferenztechnik der Spitzenklasse: zuverl\u00e4ssig, kompatibel, sicher [&hellip;]<\/p>","protected":false},"author":1,"featured_media":47453,"parent":0,"menu_order":112,"comment_status":"closed","ping_status":"open","template":"","meta":{"_acf_changed":false,"footnotes":""},"class_list":["post-3618","page","type-page","status-publish","has-post-thumbnail","hentry"],"acf":[],"_links":{"self":[{"href":"https:\/\/konferenztechnik.de\/it\/wp-json\/wp\/v2\/pages\/3618","targetHints":{"allow":["GET"]}}],"collection":[{"href":"https:\/\/konferenztechnik.de\/it\/wp-json\/wp\/v2\/pages"}],"about":[{"href":"https:\/\/konferenztechnik.de\/it\/wp-json\/wp\/v2\/types\/page"}],"author":[{"embeddable":true,"href":"https:\/\/konferenztechnik.de\/it\/wp-json\/wp\/v2\/users\/1"}],"replies":[{"embeddable":true,"href":"https:\/\/konferenztechnik.de\/it\/wp-json\/wp\/v2\/comments?post=3618"}],"version-history":[{"count":0,"href":"https:\/\/konferenztechnik.de\/it\/wp-json\/wp\/v2\/pages\/3618\/revisions"}],"wp:featuredmedia":[{"embeddable":true,"href":"https:\/\/konferenztechnik.de\/it\/wp-json\/wp\/v2\/media\/47453"}],"wp:attachment":[{"href":"https:\/\/konferenztechnik.de\/it\/wp-json\/wp\/v2\/media?parent=3618"}],"curies":[{"name":"wp","href":"https:\/\/api.w.org\/{rel}","templated":true}]}}