{"id":3687,"date":"2013-11-13T13:09:32","date_gmt":"2013-11-13T11:09:32","guid":{"rendered":"https:\/\/konferenztechnik.de\/?page_id=3687"},"modified":"2023-07-05T14:25:16","modified_gmt":"2023-07-05T12:25:16","slug":"dividendo-digitale","status":"publish","type":"page","link":"https:\/\/konferenztechnik.de\/it\/dividendo-digitale\/","title":{"rendered":"Dividendo digitale"},"content":{"rendered":"<h1>Dividendo digitale<\/h1>\n<p>D'ora in poi potrebbero verificarsi problemi di caduta e ricezione quando si utilizzano microfoni wireless. Questo perch\u00e9 le frequenze per la trasmissione wireless sono state modificate e ridistribuite dalla Federal Network Agency.<br \/>\nIl tutto \u00e8 noto come dividendo digitale.<br \/>\n<img fetchpriority=\"high\" decoding=\"async\" class=\"size-full wp-image-3708\" src=\"https:\/\/konferenztechnik.de\/wp-content\/uploads\/2016\/10\/sennheiser-skm5200.jpg\" alt=\"Le nuove frequenze assegnate funzionano anche in parallelo con l&#039;LTE senza interferenze. Ecco il modello Sennheiser SKM5200\" width=\"850\" height=\"358\" title=\"\"><\/p>\n<div style=\"font-size: 0.8em; padding-bottom: 20px;\">Le nuove frequenze assegnate possono essere utilizzate anche in parallelo con l'LTE senza interferenze. Ecco il modello Sennheiser SKM5200<\/div>\n<p>A partire dal 2016, non sar\u00e0 pi\u00f9 consentito (e nemmeno possibile) utilizzare la maggior parte dei sistemi wireless attualmente in uso.<br \/>\nCi\u00f2 riguarda tutte le aree e i luoghi in cui vengono utilizzati microfoni wireless: ad esempio, teatri, chiese, sale da concerto, club, musical, sale per conferenze e riunioni o stadi sportivi. Sono interessati anche i sistemi di amplificazione mobile, ad esempio per tour o societ\u00e0 di noleggio.<\/p>\n<p>Approfittate subito delle varie promozioni di permuta e rifrequentazione a tempo limitato per i sistemi microfonici wireless.<\/p>\n<p>Contattateci, i nostri specialisti saranno lieti di aiutarvi.<\/p>\n<h4>Domande e risposte sul dividendo digitale<\/h4>\n<p>Il dividendo digitale \u00e8 il termine utilizzato per descrivere le bande di frequenza liberate dal passaggio dalla televisione analogica (PAL) a quella digitale (DVB-T). Queste frequenze sono state messe all'asta al miglior offerente dall'Agenzia federale delle reti nel 2010 e acquistate dai tre maggiori fornitori di telefonia mobile operanti in Germania. Dal 2016, solo una piccola parte di questa banda di frequenza sar\u00e0 disponibile per l'uso di microfoni wireless.<\/p>\n<p>La maggior parte dei sistemi microfonici wireless con vecchie assegnazioni di frequenza non possono e non potranno pi\u00f9 essere utilizzati a partire dal 2016. I vecchi sistemi devono essere sostituiti con altri nuovi o, se possibile, rifrequentati.<\/p>\n<p>\u00c8 interessata l'intera gamma UHF di 470\u2013865 MHz. Ci\u00f2 include le sottogamme in cui era possibile utilizzare i microfoni wireless. La gamma 863\u2013865 MHz rimane liberamente utilizzabile.<\/p>\n<p>\u00c8 meglio farlo immediatamente, poich\u00e9 molti produttori offrono programmi di sostituzione o rifrequenza limitati nel tempo. Inoltre, in molte regioni della Germania sono gi\u00e0 in corso operazioni di test LTE, il che significa che non \u00e8 pi\u00f9 possibile garantire l'uso regolare dei microfoni wireless.<\/p>\n<p>Long Term Evolution \u00e8 uno standard di comunicazione mobile che si propone come successore dell'UMTS. L'LTE consente di utilizzare Internet in mobilit\u00e0 con velocit\u00e0 di trasmissione dati molto elevate, come quelle necessarie per la trasmissione video. L'LTE \u00e8 destinato a garantire un accesso veloce a Internet nelle regioni prive di una connessione via cavo DSL.<\/p>\n<p><a href=\"https:\/\/www.ltemobile.de\/lte-verfuegbarkeit\/\" target=\"_blank\" rel=\"noopener\">Link: Disponibilit\u00e0 LTE in Germania<\/a><\/p>\n<p>Secondo Vvn\u00f6ml, dal 2016 ci saranno quattro gruppi di utenti per le frequenze UHF. Saremo lieti di chiarire a quale gruppo siete assegnati. Basta mettersi in contatto con noi.<\/p>\n<ul>\n<li>Possiamo consigliarvi su tutte le questioni relative al dividendo digitale.<\/li>\n<li>Ci occupiamo della sostituzione e della ricentralizzazione degli impianti.<\/li>\n<li>Vi forniamo una consulenza indipendente dal produttore sulla scelta dei nuovi sistemi, che potrete acquistare direttamente dal nostro ufficio vendite.<\/li>\n<li>Possiamo aiutarvi a compilare i moduli o a registrare le frequenze di cui avete bisogno.<\/li>\n<li>Installiamo i nuovi sistemi e garantiamo una perfetta integrazione con il sistema esistente.<\/li>\n<li>Se necessario, formiamo il personale all'uso dei nuovi sistemi.<\/li>\n<\/ul>","protected":false},"excerpt":{"rendered":"<p>Dividendo digitale D'ora in poi potrebbero verificarsi problemi di caduta e ricezione quando si utilizzano microfoni senza fili. Questo perch\u00e9 le frequenze per la trasmissione wireless vengono modificate e ridistribuite dalla Federal Network Agency. L'operazione \u00e8 nota come dividendo digitale. Le nuove frequenze assegnate possono essere utilizzate anche in parallelo con l'LTE senza interferenze. Qui [...]<\/p>","protected":false},"author":1,"featured_media":45482,"parent":0,"menu_order":111,"comment_status":"closed","ping_status":"open","template":"","meta":{"_acf_changed":false,"footnotes":""},"class_list":["post-3687","page","type-page","status-publish","has-post-thumbnail","hentry"],"acf":[],"_links":{"self":[{"href":"https:\/\/konferenztechnik.de\/it\/wp-json\/wp\/v2\/pages\/3687","targetHints":{"allow":["GET"]}}],"collection":[{"href":"https:\/\/konferenztechnik.de\/it\/wp-json\/wp\/v2\/pages"}],"about":[{"href":"https:\/\/konferenztechnik.de\/it\/wp-json\/wp\/v2\/types\/page"}],"author":[{"embeddable":true,"href":"https:\/\/konferenztechnik.de\/it\/wp-json\/wp\/v2\/users\/1"}],"replies":[{"embeddable":true,"href":"https:\/\/konferenztechnik.de\/it\/wp-json\/wp\/v2\/comments?post=3687"}],"version-history":[{"count":0,"href":"https:\/\/konferenztechnik.de\/it\/wp-json\/wp\/v2\/pages\/3687\/revisions"}],"wp:featuredmedia":[{"embeddable":true,"href":"https:\/\/konferenztechnik.de\/it\/wp-json\/wp\/v2\/media\/45482"}],"wp:attachment":[{"href":"https:\/\/konferenztechnik.de\/it\/wp-json\/wp\/v2\/media?parent=3687"}],"curies":[{"name":"wp","href":"https:\/\/api.w.org\/{rel}","templated":true}]}}