{"id":42472,"date":"2023-11-16T16:48:24","date_gmt":"2023-11-16T15:48:24","guid":{"rendered":"https:\/\/konferenztechnik.de\/?page_id=42472"},"modified":"2025-12-21T14:24:49","modified_gmt":"2025-12-21T13:24:49","slug":"diversita","status":"publish","type":"page","link":"https:\/\/konferenztechnik.de\/it\/diversita\/","title":{"rendered":"Diversit\u00e0"},"content":{"rendered":"<div data-elementor-type=\"wp-page\" data-elementor-id=\"42472\" class=\"elementor elementor-42472\" data-elementor-post-type=\"page\">\n\t\t\t\t<div data-particle_enable=\"false\" data-particle-mobile-disabled=\"false\" class=\"elementor-element elementor-element-a93d54a e-flex e-con-boxed e-con e-parent\" data-id=\"a93d54a\" data-element_type=\"container\">\n\t\t\t\t\t<div class=\"e-con-inner\">\n\t\t\t\t<div class=\"elementor-element elementor-element-f9efbc0 elementor-widget elementor-widget-heading\" data-id=\"f9efbc0\" data-element_type=\"widget\" data-settings=\"{&quot;_animation&quot;:&quot;none&quot;}\" data-widget_type=\"heading.default\">\n\t\t\t\t<div class=\"elementor-widget-container\">\n\t\t\t\t\t<h2 class=\"elementor-heading-title elementor-size-default\">Diversit\u00e0<\/h2>\t\t\t\t<\/div>\n\t\t\t\t<\/div>\n\t\t\t\t<div class=\"elementor-element elementor-element-25493ae elementor-widget__width-inherit elementor-widget elementor-widget-text-editor\" data-id=\"25493ae\" data-element_type=\"widget\" data-widget_type=\"text-editor.default\">\n\t\t\t\t<div class=\"elementor-widget-container\">\n\t\t\t\t\t\t\t\t\t<p>La diversit\u00e0 non \u00e8 solo un obiettivo, ma una parte indispensabile della nostra identit\u00e0 aziendale. Non solo ci rende pi\u00f9 umani, ma anche pi\u00f9 forti e di successo. Crediamo fermamente che la diversit\u00e0 della nostra forza lavoro sia la forza trainante del nostro successo.<\/p>\t\t\t\t\t\t\t\t<\/div>\n\t\t\t\t<\/div>\n\t\t\t\t<div class=\"elementor-element elementor-element-a3ebc4f elementor-widget__width-inherit elementor-widget elementor-widget-text-editor\" data-id=\"a3ebc4f\" data-element_type=\"widget\" data-widget_type=\"text-editor.default\">\n\t\t\t\t<div class=\"elementor-widget-container\">\n\t\t\t\t\t\t\t\t\t<p>Rispettiamo la personalit\u00e0 dei nostri dipendenti a prescindere dall'et\u00e0, dall'origine etnica o sociale, dal genere, dall'orientamento sessuale, dalle capacit\u00e0 fisiche e mentali, dalla religione e dall'ideologia, e seguiamo i principi del <a href=\"https:\/\/www.antidiskriminierungsstelle.de\/SharedDocs\/downloads\/DE\/publikationen\/AGG\/agg_gleichbehandlungsgesetz.pdf?__blob=publicationFile\" target=\"_blank\" rel=\"noopener\">Legge generale sulle pari opportunit\u00e0<\/a> e il <a href=\"https:\/\/www.charta-der-vielfalt.de\/fuer-arbeitgebende\/vielfaltsdimensionen\/\" target=\"_blank\" rel=\"noopener\">Carta delle diversit\u00e0<\/a>.<\/p>\t\t\t\t\t\t\t\t<\/div>\n\t\t\t\t<\/div>\n\t\t\t\t<div class=\"elementor-element elementor-element-6883389 elementor-widget__width-inherit elementor-widget elementor-widget-text-editor\" data-id=\"6883389\" data-element_type=\"widget\" data-widget_type=\"text-editor.default\">\n\t\t\t\t<div class=\"elementor-widget-container\">\n\t\t\t\t\t\t\t\t\t<p>Noi siamo per:<\/p>\t\t\t\t\t\t\t\t<\/div>\n\t\t\t\t<\/div>\n\t\t\t\t<div class=\"elementor-element elementor-element-12f235f elementor-widget__width-inherit elementor-widget elementor-widget-text-editor\" data-id=\"12f235f\" data-element_type=\"widget\" data-widget_type=\"text-editor.default\">\n\t\t\t\t<div class=\"elementor-widget-container\">\n\t\t\t\t\t\t\t\t\t<ul><li>Comprensione e considerazione reciproca<\/li><li>Rifiuto della discriminazione<\/li><li>Apertura, rispetto e accettazione<\/li><li>Diverse mentalit\u00e0, abilit\u00e0, esperienze e competenze<\/li><li>Parit\u00e0 di retribuzione indipendentemente dal sesso<\/li><\/ul>\t\t\t\t\t\t\t\t<\/div>\n\t\t\t\t<\/div>\n\t\t\t\t<div class=\"elementor-element elementor-element-a041911 elementor-widget__width-inherit elementor-widget elementor-widget-text-editor\" data-id=\"a041911\" data-element_type=\"widget\" data-widget_type=\"text-editor.default\">\n\t\t\t\t<div class=\"elementor-widget-container\">\n\t\t\t\t\t\t\t\t\t<p>Per qualsiasi domanda, contattare J\u00f6rg Peschka all'indirizzo<a href=\"mailto:peschka@konferenztechnik.de\"> peschka@konferenztechnik.de<\/a><\/p>\t\t\t\t\t\t\t\t<\/div>\n\t\t\t\t<\/div>\n\t\t\t\t\t<\/div>\n\t\t\t\t<\/div>\n\t\t\t\t<\/div>","protected":false},"excerpt":{"rendered":"<p>Diversity Vielfalt ist nicht nur ein Ziel, sondern ein unverzichtbarer Bestandteil unserer Unternehmensidentit\u00e4t. Sie macht uns nicht nur menschlicher, sondern auch st\u00e4rker und erfolgreicher. Wir glauben fest daran, dass die Vielfalt unserer Belegschaft die treibende Kraft hinter unserem Erfolg ist. Wir achten die Pers\u00f6nlichkeit unserer Mitarbeitenden unabh\u00e4ngig von Alter, ethnischer oder sozialer Herkunft, Geschlecht, sexueller [&hellip;]<\/p>","protected":false},"author":1,"featured_media":45482,"parent":0,"menu_order":0,"comment_status":"closed","ping_status":"closed","template":"","meta":{"_acf_changed":false,"footnotes":""},"class_list":["post-42472","page","type-page","status-publish","has-post-thumbnail","hentry"],"acf":[],"_links":{"self":[{"href":"https:\/\/konferenztechnik.de\/it\/wp-json\/wp\/v2\/pages\/42472","targetHints":{"allow":["GET"]}}],"collection":[{"href":"https:\/\/konferenztechnik.de\/it\/wp-json\/wp\/v2\/pages"}],"about":[{"href":"https:\/\/konferenztechnik.de\/it\/wp-json\/wp\/v2\/types\/page"}],"author":[{"embeddable":true,"href":"https:\/\/konferenztechnik.de\/it\/wp-json\/wp\/v2\/users\/1"}],"replies":[{"embeddable":true,"href":"https:\/\/konferenztechnik.de\/it\/wp-json\/wp\/v2\/comments?post=42472"}],"version-history":[{"count":0,"href":"https:\/\/konferenztechnik.de\/it\/wp-json\/wp\/v2\/pages\/42472\/revisions"}],"wp:featuredmedia":[{"embeddable":true,"href":"https:\/\/konferenztechnik.de\/it\/wp-json\/wp\/v2\/media\/45482"}],"wp:attachment":[{"href":"https:\/\/konferenztechnik.de\/it\/wp-json\/wp\/v2\/media?parent=42472"}],"curies":[{"name":"wp","href":"https:\/\/api.w.org\/{rel}","templated":true}]}}