{"id":4383,"date":"2014-04-10T15:16:30","date_gmt":"2014-04-10T13:16:30","guid":{"rendered":"https:\/\/konferenztechnik.de\/?page_id=4383"},"modified":"2023-07-05T14:57:01","modified_gmt":"2023-07-05T12:57:01","slug":"mobili-per-conferenze","status":"publish","type":"page","link":"https:\/\/konferenztechnik.de\/it\/distribuzione-di-tecnologia-per-conferenze-e-media-av\/tecnologia-video\/supporti-per-display-e-proiettori-2\/mobili-per-conferenze\/","title":{"rendered":"Mobili per conferenze"},"content":{"rendered":"<h1>Mobili per conferenze<\/h1>\n<h2>Smart Metals \u2013 Mobili per videoconferenza per display singoli<\/h2>\n<p><a href=\"https:\/\/konferenztechnik.de\/wp-content\/uploads\/2014\/04\/smart-metals_video-conferencefurniture_0622850_b-scaled-1.jpg\"><img fetchpriority=\"high\" decoding=\"async\" class=\"alignleft size-medium wp-image-4389\" src=\"https:\/\/konferenztechnik.de\/wp-content\/uploads\/2014\/04\/smart-metals_video-conferencefurniture_0622850_b-188x300.jpg\" alt=\"Mobili per videoconferenze Smart Metals 062.2850\" width=\"188\" height=\"300\" title=\"\"><\/a><\/p>\n<p>Questo elegante e raffinato mobile per videoconferenze \u00e8 stato sviluppato per schermi singoli di dimensioni fino a 55 pollici.<\/p>\n<p>L'armadio integrato offre spazio per computer, lettori multimediali o altro hardware esterno. L'apparecchiatura comprende anche una piattaforma per telecamere regolabile in altezza.<\/p>\n<h2>Smart Metals \u2013 Mobili per videoconferenze per display<\/h2>\n<ul>\n<li>Lunghezza massima: 1820 mm (centro dell'immagine)<\/li>\n<li>Peso: 70 kg<\/li>\n<li>Colore: grigio scuro e alluminio<\/li>\n<li>Carico massimo: 50 kg<\/li>\n<li>Configurazione dello schermo: display singolo da max. 55 pollici<\/li>\n<li>Posizione dello schermo: orizzontale<\/li>\n<li>Gamma di pollici: max. 55 pollici<\/li>\n<li>Regolazione dell'altezza: manuale<\/li>\n<li>Staffa\/interfaccia: Incluso<\/li>\n<li>Canalina per cavi: 25 mm \u00d8<\/li>\n<li>Ulteriori informazioni: Compresa la piattaforma della telecamera<\/li>\n<\/ul>\n<p><a href=\"https:\/\/konferenztechnik.de\/wp-content\/uploads\/2014\/04\/0622850_SmartMetals_productleafletEN.pdf\" target=\"_blank\" rel=\"noopener\">Foglio informativo del prodotto Smart Metals 062.2850 (inglese)<\/a><\/p>\n<h2>Smart Metals \u2013 Mobili per videoconferenze con due display<\/h2>\n<p><a href=\"https:\/\/konferenztechnik.de\/wp-content\/uploads\/2014\/04\/smart-metals_video-conferencefurniture_062285547-scaled-1.jpg\"><img decoding=\"async\" class=\"alignleft size-medium wp-image-4397\" src=\"https:\/\/konferenztechnik.de\/wp-content\/uploads\/2014\/04\/smart-metals_video-conferencefurniture_062285547-231x300.jpg\" alt=\"Mobili per videoconferenze Smart Metals 062.2855-47\" width=\"231\" height=\"300\" title=\"\"><\/a><\/p>\n<p>I mobili per videoconferenze sono stati sviluppati per display Win di dimensioni fino a 47 pollici.<\/p>\n<p>L'armadio integrato offre spazio per computer, lettori multimediali o altro hardware esterno. L'apparecchiatura comprende anche una piattaforma per telecamere regolabile in altezza.<\/p>\n<h2>Smart Metals \u2013 Mobili per videoconferenze con due display<\/h2>\n<ul>\n<li>Lunghezza massima: 1820 mm (centro dell'immagine)<\/li>\n<li>Peso: 78,00 kg<\/li>\n<li>Colore: grigio scuro e alluminio<\/li>\n<li>Carico massimo: 100 kg<\/li>\n<li>Configurazione dello schermo: display doppi da 42 a 47 pollici<\/li>\n<li>Posizione dello schermo: orizzontale<\/li>\n<li>Gamma di pollici: 42 \u2013 47 pollici<\/li>\n<li>Regolazione dell'altezza: manuale<\/li>\n<li>Staffa\/interfaccia: Incluso<\/li>\n<li>Canalina per cavi: 25 mm \u00d8<\/li>\n<li>Ulteriori informazioni: Piattaforma di telecamere inclusa<\/li>\n<\/ul>\n<p><a href=\"https:\/\/konferenztechnik.de\/wp-content\/uploads\/2014\/04\/062285547_SmartMetals_productleafletEN.pdf\">Scheda informativa del prodotto Smart Metals 062.2855.47 (inglese)<\/a><\/p>\n<h2>Smart Metals \u2013 Carrello mobile per videoconferenze<\/h2>\n<p><a href=\"https:\/\/konferenztechnik.de\/wp-content\/uploads\/2014\/04\/smart-metals_video-conference-stand-trolley_int1010-scaled-1.jpg\"><img decoding=\"async\" class=\"alignleft size-medium wp-image-4408\" src=\"https:\/\/konferenztechnik.de\/wp-content\/uploads\/2014\/04\/smart-metals_video-conference-stand-trolley_int1010-167x300.jpg\" alt=\"Smart Metals Carrello per videoconferenze INT.1010\" width=\"167\" height=\"300\" title=\"\"><\/a><\/p>\n<p>Questo supporto \u00e8 stato sviluppato appositamente per le videoconferenze. \u00c8 dotato di rotelle e pu\u00f2 quindi essere utilizzato in diverse stanze \u2013 a seconda del luogo in cui si svolge la videoconferenza.<\/p>\n<p>I display di dimensioni fino a 65 pollici possono essere utilizzati sia in modalit\u00e0 verticale che orizzontale. Nella confezione \u00e8 incluso anche un supporto per fotocamera.<\/p>\n<h2>Smart Metals \u2013 Carrello mobile per videoconferenze<\/h2>\n<ul>\n<li>Lunghezza minima: 1250 mm<\/li>\n<li>Lunghezza massima: 1600 mm (centro dell'immagine)<\/li>\n<li>Peso: 42,00 kg<\/li>\n<li>Colore: grigio scuro e alluminio<\/li>\n<li>Carico massimo: 95 kg<\/li>\n<li>Posizione dello schermo: orizzontale e verticale<\/li>\n<li>Gamma di pollici: fino a 65 pollici<\/li>\n<li>Regolazione dell'altezza: manuale<\/li>\n<li>Staffa\/interfaccia: disponibile separatamente<\/li>\n<li>Sistema di montaggio: 170 x 140 mm<\/li>\n<li>Canalina per cavi: 15, 35, 15 mm \u00d8<\/li>\n<\/ul>\n<p><a href=\"https:\/\/konferenztechnik.de\/wp-content\/uploads\/2014\/04\/INT1010_SmartMetals_productleafletEN.pdf\">Foglio informativo sui prodotti Smart Metals INT.1010 (inglese)<\/a><\/p>\n<h2>Carrello per lavagna interattiva Smart SB680<\/h2>\n<p><a href=\"https:\/\/konferenztechnik.de\/wp-content\/uploads\/2013\/09\/Audipack_WhiteboardCart.jpg\"><img loading=\"lazy\" decoding=\"async\" width=\"473\" height=\"751\" class=\"alignleft size-full wp-image-2759\" src=\"https:\/\/konferenztechnik.de\/wp-content\/uploads\/2013\/09\/Audipack_WhiteboardCart.jpg\" alt=\"Carrello per lavagna interattiva Smart SB680\" title=\"\" srcset=\"https:\/\/konferenztechnik.de\/wp-content\/uploads\/2013\/09\/Audipack_WhiteboardCart.jpg 473w, https:\/\/konferenztechnik.de\/wp-content\/uploads\/2013\/09\/Audipack_WhiteboardCart-189x300.jpg 189w\" sizes=\"(max-width: 473px) 100vw, 473px\" \/><\/a><\/p>\n<p>Soluzione plug and play per presentazioni mobili. Combinazione di carrello mobile con schermo integrato e braccio girevole per il montaggio del proiettore. Ampio spazio per le attrezzature. Sono disponibili anche modelli per touch screen.<\/p>\n<h2>Carrello per lavagna interattiva Smart SB680<\/h2>\n<ul>\n<li>Dimensioni dello schermo flessibili<\/li>\n<li>Disponibili diverse lunghezze del braccio del proiettore<\/li>\n<li>Ruote bloccabili<\/li>\n<\/ul>","protected":false},"excerpt":{"rendered":"<p>Konferenzm\u00f6bel Smart Metals &#8211; Video Conference M\u00f6bel f\u00fcr Single-Displays Dieses elegante und stilvolle Videokonferenz-M\u00f6bel wurde f\u00fcr Single-Displays mit einer Gr\u00f6\u00dfe bis zu 55 Zoll entwickelt. Der integrierte Schrank bietet Platz f\u00fcr Computer, Medienplayer oder andere externe Hardware. Zus\u00e4tlich geh\u00f6rt zur Ausstattung eine h\u00f6henverstellbare Kameraplattform. Smart Metals &#8211; Video Conference M\u00f6bel f\u00fcr Displays Maximale L\u00e4nge: 1820 [&hellip;]<\/p>","protected":false},"author":1,"featured_media":45482,"parent":1221,"menu_order":101,"comment_status":"closed","ping_status":"open","template":"","meta":{"_acf_changed":false,"footnotes":""},"class_list":["post-4383","page","type-page","status-publish","has-post-thumbnail","hentry"],"acf":[],"_links":{"self":[{"href":"https:\/\/konferenztechnik.de\/it\/wp-json\/wp\/v2\/pages\/4383","targetHints":{"allow":["GET"]}}],"collection":[{"href":"https:\/\/konferenztechnik.de\/it\/wp-json\/wp\/v2\/pages"}],"about":[{"href":"https:\/\/konferenztechnik.de\/it\/wp-json\/wp\/v2\/types\/page"}],"author":[{"embeddable":true,"href":"https:\/\/konferenztechnik.de\/it\/wp-json\/wp\/v2\/users\/1"}],"replies":[{"embeddable":true,"href":"https:\/\/konferenztechnik.de\/it\/wp-json\/wp\/v2\/comments?post=4383"}],"version-history":[{"count":0,"href":"https:\/\/konferenztechnik.de\/it\/wp-json\/wp\/v2\/pages\/4383\/revisions"}],"up":[{"embeddable":true,"href":"https:\/\/konferenztechnik.de\/it\/wp-json\/wp\/v2\/pages\/1221"}],"wp:featuredmedia":[{"embeddable":true,"href":"https:\/\/konferenztechnik.de\/it\/wp-json\/wp\/v2\/media\/45482"}],"wp:attachment":[{"href":"https:\/\/konferenztechnik.de\/it\/wp-json\/wp\/v2\/media?parent=4383"}],"curies":[{"name":"wp","href":"https:\/\/api.w.org\/{rel}","templated":true}]}}