{"id":4489,"date":"2014-04-17T15:45:59","date_gmt":"2014-04-17T13:45:59","guid":{"rendered":"https:\/\/konferenztechnik.de\/?page_id=4489"},"modified":"2023-07-05T10:59:55","modified_gmt":"2023-07-05T08:59:55","slug":"staffe-speciali","status":"publish","type":"page","link":"https:\/\/konferenztechnik.de\/it\/distribuzione-di-tecnologia-per-conferenze-e-media-av\/tecnologia-video\/supporti-per-display-e-proiettori-2\/staffe-speciali\/","title":{"rendered":"Staffe speciali"},"content":{"rendered":"<h1>Supporti speciali per display e proiettori<\/h1>\n<h2>Custodia per tablet TC-IPAD per iPad 1, 2, 3 e 4<\/h2>\n<p><a href=\"https:\/\/konferenztechnik.de\/wp-content\/uploads\/2014\/02\/audipack-ipad-tablet-housing.jpg\"><img fetchpriority=\"high\" decoding=\"async\" width=\"450\" height=\"311\" class=\"alignleft size-full wp-image-4263\" src=\"https:\/\/konferenztechnik.de\/wp-content\/uploads\/2014\/02\/audipack-ipad-tablet-housing.jpg\" alt=\"Alloggiamento per tablet iPad\" title=\"\" srcset=\"https:\/\/konferenztechnik.de\/wp-content\/uploads\/2014\/02\/audipack-ipad-tablet-housing.jpg 450w, https:\/\/konferenztechnik.de\/wp-content\/uploads\/2014\/02\/audipack-ipad-tablet-housing-300x207.jpg 300w\" sizes=\"(max-width: 450px) 100vw, 450px\" \/><\/a><\/p>\n<p>La custodia TC-iPad protegge elegantemente il vostro iPad quando deve essere installato o esposto in luoghi pubblici.<br \/>\nL'iPad pu\u00f2 essere fissato rapidamente nella custodia ed \u00e8 quindi efficacemente protetto dai furti. Grazie al sistema Smart Keylock, dall'esterno non sono visibili fori per chiavi o viti. La custodia TC pu\u00f2 essere utilizzata per il montaggio a parete o, in combinazione con un supporto opzionale, come supporto da terra.<\/p>\n<h2>Smart Metals \u2013 VideoWall 2\u00d72<\/h2>\n<p><a href=\"https:\/\/konferenztechnik.de\/wp-content\/uploads\/2013\/09\/smart-metals_video-wall082502202-landscape.jpg\"><img decoding=\"async\" class=\"alignleft size-medium wp-image-4463\" src=\"https:\/\/konferenztechnik.de\/wp-content\/uploads\/2013\/09\/smart-metals_video-wall082502202-landscape-300x280.jpg\" alt=\"Smart Metals Video Wall 082502202\" width=\"300\" height=\"280\" title=\"\" srcset=\"https:\/\/konferenztechnik.de\/wp-content\/uploads\/2013\/09\/smart-metals_video-wall082502202-landscape-300x280.jpg 300w, https:\/\/konferenztechnik.de\/wp-content\/uploads\/2013\/09\/smart-metals_video-wall082502202-landscape-768x717.jpg 768w, https:\/\/konferenztechnik.de\/wp-content\/uploads\/2013\/09\/smart-metals_video-wall082502202-landscape.jpg 1017w\" sizes=\"(max-width: 300px) 100vw, 300px\" \/><\/a><\/p>\n<p>Parete video compatta e facile da trasportare. La parete \u00e8 estremamente flessibile da usare: pu\u00f2 essere installata sul pavimento o fissata a pareti o tralicci. Il montaggio dei display sulla parete video \u00e8 molto semplice. I monitor sono collegati tra loro e al telaio mediante speciali morsetti. Sono presenti dispositivi orizzontali e verticali per la regolazione fine. La parete video pu\u00f2 essere utilizzata sia in modalit\u00e0 verticale che orizzontale.<\/p>\n<h2>Smart Metals \u2013 VideoWall 2\u00d72<\/h2>\n<ul>\n<li>Peso: 147,78 kg<\/li>\n<li>Colore: nero<\/li>\n<li>Configurazione dello schermo: 2\u00d72<\/li>\n<li>Posizione dello schermo: orizzontale o verticale<\/li>\n<li>Regolazione in altezza: regolazione fine<\/li>\n<li>Staffa\/interfaccia: Incluso<\/li>\n<li>Rotazione: 90\u00b0<\/li>\n<li>Sistema di fissaggio: Meccanismo di accoppiamento a timone<\/li>\n<li>Ulteriori informazioni: Le nuove console offrono la regolazione fine orizzontale e verticale dei monitor e la possibilit\u00e0 di passare dalla modalit\u00e0 verticale a quella orizzontale. I piedini regolabili sono integrati nel telaio del pavimento.<\/li>\n<\/ul>\n<p><a href=\"https:\/\/konferenztechnik.de\/wp-content\/uploads\/2013\/09\/082502202_manualEN.pdf\">Manuale del videowall 082502202 IT<\/a><\/p>\n<p><a href=\"https:\/\/konferenztechnik.de\/wp-content\/uploads\/2013\/09\/082502202_SmartMetals_productleafletEN.pdf\">Video Wall 082502202 Scheda prodotto IT<\/a><\/p>\n<h2>Smart Metals \u2013 Supporto Tip &amp; Touch<\/h2>\n<p>Questo supporto \u00e8 stato sviluppato appositamente per gli schermi tattili che devono essere utilizzati in posizione da tavolo. Il supporto rotante \u00e8 dotato di una regolazione elettrica dell'altezza del tavolo da 660 a 1320 mm. \u00c8 integrato un supporto compatibile con la maggior parte delle interfacce VESA. \u00c8 possibile montare touch screen fino a 60 kg di peso.<\/p>\n<h2>Smart Metals \u2013 Supporto Tip &amp; Touch<\/h2>\n<ul>\n<li>Lunghezza minima: 660 mm<\/li>\n<li>Altezza massima: 1320 mm (altezza del tavolo)<\/li>\n<li>Peso: 66 kg<\/li>\n<li>Colore: nero<\/li>\n<li>Carico massimo: 60 kg<\/li>\n<li>Posizione dello schermo: orizzontale<\/li>\n<li>Gamma di pollici: da 32 a 50 pollici, da 50 a 65 pollici<\/li>\n<li>Regolazione dell'altezza: elettrica<\/li>\n<li>Staffa\/interfaccia: Incluso<\/li>\n<li>Staffa\/interfaccia: VESA 200, 400, 600-400<\/li>\n<li>Funzione di inclinazione: 90<\/li>\n<li>Ulteriori informazioni: Funzione di punta motorizzata<\/li>\n<\/ul>\n<p><a href=\"https:\/\/konferenztechnik.de\/wp-content\/uploads\/2014\/04\/0628222_SmartMetals_productleafletEN.pdf\" target=\"_blank&quot;\" rel=\"noopener\">Scheda informativa del prodotto Smart Metals 062.7650 (inglese)<\/a><\/p>\n<h2>Smart Metals \u2013 VideoWall 3\u00d73<\/h2>\n<p><a href=\"https:\/\/konferenztechnik.de\/wp-content\/uploads\/2013\/09\/smart-metals_video-wall_082503302_front.jpg\"><img decoding=\"async\" class=\"alignleft size-medium wp-image-4468\" src=\"https:\/\/konferenztechnik.de\/wp-content\/uploads\/2013\/09\/smart-metals_video-wall_082503302_front-300x275.jpg\" alt=\"Smart Metals Video Wall 082503302\" width=\"300\" height=\"275\" title=\"\" srcset=\"https:\/\/konferenztechnik.de\/wp-content\/uploads\/2013\/09\/smart-metals_video-wall_082503302_front-300x275.jpg 300w, https:\/\/konferenztechnik.de\/wp-content\/uploads\/2013\/09\/smart-metals_video-wall_082503302_front-1024x940.jpg 1024w, https:\/\/konferenztechnik.de\/wp-content\/uploads\/2013\/09\/smart-metals_video-wall_082503302_front-768x705.jpg 768w, https:\/\/konferenztechnik.de\/wp-content\/uploads\/2013\/09\/smart-metals_video-wall_082503302_front.jpg 1035w\" sizes=\"(max-width: 300px) 100vw, 300px\" \/><\/a><\/p>\n<p>Parete video compatta e facile da trasportare. La parete \u00e8 estremamente flessibile da usare: pu\u00f2 essere installata sul pavimento o fissata a pareti o tralicci. Il montaggio dei display sulla parete video \u00e8 molto semplice. I monitor sono collegati tra loro e al telaio mediante speciali morsetti. Sono presenti dispositivi orizzontali e verticali per la regolazione fine. La parete pu\u00f2 essere utilizzata sia in modalit\u00e0 verticale che orizzontale.<\/p>\n<h2>Smart Metals \u2013 VideoWall 3\u00d73<\/h2>\n<ul>\n<li>Peso: 319,08 kg<\/li>\n<li>Colore: nero<\/li>\n<li>Configurazione dello schermo: 3 x 3<\/li>\n<li>Posizione dello schermo: orizzontale o verticale<\/li>\n<li>Regolazione in altezza: regolazione fine<\/li>\n<li>Staffa\/interfaccia: Incluso<\/li>\n<li>Tipo di supporto\/interfaccia: specifico per lo schermo<\/li>\n<li>Rotazione: 90\u00b0<\/li>\n<li>Sistema di fissaggio: Meccanismo di accoppiamento a timone<\/li>\n<li>Ulteriori informazioni: Le nuove console offrono la regolazione fine orizzontale e verticale dei monitor e la possibilit\u00e0 di passare dalla modalit\u00e0 verticale a quella orizzontale. I piedini regolabili sono integrati nel telaio del pavimento.<\/li>\n<\/ul>\n<p><a href=\"https:\/\/konferenztechnik.de\/wp-content\/uploads\/2013\/09\/082503302_SmartMetals_productleafletEN.pdf\">Smart Metals Video Wall 3\u00d73 Scheda prodotto Inglese<\/a><\/p>\n<h2>Telaio Audipack per proiettori<\/h2>\n<p><a href=\"https:\/\/konferenztechnik.de\/wp-content\/uploads\/2013\/09\/Audipack_Trusshalterung_StackFrame.jpg\"><img loading=\"lazy\" decoding=\"async\" width=\"792\" height=\"594\" class=\"alignleft size-full wp-image-2772\" src=\"https:\/\/konferenztechnik.de\/wp-content\/uploads\/2013\/09\/Audipack_Trusshalterung_StackFrame.jpg\" alt=\"Telaio Audipack per proiettori\" title=\"\" srcset=\"https:\/\/konferenztechnik.de\/wp-content\/uploads\/2013\/09\/Audipack_Trusshalterung_StackFrame.jpg 792w, https:\/\/konferenztechnik.de\/wp-content\/uploads\/2013\/09\/Audipack_Trusshalterung_StackFrame-300x225.jpg 300w, https:\/\/konferenztechnik.de\/wp-content\/uploads\/2013\/09\/Audipack_Trusshalterung_StackFrame-768x576.jpg 768w\" sizes=\"(max-width: 792px) 100vw, 792px\" \/><\/a><\/p>\n<p>Telaio 3D per proiettori di diversi produttori. Il telaio offre ai proiettori una protezione speciale, soprattutto durante il trasporto frequente o il montaggio e lo smontaggio. \u2013 \u00e8 particolarmente interessante per le societ\u00e0 di noleggio o gli organizzatori di eventi mobili!<\/p>\n<h2>Telaio Audipack per proiettori<\/h2>\n<p>Il proiettore \u00e8 montato nel telaio su una piastra. Tre ruote di regolazione consentono di regolare l'allineamento dell'immagine con estrema precisione. In combinazione con vari accessori, il telaio pu\u00f2 essere esteso in modo ottimale \u2013 anche per l'uso con pi\u00f9 proiettori.<\/p>\n<ul>\n<li>Ottima protezione contro i danni da trasporto<\/li>\n<li>Ideale per le societ\u00e0 di noleggio o gli organizzatori di eventi mobili<\/li>\n<li>Consente l'allineamento dell'immagine pi\u00f9 preciso anche quando si opera con pi\u00f9 proiettori<\/li>\n<li>Installazione semplice del proiettore<\/li>\n<\/ul>\n<p>PCS GmbH \u00e8 il distributore ufficiale tedesco di Audipack. Vi offriamo una consulenza esperta e tempi di consegna rapidi.<\/p>\n<p><img loading=\"lazy\" decoding=\"async\" class=\"alignright size-full wp-image-5489\" src=\"https:\/\/konferenztechnik.de\/wp-content\/uploads\/2013\/09\/PCS-GmbH-Audipack-authorized-dealer-small.jpg\" alt=\"PCS GmbH \u00e8 un rivenditore autorizzato Audipack\" width=\"200\" height=\"81\" title=\"\"><\/p>","protected":false},"excerpt":{"rendered":"<p>Spezialhalterungen f\u00fcr Displays und Projektoren Tablet Case TC-IPAD f\u00fcr iPad 1, 2, 3 und 4 Das TC-iPad Case, sch\u00fctzt ihr iPad auf elegante Weise, wenn es an \u00f6ffentlichen Pl\u00e4tzen installiert oder ausgestellt werden soll. Das iPad kann schnell in der H\u00fclle befestigt werden und wird so wirksam gegen Diebstahl gesch\u00fctzt. Durch das Smart-Keylock-System sind nach [&hellip;]<\/p>","protected":false},"author":1,"featured_media":45482,"parent":1221,"menu_order":100,"comment_status":"closed","ping_status":"open","template":"","meta":{"_acf_changed":false,"footnotes":""},"class_list":["post-4489","page","type-page","status-publish","has-post-thumbnail","hentry"],"acf":[],"_links":{"self":[{"href":"https:\/\/konferenztechnik.de\/it\/wp-json\/wp\/v2\/pages\/4489","targetHints":{"allow":["GET"]}}],"collection":[{"href":"https:\/\/konferenztechnik.de\/it\/wp-json\/wp\/v2\/pages"}],"about":[{"href":"https:\/\/konferenztechnik.de\/it\/wp-json\/wp\/v2\/types\/page"}],"author":[{"embeddable":true,"href":"https:\/\/konferenztechnik.de\/it\/wp-json\/wp\/v2\/users\/1"}],"replies":[{"embeddable":true,"href":"https:\/\/konferenztechnik.de\/it\/wp-json\/wp\/v2\/comments?post=4489"}],"version-history":[{"count":0,"href":"https:\/\/konferenztechnik.de\/it\/wp-json\/wp\/v2\/pages\/4489\/revisions"}],"up":[{"embeddable":true,"href":"https:\/\/konferenztechnik.de\/it\/wp-json\/wp\/v2\/pages\/1221"}],"wp:featuredmedia":[{"embeddable":true,"href":"https:\/\/konferenztechnik.de\/it\/wp-json\/wp\/v2\/media\/45482"}],"wp:attachment":[{"href":"https:\/\/konferenztechnik.de\/it\/wp-json\/wp\/v2\/media?parent=4489"}],"curies":[{"name":"wp","href":"https:\/\/api.w.org\/{rel}","templated":true}]}}