{"id":4933,"date":"2015-02-02T11:12:09","date_gmt":"2015-02-02T10:12:09","guid":{"rendered":"https:\/\/konferenztechnik.de\/?page_id=4933"},"modified":"2023-09-01T11:47:37","modified_gmt":"2023-09-01T09:47:37","slug":"bosch-ccs-1000-d","status":"publish","type":"page","link":"https:\/\/konferenztechnik.de\/it\/bosch-ccs-1000-d\/","title":{"rendered":"Bosch CCS 1000 D"},"content":{"rendered":"<p>[column size=\"2-3\u2033 last=\"0\u2033]<\/p>\n<h1>Nuova introduzione: Sistema di discussione digitale Bosch CCS 1000 D<\/h1>\n<p>[\/colonna]<br \/>\n[column size=\"1-3\u2033 last=\"1\u2033]<br \/>\n<img decoding=\"async\" class=\"alignright size-full wp-image-3924\" src=\"https:\/\/konferenztechnik.de\/wp-content\/uploads\/2013\/11\/logo-pcs-selected-quality.png\" alt=\"Logo PCS Qualit\u00e0 selezionata\" width=\"143\" height=\"88\" title=\"\"><br \/>\n[\/colonna]<\/p>\n<p>[rev_slider Bosch-CCS-1000D]<br \/>\n[spacer size=\"30\u2033]<\/p>\n<p>Siamo lieti di presentare il nuovo sistema di conferenza digitale CCS 1000 D di Bosch!<\/p>\n<p>La nuovissima CCS 1000 D ci colpisce per la sua semplicit\u00e0 e facilit\u00e0 d'uso, senza dover rinunciare alle pi\u00f9 recenti innovazioni tecniche.<\/p>\n<p>Abbiamo testato e utilizzato a fondo il nuovo sistema di discussione nelle nostre filiali. Il sistema, progettato per riunioni di piccole e medie dimensioni, si \u00e8 distinto per le sue numerose funzioni aggiuntive ed \u00e8 adatto anche all'uso in installazioni fisse.<\/p>\n<p>&#x9B; <a href=\"\/it\/risultato-del-test-bosch-ccs-1000-d\/\">Ecco il risultato del test PCS Bosch CCS 1000 D \u2013 Febbraio 2015<\/a><br \/>\n[spacer size=\"30\u2033]<\/p>\n<h1>Caratteristiche salienti del Bosch CCS 1000 D<\/h1>\n<p>[spacer size=\"30\u2033]<\/p>\n<p>[column size=\"1-4\u2033 last=\"0\u2033]<img fetchpriority=\"high\" decoding=\"async\" width=\"665\" height=\"441\" class=\"alignnone size-full wp-image-5304\" src=\"https:\/\/konferenztechnik.de\/wp-content\/uploads\/2015\/02\/bosch-CCS-1000-D-usb-recording-CCSD-CURD1.jpg\" alt=\"Bosch CCS 1000 D Registrazione USB - CCSD-CURD\" title=\"\" srcset=\"https:\/\/konferenztechnik.de\/wp-content\/uploads\/2015\/02\/bosch-CCS-1000-D-usb-recording-CCSD-CURD1.jpg 665w, https:\/\/konferenztechnik.de\/wp-content\/uploads\/2015\/02\/bosch-CCS-1000-D-usb-recording-CCSD-CURD1-300x199.jpg 300w\" sizes=\"(max-width: 665px) 100vw, 665px\" \/>Registrazione direttamente sulla chiavetta USB. Non \u00e8 necessario alcun software aggiuntivo!<\/p>\n<p>[\/colonna]<br \/>\n[column size=\"1-4\u2033 last=\"0\u2033]<img decoding=\"async\" width=\"665\" height=\"441\" class=\"alignnone size-full wp-image-5308\" src=\"https:\/\/konferenztechnik.de\/wp-content\/uploads\/2015\/02\/Sprechstelle-CCSD-DS-CCS-1000-D1.jpg\" alt=\"Stazione interfonica CCSD DS CCS 1000 D\" title=\"\" srcset=\"https:\/\/konferenztechnik.de\/wp-content\/uploads\/2015\/02\/Sprechstelle-CCSD-DS-CCS-1000-D1.jpg 665w, https:\/\/konferenztechnik.de\/wp-content\/uploads\/2015\/02\/Sprechstelle-CCSD-DS-CCS-1000-D1-300x199.jpg 300w\" sizes=\"(max-width: 665px) 100vw, 665px\" \/>Unit\u00e0 microfoniche di alta qualit\u00e0, cancellazione del feedback integrata, buona qualit\u00e0 audio e livelli di volume elevati<\/p>\n<p>[\/colonna]<br \/>\n[column size=\"1-3\u2033 last=\"1\u2033]<img loading=\"lazy\" decoding=\"async\" width=\"665\" height=\"441\" class=\"alignnone size-full wp-image-4961\" src=\"https:\/\/konferenztechnik.de\/wp-content\/uploads\/2015\/02\/bosch-CCS1000D-plug-and-play.jpg\" alt=\"bosch-CCS1000D - plug-and-play\" title=\"\" srcset=\"https:\/\/konferenztechnik.de\/wp-content\/uploads\/2015\/02\/bosch-CCS1000D-plug-and-play.jpg 665w, https:\/\/konferenztechnik.de\/wp-content\/uploads\/2015\/02\/bosch-CCS1000D-plug-and-play-300x199.jpg 300w\" sizes=\"(max-width: 665px) 100vw, 665px\" \/>Plug &amp; Play \u2013 compatto, facile da installare e da utilizzare<\/p>\n<p>[\/colonna]<br \/>\n[column size=\"1-4\u2033 last=\"0\u2033]<img loading=\"lazy\" decoding=\"async\" width=\"665\" height=\"441\" class=\"alignnone size-full wp-image-5314\" src=\"https:\/\/konferenztechnik.de\/wp-content\/uploads\/2015\/02\/Bosch-CCSD-im-Konferenzraum.jpg\" alt=\"Bosch-CCSD in sala conferenze\" title=\"\" srcset=\"https:\/\/konferenztechnik.de\/wp-content\/uploads\/2015\/02\/Bosch-CCSD-im-Konferenzraum.jpg 665w, https:\/\/konferenztechnik.de\/wp-content\/uploads\/2015\/02\/Bosch-CCSD-im-Konferenzraum-300x199.jpg 300w\" sizes=\"(max-width: 665px) 100vw, 665px\" \/>Capacit\u00e0 di videoconferenza, controllo automatico delle telecamere per videoconferenze, anche HD, fino a 6 telecamere a cupola per conferenze HD<\/p>\n<p>[\/colonna]<br \/>\n[column size=\"1-4\u2033 last=\"0\u2033]<img loading=\"lazy\" decoding=\"async\" width=\"665\" height=\"441\" class=\"alignnone size-full wp-image-5305\" src=\"https:\/\/konferenztechnik.de\/wp-content\/uploads\/2015\/02\/Bosch-CCSD-DS-CCS-Transportkoffer1.jpg\" alt=\"Valigia di trasporto CCSD DS CCS di Bosch\" title=\"\" srcset=\"https:\/\/konferenztechnik.de\/wp-content\/uploads\/2015\/02\/Bosch-CCSD-DS-CCS-Transportkoffer1.jpg 665w, https:\/\/konferenztechnik.de\/wp-content\/uploads\/2015\/02\/Bosch-CCSD-DS-CCS-Transportkoffer1-300x199.jpg 300w\" sizes=\"(max-width: 665px) 100vw, 665px\" \/>Stazioni interfoniche ben protette in una custodia di trasporto di alta qualit\u00e0<\/p>\n<p>[\/colonna]<br \/>\n[column size=\"1-3\u2033 last=\"1\u2033]<\/p>\n<p><img loading=\"lazy\" decoding=\"async\" width=\"665\" height=\"441\" class=\"alignnone size-full wp-image-4965\" src=\"https:\/\/konferenztechnik.de\/wp-content\/uploads\/2015\/02\/bosch-CCS1000D-browser-steuerung-1.jpg\" alt=\"bosch-CCS1000D-browser-control\" title=\"\" srcset=\"https:\/\/konferenztechnik.de\/wp-content\/uploads\/2015\/02\/bosch-CCS1000D-browser-steuerung-1.jpg 665w, https:\/\/konferenztechnik.de\/wp-content\/uploads\/2015\/02\/bosch-CCS1000D-browser-steuerung-1-300x199.jpg 300w\" sizes=\"(max-width: 665px) 100vw, 665px\" \/>Semplice interfaccia web per la configurazione e il controllo avanzati<\/p>\n<p>[\/colonna]<br \/>\n&#x9B; <a href=\"\/it\/bosch-ccs-1000d-caratteristiche\/\">Ecco l'elenco delle caratteristiche e i dettagli tecnici del Bosch CCS 1000 D<\/a><br \/>\n[spacer size=\"50\u2033]<\/p>\n<h1>Le vostre persone di contatto<\/h1>\n<p>[spacer size=\"20\u2033]<br \/>\n[column size=\"1-4\u2033 last=\"0\u2033]<br \/>\n[tabs style=\"2\u2033]<br \/>\n[tab title=\"Berlino\"]<br \/>\n<img loading=\"lazy\" decoding=\"async\" width=\"800\" height=\"533\" class=\"alignleft size-full wp-image-2301\" src=\"https:\/\/konferenztechnik.de\/wp-content\/uploads\/2013\/09\/gunnar_hermenau_pcs-gmbh.jpg\" alt=\"gunnar_hermenau_pcs-gmbh\" title=\"\" srcset=\"https:\/\/konferenztechnik.de\/wp-content\/uploads\/2013\/09\/gunnar_hermenau_pcs-gmbh.jpg 800w, https:\/\/konferenztechnik.de\/wp-content\/uploads\/2013\/09\/gunnar_hermenau_pcs-gmbh-300x200.jpg 300w, https:\/\/konferenztechnik.de\/wp-content\/uploads\/2013\/09\/gunnar_hermenau_pcs-gmbh-768x512.jpg 768w\" sizes=\"(max-width: 800px) 100vw, 800px\" \/><br \/>\nGunnar Hermenau<br \/>\nDirettore della filiale di Berlino<br \/>\nTelefono +49 30 6959690 14<br \/>\ne-mail <a href=\"mailto:hermenau@konferenztechnik.de\">hermenau@konferenztechnik.de<\/a><br \/>\nCodice QR <a title=\"Codice QR Gunnar Hermenau\" href=\"https:\/\/konferenztechnik.de\/wp-content\/uploads\/2013\/09\/gunnar_hermenau_qrcode.png\">Mostra \u203a<\/a><br \/>\n[\/tab]<br \/>\n[\/tabs]<br \/>\n[\/colonna]<br \/>\n[column size=\"1-4\u2033 last=\"0\u2033]<br \/>\n[tabs style=\"2\u2033]<br \/>\n[tab title=\"D\u00fcsseldorf\"]<br \/>\n<a href=\"https:\/\/konferenztechnik.de\/wp-content\/uploads\/2013\/09\/dirk_neumann_pcs-gmbh.jpg\"><img loading=\"lazy\" decoding=\"async\" width=\"800\" height=\"533\" class=\"alignleft size-full wp-image-2297\" src=\"https:\/\/konferenztechnik.de\/wp-content\/uploads\/2013\/09\/dirk_neumann_pcs-gmbh.jpg\" alt=\"Dirk Neumann Amministratore delegato PCS GmbH\" title=\"\" srcset=\"https:\/\/konferenztechnik.de\/wp-content\/uploads\/2013\/09\/dirk_neumann_pcs-gmbh.jpg 800w, https:\/\/konferenztechnik.de\/wp-content\/uploads\/2013\/09\/dirk_neumann_pcs-gmbh-300x200.jpg 300w, https:\/\/konferenztechnik.de\/wp-content\/uploads\/2013\/09\/dirk_neumann_pcs-gmbh-768x512.jpg 768w\" sizes=\"(max-width: 800px) 100vw, 800px\" \/><\/a><br \/>\nDirk Neumann<br \/>\nDirettore generale<br \/>\nTelefono +49 211 737798 0<br \/>\ne-mail <a href=\"mailto:vertrieb@konferenztechnik.de\">vertrieb@konferenztechnik.de<\/a><br \/>\nCodice QR <a title=\"Codice QR Dirk Neumann\" href=\"https:\/\/konferenztechnik.de\/wp-content\/uploads\/2013\/09\/dirk_neumann_qrcode.png\">Mostra \u203a<\/a>[\/tab]<br \/>\n[\/tabs]<br \/>\n[\/colonna]<br \/>\n[spacer size=\"10\u2033]<br \/>\nCollegamenti con il sistema per conferenze Bosch CCS 1000 D<br \/>\n&#x9B; <a style=\"line-height: 1.8em;\" title=\"\" href=\"\/it\/pz-selezionato-offerta-speciale-bosch-ccs-1000d\/\">Offerta PCS\/Bosch Bosch CCS 1000 D<\/a><br \/>\n&#x9B; <a style=\"line-height: 1.8em;\" title=\"\" href=\"\/it\/risultato-del-test-bosch-ccs-1000-d\/\">Risultato del test PCS Bosch CCS 1000 D<\/a><br \/>\n&#x9B; <a style=\"line-height: 1.8em;\" title=\"\" href=\"\/it\/bosch-ccs-1000d-caratteristiche\/\">Spettro delle prestazioni \/ Caratteristiche Bosch CCS 1000 D<\/a><\/p>\n<p>[spacer size=\"10\u2033]<\/p>\n<div class=\"weiterlinks\">\n<h1>Ulteriori link:<\/h1>\n<ul>\n<li>\u203a <a title=\"Distribuzione\" href=\"\/it\/distribuzione-di-tecnologia-per-conferenze-e-media-av\/\">Distribuzione di tecnologia per conferenze e media<\/a><\/li>\n<li>\u203a <a title=\"Installazione\" href=\"\/it\/installazione-e-integrazione-di-sistemi-tecnologici-e-multimediali-per-conferenze\/\">Installazione e integrazione di sistemi tecnologici e multimediali per conferenze<\/a><\/li>\n<li>\u203a <a title=\"Supporto per eventi multilingue\" href=\"\/it\/servizi-2\/supporto-per-eventi-multilingue\/\">Supporto per eventi multilingue<\/a><\/li>\n<\/ul>\n<\/div>","protected":false},"excerpt":{"rendered":"<p>[column size=\"2-3\u2033 last=\"0\u2033] Nuova presentazione: Sistema di discussione digitale Bosch CCS 1000 D [\/column] [column size=\"1-3\u2033 last=\"1\u2033] [\/column] [rev_slider Bosch-CCS-1000D] [spacer size=\"30\u2033] Siamo lieti di presentare il nuovo sistema di conferenza digitale CCS 1000 D di Bosch! Il nuovissimo CCS 1000 D ci colpisce per la sua semplicit\u00e0 e facilit\u00e0 d'uso, senza dover rinunciare alle pi\u00f9 recenti innovazioni tecniche [...]<\/p>","protected":false},"author":1,"featured_media":45482,"parent":0,"menu_order":35,"comment_status":"closed","ping_status":"open","template":"","meta":{"_acf_changed":false,"footnotes":""},"class_list":["post-4933","page","type-page","status-publish","has-post-thumbnail","hentry"],"acf":[],"_links":{"self":[{"href":"https:\/\/konferenztechnik.de\/it\/wp-json\/wp\/v2\/pages\/4933","targetHints":{"allow":["GET"]}}],"collection":[{"href":"https:\/\/konferenztechnik.de\/it\/wp-json\/wp\/v2\/pages"}],"about":[{"href":"https:\/\/konferenztechnik.de\/it\/wp-json\/wp\/v2\/types\/page"}],"author":[{"embeddable":true,"href":"https:\/\/konferenztechnik.de\/it\/wp-json\/wp\/v2\/users\/1"}],"replies":[{"embeddable":true,"href":"https:\/\/konferenztechnik.de\/it\/wp-json\/wp\/v2\/comments?post=4933"}],"version-history":[{"count":0,"href":"https:\/\/konferenztechnik.de\/it\/wp-json\/wp\/v2\/pages\/4933\/revisions"}],"wp:featuredmedia":[{"embeddable":true,"href":"https:\/\/konferenztechnik.de\/it\/wp-json\/wp\/v2\/media\/45482"}],"wp:attachment":[{"href":"https:\/\/konferenztechnik.de\/it\/wp-json\/wp\/v2\/media?parent=4933"}],"curies":[{"name":"wp","href":"https:\/\/api.w.org\/{rel}","templated":true}]}}