{"id":4984,"date":"2015-02-02T14:48:25","date_gmt":"2015-02-02T13:48:25","guid":{"rendered":"https:\/\/konferenztechnik.de\/?page_id=4984"},"modified":"2023-09-01T11:47:24","modified_gmt":"2023-09-01T09:47:24","slug":"pz-selezionato-offerta-speciale-bosch-ccs-1000d","status":"publish","type":"page","link":"https:\/\/konferenztechnik.de\/it\/pz-selezionato-offerta-speciale-bosch-ccs-1000d\/","title":{"rendered":"PCS Selezionato: Acquistare Bosch CCS 1000D"},"content":{"rendered":"<p>[column size=\"2-3\u2033 last=\"0\u2033]<\/p>\n<h1>Acquista Bosch CCS 1000 D \u2013 Offerta iniziale: Sistema di discussione digitale Bosch CCS 1000 D<\/h1>\n<p>[\/colonna]<br \/>\n[column size=\"1-3\u2033 last=\"1\u2033]<\/p>\n<p>[\/colonna]<\/p>\n<p><a href=\"https:\/\/konferenztechnik.de\/wp-content\/uploads\/2015\/02\/8.jpg\"><img fetchpriority=\"high\" decoding=\"async\" class=\"alignnone size-full wp-image-5243\" src=\"https:\/\/konferenztechnik.de\/wp-content\/uploads\/2015\/02\/8.jpg\" alt=\"_8\" width=\"941\" height=\"228\" title=\"\" srcset=\"https:\/\/konferenztechnik.de\/wp-content\/uploads\/2015\/02\/8.jpg 941w, https:\/\/konferenztechnik.de\/wp-content\/uploads\/2015\/02\/8-300x73.jpg 300w, https:\/\/konferenztechnik.de\/wp-content\/uploads\/2015\/02\/8-768x186.jpg 768w\" sizes=\"(max-width: 941px) 100vw, 941px\" \/><\/a><br \/>\n<a href=\"https:\/\/konferenztechnik.de\/wp-content\/uploads\/2015\/02\/Bosch-CCS-1000-D-PCSAngebot.jpg\"><img decoding=\"async\" class=\"alignnone size-full wp-image-5346\" src=\"https:\/\/konferenztechnik.de\/wp-content\/uploads\/2015\/02\/Bosch-CCS-1000-D-PCSAngebot.jpg\" alt=\"Acquista Bosch-CCS-1000 D\" width=\"940\" height=\"411\" title=\"\" srcset=\"https:\/\/konferenztechnik.de\/wp-content\/uploads\/2015\/02\/Bosch-CCS-1000-D-PCSAngebot.jpg 940w, https:\/\/konferenztechnik.de\/wp-content\/uploads\/2015\/02\/Bosch-CCS-1000-D-PCSAngebot-300x131.jpg 300w, https:\/\/konferenztechnik.de\/wp-content\/uploads\/2015\/02\/Bosch-CCS-1000-D-PCSAngebot-768x336.jpg 768w\" sizes=\"(max-width: 940px) 100vw, 940px\" \/><\/a><br \/>\nBosch presenter\u00e0 un nuovo sistema di discussione digitale all'Integrated Systems Europe di Amsterdam il 10 febbraio 2015. Abbiamo gi\u00e0 avuto modo di mettere alla prova il sistema e ne siamo entusiasti.<\/p>\n<p>La nuova struttura, progettata per riunioni ed eventi di piccole e medie dimensioni, ha ottenuto un ottimo punteggio in tutti i settori.<\/p>\n<p>Bosch offre un prezzo di lancio imbattibile per un nuovo sistema di discussione di grande successo. Bosch vuole pubblicizzare rapidamente il sistema sul mercato internazionale. Siamo convinti del sistema e siamo lieti di trasferire il vantaggio a voi.<br \/>\n[spacer size=\"20\u2033]<\/p>\n<h1>Offerta introduttiva Bosch\/PCS \u2013 Sistema di discussione digitale Bosch CCS 1000 D<\/h1>\n<p>Due stazioni interfoniche gratuite per ogni set di 6, offerta introduttiva una tantum valida solo dal 5 febbraio al 5 marzo 2015.<\/p>\n<p><a href=\"https:\/\/konferenztechnik.de\/wp-content\/uploads\/2015\/02\/Bosch-CCS-1000-D-PCSAngebot2.jpg\"><img decoding=\"async\" class=\"alignnone size-full wp-image-5350\" src=\"https:\/\/konferenztechnik.de\/wp-content\/uploads\/2015\/02\/Bosch-CCS-1000-D-PCSAngebot2.jpg\" alt=\"Offerta speciale Bosch-CCS-1000 D\" width=\"940\" height=\"411\" title=\"\" srcset=\"https:\/\/konferenztechnik.de\/wp-content\/uploads\/2015\/02\/Bosch-CCS-1000-D-PCSAngebot2.jpg 940w, https:\/\/konferenztechnik.de\/wp-content\/uploads\/2015\/02\/Bosch-CCS-1000-D-PCSAngebot2-300x131.jpg 300w, https:\/\/konferenztechnik.de\/wp-content\/uploads\/2015\/02\/Bosch-CCS-1000-D-PCSAngebot2-768x336.jpg 768w\" sizes=\"(max-width: 940px) 100vw, 940px\" \/><\/a><br \/>\nValido per set base di 6 unit\u00e0 microfoniche + prezzo speciale per centralina, cavo di prolunga e accessori. Acquistate il nuovo sistema citofonico Bosch a un prezzo di lancio imbattibile.<\/p>\n<p>Potete conoscere il sistema nelle nostre filiali. Dal 10 al 12 febbraio, Bosch presenter\u00e0 il sistema all'ISE Integrated Systems Europe di Amsterdam presso lo stand 3-A81. Siete invitati a fissare un appuntamento con noi. <a href=\"mailto:peschka@konferenztechnik.de?subject=Treffen auf der ISE Amsterdam\">Appuntamento<\/a>.<\/p>\n<p><a href=\"https:\/\/www.iseurope.org\/home.php?navi=148&amp;clean_cat=search&amp;searchstring=bosch\" target=\"_blank\" rel=\"noopener\">Bosch con il CCS 1000 D all'ISE Integrated Systems Europe di Amsterdam<\/a><\/p>\n<p>[spacer size=\"10\u2033]<\/p>\n<p><a style=\"line-height: 1.8em;\" title=\"\" href=\"\/it\/bosch-ccs-1000-d\/\">Nuova introduzione Bosch CCS 1000 D<\/a><br \/>\n<a style=\"line-height: 1.8em;\" title=\"R\" href=\"\/it\/risultato-del-test-bosch-ccs-1000-d\/\">Risultato del test PCS Bosch CCS 1000 D<\/a><br \/>\n<a style=\"line-height: 1.8em;\" title=\"\" href=\"\/it\/bosch-ccs-1000d-caratteristiche\/\">Spettro delle prestazioni \/ Caratteristiche Bosch CCS 1000 D<\/a><br \/>\n<!--\n<b>Highend-Ausstattung zum Einsteigerpreis<\/b>\n[list icon=\"moon-checkmark-3\" color=\"#a62055\"]Exzellenter Klang und h\u00f6here Lautst\u00e4rken ohne R\u00fcckkopplung[\/list]\n[list icon=\"moon-checkmark-3\" color=\"#a62055\"]Kompakt, einfach aufzubauen, einfach zu bedienen[\/list]\n[list icon=\"moon-checkmark-3\" color=\"#a62055\"]Komfortable Aufzeichnung einfach auf den USB-Stick[\/list]\n[list icon=\"moon-checkmark-3\" color=\"#a62055\"]Steuerung der Anlage einach \u00fcber Tablet, Smartphone oder Web-Browser[\/list]\n[list icon=\"moon-checkmark-3\" color=\"#a62055\"]Integrierte, automatische Steuerung von DOM z. B. f\u00fcr Videokonferenzen[\/list]\n[spacer size=\"30\"]\n--><\/p>\n<p>[spacer size=\"20\u2033]<\/p>\n<p><!--\n\n<b>Zusatzangebot \u201eISE-Besuch\u201c \/ die Anlage auf der ISE kennenlernen<\/b>\n\nBesuchen Sie Bosch auf der ISE in Amsterdam. Bringen Sie unser PCS-Angebot als Ausdruck mit und Sie erhalten zus\u00e4tzlich 100 EUR Er\u00f6ffnungsrabatt.\n\nBesuchen Sie Bosch auf dem Stand 3-A81 und legen Sie dort unser Angebot zum Unterzeichnen vor und Sie erhalten im Aktionszeitraum nochmals zus\u00e4tzlich 100 EUR Preisnachlass auf Ihre erste Bestellung.\n\n* G\u00fcltig ab Abnahmemenge 1 Basiskoffer (5 + 1 for free) + 100 EUR ISE-Aktion. Angebot g\u00fcltig f\u00fcr den Gesamtzeitraum 5. Februar bis 31. M\u00e4rz, Abzeichnung Angebot nur auf der ISE m\u00f6glich.\n\nISE Integrated Systems Europe Amsterdam\n10.02.2015 - 12.02.2015\nAusstellung f\u00fcr professionelle AV Systemintegration &amp; elektronische Integration in Gesch\u00e4fts- und Wohngeb\u00e4uden\n\nBesuchen Sie Bosch und nutzen Sie die Chance, die Anlage kennenzulernen; Bosch CCS 1000 D, Stand 3-A81\n--><\/p>\n<p>[spacer size=\"20\u2033]<\/p>\n<h1>Le vostre persone di contatto<\/h1>\n<p>[spacer size=\"20\u2033]<br \/>\n[column size=\"1-4\u2033 last=\"0\u2033]<br \/>\n[tabs style=\"2\u2033]<br \/>\n[tab title=\"Berlino\"]<br \/>\n<img loading=\"lazy\" decoding=\"async\" width=\"800\" height=\"533\" class=\"alignleft size-full wp-image-2301\" src=\"https:\/\/konferenztechnik.de\/wp-content\/uploads\/2013\/09\/gunnar_hermenau_pcs-gmbh.jpg\" alt=\"gunnar_hermenau_pcs-gmbh\" title=\"\" srcset=\"https:\/\/konferenztechnik.de\/wp-content\/uploads\/2013\/09\/gunnar_hermenau_pcs-gmbh.jpg 800w, https:\/\/konferenztechnik.de\/wp-content\/uploads\/2013\/09\/gunnar_hermenau_pcs-gmbh-300x200.jpg 300w, https:\/\/konferenztechnik.de\/wp-content\/uploads\/2013\/09\/gunnar_hermenau_pcs-gmbh-768x512.jpg 768w\" sizes=\"(max-width: 800px) 100vw, 800px\" \/><br \/>\nGunnar Hermenau<br \/>\nDirettore della filiale di Berlino<br \/>\nTelefono +49 30 6959690 14<br \/>\ne-mail <a href=\"mailto:hermenau@konferenztechnik.de\">hermenau@konferenztechnik.de<\/a><br \/>\nCodice QR <a title=\"Codice QR Gunnar Hermenau\" href=\"https:\/\/konferenztechnik.de\/wp-content\/uploads\/2013\/09\/gunnar_hermenau_qrcode.png\">Mostra \u203a<\/a><br \/>\n[\/tab]<br \/>\n[\/tabs]<br \/>\n[\/colonna]<br \/>\n[column size=\"1-4\u2033 last=\"0\u2033]<br \/>\n[tabs style=\"2\u2033]<br \/>\n[tab title=\"Heilbronn\"]<br \/>\n<img loading=\"lazy\" decoding=\"async\" width=\"800\" height=\"533\" class=\"alignleft size-full wp-image-2289\" src=\"https:\/\/konferenztechnik.de\/wp-content\/uploads\/2013\/09\/carsten_adam_pcs-gmbh.jpg\" alt=\"carsten_adam_pcs-gmbh\" title=\"\" srcset=\"https:\/\/konferenztechnik.de\/wp-content\/uploads\/2013\/09\/carsten_adam_pcs-gmbh.jpg 800w, https:\/\/konferenztechnik.de\/wp-content\/uploads\/2013\/09\/carsten_adam_pcs-gmbh-300x200.jpg 300w, https:\/\/konferenztechnik.de\/wp-content\/uploads\/2013\/09\/carsten_adam_pcs-gmbh-768x512.jpg 768w\" sizes=\"(max-width: 800px) 100vw, 800px\" \/><br \/>\nCarsten Adam<br \/>\nDirettore della filiale di Heilbronn e Monaco di Baviera<br \/>\nTelefono +49 7131 278010 11<br \/>\ne-mail <a href=\"mailto:adam@konferenztechnik.de\">adam@konferenztechnik.de<\/a><br \/>\nCodice QR <a title=\"Codice QR Carsten Adam\" href=\"https:\/\/konferenztechnik.de\/wp-content\/uploads\/2013\/09\/carsten_adam_qrcode.png\">Mostra \u203a<\/a><br \/>\n[\/tab]<br \/>\n[\/tabs]<br \/>\n[\/colonna]<\/p>\n<p>[column size=\"1-4\u2033 last=\"0\u2033]<br \/>\n[tabs style=\"2\u2033]<br \/>\n[tab title=\"D\u00fcsseldorf\"]<br \/>\n<a href=\"https:\/\/konferenztechnik.de\/wp-content\/uploads\/2013\/09\/dirk_neumann_pcs-gmbh.jpg\"><img loading=\"lazy\" decoding=\"async\" width=\"800\" height=\"533\" class=\"alignleft size-full wp-image-2297\" src=\"https:\/\/konferenztechnik.de\/wp-content\/uploads\/2013\/09\/dirk_neumann_pcs-gmbh.jpg\" alt=\"Dirk Neumann Amministratore delegato PCS GmbH\" title=\"\" srcset=\"https:\/\/konferenztechnik.de\/wp-content\/uploads\/2013\/09\/dirk_neumann_pcs-gmbh.jpg 800w, https:\/\/konferenztechnik.de\/wp-content\/uploads\/2013\/09\/dirk_neumann_pcs-gmbh-300x200.jpg 300w, https:\/\/konferenztechnik.de\/wp-content\/uploads\/2013\/09\/dirk_neumann_pcs-gmbh-768x512.jpg 768w\" sizes=\"(max-width: 800px) 100vw, 800px\" \/><\/a><br \/>\nDirk Neumann<br \/>\nDirettore generale<br \/>\nTelefono +49 211 737798 0<br \/>\ne-mail <a href=\"mailto:vertrieb@konferenztechnik.de\">vertrieb@konferenztechnik.de<\/a><br \/>\nCodice QR <a title=\"Codice QR Dirk Neumann\" href=\"https:\/\/konferenztechnik.de\/wp-content\/uploads\/2013\/09\/dirk_neumann_qrcode.png\">Mostra \u203a<\/a>[\/tab]<br \/>\n[\/tabs]<br \/>\n[\/colonna]<\/p>\n<p>[spacer size=\"30\u2033]<\/p>\n<div class=\"weiterlinks\">\n<h1>Ulteriori link:<\/h1>\n<ul>\n<li>\u203a <a title=\"Distribuzione\" href=\"\/it\/distribuzione-di-tecnologia-per-conferenze-e-media-av\/\">Distribuzione di tecnologia per conferenze e media<\/a><\/li>\n<li>\u203a <a title=\"Installazione\" href=\"\/it\/installazione-e-integrazione-di-sistemi-tecnologici-e-multimediali-per-conferenze\/\">Installazione e integrazione di sistemi tecnologici e multimediali per conferenze<\/a><\/li>\n<li>\u203a <a title=\"Supporto per eventi multilingue\" href=\"\/it\/servizi-2\/supporto-per-eventi-multilingue\/\">Supporto per eventi multilingue<\/a><\/li>\n<\/ul>\n<\/div>","protected":false},"excerpt":{"rendered":"<p>[column size=\"2-3\u2033 last=\"0\u2033] Acquista Bosch CCS 1000 D \u2013 Offerta introduttiva: Sistema di discussione digitale Bosch CCS 1000 D [\/column] [column size=\"1-3\u2033 last=\"1\u2033] [\/column] Bosch presenter\u00e0 un nuovo sistema di discussione digitale all'Integrated Systems Europe di Amsterdam il 10 febbraio 2015. Abbiamo gi\u00e0 avuto modo di mettere alla prova il sistema e ne siamo entusiasti. Il nuovo [...]<\/p>","protected":false},"author":1,"featured_media":45482,"parent":0,"menu_order":34,"comment_status":"closed","ping_status":"open","template":"","meta":{"_acf_changed":false,"footnotes":""},"class_list":["post-4984","page","type-page","status-publish","has-post-thumbnail","hentry"],"acf":[],"_links":{"self":[{"href":"https:\/\/konferenztechnik.de\/it\/wp-json\/wp\/v2\/pages\/4984","targetHints":{"allow":["GET"]}}],"collection":[{"href":"https:\/\/konferenztechnik.de\/it\/wp-json\/wp\/v2\/pages"}],"about":[{"href":"https:\/\/konferenztechnik.de\/it\/wp-json\/wp\/v2\/types\/page"}],"author":[{"embeddable":true,"href":"https:\/\/konferenztechnik.de\/it\/wp-json\/wp\/v2\/users\/1"}],"replies":[{"embeddable":true,"href":"https:\/\/konferenztechnik.de\/it\/wp-json\/wp\/v2\/comments?post=4984"}],"version-history":[{"count":0,"href":"https:\/\/konferenztechnik.de\/it\/wp-json\/wp\/v2\/pages\/4984\/revisions"}],"wp:featuredmedia":[{"embeddable":true,"href":"https:\/\/konferenztechnik.de\/it\/wp-json\/wp\/v2\/media\/45482"}],"wp:attachment":[{"href":"https:\/\/konferenztechnik.de\/it\/wp-json\/wp\/v2\/media?parent=4984"}],"curies":[{"name":"wp","href":"https:\/\/api.w.org\/{rel}","templated":true}]}}