{"id":5406,"date":"2015-02-09T13:31:50","date_gmt":"2015-02-09T12:31:50","guid":{"rendered":"https:\/\/konferenztechnik.de\/?page_id=5406"},"modified":"2023-09-01T11:46:48","modified_gmt":"2023-09-01T09:46:48","slug":"bosch-ccs-1000-d-caratteristiche","status":"publish","type":"page","link":"https:\/\/konferenztechnik.de\/it\/bosch-ccs-1000-d-caratteristiche\/","title":{"rendered":"Caratteristiche del CCS 1000 D Bosch"},"content":{"rendered":"<p>[column size=\"2-3\u2033 last=\"0\u2033]<\/p>\n<h1>Caratteristiche: Sistema di discussione digitale Bosch CCS 1000 D<\/h1>\n<p>[\/colonna]<br \/>\n[column size=\"1-3\u2033 last=\"1\u2033]<br \/>\n<img decoding=\"async\" class=\"alignright size-full wp-image-3924\" src=\"https:\/\/konferenztechnik.de\/wp-content\/uploads\/2013\/11\/logo-pcs-selected-quality.png\" alt=\"Logo PCS Qualit\u00e0 selezionata\" width=\"143\" height=\"88\" title=\"\"><br \/>\n[\/colonna]<\/p>\n<p><a href=\"https:\/\/konferenztechnik.de\/wp-content\/uploads\/2015\/02\/Bosch-CCS-1000-D-features.jpg\"><img fetchpriority=\"high\" decoding=\"async\" class=\"alignnone size-full wp-image-5365\" src=\"https:\/\/konferenztechnik.de\/wp-content\/uploads\/2015\/02\/Bosch-CCS-1000-D-features.jpg\" alt=\"Bosch-CCS-1000-D-features\" width=\"940\" height=\"411\" title=\"\" srcset=\"https:\/\/konferenztechnik.de\/wp-content\/uploads\/2015\/02\/Bosch-CCS-1000-D-features.jpg 940w, https:\/\/konferenztechnik.de\/wp-content\/uploads\/2015\/02\/Bosch-CCS-1000-D-features-300x131.jpg 300w, https:\/\/konferenztechnik.de\/wp-content\/uploads\/2015\/02\/Bosch-CCS-1000-D-features-768x336.jpg 768w\" sizes=\"(max-width: 940px) 100vw, 940px\" \/><\/a><\/p>\n<p>Il nuovissimo CCS 1000 D convince per la sua semplicit\u00e0 e facilit\u00e0 d'uso, senza dover rinunciare alle pi\u00f9 recenti innovazioni tecniche. Qui trovate una panoramica delle caratteristiche del sistema.<\/p>\n<h2>Caratteristiche del CCS 1000 D Bosch<\/h2>\n<p>[spacer size=\"20\u2033]<\/p>\n<div class=\"kasten\">\n<div class=\"kastenlinks\"><span class=\"zahl\">1.<\/span><\/div>\n<div class=\"kastenrechts\">\n<h1>Compatto, facile da installare, facile da utilizzare<\/h1>\n<p>\u2013 Plug and play<br \/>\n\u2013 Nessuna formazione richiesta<br \/>\n\u2013 Installazione semplice e immediata<br \/>\n\u2013 Non \u00e8 necessaria una configurazione estesa<\/p>\n<\/div>\n<p>[chiaro]<\/p>\n<\/div>\n<p>[spacer size=\"20\u2033]<\/p>\n<div class=\"kasten\">\n<div class=\"kastenlinks\"><span class=\"zahl\">2.<\/span><\/div>\n<div class=\"kastenrechts\">\n<h1>Buon suono e volumi pi\u00f9 alti senza feedback<\/h1>\n<p>\u2013 Altoparlante e microfono attivi contemporaneamente<br \/>\n\u2013 Soppressore di retroazione digitale incorporato (DAFS)<br \/>\n\u2013 Eccellente intelligibilit\u00e0 del parlato per tutti i partecipanti<\/p>\n<\/div>\n<p>[chiaro]<\/p>\n<\/div>\n<p>[spacer size=\"20\u2033]<\/p>\n<div class=\"kasten\">\n<div class=\"kastenlinks\"><span class=\"zahl\">3.<\/span><\/div>\n<div class=\"kastenrechts\">\n<h1>Comoda registrazione<\/h1>\n<p>\u2013 Registrazione digitale su memoria interna: fino a 8 ore<br \/>\n\u2013 Registrazione digitale con chiavetta USB da 128 GB: fino a 4000 ore<\/p>\n<\/div>\n<p>[chiaro]<\/p>\n<\/div>\n<p>[spacer size=\"20\u2033]<\/p>\n<div class=\"kasten\">\n<div class=\"kastenlinks\"><span class=\"zahl\">4.<\/span><\/div>\n<div class=\"kastenrechts\">\n<h1>Semplice interfaccia web per la configurazione e il controllo avanzati<\/h1>\n<p>\u2013 Opzioni di impostazione estese per i tecnici<br \/>\n\u2013 Controllo intuitivo del microfono per il presidente<br \/>\n\u2013 Controllo e registrazione della discussione<\/p>\n<\/div>\n<p>[chiaro]<\/p>\n<\/div>\n<p>[spacer size=\"20\u2033]<\/p>\n<div class=\"kasten\">\n<div class=\"kastenlinks\"><span class=\"zahl\">5.<\/span><\/div>\n<div class=\"kastenrechts\">\n<h1>Supporto naturale per il controllo automatico della telecamera<\/h1>\n<p>Supporto standard \u2013 per un massimo di 6 telecamere a cupola per conferenze HD<br \/>\nConfigurazione tramite browser web, senza necessit\u00e0 di software aggiuntivo<br \/>\n\u2013 Presentazione cristallina del diffusore attivo<\/p>\n<\/div>\n<p>[chiaro]<\/p>\n<\/div>\n<p><span style=\"font-size: 2.0em;\"><br \/>\n+<br \/>\n<\/span><\/p>\n<div class=\"kasten\">\n<div class=\"kastenlinks\"><span class=\"zahl\">6.<\/span><\/div>\n<div class=\"kastenrechts\">\n<p>\u2013 Unico \"Possibilit\u00e0 di parlare\u201d display (possibilit\u00e0 di parlare)<br \/>\n\u2013 \"Richiesta di parlare\u201d Visualizzazione (lista d'attesa automatica)<br \/>\n\u2013 Modalit\u00e0 di risparmio energetico<br \/>\n\u2013 A prova di lettiera contro telefoni cellulari e smartphone (immunit\u00e0 GSM)<\/p>\n<\/div>\n<p>[chiaro]<\/p>\n<\/div>\n<p>[spacer size=\"40\u2033]<\/p>\n<p>Collegamenti con il sistema per conferenze Bosch CCS 1000 D<\/p>\n<p>&#x9B; <a style=\"line-height: 1.5em;\" title=\"\" href=\"\/it\/risultato-del-test-bosch-ccs-1000-d\/\">Risultato del test PCS Bosch CCS 1000 D<\/a><br \/>\n&#x9B; <a style=\"line-height: 1.8em;\" title=\"\" href=\"\/it\/bosch-ccs-1000-d\/\">Nuova introduzione Bosch CCS 1000 D<\/a><\/p>\n<p>[spacer size=\"40\u2033]<\/p>\n<div class=\"weiterlinks\">\n<h1>Ulteriori link:<\/h1>\n<ul>\n<li>\u203a <a title=\"Distribuzione\" href=\"\/it\/distribuzione-di-tecnologia-per-conferenze-e-media-av\/\">Distribuzione di tecnologia per conferenze e media<\/a><\/li>\n<li>\u203a <a title=\"Installazione\" href=\"\/it\/installazione-e-integrazione-di-sistemi-tecnologici-e-multimediali-per-conferenze\/\">Installazione e integrazione di sistemi tecnologici e multimediali per conferenze<\/a><\/li>\n<li>\u203a <a title=\"Supporto per eventi multilingue\" href=\"\/it\/servizi-2\/supporto-per-eventi-multilingue\/\">Supporto per eventi multilingue<\/a><\/li>\n<\/ul>\n<\/div>","protected":false},"excerpt":{"rendered":"<p>[column size=&#8220;2-3&#8243; last=&#8220;0&#8243;] Features: Digital Discussion System Bosch CCS 1000 D [\/column] [column size=&#8220;1-3&#8243; last=&#8220;1&#8243;] [\/column] Die brandneue CCS 1000 D \u00fcberzeugt durch Einfachheit und Benutzerfreundlichkeit und das, ohne auf neuste technische Innovationen verzichten zu m\u00fcssen. Verschaffen Sie sich hier einen \u00dcberblick \u00fcber die Features der Anlage. Bosch CCS 1000 D Features [spacer size=&#8220;20&#8243;] 1. [&hellip;]<\/p>","protected":false},"author":1,"featured_media":45482,"parent":0,"menu_order":31,"comment_status":"closed","ping_status":"open","template":"","meta":{"_acf_changed":false,"footnotes":""},"class_list":["post-5406","page","type-page","status-publish","has-post-thumbnail","hentry"],"acf":[],"_links":{"self":[{"href":"https:\/\/konferenztechnik.de\/it\/wp-json\/wp\/v2\/pages\/5406","targetHints":{"allow":["GET"]}}],"collection":[{"href":"https:\/\/konferenztechnik.de\/it\/wp-json\/wp\/v2\/pages"}],"about":[{"href":"https:\/\/konferenztechnik.de\/it\/wp-json\/wp\/v2\/types\/page"}],"author":[{"embeddable":true,"href":"https:\/\/konferenztechnik.de\/it\/wp-json\/wp\/v2\/users\/1"}],"replies":[{"embeddable":true,"href":"https:\/\/konferenztechnik.de\/it\/wp-json\/wp\/v2\/comments?post=5406"}],"version-history":[{"count":0,"href":"https:\/\/konferenztechnik.de\/it\/wp-json\/wp\/v2\/pages\/5406\/revisions"}],"wp:featuredmedia":[{"embeddable":true,"href":"https:\/\/konferenztechnik.de\/it\/wp-json\/wp\/v2\/media\/45482"}],"wp:attachment":[{"href":"https:\/\/konferenztechnik.de\/it\/wp-json\/wp\/v2\/media?parent=5406"}],"curies":[{"name":"wp","href":"https:\/\/api.w.org\/{rel}","templated":true}]}}