{"id":5760,"date":"2015-06-24T14:06:19","date_gmt":"2015-06-24T13:06:19","guid":{"rendered":"https:\/\/konferenztechnik.de\/?page_id=5760"},"modified":"2023-09-01T13:06:15","modified_gmt":"2023-09-01T11:06:15","slug":"cabina-per-interpreti","status":"publish","type":"page","link":"https:\/\/konferenztechnik.de\/it\/cabina-per-interpreti\/","title":{"rendered":"Cabina per interpreti"},"content":{"rendered":"<h1>Noleggio e vendita di cabine per interpreti \u2013<\/h1>\n<p>[spacer size=\"30\u2033]<br \/>\n[rev_slider Cabina di interpretazione]<br \/>\n[spacer size=\"30\u2033]<br \/>\n[column size=\"1-4\u2033 last=\"0\u2033]<br \/>\nDa PCS ricevete solo cabine di interpretazione Audipack di alta qualit\u00e0, professionali e ben tenute. Le cabine della serie Audipack Silent si distinguono per l'estrema flessibilit\u00e0 e mobilit\u00e0.<\/p>\n<p>Le cabine soddisfano i pi\u00f9 elevati standard industriali e superano persino gli elevati requisiti della norma ISO 4043 per quanto riguarda l'isolamento acustico.<\/p>\n<p>Le cabine di interpretazione hanno un design modulare e possono essere facilmente montate e smontate dai nostri tecnici.<br \/>\n[\/colonna]<\/p>\n<p>[column size=\"1-4\u2033 last=\"0\u2033]<\/p>\n<p>La cabina di interpretazione \u00e8 dotata di un tavolo e di una ventilazione attiva. Il colore standard \u00e8 grigio chiaro. Essendo conformi allo standard ISO 4043 per le cabine di interpretazione mobili, le cabine soddisfano i requisiti di molte gare d'appalto, soprattutto a livello europeo.<\/p>\n<p>Le nostre cabine sono progettate per due persone come standard, ma possono essere facilmente ampliate per altre persone.<br \/>\n[\/colonna]<br \/>\n[spacer size=\"30\u2033]<br \/>\n[column size=\"1-4\u2033 last=\"0\u2033]<br \/>\nPunti salienti:<\/p>\n<p>[v_icon color=\"#a5186d\" size=\"18px\" target=\"_blank\" name=\"moon-checkmark-3\u2033] Facilit\u00e0 di montaggio e smontaggio, utilizzo mobile<br \/>\n[v_icon color=\"#a5186d\" size=\"18px\" target=\"_blank\" name=\"moon-checkmark-3\u2033] Conforme allo standard ISO 4043<br \/>\n[v_icon color=\"#a5186d\" size=\"18px\" target=\"_blank\" name=\"moon-checkmark-3\u2033] Espandibile fino a quattro persone<br \/>\n[v_icon color=\"#a5186d\" size=\"18px\" target=\"_blank\" name=\"moon-checkmark-3\u2033] Ventilazione attiva<br \/>\n[\/colonna]<\/p>\n<p>[column size=\"1-4\u2033 last=\"0\u2033]<br \/>\nSpecifiche:<\/p>\n<p>[v_icon color=\"#a5186d\" size=\"18px\" target=\"_blank\" name=\"moon-circle-small\"] Colore: Grigio chiaro (corrisponde approssimativamente a RAL 7042)<br \/>\n[v_icon color=\"#a5186d\" size=\"18px\" target=\"_blank\" name=\"moon-circle-small\"] Dimensioni esterne: 1682 x 1682 x 2041 mm<br \/>\n[v_icon color=\"#a5186d\" size=\"18px\" target=\"_blank\" name=\"moon-circle-small\"] Dimensioni interne: 1600 x 1600 x 2000 mm<br \/>\n[v_icon color=\"#a5186d\" size=\"18px\" target=\"_blank\" name=\"moon-circle-small\"] Peso: circa 210 kg<br \/>\n[\/colonna]<\/p>\n<p>[spacer size=\"30\u2033]<\/p>\n<p>[chiaro]<\/p>\n<h1>Persona di contatto<\/h1>\n<p>[spacer size=\"20\u2033]<\/p>\n<p>[column size=\"1-4\u2033 last=\"0\u2033]<br \/>\n[tabs style=\"2\u2033]<br \/>\n[tab title=\"Locazione e vendita\"]<br \/>\n<img fetchpriority=\"high\" decoding=\"async\" width=\"800\" height=\"533\" src=\"https:\/\/konferenztechnik.de\/wp-content\/uploads\/2013\/09\/christian_becker_pcs-gmbh.jpg\" alt=\"christian_becker_pcs-gmbh\" class=\"alignleft size-full wp-image-2293\" title=\"\" srcset=\"https:\/\/konferenztechnik.de\/wp-content\/uploads\/2013\/09\/christian_becker_pcs-gmbh.jpg 800w, https:\/\/konferenztechnik.de\/wp-content\/uploads\/2013\/09\/christian_becker_pcs-gmbh-300x200.jpg 300w, https:\/\/konferenztechnik.de\/wp-content\/uploads\/2013\/09\/christian_becker_pcs-gmbh-768x512.jpg 768w\" sizes=\"(max-width: 800px) 100vw, 800px\" \/><br \/>\nChristian Becker<br \/>\nResponsabile della divisione locazioni occidentali<br \/>\nTelefono +49 211 737798 17<br \/>\ne-mail <a href=\"mailto:becker@konferenztechnik.de\">becker@konferenztechnik.de<\/a><br \/>\nCodice QR <a href=\"https:\/\/konferenztechnik.de\/wp-content\/uploads\/2013\/09\/christian_becker_qrcode.png\" title=\"Codice QR Christian Becker\">&#x9B; mostra<\/a><br \/>\n[\/tab]<br \/>\n[\/tabs]<br \/>\n[\/colonna]<\/p>\n<p>[spacer size=\"30\u2033]<\/p>\n<div class=\"weiterlinks\">\n<h1>Ulteriori link:<\/h1>\n<ul>\n<li>\u203a <a title=\"Riferimenti\" href=\"\/it\/chi-siamo-2\/elenco-di-riferimento-evento\/\">Riferimenti Sostegno e locazione<\/a><\/li>\n<li>\u203a <a title=\"10 buoni motivi per il PCS\" href=\"\/it\/chi-siamo-2\/10-buone-ragioni-per-i-pc\/\">10 buoni motivi per il PCS<\/a><\/li>\n<li>\u203a <a title=\"Supporto per eventi multilingue\" href=\"\/it\/supporto-per-eventi-multilingue\/\">Supporto per eventi multilingue<\/a><\/li>\n<\/ul>\n<\/div>","protected":false},"excerpt":{"rendered":"<p>Dolmetscherkabinen &#8211; Vermietung und Verkauf [spacer size=&#8220;30&#8243;] [rev_slider Dolmetscherkabine] [spacer size=&#8220;30&#8243;] [column size=&#8220;1-2&#8243; last=&#8220;0&#8243;] Bei PCS erhalten Sie nur qualitativ hochwertige, pofessionelle und bestens gewartete Dolmetschkabinen der Firma Audipack. Die Kabinen der Audipack Silent Serie zeichnen sich durch \u00e4u\u00dferste Flexibilit\u00e4t und Mobilit\u00e4t aus. Die Kabinen entsprechen h\u00f6chsten industriellen Standards und \u00fcbertreffen mit ihrer akustischen D\u00e4mmung [&hellip;]<\/p>","protected":false},"author":1,"featured_media":45482,"parent":0,"menu_order":40,"comment_status":"closed","ping_status":"open","template":"","meta":{"_acf_changed":false,"footnotes":""},"class_list":["post-5760","page","type-page","status-publish","has-post-thumbnail","hentry"],"acf":[],"_links":{"self":[{"href":"https:\/\/konferenztechnik.de\/it\/wp-json\/wp\/v2\/pages\/5760","targetHints":{"allow":["GET"]}}],"collection":[{"href":"https:\/\/konferenztechnik.de\/it\/wp-json\/wp\/v2\/pages"}],"about":[{"href":"https:\/\/konferenztechnik.de\/it\/wp-json\/wp\/v2\/types\/page"}],"author":[{"embeddable":true,"href":"https:\/\/konferenztechnik.de\/it\/wp-json\/wp\/v2\/users\/1"}],"replies":[{"embeddable":true,"href":"https:\/\/konferenztechnik.de\/it\/wp-json\/wp\/v2\/comments?post=5760"}],"version-history":[{"count":0,"href":"https:\/\/konferenztechnik.de\/it\/wp-json\/wp\/v2\/pages\/5760\/revisions"}],"wp:featuredmedia":[{"embeddable":true,"href":"https:\/\/konferenztechnik.de\/it\/wp-json\/wp\/v2\/media\/45482"}],"wp:attachment":[{"href":"https:\/\/konferenztechnik.de\/it\/wp-json\/wp\/v2\/media?parent=5760"}],"curies":[{"name":"wp","href":"https:\/\/api.w.org\/{rel}","templated":true}]}}