{"id":8529,"date":"2016-10-14T12:13:43","date_gmt":"2016-10-14T10:13:43","guid":{"rendered":"https:\/\/konferenztechnik.de\/?page_id=8529"},"modified":"2023-06-29T14:07:19","modified_gmt":"2023-06-29T12:07:19","slug":"sistemi-di-tuning-sistemi-ted","status":"publish","type":"page","link":"https:\/\/konferenztechnik.de\/it\/noleggio-di-attrezzature-per-conferenze\/sistemi-di-tuning-sistemi-ted\/","title":{"rendered":"Sistemi di voto, sistemi TED"},"content":{"rendered":"<h1>Sistemi di voto, sistemi TED<\/h1>\n<p>La scelta giusta per sondaggi di opinione, quiz e riunioni di azionisti.<\/p>\n<p>Il nostro sistema determina rapidamente le opinioni e le esperienze dei partecipanti e rende i risultati visibili a tutti i partecipanti alla sessione plenaria. Ogni partecipante pu\u00f2 confrontare e classificare la propria opinione con i risultati complessivi.<\/p>\n<p>L'uso di questo sistema di voto interattivo genera una maggiore attenzione tra i partecipanti e d\u00e0 loro la sensazione di avere voce in capitolo senza doversi presentare. Il voto \u00e8 poi anonimo.<\/p>\n<p>Il grado di informazione aumenta quanto pi\u00f9 i partecipanti sono coinvolti attivamente negli argomenti.<\/p>\n<p><img fetchpriority=\"high\" decoding=\"async\" width=\"1200\" height=\"346\" src=\"https:\/\/konferenztechnik.de\/wp-content\/uploads\/2016\/10\/abstimmanlage-mieten.jpg\" alt=\"noleggio di sistemi di voto\" class=\"alignnone size-full wp-image-8532\" title=\"\" srcset=\"https:\/\/konferenztechnik.de\/wp-content\/uploads\/2016\/10\/abstimmanlage-mieten.jpg 1200w, https:\/\/konferenztechnik.de\/wp-content\/uploads\/2016\/10\/abstimmanlage-mieten-300x87.jpg 300w, https:\/\/konferenztechnik.de\/wp-content\/uploads\/2016\/10\/abstimmanlage-mieten-1024x295.jpg 1024w, https:\/\/konferenztechnik.de\/wp-content\/uploads\/2016\/10\/abstimmanlage-mieten-768x221.jpg 768w\" sizes=\"(max-width: 1200px) 100vw, 1200px\" \/><\/p>\n<h2>Come funziona il sistema di voto?<\/h2>\n<h3>La domanda<\/h3>\n<p>Tutti i partecipanti riceveranno un'unit\u00e0 di voto wireless all'inizio del simposio. I relatori pongono all'auditorio domande con un massimo di 10 possibili risposte. Le domande possono essere presentate tramite proiezione di dati utilizzando un PC e un proiettore.<\/p>\n<h3>Il voto<\/h3>\n<p>Dopo aver moderato la domanda, l'oratore chiede al plenum di votare. Sullo schermo appare un conto alla rovescia in grandi numeri. Un tempo di votazione di 10 secondi si \u00e8 rivelato efficace. Entro questo tempo, i partecipanti possono prendere una decisione e premere il pulsante corrispondente.<\/p>\n<h3>Il risultato<\/h3>\n<p>Al termine del conto alla rovescia, il computer calcola i voti espressi e presenta il risultato sullo schermo in pochi secondi, ad esempio sotto forma di grafico a barre colorate.<\/p>\n<p><img decoding=\"async\" src=\"https:\/\/konferenztechnik.de\/wp-content\/uploads\/2016\/10\/voting-mieten.jpg\" alt=\"rendite di voto\" class=\"alignnone size-full wp-image-8537\" title=\"\"><\/p>\n<h2>I servizi del sistema di tuning PCS in sintesi<\/h2>\n<ul>\n<li>Pratiche unit\u00e0 di sintonizzazione wireless<\/li>\n<li>Tastierino numerico con fino a 10 opzioni di selezione e tasto di correzione<\/li>\n<li>Nella versione standard \u00e8 possibile utilizzare pi\u00f9 di 3.500 unit\u00e0 di sintonizzazione simultaneamente.<\/li>\n<li>In un'edizione speciale, \u00e8 possibile utilizzare contemporaneamente fino a 18.000 unit\u00e0 di voto.<\/li>\n<li>Votazione aperta o segreta<\/li>\n<li>Sondaggio, quiz o assemblea degli azionisti<\/li>\n<li>Possibilit\u00e0 di voto di gruppo<\/li>\n<li>Su richiesta, \u00e8 possibile assegnare un nome a ciascun dispositivo di sintonizzazione.<\/li>\n<li>\u00c8 possibile anche la ponderazione del voto per ogni dispositivo<\/li>\n<li>Collegamento al PC con il software TED variabile con collegamento alla proiezione dei dati<\/li>\n<li>Presentazione dei risultati come grafico a barre, a colonne o a torta.<\/li>\n<li>Visualizzazione dei risultati della query come cifre assolute o percentuali<\/li>\n<li>Opzioni di design gratuite per le singole pagine<\/li>\n<li>Importare loghi e altre immagini da programmi di grafica<\/li>\n<li>Esportazione dei risultati in programmi di foglio di calcolo per la valutazione<\/li>\n<\/ul>\n<p>[spacer size=\"30\u2033]<\/p>\n<div class=\"su-callout\">\n<div class=\"callout-content\">\nS\u00ec? No. Forse? Sfruttate il potere dell'interazione e date voce al vostro pubblico. Sarete sorpresi dall'entusiasmo, dalle idee e dalle opinioni dei partecipanti.<\/div>\n<div class=\"clear\"><\/div>\n<\/div>\n<div class=\"spacer\" style=\"height:20px\"><\/div>\n<div class=\"clear\"><\/div>\n<div class=\"boxcontainer\">\n<div class=\"box1-4\">\n<div class=\"box-head\">Nord e Ovest<\/div>\n<p><img decoding=\"async\" width=\"800\" height=\"533\" src=\"https:\/\/konferenztechnik.de\/wp-content\/uploads\/2013\/09\/monika_van_den_boogaard_pcs-gmbh.jpg\" alt=\"monika_van_den_boogaard_pcs-gmbh\" class=\"alignleft size-full wp-image-2312\" title=\"\" srcset=\"https:\/\/konferenztechnik.de\/wp-content\/uploads\/2013\/09\/monika_van_den_boogaard_pcs-gmbh.jpg 800w, https:\/\/konferenztechnik.de\/wp-content\/uploads\/2013\/09\/monika_van_den_boogaard_pcs-gmbh-300x200.jpg 300w, https:\/\/konferenztechnik.de\/wp-content\/uploads\/2013\/09\/monika_van_den_boogaard_pcs-gmbh-768x512.jpg 768w\" sizes=\"(max-width: 800px) 100vw, 800px\" \/><br \/>\nMonika van den Boogaard<br \/>\nConsulente di progetto Locazione<br \/>\nTelefono +49 211 737798 10<br \/>\n<span class=\"volleansicht\">e-mail <a href=\"mailto:vandenboogaard@konferenztechnik.de\" onclick=\"ga('send', 'event', 'Email-Klick', 'Kontakt Boogaard');\">scrivere<\/a><br \/>\n<\/span><br \/>\n<span class=\"mobileansicht\">e-mail <a href=\"mailto:vandenboogaard@konferenztechnik.de\" onclick=\"ga('send', 'event', 'Email-Klick', 'Kontakt Boogaard');\">scrivere<\/a><br \/>\n<\/span><\/p>\n<\/div>\n<div class=\"box1-4\">\n<div class=\"box-head\">Est<\/div>\n<p><img decoding=\"async\" width=\"2316\" height=\"1543\" src=\"https:\/\/konferenztechnik.de\/wp-content\/uploads\/2017\/05\/sebastian-meyer-pcs-gmbh.jpg\" alt=\"Sebastian Meyer PCS GmbH - Cessione\" class=\"alignleft size-full wp-image-10048\" title=\"\" srcset=\"https:\/\/konferenztechnik.de\/wp-content\/uploads\/2017\/05\/sebastian-meyer-pcs-gmbh.jpg 2316w, https:\/\/konferenztechnik.de\/wp-content\/uploads\/2017\/05\/sebastian-meyer-pcs-gmbh-300x200.jpg 300w, https:\/\/konferenztechnik.de\/wp-content\/uploads\/2017\/05\/sebastian-meyer-pcs-gmbh-1024x682.jpg 1024w, https:\/\/konferenztechnik.de\/wp-content\/uploads\/2017\/05\/sebastian-meyer-pcs-gmbh-768x512.jpg 768w, https:\/\/konferenztechnik.de\/wp-content\/uploads\/2017\/05\/sebastian-meyer-pcs-gmbh-1536x1023.jpg 1536w, https:\/\/konferenztechnik.de\/wp-content\/uploads\/2017\/05\/sebastian-meyer-pcs-gmbh-2048x1364.jpg 2048w\" sizes=\"(max-width: 2316px) 100vw, 2316px\" \/><br \/>\nSebastian Meyer<br \/>\nConsulente di progetto Locazione<br \/>\nTelefono +49 30 6959690 15<br \/>\n<span class=\"volleansicht\">e-mail <a href=\"mailto:meyer@konferenztechnik.de\" onclick=\"ga('send', 'event', 'Email-Klick', 'Kontakt Meyer');\">scrivere<\/a><br \/>\n<\/span><br \/>\n<span class=\"mobileansicht\">e-mail <a href=\"mailto:meyer@konferenztechnik.de\" onclick=\"ga('send', 'event', 'Email-Klick', 'Kontakt Meyer');\">scrivere<\/a><br \/>\n<\/span><\/p>\n<\/div>\n<div class=\"box1-4\">\n<div class=\"box-head\">Sud<\/div>\n<p><img loading=\"lazy\" decoding=\"async\" width=\"800\" height=\"533\" src=\"https:\/\/konferenztechnik.de\/wp-content\/uploads\/2013\/09\/sebastian_gegusch_pcs-gmbh.jpg\" alt=\"Sebastian Gegusch PCS-GmbH\" class=\"alignleft size-full wp-image-3153\" title=\"\" srcset=\"https:\/\/konferenztechnik.de\/wp-content\/uploads\/2013\/09\/sebastian_gegusch_pcs-gmbh.jpg 800w, https:\/\/konferenztechnik.de\/wp-content\/uploads\/2013\/09\/sebastian_gegusch_pcs-gmbh-300x200.jpg 300w, https:\/\/konferenztechnik.de\/wp-content\/uploads\/2013\/09\/sebastian_gegusch_pcs-gmbh-768x512.jpg 768w\" sizes=\"(max-width: 800px) 100vw, 800px\" \/><br \/>\nSebastian Gegusch<br \/>\nGestione e programmazione dei progetti<br \/>\nTelefono +49 89 248830021<br \/>\n<span class=\"volleansicht\">e-mail <a href=\"mailto:gegusch@konferenztechnik.de\" onclick=\"ga('send', 'event', 'Email-Klick', 'Kontakt Gegusch');\">scrivere<\/a><br \/>\n<\/span><br \/>\n<span class=\"mobileansicht\">e-mail <a href=\"mailto:gegusch@konferenztechnik.de\" onclick=\"ga('send', 'event', 'Email-Klick', 'Kontakt Gegusch');\">scrivere<\/a><br \/>\n<\/span><\/p>\n<\/div>\n<div class=\"box1-4-empty\"><\/div>\n<\/div>\n<div class=\"clear\"><\/div>","protected":false},"excerpt":{"rendered":"<p>Sistemi di votazione, sistemi TED La scelta giusta per sondaggi di opinione, quiz e assemblee degli azionisti. Il nostro sistema determina rapidamente le opinioni e le esperienze dei partecipanti e rende i risultati visibili a tutti i partecipanti alla sessione plenaria. Ogni partecipante pu\u00f2 confrontare e classificare la propria opinione con i risultati complessivi. L'uso di questo sistema di voto interattivo genera una maggiore consapevolezza tra i partecipanti e d\u00e0 [...]<\/p>","protected":false},"author":1,"featured_media":45482,"parent":3618,"menu_order":73,"comment_status":"closed","ping_status":"closed","template":"","meta":{"_acf_changed":false,"footnotes":""},"class_list":["post-8529","page","type-page","status-publish","has-post-thumbnail","hentry"],"acf":[],"_links":{"self":[{"href":"https:\/\/konferenztechnik.de\/it\/wp-json\/wp\/v2\/pages\/8529","targetHints":{"allow":["GET"]}}],"collection":[{"href":"https:\/\/konferenztechnik.de\/it\/wp-json\/wp\/v2\/pages"}],"about":[{"href":"https:\/\/konferenztechnik.de\/it\/wp-json\/wp\/v2\/types\/page"}],"author":[{"embeddable":true,"href":"https:\/\/konferenztechnik.de\/it\/wp-json\/wp\/v2\/users\/1"}],"replies":[{"embeddable":true,"href":"https:\/\/konferenztechnik.de\/it\/wp-json\/wp\/v2\/comments?post=8529"}],"version-history":[{"count":0,"href":"https:\/\/konferenztechnik.de\/it\/wp-json\/wp\/v2\/pages\/8529\/revisions"}],"up":[{"embeddable":true,"href":"https:\/\/konferenztechnik.de\/it\/wp-json\/wp\/v2\/pages\/3618"}],"wp:featuredmedia":[{"embeddable":true,"href":"https:\/\/konferenztechnik.de\/it\/wp-json\/wp\/v2\/media\/45482"}],"wp:attachment":[{"href":"https:\/\/konferenztechnik.de\/it\/wp-json\/wp\/v2\/media?parent=8529"}],"curies":[{"name":"wp","href":"https:\/\/api.w.org\/{rel}","templated":true}]}}