{"id":9032,"date":"2017-02-14T15:14:06","date_gmt":"2017-02-14T14:14:06","guid":{"rendered":"https:\/\/www.konferenztechnik.de\/?page_id=9032\/"},"modified":"2017-02-14T15:14:06","modified_gmt":"2017-02-14T14:14:06","slug":"attrezzature-per-eventi-attrezzature-per-conferenze-noleggio-acquistare","status":"publish","type":"page","link":"https:\/\/konferenztechnik.de\/it\/attrezzature-per-eventi-attrezzature-per-conferenze-noleggio-acquistare\/","title":{"rendered":"Noleggio\/acquisto di tecnologia per eventi e conferenze a Berlino e Monaco di Baviera"},"content":{"rendered":"<h1>Noleggio e acquisto di tecnologia per eventi e conferenze a Berlino e Monaco di Baviera<\/h1>\n<div class=\"call-action-slider-img\">\n<img fetchpriority=\"high\" decoding=\"async\" width=\"1200\" height=\"610\" src=\"https:\/\/konferenztechnik.de\/wp-content\/uploads\/2016\/10\/dolmetscherkabinen-mieten.jpg\" alt=\"Noleggio di tecnologia per conferenze da PCS GmbH\" class=\"alignleft size-full wp-image-8570\" title=\"\" srcset=\"https:\/\/konferenztechnik.de\/wp-content\/uploads\/2016\/10\/dolmetscherkabinen-mieten.jpg 1200w, https:\/\/konferenztechnik.de\/wp-content\/uploads\/2016\/10\/dolmetscherkabinen-mieten-300x153.jpg 300w, https:\/\/konferenztechnik.de\/wp-content\/uploads\/2016\/10\/dolmetscherkabinen-mieten-1024x521.jpg 1024w, https:\/\/konferenztechnik.de\/wp-content\/uploads\/2016\/10\/dolmetscherkabinen-mieten-768x390.jpg 768w\" sizes=\"(max-width: 1200px) 100vw, 1200px\" \/><br \/>\n<button class=\"btn popmake-9771\">Richiedete un preventivo,<br \/>in un'ora<br \/>con voi! &#x9B;<\/button>\n<\/div>\n<p>Dal 1995, l'innovativa societ\u00e0 PCS Konferenztechnik, con le sue quattro sedi di Berlino, Monaco, D\u00fcsseldorf e Heilbronn, vi offre una tecnologia per conferenze ed eventi di altissima qualit\u00e0.<\/p>\n<p>L'azienda \u00e8 il vostro partner se desiderate noleggiare o acquistare tecnologie per conferenze o farle installare professionalmente. L'assistenza comprende il sistema completo per conferenze, la tecnologia per eventi e la tecnologia multimediale AV. Ai clienti che noleggiano la tecnologia per conferenze viene offerto un servizio completo in tutti i settori dell'attrezzatura per conferenze e della tecnologia per eventi. Le quattro sedi di Berlino, Monaco, D\u00fcsseldorf e Heilbronn offrono un'ampia gamma di produttori e sistemi. Naturalmente, anche l'installazione e l'integrazione del sistema per conferenze o della tecnologia per eventi vengono prese in considerazione in base alle condizioni strutturali.<\/p>\n<p>I nostri tecnici sono lieti di lavorare a Berlino, Monaco, D\u00fcsseldorf, Heilbronn e in tutto il mondo. PCS GmbH \u00e8 lieta di occuparsi della vendita di tecnologia e della supervisione di eventi, soprattutto a Berlino, Monaco e in tutto il mondo. Naturalmente, anche la manutenzione, le riparazioni e i prodotti personalizzati fanno parte dei servizi dell'azienda.<\/p>\n<h2>Noleggio di tecnologia per conferenze, noleggio di tecnologia per eventi<\/h2>\n<p>\u00c8 possibile noleggiare tecnologie per conferenze, tecnologie per i media, tecnologie per eventi e tecnologie per l'interpretariato. I nostri tecnici possono fornire il supporto necessario per il noleggio di attrezzature per conferenze. La gamma di prodotti parte da un semplice microfono fino ad arrivare ad apparecchiature per l'interpretazione simultanea in 32 lingue. PCS GmbH vi fornir\u00e0 una consulenza esperta in base all'evento desiderato, per garantirne il successo. \u00c8 possibile noleggiare sistemi di discussione, sistemi di interpretariato, sistemi di guida, sistemi TED, tecnologia audio e video e streaming audio, video e dati. Potete vedere la tecnologia in dettaglio a Berlino, Monaco, D\u00fcsseldorf e Heilbronn.<\/p>\n<h2><strong>Distribuzione di tecnologia multimediale per conferenze e AV di alta qualit\u00e0 da parte di PCS GmbH<\/strong><\/h2>\n<p>Oltre al noleggio di tecnologie per conferenze, PCS GmbH offre anche l'acquisto di sistemi per conferenze e media di noti produttori professionali. Indipendentemente dal fatto che il progetto sia piccolo o grande, saremo lieti di fornire la tecnologia appropriata e di installarla su richiesta. Ci\u00f2 \u00e8 possibile presso le nostre sedi di Berlino, Monaco, D\u00fcsseldorf o Heilbronn e in tutto il mondo. Siamo inoltre lieti di fornire parti di ricambio e accessori per i dispositivi pi\u00f9 vecchi.<\/p>\n<h2>Prodotti personalizzati, manutenzione e riparazione del sistema per conferenze, della tecnologia per eventi e delle attrezzature associate.<\/h2>\n<p>Un'officina ben attrezzata e specialisti qualificati sono a vostra disposizione anche dopo l'acquisto della tecnologia per conferenze. PCS Professional Conference Systems GmbH \u00e8 lieta di sviluppare e produrre soluzioni personalizzate per l'installazione e la distribuzione in base alle vostre esigenze. Naturalmente i nostri tecnici forniscono un'assistenza completa per le apparecchiature e le soluzioni noleggiate. Siamo a vostra disposizione direttamente nelle nostre quattro sedi di Berlino, Monaco, D\u00fcsseldorf e Heilbronn.<\/p>\n<h2>Noleggio di tecnologia per conferenze e installazione di sistemi multimediali e tecnologia per eventi<\/h2>\n<p>PCS GmbH copre un'ampia gamma di settori di attivit\u00e0. Sale conferenze di ogni tipo, sedi aziendali, showroom, sale riunioni, esposizioni, musei, sale conferenze, palcoscenici, teatri, scuole, hotel e studi per videoconferenze sono equipaggiati con tecnologie di alta qualit\u00e0, come i sistemi per conferenze di PCS Professional Conference Systems GmbH. \u00c8 possibile realizzare un sistema per conferenze intelligente e a risparmio energetico, nonch\u00e9 installazioni individuali. PCS GmbH \u00e8 solitamente coinvolta nei progetti edilizi fin dalla fase di progettazione del sistema di conferenza. I servizi dell'edificio e i bus di sistema sono collegati al sistema di conferenza.<\/p>\n<h2>Supporto agli eventi come fornitore di servizi tecnici in tutto il mondo<\/h2>\n<p>PCS Professional Conference Systems GmbH ha iniziato a fornire servizi di interpretazione simultanea nel 1995. Da allora, sono stati organizzati pi\u00f9 di 20.000 eventi di questo tipo a Berlino, Monaco, D\u00fcsseldorf, Heilbronn e in tutto il mondo. Una gamma di attrezzature per conferenze di prim'ordine da noleggiare e interpreti di fama garantiscono al cliente vantaggi ottimali.<\/p>\n<h2>Formazione e servizio per gli interpreti perfettamente implementati<\/h2>\n<p>I corsi di formazione professionale di ogni tipo, sia per tecnici, interpreti, relatori e manager che per il personale di teatri, ristoranti e alberghi, garantiscono il fattore di successo per le performance future. Il dipartimento di formazione di PCS GmbH sar\u00e0 lieto di fornirvi una consulenza e un'assistenza completa. Una cultura della formazione piacevole e professionale \u00e8 garantita.<\/p>","protected":false},"excerpt":{"rendered":"<p>Veranstaltungstechnik und Konferenztechnik mieten und kaufen in Berlin und M\u00fcnchen Angebot anfordern,in einer Stundebei Ihnen! &#x9B; Konferenztechnik und Veranstaltungstechnik in h\u00f6chster Qualit\u00e4t bietet Ihnen seit 1995 das innovative Unternehmen PCS Konferenztechnik mit seinen vier Standorten Berlin, M\u00fcnchen, D\u00fcsseldorf und Heilbronn. Das Unternehmen ist Ihr Partner, wenn Sie Konferenztechnik mieten, kaufen oder fachgerecht installieren lassen m\u00f6chten. [&hellip;]<\/p>","protected":false},"author":1,"featured_media":45482,"parent":0,"menu_order":0,"comment_status":"closed","ping_status":"closed","template":"page-right-sidebar.php","meta":{"_acf_changed":false,"footnotes":""},"class_list":["post-9032","page","type-page","status-publish","has-post-thumbnail","hentry"],"acf":[],"_links":{"self":[{"href":"https:\/\/konferenztechnik.de\/it\/wp-json\/wp\/v2\/pages\/9032","targetHints":{"allow":["GET"]}}],"collection":[{"href":"https:\/\/konferenztechnik.de\/it\/wp-json\/wp\/v2\/pages"}],"about":[{"href":"https:\/\/konferenztechnik.de\/it\/wp-json\/wp\/v2\/types\/page"}],"author":[{"embeddable":true,"href":"https:\/\/konferenztechnik.de\/it\/wp-json\/wp\/v2\/users\/1"}],"replies":[{"embeddable":true,"href":"https:\/\/konferenztechnik.de\/it\/wp-json\/wp\/v2\/comments?post=9032"}],"version-history":[{"count":0,"href":"https:\/\/konferenztechnik.de\/it\/wp-json\/wp\/v2\/pages\/9032\/revisions"}],"wp:featuredmedia":[{"embeddable":true,"href":"https:\/\/konferenztechnik.de\/it\/wp-json\/wp\/v2\/media\/45482"}],"wp:attachment":[{"href":"https:\/\/konferenztechnik.de\/it\/wp-json\/wp\/v2\/media?parent=9032"}],"curies":[{"name":"wp","href":"https:\/\/api.w.org\/{rel}","templated":true}]}}