{"id":9112,"date":"2017-02-21T08:38:02","date_gmt":"2017-02-21T07:38:02","guid":{"rendered":"https:\/\/www.konferenztechnik.de\/?page_id=9112\/"},"modified":"2023-09-01T13:19:57","modified_gmt":"2023-09-01T11:19:57","slug":"sennheiser-teamconnect-wireless","status":"publish","type":"page","link":"https:\/\/konferenztechnik.de\/it\/sennheiser-teamconnect-wireless\/","title":{"rendered":"Sistema di conferenza mobile Sennheiser TeamConnect Wireless \u2013"},"content":{"rendered":"<h1>Sistema di conferenza mobile Sennheiser TeamConnect Wireless \u2013<\/h1>\n<p><img fetchpriority=\"high\" decoding=\"async\" width=\"1201\" height=\"451\" class=\"alignnone size-full wp-image-9113\" src=\"https:\/\/konferenztechnik.de\/wp-content\/uploads\/2017\/02\/sennheiserteamconnectwireless.jpg\" alt=\"Sennheiser TeamConnect senza fili\" title=\"\" srcset=\"https:\/\/konferenztechnik.de\/wp-content\/uploads\/2017\/02\/sennheiserteamconnectwireless.jpg 1201w, https:\/\/konferenztechnik.de\/wp-content\/uploads\/2017\/02\/sennheiserteamconnectwireless-300x113.jpg 300w, https:\/\/konferenztechnik.de\/wp-content\/uploads\/2017\/02\/sennheiserteamconnectwireless-1024x385.jpg 1024w, https:\/\/konferenztechnik.de\/wp-content\/uploads\/2017\/02\/sennheiserteamconnectwireless-768x288.jpg 768w\" sizes=\"(max-width: 1201px) 100vw, 1201px\" \/><\/p>\n<h2>La stazione interfonica come oggetto di design<\/h2>\n<p>Sennheiser propone un nuovo concetto di sistema per conferenze: Sennheiser TeamConnect Wireless. I dispositivi di dimensioni palmari, noti come satelliti, contengono un microfono, un altoparlante, un pannello di controllo e un pannello di connessione.<\/p>\n<p>Si prega di notare che Sennheiser non offre pi\u00f9 la serie TeamConnect Wireless e continuer\u00e0 a svilupparla. Tuttavia, abbiamo delle alternative da proporvi. Basta mettersi in contatto con noi.<\/p>\n<p>Tuttavia, i servizi di garanzia e gli ordini di assistenza ancora in corso restano validi per il periodo specificato.<\/p>\n<p>I dispositivi funzionano in modalit\u00e0 wireless e soddisfano i pi\u00f9 elevati standard tecnici \u2013, come ci aspettiamo da Sennheiser.<\/p>\n<p>Il design accattivante con l'intuitivo pannello a sfioramento in vetro rende la \"stazione interfonica\" una soluzione moderna, fresca e prestigiosa che si integra perfettamente in qualsiasi sala riunioni o huddle room moderna e di alta qualit\u00e0.<\/p>\n<p><img decoding=\"async\" class=\"alignnone size-full wp-image-9118\" src=\"https:\/\/konferenztechnik.de\/wp-content\/uploads\/2017\/02\/drahtlosesprechstelle-sennheiser.jpg\" alt=\"Unit\u00e0 microfonica wireless Sennheiser\" title=\"\"><\/p>\n<h2>Aree di applicazione<\/h2>\n<p>Sale riunioni moderne, riunioni online, conferenze portatili con un massimo di 24 partecipanti.<\/p>\n<p>\u00c8 possibile combinare fino a 4 satelliti in un sistema di conferenza; ogni satellite pu\u00f2 essere utilizzato da un massimo di 6 partecipanti.<\/p>\n<p>TeamConnect Wireless pu\u00f2 essere facilmente integrato nelle situazioni di riunione online esistenti.<\/p>\n<p><img decoding=\"async\" width=\"577\" height=\"450\" class=\"alignnone size-full wp-image-9127\" src=\"https:\/\/konferenztechnik.de\/wp-content\/uploads\/2017\/02\/drahtlose-konferenz.jpg\" alt=\"Conferenza senza fili\" title=\"\" srcset=\"https:\/\/konferenztechnik.de\/wp-content\/uploads\/2017\/02\/drahtlose-konferenz.jpg 577w, https:\/\/konferenztechnik.de\/wp-content\/uploads\/2017\/02\/drahtlose-konferenz-300x234.jpg 300w\" sizes=\"(max-width: 577px) 100vw, 577px\" \/><\/p>\n<h2>Situazione dei posti a sedere<\/h2>\n<p><img decoding=\"async\" width=\"1201\" height=\"664\" class=\"alignnone size-full wp-image-9135\" src=\"https:\/\/konferenztechnik.de\/wp-content\/uploads\/2017\/02\/bestuhlung-drathlose-konferenz.jpg\" alt=\"Posti a sedere per conferenze\" title=\"\" srcset=\"https:\/\/konferenztechnik.de\/wp-content\/uploads\/2017\/02\/bestuhlung-drathlose-konferenz.jpg 1201w, https:\/\/konferenztechnik.de\/wp-content\/uploads\/2017\/02\/bestuhlung-drathlose-konferenz-300x166.jpg 300w, https:\/\/konferenztechnik.de\/wp-content\/uploads\/2017\/02\/bestuhlung-drathlose-konferenz-1024x566.jpg 1024w, https:\/\/konferenztechnik.de\/wp-content\/uploads\/2017\/02\/bestuhlung-drathlose-konferenz-768x425.jpg 768w\" sizes=\"(max-width: 1201px) 100vw, 1201px\" \/><\/p>\n<h2>Opzioni di connessione<\/h2>\n<p>TeamConnect Wireless offre un'ampia gamma di connessioni. I partecipanti possono collegarsi rapidamente tramite laptop, tablet o smartphone \u2013 in modalit\u00e0 wireless tramite Bluetooth, cavo USB o presa jack da 3,5 mm.<\/p>\n<p><img decoding=\"async\" class=\"alignnone size-full wp-image-9130\" src=\"https:\/\/konferenztechnik.de\/wp-content\/uploads\/2017\/02\/teamconnectwireless-anschluesse.jpg\" alt=\"Connessioni wireless TeamConnect\" title=\"\"><\/p>\n<h2>Caratteristiche<\/h2>\n<ul>\n<li>Soluzione completa per riunioni online fino a 12 o fino a 24 partecipanti<\/li>\n<li>Per sale conferenze flessibili e dedicate<\/li>\n<li>Connessioni semplici (BYOD) con smartphone, tablet o PC<\/li>\n<li>Connettivit\u00e0 Bluetooth senza fili, o via cavo tramite USB o jack da 3,5 mm<\/li>\n<li>Supporta canali audio simultanei<\/li>\n<li>La migliore intelligibilit\u00e0 del parlato per riunioni online migliori e pi\u00f9 efficienti<\/li>\n<li>Design di prodotto pluripremiato<\/li>\n<\/ul>\n<p><img loading=\"lazy\" decoding=\"async\" width=\"577\" height=\"450\" class=\"alignnone size-full wp-image-9140\" src=\"https:\/\/konferenztechnik.de\/wp-content\/uploads\/2017\/02\/TeamConnectWireless-CaseSet.jpg\" alt=\"Set di custodie wireless TeamConnect\" title=\"\" srcset=\"https:\/\/konferenztechnik.de\/wp-content\/uploads\/2017\/02\/TeamConnectWireless-CaseSet.jpg 577w, https:\/\/konferenztechnik.de\/wp-content\/uploads\/2017\/02\/TeamConnectWireless-CaseSet-300x234.jpg 300w\" sizes=\"(max-width: 577px) 100vw, 577px\" \/><\/p>\n<div><\/div>\n<h2>Collegamenti<\/h2>\n<p><span class=\"taster\"><a href=\"https:\/\/konferenztechnik.de\/wp-content\/uploads\/2017\/02\/TeamConnectWireless_SetCase_Manual_08_2016_DE.pdf\"> Istruzioni per l'uso (PDF)<\/a><\/span><br \/>\n<span class=\"taster\"><a href=\"https:\/\/konferenztechnik.de\/wp-content\/uploads\/2017\/02\/SP_1070_v1.0_TeamConnect_Wireless_System_Specification_DE.pdf\"> Scheda tecnica (PDF)<\/a><\/span><br \/>\n<span class=\"taster\"><a href=\"https:\/\/konferenztechnik.de\/it\/promozione-cashback-di-teamconnect\/\"> Campagna di cashback<\/a><\/span><br \/>\n<span class=\"taster\"><a href=\"https:\/\/de-de.sennheiser.com\/drahtlose-telekonferenz-meeting-mikrofone-loesungen-teamconnect\" target=\"_blank\" rel=\"noopener noreferrer\"> Pagina del produttore<\/a><\/span><br \/>\n<span class=\"taster\"><a href=\"https:\/\/www.professional-system.de\/features\/sennheiser-teamconnect-wireless-im-test\/\" target=\"_blank\" rel=\"noopener noreferrer\"> Test nel sistema professionale<\/a><\/span><\/p>\n<p>Con TeamConnect Wireless, Sennheiser presenta una soluzione per conferenze portatile e di alta qualit\u00e0. TeamConnect Wireless \u00e8 estremamente facile e veloce da configurare e consente di organizzare riunioni online con qualit\u00e0 audio professionale in qualsiasi ambiente. Il sistema offre le migliori opzioni di connessione a computer portatili, smartphone o sistemi di videoconferenza.<\/p>\n<div class=\"boxcontainer\">\n<div class=\"box1-2\">\n<h1>Persona di contatto<\/h1>\n<\/div>\n<div class=\"box1-2-order\">\n<h1>Ulteriori link<\/h1>\n<\/div>\n<div class=\"box1-4\">\n<div class=\"box-head\">Distribuzione e vendita<\/div>\n<\/div>\n<div class=\"box2-4-2\" style=\"order: 1;\">\n<div class=\"weiterlinks\"><a title=\"Distribuzione per gruppo di prodotti\" href=\"\/it\/gruppi-di-prodotti\/\">Distribuzione per gruppo di prodotti<\/a><br \/>\n<a title=\"Distribuzione per produttore\" href=\"\/it\/produttore\/\">Distribuzione per produttore<\/a><br \/>\n<a title=\"Prodotti personalizzati, manutenzione e riparazione\" href=\"\/it\/servizi-2\/manutenzione-e-riparazione\/\">Prodotti personalizzati, manutenzione e riparazione<\/a><br \/>\n<a title=\"10 buoni motivi per il PCS\" href=\"\/it\/chi-siamo-2\/10-buone-ragioni-per-i-pc\/\">10 buoni motivi per il PCS<\/a><br \/>\n<a title=\"Riferimenti\" href=\"\/it\/chi-siamo-2\/elenco-di-riferimento-installazione\/\">Riferimenti Installazione e integrazione<\/a><br \/>\n<a title=\"PCS: Tutti i servizi in sintesi\" href=\"\/it\/servizi-2\/\">PCS: Tutti i servizi in sintesi<\/a><\/p>\n<\/div>\n<\/div>\n<\/div>","protected":false},"excerpt":{"rendered":"<p>Sennheiser TeamConnect Wireless \u2013 mobiles Konferenzsystem Die Sprechstelle als Designobjekt Ein neues, frisches Konzept einer Konferenzanlage kommt aus dem Hause Sennheiser: Sennheiser TeamConnect Wireless. In handtellergro\u00dfen Ger\u00e4ten, den sogenannten Satelliten, sind ein Mikrofon, Lautsprecher, ein Bedien- und Anschlussfeld verbaut. Bitte beachten Sie, dass Sennheiser die TeamConnect Serie ab sofort nicht mehr anbietet und weiterentwickelt. Wir [&hellip;]<\/p>","protected":false},"author":1,"featured_media":45482,"parent":0,"menu_order":0,"comment_status":"closed","ping_status":"closed","template":"","meta":{"_acf_changed":false,"footnotes":""},"class_list":["post-9112","page","type-page","status-publish","has-post-thumbnail","hentry"],"acf":[],"_links":{"self":[{"href":"https:\/\/konferenztechnik.de\/it\/wp-json\/wp\/v2\/pages\/9112","targetHints":{"allow":["GET"]}}],"collection":[{"href":"https:\/\/konferenztechnik.de\/it\/wp-json\/wp\/v2\/pages"}],"about":[{"href":"https:\/\/konferenztechnik.de\/it\/wp-json\/wp\/v2\/types\/page"}],"author":[{"embeddable":true,"href":"https:\/\/konferenztechnik.de\/it\/wp-json\/wp\/v2\/users\/1"}],"replies":[{"embeddable":true,"href":"https:\/\/konferenztechnik.de\/it\/wp-json\/wp\/v2\/comments?post=9112"}],"version-history":[{"count":0,"href":"https:\/\/konferenztechnik.de\/it\/wp-json\/wp\/v2\/pages\/9112\/revisions"}],"wp:featuredmedia":[{"embeddable":true,"href":"https:\/\/konferenztechnik.de\/it\/wp-json\/wp\/v2\/media\/45482"}],"wp:attachment":[{"href":"https:\/\/konferenztechnik.de\/it\/wp-json\/wp\/v2\/media?parent=9112"}],"curies":[{"name":"wp","href":"https:\/\/api.w.org\/{rel}","templated":true}]}}