{"id":10051,"date":"2017-05-11T10:38:37","date_gmt":"2017-05-11T09:38:37","guid":{"rendered":"https:\/\/www.konferenztechnik.de\/?page_id=10051\/"},"modified":"2023-06-14T11:52:10","modified_gmt":"2023-06-14T09:52:10","slug":"%e3%83%ac%e3%83%b3%e3%82%bf%e3%83%ab%e3%82%ac%e3%82%a4%e3%83%89%e3%82%b7%e3%82%b9%e3%83%86%e3%83%a0","status":"publish","type":"page","link":"https:\/\/konferenztechnik.de\/ja\/%e3%83%ac%e3%83%b3%e3%82%bf%e3%83%ab%e3%82%ac%e3%82%a4%e3%83%89%e3%82%b7%e3%82%b9%e3%83%86%e3%83%a0\/","title":{"rendered":"\u30cf\u30a4\u30e4\u30fc\u8a98\u5c0e\u30b7\u30b9\u30c6\u30e0"},"content":{"rendered":"<div data-elementor-type=\"wp-page\" data-elementor-id=\"10051\" class=\"elementor elementor-10051\" data-elementor-post-type=\"page\">\n\t\t\t\t<div data-particle_enable=\"false\" data-particle-mobile-disabled=\"false\" class=\"elementor-element elementor-element-2a8cf8a3 e-flex e-con-boxed e-con e-parent\" data-id=\"2a8cf8a3\" data-element_type=\"container\">\n\t\t\t\t\t<div class=\"e-con-inner\">\n\t\t\t\t<div class=\"elementor-element elementor-element-629fa3f9 elementor-widget elementor-widget-heading\" data-id=\"629fa3f9\" data-element_type=\"widget\" data-settings=\"{&quot;_animation&quot;:&quot;none&quot;}\" data-widget_type=\"heading.default\">\n\t\t\t\t<div class=\"elementor-widget-container\">\n\t\t\t\t\t<h1 class=\"elementor-heading-title elementor-size-default\">\u30cf\u30a4\u30e4\u30fc\u30ac\u30a4\u30c9\u30b7\u30b9\u30c6\u30e0\u3001\u30cf\u30a4\u30e4\u30fc\u30c4\u30a2\u30fc\u30ac\u30a4\u30c9\u30b7\u30b9\u30c6\u30e0\u3001\u30c4\u30a2\u30fc\u30ac\u30a4\u30c9\u30b7\u30b9\u30c6\u30e0<\/h1>\t\t\t\t<\/div>\n\t\t\t\t<\/div>\n\t\t\t\t\t<\/div>\n\t\t\t\t<\/div>\n\t\t<div data-particle_enable=\"false\" data-particle-mobile-disabled=\"false\" class=\"elementor-element elementor-element-5bfd41d e-flex e-con-boxed e-con e-parent\" data-id=\"5bfd41d\" data-element_type=\"container\">\n\t\t\t\t\t<div class=\"e-con-inner\">\n\t\t\t\t<div class=\"elementor-element elementor-element-3d601676 elementor-widget elementor-widget-shortcode\" data-id=\"3d601676\" data-element_type=\"widget\" data-widget_type=\"shortcode.default\">\n\t\t\t\t<div class=\"elementor-widget-container\">\n\t\t\t\t\t\t\t<div class=\"elementor-shortcode\">\t\t<div data-elementor-type=\"container\" data-elementor-id=\"30671\" class=\"elementor elementor-30671\" data-elementor-post-type=\"elementor_library\">\n\t\t\t\t<div data-particle_enable=\"false\" data-particle-mobile-disabled=\"false\" class=\"elementor-element elementor-element-ccaec73 e-flex e-con-boxed e-con e-parent\" data-id=\"ccaec73\" data-element_type=\"container\">\n\t\t\t\t\t<div class=\"e-con-inner\">\n\t\t\t\t<div class=\"elementor-element elementor-element-947a59e elementor-widget__width-inherit elementor-hidden-mobile elementor-widget elementor-widget-eael-post-list\" data-id=\"947a59e\" data-element_type=\"widget\" data-settings=\"{&quot;_animation&quot;:&quot;none&quot;}\" data-widget_type=\"eael-post-list.default\">\n\t\t\t\t<div class=\"elementor-widget-container\">\n\t\t\t\t\t<div class=\"eael-post-list-container advanced layout-advanced\"><div class=\"eael-post-list-wrap\"><div class=\"eael-post-list-posts-wrap eael-post-appender eael-post-appender-947a59e\"><div class=\"eael-post-list-post\"><div class=\"eael-post-list-post-inner\"><div class=\"eael-post-list-thumbnail\"><a href=\"https:\/\/konferenztechnik.de\/ja\/%e3%83%86%e3%83%ac%e3%83%b4%e3%82%a3%e3%83%83%e3%82%af%e3%83%bb%e3%83%a6%e3%83%8a%e3%82%a4%e3%83%88\/\">\n                <img decoding=\"async\" src=\"https:\/\/konferenztechnik.de\/wp-content\/uploads\/2023\/06\/televic-unite-fuehrungsanlage.jpg\" alt=\"\u30c6\u30ec\u30f4\u30a3\u30c3\u30afUNITE\u30a6\u30a3\u30b9\u30d1\u30ea\u30f3\u30b0\u30fb\u30ac\u30a4\u30c9\u30b7\u30b9\u30c6\u30e0\uff08\u30cf\u30f3\u30c9\u30d8\u30eb\u30c9\u30de\u30a4\u30af\u3001\u30d8\u30c3\u30c9\u30bb\u30c3\u30c8\u30de\u30a4\u30af\u3001\u30ec\u30b7\u30fc\u30d0\u30fc\u3001\u5145\u96fb\u30b9\u30c6\u30fc\u30b7\u30e7\u30f3\u4ed8\u304d\" title=\"\">\n            <\/a><\/div><div class=\"eael-post-list-content\"><h3 class=\"eael-post-list-title\"><a href=\"https:\/\/konferenztechnik.de\/ja\/%e3%83%86%e3%83%ac%e3%83%b4%e3%82%a3%e3%83%83%e3%82%af%e3%83%bb%e3%83%a6%e3%83%8a%e3%82%a4%e3%83%88\/\" >\u30c6\u30ec\u30f4\u30a3\u30c3\u30af\u30fb\u30e6\u30ca\u30a4\u30c8 \u2013 \u4e57\u5ba2\u8a98\u5c0e\u30b7\u30b9\u30c6\u30e0<\/a><\/h3><p>\u591a\u6a5f\u80fd\u30b7\u30b9\u30c6\u30e0\uff1a\u30d3\u30b8\u30bf\u30fc\u30fb\u30c4\u30a2\u30fc\u3001\u30ef\u30a4\u30e4\u30ec\u30b9\u30fb\u30d7\u30ec\u30bc\u30f3\u30c6\u30fc\u30b7\u30e7\u30f3\u3001\u8074\u899a\u88dc\u52a9\u901a\u8a33...<\/p><a href=\"https:\/\/konferenztechnik.de\/ja\/%e3%83%86%e3%83%ac%e3%83%b4%e3%82%a3%e3%83%83%e3%82%af%e3%83%bb%e3%83%a6%e3%83%8a%e3%82%a4%e3%83%88\/\" class=\"eael-post-elements-readmore-btn\" >\u203a \u8a73\u7d30<\/a><div class=\"boxed-meta\"><\/div><\/div><\/div><\/div><div class=\"eael-post-list-post\"><div class=\"eael-post-list-post-inner\"><div class=\"eael-post-list-thumbnail\"><a href=\"https:\/\/konferenztechnik.de\/ja\/%e3%83%99%e3%82%a4%e3%83%a4%e3%83%bc%e3%83%80%e3%82%a4%e3%83%8a%e3%83%9f%e3%83%83%e3%82%af-tts-300-%e3%83%91%e3%83%bc%e3%82%bd%e3%83%8a%e3%83%ab%e3%83%bb%e3%82%ac%e3%82%a4%e3%83%80%e3%83%b3%e3%82%b9\/\">\n                <img decoding=\"async\" src=\"https:\/\/konferenztechnik.de\/wp-content\/uploads\/2023\/06\/Beyerdynamic-TTS300-mieten.jpg\" alt=\"\u30cf\u30f3\u30c9\u30d8\u30eb\u30c9\u30de\u30a4\u30af\u30ed\u30db\u30f3\u3001\u30ec\u30b7\u30fc\u30d0\u30fc\u3001\u5145\u96fb\u30b9\u30c6\u30fc\u30b7\u30e7\u30f3\u3092\u5099\u3048\u305f\u30d9\u30a4\u30e4\u30fc\u30c0\u30a4\u30ca\u30df\u30c3\u30af\u793e\u88fdTTS300\u578b\u30a6\u30a3\u30b9\u30d1\u30fc\u30b7\u30b9\u30c6\u30e0\u304a\u3088\u3073\u30ac\u30a4\u30c0\u30f3\u30b9\u30b7\u30b9\u30c6\u30e0\" title=\"\">\n            <\/a><\/div><div class=\"eael-post-list-content\"><h3 class=\"eael-post-list-title\"><a href=\"https:\/\/konferenztechnik.de\/ja\/%e3%83%99%e3%82%a4%e3%83%a4%e3%83%bc%e3%83%80%e3%82%a4%e3%83%8a%e3%83%9f%e3%83%83%e3%82%af-tts-300-%e3%83%91%e3%83%bc%e3%82%bd%e3%83%8a%e3%83%ab%e3%83%bb%e3%82%ac%e3%82%a4%e3%83%80%e3%83%b3%e3%82%b9\/\" >\u30d9\u30a4\u30e4\u30fc\u30c0\u30a4\u30ca\u30df\u30c3\u30afTTS 300 \u2013 \u30d1\u30fc\u30bd\u30ca\u30eb\u30fb\u30ac\u30a4\u30c0\u30f3\u30b9\u30fb\u30b7\u30b9\u30c6\u30e0<\/a><\/h3><p>\u6700\u592710\u30c1\u30e3\u30f3\u30cd\u30eb\u306e\u4e26\u5217\u904b\u8ee2\u3001\u5145\u96fb\u6642\u9593\uff1a30\u5206...<\/p><a href=\"https:\/\/konferenztechnik.de\/ja\/%e3%83%99%e3%82%a4%e3%83%a4%e3%83%bc%e3%83%80%e3%82%a4%e3%83%8a%e3%83%9f%e3%83%83%e3%82%af-tts-300-%e3%83%91%e3%83%bc%e3%82%bd%e3%83%8a%e3%83%ab%e3%83%bb%e3%82%ac%e3%82%a4%e3%83%80%e3%83%b3%e3%82%b9\/\" class=\"eael-post-elements-readmore-btn\" >\u203a \u8a73\u7d30<\/a><div class=\"boxed-meta\"><\/div><\/div><\/div><\/div><div class=\"eael-post-list-post\"><div class=\"eael-post-list-post-inner\"><div class=\"eael-post-list-thumbnail\"><a href=\"https:\/\/konferenztechnik.de\/ja\/%e3%82%bc%e3%83%b3%e3%83%8f%e3%82%a4%e3%82%b6%e3%83%bc%e3%83%bb%e3%83%84%e3%82%a2%e3%83%bc%e3%82%ac%e3%82%a4%e3%83%892020-d%e3%83%91%e3%83%bc%e3%82%bd%e3%83%8a%e3%83%ab%e3%83%bb%e3%82%ac%e3%82%a4\/\">\n                <img decoding=\"async\" src=\"https:\/\/konferenztechnik.de\/wp-content\/uploads\/2023\/06\/tourguide-system-kaufen-mieten.jpg\" alt=\"\" title=\"\">\n            <\/a><\/div><div class=\"eael-post-list-content\"><h3 class=\"eael-post-list-title\"><a href=\"https:\/\/konferenztechnik.de\/ja\/%e3%82%bc%e3%83%b3%e3%83%8f%e3%82%a4%e3%82%b6%e3%83%bc%e3%83%bb%e3%83%84%e3%82%a2%e3%83%bc%e3%82%ac%e3%82%a4%e3%83%892020-d%e3%83%91%e3%83%bc%e3%82%bd%e3%83%8a%e3%83%ab%e3%83%bb%e3%82%ac%e3%82%a4\/\" >\u30bc\u30f3\u30cf\u30a4\u30b6\u30fc\u30fb\u30c4\u30a2\u30fc\u30ac\u30a4\u30c92020 D \u2013 \u30c4\u30a2\u30fc\u30ac\u30a4\u30c9\u30b7\u30b9\u30c6\u30e0<\/a><\/h3><p>\u30c7\u30b8\u30bf\u30eb\u306e\u30bc\u30f3\u30cf\u30a4\u30b6\u30fc2020-D\u30c4\u30a2\u30fc\u30ac\u30a4\u30c9\u30fb\u30b7\u30b9\u30c6\u30e0\u306f\u3001\u7c21\u5358\u306a\u64cd\u4f5c\u6027\u3068\u30d7\u30ed\u30d5\u30a7\u30c3\u30b7\u30e7\u30ca\u30eb\u306a\u6a5f\u80fd\u3092\u517c\u306d\u5099\u3048\u3066\u3044\u307e\u3059\u3002...<\/p><a href=\"https:\/\/konferenztechnik.de\/ja\/%e3%82%bc%e3%83%b3%e3%83%8f%e3%82%a4%e3%82%b6%e3%83%bc%e3%83%bb%e3%83%84%e3%82%a2%e3%83%bc%e3%82%ac%e3%82%a4%e3%83%892020-d%e3%83%91%e3%83%bc%e3%82%bd%e3%83%8a%e3%83%ab%e3%83%bb%e3%82%ac%e3%82%a4\/\" class=\"eael-post-elements-readmore-btn\" >\u203a \u8a73\u7d30<\/a><div class=\"boxed-meta\"><\/div><\/div><\/div><\/div><div class=\"eael-post-list-post\"><div class=\"eael-post-list-post-inner\"><div class=\"eael-post-list-thumbnail\"><a href=\"https:\/\/konferenztechnik.de\/ja\/%e3%83%99%e3%82%a4%e3%83%a4%e3%83%bc%e3%83%80%e3%82%a4%e3%83%8a%e3%83%9f%e3%83%83%e3%82%af-%e3%82%b7%e3%83%8d%e3%82%b7%e3%82%b9-%e3%83%91%e3%83%bc%e3%82%bd%e3%83%8a%e3%83%ab%e3%83%bb%e3%82%ac%e3%82%a4\/\">\n                <img decoding=\"async\" src=\"https:\/\/konferenztechnik.de\/wp-content\/uploads\/2023\/06\/beyerdynamic-synexis.jpg\" alt=\"\u30d9\u30a4\u30e4\u30fc\u30c0\u30a4\u30ca\u30df\u30c3\u30af \u30b7\u30cd\u30b7\u30b9 \u30a6\u30a3\u30b9\u30d1\u30ea\u30f3\u30b0\u30fb\u30ac\u30a4\u30c9\u30b7\u30b9\u30c6\u30e0\uff08\u30cf\u30f3\u30c9\u30d8\u30eb\u30c9\u30de\u30a4\u30af\u3001\u30ec\u30b7\u30fc\u30d0\u30fc\u3001\u5145\u96fb\u30b9\u30c6\u30fc\u30b7\u30e7\u30f3\u4ed8\u304d\" title=\"\">\n            <\/a><\/div><div class=\"eael-post-list-content\"><h3 class=\"eael-post-list-title\"><a href=\"https:\/\/konferenztechnik.de\/ja\/%e3%83%99%e3%82%a4%e3%83%a4%e3%83%bc%e3%83%80%e3%82%a4%e3%83%8a%e3%83%9f%e3%83%83%e3%82%af-%e3%82%b7%e3%83%8d%e3%82%b7%e3%82%b9-%e3%83%91%e3%83%bc%e3%82%bd%e3%83%8a%e3%83%ab%e3%83%bb%e3%82%ac%e3%82%a4\/\" >\u30d9\u30a4\u30e4\u30fc\u30c0\u30a4\u30ca\u30df\u30c3\u30af \u30b7\u30cd\u30b7\u30b9\u2013 \u30d4\u30fc\u30d7\u30eb\u30fb\u30ac\u30a4\u30c0\u30f3\u30b9\u30fb\u30b7\u30b9\u30c6\u30e0<\/a><\/h3><p>\u591a\u76ee\u7684\u306a\u7528\u9014\uff1a\u30d3\u30b8\u30bf\u30fc\u30c4\u30a2\u30fc\u3001\u901a\u8a33\u30a2\u30d7\u30ea\u30b1\u30fc\u30b7\u30e7\u30f3\u3001\u8074\u899a\u30b5\u30dd\u30fc\u30c8...<\/p><a href=\"https:\/\/konferenztechnik.de\/ja\/%e3%83%99%e3%82%a4%e3%83%a4%e3%83%bc%e3%83%80%e3%82%a4%e3%83%8a%e3%83%9f%e3%83%83%e3%82%af-%e3%82%b7%e3%83%8d%e3%82%b7%e3%82%b9-%e3%83%91%e3%83%bc%e3%82%bd%e3%83%8a%e3%83%ab%e3%83%bb%e3%82%ac%e3%82%a4\/\" class=\"eael-post-elements-readmore-btn\" >\u203a \u8a73\u7d30<\/a><div class=\"boxed-meta\"><\/div><\/div><\/div><\/div><\/div><\/div>\n\t\t<\/div>\t\t\t\t<\/div>\n\t\t\t\t<\/div>\n\t\t\t\t\t<\/div>\n\t\t\t\t<\/div>\n\t\t\t\t<\/div>\n\t\t<\/div>\n\t\t\t\t\t\t<\/div>\n\t\t\t\t<\/div>\n\t\t\t\t<div class=\"elementor-element elementor-element-2d8ee9db elementor-widget elementor-widget-spacer\" data-id=\"2d8ee9db\" data-element_type=\"widget\" data-widget_type=\"spacer.default\">\n\t\t\t\t<div class=\"elementor-widget-container\">\n\t\t\t\t\t\t\t<div class=\"elementor-spacer\">\n\t\t\t<div class=\"elementor-spacer-inner\"><\/div>\n\t\t<\/div>\n\t\t\t\t\t\t<\/div>\n\t\t\t\t<\/div>\n\t\t\t\t\t<\/div>\n\t\t\t\t<\/div>\n\t\t<div data-particle_enable=\"false\" data-particle-mobile-disabled=\"false\" class=\"elementor-element elementor-element-21243c2d e-flex e-con-boxed e-con e-parent\" data-id=\"21243c2d\" data-element_type=\"container\">\n\t\t\t\t\t<div class=\"e-con-inner\">\n\t\t\t\t<div class=\"elementor-element elementor-element-a57caf4 elementor-widget__width-initial elementor-widget elementor-widget-heading\" data-id=\"a57caf4\" data-element_type=\"widget\" data-settings=\"{&quot;_animation&quot;:&quot;none&quot;}\" data-widget_type=\"heading.default\">\n\t\t\t\t<div class=\"elementor-widget-container\">\n\t\t\t\t\t<h2 class=\"elementor-heading-title elementor-size-default\">PCS\u306e\u4eba\u6750\u8a98\u5c0e\u30b7\u30b9\u30c6\u30e0\u3092\u63a1\u7528<\/h2>\t\t\t\t<\/div>\n\t\t\t\t<\/div>\n\t\t\t\t<div class=\"elementor-element elementor-element-5a974de elementor-widget elementor-widget-image\" data-id=\"5a974de\" data-element_type=\"widget\" data-widget_type=\"image.default\">\n\t\t\t\t<div class=\"elementor-widget-container\">\n\t\t\t\t\t\t\t\t\t\t\t\t\t\t\t<img fetchpriority=\"high\" decoding=\"async\" width=\"800\" height=\"300\" src=\"https:\/\/konferenztechnik.de\/wp-content\/uploads\/2017\/05\/fuehrungsanlagen-mieten-pcs-konferenztechnik-1024x384.jpg\" class=\"attachment-large size-large wp-image-10833\" alt=\"PCS Konferenztechnik\u306e\u30cf\u30a4\u30e4\u30fc\u7ba1\u7406\u30b7\u30b9\u30c6\u30e0\" srcset=\"https:\/\/konferenztechnik.de\/wp-content\/uploads\/2017\/05\/fuehrungsanlagen-mieten-pcs-konferenztechnik-1024x384.jpg 1024w, https:\/\/konferenztechnik.de\/wp-content\/uploads\/2017\/05\/fuehrungsanlagen-mieten-pcs-konferenztechnik-300x113.jpg 300w, https:\/\/konferenztechnik.de\/wp-content\/uploads\/2017\/05\/fuehrungsanlagen-mieten-pcs-konferenztechnik-768x288.jpg 768w, https:\/\/konferenztechnik.de\/wp-content\/uploads\/2017\/05\/fuehrungsanlagen-mieten-pcs-konferenztechnik.jpg 1200w\" sizes=\"(max-width: 800px) 100vw, 800px\" title=\"\">\t\t\t\t\t\t\t\t\t\t\t\t\t\t\t<\/div>\n\t\t\t\t<\/div>\n\t\t\t\t<div class=\"elementor-element elementor-element-75e0070c elementor-widget__width-initial elementor-widget elementor-widget-text-editor\" data-id=\"75e0070c\" data-element_type=\"widget\" data-widget_type=\"text-editor.default\">\n\t\t\t\t<div class=\"elementor-widget-container\">\n\t\t\t\t\t\t\t\t\t<p>\u30ef\u30a4\u30e4\u30ec\u30b9\u30c4\u30a2\u30fc\u30ac\u30a4\u30c9\u30b7\u30b9\u30c6\u30e0\u306f\u3001\u898b\u672c\u5e02\u3001\u535a\u7269\u9928\u3001\u516c\u5171\u30b9\u30da\u30fc\u30b9\u3001\u5de5\u5834\u30d5\u30ed\u30a2\u3067\u306e\u30ac\u30a4\u30c9\u30c4\u30a2\u30fc\u306b\u4f7f\u7528\u3055\u308c\u3001\u30b9\u30d4\u30fc\u30ab\u30fc\u3068\u30b0\u30eb\u30fc\u30d7\u9593\u306e\u5b8c\u74a7\u306a\u63a5\u7d9a\u3092\u4fdd\u8a3c\u3057\u307e\u3059\u3002\u3082\u3046\u4e00\u3064\u306e\u5fdc\u7528\u5206\u91ce\u306f\u3001\u3055\u3055\u3084\u304d\u901a\u8a33\u3067\u3059\u3002<\/p><p>\u00a0<\/p><p>\u67d4\u8edf\u306a\u30c1\u30e3\u30f3\u30cd\u30eb\u9078\u629e\u306e\u304a\u304b\u3052\u3067\u3001\u8907\u6570\u306e\u30b0\u30eb\u30fc\u30d7\u304c\u540c\u6642\u306b\u72ec\u7acb\u3057\u3066\u30ac\u30a4\u30c9\u30c4\u30a2\u30fc\u306b\u53c2\u52a0\u3059\u308b\u3053\u3068\u304c\u3067\u304d\u307e\u3059\u3002\u88dc\u8074\u5668\u3092\u304a\u6301\u3061\u306e\u53c2\u52a0\u8005\u306b\u306f\u3001\u8a98\u5c0e\u30eb\u30fc\u30d7\u3092\u4ecb\u3057\u3066\u88dc\u8074\u5668\u306b\u76f4\u63a5\u97f3\u58f0\u3092\u9001\u308b\u3053\u3068\u304c\u3067\u304d\u307e\u3059\u3002\u30ac\u30a4\u30c9\u30b7\u30b9\u30c6\u30e0\u306f\u5c0f\u578b\u3067\u6301\u3061\u904b\u3073\u306b\u4fbf\u5229\u3067\u3059\u3002<\/p>\t\t\t\t\t\t\t\t<\/div>\n\t\t\t\t<\/div>\n\t\t<div data-particle_enable=\"false\" data-particle-mobile-disabled=\"false\" class=\"elementor-element elementor-element-c3dae8b e-flex e-con-boxed e-con e-parent\" data-id=\"c3dae8b\" data-element_type=\"container\">\n\t\t\t\t\t<div class=\"e-con-inner\">\n\t\t\t\t<div class=\"elementor-element elementor-element-52198b0 elementor-widget__width-inherit elementor-widget elementor-widget-text-editor\" data-id=\"52198b0\" data-element_type=\"widget\" data-widget_type=\"text-editor.default\">\n\t\t\t\t<div class=\"elementor-widget-container\">\n\t\t\t\t\t\t\t\t\t<p>PCS\u304b\u3089\u30c4\u30a2\u30fc\u30ac\u30a4\u30c9\u30b7\u30b9\u30c6\u30e0\u4e00\u5f0f\u3092\u30ec\u30f3\u30bf\u30eb\u3059\u308b\u3053\u3068\u3082\u3001\u5f53\u793e\u306e\u5e83\u7bc4\u306a\u30ec\u30f3\u30bf\u30eb\u30d1\u30fc\u30af\u304b\u3089\u6a5f\u5668\u3092\u53d6\u308a\u5bc4\u305b\u3066\u5728\u5eab\u3092\u67d4\u8edf\u306b\u62e1\u5f35\u3059\u308b\u3053\u3068\u3082\u3067\u304d\u307e\u3059\u3002<\/p>\t\t\t\t\t\t\t\t<\/div>\n\t\t\t\t<\/div>\n\t\t\t\t\t<\/div>\n\t\t\t\t<\/div>\n\t\t<div data-particle_enable=\"false\" data-particle-mobile-disabled=\"false\" class=\"elementor-element elementor-element-33a3213 e-flex e-con-boxed e-con e-parent\" data-id=\"33a3213\" data-element_type=\"container\">\n\t\t\t\t\t<div class=\"e-con-inner\">\n\t\t\t\t<div class=\"elementor-element elementor-element-542efdb1 elementor-widget__width-initial elementor-widget elementor-widget-heading\" data-id=\"542efdb1\" data-element_type=\"widget\" data-settings=\"{&quot;_animation&quot;:&quot;none&quot;}\" data-widget_type=\"heading.default\">\n\t\t\t\t<div class=\"elementor-widget-container\">\n\t\t\t\t\t<h2 class=\"elementor-heading-title elementor-size-default\">\u30ec\u30f3\u30bf\u30eb\u30ac\u30a4\u30c9\u30b7\u30b9\u30c6\u30e0\u8a73\u7d30\u60c5\u5831\u3068\u30c0\u30a6\u30f3\u30ed\u30fc\u30c9<\/h2>\t\t\t\t<\/div>\n\t\t\t\t<\/div>\n\t\t\t\t<div class=\"elementor-element elementor-element-313ba8b elementor-widget elementor-widget-shortcode\" data-id=\"313ba8b\" data-element_type=\"widget\" data-widget_type=\"shortcode.default\">\n\t\t\t\t<div class=\"elementor-widget-container\">\n\t\t\t\t\t\t\t<div class=\"elementor-shortcode\">\t\t<div data-elementor-type=\"container\" data-elementor-id=\"30709\" class=\"elementor elementor-30709\" data-elementor-post-type=\"elementor_library\">\n\t\t\t\t<div data-particle_enable=\"false\" data-particle-mobile-disabled=\"false\" class=\"elementor-element elementor-element-50123a19 e-flex e-con-boxed e-con e-parent\" data-id=\"50123a19\" data-element_type=\"container\" data-settings=\"{&quot;background_background&quot;:&quot;classic&quot;}\">\n\t\t\t\t\t<div class=\"e-con-inner\">\n\t\t\t\t<div class=\"elementor-element elementor-element-7b023e62 elementor-icon-list--layout-traditional elementor-list-item-link-full_width elementor-widget elementor-widget-icon-list\" data-id=\"7b023e62\" data-element_type=\"widget\" data-widget_type=\"icon-list.default\">\n\t\t\t\t<div class=\"elementor-widget-container\">\n\t\t\t\t\t\t\t<ul class=\"elementor-icon-list-items\">\n\t\t\t\t\t\t\t<li class=\"elementor-icon-list-item\">\n\t\t\t\t\t\t\t\t\t\t\t<a href=\"\/wp-content\/uploads\/2017\/06\/beyerdynamic-synexis-manual-bedienungsanleitung.pdf\" target=\"_blank\">\n\n\t\t\t\t\t\t\t\t\t\t\t\t<span class=\"elementor-icon-list-icon\">\n\t\t\t\t\t\t\t<svg aria-hidden=\"true\" class=\"e-font-icon-svg e-far-file-pdf\" viewbox=\"0 0 384 512\" xmlns=\"http:\/\/www.w3.org\/2000\/svg\"><path d=\"M369.9 97.9L286 14C277 5 264.8-.1 252.1-.1H48C21.5 0 0 21.5 0 48v416c0 26.5 21.5 48 48 48h288c26.5 0 48-21.5 48-48V131.9c0-12.7-5.1-25-14.1-34zM332.1 128H256V51.9l76.1 76.1zM48 464V48h160v104c0 13.3 10.7 24 24 24h104v288H48zm250.2-143.7c-12.2-12-47-8.7-64.4-6.5-17.2-10.5-28.7-25-36.8-46.3 3.9-16.1 10.1-40.6 5.4-56-4.2-26.2-37.8-23.6-42.6-5.9-4.4 16.1-.4 38.5 7 67.1-10 23.9-24.9 56-35.4 74.4-20 10.3-47 26.2-51 46.2-3.3 15.8 26 55.2 76.1-31.2 22.4-7.4 46.8-16.5 68.4-20.1 18.9 10.2 41 17 55.8 17 25.5 0 28-28.2 17.5-38.7zm-198.1 77.8c5.1-13.7 24.5-29.5 30.4-35-19 30.3-30.4 35.7-30.4 35zm81.6-190.6c7.4 0 6.7 32.1 1.8 40.8-4.4-13.9-4.3-40.8-1.8-40.8zm-24.4 136.6c9.7-16.9 18-37 24.7-54.7 8.3 15.1 18.9 27.2 30.1 35.5-20.8 4.3-38.9 13.1-54.8 19.2zm131.6-5s-5 6-37.3-7.8c35.1-2.6 40.9 5.4 37.3 7.8z\"><\/path><\/svg>\t\t\t\t\t\t<\/span>\n\t\t\t\t\t\t\t\t\t\t<span class=\"elementor-icon-list-text\">Beyerdynamic Synexis Manual \u30e6\u30fc\u30b6\u30fc\u30de\u30cb\u30e5\u30a2\u30eb<\/span>\n\t\t\t\t\t\t\t\t\t\t\t<\/a>\n\t\t\t\t\t\t\t\t\t<\/li>\n\t\t\t\t\t\t\t\t<li class=\"elementor-icon-list-item\">\n\t\t\t\t\t\t\t\t\t\t\t<a href=\"\/wp-content\/uploads\/2017\/06\/beyerdynamic-synexis_quick-start-guide.pdf\" target=\"_blank\">\n\n\t\t\t\t\t\t\t\t\t\t\t\t<span class=\"elementor-icon-list-icon\">\n\t\t\t\t\t\t\t<svg aria-hidden=\"true\" class=\"e-font-icon-svg e-far-file-pdf\" viewbox=\"0 0 384 512\" xmlns=\"http:\/\/www.w3.org\/2000\/svg\"><path d=\"M369.9 97.9L286 14C277 5 264.8-.1 252.1-.1H48C21.5 0 0 21.5 0 48v416c0 26.5 21.5 48 48 48h288c26.5 0 48-21.5 48-48V131.9c0-12.7-5.1-25-14.1-34zM332.1 128H256V51.9l76.1 76.1zM48 464V48h160v104c0 13.3 10.7 24 24 24h104v288H48zm250.2-143.7c-12.2-12-47-8.7-64.4-6.5-17.2-10.5-28.7-25-36.8-46.3 3.9-16.1 10.1-40.6 5.4-56-4.2-26.2-37.8-23.6-42.6-5.9-4.4 16.1-.4 38.5 7 67.1-10 23.9-24.9 56-35.4 74.4-20 10.3-47 26.2-51 46.2-3.3 15.8 26 55.2 76.1-31.2 22.4-7.4 46.8-16.5 68.4-20.1 18.9 10.2 41 17 55.8 17 25.5 0 28-28.2 17.5-38.7zm-198.1 77.8c5.1-13.7 24.5-29.5 30.4-35-19 30.3-30.4 35.7-30.4 35zm81.6-190.6c7.4 0 6.7 32.1 1.8 40.8-4.4-13.9-4.3-40.8-1.8-40.8zm-24.4 136.6c9.7-16.9 18-37 24.7-54.7 8.3 15.1 18.9 27.2 30.1 35.5-20.8 4.3-38.9 13.1-54.8 19.2zm131.6-5s-5 6-37.3-7.8c35.1-2.6 40.9 5.4 37.3 7.8z\"><\/path><\/svg>\t\t\t\t\t\t<\/span>\n\t\t\t\t\t\t\t\t\t\t<span class=\"elementor-icon-list-text\">\u30d9\u30a4\u30e4\u30fc\u30c0\u30a4\u30ca\u30df\u30c3\u30af \u30b7\u30cd\u30b7\u30b9 \u30af\u30a4\u30c3\u30af\u30b9\u30bf\u30fc\u30c8\u30ac\u30a4\u30c9<\/span>\n\t\t\t\t\t\t\t\t\t\t\t<\/a>\n\t\t\t\t\t\t\t\t\t<\/li>\n\t\t\t\t\t\t\t\t<li class=\"elementor-icon-list-item\">\n\t\t\t\t\t\t\t\t\t\t\t<a href=\"\/wp-content\/uploads\/2017\/06\/Bedienungsanleitung-Sennheiser-Tourguide2020_DE.pdf\" target=\"_blank\">\n\n\t\t\t\t\t\t\t\t\t\t\t\t<span class=\"elementor-icon-list-icon\">\n\t\t\t\t\t\t\t<svg aria-hidden=\"true\" class=\"e-font-icon-svg e-far-file-pdf\" viewbox=\"0 0 384 512\" xmlns=\"http:\/\/www.w3.org\/2000\/svg\"><path d=\"M369.9 97.9L286 14C277 5 264.8-.1 252.1-.1H48C21.5 0 0 21.5 0 48v416c0 26.5 21.5 48 48 48h288c26.5 0 48-21.5 48-48V131.9c0-12.7-5.1-25-14.1-34zM332.1 128H256V51.9l76.1 76.1zM48 464V48h160v104c0 13.3 10.7 24 24 24h104v288H48zm250.2-143.7c-12.2-12-47-8.7-64.4-6.5-17.2-10.5-28.7-25-36.8-46.3 3.9-16.1 10.1-40.6 5.4-56-4.2-26.2-37.8-23.6-42.6-5.9-4.4 16.1-.4 38.5 7 67.1-10 23.9-24.9 56-35.4 74.4-20 10.3-47 26.2-51 46.2-3.3 15.8 26 55.2 76.1-31.2 22.4-7.4 46.8-16.5 68.4-20.1 18.9 10.2 41 17 55.8 17 25.5 0 28-28.2 17.5-38.7zm-198.1 77.8c5.1-13.7 24.5-29.5 30.4-35-19 30.3-30.4 35.7-30.4 35zm81.6-190.6c7.4 0 6.7 32.1 1.8 40.8-4.4-13.9-4.3-40.8-1.8-40.8zm-24.4 136.6c9.7-16.9 18-37 24.7-54.7 8.3 15.1 18.9 27.2 30.1 35.5-20.8 4.3-38.9 13.1-54.8 19.2zm131.6-5s-5 6-37.3-7.8c35.1-2.6 40.9 5.4 37.3 7.8z\"><\/path><\/svg>\t\t\t\t\t\t<\/span>\n\t\t\t\t\t\t\t\t\t\t<span class=\"elementor-icon-list-text\">\u30bc\u30f3\u30cf\u30a4\u30b6\u30fc\u30fb\u30c4\u30a2\u30fc\u30ac\u30a4\u30c92020\u53d6\u6271\u8aac\u660e\u66f8 \u30c9\u30a4\u30c4\u8a9e<\/span>\n\t\t\t\t\t\t\t\t\t\t\t<\/a>\n\t\t\t\t\t\t\t\t\t<\/li>\n\t\t\t\t\t\t\t\t<li class=\"elementor-icon-list-item\">\n\t\t\t\t\t\t\t\t\t\t\t<a href=\"\/wp-content\/uploads\/2017\/06\/sennheiser-tourguide-SK2020DUS-en.pdf\" target=\"_blank\">\n\n\t\t\t\t\t\t\t\t\t\t\t\t<span class=\"elementor-icon-list-icon\">\n\t\t\t\t\t\t\t<svg aria-hidden=\"true\" class=\"e-font-icon-svg e-far-file-pdf\" viewbox=\"0 0 384 512\" xmlns=\"http:\/\/www.w3.org\/2000\/svg\"><path d=\"M369.9 97.9L286 14C277 5 264.8-.1 252.1-.1H48C21.5 0 0 21.5 0 48v416c0 26.5 21.5 48 48 48h288c26.5 0 48-21.5 48-48V131.9c0-12.7-5.1-25-14.1-34zM332.1 128H256V51.9l76.1 76.1zM48 464V48h160v104c0 13.3 10.7 24 24 24h104v288H48zm250.2-143.7c-12.2-12-47-8.7-64.4-6.5-17.2-10.5-28.7-25-36.8-46.3 3.9-16.1 10.1-40.6 5.4-56-4.2-26.2-37.8-23.6-42.6-5.9-4.4 16.1-.4 38.5 7 67.1-10 23.9-24.9 56-35.4 74.4-20 10.3-47 26.2-51 46.2-3.3 15.8 26 55.2 76.1-31.2 22.4-7.4 46.8-16.5 68.4-20.1 18.9 10.2 41 17 55.8 17 25.5 0 28-28.2 17.5-38.7zm-198.1 77.8c5.1-13.7 24.5-29.5 30.4-35-19 30.3-30.4 35.7-30.4 35zm81.6-190.6c7.4 0 6.7 32.1 1.8 40.8-4.4-13.9-4.3-40.8-1.8-40.8zm-24.4 136.6c9.7-16.9 18-37 24.7-54.7 8.3 15.1 18.9 27.2 30.1 35.5-20.8 4.3-38.9 13.1-54.8 19.2zm131.6-5s-5 6-37.3-7.8c35.1-2.6 40.9 5.4 37.3 7.8z\"><\/path><\/svg>\t\t\t\t\t\t<\/span>\n\t\t\t\t\t\t\t\t\t\t<span class=\"elementor-icon-list-text\">\u30bc\u30f3\u30cf\u30a4\u30b6\u30fc \u30c4\u30a2\u30fc\u30ac\u30a4\u30c9 SK2020D US\u30de\u30cb\u30e5\u30a2\u30eb \u82f1\u8a9e<\/span>\n\t\t\t\t\t\t\t\t\t\t\t<\/a>\n\t\t\t\t\t\t\t\t\t<\/li>\n\t\t\t\t\t\t<\/ul>\n\t\t\t\t\t\t<\/div>\n\t\t\t\t<\/div>\n\t\t\t\t\t<\/div>\n\t\t\t\t<\/div>\n\t\t\t\t<\/div>\n\t\t<\/div>\n\t\t\t\t\t\t<\/div>\n\t\t\t\t<\/div>\n\t\t\t\t\t<\/div>\n\t\t\t\t<\/div>\n\t\t\t\t\t<\/div>\n\t\t\t\t<\/div>\n\t\t<div data-particle_enable=\"false\" data-particle-mobile-disabled=\"false\" class=\"elementor-element elementor-element-5771f3e6 e-flex e-con-boxed e-con e-parent\" data-id=\"5771f3e6\" data-element_type=\"container\">\n\t\t\t\t\t<div class=\"e-con-inner\">\n\t\t\t\t<div class=\"elementor-element elementor-element-7b486f79 elementor-widget elementor-widget-shortcode\" data-id=\"7b486f79\" data-element_type=\"widget\" data-widget_type=\"shortcode.default\">\n\t\t\t\t<div class=\"elementor-widget-container\">\n\t\t\t\t\t\t\t<div class=\"elementor-shortcode\"><\/div>\n\t\t\t\t\t\t<\/div>\n\t\t\t\t<\/div>\n\t\t\t\t\t<\/div>\n\t\t\t\t<\/div>\n\t\t\t\t<\/div>","protected":false},"excerpt":{"rendered":"<p>F\u00fchrungsanlagen mieten, Personenf\u00fchrungsanlagen und Tourguide-Systeme mieten Personenf\u00fchrungsanlagen mieten von PCS Drahtlose Personen-F\u00fchrungsanlagen oder auch Tourguide-Systeme werden bei F\u00fchrungen auf Messen, in Museen, im \u00f6ffentlichen Raum oder in Fabrikhallen eingesetzt, um eine einwandfreie Verbindung vom Redner zur Gruppe zu gew\u00e4hrleisten. Ein weiteres Einsatzgebiet ist das Fl\u00fcsterdolmetschen. \u00a0 Durch die flexible Kanalauswahl k\u00f6nnen mehrere Gruppen gleichzeitig unabh\u00e4ngig voneinander an F\u00fchrungen teilnehmen. Bei Teilnehmern mit H\u00f6rger\u00e4ten kann der Ton durch eine Induktionsschlinge direkt auf das eigene H\u00f6rger\u00e4t \u00fcbertragen werden. Die F\u00fchrungsanlagen sind klein und handlich in Koffern verstaut und leicht zu transportieren. Mieten Sie bei PCS komplette Tourguide-Systeme oder erweitern Sie Ihren Bestand flexibel durch Ger\u00e4te aus unserem umfangreichen Vermietpark. F\u00fchrungsanlagen mieten: Weitere [&hellip;]<\/p>","protected":false},"author":1,"featured_media":45482,"parent":0,"menu_order":0,"comment_status":"closed","ping_status":"closed","template":"","meta":{"_acf_changed":false,"footnotes":""},"class_list":["post-10051","page","type-page","status-publish","has-post-thumbnail","hentry"],"acf":[],"_links":{"self":[{"href":"https:\/\/konferenztechnik.de\/ja\/wp-json\/wp\/v2\/pages\/10051","targetHints":{"allow":["GET"]}}],"collection":[{"href":"https:\/\/konferenztechnik.de\/ja\/wp-json\/wp\/v2\/pages"}],"about":[{"href":"https:\/\/konferenztechnik.de\/ja\/wp-json\/wp\/v2\/types\/page"}],"author":[{"embeddable":true,"href":"https:\/\/konferenztechnik.de\/ja\/wp-json\/wp\/v2\/users\/1"}],"replies":[{"embeddable":true,"href":"https:\/\/konferenztechnik.de\/ja\/wp-json\/wp\/v2\/comments?post=10051"}],"version-history":[{"count":0,"href":"https:\/\/konferenztechnik.de\/ja\/wp-json\/wp\/v2\/pages\/10051\/revisions"}],"wp:featuredmedia":[{"embeddable":true,"href":"https:\/\/konferenztechnik.de\/ja\/wp-json\/wp\/v2\/media\/45482"}],"wp:attachment":[{"href":"https:\/\/konferenztechnik.de\/ja\/wp-json\/wp\/v2\/media?parent=10051"}],"curies":[{"name":"wp","href":"https:\/\/api.w.org\/{rel}","templated":true}]}}