{"id":12,"date":"2013-06-25T11:07:51","date_gmt":"2013-06-25T09:07:51","guid":{"rendered":"https:\/\/pcs-miete.de\/?page_id=12"},"modified":"2023-09-01T13:04:29","modified_gmt":"2023-09-01T11:04:29","slug":"%e4%bc%9a%e7%a4%be%e6%a6%82%e8%a6%81-2","status":"publish","type":"page","link":"https:\/\/konferenztechnik.de\/ja\/%e4%bc%9a%e7%a4%be%e6%a6%82%e8%a6%81-2\/","title":{"rendered":"\u4f1a\u793e\u6982\u8981"},"content":{"rendered":"<h1>\u4f1a\u793e\u6982\u8981<\/h1>\n<p>[rev_slider overuns\uff3d\u3002<br \/>\n[spacer size=\"20\u2033]<\/p>\n<p>[column size=\"1-2\u2033 last=\"0\u2033\uff3d\u3002<\/p>\n<p>PCS\u306f1995\u5e74\u4ee5\u6765\u3001\u4e16\u754c\u4e2d\u3067\u4f1a\u8b70\u3084\u30df\u30fc\u30c6\u30a3\u30f3\u30b0\u3092\u958b\u50ac\u3057\u3066\u304d\u307e\u3057\u305f\u3002\u901a\u8a33\u6a5f\u5668\u3084\u4f1a\u8b70\u6280\u8853\u306e\u30ec\u30f3\u30bf\u30eb\u3001\u8cfc\u5165\u3001\u30b5\u30dd\u30fc\u30c8\u306f\u5f53\u793e\u306b\u304a\u4efb\u305b\u304f\u3060\u3055\u3044\u3002<\/p>\n<p>\u79c1\u305f\u3061\u306f\u3001\u6700\u3082\u6709\u540d\u306a\u901a\u8a33\u8005\u3068\u5354\u529b\u3057\u3001\u56f0\u96e3\u306a\u72b6\u6cc1\u3067\u3082\u4fe1\u983c\u3067\u304d\u308b\u9ad8\u54c1\u8cea\u306e\u7ffb\u8a33\u3092\u304a\u7d04\u675f\u3057\u307e\u3059\u3002<\/p>\n<p>\u305d\u308c\u4ee5\u6765\u3001\u79c1\u305f\u3061\u306f\u30b3\u30f3\u30b0\u30ec\u30b9\u3068\u3044\u3046\u7279\u5225\u306a\u96f0\u56f2\u6c17\u306b\u5fc3\u3092\u7815\u304d\u3001\u9577\u5e74\u306e\u7d4c\u9a13\u3068\u5168\u529b\u3092\u5c3d\u304f\u3057\u3066\u304a\u5ba2\u69d8\u3092\u30b5\u30dd\u30fc\u30c8\u3057\u3066\u304d\u307e\u3057\u305f\u30022006\u5e74\u3001PCS\u306f\u56fa\u5b9a\u8a2d\u5099\u3001\u901a\u8a33\u6280\u8853\u3001\u30c7\u30a3\u30b9\u30ab\u30c3\u30b7\u30e7\u30f3\u30b7\u30b9\u30c6\u30e0\u3001\u4f1a\u8b70\u304a\u3088\u3073\u30e1\u30c7\u30a3\u30a2\u6280\u8853\u306e\u8ca9\u58f2\u3078\u3068\u4e8b\u696d\u6d3b\u52d5\u3092\u62e1\u5927\u3057\u307e\u3057\u305f\u3002<\/p>\n<p>[\u30b3\u30e9\u30e0\uff3d<\/p>\n<p>[column size=\"1-2\u2033 last=\"1\u2033\uff3d\u3002<\/p>\n<p>\u5f53\u793e\u306e\u30c1\u30fc\u30e0\u306f\u3001\u30a8\u30f3\u30b8\u30cb\u30a2\u3001\u30de\u30b9\u30bf\u30fc\u30fb\u30a4\u30d9\u30f3\u30c8\u30fb\u30c6\u30af\u30cb\u30b7\u30e3\u30f3\u3001\u30de\u30b9\u30bf\u30fc\u30fb\u30a8\u30ec\u30af\u30c8\u30ea\u30c3\u30af\u30fb\u30c6\u30af\u30cb\u30b7\u30e3\u30f3\u3001\u30d7\u30ed\u30b0\u30e9\u30de\u30fc\u3001\u30a4\u30d9\u30f3\u30c8\u30fb\u30c6\u30af\u30cb\u30b7\u30e3\u30f3\u306a\u3069\u3001\u30aa\u30fc\u30c7\u30a3\u30aa\/\u30d3\u30c7\u30aa\u696d\u754c\u306e\u3055\u307e\u3056\u307e\u306a\u90e8\u9580\u304b\u3089\u5e38\u6642\u96c7\u7528\u3055\u308c\u3066\u3044\u308b\u5c02\u9580\u5bb6\u3092\u4e2d\u5fc3\u306b\u69cb\u6210\u3055\u308c\u3066\u3044\u307e\u3059\u3002\u4fe1\u983c\u3067\u304d\u308b\u30d7\u30e9\u30f3\u30cb\u30f3\u30b0\u3001\u30d7\u30ed\u30d5\u30a7\u30c3\u30b7\u30e7\u30ca\u30eb\u306a\u30bd\u30ea\u30e5\u30fc\u30b7\u30e7\u30f3\u3001\u304d\u3081\u7d30\u304b\u306a\u6ce8\u6587\u3078\u306e\u5bfe\u5fdc\u3092\u63d0\u4f9b\u3057\u307e\u3059\u3002\u5145\u5b9f\u3057\u305f\u30ef\u30fc\u30af\u30b7\u30e7\u30c3\u30d7\u8a2d\u5099\u3068\u9069\u5207\u306a\u8a13\u7df4\u3092\u53d7\u3051\u305f\u30e1\u30f3\u30c6\u30ca\u30f3\u30b9\u30b9\u30bf\u30c3\u30d5\u306b\u3088\u308a\u3001\u9577\u671f\u7684\u306a\u30b5\u30dd\u30fc\u30c8\u3092\u63d0\u4f9b\u3057\u307e\u3059\u3002<\/p>\n<p>\u79c1\u305f\u3061\u306f\u5e38\u306b\u3001\u53ef\u80fd\u306a\u9650\u308a\u6700\u5584\u306e\u65b9\u6cd5\u3067\u304a\u5ba2\u69d8\u306e\u30cb\u30fc\u30ba\u3092\u6e80\u305f\u3059\u3088\u3046\u52aa\u3081\u3066\u3044\u307e\u3059\u3002\u304a\u5ba2\u69d8\u3001\u30b5\u30d7\u30e9\u30a4\u30e4\u30fc\u3001\u5f93\u696d\u54e1\u3068\u306e\u516c\u6b63\u3067\u5354\u529b\u7684\u306a\u53d6\u5f15\u306f\u3001\u304a\u5ba2\u69d8\u306e\u30d7\u30ed\u30b8\u30a7\u30af\u30c8\u6210\u529f\u306e\u4fdd\u8a3c\u3067\u3042\u308a\u3001\u5f53\u793e\u306e\u9577\u671f\u7684\u6210\u529f\u306e\u6226\u7565\u7684\u57fa\u76e4\u3067\u3059\u3002<\/p>\n<p>[\u30b3\u30e9\u30e0\uff3d<\/p>\n<p><img decoding=\"async\" src=\"https:\/\/konferenztechnik.de\/wp-content\/uploads\/2018\/01\/poster-pcs.png\" alt=\"PC\u30dd\u30b9\u30bf\u30fc\" class=\"alignnone size-full wp-image-8180\" title=\"\"><\/p>\n<div class=\"weiterlinks\">\n<h2>\u305d\u306e\u4ed6\u306e\u30ea\u30f3\u30af<\/h2>\n<ul>\n[\u30ea\u30b9\u30c8\u30a2\u30a4\u30b3\u30f3=\"moon-arrow-right-2\u2033\u30ab\u30e9\u30fc=\"#a62055\u2033]]\u3002 <a title=\"PCS\u304c\u5fc5\u8981\u306a10\u306e\u7406\u7531\" href=\"\/ja\/%e4%bc%9a%e7%a4%be%e6%a6%82%e8%a6%81-2\/pc%e3%82%92%e9%81%b8%e3%81%b610%e3%81%ae%e7%90%86%e7%94%b1\/\">PCS\u304c\u5fc5\u8981\u306a10\u306e\u7406\u7531<\/a>[\u30ea\u30b9\u30c8\uff3d<br \/>\n[\u30ea\u30b9\u30c8\u30a2\u30a4\u30b3\u30f3=\"moon-arrow-right-2\u2033\u30ab\u30e9\u30fc=\"#a62055\u2033]]\u3002 <a title=\"\u30ec\u30c3\u30c6\u30a3\u30f3\u30b0\" href=\"\/ja\/%e4%bc%9a%e8%ad%b0%e6%a9%9f%e5%99%a8%e3%83%ac%e3%83%b3%e3%82%bf%e3%83%ab\/\">\u4f1a\u8b70\u6280\u8853\u306e\u30ec\u30f3\u30bf\u30eb<\/a>[\u30ea\u30b9\u30c8\uff3d<br \/>\n[\u30ea\u30b9\u30c8\u30a2\u30a4\u30b3\u30f3=\"moon-arrow-right-2\u2033\u30ab\u30e9\u30fc=\"#a62055\u2033]]\u3002 <a title=\"\u30a4\u30f3\u30b9\u30c8\u30fc\u30eb\" href=\"\/ja\/%e4%bc%9a%e8%ad%b0%e6%8a%80%e8%a1%93%e3%81%8a%e3%82%88%e3%81%b3%e3%83%a1%e3%83%87%e3%82%a3%e3%82%a2%e3%83%bb%e3%82%b7%e3%82%b9%e3%83%86%e3%83%a0%e3%81%ae%e8%a8%ad%e7%bd%ae%e3%81%a8%e7%b5%b1%e5%90%88\/\">\u4f1a\u8b70\u30c6\u30af\u30ce\u30ed\u30b8\u30fc\u3068\u30e1\u30c7\u30a3\u30a2\u30fb\u30b7\u30b9\u30c6\u30e0\u306e\u5c0e\u5165\u3068\u7d71\u5408<\/a>[\u30ea\u30b9\u30c8\uff3d<br \/>\n[\u30ea\u30b9\u30c8\u30a2\u30a4\u30b3\u30f3=\"moon-arrow-right-2\u2033\u30ab\u30e9\u30fc=\"#a62055\u2033]]\u3002 <a title=\"\u4f1a\u8b70\u6280\u8853\u30bb\u30fc\u30eb\u30b9\" href=\"\/ja\/%e3%82%bb%e3%83%bc%e3%83%ab%e3%82%b9%e4%bc%9a%e8%ad%b0%e3%83%86%e3%82%af%e3%83%8e%e3%83%ad%e3%82%b8%e3%83%bc\/\">\u4f1a\u8b70\u6280\u8853\u306e\u914d\u5e03<\/a>[\u30ea\u30b9\u30c8\uff3d<br \/>\n[\u30ea\u30b9\u30c8\u30a2\u30a4\u30b3\u30f3=\"moon-arrow-right-2\u2033\u30ab\u30e9\u30fc=\"#a62055\u2033]]\u3002 <a title=\"\u30b5\u30dd\u30fc\u30c8\u30a4\u30d9\u30f3\u30c8\" href=\"\/ja\/%e5%a4%9a%e8%a8%80%e8%aa%9e%e3%82%a4%e3%83%99%e3%83%b3%e3%83%88%e3%81%ae%e3%82%b5%e3%83%9d%e3%83%bc%e3%83%88\/\">\u30a4\u30d9\u30f3\u30c8\u30b5\u30dd\u30fc\u30c8<\/a>[\u30ea\u30b9\u30c8\uff3d<br \/>\n[\u30ea\u30b9\u30c8\u30a2\u30a4\u30b3\u30f3=\"moon-arrow-right-2\u2033\u30ab\u30e9\u30fc=\"#a62055\u2033]]\u3002 <a title=\"\u30ab\u30b9\u30bf\u30de\u30a4\u30ba\u88fd\u54c1\u3001\u30e1\u30f3\u30c6\u30ca\u30f3\u30b9\u3001\u4fee\u7406\" href=\"\/ja\/%e3%82%b5%e3%83%bc%e3%83%93%e3%82%b9-2\/%e3%83%a1%e3%83%b3%e3%83%86%e3%83%8a%e3%83%b3%e3%82%b9%e3%81%a8%e4%bf%ae%e7%90%86\/\">\u30ab\u30b9\u30bf\u30de\u30a4\u30ba\u88fd\u54c1\u3001\u30e1\u30f3\u30c6\u30ca\u30f3\u30b9\u3001\u4fee\u7406<\/a>[\u30ea\u30b9\u30c8\uff3d<br \/>\n[\u30ea\u30b9\u30c8\u30a2\u30a4\u30b3\u30f3=\"moon-arrow-right-2\u2033\u30ab\u30e9\u30fc=\"#a62055\u2033]]\u3002 <a title=\"\u901a\u8a33\u306e\u30c8\u30ec\u30fc\u30cb\u30f3\u30b0\u3068\u30b5\u30fc\u30d3\u30b9\" href=\"\/ja\/%e9%80%9a%e8%a8%b3%e8%80%85%e3%81%ae%e3%81%9f%e3%82%81%e3%81%ae%e3%83%88%e3%83%ac%e3%83%bc%e3%83%8b%e3%83%b3%e3%82%b0%e3%82%b3%e3%83%bc%e3%82%b9%e3%81%a8%e3%82%b5%e3%83%bc%e3%83%93%e3%82%b9\/\">\u901a\u8a33\u306e\u30c8\u30ec\u30fc\u30cb\u30f3\u30b0\u3068\u30b5\u30fc\u30d3\u30b9<\/a>[\u30ea\u30b9\u30c8\uff3d<\/ul>\n<\/div>","protected":false},"excerpt":{"rendered":"<p>Wir \u00fcber uns [rev_slider ueberuns] [spacer size=&#8220;20&#8243;] [column size=&#8220;1-2&#8243; last=&#8220;0&#8243;] PCS betreut seit 1995 Konferenzen und Tagungen in aller Welt. Wir sind Ansprechpartner f\u00fcr die Miete, den Kauf und die Betreuung von Dolmetscheranlagen und Konferenztechnik. Wir arbeiten mit den renommiertesten Dolmetscherinnen und Dolmetschern zusammen und sorgen auch in anspruchsvollen Situationen f\u00fcr eine sichere und hochwertige \u00dcbersetzung. Wir haben uns mit ganzem Herzen der besonderen Atmosph\u00e4re von Kongressen hingegeben und unterst\u00fctzen unsere Kunden seitdem mit vollem Engagement und unserer jahrelangen Erfahrung. 2006 erweiterte PCS die Gesch\u00e4ftsfelder um Festinstallationen und den Verkauf von Dolmetschtechnik, Diskussionsanlagen, Konferenz- und Medientechnik. [\/column] [column size=&#8220;1-2&#8243; last=&#8220;1&#8243;] Unser Team besteht haupts\u00e4chlich aus festangestellten Experten aus den verschiedenen [&hellip;]<\/p>","protected":false},"author":1,"featured_media":45482,"parent":0,"menu_order":256,"comment_status":"closed","ping_status":"open","template":"","meta":{"_acf_changed":false,"footnotes":""},"class_list":["post-12","page","type-page","status-publish","has-post-thumbnail","hentry"],"acf":[],"_links":{"self":[{"href":"https:\/\/konferenztechnik.de\/ja\/wp-json\/wp\/v2\/pages\/12","targetHints":{"allow":["GET"]}}],"collection":[{"href":"https:\/\/konferenztechnik.de\/ja\/wp-json\/wp\/v2\/pages"}],"about":[{"href":"https:\/\/konferenztechnik.de\/ja\/wp-json\/wp\/v2\/types\/page"}],"author":[{"embeddable":true,"href":"https:\/\/konferenztechnik.de\/ja\/wp-json\/wp\/v2\/users\/1"}],"replies":[{"embeddable":true,"href":"https:\/\/konferenztechnik.de\/ja\/wp-json\/wp\/v2\/comments?post=12"}],"version-history":[{"count":0,"href":"https:\/\/konferenztechnik.de\/ja\/wp-json\/wp\/v2\/pages\/12\/revisions"}],"wp:featuredmedia":[{"embeddable":true,"href":"https:\/\/konferenztechnik.de\/ja\/wp-json\/wp\/v2\/media\/45482"}],"wp:attachment":[{"href":"https:\/\/konferenztechnik.de\/ja\/wp-json\/wp\/v2\/media?parent=12"}],"curies":[{"name":"wp","href":"https:\/\/api.w.org\/{rel}","templated":true}]}}