{"id":12352,"date":"2018-02-06T10:01:08","date_gmt":"2018-02-06T09:01:08","guid":{"rendered":"https:\/\/www.konferenztechnik.de\/?page_id=12352"},"modified":"2018-02-06T10:01:08","modified_gmt":"2018-02-06T09:01:08","slug":"%e3%83%9c%e3%83%83%e3%82%b7%e3%83%a5%e3%83%bb%e3%83%87%e3%82%a3%e3%82%bb%e3%83%b3%e3%83%86%e3%82%a3%e3%82%b9%e3%83%bb%e3%82%a4%e3%83%87%e3%83%83%e3%82%af","status":"publish","type":"page","link":"https:\/\/konferenztechnik.de\/ja\/%e3%83%9c%e3%83%83%e3%82%b7%e3%83%a5%e3%83%bb%e3%83%87%e3%82%a3%e3%82%bb%e3%83%b3%e3%83%86%e3%82%a3%e3%82%b9%e3%83%bb%e3%82%a4%e3%83%87%e3%83%83%e3%82%af\/","title":{"rendered":"\u30dc\u30c3\u30b7\u30e5\u30fb\u30c7\u30a3\u30bb\u30f3\u30c6\u30a3\u30b9 IDESK"},"content":{"rendered":"<h1>Bosch Dicentis IDESK \u2013 \u901a\u8a33\u30bd\u30ea\u30e5\u30fc\u30b7\u30e7\u30f3<\/h1>\n<div class=\"call-action-slider-img\">\n<p><img decoding=\"async\" src=\"https:\/\/konferenztechnik.de\/wp-content\/uploads\/2018\/02\/bosch-dicentis-dolmetschpult-i-desk.jpg\" alt=\"Bosch Dicentis IDESK\u901a\u8a33\u30b3\u30f3\u30bd\u30fc\u30eb\u3092\u30d6\u30fc\u30b9\u306b\u8a2d\u7f6e\" class=\"alignleft size-full wp-image-12412\" title=\"\"><\/p>\n<p><button class=\"bbtn popmake-12386\">\u898b\u7a4d\u3082\u308a\u4f9d\u983c &amp;#x9B\uff1b<\/button>\n<\/div>\n<p>DICENTIS\u30a4\u30f3\u30bf\u30fc\u30d7\u30ea\u30bf\u30fb\u30b3\u30f3\u30bd\u30fc\u30eb\uff08I-DESK\uff09\u306f\u3001\u30dc\u30c3\u30b7\u30e5\u306e\u65b0\u3057\u3044\u30a4\u30f3\u30bf\u30fc\u30d7\u30ea\u30bf\u30fb\u30b3\u30f3\u30bd\u30fc\u30eb\u3067\u3059\u3002\u3053\u308c\u306fBosch Dicentis\u88fd\u54c1\u30d5\u30a1\u30df\u30ea\u30fc\u306e\u4e00\u90e8\u3067\u3042\u308a\u3001Dicentis\u30a4\u30f3\u30bf\u30fc\u30d7\u30ea\u30bf\u30fc\u30fb\u30bd\u30ea\u30e5\u30fc\u30b7\u30e7\u30f3\u30fb\u30b7\u30b9\u30c6\u30e0\u306b\u62e1\u5f35\u3055\u308c\u307e\u3059\u3002<br \/>\n\u30dc\u30c3\u30b7\u30e5\u306fDICENTIS\u901a\u8a33\u30b3\u30f3\u30bd\u30fc\u30eb\uff08I-DESK\uff09\u306b\u3088\u308a\u3001\u8fd1\u5e74\u306e\u901a\u8a33\u6280\u8853\u306b\u5bfe\u3059\u308b\u5e02\u5834\u306e\u8981\u6c42\u306e\u5909\u5316\u306b\u5bfe\u5fdc\u3057\u3066\u3044\u307e\u3059\u3002\u3053\u308c\u306b\u306f\u3001\u6700\u5927100\u8a00\u8a9e\u3078\u306e\u5bfe\u5fdc\uff08\u7279\u306bEU\u30ec\u30d9\u30eb\u3067\u91cd\u8981\uff09\u3001\u901a\u8a33\u6280\u8853\u306b\u95a2\u3059\u308bISO\u898f\u683c\u3078\u306e\u9069\u5408\u3001\u8a2d\u7f6e\u304a\u3088\u3073\u30b7\u30b9\u30c6\u30e0\u7d71\u5408\u306b\u95a2\u3059\u308b\u6280\u8853\u8981\u4ef6\u306a\u3069\u304c\u542b\u307e\u308c\u307e\u3059(<a href=\"https:\/\/de.wikipedia.org\/wiki\/Dante_(Netzwerkprotokoll)\" target=\"_blank\" rel=\"noopener noreferrer\">\u30ad\u30fc\u30ef\u30fc\u30c9: DANTE<\/a>).\u30c7\u30a3\u30bb\u30f3\u30c6\u30a3\u30b9\u901a\u8a33\u30b7\u30b9\u30c6\u30e0\u306f2018\u5e74\u590f\u306b\u767a\u58f2\u3055\u308c\u308b\u4e88\u5b9a\u3067\u3059\u304c\u3001\u3059\u3067\u306b\u30b7\u30b9\u30c6\u30e0\u306e\u6700\u3082\u91cd\u8981\u306a\u6a5f\u80fd\u3068\u30b3\u30f3\u30dd\u30fc\u30cd\u30f3\u30c8\u3092\u307e\u3068\u3081\u307e\u3057\u305f\u3002<\/p>\n<h2>DICENTIS\uff08I-DESK\uff09\u30a4\u30f3\u30bf\u30fc\u30d7\u30ea\u30bf\u30fb\u30b3\u30f3\u30bd\u30fc\u30eb\u306e\u30cf\u30a4\u30e9\u30a4\u30c8<\/h2>\n<p>[column size=\"1-2\u2033 last=\"0\u2033\uff3d\u3002<img fetchpriority=\"high\" decoding=\"async\" width=\"850\" height=\"680\" src=\"https:\/\/konferenztechnik.de\/wp-content\/uploads\/2018\/01\/bosch-dicentis-i-desk-2.jpg\" alt=\"\u30dc\u30c3\u30b7\u30e5 \u30c7\u30a3\u30bb\u30f3\u30c6\u30a3\u30b9 DCNM-IDESK \u30d5\u30ed\u30f3\u30c8\" class=\"alignleft size-full wp-image-12425\" title=\"\" srcset=\"https:\/\/konferenztechnik.de\/wp-content\/uploads\/2018\/01\/bosch-dicentis-i-desk-2.jpg 850w, https:\/\/konferenztechnik.de\/wp-content\/uploads\/2018\/01\/bosch-dicentis-i-desk-2-300x240.jpg 300w, https:\/\/konferenztechnik.de\/wp-content\/uploads\/2018\/01\/bosch-dicentis-i-desk-2-768x614.jpg 768w\" sizes=\"(max-width: 850px) 100vw, 850px\" \/>[\u30b3\u30e9\u30e0\uff3d<br \/>\n[column size=\"1-2\u2033 last=\"0\u2033\uff3d\u3002<img decoding=\"async\" width=\"850\" height=\"680\" src=\"https:\/\/konferenztechnik.de\/wp-content\/uploads\/2018\/01\/digitales-dolmetschpult-bosch-dicentis-b-1.jpg\" alt=\"\u30c7\u30b8\u30bf\u30eb\u901a\u8a33\u30c7\u30b9\u30af \u30dc\u30c3\u30b7\u30e5 \u30c7\u30a3\u30bb\u30f3\u30c6\u30a3\u30b9 \u8a73\u7d30\" class=\"alignleft size-full wp-image-12427\" title=\"\" srcset=\"https:\/\/konferenztechnik.de\/wp-content\/uploads\/2018\/01\/digitales-dolmetschpult-bosch-dicentis-b-1.jpg 850w, https:\/\/konferenztechnik.de\/wp-content\/uploads\/2018\/01\/digitales-dolmetschpult-bosch-dicentis-b-1-300x240.jpg 300w, https:\/\/konferenztechnik.de\/wp-content\/uploads\/2018\/01\/digitales-dolmetschpult-bosch-dicentis-b-1-768x614.jpg 768w\" sizes=\"(max-width: 850px) 100vw, 850px\" \/>[\u30b3\u30e9\u30e0\uff3d<br \/>\n[column size=\"1-2\u2033 last=\"0\u2033\uff3d\u3002<img decoding=\"async\" width=\"850\" height=\"654\" src=\"https:\/\/konferenztechnik.de\/wp-content\/uploads\/2018\/01\/i-desk-detail.jpg\" alt=\"\u30c7\u30a3\u30bb\u30f3\u30c6\u30a3\u30b9IDESK\u8a73\u7d30\u56f3\" class=\"alignleft size-full wp-image-12363\" title=\"\" srcset=\"https:\/\/konferenztechnik.de\/wp-content\/uploads\/2018\/01\/i-desk-detail.jpg 850w, https:\/\/konferenztechnik.de\/wp-content\/uploads\/2018\/01\/i-desk-detail-300x231.jpg 300w, https:\/\/konferenztechnik.de\/wp-content\/uploads\/2018\/01\/i-desk-detail-768x591.jpg 768w\" sizes=\"(max-width: 850px) 100vw, 850px\" \/>[\u30b3\u30e9\u30e0\uff3d<\/p>\n<p>[list icon=\"moon-checkmark\" color=\"#a62055\u2033]\u6700\u5927100\u8a00\u8a9e\u3092\u30b5\u30dd\u30fc\u30c8[\/list]\u3002<br \/>\n[\u30ea\u30b9\u30c8\u30a2\u30a4\u30b3\u30f3=\"moon-checkmark\" \u30ab\u30e9\u30fc=\"#a62055\u2033]7\u30a4\u30f3\u30c1TFT\u30c7\u30a3\u30b9\u30d7\u30ec\u30a4 800 * 480[\/list]<br \/>\n[\u30ea\u30b9\u30c8\u30a2\u30a4\u30b3\u30f3=\"moon-checkmark\" \u30ab\u30e9\u30fc=\"#a62055\u2033]\u30d7\u30ec\u30bc\u30f3\u30c6\u30fc\u30b7\u30e7\u30f3\u3084\u30d3\u30c7\u30aa\u7528\u306eHDMI\u30d3\u30c7\u30aa\u51fa\u529b\uff08DCNM-IDESKVID\u306e\u307f\uff09[\/list]\u3002<br \/>\n[list icon=\"moon-checkmark\" color=\"#a62055\u2033]7\u3064\u306e\u30a4\u30f3\u30d0\u30a6\u30f3\u30c9\u8a00\u8a9e\u30ea\u30ec\u30fc\u30683\u3064\u306e\u30a2\u30a6\u30c8\u30d0\u30a6\u30f3\u30c9\u8a00\u8a9e[\/list]\u3002<br \/>\n[\u30ea\u30b9\u30c8\u30a2\u30a4\u30b3\u30f3=\"moon-checkmark\" \u30ab\u30e9\u30fc=\"#a62055\u2033]\u500b\u4eba\u8a2d\u5b9a\u306b\u30a2\u30af\u30bb\u30b9\u3059\u308b\u305f\u3081\u306e\u5185\u8535NFC\u30ea\u30fc\u30c0\u30fc[\/list]\u3002<br \/>\n[\u30ea\u30b9\u30c8\u30a2\u30a4\u30b3\u30f3=\"moon-checkmark\" \u30ab\u30e9\u30fc=\"#a62055\u2033]3\u3064\u306e\u30d8\u30c3\u30c9\u30d5\u30a9\u30f3\u51fa\u529b\uff08\u5074\u9762\u306b2\u3064\u3001\u5e95\u9762\u306b1\u3064\uff09[\/list]\u3002<br \/>\n[list icon=\"moon-checkmark\" color=\"#a62055\u2033]\u30d7\u30e9\u30b0\u30a4\u30f3\u30fb\u30de\u30a4\u30af\u30ed\u30d5\u30a9\u30f3[\/list]\u3002<br \/>\n[\u30ea\u30b9\u30c8\u30a2\u30a4\u30b3\u30f3=\"moon-checkmark\" \u30ab\u30e9\u30fc=\"#a62055\u2033]\u3042\u3089\u304b\u3058\u3081\u5b9a\u7fa9\u3055\u308c\u305f\u30d8\u30c3\u30c9\u30db\u30f3\u3068\u30d8\u30c3\u30c9\u30bb\u30c3\u30c8\u306b\u3088\u308b\u8074\u899a\u4fdd\u8b77[\/list]\u3002<\/p>\n<p>[spacer size=\"20\u2033]<\/p>\n<h2>\u30e2\u30c7\u30eb\u30d0\u30ea\u30a8\u30fc\u30b7\u30e7\u30f3 \u30c7\u30a3\u30bb\u30f3\u30c6\u30a3\u30b9IDESK\u304a\u3088\u3073IDESKVID<\/h2>\n<p><img loading=\"lazy\" decoding=\"async\" width=\"850\" height=\"414\" src=\"https:\/\/konferenztechnik.de\/wp-content\/uploads\/2018\/01\/bosch-dicentis-interpreting-i-desk-2.jpg\" alt=\"\u30dc\u30c3\u30b7\u30e5\u30fb\u30c7\u30a3\u30bb\u30f3\u30c6\u30a3\u30b9\u30fb\u30a4\u30f3\u30bf\u30fc\u30d7\u30ea\u30c6\u30a3\u30f3\u30b0 DCNM-IDESKVID\" class=\"alignleft size-full wp-image-12423\" title=\"\" srcset=\"https:\/\/konferenztechnik.de\/wp-content\/uploads\/2018\/01\/bosch-dicentis-interpreting-i-desk-2.jpg 850w, https:\/\/konferenztechnik.de\/wp-content\/uploads\/2018\/01\/bosch-dicentis-interpreting-i-desk-2-300x146.jpg 300w, https:\/\/konferenztechnik.de\/wp-content\/uploads\/2018\/01\/bosch-dicentis-interpreting-i-desk-2-768x374.jpg 768w\" sizes=\"(max-width: 850px) 100vw, 850px\" \/> <\/p>\n<p>\u30dc\u30c3\u30b7\u30e5\u306e\u901a\u8a33\u30b3\u30f3\u30bd\u30fc\u30eb\u306f\u30012\u3064\u306e\u30e2\u30c7\u30eb\u30d0\u30ea\u30a8\u30fc\u30b7\u30e7\u30f3\u3067\u63d0\u4f9b\u3055\u308c\u308b\uff1aDICENTIS\uff08I-DESK\uff09\u3068DICENTIS\uff08IDESKVID\uff09\u3067\u3059\u3002I-DESK VID (=Video)\u306fHDMI\u30d3\u30c7\u30aa\u51fa\u529b\u3082\u5099\u3048\u3066\u3044\u307e\u3059\u3002\u3053\u308c\u306b\u3088\u308a\u3001\u901a\u8a33\u30b3\u30f3\u30bd\u30fc\u30eb\u306b\u30c7\u30a3\u30b9\u30d7\u30ec\u30a4\u3092\u63a5\u7d9a\u3059\u308b\u3053\u3068\u304c\u3067\u304d\u307e\u3059\u3002\u30d7\u30ec\u30bc\u30f3\u30c6\u30fc\u30b7\u30e7\u30f3\u3001\u30d3\u30c7\u30aa\u3001\u753b\u50cf\u306f\u3001\u30c7\u30a3\u30b9\u30d7\u30ec\u30a4\u4e0a\u306e\u901a\u8a33\u8005\u306b\u76f4\u63a5\u9001\u4fe1\u3059\u308b\u3053\u3068\u304c\u3067\u304d\u307e\u3059\u3002\u63a5\u7d9a\u306b\u306f\u6a19\u6e96\u7684\u306aCAT\u30b1\u30fc\u30d6\u30eb\u3092\u4f7f\u7528\u3057\u307e\u3059\u3002<\/p>\n<p>[spacer size=\"20\u2033]<\/p>\n<h2>\u305d\u306e\u4ed6\u306eDICENTIS INTERPRETING Solution\u30c7\u30d0\u30a4\u30b9<\/h2>\n<p>[spacer size=\"20\u2033]<br \/>\n<img loading=\"lazy\" decoding=\"async\" width=\"850\" height=\"287\" src=\"https:\/\/konferenztechnik.de\/wp-content\/uploads\/2018\/01\/audio-powering-switch-windows-server.jpg\" alt=\"Bosch Dicentis\u30aa\u30fc\u30c7\u30a3\u30aa\u30d1\u30ef\u30fc\u30b9\u30a4\u30c3\u30c1\uff08APS\uff09\u3068Windows\u30b5\u30fc\u30d0\u30fc\" class=\"size-full wp-image-12376\" title=\"\" srcset=\"https:\/\/konferenztechnik.de\/wp-content\/uploads\/2018\/01\/audio-powering-switch-windows-server.jpg 850w, https:\/\/konferenztechnik.de\/wp-content\/uploads\/2018\/01\/audio-powering-switch-windows-server-300x101.jpg 300w, https:\/\/konferenztechnik.de\/wp-content\/uploads\/2018\/01\/audio-powering-switch-windows-server-768x259.jpg 768w\" sizes=\"(max-width: 850px) 100vw, 850px\" \/><br \/>\n[spacer size=\"20\u2033]<\/p>\n<h3>\u30dc\u30c3\u30b7\u30e5ServerOS\u3068PC<\/h3>\n<p>\u30dc\u30c3\u30b7\u30e5\u72ec\u81ea\u306eServerOS\u30bd\u30d5\u30c8\u30a6\u30a7\u30a2\u306f\u3001\u4fe1\u53f7\u306e\u30eb\u30fc\u30c6\u30a3\u30f3\u30b0\u3001\u63a5\u7d9a\u3055\u308c\u305f\u30c7\u30d0\u30a4\u30b9\u306e\u7ba1\u7406\u30fb\u5236\u5fa1\u3001\u7d50\u679c\u306e\u30c7\u30fc\u30bf\u51e6\u7406\u306b\u4f7f\u7528\u3055\u308c\u307e\u3059\u3002\u3053\u308c\u306f\u3001\u30c7\u30a3\u30bb\u30f3\u30c6\u30a3\u30b9\u901a\u8a33\u30bd\u30ea\u30e5\u30fc\u30b7\u30e7\u30f3\u306e\u4e2d\u6838\u3092\u306a\u3059\u3082\u306e\u3067\u3059\u3002Bosch ServerOS\u304c\u30d7\u30ea\u30a4\u30f3\u30b9\u30c8\u30fc\u30eb\u3055\u308c\u3001\u8a2d\u5b9a\u3055\u308c\u305f\u30e9\u30c3\u30af\u578bWindows\u30b5\u30fc\u30d0\u30fc\u306f\u3001Bosch\u304b\u3089\u5165\u624b\u53ef\u80fd\u3067\u3059\u3002\n<\/p>\n<p>[spacer size=\"20\u2033]<\/p>\n<h3>\u30dc\u30c3\u30b7\u30e5\u30fb\u30c7\u30a3\u30bb\u30f3\u30c6\u30a3\u30b9\u30fb\u30aa\u30fc\u30c7\u30a3\u30aa\u30d1\u30ef\u30fc\u30b9\u30a4\u30c3\u30c1\uff08APS2\uff09<\/h3>\n<p>\u30aa\u30fc\u30c7\u30a3\u30aa\u30d1\u30ef\u30fc\u30b9\u30a4\u30c3\u30c1(APS2)\u306f\u3001\u30c7\u30a3\u30bb\u30f3\u30c6\u30a3\u30b9\u30b7\u30b9\u30c6\u30e0\u5185\u306e\u30aa\u30fc\u30c7\u30a3\u30aa\u4fe1\u53f7\u306e\u30eb\u30fc\u30c6\u30a3\u30f3\u30b0\u3082\u62c5\u5f53\u3057\u307e\u3059\u3002\u307e\u305f\u3001\u96fb\u6e90\u4f9b\u7d66\u30e6\u30cb\u30c3\u30c8\u3068\u3057\u3066\u3082\u6a5f\u80fd\u3057\u3001\u30c7\u30a3\u30bb\u30f3\u30c6\u30a3\u30b9\u30b7\u30b9\u30c6\u30e0\u306b\u7d44\u307f\u8fbc\u307e\u308c\u305f\u3059\u3079\u3066\u306e\u6a5f\u5668\u306b\u5fc5\u8981\u306a\u96fb\u5727\u3092\u4f9b\u7d66\u3057\u307e\u3059\u3002\u5916\u90e8\u30aa\u30fc\u30c7\u30a3\u30aa\u4fe1\u53f7\u306f\u30014\u3064\u306eXLR\u63a5\u7d9a\uff082\u30a4\u30f3\u30012\u30a2\u30a6\u30c8\uff09\u3092\u4ecb\u3057\u3066\u5165\u529b\u3059\u308b\u3053\u3068\u3082\u3001\u30b5\u30a6\u30f3\u30c9\u3092\u5916\u90e8\u30bd\u30fc\u30b9\u306b\u51fa\u529b\u3059\u308b\u3053\u3068\u3082\u3067\u304d\u307e\u3059\u3002 <\/p>\n<p>[spacer size=\"20\u2033]<\/p>\n<h2>DICENTIS\u30bd\u30d5\u30c8\u30a6\u30a7\u30a2\u30fb\u30e2\u30b8\u30e5\u30fc\u30eb<\/h2>\n<p>[spacer size=\"20\u2033]<br \/>\n<img loading=\"lazy\" decoding=\"async\" width=\"1032\" height=\"740\" src=\"https:\/\/konferenztechnik.de\/wp-content\/uploads\/2018\/01\/pult-workflow.jpg\" alt=\"\u30dc\u30c3\u30b7\u30e5Dicentis\u306e\u4fe1\u53f7\u30d5\u30ed\u30fc\u3068\u30b7\u30b9\u30c6\u30e0\u8a2d\u8a08\" class=\"alignleft size-full wp-image-12421\" title=\"\" srcset=\"https:\/\/konferenztechnik.de\/wp-content\/uploads\/2018\/01\/pult-workflow.jpg 1032w, https:\/\/konferenztechnik.de\/wp-content\/uploads\/2018\/01\/pult-workflow-300x215.jpg 300w, https:\/\/konferenztechnik.de\/wp-content\/uploads\/2018\/01\/pult-workflow-1024x734.jpg 1024w, https:\/\/konferenztechnik.de\/wp-content\/uploads\/2018\/01\/pult-workflow-768x551.jpg 768w\" sizes=\"(max-width: 1032px) 100vw, 1032px\" \/><br \/>\n[spacer size=\"10\u2033]<\/p>\n<p>Dicentis\u30b7\u30b9\u30c6\u30e0\u306f\u3001\u5225\u9014\u5165\u624b\u53ef\u80fd\u306a\u30bd\u30d5\u30c8\u30a6\u30a7\u30a2\u30e2\u30b8\u30e5\u30fc\u30eb\u3092\u4f7f\u7528\u3057\u3066\u3001\u30b3\u30f3\u30d4\u30e5\u30fc\u30bf\u30fc\u304b\u3089\u5236\u5fa1\u3001\u8a2d\u5b9a\u3001DANTE\u30b7\u30b9\u30c6\u30e0\u3078\u306e\u7d71\u5408\u304c\u53ef\u80fd\u3067\u3059\u3002<\/p>\n<h3>DICENTIS\u30b7\u30b9\u30c6\u30e0\u30fb\u30b5\u30fc\u30d0\u30fc\u30fb\u30bd\u30d5\u30c8\u30a6\u30a7\u30a2\u30fb\u30e9\u30a4\u30bb\u30f3\u30b9\uff08DCNM-LSYS\uff09<\/h3>\n<p>DICENTIS\u30a4\u30f3\u30bf\u30fc\u30d7\u30ea\u30bf\u30c7\u30b9\u30af\u3092\u30b5\u30dd\u30fc\u30c8\u3057\u3001\u30a4\u30f3\u30b9\u30c8\u30fc\u30eb\u3084\u8a2d\u5b9a\u306e\u969b\u306b\u5f79\u7acb\u3061\u307e\u3059\u3002<br \/>\n[spacer size=\"20\u2033]<\/p>\n<h3>DICENTIS\u540c\u6642\u901a\u8a33\u30e9\u30a4\u30bb\u30f3\u30b9\uff08DCNM-LIN\uff09<\/h3>\n<p>Bosch Meeting\u30a2\u30d7\u30ea\u30b1\u30fc\u30b7\u30e7\u30f3\u306b\u540c\u6642\u901a\u8a33\u306e\u6e96\u5099\u3068\u7ba1\u7406\u6a5f\u80fd\u3092\u8ffd\u52a0\uff1a<\/p>\n<p>\u69cb\u6210\uff1a\u30b7\u30b9\u30c6\u30e0\u3001\u30d6\u30fc\u30b9\u3001\u901a\u8a33\u30c7\u30b9\u30af\u306e\u69cb\u6210<br \/>\n\u6e96\u5099\uff1a\u4f1a\u8b70\u306b\u5fc5\u8981\u306a\u8a00\u8a9e\u6570\u306e\u5b9a\u7fa9<br \/>\n\u7ba1\u7406\uff1a\u901a\u8a33\u30c7\u30b9\u30af\u306e\u9060\u9694\u64cd\u4f5c<\/p>\n<p>[spacer size=\"20\u2033]<\/p>\n<h3>DICENTIS Dante\u30bd\u30d5\u30c8\u30a6\u30a7\u30a2\u30fb\u30e9\u30a4\u30bb\u30f3\u30b9 (DCNM-LSDANTE)<\/h3>\n<p>\u3053\u306e\u30e2\u30b8\u30e5\u30fc\u30eb\u306b\u3088\u308a\u3001Dicentis IDESK\u306e\u540c\u6642\u30c1\u30e3\u30f3\u30cd\u30eb\u3092DANTE\u30b7\u30b9\u30c6\u30e0\u306b\u76f4\u63a5\u4f9b\u7d66\u3059\u308b\u3053\u3068\u304c\u53ef\u80fd\u306b\u306a\u308a\u307e\u3059\u3002<br \/>\n[spacer size=\"20\u2033]<\/p>\n<h2>Bosch IDESK DICENTIS\u3068\u901a\u8a33\u30b7\u30b9\u30c6\u30e0\u306f\u3044\u3064\u767a\u58f2\u3055\u308c\u307e\u3059\u304b\uff1f<\/h2>\n<p>[spacer size=\"20\u2033]<\/p>\n<div class=\"call-action-slider-img\">\n<p><img loading=\"lazy\" decoding=\"async\" width=\"850\" height=\"373\" src=\"https:\/\/konferenztechnik.de\/wp-content\/uploads\/2018\/02\/bosch-dicentis-all-products.jpg\" alt=\"\u30dc\u30c3\u30b7\u30e5 \u30c7\u30a3\u30bb\u30f3\u30c6\u30a3\u30b9 DCNM-IDESKVID \u304a\u3088\u3073\u3059\u3079\u3066\u306e\u88fd\u54c1\" class=\"alignleft size-full wp-image-12354\" title=\"\"><br \/>\n<button class=\"bbtn popmake-12386\">\u898b\u7a4d\u3082\u308a\u4f9d\u983c &amp;#x9B\uff1b<\/button>\n<\/div>\n<p>[list icon=\"moon-checkmark\" color=\"#a62055\u2033]\u88fd\u54c1\u306e\u30d7\u30ec\u30bc\u30f3\u30c6\u30fc\u30b7\u30e7\u30f3\uff1aISE 2018\u898b\u672c\u5e02\uff082018\u5e742\u6708\uff09[\/list]<br \/>\n[list icon=\"moon-checkmark\" color=\"#a62055\u2033]\u8ca9\u58f2\u958b\u59cb\u4e88\u5b9a\uff1a2018\u5e74\u590f[\/list]\u3002<br \/>\n[list icon=\"moon-checkmark\" color=\"#a62055\u2033]\u5168\u6a5f\u80fd\u306e\u6700\u7d42\u7d71\u5408\uff1a2019\u5e74\u7b2c2\u56db\u534a\u671f[\/list\uff3d<\/p>\n<p>[spacer size=\"20\u2033]<\/p>\n<h2>\u30ea\u30f3\u30af\u3068\u8a73\u7d30\u60c5\u5831<\/h2>\n<ul>\n<li><a href=\"https:\/\/konferenztechnik.de\/ja\/%e3%83%9c%e3%83%83%e3%82%b7%e3%83%a5%e3%83%bb%e3%83%87%e3%82%a3%e3%82%bb%e3%83%b3%e3%83%86%e3%82%a3%e3%82%b9%e3%83%bb%e3%82%a4%e3%83%87%e3%83%83%e3%82%af%e3%81%ae%e3%83%86%e3%82%b9%e3%83%88%e3%83%ac\/\">PCS\u306b\u3088\u308b\u30c7\u30a3\u30bb\u30f3\u30c6\u30a3\u30b9IDESK\u306e\u30c6\u30b9\u30c8\u30ec\u30dd\u30fc\u30c8<\/a><\/li>\n<li><a href=\"https:\/\/konferenztechnik.de\/ja\/%e3%83%9c%e3%83%83%e3%82%b7%e3%83%a5%e3%83%bb%e3%83%87%e3%82%a3%e3%82%bb%e3%83%b3%e3%83%86%e3%82%a3%e3%82%b9\/\">\u30dc\u30c3\u30b7\u30e5 \u30c7\u30a3\u30bb\u30f3\u30c6\u30a3\u30b9 \u2013 ISE 2018\u306e\u30a4\u30f3\u30d7\u30ec\u30c3\u30b7\u30e7\u30f3<\/a><\/li>\n<li><a href=\"https:\/\/konferenztechnik.de\/ja\/pcs%e3%81%af%e3%83%9c%e3%83%83%e3%82%b7%e3%83%a5%e3%81%ae%e6%ad%a3%e8%a6%8f%e3%83%91%e3%83%bc%e3%83%88%e3%83%8a%e3%83%bc%e3%81%a7%e3%81%99%e3%80%82\/\">PCS\u306f\u30dc\u30c3\u30b7\u30e5\u306e\u6b63\u898f\u8ca9\u58f2\u5e97\u3067\u3059<\/a><\/li>\n<li><a href=\"https:\/\/konferenztechnik.de\/ja\/%e4%bc%9a%e8%ad%b0%e3%81%8a%e3%82%88%e3%81%b3av%e3%83%a1%e3%83%87%e3%82%a3%e3%82%a2%e6%8a%80%e8%a1%93%e3%81%ae%e9%85%8d%e5%b8%83\/%e9%80%9a%e8%a8%b3%e3%82%b7%e3%82%b9%e3%83%86%e3%83%a0-2\/\">\u901a\u8a33\u30b7\u30b9\u30c6\u30e0\u306b\u95a2\u3059\u308b\u60c5\u5831<\/a>\n<\/ul>","protected":false},"excerpt":{"rendered":"<p>Bosch Dicentis IDESK \u2013 Interpreter Solutions Angebot anfordern &#x9B; Das DICENTIS Dolmetschpult (I-DESK) ist das neue Dolmetscherpult der Firma Bosch. Es ist Teil der Bosch Dicentis-Produktfamilie und erweitert diese zum Dicentis-Interpreter-Solution-System. Mit dem DICENTIS Dolmetschpult (I-DESK) reagiert Bosch auf die sich in den letzten Jahren ge\u00e4nderten Markt-Anforderungen f\u00fcr Dolmetschertechnik. Dazu geh\u00f6rt die Unterst\u00fctzung von bis zu 100 Sprachen (wichtig gerade auf EU-Ebene), die Erf\u00fcllungen der ISO Standards f\u00fcr Dolmetschertechnik und den technischen Anforderungen bei Installationen wie auch in der Systemintegration (Stichwort: DANTE). Verkaufsstart f\u00fcr das Dicentis-Dolmetschsystem ist im Sommer 2018. Wir haben f\u00fcr Sie schon die wichtigsten Funktionen und Komponenten des Systems zusammengestellt. Highlights des DICENTIS (I-DESK) Dolmetscherpults [column size=&#8220;1-3&#8243; [&hellip;]<\/p>","protected":false},"author":1,"featured_media":45482,"parent":0,"menu_order":0,"comment_status":"closed","ping_status":"closed","template":"page-right-sidebar.php","meta":{"_acf_changed":false,"footnotes":""},"class_list":["post-12352","page","type-page","status-publish","has-post-thumbnail","hentry"],"acf":[],"_links":{"self":[{"href":"https:\/\/konferenztechnik.de\/ja\/wp-json\/wp\/v2\/pages\/12352","targetHints":{"allow":["GET"]}}],"collection":[{"href":"https:\/\/konferenztechnik.de\/ja\/wp-json\/wp\/v2\/pages"}],"about":[{"href":"https:\/\/konferenztechnik.de\/ja\/wp-json\/wp\/v2\/types\/page"}],"author":[{"embeddable":true,"href":"https:\/\/konferenztechnik.de\/ja\/wp-json\/wp\/v2\/users\/1"}],"replies":[{"embeddable":true,"href":"https:\/\/konferenztechnik.de\/ja\/wp-json\/wp\/v2\/comments?post=12352"}],"version-history":[{"count":0,"href":"https:\/\/konferenztechnik.de\/ja\/wp-json\/wp\/v2\/pages\/12352\/revisions"}],"wp:featuredmedia":[{"embeddable":true,"href":"https:\/\/konferenztechnik.de\/ja\/wp-json\/wp\/v2\/media\/45482"}],"wp:attachment":[{"href":"https:\/\/konferenztechnik.de\/ja\/wp-json\/wp\/v2\/media?parent=12352"}],"curies":[{"name":"wp","href":"https:\/\/api.w.org\/{rel}","templated":true}]}}