{"id":1245,"date":"2013-08-23T11:26:53","date_gmt":"2013-08-23T09:26:53","guid":{"rendered":"https:\/\/pcs-miete.de\/?page_id=1245"},"modified":"2023-07-05T10:48:18","modified_gmt":"2023-07-05T08:48:18","slug":"%e3%83%93%e3%82%b8%e3%83%a5%e3%82%a2%e3%83%a9%e3%82%a4%e3%82%b6%e3%83%bc","status":"publish","type":"page","link":"https:\/\/konferenztechnik.de\/ja\/%e4%bc%9a%e8%ad%b0%e3%81%8a%e3%82%88%e3%81%b3av%e3%83%a1%e3%83%87%e3%82%a3%e3%82%a2%e6%8a%80%e8%a1%93%e3%81%ae%e9%85%8d%e5%b8%83\/%e3%83%93%e3%83%87%e3%82%aa%e6%8a%80%e8%a1%93\/%e3%83%93%e3%82%b8%e3%83%a5%e3%82%a2%e3%83%a9%e3%82%a4%e3%82%b6%e3%83%bc\/","title":{"rendered":"\u30d3\u30b8\u30e5\u30a2\u30e9\u30a4\u30b6\u30fc"},"content":{"rendered":"<div data-elementor-type=\"wp-page\" data-elementor-id=\"1245\" class=\"elementor elementor-1245\" data-elementor-post-type=\"page\">\n\t\t\t\t\t\t<section data-particle_enable=\"false\" data-particle-mobile-disabled=\"false\" class=\"elementor-section elementor-top-section elementor-element elementor-element-ff88ff4 elementor-section-boxed elementor-section-height-default elementor-section-height-default\" data-id=\"ff88ff4\" data-element_type=\"section\">\n\t\t\t\t\t\t<div class=\"elementor-container elementor-column-gap-default\">\n\t\t\t\t\t<div class=\"elementor-column elementor-col-100 elementor-top-column elementor-element elementor-element-7892d15b\" data-id=\"7892d15b\" data-element_type=\"column\">\n\t\t\t<div class=\"elementor-widget-wrap elementor-element-populated\">\n\t\t\t\t\t\t<div class=\"elementor-element elementor-element-255320ba elementor-widget elementor-widget-text-editor\" data-id=\"255320ba\" data-element_type=\"widget\" data-widget_type=\"text-editor.default\">\n\t\t\t\t<div class=\"elementor-widget-container\">\n\t\t\t\t\t\t\t\t\t<h1>\u30d3\u30b8\u30e5\u30a2\u30e9\u30a4\u30b6\u30fc<\/h1>\n\u30d3\u30b8\u30e5\u30a2\u30e9\u30a4\u30b6\u30fc\u3068\u306f\uff1f\n\u30d3\u30b8\u30e5\u30a2\u30e9\u30a4\u30b6\u30fc\u306f\u3001\u3042\u3089\u3086\u308b\u7a2e\u985e\u306e\u30c6\u30f3\u30d7\u30ec\u30fc\u30c8\uff08\u672c\u3001\u5199\u771f\u3001\u7acb\u4f53\u7269\u306a\u3069\uff09\u3092\u7d20\u65e9\u304f\u7c21\u5358\u306b\u53d6\u308a\u8fbc\u307f\u3001\u30d7\u30ed\u30b8\u30a7\u30af\u30bf\u30fc\u3001\u30e2\u30cb\u30bf\u30fc\u3001\u30c7\u30b8\u30bf\u30eb\u30db\u30ef\u30a4\u30c8\u30dc\u30fc\u30c9\u3001\u30d3\u30c7\u30aa\u4f1a\u8b70\u30b7\u30b9\u30c6\u30e0\u306a\u3069\u306b\u9ad8\u89e3\u50cf\u5ea6\u306e\u753b\u50cf\u3092\u63d0\u4f9b\u3057\u307e\u3059\u3002\n\u30d3\u30b8\u30e5\u30a2\u30e9\u30a4\u30b6\u30fc\u306e\u4ee3\u8868\u7684\u306a\u7528\u9014\u306b\u306f\u3001\u30c8\u30ec\u30fc\u30cb\u30f3\u30b0\u30b3\u30fc\u30b9\u3001\u4f1a\u8b70\u3001\u30bb\u30df\u30ca\u30fc\u3001\u88fd\u54c1\u30d7\u30ec\u30bc\u30f3\u30c6\u30fc\u30b7\u30e7\u30f3\u306a\u3069\u304c\u3042\u308a\u307e\u3059\u3002\u307e\u305f\u3001\u6cd5\u5ef7\u3067\u306e\u8a3c\u62e0\u63d0\u793a\u3001\u69d8\u3005\u306a\u533b\u7642\u7528\u9014\uff08\u9060\u9694\u533b\u7642\u3001\u9060\u9694\u75c5\u7406\u5b66\u3001X\u7dda\u753b\u50cf\u306a\u3069\uff09\u306b\u3082\u4f7f\u7528\u3055\u308c\u307e\u3059\u3002\n<h2>\u30c7\u30b9\u30af\u30c8\u30c3\u30d7\u30fb\u30d3\u30b8\u30e5\u30a2\u30e9\u30a4\u30b6\u30fc \u2013 VZ-9plus\u00b3<\/h2>\n<a href=\"https:\/\/konferenztechnik.de\/wp-content\/uploads\/2013\/09\/wolfvison_desktop_visualizer_vz9plus.jpg\"><img fetchpriority=\"high\" decoding=\"async\" width=\"357\" height=\"436\" src=\"https:\/\/konferenztechnik.de\/wp-content\/uploads\/2013\/09\/wolfvison_desktop_visualizer_vz9plus.jpg\" alt=\"\u30c7\u30b9\u30af\u30c8\u30c3\u30d7\u30d3\u30b8\u30e5\u30a2\u30e9\u30a4\u30b6\u30fc - VZ-9plus\u00b3\" class=\"alignleft size-full wp-image-2626\" title=\"\" srcset=\"https:\/\/konferenztechnik.de\/wp-content\/uploads\/2013\/09\/wolfvison_desktop_visualizer_vz9plus.jpg 357w, https:\/\/konferenztechnik.de\/wp-content\/uploads\/2013\/09\/wolfvison_desktop_visualizer_vz9plus-246x300.jpg 246w\" sizes=\"(max-width: 357px) 100vw, 357px\" \/><\/a>\n\nVZ-9plus\u00b3\u30d3\u30b8\u30e5\u30a2\u30e9\u30a4\u30b6\u30fc\u306f\u3001\u30a6\u30eb\u30d5\u30d3\u30b8\u30e7\u30f3\u306e\u6700\u9ad8\u7d1a\u30dd\u30fc\u30bf\u30d6\u30eb\u30fb\u30d3\u30b8\u30e5\u30a2\u30e9\u30a4\u30b6\u30fc\u3067\u3059\u3002VZ-8\u30d3\u30b8\u30e5\u30a2\u30e9\u30a4\u30b6\u30fc\u30fb\u30b7\u30ea\u30fc\u30ba\u3092\u51cc\u99d5\u3057\u307e\u3059\uff1a\n<ul>\n \t<li>\u3055\u3089\u306b\u4fbf\u5229\u3067\u30e6\u30cb\u30fc\u30af\u306a\u6a5f\u80fd<\/li>\n \t<li>\u3055\u3089\u306b\u4f7f\u3044\u3084\u3059\u304f\u306a\u3063\u305f\uff08\u30aa\u30d6\u30b8\u30a7\u30af\u30c8\u306e\u4f4d\u7f6e\u6c7a\u3081\u304c\u7c21\u5358\u306b\u306a\u3063\u305f\uff09<\/li>\n \t<li>\u3055\u3089\u306b\u5411\u4e0a\u3057\u305f\u753b\u8cea<\/li>\n<\/ul>\n\u7b2c3\u4e16\u4ee3\u306eVZ-9plus\u00b3\u306f\u3001\u5b8c\u5168\u306b\u518d\u8a2d\u8a08\u3055\u308c\u305f\u30cf\u30a6\u30b8\u30f3\u30b0\u304c\u5370\u8c61\u7684\u3067\u3001\u65b0\u3057\u304f\u3001\u30e2\u30c0\u30f3\u3067\u30a8\u30ec\u30ac\u30f3\u30c8\u3067\u3059\u3002\n<h2>\u5929\u4e95\u30d3\u30b8\u30e5\u30a2\u30e9\u30a4\u30b6\u30fc VZ-C12\u00b3 \/ VZ-C32\u00b3<\/h2>\n<a href=\"https:\/\/konferenztechnik.de\/wp-content\/uploads\/2013\/09\/wolfvision_deckenvisualizer_vz-c12.jpg\"><img decoding=\"async\" width=\"600\" height=\"514\" src=\"https:\/\/konferenztechnik.de\/wp-content\/uploads\/2013\/09\/wolfvision_deckenvisualizer_vz-c12.jpg\" alt=\"\u5929\u4e95\u30d3\u30b8\u30e5\u30a2\u30e9\u30a4\u30b6\u30fc VZ-C12\u00b3 \/ VZ-C32\u00b3 \" class=\"alignleft size-full wp-image-2625\" title=\"\" srcset=\"https:\/\/konferenztechnik.de\/wp-content\/uploads\/2013\/09\/wolfvision_deckenvisualizer_vz-c12.jpg 600w, https:\/\/konferenztechnik.de\/wp-content\/uploads\/2013\/09\/wolfvision_deckenvisualizer_vz-c12-300x257.jpg 300w\" sizes=\"(max-width: 600px) 100vw, 600px\" \/><\/a>\n\n\u5929\u4e95\u30d3\u30b8\u30e5\u30a2\u30e9\u30a4\u30b6\u30fc\u306f\u3001\u30d7\u30ed\u30b8\u30a7\u30af\u30bf\u30fc\u306e\u3088\u3046\u306b\u5929\u4e95\u306b\u53d6\u308a\u4ed8\u3051\u308b\u3053\u3068\u3082\u3001\u540a\u308a\u5929\u4e95\u306b\u7d44\u307f\u8fbc\u3080\u3053\u3068\u3082\u3067\u304d\u307e\u3059\u3002\u30c6\u30fc\u30d6\u30eb\u3084\u6f14\u53f0\u306e\u4e0a\u306b\u306f\u88c5\u7f6e\u304c\u306a\u304f\u3001\u8b1b\u6f14\u8005\u3068\u8074\u8846\u306e\u9593\u306e\u8996\u754c\u3092\u906e\u308b\u3082\u306e\u3082\u3042\u308a\u307e\u305b\u3093\u3002\n<h2>\u5929\u4e95\u30d3\u30b8\u30e5\u30a2\u30e9\u30a4\u30b6\u30fc VZ-C12\u00b3 \/ VZ-C32\u00b3<\/h2>\n\u3055\u3089\u306a\u308b\u5229\u70b9\u306f\n<ul>\n \t<li>\u30d3\u30b8\u30e5\u30a2\u30e9\u30a4\u30b6\u30fc\u306f\u540a\u308a\u5929\u4e95\u306b\u5b8c\u5168\u306b\u96a0\u3059\u3053\u3068\u304c\u3067\u304d\u307e\u3059\u3002<\/li>\n \t<li>\u76d7\u96e3\u306b\u906d\u3044\u306b\u304f\u3044\u5e38\u8a2d\u6a5f\u5668<\/li>\n \t<li>\u30c6\u30fc\u30d6\u30eb\u304b\u3089\u6a5f\u5668\u3078\u306e\u30b1\u30fc\u30d6\u30eb\u304c\u306a\u3044<\/li>\n \t<li>\u7269\u4f53\u306f\u3055\u3089\u306b\u5927\u304d\u304f\u3001\u3055\u3089\u306b\u9ad8\u304f\u306a\u308b<\/li>\n<\/ul>\nVZ-C32\u00b3\u306e\u6a5f\u80fd\u3001\u30c7\u30b6\u30a4\u30f3\u3001\u63a5\u7d9a\u306fVZ-C12\u00b3\u3068\u540c\u3058\u3067\u3059\u3002\u5927\u304d\u306a\u9055\u3044\u306f\u5185\u8535\u30ab\u30e1\u30e9\u3067\u3059\uff1a\n<ul>\n \t<li>VZ-C12\u00b3 = 1-CCD SXGA\/WXGA\/720p HD\u30ab\u30e1\u30e9<\/li>\n \t<li>VZ-C32\u00b3 = 3-CCD SXGA\/WXGA\/720p HD\u30ab\u30e1\u30e9<\/li>\n<\/ul>\nVZ-C32\u00b3\u306e3-CCD\u30ab\u30e1\u30e9\u306f\u3001\u8272\u306e\u5fe0\u5b9f\u5ea6\u3068\u89e3\u50cf\u5ea6\u306e\u70b9\u3067VZ-C12\u00b3\u306e\u30ab\u30e1\u30e9\u3092\u51cc\u99d5\u3057\u3066\u3044\u307e\u3059\u3002\u3053\u308c\u306f\u7279\u306b\u3001\u975e\u5e38\u306b\u8a73\u7d30\u3067\u591a\u8272\u306e\u539f\u753b\u3067\u9855\u8457\u3067\u3059\u3002\t\t\t\t\t\t\t\t<\/div>\n\t\t\t\t<\/div>\n\t\t\t\t\t<\/div>\n\t\t<\/div>\n\t\t\t\t\t<\/div>\n\t\t<\/section>\n\t\t\t\t<\/div>","protected":false},"excerpt":{"rendered":"<p>Visualizer Was ist ein Visualizer? Ein Visualizer kann jede Art von Vorlagen (B\u00fccher, Fotos, dreidimensionale Gegenst\u00e4nde, etc.) schnell und einfach aufnehmen und liefert ein hochaufl\u00f6sendes Bild f\u00fcr Beamer, Monitore, digitale Whiteboards oder Videokonferenz-Systeme. Typische Anwendungen f\u00fcr Visualizer sind Schulungen, Meetings, Konferenzen, Seminare und Produktpr\u00e4sentationen. Ebenso in Pr\u00e4sentationen von Beweisst\u00fccken in Gerichtss\u00e4len, verschiedenen medizinischen Anwendungen (Telemedizin, Telepathologie, R\u00f6ntgenbilder, etc.). Desktop Visualizer &#8211; VZ-9plus\u00b3 Der Visualizer VZ-9plus\u00b3 ist das Top-Ger\u00e4t unter den portablen Visualizern von WolfVision. Er \u00fcbertrifft die VZ-8 Visualizer Serie: noch mehr n\u00fctzliche und einzigartige Features noch einfacher zu bedienen (einfacheres Positionieren von Objekten) noch bessere Bildqualit\u00e4t Die dritte Generation des VZ-9plus\u00b3 besticht durch ein komplett \u00fcberarbeitetes Geh\u00e4use &#8211; neu, [&hellip;]<\/p>","protected":false},"author":1,"featured_media":45482,"parent":1138,"menu_order":221,"comment_status":"closed","ping_status":"open","template":"","meta":{"_acf_changed":false,"footnotes":""},"class_list":["post-1245","page","type-page","status-publish","has-post-thumbnail","hentry"],"acf":[],"_links":{"self":[{"href":"https:\/\/konferenztechnik.de\/ja\/wp-json\/wp\/v2\/pages\/1245","targetHints":{"allow":["GET"]}}],"collection":[{"href":"https:\/\/konferenztechnik.de\/ja\/wp-json\/wp\/v2\/pages"}],"about":[{"href":"https:\/\/konferenztechnik.de\/ja\/wp-json\/wp\/v2\/types\/page"}],"author":[{"embeddable":true,"href":"https:\/\/konferenztechnik.de\/ja\/wp-json\/wp\/v2\/users\/1"}],"replies":[{"embeddable":true,"href":"https:\/\/konferenztechnik.de\/ja\/wp-json\/wp\/v2\/comments?post=1245"}],"version-history":[{"count":0,"href":"https:\/\/konferenztechnik.de\/ja\/wp-json\/wp\/v2\/pages\/1245\/revisions"}],"up":[{"embeddable":true,"href":"https:\/\/konferenztechnik.de\/ja\/wp-json\/wp\/v2\/pages\/1138"}],"wp:featuredmedia":[{"embeddable":true,"href":"https:\/\/konferenztechnik.de\/ja\/wp-json\/wp\/v2\/media\/45482"}],"wp:attachment":[{"href":"https:\/\/konferenztechnik.de\/ja\/wp-json\/wp\/v2\/media?parent=1245"}],"curies":[{"name":"wp","href":"https:\/\/api.w.org\/{rel}","templated":true}]}}