{"id":12554,"date":"2018-02-07T10:03:37","date_gmt":"2018-02-07T09:03:37","guid":{"rendered":"https:\/\/www.konferenztechnik.de\/?page_id=12554"},"modified":"2023-09-01T13:14:35","modified_gmt":"2023-09-01T11:14:35","slug":"%e3%83%99%e3%82%a4%e3%83%a4%e3%83%bc%e3%83%80%e3%82%a4%e3%83%8a%e3%83%9f%e3%83%83%e3%82%af%e3%83%bb%e3%83%a6%e3%83%8a%e3%82%a4%e3%83%88%e3%83%bb%e3%83%93%e3%82%b8%e3%82%bf%e3%83%bc%e3%83%bb%e3%82%ac","status":"publish","type":"page","link":"https:\/\/konferenztechnik.de\/ja\/%e3%83%99%e3%82%a4%e3%83%a4%e3%83%bc%e3%83%80%e3%82%a4%e3%83%8a%e3%83%9f%e3%83%83%e3%82%af%e3%83%bb%e3%83%a6%e3%83%8a%e3%82%a4%e3%83%88%e3%83%bb%e3%83%93%e3%82%b8%e3%82%bf%e3%83%bc%e3%83%bb%e3%82%ac\/","title":{"rendered":"\u30d9\u30a4\u30e4\u30fc\u30c0\u30a4\u30ca\u30df\u30c3\u30afUNITE\u30d3\u30b8\u30bf\u30fc\u30ac\u30a4\u30c0\u30f3\u30b9\u30b7\u30b9\u30c6\u30e0"},"content":{"rendered":"<h1>\u30d9\u30a4\u30e4\u30fc\u30c0\u30a4\u30ca\u30df\u30c3\u30af UNITE \u2013 ISE\u3067\u306e\u30a4\u30f3\u30d7\u30ec\u30c3\u30b7\u30e7\u30f3<\/h1>\n<p><img fetchpriority=\"high\" decoding=\"async\" src=\"https:\/\/konferenztechnik.de\/wp-content\/uploads\/2018\/02\/beyerdynamic-unite-neuheit.jpg\" alt=\"\u30d9\u30a4\u30e4\u30fc\u30c0\u30a4\u30ca\u30df\u30c3\u30af\u306eUNITE TourGuide\" width=\"1200\" height=\"750\" class=\"alignnone size-full wp-image-12559\" title=\"\" srcset=\"https:\/\/konferenztechnik.de\/wp-content\/uploads\/2018\/02\/beyerdynamic-unite-neuheit.jpg 1200w, https:\/\/konferenztechnik.de\/wp-content\/uploads\/2018\/02\/beyerdynamic-unite-neuheit-300x188.jpg 300w, https:\/\/konferenztechnik.de\/wp-content\/uploads\/2018\/02\/beyerdynamic-unite-neuheit-1024x640.jpg 1024w, https:\/\/konferenztechnik.de\/wp-content\/uploads\/2018\/02\/beyerdynamic-unite-neuheit-768x480.jpg 768w\" sizes=\"(max-width: 1200px) 100vw, 1200px\" \/><\/p>\n<h2 >\u2013\uff1a\u30e2\u30ce\u30ed\u30fc\u30b0\u304b\u3089\u30c0\u30a4\u30a2\u30ed\u30fc\u30b0\u3078 \u2013\uff1a\u4e00\u65b9\u901a\u884c\u304b\u3089\u591a\u65b9\u5411\u3078 \u2013\uff1a\u6765\u8a2a\u8005\u30ac\u30a4\u30c0\u30f3\u30b92.0<\/h2>\n<p>beyerdynamic\u306f\u3001\u65b0\u3057\u3044UNITE\u30ac\u30a4\u30c0\u30f3\u30b9\u30b7\u30b9\u30c6\u30e0\u3067\u6210\u529f\u3092\u53ce\u3081\u307e\u3057\u305f\u3002<br \/>\n[spacer size=\"30\u2033]<br \/>\n<img decoding=\"async\" src=\"https:\/\/konferenztechnik.de\/wp-content\/uploads\/2018\/02\/unite-empfaenger.jpg\" alt=\"\u30d9\u30a4\u30e4\u30fc\u30c0\u30a4\u30ca\u30df\u30c3\u30af\u306eUNITE\u30ec\u30b7\u30fc\u30d0\u30fc\" width=\"1200\" height=\"750\" class=\"alignnone size-full wp-image-12561\" title=\"\"><\/p>\n<h2>\u30c8\u30fc\u30af\u30d0\u30c3\u30af\u6a5f\u80fd\u4ed8\u304d\u30dd\u30b1\u30c3\u30c8\u30ec\u30b7\u30fc\u30d0\u30fcUNITE RP-T<\/h2>\n<p>\u30b2\u30b9\u30c8\u306f\u30c8\u30fc\u30af\u30d0\u30c3\u30af\u6a5f\u80fd\u3092\u4f7f\u3063\u3066\u3001\u30b2\u30b9\u30c8\u5168\u54e1\u306b\u805e\u3053\u3048\u308b\u3088\u3046\u306b\u8cea\u554f\u3059\u308b\u3053\u3068\u304c\u3067\u304d\u307e\u3059\u3002\u6700\u59273\u540d\u307e\u3067\u306e\u53c2\u52a0\u8005\u304c\u540c\u6642\u306b\u30b3\u30df\u30e5\u30cb\u30b1\u30fc\u30b7\u30e7\u30f3\u3067\u304d\u307e\u3059\u3002\u30c4\u30a2\u30fc\u304c\u30a4\u30f3\u30bf\u30e9\u30af\u30c6\u30a3\u30d6\u306b\u306a\u308a\u307e\u3059\u3002<br \/>\n[spacer size=\"30\u2033]<br \/>\n<img decoding=\"async\" src=\"https:\/\/konferenztechnik.de\/wp-content\/uploads\/2018\/02\/beyerdynamic-unite-mikrofon.jpg\" alt=\"\u30d9\u30a4\u30e4\u30fc\u30c0\u30a4\u30ca\u30df\u30c3\u30af\u306eUNITE\u30de\u30a4\u30af\u30ed\u30d5\u30a9\u30f3\" width=\"1200\" height=\"750\" class=\"alignnone size-full wp-image-12558\" title=\"\" srcset=\"https:\/\/konferenztechnik.de\/wp-content\/uploads\/2018\/02\/beyerdynamic-unite-mikrofon.jpg 1200w, https:\/\/konferenztechnik.de\/wp-content\/uploads\/2018\/02\/beyerdynamic-unite-mikrofon-300x188.jpg 300w, https:\/\/konferenztechnik.de\/wp-content\/uploads\/2018\/02\/beyerdynamic-unite-mikrofon-1024x640.jpg 1024w, https:\/\/konferenztechnik.de\/wp-content\/uploads\/2018\/02\/beyerdynamic-unite-mikrofon-768x480.jpg 768w\" sizes=\"(max-width: 1200px) 100vw, 1200px\" \/><\/p>\n<h2>\u30e6\u30ca\u30a4\u30c8TH\u30cf\u30f3\u30c9\u30d8\u30eb\u30c9\u30fb\u30c8\u30e9\u30f3\u30b9\u30df\u30c3\u30bf\u30fc<\/h2>\n<p>\u4ea4\u63db\u53ef\u80fd\u306a\u30ea\u30c1\u30a6\u30e0\u30a4\u30aa\u30f3\u30d0\u30c3\u30c6\u30ea\u30fc\u3067\u300115\u6642\u9593\u4ee5\u4e0a\u4f7f\u7528\u53ef\u80fd\u3002\u5185\u8535\u306e\u30c7\u30b8\u30bf\u30eb\u30fb\u30aa\u30fc\u30c7\u30a3\u30aa\u30fb\u30d7\u30ed\u30bb\u30c3\u30b5\u30fc\u304c\u3001\u6700\u9069\u5316\u3055\u308c\u305f\u5468\u6ce2\u6570\u30ab\u30fc\u30d6\u3001\u81ea\u52d5\u30ec\u30d9\u30eb\u30b3\u30f3\u30c8\u30ed\u30fc\u30eb\uff08\u30ac\u30a4\u30c9\u304c\u5927\u304d\u306a\u58f0\u3067\u8a71\u3057\u3066\u3044\u3066\u3082\u3001\u5c0f\u3055\u306a\u58f0\u3067\u8a71\u3057\u3066\u3044\u3066\u3082\u3001\u5e38\u306b\u540c\u3058\u97f3\u91cf\uff09\u3001\u30ce\u30a4\u30ba\u30ad\u30e3\u30f3\u30bb\u30ea\u30f3\u30b0\uff08\u4e0d\u8981\u306a\u30d0\u30c3\u30af\u30b0\u30e9\u30a6\u30f3\u30c9\u30ce\u30a4\u30ba\u3092\u7a4d\u6975\u7684\u304b\u3064\u52b9\u679c\u7684\u306b\u906e\u65ad\uff09\u306b\u3088\u308a\u3001\u97f3\u58f0\u306e\u660e\u77ad\u5ea6\u3092\u9ad8\u3081\u307e\u3059\u3002<br \/>\n[spacer size=\"30\u2033]<br \/>\n<img loading=\"lazy\" decoding=\"async\" src=\"https:\/\/konferenztechnik.de\/wp-content\/uploads\/2018\/02\/beyerdynamic-unite-transport-ladekoffer.jpg\" alt=\"\u30d9\u30a4\u30e4\u30fc\u30c0\u30a4\u30ca\u30df\u30c3\u30af\u6301\u3061\u904b\u3073\u7528\u5145\u96fb\u30b1\u30fc\u30b9UNITE\" width=\"1200\" height=\"750\" class=\"alignnone size-full wp-image-12560\" title=\"\" srcset=\"https:\/\/konferenztechnik.de\/wp-content\/uploads\/2018\/02\/beyerdynamic-unite-transport-ladekoffer.jpg 1200w, https:\/\/konferenztechnik.de\/wp-content\/uploads\/2018\/02\/beyerdynamic-unite-transport-ladekoffer-300x188.jpg 300w, https:\/\/konferenztechnik.de\/wp-content\/uploads\/2018\/02\/beyerdynamic-unite-transport-ladekoffer-1024x640.jpg 1024w, https:\/\/konferenztechnik.de\/wp-content\/uploads\/2018\/02\/beyerdynamic-unite-transport-ladekoffer-768x480.jpg 768w\" sizes=\"(max-width: 1200px) 100vw, 1200px\" \/><\/p>\n<h2> UNITE CC-24P \u2013 \u904b\u642c\u30fb\u5145\u96fb\u30b1\u30fc\u30b9<\/h2>\n<p>1\u53f0\u306724\u53f0\u306e\u30dd\u30b1\u30c3\u30c8\u30ec\u30b7\u30fc\u30d0\u30fc\/\u30c8\u30e9\u30f3\u30b9\u30df\u30c3\u30bf\u30fc\u306b\u5bfe\u5fdc\u3002\u30a4\u30fc\u30b5\u30cd\u30c3\u30c8\u63a5\u7d9a\u3067\u30a2\u30c3\u30d7\u30c7\u30fc\u30c8\u3068\u30da\u30a2\u30ea\u30f3\u30b0\u304c\u53ef\u80fd\u3002<br \/>\n[spacer size=\"30\u2033]<br \/>\n<img loading=\"lazy\" decoding=\"async\" src=\"https:\/\/konferenztechnik.de\/wp-content\/uploads\/2018\/02\/beyerdynamic-unite-cc-24p.jpg\" alt=\"\u30d9\u30a4\u30e4\u30fc\u30c0\u30a4\u30ca\u30df\u30c3\u30af\u306eUNITE CC-24p\" width=\"1200\" height=\"750\" class=\"alignnone size-full wp-image-12556\" title=\"\"><\/p>\n<h2> \u30d9\u30a4\u30e4\u30fc\u30c0\u30a4\u30ca\u30df\u30c3\u30afUNITE \u2013\u30d7\u30ed\u30bb\u30c3\u30b7\u30f3\u30b0<\/h2>\n<p>\u30e2\u30c0\u30f3\u3067\u30b9\u30bf\u30a4\u30ea\u30c3\u30b7\u30e5\u3001\u305d\u3057\u3066\u9811\u4e08\u3002\u30d9\u30a4\u30e4\u30fc\u30c0\u30a4\u30ca\u30df\u30c3\u30af\u306e\u65b0\u3057\u3044\u6765\u5ba2\u6848\u5185\u30b7\u30b9\u30c6\u30e0\u306f\u3001\u3042\u3089\u3086\u308b\u70b9\u3067\u7d04\u675f\u901a\u308a\u306e\u6027\u80fd\u3092\u767a\u63ee\u3057\u307e\u3059\u3002\u307e\u3082\u306a\u304f\u8a73\u3057\u304f\u30c6\u30b9\u30c8\u3059\u308b\u4e88\u5b9a\u3067\u3059\u304c\u3001\u3059\u3067\u306b\u697d\u3057\u307f\u306b\u3057\u3066\u3044\u307e\u3059\u3002<br \/>\n[spacer size=\"30\u2033]<\/p>\n<p><a href=\"https:\/\/konferenztechnik.de\/ja\/%e3%83%99%e3%82%a4%e3%83%a4%e3%83%bc%e3%83%80%e3%82%a4%e3%83%8a%e3%83%9f%e3%83%83%e3%82%af%e3%83%bb%e3%83%a6%e3%83%8a%e3%82%a4%e3%83%88%e3%83%bb%e3%82%b3%e3%83%9f%e3%83%a5%e3%83%8b%e3%82%b1%e3%83%bc\/\">\u30d9\u30a4\u30e4\u30fc\u30c0\u30a4\u30ca\u30df\u30c3\u30afUNITE \u2013\u30c7\u30b8\u30bf\u30eb\u30fb\u30ef\u30a4\u30e4\u30ec\u30b9\u30fb\u30b3\u30df\u30e5\u30cb\u30b1\u30fc\u30b7\u30e7\u30f3\u30fb\u30b7\u30b9\u30c6\u30e0<\/a><br \/>\n<a href=\"https:\/\/konferenztechnik.de\/ja\/%e3%83%99%e3%82%a4%e3%83%a4%e3%83%bc%e3%83%80%e3%82%a4%e3%83%8a%e3%83%9f%e3%83%83%e3%82%af%e3%83%bb%e3%83%a6%e3%83%8a%e3%82%a4%e3%83%88%e3%83%bb%e3%83%87%e3%82%b8%e3%82%bf%e3%83%ab%e3%83%bb%e3%82%ac\/\">\u30d9\u30a4\u30e4\u30fc\u30c0\u30a4\u30ca\u30df\u30c3\u30afUNITE \u2013\u6280\u8853\u30c7\u30fc\u30bf<\/a><br \/>\n<a href=\"\/ja\/%e3%83%91%e3%83%bc%e3%82%bd%e3%83%8a%e3%83%ab%e3%83%bb%e3%82%ac%e3%82%a4%e3%83%80%e3%83%b3%e3%82%b9%e3%83%bb%e3%82%b7%e3%82%b9%e3%83%86%e3%83%a0\/\">\u65c5\u5ba2\u6848\u5185\u30b7\u30b9\u30c6\u30e0\u306e\u6982\u8981<\/a><\/p>","protected":false},"excerpt":{"rendered":"<p>Beyerdynamic UNITE \u2013 Eindr\u00fccke von der ISE Talk back, talk now \u2013 Dialog statt Monolog \u2013 Multi Way, statt One-Way \u2013 Besucherf\u00fchrung 2.0 Beyerdynamic trumpft auf mit der neuen F\u00fchrungsanlage UNITE. [spacer size=&#8220;30&#8243;] UNITE RP-T Taschenempf\u00e4nger mit Talkback-Funktion G\u00e4ste k\u00f6nnen mit der Talkback-Funktion Fragen f\u00fcr alle G\u00e4ste h\u00f6rbar stellen. Bis zu drei Teilnehmer k\u00f6nnen parallel kommunizieren. Die F\u00fchrung wird interaktiv. [spacer size=&#8220;30&#8243;] Unite TH Handsender Mit austauschbarem Litium-Ionen-Akku und mehr als 15 Stunden Betriebsdauer. Ein integrierter digitalen Audioprozessor perfektioniert die Sprachverst\u00e4ndlichkeit: optimierte Frequenzkurve, Automatic Level Control (immer die gleiche Lautst\u00e4rke, unabh\u00e4ngig ob der Guide laut oder leise spricht), Noise Cancelling (blendet ungew\u00fcnschte Nebenger\u00e4usche aktiv und wirkungsvoll aus). [spacer size=&#8220;30&#8243;] UNITE [&hellip;]<\/p>","protected":false},"author":1,"featured_media":45482,"parent":0,"menu_order":0,"comment_status":"closed","ping_status":"closed","template":"","meta":{"_acf_changed":false,"footnotes":""},"class_list":["post-12554","page","type-page","status-publish","has-post-thumbnail","hentry"],"acf":[],"_links":{"self":[{"href":"https:\/\/konferenztechnik.de\/ja\/wp-json\/wp\/v2\/pages\/12554","targetHints":{"allow":["GET"]}}],"collection":[{"href":"https:\/\/konferenztechnik.de\/ja\/wp-json\/wp\/v2\/pages"}],"about":[{"href":"https:\/\/konferenztechnik.de\/ja\/wp-json\/wp\/v2\/types\/page"}],"author":[{"embeddable":true,"href":"https:\/\/konferenztechnik.de\/ja\/wp-json\/wp\/v2\/users\/1"}],"replies":[{"embeddable":true,"href":"https:\/\/konferenztechnik.de\/ja\/wp-json\/wp\/v2\/comments?post=12554"}],"version-history":[{"count":0,"href":"https:\/\/konferenztechnik.de\/ja\/wp-json\/wp\/v2\/pages\/12554\/revisions"}],"wp:featuredmedia":[{"embeddable":true,"href":"https:\/\/konferenztechnik.de\/ja\/wp-json\/wp\/v2\/media\/45482"}],"wp:attachment":[{"href":"https:\/\/konferenztechnik.de\/ja\/wp-json\/wp\/v2\/media?parent=12554"}],"curies":[{"name":"wp","href":"https:\/\/api.w.org\/{rel}","templated":true}]}}