{"id":12682,"date":"2018-02-08T10:37:08","date_gmt":"2018-02-08T09:37:08","guid":{"rendered":"https:\/\/www.konferenztechnik.de\/?page_id=12682"},"modified":"2023-07-05T11:00:32","modified_gmt":"2023-07-05T09:00:32","slug":"%e3%82%b7%e3%83%a5%e3%82%a2%e3%83%bb%e3%83%9e%e3%82%a4%e3%82%af%e3%83%ad%e3%83%95%e3%83%ac%e3%83%83%e3%82%af%e3%82%b9%e3%83%bb%e3%82%b3%e3%83%b3%e3%83%97%e3%83%aa%e3%83%bc%e3%83%88%e3%83%bb%e3%82%ab-2","status":"publish","type":"page","link":"https:\/\/konferenztechnik.de\/ja\/%e3%82%b7%e3%83%a5%e3%82%a2%e3%83%bb%e3%83%9e%e3%82%a4%e3%82%af%e3%83%ad%e3%83%95%e3%83%ac%e3%83%83%e3%82%af%e3%82%b9%e3%83%bb%e3%82%b3%e3%83%b3%e3%83%97%e3%83%aa%e3%83%bc%e3%83%88%e3%83%bb%e3%82%ab-2\/","title":{"rendered":"Shure Microflex \u5b8c\u5168\u4f1a\u8b70\u30b7\u30b9\u30c6\u30e0"},"content":{"rendered":"<h1>Shure Microflex \u5b8c\u5168\u4f1a\u8b70\u30b7\u30b9\u30c6\u30e0 \u2013 ISE\u3067\u306e\u5370\u8c61<\/h1>\n<p><img decoding=\"async\" src=\"https:\/\/konferenztechnik.de\/wp-content\/uploads\/2018\/02\/Shure-Microflex-Complete-Conferencing-System.jpg\" alt=\"Shure\u30de\u30a4\u30af\u30ed\u30d5\u30ec\u30c3\u30af\u30b9\u5b8c\u5168\u4f1a\u8b70\u30b7\u30b9\u30c6\u30e0\" width=\"1200\" class=\"alignnone size-full wp-image-12559\" title=\"\"><\/p>\n<h2>Shure\u3001\u30de\u30a4\u30af\u30ed\u30d5\u30ec\u30c3\u30af\u30b9\u5b8c\u5168\u4f1a\u8b70\u30b7\u30b9\u30c6\u30e0\u3092\u767a\u8868<\/h2>\n<p>\u65b0\u3057\u3044Shure Microflex\u4f1a\u8b70\u30b7\u30b9\u30c6\u30e0\u306f\u3001\u6709\u7dda\u30d0\u30fc\u30b8\u30e7\u30f3\u3068\u30ef\u30a4\u30e4\u30ec\u30b9\u30d0\u30fc\u30b8\u30e7\u30f3\u304c\u3042\u308a\u307e\u3059\u3002<\/p>\n<p><img fetchpriority=\"high\" decoding=\"async\" src=\"https:\/\/konferenztechnik.de\/wp-content\/uploads\/2018\/02\/Shure-MicroflexComplete-Konferenzanlage.jpg\" alt=\"Shure\u30de\u30a4\u30af\u30ed\u30d5\u30ec\u30c3\u30af\u30b9\u4f1a\u8b70\u30b7\u30b9\u30c6\u30e0\" width=\"1200\" height=\"750\" class=\"alignnone size-full wp-image-12561\" title=\"\"><\/p>\n<h2>Shure Microflex \u30b3\u30f3\u30d7\u30ea\u30fc\u30c8\u30ef\u30a4\u30e4\u30ec\u30b9\u30de\u30a4\u30af\u30ed\u30db\u30f3\u30e6\u30cb\u30c3\u30c8<\/h2>\n<p>\u80cc\u666f\u306b\u306f\u3001\u30dd\u30fc\u30bf\u30d6\u30eb\u30de\u30a4\u30af\u30ed\u30d5\u30a9\u30f3\u30e6\u30cb\u30c3\u30c8\u306e\u30d0\u30c3\u30c6\u30ea\u30fc\uff08\u6700\u957710\u6642\u9593\u99c6\u52d5\u306e\u30ea\u30c1\u30a6\u30e0\u30a4\u30aa\u30f3\u30d0\u30c3\u30c6\u30ea\u30fc\uff09\u306e\u5145\u96fb\u30b9\u30c6\u30fc\u30b7\u30e7\u30f3\u304c\u898b\u3048\u308b\u3002<\/p>\n<p><img decoding=\"async\" src=\"https:\/\/konferenztechnik.de\/wp-content\/uploads\/2018\/02\/shure-Microflex-Complete-Sprechstelle.jpg\" alt=\"Shure Microflex\u30de\u30a4\u30af\u30ed\u30db\u30f3\u30e6\u30cb\u30c3\u30c8\" width=\"1200\" height=\"750\" class=\"alignnone size-full wp-image-12558\" title=\"\"><\/p>\n<h2>\u30ef\u30a4\u30e4\u30ec\u30b9\u30fb\u30a4\u30f3\u30bf\u30fc\u30ab\u30e0\u30fb\u30b9\u30c6\u30fc\u30b7\u30e7\u30f3<\/h2>\n<p>\u30e2\u30c0\u30f3\u306a\u30c7\u30b6\u30a4\u30f3\u306f\u3069\u3093\u306a\u90e8\u5c4b\u306b\u3082\u30de\u30c3\u30c1\u3057\u307e\u3059\u3002\u305d\u306e\u4ed5\u4e0a\u304c\u308a\u306f\u3068\u3066\u3082\u826f\u3044\u5370\u8c61\u3092\u4e0e\u3048\u307e\u3059\u3002\u30de\u30c3\u30c8\u306a\u8868\u9762\u3068\u30b7\u30f3\u30d7\u30eb\u306a\u30c7\u30b6\u30a4\u30f3\u304c\u6c17\u306b\u5165\u3063\u3066\u3044\u307e\u3059\u3002<\/p>\n<p><img decoding=\"async\" src=\"https:\/\/konferenztechnik.de\/wp-content\/uploads\/2018\/02\/shure-sprechstelle-detail.jpg\" alt=\"\u30de\u30a4\u30af\u30ed\u30d5\u30ec\u30c3\u30af\u30b9 \u5b8c\u5168\u4f1a\u8b70\u30b7\u30b9\u30c6\u30e0\" width=\"1200\" height=\"750\" class=\"alignnone size-full wp-image-12560\" title=\"\"><\/p>\n<h2> \u6700\u5148\u7aef\u306e\u30de\u30a4\u30af\u30ed\u30d5\u30ec\u30c3\u30af\u30b9<\/h2>\n<p>\u30ab\u30e9\u30fc\u30bf\u30c3\u30c1\u30b9\u30af\u30ea\u30fc\u30f3\uff08\u3059\u3079\u3066\u306e\u30e2\u30c7\u30eb\u3067\u306f\u306a\u3044\uff09\u306f\u3001\u4f1a\u8b70\u60c5\u5831\u3001\u30b3\u30f3\u30c8\u30ed\u30fc\u30eb\u3001\u6295\u7968\u30aa\u30d7\u30b7\u30e7\u30f3\u3092\u63d0\u4f9b\u3059\u308b\u3002\u5185\u8535\u306eNFC ID\u30ab\u30fc\u30c9\u30ea\u30fc\u30c0\u30fc\u3067\u53c2\u52a0\u8005\u3092\u8b58\u5225\u3067\u304d\u307e\u3059\u3002<\/p>\n<p><img loading=\"lazy\" decoding=\"async\" src=\"https:\/\/konferenztechnik.de\/wp-content\/uploads\/2018\/02\/MXCWAPT.jpg\" alt=\"MXCWAPT\" width=\"1200\" height=\"750\" class=\"alignnone size-full wp-image-12556\" title=\"\"><\/p>\n<h2>MXCW-APT \u2013 \u30a4\u30f3\u30c6\u30ea\u30b8\u30a7\u30f3\u30c8\u3067\u3088\u308a\u30bb\u30ad\u30e5\u30a2\u306a\u30c7\u30b8\u30bf\u30eb\u4f1a\u8b70\u30b7\u30b9\u30c6\u30e0\u306e\u30b3\u30f3\u30c8\u30ed\u30fc\u30eb\u30bb\u30f3\u30bf\u30fc<\/h2>\n<p>\u30b7\u30f3\u30d7\u30eb\u3067\u8fc5\u901f\u306a\u30bb\u30c3\u30c8\u30a2\u30c3\u30d7\u3001\u5b89\u5168\u306aRF\u30d1\u30d5\u30a9\u30fc\u30de\u30f3\u30b9\uff082.4GHz\/5GHz Wifi\uff09\u3001\u5b89\u5168\u306aAES-128\u30d3\u30c3\u30c8\u306e\u30aa\u30fc\u30c7\u30a3\u30aa\u304a\u3088\u3073\u30c7\u30fc\u30bf\u6697\u53f7\u5316\uff08MXCW = Microflex Complete Wireless \u2013 APT = \u30a2\u30af\u30bb\u30b9\u30dd\u30a4\u30f3\u30c8\uff09<\/p>\n<p><img loading=\"lazy\" decoding=\"async\" src=\"https:\/\/konferenztechnik.de\/wp-content\/uploads\/2018\/02\/MXCW-Konferenzanlage.jpg\" alt=\"MXCW - \u4f1a\u8b70\u30b7\u30b9\u30c6\u30e0\" width=\"1200\" height=\"750\" class=\"alignnone size-full wp-image-12556\" title=\"\"><\/p>\n<h2>MXCW \u30bd\u30d5\u30c8\u30a6\u30a7\u30a2 \u2013 \u64cd\u4f5c\u3068\u30bb\u30c3\u30c8\u30a2\u30c3\u30d7<\/h2>\n<p>Shure\u4f1a\u8b70\u30b7\u30b9\u30c6\u30e0\u306f\u3001\u6700\u65b0\u306e\u30d6\u30e9\u30a6\u30b6\u30d9\u30fc\u30b9\u306e\u30e6\u30fc\u30b6\u30fc\u30a4\u30f3\u30bf\u30fc\u30d5\u30a7\u30a4\u30b9\u3092\u4f7f\u7528\u3057\u3066\u5236\u5fa1\u3055\u308c\u3001\u30e6\u30fc\u30b6\u30fc\u306b\u306f\u3055\u307e\u3056\u307e\u306a\u5f79\u5272\u3068\u30a2\u30af\u30bb\u30b9\u6a29\u304c\u3042\u308a\u307e\u3059\u3002<\/p>\n<h2>\u30ea\u30f3\u30af\u3068\u8a73\u7d30\u60c5\u5831<\/h2>\n<ul>\n<li><a href=\"https:\/\/konferenztechnik.de\/ja\/%e3%82%b7%e3%83%a5%e3%82%a2%e3%83%bb%e3%83%9e%e3%82%a4%e3%82%af%e3%83%ad%e3%83%95%e3%83%ac%e3%83%83%e3%82%af%e3%82%b9%e3%83%bb%e3%82%b3%e3%83%b3%e3%83%97%e3%83%aa%e3%83%bc%e3%83%88%e3%83%bb%e3%82%ab\/\">\u88fd\u54c1\u30d7\u30ec\u30bc\u30f3\u30c6\u30fc\u30b7\u30e7\u30f3\uff1aShure Microflex Complete<\/a><\/li>\n<\/ul>","protected":false},"excerpt":{"rendered":"<p>Shure Microflex Complete Konferenzsystem \u2013 Eindr\u00fccke von der ISE Shure pr\u00e4sentiert das Microflex Complete Conferencing System Die neue Shure Konferenzanlage Microflex ist in kabelgebundenen und drahtlosen Varianten verf\u00fcgbar. Drahtlose Sprechstellen Shure Microflex Complete Im Hintergrund ist die Ladestation f\u00fcr die Akkus der transportablen Sprechstellen zu sehen (Lithium-Ionen-Akkus mit bis zu 10 Stunden Betriebsdauer) . Die drahtlose Sprechstelle Das moderne Design passt wohl in allen R\u00e4umen. Die Verarbeitung macht einen sehr guten Eindruck. Die matte Oberfl\u00e4che und das schlichte Design gefallen uns sehr gut. Microflex Complete auf der H\u00f6he der Zeit Farbige Touchscreens (nicht alle Modelle) bieten Besprechungsinformationen, Steuerelemente und eine Abstimmm\u00f6glichkeit. Ein integrierter NFC-ID-Kartenleser kann die Teilnehmer identifizieren. MXCW-APT \u2013 [&hellip;]<\/p>","protected":false},"author":1,"featured_media":45482,"parent":0,"menu_order":0,"comment_status":"closed","ping_status":"closed","template":"","meta":{"_acf_changed":false,"footnotes":""},"class_list":["post-12682","page","type-page","status-publish","has-post-thumbnail","hentry"],"acf":[],"_links":{"self":[{"href":"https:\/\/konferenztechnik.de\/ja\/wp-json\/wp\/v2\/pages\/12682","targetHints":{"allow":["GET"]}}],"collection":[{"href":"https:\/\/konferenztechnik.de\/ja\/wp-json\/wp\/v2\/pages"}],"about":[{"href":"https:\/\/konferenztechnik.de\/ja\/wp-json\/wp\/v2\/types\/page"}],"author":[{"embeddable":true,"href":"https:\/\/konferenztechnik.de\/ja\/wp-json\/wp\/v2\/users\/1"}],"replies":[{"embeddable":true,"href":"https:\/\/konferenztechnik.de\/ja\/wp-json\/wp\/v2\/comments?post=12682"}],"version-history":[{"count":0,"href":"https:\/\/konferenztechnik.de\/ja\/wp-json\/wp\/v2\/pages\/12682\/revisions"}],"wp:featuredmedia":[{"embeddable":true,"href":"https:\/\/konferenztechnik.de\/ja\/wp-json\/wp\/v2\/media\/45482"}],"wp:attachment":[{"href":"https:\/\/konferenztechnik.de\/ja\/wp-json\/wp\/v2\/media?parent=12682"}],"curies":[{"name":"wp","href":"https:\/\/api.w.org\/{rel}","templated":true}]}}