{"id":12706,"date":"2018-02-08T12:07:25","date_gmt":"2018-02-08T11:07:25","guid":{"rendered":"https:\/\/www.konferenztechnik.de\/?page_id=12706"},"modified":"2023-07-05T15:10:16","modified_gmt":"2023-07-05T13:10:16","slug":"%e3%82%b7%e3%83%a5%e3%82%a2%e3%83%bb%e3%83%9e%e3%82%a4%e3%82%af%e3%83%ad%e3%83%95%e3%83%ac%e3%83%83%e3%82%af%e3%82%b9%e3%83%bb%e3%82%b3%e3%83%b3%e3%83%97%e3%83%aa%e3%83%bc%e3%83%88%e3%83%bb%e3%82%ab","status":"publish","type":"page","link":"https:\/\/konferenztechnik.de\/ja\/%e3%82%b7%e3%83%a5%e3%82%a2%e3%83%bb%e3%83%9e%e3%82%a4%e3%82%af%e3%83%ad%e3%83%95%e3%83%ac%e3%83%83%e3%82%af%e3%82%b9%e3%83%bb%e3%82%b3%e3%83%b3%e3%83%97%e3%83%aa%e3%83%bc%e3%83%88%e3%83%bb%e3%82%ab\/","title":{"rendered":"Shure Microflex \u5b8c\u5168\u4f1a\u8b70\u30b7\u30b9\u30c6\u30e0"},"content":{"rendered":"<h1>Shure Microflex \u5b8c\u5168\u4f1a\u8b70\u30b7\u30b9\u30c6\u30e0 \u2013 \u88fd\u54c1\u30d7\u30ec\u30bc\u30f3\u30c6\u30fc\u30b7\u30e7\u30f3<\/h1>\n<div class=\"call-action-slider-img\">\n<p><img decoding=\"async\" class=\"alignleft size-full wp-image-12412\" src=\"https:\/\/konferenztechnik.de\/wp-content\/uploads\/2018\/02\/shure-microflex-konferenz.jpg\" alt=\"Shure\u30de\u30a4\u30af\u30ed\u30d5\u30ec\u30c3\u30af\u30b9\u4f1a\u8b70\u30b7\u30b9\u30c6\u30e0\" title=\"\"><\/p>\n<p><button class=\"bbtn popmake-12386\">\u898b\u7a4d\u4f9d\u983c \u203a<\/button><\/p>\n<\/div>\n<p>Microflex\u5b8c\u5168\u30ef\u30a4\u30e4\u30ec\u30b9\u30b7\u30b9\u30c6\u30e0\u306f\u3001\u30df\u30fc\u30c6\u30a3\u30f3\u30b0\u3084\u4f1a\u8b70\u306e\u30bb\u30c3\u30c8\u30a2\u30c3\u30d7\u6642\u9593\u3092\u6700\u5c0f\u9650\u306b\u6291\u3048\u307e\u3059\u3002\u30e2\u30c0\u30f3\u3067\u30b7\u30f3\u30d7\u30eb\u306a\u30c7\u30b6\u30a4\u30f3\u306f\u30a8\u30ec\u30ac\u30f3\u30c8\u3067\u76ee\u7acb\u305f\u305a\u3001\u30e2\u30c0\u30f3\u306a\u90e8\u5c4b\u306b\u3082\u6b74\u53f2\u7684\u306a\u90e8\u5c4b\u306b\u3082\u30d5\u30a3\u30c3\u30c8\u3057\u307e\u3059\u3002\u4ed5\u4e0a\u304c\u308a\u306f\u975e\u5e38\u306b\u9ad8\u54c1\u8cea\u3067\u3059\u3002\u64cd\u4f5c\u306f\u76f4\u611f\u7684\u3067\u30b7\u30f3\u30d7\u30eb\u3067\u3059\u3002<\/p>\n<p><img decoding=\"async\" class=\"alignleft size-full wp-image-12412\" src=\"https:\/\/konferenztechnik.de\/wp-content\/uploads\/2018\/02\/sprechstelle-shure-microflex-complete.jpg\" alt=\"\u30a4\u30f3\u30ab\u30e0\u30b9\u30c6\u30fc\u30b7\u30e7\u30f3 Shure Microflex Complete\" title=\"\"><\/p>\n<h2>\u6280\u8853\u7684\u30cf\u30a4\u30e9\u30a4\u30c8 Shure Microflex\u4f1a\u8b70\u30b7\u30b9\u30c6\u30e0<\/h2>\n<ul>\n<li style=\"line-height: 1.4em; padding-bottom: 10px;\">2.4GHz\/5GHz Wifi\u30cd\u30c3\u30c8\u30ef\u30fc\u30af\u306b\u304a\u3051\u308b\u5b89\u5168\u306aRF\u6027\u80fd<\/li>\n<li style=\"line-height: 1.4em; padding-bottom: 10px;\">\u81ea\u52d5\u5e72\u6e09\u691c\u51fa\u30fb\u56de\u907f\u6280\u8853\u306b\u3088\u308a\u3001\u4fe1\u53f7\u30ed\u30b9\u306e\u306a\u3044\u5b8c\u74a7\u306a\u4f1d\u9001\uff08\u5e72\u6e09\u306e\u53ef\u80fd\u6027\u3092\u4e8b\u524d\u306b\u8a8d\u8b58\u3057\u3001\u81ea\u52d5\u7684\u306b\u7a7a\u3044\u3066\u3044\u308b\u5468\u6ce2\u6570\u306b\u5207\u308a\u66ff\u3048\u308b\uff09<\/li>\n<li style=\"line-height: 1.4em; padding-bottom: 10px;\">\u4fe1\u983c\u6027\u306e\u9ad8\u3044AES-128\u6697\u53f7\u5316\u306b\u3088\u308a\u3001\u30bb\u30c3\u30b7\u30e7\u30f3\u5185\u5bb9\u306e\u6a5f\u5bc6\u6027\u3092\u4fdd\u6301<\/li>\n<li style=\"line-height: 1.4em; padding-bottom: 10px;\">MXCW-APT\u30a2\u30af\u30bb\u30b9\u30dd\u30a4\u30f3\u30c81\u53f0\u3067\u3001\u30bd\u30d5\u30c8\u30a6\u30a7\u30a2\u3084\u30e9\u30a4\u30bb\u30f3\u30b9\u3092\u8ffd\u52a0\u3059\u308b\u3053\u3068\u306a\u304f\u3001\u6700\u5927125\u53f0\u306e\u4f1a\u8b70\u30e6\u30cb\u30c3\u30c8\u2013\u3092\u7ba1\u7406\u53ef\u80fd<\/li>\n<li style=\"line-height: 1.4em; padding-bottom: 10px;\">\u30de\u30a4\u30af\u30ed\u30d5\u30ec\u30c3\u30af\u30b9\u30ab\u30d7\u30bb\u30eb\u3068CommShield\u30c6\u30af\u30ce\u30ed\u30b8\u30fc\u3092\u63a1\u7528\u3057\u305f\u30b0\u30fc\u30b9\u30cd\u30c3\u30af\u30de\u30a4\u30af\u30ed\u30db\u30f3\u3067\u3001\u5353\u8d8a\u3057\u305f\u97f3\u8cea\u3068\u96fb\u6ce2\u5e72\u6e09\u3078\u306e\u8010\u6027\u3092\u5b9f\u73fe<\/li>\n<li style=\"line-height: 1.4em; padding-bottom: 10px;\">\u30de\u30a4\u30af\u306e\u8d77\u52d5\u306f\u81ea\u52d5\u307e\u305f\u306f\u500b\u5225\u306b\u8a2d\u5b9a\u53ef\u80fd<\/li>\n<li style=\"line-height: 1.4em; padding-bottom: 10px;\">\u96fb\u5b50\u6295\u7968\u3001\u8b70\u984c\u7ba1\u7406\u3001\u53c2\u52a0\u8005\u8b58\u5225<\/li>\n<\/ul>\n<p><img decoding=\"async\" class=\"alignleft size-full wp-image-12412\" src=\"https:\/\/konferenztechnik.de\/wp-content\/uploads\/2018\/02\/shure-microflex-complete-drahtgebunden.jpg\" alt=\"Shure \u30de\u30a4\u30af\u30ed\u30d5\u30ec\u30c3\u30af\u30b9 \u30b3\u30f3\u30d7\u30ea\u30fc\u30c8\" title=\"\"><\/p>\n<h2>Microflex Complete \u2013 \u6709\u7dda\u4f1a\u8b70\u30b7\u30b9\u30c6\u30e0<\/h2>\n<p>Microflex\u30b3\u30f3\u30d7\u30ea\u30fc\u30c8\u30fb\u30c7\u30a3\u30b9\u30ab\u30c3\u30b7\u30e7\u30f3\uff06\u30ab\u30f3\u30d5\u30a1\u30ec\u30f3\u30b9\u30b7\u30b9\u30c6\u30e0\u306f\u3001\u4f1a\u8b70\u5ba4\u3001\u6cd5\u5ef7\u3001\u30df\u30fc\u30c6\u30a3\u30f3\u30b0\u30eb\u30fc\u30e0\u306b\u7c21\u5358\u306b\u7d44\u307f\u8fbc\u3080\u3053\u3068\u304c\u3067\u304d\u308b\u3001\u5353\u4e0a\u8a2d\u7f6e\u307e\u305f\u306f\u30c6\u30fc\u30d6\u30eb\u8a2d\u7f6e\u7528\u306e\u4f1a\u8b70\u7528\u30de\u30a4\u30af\u30ed\u30db\u30f3\u30e6\u30cb\u30c3\u30c8\u3067\u69cb\u6210\u3055\u308c\u3066\u3044\u307e\u3059\u3002<\/p>\n<p><img decoding=\"async\" class=\"alignleft size-full wp-image-12412\" src=\"https:\/\/konferenztechnik.de\/wp-content\/uploads\/2018\/02\/Shure-Microflex-Complete.jpg\" alt=\"Shure Microflex \u5b8c\u5168\u901a\u8a33\u30b3\u30f3\u30bd\u30fc\u30eb\" title=\"\"><br \/>\n\u6700\u65b0\u306eDIN\/ISO\u898f\u683c\u306b\u6e96\u62e0\u3057\u305f\u901a\u8a33\u8005\u7528\u30c7\u30b9\u30af\u304c\u3001\u65b0\u3057\u3044\u30de\u30a4\u30af\u30ed\u30d5\u30ec\u30c3\u30af\u30b9\u5b8c\u5168\u4f1a\u8b70\u30b7\u30b9\u30c6\u30e0\u306e\u30e9\u30a4\u30f3\u30ca\u30c3\u30d7\u3092\u3055\u3089\u306b\u5145\u5b9f\u3055\u305b\u307e\u3059\u3002<\/p>\n<p>\u3072\u3068\u3064\u306f\u3063\u304d\u308a\u3057\u3066\u3044\u308b\u3053\u3068\u306f\u3001\u65b0\u3057\u3044\u30c7\u30a3\u30b9\u30ab\u30c3\u30b7\u30e7\u30f3\u30fb\u30b7\u30b9\u30c6\u30e0\u306e\u30ef\u30a4\u30e4\u30ec\u30b9\u30fb\u30d0\u30fc\u30b8\u30e7\u30f3\u3068\u6709\u7dda\u30d0\u30fc\u30b8\u30e7\u30f3\u306e\u4e21\u65b9\u304c\u3001\u4eca\u5f8c\u306e\u591a\u304f\u306e\u30d7\u30ed\u30b8\u30a7\u30af\u30c8\u3067\u6700\u521d\u306e\u9078\u629e\u80a2\u306b\u306a\u308a\u5f97\u308b\u3068\u3044\u3046\u3053\u3068\u3067\u3059\u3002\u30ef\u30a4\u30e4\u30ec\u30b9\u30de\u30a4\u30af\u30ed\u30db\u30f3\u30e6\u30cb\u30c3\u30c8\u3092\u30ec\u30f3\u30bf\u30eb\u3059\u308c\u3070\u3001\u307b\u3068\u3093\u3069\u306e\u5834\u6240\u3067\u6700\u592710\u6642\u9593\u306e\u4f7f\u7528\u304c\u53ef\u80fd\u3067\u3059\u3002\u5b89\u5168\u306a\u6697\u53f7\u5316\u306e\u304a\u304b\u3052\u3067\u3001\u653f\u5e9c\u3001\u5f53\u5c40\u3001\u76e3\u7763\u59d4\u54e1\u4f1a\u304c\u4e3b\u50ac\u3059\u308b\u4f1a\u8b70\u3067\u3082\u5b89\u5168\u306b\u4f7f\u7528\u3067\u304d\u307e\u3059\u3002\u79c1\u305f\u3061\u306f\u3053\u306e\u65b0\u3057\u3044\u30b7\u30b9\u30c6\u30e0\u3092\u5927\u5909\u559c\u3093\u3067\u3044\u307e\u3059\u3002<\/p>\n<h2>\u30ea\u30f3\u30af\u3068\u8a73\u7d30\u60c5\u5831<\/h2>\n<ul>\n<li><a href=\"https:\/\/konferenztechnik.de\/ja\/%e3%82%b7%e3%83%a5%e3%82%a2%e3%83%bb%e3%83%9e%e3%82%a4%e3%82%af%e3%83%ad%e3%83%95%e3%83%ac%e3%83%83%e3%82%af%e3%82%b9%e3%83%bb%e3%82%b3%e3%83%b3%e3%83%97%e3%83%aa%e3%83%bc%e3%83%88%e3%83%bb%e3%82%ab-2\/\">Shure Microflex Complete \u2013 ISE 2018\u306e\u30a4\u30f3\u30d7\u30ec\u30c3\u30b7\u30e7\u30f3<\/a><\/li>\n<\/ul>","protected":false},"excerpt":{"rendered":"<p>Shure Microflex Complete Konferenzanlage \u2013 Produktvorstellung Angebot anfordern \u203a Das Microflex Complete Wireless System minimiert die Einrichtungs- und Aufbauzeit bei Besprechungen und Konferenzen. Das moderne, schlichte Design ist formsch\u00f6n und dezent und passt sowohl in moderne als auch historische R\u00e4ume. Die Verarbeitung ist sehr hochwertig. Die Bedienung ist intuitiv und einfach. Technik-Highlights Shure Microflex Konferenzsystem Sichere RF-Performance im 2.4GHz\/5GHz Wifi-Netzwerk Einwandfreie \u00dcbertragung ohne Signalverlust durch automatische Interference Detection und Avoidance Technologie (erkennt m\u00f6gliche St\u00f6rungen im Vorfeld und schaltet automatisch auf freie Frequenzen) Zuverl\u00e4ssige AES-128-Verschl\u00fcsselung, so dass Sitzungsinhalte vertraulich bleiben Ein MXCW-APT Access Point kann bis zu 125 Konferenzsprechstellen verwalten &#8211; ohne zus\u00e4tzliche Software oder Lizenzen Schwanenhalsmikrofone mit Microflex-Kapseln und CommShield-Technologie [&hellip;]<\/p>","protected":false},"author":1,"featured_media":45482,"parent":0,"menu_order":0,"comment_status":"closed","ping_status":"closed","template":"","meta":{"_acf_changed":false,"footnotes":""},"class_list":["post-12706","page","type-page","status-publish","has-post-thumbnail","hentry"],"acf":[],"_links":{"self":[{"href":"https:\/\/konferenztechnik.de\/ja\/wp-json\/wp\/v2\/pages\/12706","targetHints":{"allow":["GET"]}}],"collection":[{"href":"https:\/\/konferenztechnik.de\/ja\/wp-json\/wp\/v2\/pages"}],"about":[{"href":"https:\/\/konferenztechnik.de\/ja\/wp-json\/wp\/v2\/types\/page"}],"author":[{"embeddable":true,"href":"https:\/\/konferenztechnik.de\/ja\/wp-json\/wp\/v2\/users\/1"}],"replies":[{"embeddable":true,"href":"https:\/\/konferenztechnik.de\/ja\/wp-json\/wp\/v2\/comments?post=12706"}],"version-history":[{"count":0,"href":"https:\/\/konferenztechnik.de\/ja\/wp-json\/wp\/v2\/pages\/12706\/revisions"}],"wp:featuredmedia":[{"embeddable":true,"href":"https:\/\/konferenztechnik.de\/ja\/wp-json\/wp\/v2\/media\/45482"}],"wp:attachment":[{"href":"https:\/\/konferenztechnik.de\/ja\/wp-json\/wp\/v2\/media?parent=12706"}],"curies":[{"name":"wp","href":"https:\/\/api.w.org\/{rel}","templated":true}]}}