{"id":12864,"date":"2018-02-22T14:13:05","date_gmt":"2018-02-22T13:13:05","guid":{"rendered":"https:\/\/www.konferenztechnik.de\/?page_id=12864"},"modified":"2024-12-20T17:54:10","modified_gmt":"2024-12-20T16:54:10","slug":"%e5%8f%82%e8%80%83%e6%96%87%e7%8c%ae","status":"publish","type":"page","link":"https:\/\/konferenztechnik.de\/ja\/%e5%8f%82%e8%80%83%e6%96%87%e7%8c%ae\/","title":{"rendered":"\u53c2\u8003\u6587\u732e"},"content":{"rendered":"<div data-elementor-type=\"wp-page\" data-elementor-id=\"12864\" class=\"elementor elementor-12864\" data-elementor-post-type=\"page\">\n\t\t\t\t<div data-particle_enable=\"false\" data-particle-mobile-disabled=\"false\" class=\"elementor-element elementor-element-6b54d28 e-flex e-con-boxed e-con e-parent\" data-id=\"6b54d28\" data-element_type=\"container\">\n\t\t\t\t\t<div class=\"e-con-inner\">\n\t\t<div data-particle_enable=\"false\" data-particle-mobile-disabled=\"false\" class=\"elementor-element elementor-element-750c93c e-flex e-con-boxed e-con e-child\" data-id=\"750c93c\" data-element_type=\"container\">\n\t\t\t\t\t<div class=\"e-con-inner\">\n\t\t\t\t<div class=\"elementor-element elementor-element-00d6b1e elementor-widget elementor-widget-heading\" data-id=\"00d6b1e\" data-element_type=\"widget\" data-widget_type=\"heading.default\">\n\t\t\t\t<div class=\"elementor-widget-container\">\n\t\t\t\t\t<h1 class=\"elementor-heading-title elementor-size-default\">\u53c2\u8003\u6587\u732e<\/h1>\t\t\t\t<\/div>\n\t\t\t\t<\/div>\n\t\t\t\t\t<\/div>\n\t\t\t\t<\/div>\n\t\t<div data-particle_enable=\"false\" data-particle-mobile-disabled=\"false\" class=\"elementor-element elementor-element-29ebfdd e-flex e-con-boxed e-con e-child\" data-id=\"29ebfdd\" data-element_type=\"container\">\n\t\t\t\t\t<div class=\"e-con-inner\">\n\t\t<div data-particle_enable=\"false\" data-particle-mobile-disabled=\"false\" class=\"elementor-element elementor-element-e02e7e1 e-flex e-con-boxed e-con e-child\" data-id=\"e02e7e1\" data-element_type=\"container\">\n\t\t\t\t\t<div class=\"e-con-inner\">\n\t\t<div data-particle_enable=\"false\" data-particle-mobile-disabled=\"false\" class=\"elementor-element elementor-element-6effb54 e-con-full e-flex e-con e-child\" data-id=\"6effb54\" data-element_type=\"container\" data-settings=\"{&quot;background_background&quot;:&quot;classic&quot;}\">\n\t\t\t\t<div class=\"elementor-element elementor-element-1de0fb2 elementor-widget elementor-widget-heading\" data-id=\"1de0fb2\" data-element_type=\"widget\" data-widget_type=\"heading.default\">\n\t\t\t\t<div class=\"elementor-widget-container\">\n\t\t\t\t\t<h2 class=\"elementor-heading-title elementor-size-default\">\u8a2d\u7f6e\u30fb\u8ca9\u58f2<\/h2>\t\t\t\t<\/div>\n\t\t\t\t<\/div>\n\t\t\t\t<div class=\"elementor-element elementor-element-857935e elementor-widget elementor-widget-text-editor\" data-id=\"857935e\" data-element_type=\"widget\" data-widget_type=\"text-editor.default\">\n\t\t\t\t<div class=\"elementor-widget-container\">\n\t\t\t\t\t\t\t\t\t<ul><li>1.FC\u30a6\u30cb\u30aa\u30f3\u30fb\u30d9\u30eb\u30ea\u30f3<\/li><li>\u30a2\u30c9\u30eb\u30d5\u30fb\u30f4\u30e5\u30eb\u30c8 GmbH &amp; Co.KG \u30b0\u30eb\u30fc\u30d7\u672c\u793e \u30ad\u30e5\u30f3\u30c4\u30a7\u30eb\u30b6\u30a6<\/li><li>\u30a2\u30f3\u30b5\u30fc\u30baGmbH \u2013 \u30d9\u30eb\u30ea\u30f3<\/li><li>\u30a2\u30a6\u30b0\u30b9\u30c8\u30fb\u30b7\u30e5\u30c8\u30eb\u30afKG\u30d9\u30eb\u30ea\u30f3<\/li><li>A\u00dcW Allg\u00e4uer \u00dcberlandwerk GmbH \u30b1\u30f3\u30d7\u30c6\u30f3<\/li><li>\u30a2\u30fc\u30c7\u30c3\u30af\u30b9GmbH \u2013 \u30f4\u30a3\u30c3\u30c6\u30f3<\/li><li>\u30d9\u30eb\u30ea\u30f3\u5927\u8056\u5802<\/li><li>\u30d9\u30eb\u30ea\u30f3\u30fb\u30dc\u30a4\u30c8\u5fdc\u7528\u79d1\u5b66\u5927\u5b66<\/li><li>\u5728\u30d9\u30eb\u30ea\u30f3\u7c73\u56fd\u5927\u4f7f\u9928<\/li><li>\u30d9\u30eb\u30ea\u30f3\u9023\u90a6\u52b4\u50cd\u793e\u4f1a\u7701<\/li><li>\u30d9\u30eb\u30ea\u30f3\u9023\u90a6\u7406\u4e8b\u4f1a<\/li><li>CBC \u30b1\u30eb\u30f3\u653e\u9001\u30bb\u30f3\u30bf\u30fc\u793e \u30b1\u30eb\u30f3<\/li><li>CCH\u30b3\u30f3\u30b0\u30ec\u30b9\u30bb\u30f3\u30bf\u30fc\u30fb\u30cf\u30f3\u30d6\u30eb\u30af<\/li><li>CCD\u30b3\u30f3\u30b0\u30ec\u30b9\u30bb\u30f3\u30bf\u30fc \u30c7\u30e5\u30c3\u30bb\u30eb\u30c9\u30eb\u30d5 \u30e1\u30c3\u30bb\u30fb\u30c7\u30e5\u30c3\u30bb\u30eb\u30c9\u30eb\u30d5<\/li><li>DEGES Deutsche Einheit Fernstra\u00dfenplanungs- und-Bau GmbH \u30d9\u30eb\u30ea\u30f3<\/li><li>\u30c9\u30a4\u30c1\u30a7\u30fb\u30a2\u30dd\u30c6\u30ab\u30fc\u30fb\u30a2\u30f3\u30c9\u30fb\u30a2\u30fc\u30c4\u9280\u884c\u672c\u5e97 \u30c7\u30e5\u30c3\u30bb\u30eb\u30c9\u30eb\u30d5<\/li><li>\u30c9\u30a4\u30c4\u9280\u884c\u672c\u5e97 \u30d5\u30e9\u30f3\u30af\u30d5\u30eb\u30c8\uff0f\u30de\u30a4\u30f3<\/li><li>\u30d9\u30eb\u30ea\u30f3\u30fb\u30c9\u30a4\u30c4\u653e\u9001<\/li><li>\u30a8\u30b3\u30e9\u30dc\u30fb\u30c9\u30a4\u30c4\u30fb\u30e2\u30f3\u30cf\u30a4\u30e0<\/li><li>\u30e8\u30fc\u30ed\u30d4\u30a2\u30f3\u30fb\u30a2\u30ab\u30c7\u30df\u30fc\u30fb\u30d9\u30eb\u30ea\u30f3<\/li><li>\u30d5\u30ea\u30c3\u30c4\u30fb\u30c6\u30a3\u30c3\u30bb\u30f3\u8ca1\u56e3 \u2013 \u30e2\u30b9\u30af\u30ef\u30fb\u30c9\u30a4\u30c4\u6b74\u53f2\u7814\u7a76\u6240<\/li><li>\u30d5\u30ea\u30c3\u30c4\u30fb\u30c6\u30a3\u30c3\u30bb\u30f3\u8ca1\u56e3\u2013\u30cf\u30a6\u30b9\u30fb\u30aa\u30d6\u30fb\u30d5\u30ea\u30c3\u30c4\u30fb\u30c6\u30a3\u30c3\u30bb\u30f3\u8ca1\u56e3\u2013\u30b1\u30eb\u30f3<\/li><li>GEA Refrigeration Germany GmbH \u2013 \u30d9\u30eb\u30ea\u30f3<\/li><li>\u30d6\u30eb\u30d0\u30c3\u30cf\u5e02<\/li><li>\u30c9\u30c3\u30bb\u30f3\u30cf\u30a4\u30e0\u5e02<\/li><li>\u30b2\u30eb\u30c0\u30fb\u30d8\u30f3\u30b1\u30eb\u8ca1\u56e3 \u30c7\u30e5\u30c3\u30bb\u30eb\u30c9\u30eb\u30d5<\/li><li>GSK\u30b9\u30c8\u30c3\u30af\u30de\u30f3\uff06\u30b3\u30fc\u30eb\u30b2\u30f3\u6cd5\u5f8b\u4e8b\u52d9\u6240\u30d9\u30eb\u30ea\u30f3\u30aa\u30d5\u30a3\u30b9<\/li><li>\u30db\u30b9\u30c6\u30eb\u30fb\u30b1\u30eb\u30f3 \u2013 \u30b1\u30eb\u30f3<\/li><li>\u30a4\u30d9\u30ed\u30a2\u30e1\u30ea\u30ab\u30f3\u30fb\u30a4\u30f3\u30b9\u30c6\u30a3\u30c6\u30e5\u30fc\u30c8\u30fb\u30d9\u30eb\u30ea\u30f3<\/li><li>\u30a4\u30bf\u30ea\u30a2\u6587\u5316\u4f1a\u9928\uff08\u30d9\u30eb\u30ea\u30f3<\/li><li>\u30d9\u30eb\u30ea\u30f3KfW\u9280\u884c\u6240\u5728\u5730<\/li><li>\u30b3\u30de\u30c4\u30de\u30a4\u30cb\u30f3\u30b0\u30c9\u30a4\u30c4\uff08\u682a<\/li><li>\u30cf\u30a4\u30eb\u30d6\u30ed\u30f3\u5730\u65b9\u8caf\u84c4\u9280\u884c<\/li><li>\u30d9\u30eb\u30ea\u30f3\u5dde\u4fdd\u5065\u793e\u4f1a\u5c40\uff08LAGeSo\uff09<\/li><li>\u30aa\u30fc\u30c7\u30eb\u30fb\u30b7\u30e5\u30d7\u30ec\u30fc\u5730\u533a<\/li><li>\u30b9\u30c6\u30f3\u30c0\u30eb\u5730\u533a<\/li><li>\u30ce\u30eb\u30c8\u30e9\u30a4\u30f3\uff1d\u30f4\u30a7\u30b9\u30c8\u30d5\u30a1\u30fc\u30ec\u30f3\u5dde\u8b70\u4f1a<\/li><li>MAN Truck &amp; Bus Deutschland GmbH \u30d9\u30eb\u30ea\u30f3<\/li><li>\u30d9\u30eb\u30ea\u30f3\u30fb\u30b3\u30df\u30e5\u30cb\u30b1\u30fc\u30b7\u30e7\u30f3\u535a\u7269\u9928<\/li><li>\u30c7\u30e5\u30c3\u30bb\u30eb\u30c9\u30eb\u30d5\u7f8e\u8853\u9928<\/li><li>\u30ce\u30fc\u30e0\u30d5\u30a7\u30b9\u30c8\u793e<\/li><li>\u30a2\u30eb\u30c8\u30fb\u30e9\u30f3\u30c4\u30d9\u30eb\u30af\u30fb\u30d6\u30e9\u30f3\u30c7\u30f3\u30d6\u30eb\u30af\u5e02\u5e81\u820e<\/li><li>\u30d5\u30a1\u30eb\u30b1\u30f3\u30bc\u30fc\u5e02\u5e81\u820e \u30d5\u30a1\u30eb\u30b1\u30f3\u30bc\u30fc<\/li><li>\u30e9\u30a6\u30d5\u30fb\u30e1\u30fc\u30d9\u30eb\u30f4\u30a7\u30eb\u30b1 GmbH \u30d5\u30ed\u30a4\u30c7\u30f3\u30d9\u30eb\u30af<\/li><li>\u30ed\u30d9\u30eb\u30c8\u30fb\u30b7\u30e5\u30fc\u30de\u30f3\u30fb\u30db\u30fc\u30eb\u30fb\u30c7\u30e5\u30c3\u30bb\u30eb\u30c9\u30eb\u30d5<\/li><li>\u30d9\u30eb\u30ea\u30f3\u6559\u80b2\u6587\u5316\u5927\u81e3\u5e38\u8a2d\u4f1a\u8b70\u4e8b\u52d9\u5c40<\/li><li>\u30d9\u30eb\u30ea\u30f3\u4e0a\u9662\u52b4\u50cd\u30fb\u7d71\u5408\u30fb\u5973\u6027\u554f\u984c\u5c40<\/li><li>\u30d9\u30eb\u30ea\u30f3\u4e0a\u9662\u7d4c\u6e08\u30fb\u6280\u8853\u30fb\u7814\u7a76\u5c40<\/li><li>\u30e1\u30c3\u30c8\u30de\u30f3\u5e02<\/li><li>\u30dc\u30fc\u30c0\u30d5\u30a9\u30f3\u30fb\u30b5\u30fc\u30d3\u30b9\u30fb\u30b0\u30eb\u30fc\u30d7GmbH \u2013 Ratingen<\/li><li>Weiss-Druck GmbH &amp; Co.KG \u2013 \u30e2\u30f3\u30b7\u30e3\u30a6<\/li><li>WILO AG \u30c9\u30eb\u30c8\u30e0\u30f3\u30c8<\/li><li>ZDF\u30de\u30a4\u30f3\u30c4<\/li><li style=\"font-size: 17.6px;\">\u305d\u306e\u4ed6\u591a\u6570<\/li><\/ul>\t\t\t\t\t\t\t\t<\/div>\n\t\t\t\t<\/div>\n\t\t\t\t<\/div>\n\t\t<div data-particle_enable=\"false\" data-particle-mobile-disabled=\"false\" class=\"elementor-element elementor-element-f18b78d e-con-full e-flex e-con e-child\" data-id=\"f18b78d\" data-element_type=\"container\" data-settings=\"{&quot;background_background&quot;:&quot;classic&quot;}\">\n\t\t\t\t<div class=\"elementor-element elementor-element-0e8cbef elementor-widget elementor-widget-heading\" data-id=\"0e8cbef\" data-element_type=\"widget\" data-widget_type=\"heading.default\">\n\t\t\t\t<div class=\"elementor-widget-container\">\n\t\t\t\t\t<h2 class=\"elementor-heading-title elementor-size-default\">\u4f1a\u8b70\u3068\u30a4\u30d9\u30f3\u30c8<\/h2>\t\t\t\t<\/div>\n\t\t\t\t<\/div>\n\t\t\t\t<div class=\"elementor-element elementor-element-eac4742 elementor-widget elementor-widget-text-editor\" data-id=\"eac4742\" data-element_type=\"widget\" data-widget_type=\"text-editor.default\">\n\t\t\t\t<div class=\"elementor-widget-container\">\n\t\t\t\t\t\t\t\t\t<ul>\n<li>ABB LTD.<\/li>\n<li>\u30a2\u30dc\u30c3\u30c8GmbH &amp; Co.KG<\/li>\n<li>\u30f4\u30e5\u30eb\u30c8\u30fb\u30b0\u30eb\u30fc\u30d7<\/li>\n<li>BMW\u30b0\u30eb\u30fc\u30d7<\/li>\n<li>\u30c9\u30a4\u30c4\u51fa\u7248\u66f8\u5e97\u5354\u4f1a<\/li>\n<li>\u30dc\u30c3\u30b7\u30e5\u30fb\u30ec\u30c3\u30af\u30b9\u30ed\u30b9AG<\/li>\n<li>\u30a2\u30e1\u30ea\u30ab\u5927\u4f7f\u9928<\/li>\n<li>BP\u30aa\u30a4\u30eb\u30fb\u30de\u30fc\u30b1\u30c6\u30a3\u30f3\u30b0<\/li>\n<li>BPW \u2013 \u30d9\u30eb\u30ae\u30c3\u30b7\u30e5\u30fb\u30a2\u30c3\u30c1\u30a7\u30f3<\/li>\n<li>\u30d6\u30e9\u30fc\u30e0\u30b9AG<\/li>\n<li>B.\u30d6\u30e9\u30a6\u30f3\u30fb\u30e1\u30eb\u30b5\u30f3\u30b2\u30f3\u793e<\/li>\n<li>\u9023\u90a6\u901a\u8a33\u30fb\u7ffb\u8a33\u8005\u5354\u4f1a\uff08BD\u00dc\uff09<\/li>\n<li>\u9023\u90a6\u61b2\u6cd5\u88c1\u5224\u6240<\/li>\n<li>\u30c0\u30a4\u30e0\u30e9\u30fcAG<\/li>\n<li>\u30c0\u30a4\u30af\u30de\u30f3<\/li>\n<li>DFB \u2013 \u30c9\u30a4\u30c4\u30b5\u30c3\u30ab\u30fc\u5354\u4f1a<\/li>\n<li>\u30c7\u30a3\u30fc\u30bf\u30fc\u30fb\u30b7\u30e5\u30ef\u30eb\u30c4\u8ca1\u56e3 \u975e\u55b6\u5229\u56e3\u4f53<\/li>\n<li>FIFA \u2013 \u56fd\u969b\u30b5\u30c3\u30ab\u30fc\u9023\u76df<\/li>\n<li>\u30d5\u30ea\u30c3\u30c4\u30fb\u30c6\u30a3\u30c3\u30bb\u30f3\u8ca1\u56e3<\/li>\n<li>\u5bcc\u58eb\u30d5\u30a4\u30eb\u30e0<\/li>\n<li>DMG\u68ee\u7cbe\u6a5fAG<\/li>\n<li>\u30c9\u30ea\u30fc\u30b9\uff06\u30be\u30f3\u30de\u30fcAG<\/li>\n<li>\u30a8\u30b3\u30e9\u30dc\u30fb\u30c9\u30a4\u30c4<\/li>\n<li>\u30d5\u30a9\u30fc\u30c9\u793e<\/li>\n<li>\u30d9\u30eb\u30ea\u30f3\u81ea\u7531\u5927\u5b66<\/li>\n<li>EASA \u2013 \u6b27\u5dde\u822a\u7a7a\u4fdd\u5b89\u6a5f\u95a2<\/li>\n<li>\u30b2\u30c8\u30e9\u30b0\u30fb\u30a4\u30f3\u30bf\u30fc\u30ca\u30b7\u30e7\u30ca\u30eb\u793e<\/li>\n<li>\u30c7\u30e5\u30c3\u30bb\u30eb\u30c9\u30eb\u30d5\u5de5\u82b8\u4f1a\u8b70\u6240<\/li>\n<li>\u30cf\u30a4\u30c7\u30eb\u30d9\u30eb\u30af\u30bb\u30e1\u30f3\u30c8<\/li>\n<li>\u30d8\u30f3\u30ea\u30fc\u30fb\u30b7\u30e3\u30a4\u30f3\u30fb\u30c7\u30f3\u30bf\u30eb\u30fb\u30c9\u30a4\u30c4<\/li>\n<li>\u30cb\u30fc\u30c0\u30fc\u30e9\u30a4\u30f3\u5fdc\u7528\u79d1\u5b66\u5927\u5b66<\/li>\n<li>\u30db\u30c3\u30db\u30c6\u30a3\u30fc\u30d5AG<\/li>\n<li>ICG \u2013 \u30a4\u30ce\u30d9\u30fc\u30b7\u30e7\u30f3\u30fb\u30b3\u30f3\u30b0\u30ec\u30b9\u793e<\/li>\n<li>IHK\u30c7\u30e5\u30c3\u30bb\u30eb\u30c9\u30eb\u30d5<\/li>\n<li>\u30af\u30ec\u30c3\u30af\u30ca\u30fcAG<\/li>\n<li>KPMG<\/li>\n<li>\u5dde\u8b70\u4f1a NRW<\/li>\n<li>Lidl Dienstleistung GmbH &amp; Co.KG<\/li>\n<li>LKA\u30c7\u30e5\u30c3\u30bb\u30eb\u30c9\u30eb\u30d5<\/li>\n<li>LR Health &amp; Beauty Systems GmbH<\/li>\n<li>\u30eb\u30d5\u30c8\u30cf\u30f3\u30b6 \u30ab\u30fc\u30b4AG<\/li>\n<li>\u30e9\u30fc\u30f4\u30a7\u30f3\u30b9\u30d6\u30ea\u30e5\u30c3\u30af\u8a18\u5ff5\u9928\u3068\u8a18\u5ff5\u30bb\u30f3\u30bf\u30fc<\/li>\n<li>\u30e1\u30c8\u30edAG<\/li>\n<li>\u30ca\u30c1\u30fb\u30e8\u30fc\u30ed\u30c3\u30d1GmbH<\/li>\n<li>REWE Zentral AG<\/li>\n<li>\u30e9\u30a4\u30f3\u30b8\u30f3\u30afGmbH &amp; Co KG<\/li>\n<li>\u30b6\u30c3\u30cf\u30c8\u30eb\u30d9\u30f3\u30fb\u30b1\u30df\u30fc\u793e<\/li>\n<li>\u30b5\u30f3\u30bf\u30f3\u30c7\u30fc\u30eb\u9280\u884c<\/li>\n<li>SCC EVENTS GmbH<\/li>\n<li>\u30bd\u30cb\u30fc\u30fb\u30e8\u30fc\u30ed\u30c3\u30d1<\/li>\n<li>\u30b9\u30bf\u30fc\u30ea\u30f3\u30b0\u6d41\u4f53<\/li>\n<li>\u30bf\u30fc\u30b4\u30d0\u30f3\u30af<\/li>\n<li>\u30c6\u30ec\u30d5\u30a9\u30cb\u30ab\u30fb\u30c9\u30a4\u30c4\u30fb\u30db\u30fc\u30eb\u30c7\u30a3\u30f3\u30b0AG<\/li>\n<li>\u30c6\u30ec\u30c3\u30af\u30b9<\/li>\n<li>\u30c6\u30a3\u30c3\u30bb\u30f3\u30af\u30eb\u30c3\u30d7AG<\/li>\n<li>\u30e6\u30cb\u30ea\u30fc\u30d0\u30fb\u30c9\u30a4\u30c1\u30a7\u30e9\u30f3\u30c9\u30fb\u30db\u30fc\u30eb\u30c7\u30a3\u30f3\u30b0\u793e<\/li>\n<li>\u30cf\u30a4\u30c7\u30eb\u30d9\u30eb\u30af\u5927\u5b66<\/li>\n<li>\u30f4\u30a1\u30a4\u30e4\u30f3\u6709\u9650\u4f1a\u793e<\/li>\n<li>\u30c9\u30a4\u30c4\u30bb\u30e1\u30f3\u30c8\u5de5\u5834\u5354\u4f1a<\/li>\n<li>\u30f4\u30a3\u30b9\u30c6\u30aa\u30f3\u30fb\u30c9\u30a4\u30c4\u30fb\u30b2\u30fc\u30a8\u30e0\u30d9\u30fc\u30cf\u30fc<\/li>\n<li>\u30a6\u30a3\u30f3\u30ac\u30b9\u793e<\/li><li>\u305d\u306e\u4ed6\u591a\u6570<\/li>\n<\/ul>\t\t\t\t\t\t\t\t<\/div>\n\t\t\t\t<\/div>\n\t\t\t\t<\/div>\n\t\t\t\t\t<\/div>\n\t\t\t\t<\/div>\n\t\t\t\t\t<\/div>\n\t\t\t\t<\/div>\n\t\t\t\t\t<\/div>\n\t\t\t\t<\/div>\n\t\t<div data-particle_enable=\"false\" data-particle-mobile-disabled=\"false\" class=\"elementor-element elementor-element-90c64e1 e-flex e-con-boxed e-con e-parent\" data-id=\"90c64e1\" data-element_type=\"container\">\n\t\t\t\t\t<div class=\"e-con-inner\">\n\t\t\t\t<div class=\"elementor-element elementor-element-3d32499 elementor-widget elementor-widget-shortcode\" data-id=\"3d32499\" data-element_type=\"widget\" data-widget_type=\"shortcode.default\">\n\t\t\t\t<div class=\"elementor-widget-container\">\n\t\t\t\t\t\t\t<div class=\"elementor-shortcode\">\t\t<div data-elementor-type=\"container\" data-elementor-id=\"29227\" class=\"elementor elementor-29227\" data-elementor-post-type=\"elementor_library\">\n\t\t\t\t<div data-particle_enable=\"false\" data-particle-mobile-disabled=\"false\" class=\"elementor-element elementor-element-1149edd e-flex e-con-boxed e-con e-parent\" data-id=\"1149edd\" data-element_type=\"container\">\n\t\t\t\t\t<div class=\"e-con-inner\">\n\t\t\t\t<div class=\"elementor-element elementor-element-637047c7 elementor-icon-list--layout-traditional elementor-list-item-link-full_width elementor-widget elementor-widget-icon-list\" data-id=\"637047c7\" data-element_type=\"widget\" data-widget_type=\"icon-list.default\">\n\t\t\t\t<div class=\"elementor-widget-container\">\n\t\t\t\t\t\t\t<ul class=\"elementor-icon-list-items\">\n\t\t\t\t\t\t\t<li class=\"elementor-icon-list-item\">\n\t\t\t\t\t\t\t\t\t\t\t<a href=\"\/ja\/%e6%b1%82%e4%ba%ba\/\">\n\n\t\t\t\t\t\t\t\t\t\t\t\t<span class=\"elementor-icon-list-icon\">\n\t\t\t\t\t\t\t<svg aria-hidden=\"true\" class=\"e-font-icon-svg e-fas-chevron-right\" viewbox=\"0 0 320 512\" xmlns=\"http:\/\/www.w3.org\/2000\/svg\"><path d=\"M285.476 272.971L91.132 467.314c-9.373 9.373-24.569 9.373-33.941 0l-22.667-22.667c-9.357-9.357-9.375-24.522-.04-33.901L188.505 256 34.484 101.255c-9.335-9.379-9.317-24.544.04-33.901l22.667-22.667c9.373-9.373 24.569-9.373 33.941 0L285.475 239.03c9.373 9.372 9.373 24.568.001 33.941z\"><\/path><\/svg>\t\t\t\t\t\t<\/span>\n\t\t\t\t\t\t\t\t\t\t<span class=\"elementor-icon-list-text\">\u6c42\u4eba\u60c5\u5831<\/span>\n\t\t\t\t\t\t\t\t\t\t\t<\/a>\n\t\t\t\t\t\t\t\t\t<\/li>\n\t\t\t\t\t\t\t\t<li class=\"elementor-icon-list-item\">\n\t\t\t\t\t\t\t\t\t\t\t<a href=\"\/ja\/%e6%95%99%e8%82%b2\/\">\n\n\t\t\t\t\t\t\t\t\t\t\t\t<span class=\"elementor-icon-list-icon\">\n\t\t\t\t\t\t\t<svg aria-hidden=\"true\" class=\"e-font-icon-svg e-fas-chevron-right\" viewbox=\"0 0 320 512\" xmlns=\"http:\/\/www.w3.org\/2000\/svg\"><path d=\"M285.476 272.971L91.132 467.314c-9.373 9.373-24.569 9.373-33.941 0l-22.667-22.667c-9.357-9.357-9.375-24.522-.04-33.901L188.505 256 34.484 101.255c-9.335-9.379-9.317-24.544.04-33.901l22.667-22.667c9.373-9.373 24.569-9.373 33.941 0L285.475 239.03c9.373 9.372 9.373 24.568.001 33.941z\"><\/path><\/svg>\t\t\t\t\t\t<\/span>\n\t\t\t\t\t\t\t\t\t\t<span class=\"elementor-icon-list-text\">\u6559\u80b2<\/span>\n\t\t\t\t\t\t\t\t\t\t\t<\/a>\n\t\t\t\t\t\t\t\t\t<\/li>\n\t\t\t\t\t\t\t\t<li class=\"elementor-icon-list-item\">\n\t\t\t\t\t\t\t\t\t\t\t<a href=\"\/ja\/%e7%a7%81%e3%81%9f%e3%81%a1%e3%81%af\/\">\n\n\t\t\t\t\t\t\t\t\t\t\t\t<span class=\"elementor-icon-list-icon\">\n\t\t\t\t\t\t\t<svg aria-hidden=\"true\" class=\"e-font-icon-svg e-fas-chevron-right\" viewbox=\"0 0 320 512\" xmlns=\"http:\/\/www.w3.org\/2000\/svg\"><path d=\"M285.476 272.971L91.132 467.314c-9.373 9.373-24.569 9.373-33.941 0l-22.667-22.667c-9.357-9.357-9.375-24.522-.04-33.901L188.505 256 34.484 101.255c-9.335-9.379-9.317-24.544.04-33.901l22.667-22.667c9.373-9.373 24.569-9.373 33.941 0L285.475 239.03c9.373 9.372 9.373 24.568.001 33.941z\"><\/path><\/svg>\t\t\t\t\t\t<\/span>\n\t\t\t\t\t\t\t\t\t\t<span class=\"elementor-icon-list-text\">\u3053\u308c\u304c\u79c1\u305f\u3061\u3060<\/span>\n\t\t\t\t\t\t\t\t\t\t\t<\/a>\n\t\t\t\t\t\t\t\t\t<\/li>\n\t\t\t\t\t\t\t\t<li class=\"elementor-icon-list-item\">\n\t\t\t\t\t\t\t\t\t\t\t<a href=\"\/ja\/%e4%bc%9a%e7%a4%be%e6%a6%82%e8%a6%81\/\">\n\n\t\t\t\t\t\t\t\t\t\t\t\t<span class=\"elementor-icon-list-icon\">\n\t\t\t\t\t\t\t<svg aria-hidden=\"true\" class=\"e-font-icon-svg e-fas-chevron-right\" viewbox=\"0 0 320 512\" xmlns=\"http:\/\/www.w3.org\/2000\/svg\"><path d=\"M285.476 272.971L91.132 467.314c-9.373 9.373-24.569 9.373-33.941 0l-22.667-22.667c-9.357-9.357-9.375-24.522-.04-33.901L188.505 256 34.484 101.255c-9.335-9.379-9.317-24.544.04-33.901l22.667-22.667c9.373-9.373 24.569-9.373 33.941 0L285.475 239.03c9.373 9.372 9.373 24.568.001 33.941z\"><\/path><\/svg>\t\t\t\t\t\t<\/span>\n\t\t\t\t\t\t\t\t\t\t<span class=\"elementor-icon-list-text\">\u4f1a\u793e\u6982\u8981<\/span>\n\t\t\t\t\t\t\t\t\t\t\t<\/a>\n\t\t\t\t\t\t\t\t\t<\/li>\n\t\t\t\t\t\t\t\t<li class=\"elementor-icon-list-item\">\n\t\t\t\t\t\t\t\t\t\t\t<a href=\"\/ja\/pc%e3%82%92%e9%81%b8%e3%81%b610%e3%81%ae%e7%90%86%e7%94%b1\/\">\n\n\t\t\t\t\t\t\t\t\t\t\t\t<span class=\"elementor-icon-list-icon\">\n\t\t\t\t\t\t\t<svg aria-hidden=\"true\" class=\"e-font-icon-svg e-fas-chevron-right\" viewbox=\"0 0 320 512\" xmlns=\"http:\/\/www.w3.org\/2000\/svg\"><path d=\"M285.476 272.971L91.132 467.314c-9.373 9.373-24.569 9.373-33.941 0l-22.667-22.667c-9.357-9.357-9.375-24.522-.04-33.901L188.505 256 34.484 101.255c-9.335-9.379-9.317-24.544.04-33.901l22.667-22.667c9.373-9.373 24.569-9.373 33.941 0L285.475 239.03c9.373 9.372 9.373 24.568.001 33.941z\"><\/path><\/svg>\t\t\t\t\t\t<\/span>\n\t\t\t\t\t\t\t\t\t\t<span class=\"elementor-icon-list-text\">PCS\u304c\u5fc5\u8981\u306a10\u306e\u7406\u7531<\/span>\n\t\t\t\t\t\t\t\t\t\t\t<\/a>\n\t\t\t\t\t\t\t\t\t<\/li>\n\t\t\t\t\t\t\t\t<li class=\"elementor-icon-list-item\">\n\t\t\t\t\t\t\t\t\t\t\t<a href=\"\/ja\/%e3%83%93%e3%82%b8%e3%83%a7%e3%83%b3%e3%83%bb%e3%82%b5%e3%82%b9%e3%83%86%e3%83%8a%e3%83%93%e3%83%aa%e3%83%86%e3%82%a3\/\">\n\n\t\t\t\t\t\t\t\t\t\t\t\t<span class=\"elementor-icon-list-icon\">\n\t\t\t\t\t\t\t<svg aria-hidden=\"true\" class=\"e-font-icon-svg e-fas-chevron-right\" viewbox=\"0 0 320 512\" xmlns=\"http:\/\/www.w3.org\/2000\/svg\"><path d=\"M285.476 272.971L91.132 467.314c-9.373 9.373-24.569 9.373-33.941 0l-22.667-22.667c-9.357-9.357-9.375-24.522-.04-33.901L188.505 256 34.484 101.255c-9.335-9.379-9.317-24.544.04-33.901l22.667-22.667c9.373-9.373 24.569-9.373 33.941 0L285.475 239.03c9.373 9.372 9.373 24.568.001 33.941z\"><\/path><\/svg>\t\t\t\t\t\t<\/span>\n\t\t\t\t\t\t\t\t\t\t<span class=\"elementor-icon-list-text\">\u30d3\u30b8\u30e7\u30f3, \u6301\u7d9a\u53ef\u80fd\u6027<\/span>\n\t\t\t\t\t\t\t\t\t\t\t<\/a>\n\t\t\t\t\t\t\t\t\t<\/li>\n\t\t\t\t\t\t\t\t<li class=\"elementor-icon-list-item\">\n\t\t\t\t\t\t\t\t\t\t\t<a href=\"\/ja\/%e5%a4%9a%e6%a7%98%e6%80%a7\/\">\n\n\t\t\t\t\t\t\t\t\t\t\t\t<span class=\"elementor-icon-list-icon\">\n\t\t\t\t\t\t\t<svg aria-hidden=\"true\" class=\"e-font-icon-svg e-fas-chevron-right\" viewbox=\"0 0 320 512\" xmlns=\"http:\/\/www.w3.org\/2000\/svg\"><path d=\"M285.476 272.971L91.132 467.314c-9.373 9.373-24.569 9.373-33.941 0l-22.667-22.667c-9.357-9.357-9.375-24.522-.04-33.901L188.505 256 34.484 101.255c-9.335-9.379-9.317-24.544.04-33.901l22.667-22.667c9.373-9.373 24.569-9.373 33.941 0L285.475 239.03c9.373 9.372 9.373 24.568.001 33.941z\"><\/path><\/svg>\t\t\t\t\t\t<\/span>\n\t\t\t\t\t\t\t\t\t\t<span class=\"elementor-icon-list-text\">\u591a\u69d8\u6027\u3068\u591a\u69d8\u6027<\/span>\n\t\t\t\t\t\t\t\t\t\t\t<\/a>\n\t\t\t\t\t\t\t\t\t<\/li>\n\t\t\t\t\t\t\t\t<li class=\"elementor-icon-list-item\">\n\t\t\t\t\t\t\t\t\t\t\t<a href=\"\/ja\/%e5%8f%82%e8%80%83%e6%96%87%e7%8c%ae\/\">\n\n\t\t\t\t\t\t\t\t\t\t\t\t<span class=\"elementor-icon-list-icon\">\n\t\t\t\t\t\t\t<svg aria-hidden=\"true\" class=\"e-font-icon-svg e-fas-chevron-right\" viewbox=\"0 0 320 512\" xmlns=\"http:\/\/www.w3.org\/2000\/svg\"><path d=\"M285.476 272.971L91.132 467.314c-9.373 9.373-24.569 9.373-33.941 0l-22.667-22.667c-9.357-9.357-9.375-24.522-.04-33.901L188.505 256 34.484 101.255c-9.335-9.379-9.317-24.544.04-33.901l22.667-22.667c9.373-9.373 24.569-9.373 33.941 0L285.475 239.03c9.373 9.372 9.373 24.568.001 33.941z\"><\/path><\/svg>\t\t\t\t\t\t<\/span>\n\t\t\t\t\t\t\t\t\t\t<span class=\"elementor-icon-list-text\">\u30d7\u30ed\u30b8\u30a7\u30af\u30c8\u3001\u53c2\u8003\u6587\u732e<\/span>\n\t\t\t\t\t\t\t\t\t\t\t<\/a>\n\t\t\t\t\t\t\t\t\t<\/li>\n\t\t\t\t\t\t\t\t<li class=\"elementor-icon-list-item\">\n\t\t\t\t\t\t\t\t\t\t\t<a href=\"\/ja\/%e3%81%8a%e5%ae%a2%e6%a7%98%e3%81%ae%e5%a3%b0\/\">\n\n\t\t\t\t\t\t\t\t\t\t\t\t<span class=\"elementor-icon-list-icon\">\n\t\t\t\t\t\t\t<svg aria-hidden=\"true\" class=\"e-font-icon-svg e-fas-chevron-right\" viewbox=\"0 0 320 512\" xmlns=\"http:\/\/www.w3.org\/2000\/svg\"><path d=\"M285.476 272.971L91.132 467.314c-9.373 9.373-24.569 9.373-33.941 0l-22.667-22.667c-9.357-9.357-9.375-24.522-.04-33.901L188.505 256 34.484 101.255c-9.335-9.379-9.317-24.544.04-33.901l22.667-22.667c9.373-9.373 24.569-9.373 33.941 0L285.475 239.03c9.373 9.372 9.373 24.568.001 33.941z\"><\/path><\/svg>\t\t\t\t\t\t<\/span>\n\t\t\t\t\t\t\t\t\t\t<span class=\"elementor-icon-list-text\">\u304a\u5ba2\u69d8\u306e\u58f0<\/span>\n\t\t\t\t\t\t\t\t\t\t\t<\/a>\n\t\t\t\t\t\t\t\t\t<\/li>\n\t\t\t\t\t\t\t\t<li class=\"elementor-icon-list-item\">\n\t\t\t\t\t\t\t\t\t\t\t<a href=\"\/ja\/%e3%83%8b%e3%83%a5%e3%83%bc%e3%82%b9\/\">\n\n\t\t\t\t\t\t\t\t\t\t\t\t<span class=\"elementor-icon-list-icon\">\n\t\t\t\t\t\t\t<svg aria-hidden=\"true\" class=\"e-font-icon-svg e-fas-chevron-right\" viewbox=\"0 0 320 512\" xmlns=\"http:\/\/www.w3.org\/2000\/svg\"><path d=\"M285.476 272.971L91.132 467.314c-9.373 9.373-24.569 9.373-33.941 0l-22.667-22.667c-9.357-9.357-9.375-24.522-.04-33.901L188.505 256 34.484 101.255c-9.335-9.379-9.317-24.544.04-33.901l22.667-22.667c9.373-9.373 24.569-9.373 33.941 0L285.475 239.03c9.373 9.372 9.373 24.568.001 33.941z\"><\/path><\/svg>\t\t\t\t\t\t<\/span>\n\t\t\t\t\t\t\t\t\t\t<span class=\"elementor-icon-list-text\">\u30cb\u30e5\u30fc\u30b9<\/span>\n\t\t\t\t\t\t\t\t\t\t\t<\/a>\n\t\t\t\t\t\t\t\t\t<\/li>\n\t\t\t\t\t\t<\/ul>\n\t\t\t\t\t\t<\/div>\n\t\t\t\t<\/div>\n\t\t\t\t\t<\/div>\n\t\t\t\t<\/div>\n\t\t\t\t<\/div>\n\t\t<\/div>\n\t\t\t\t\t\t<\/div>\n\t\t\t\t<\/div>\n\t\t\t\t\t<\/div>\n\t\t\t\t<\/div>\n\t\t\t\t<\/div>","protected":false},"excerpt":{"rendered":"<p>FC Union Berlin e.V. Adolf W\u00fcrth GmbH &amp; Co.KG Group headquarters K\u00fcnzelsau Answers GmbH \u2013 Berlin August Storck KG Berlin A\u00dcW Allg\u00e4uer \u00dcberlandwerk GmbH Kempten Ardex GmbH \u2013 Witten Berliner Dom Berlin Beuth Hochschule f\u00fcr Technik Berlin Embassy of the United States Berlin Federal Ministry of Labour and Social Affairs Berlin Bundesrat Berlin CBC Cologne Broadcasting Center GmbH K\u00f6ln CCH Congress Center Hamburg CCD Congress Center D\u00fcsseldorf Messe D\u00fcsseldorf DEGES Deutsche Einheit Fernstra\u00dfenplanungs- und - bau GmbH Berlin Deutsche Apotheker- und \u00c4rztebank Headquarters D\u00fcsseldorf Deutsche Apotheker- und \u00c4rztebank Headquarters D\u00fcsseldorf Deutsche Einheit Fernstra\u00dfenplanungs- und - bau GmbH Berlin Deutsche Apotheker- und \u00c4rztebank Headquarters D\u00fcsseldorf\u30c9\u30a4\u30c4\u9280\u884cAG\u672c\u793e\u30d5\u30e9\u30f3\u30af\u30d5\u30eb\u30c8\uff0f\u30de\u30a4\u30f3 \u30c9\u30a4\u30c4\u30e9\u30f3\u30c9\u30e9\u30b8\u30aa\u30fb\u30d9\u30eb\u30ea\u30f3 \u30a8\u30b3\u30e9\u30dc\u30fb\u30c9\u30a4\u30c4\u30fb\u30e2\u30f3\u30cf\u30a4\u30e0 \u30e8\u30fc\u30ed\u30c3\u30d1\u30fb\u30a2\u30ab\u30c7\u30df\u30fc\u30fb\u30d9\u30eb\u30ea\u30f3 \u30d5\u30ea\u30c3\u30c4\u30fb\u30c6\u30a3\u30c3\u30bb\u30f3\u8ca1\u56e3\u2013 \u30c9\u30a4\u30c4\u6b74\u53f2\u7814\u7a76\u6240\u30e2\u30b9\u30af\u30ef \u30d5\u30ea\u30c3\u30c4\u30fb\u30c6\u30a3\u30c3\u30bb\u30f3\u8ca1\u56e3\u2013 \u30cf\u30a6\u30b9 [...]...]<\/p>","protected":false},"author":1,"featured_media":45482,"parent":0,"menu_order":0,"comment_status":"closed","ping_status":"closed","template":"","meta":{"_acf_changed":false,"footnotes":""},"class_list":["post-12864","page","type-page","status-publish","has-post-thumbnail","hentry"],"acf":[],"_links":{"self":[{"href":"https:\/\/konferenztechnik.de\/ja\/wp-json\/wp\/v2\/pages\/12864","targetHints":{"allow":["GET"]}}],"collection":[{"href":"https:\/\/konferenztechnik.de\/ja\/wp-json\/wp\/v2\/pages"}],"about":[{"href":"https:\/\/konferenztechnik.de\/ja\/wp-json\/wp\/v2\/types\/page"}],"author":[{"embeddable":true,"href":"https:\/\/konferenztechnik.de\/ja\/wp-json\/wp\/v2\/users\/1"}],"replies":[{"embeddable":true,"href":"https:\/\/konferenztechnik.de\/ja\/wp-json\/wp\/v2\/comments?post=12864"}],"version-history":[{"count":0,"href":"https:\/\/konferenztechnik.de\/ja\/wp-json\/wp\/v2\/pages\/12864\/revisions"}],"wp:featuredmedia":[{"embeddable":true,"href":"https:\/\/konferenztechnik.de\/ja\/wp-json\/wp\/v2\/media\/45482"}],"wp:attachment":[{"href":"https:\/\/konferenztechnik.de\/ja\/wp-json\/wp\/v2\/media?parent=12864"}],"curies":[{"name":"wp","href":"https:\/\/api.w.org\/{rel}","templated":true}]}}