{"id":1289,"date":"2013-08-23T13:43:12","date_gmt":"2013-08-23T11:43:12","guid":{"rendered":"https:\/\/pcs-miete.de\/?page_id=1289"},"modified":"2023-07-05T14:11:50","modified_gmt":"2023-07-05T12:11:50","slug":"%e3%82%aa%e3%83%bc%e3%83%87%e3%82%a3%e3%82%aa%e3%83%bb%e3%83%86%e3%82%af%e3%83%8e%e3%83%ad%e3%82%b8%e3%83%bc-%e3%83%9e%e3%82%a4%e3%82%af%e3%83%ad%e3%83%95%e3%82%a9%e3%83%b3-%e3%82%b5%e3%82%a6%e3%83%b3","status":"publish","type":"page","link":"https:\/\/konferenztechnik.de\/ja\/%e4%bc%9a%e8%ad%b0%e3%81%8a%e3%82%88%e3%81%b3av%e3%83%a1%e3%83%87%e3%82%a3%e3%82%a2%e6%8a%80%e8%a1%93%e3%81%ae%e9%85%8d%e5%b8%83\/%e3%82%aa%e3%83%bc%e3%83%87%e3%82%a3%e3%82%aa%e3%83%bb%e3%83%86%e3%82%af%e3%83%8e%e3%83%ad%e3%82%b8%e3%83%bc-%e3%83%9e%e3%82%a4%e3%82%af%e3%83%ad%e3%83%95%e3%82%a9%e3%83%b3-%e3%82%b5%e3%82%a6%e3%83%b3\/","title":{"rendered":"\u30aa\u30fc\u30c7\u30a3\u30aa\u30fb\u30c6\u30af\u30ce\u30ed\u30b8\u30fc \u30de\u30a4\u30af\u30ed\u30d5\u30a9\u30f3 \u30b5\u30a6\u30f3\u30c9\u30fb\u30ea\u30a4\u30f3\u30d5\u30a9\u30fc\u30b9\u30e1\u30f3\u30c8 \u30b3\u30f3\u30c8\u30ed\u30fc\u30eb\u30eb\u30fc\u30e0\uff06\u30d7\u30ec\u30a4\u30d0\u30c3\u30af"},"content":{"rendered":"<h1>\u30aa\u30fc\u30c7\u30a3\u30aa\u6280\u8853\uff1a\u30de\u30a4\u30af\u3001\u30df\u30ad\u30b7\u30f3\u30b0\u30b3\u30f3\u30bd\u30fc\u30eb\u3001\u30b5\u30a6\u30f3\u30c9\u30b7\u30b9\u30c6\u30e0<\/h1>\n<p><a href=\"\/ja\/%e4%bc%9a%e8%ad%b0%e3%81%8a%e3%82%88%e3%81%b3av%e3%83%a1%e3%83%87%e3%82%a3%e3%82%a2%e6%8a%80%e8%a1%93%e3%81%ae%e9%85%8d%e5%b8%83\/%e3%82%aa%e3%83%bc%e3%83%87%e3%82%a3%e3%82%aa%e3%83%bb%e3%83%86%e3%82%af%e3%83%8e%e3%83%ad%e3%82%b8%e3%83%bc-%e3%83%9e%e3%82%a4%e3%82%af%e3%83%ad%e3%83%95%e3%82%a9%e3%83%b3-%e3%82%b5%e3%82%a6%e3%83%b3\/%e3%83%9e%e3%82%a4%e3%82%af%e3%83%ad%e3%83%95%e3%82%a9%e3%83%b3\/\"><img fetchpriority=\"high\" decoding=\"async\" class=\"alignnone size-full wp-image-1208\" alt=\"a1\" src=\"https:\/\/konferenztechnik.de\/wp-content\/uploads\/2013\/08\/a1.jpg\" width=\"288\" height=\"198\" title=\"\"><\/a><a href=\"\/ja\/%e4%bc%9a%e8%ad%b0%e3%81%8a%e3%82%88%e3%81%b3av%e3%83%a1%e3%83%87%e3%82%a3%e3%82%a2%e6%8a%80%e8%a1%93%e3%81%ae%e9%85%8d%e5%b8%83\/%e3%82%aa%e3%83%bc%e3%83%87%e3%82%a3%e3%82%aa%e3%83%bb%e3%83%86%e3%82%af%e3%83%8e%e3%83%ad%e3%82%b8%e3%83%bc-%e3%83%9e%e3%82%a4%e3%82%af%e3%83%ad%e3%83%95%e3%82%a9%e3%83%b3-%e3%82%b5%e3%82%a6%e3%83%b3\/%e3%83%9e%e3%82%a4%e3%82%af%e3%83%ad%e3%83%95%e3%82%a9%e3%83%b3\/\"><br \/>\n\u30de\u30a4\u30af<\/a><\/p>\n<p><a href=\"\/ja\/%e4%bc%9a%e8%ad%b0%e3%81%8a%e3%82%88%e3%81%b3av%e3%83%a1%e3%83%87%e3%82%a3%e3%82%a2%e6%8a%80%e8%a1%93%e3%81%ae%e9%85%8d%e5%b8%83\/%e3%82%aa%e3%83%bc%e3%83%87%e3%82%a3%e3%82%aa%e3%83%bb%e3%83%86%e3%82%af%e3%83%8e%e3%83%ad%e3%82%b8%e3%83%bc-%e3%83%9e%e3%82%a4%e3%82%af%e3%83%ad%e3%83%95%e3%82%a9%e3%83%b3-%e3%82%b5%e3%82%a6%e3%83%b3\/%e3%82%b5%e3%82%a6%e3%83%b3%e3%83%89%e3%82%b7%e3%82%b9%e3%83%86%e3%83%a0\/\"><img decoding=\"async\" class=\"alignnone size-full wp-image-1208\" alt=\"\u30b9\u30af\u30ea\u30fc\u30f3\u3068\u30c7\u30a3\u30b9\u30d7\u30ec\u30a4\" src=\"https:\/\/konferenztechnik.de\/wp-content\/uploads\/2013\/08\/a2.jpg\" width=\"288\" height=\"198\" title=\"\"><\/a><a href=\"\/ja\/%e4%bc%9a%e8%ad%b0%e3%81%8a%e3%82%88%e3%81%b3av%e3%83%a1%e3%83%87%e3%82%a3%e3%82%a2%e6%8a%80%e8%a1%93%e3%81%ae%e9%85%8d%e5%b8%83\/%e3%82%aa%e3%83%bc%e3%83%87%e3%82%a3%e3%82%aa%e3%83%bb%e3%83%86%e3%82%af%e3%83%8e%e3%83%ad%e3%82%b8%e3%83%bc-%e3%83%9e%e3%82%a4%e3%82%af%e3%83%ad%e3%83%95%e3%82%a9%e3%83%b3-%e3%82%b5%e3%82%a6%e3%83%b3\/%e3%82%b5%e3%82%a6%e3%83%b3%e3%83%89%e3%82%b7%e3%82%b9%e3%83%86%e3%83%a0\/\"><br \/>\n\u30b5\u30a6\u30f3\u30c9\u30b7\u30b9\u30c6\u30e0<\/a><\/p>\n<p><a href=\"\/ja\/%e4%bc%9a%e8%ad%b0%e3%81%8a%e3%82%88%e3%81%b3av%e3%83%a1%e3%83%87%e3%82%a3%e3%82%a2%e6%8a%80%e8%a1%93%e3%81%ae%e9%85%8d%e5%b8%83\/%e3%82%aa%e3%83%bc%e3%83%87%e3%82%a3%e3%82%aa%e3%83%bb%e3%83%86%e3%82%af%e3%83%8e%e3%83%ad%e3%82%b8%e3%83%bc-%e3%83%9e%e3%82%a4%e3%82%af%e3%83%ad%e3%83%95%e3%82%a9%e3%83%b3-%e3%82%b5%e3%82%a6%e3%83%b3\/%e3%83%9f%e3%82%ad%e3%82%b7%e3%83%b3%e3%82%b0%e3%82%b3%e3%83%b3%e3%82%bd%e3%83%bc%e3%83%ab\/\"><img decoding=\"async\" class=\"alignnone size-full wp-image-1209\" alt=\"\u30d7\u30ed\u30b8\u30a7\u30af\u30bf\u30fc\u7528\u30de\u30a6\u30f3\u30c8\" src=\"https:\/\/konferenztechnik.de\/wp-content\/uploads\/2013\/08\/a3.jpg\" width=\"288\" height=\"198\" title=\"\"><\/a><a href=\"\/ja\/%e4%bc%9a%e8%ad%b0%e3%81%8a%e3%82%88%e3%81%b3av%e3%83%a1%e3%83%87%e3%82%a3%e3%82%a2%e6%8a%80%e8%a1%93%e3%81%ae%e9%85%8d%e5%b8%83\/%e3%82%aa%e3%83%bc%e3%83%87%e3%82%a3%e3%82%aa%e3%83%bb%e3%83%86%e3%82%af%e3%83%8e%e3%83%ad%e3%82%b8%e3%83%bc-%e3%83%9e%e3%82%a4%e3%82%af%e3%83%ad%e3%83%95%e3%82%a9%e3%83%b3-%e3%82%b5%e3%82%a6%e3%83%b3\/%e3%83%9f%e3%82%ad%e3%82%b7%e3%83%b3%e3%82%b0%e3%82%b3%e3%83%b3%e3%82%bd%e3%83%bc%e3%83%ab\/\"><br \/>\n\u30df\u30ad\u30b7\u30f3\u30b0\u30fb\u30b3\u30f3\u30bd\u30fc\u30eb<\/a><\/p>\n<p><a href=\"\/ja\/%e4%bc%9a%e8%ad%b0%e3%81%8a%e3%82%88%e3%81%b3av%e3%83%a1%e3%83%87%e3%82%a3%e3%82%a2%e6%8a%80%e8%a1%93%e3%81%ae%e9%85%8d%e5%b8%83\/%e3%82%aa%e3%83%bc%e3%83%87%e3%82%a3%e3%82%aa%e3%83%bb%e3%83%86%e3%82%af%e3%83%8e%e3%83%ad%e3%82%b8%e3%83%bc-%e3%83%9e%e3%82%a4%e3%82%af%e3%83%ad%e3%83%95%e3%82%a9%e3%83%b3-%e3%82%b5%e3%82%a6%e3%83%b3\/%e3%83%80%e3%82%a4%e3%83%8a%e3%83%9f%e3%82%af%e3%82%b9%e3%81%a8%e5%8a%b9%e6%9e%9c\/\"><img loading=\"lazy\" decoding=\"async\" class=\"alignnone size-full wp-image-1211\" alt=\"\u30d7\u30ed\u30b8\u30a7\u30af\u30bf\u30fc\u7528\u30cf\u30a6\u30b8\u30f3\u30b0\" src=\"https:\/\/konferenztechnik.de\/wp-content\/uploads\/2013\/08\/a4.jpg\" width=\"288\" height=\"198\" title=\"\"><\/a><a href=\"\/ja\/%e4%bc%9a%e8%ad%b0%e3%81%8a%e3%82%88%e3%81%b3av%e3%83%a1%e3%83%87%e3%82%a3%e3%82%a2%e6%8a%80%e8%a1%93%e3%81%ae%e9%85%8d%e5%b8%83\/%e3%82%aa%e3%83%bc%e3%83%87%e3%82%a3%e3%82%aa%e3%83%bb%e3%83%86%e3%82%af%e3%83%8e%e3%83%ad%e3%82%b8%e3%83%bc-%e3%83%9e%e3%82%a4%e3%82%af%e3%83%ad%e3%83%95%e3%82%a9%e3%83%b3-%e3%82%b5%e3%82%a6%e3%83%b3\/%e3%83%80%e3%82%a4%e3%83%8a%e3%83%9f%e3%82%af%e3%82%b9%e3%81%a8%e5%8a%b9%e6%9e%9c\/\"><br \/>\n\u30c7\u30b8\u30bf\u30eb\u4fe1\u53f7\u51e6\u7406\uff08DSP\uff09<\/a><\/p>\n<p><a href=\"\/ja\/%e4%bc%9a%e8%ad%b0%e3%81%8a%e3%82%88%e3%81%b3av%e3%83%a1%e3%83%87%e3%82%a3%e3%82%a2%e6%8a%80%e8%a1%93%e3%81%ae%e9%85%8d%e5%b8%83\/%e4%bc%90%e6%8e%a1\/\"><img loading=\"lazy\" decoding=\"async\" src=\"https:\/\/konferenztechnik.de\/wp-content\/uploads\/2013\/08\/audiotechnik-bei-pcs_marantz-mp3-rekorder.jpg\" alt=\"PCS\u306e\u30aa\u30fc\u30c7\u30a3\u30aa\u6280\u8853 - \u9332\u97f3\u3068\u30ed\u30ae\u30f3\u30b0\" width=\"288\" height=\"198\" class=\"alignleft size-full wp-image-3491\" title=\"\"><br \/>\n\u9332\u97f3\u3068\u518d\u751f<\/a><\/p>\n<div class=\"boxcontainer\">\n<div class=\"box1-2\">\n<h1>\u62c5\u5f53\u8005<\/h1>\n<\/div>\n<div class=\"box1-2-order\">\n<h1>\u305d\u306e\u4ed6\u306e\u30ea\u30f3\u30af<\/h1>\n<\/div>\n<div class=\"box1-4\">\n<div class=\"box-head\">\u6d41\u901a\u30fb\u8ca9\u58f2<\/div>\n<\/div>\n<div class=\"box2-4-2\" style=\"order:1;\">\n<div class=\"weiterlinks\">\n<ul>\n<a title=\"\u88fd\u54c1\u30b0\u30eb\u30fc\u30d7\u5225\u5206\u5e03\" href=\"\/ja\/%e8%a3%bd%e5%93%81%e3%82%b0%e3%83%ab%e3%83%bc%e3%83%97\/\">\u88fd\u54c1\u30b0\u30eb\u30fc\u30d7\u5225\u5206\u5e03<\/a><br \/>\n<a title=\"\u30e1\u30fc\u30ab\u30fc\u5225\u5206\u5e03\" href=\"\/ja\/%e3%83%a1%e3%83%bc%e3%82%ab%e3%83%bc\/\">\u30e1\u30fc\u30ab\u30fc\u5225\u5206\u5e03<\/a><br \/>\n<a title=\"\u30ab\u30b9\u30bf\u30de\u30a4\u30ba\u88fd\u54c1\u3001\u30e1\u30f3\u30c6\u30ca\u30f3\u30b9\u3001\u4fee\u7406\" href=\"\/ja\/%e3%82%b5%e3%83%bc%e3%83%93%e3%82%b9-2\/%e3%83%a1%e3%83%b3%e3%83%86%e3%83%8a%e3%83%b3%e3%82%b9%e3%81%a8%e4%bf%ae%e7%90%86\/\">\u30ab\u30b9\u30bf\u30de\u30a4\u30ba\u88fd\u54c1\u3001\u30e1\u30f3\u30c6\u30ca\u30f3\u30b9\u3001\u4fee\u7406<\/a><br \/>\n<a title=\"PCS\u304c\u5fc5\u8981\u306a10\u306e\u7406\u7531\" href=\"\/ja\/%e4%bc%9a%e7%a4%be%e6%a6%82%e8%a6%81-2\/pc%e3%82%92%e9%81%b8%e3%81%b610%e3%81%ae%e7%90%86%e7%94%b1\/\">PCS\u304c\u5fc5\u8981\u306a10\u306e\u7406\u7531<\/a><br \/>\n<a title=\"\u53c2\u8003\u6587\u732e\" href=\"\/ja\/%e4%bc%9a%e7%a4%be%e6%a6%82%e8%a6%81-2\/%e3%83%aa%e3%83%95%e3%82%a1%e3%83%ac%e3%83%b3%e3%82%b9%e3%83%bb%e3%83%aa%e3%82%b9%e3%83%88\/\">\u53c2\u8003\u6587\u732e \u30a4\u30f3\u30b9\u30c8\u30fc\u30eb\u3068\u7d71\u5408<\/a><br \/>\n<a title=\"PCS\uff1a\u5168\u30b5\u30fc\u30d3\u30b9\u4e00\u89a7\" href=\"\/ja\/%e3%82%b5%e3%83%bc%e3%83%93%e3%82%b9-2\/\">PCS\uff1a\u5168\u30b5\u30fc\u30d3\u30b9\u4e00\u89a7<\/a><\/ul>\n<\/div>\n<\/div>\n<\/div>","protected":false},"excerpt":{"rendered":"<p>Audiotechnik: Mikrofone, Mischpulte, Beschallung Mikrofone Beschallung Mischpulte Digital Signal Processing (DSP) Aufnahme und Wiedergabe Ansprechpartner Weiterf\u00fchrende Links Vertrieb und Verkauf Vertrieb nach Produktgruppen Vertrieb nach Hersteller Sonderanfertigungen, Wartung und Reparaturen 10 gute Gr\u00fcnde f\u00fcr PCS Referenzen Installation und Integration PCS: Alle Leistungen im \u00dcberblick<\/p>","protected":false},"author":1,"featured_media":45482,"parent":3614,"menu_order":219,"comment_status":"closed","ping_status":"open","template":"","meta":{"_acf_changed":false,"footnotes":""},"class_list":["post-1289","page","type-page","status-publish","has-post-thumbnail","hentry"],"acf":[],"_links":{"self":[{"href":"https:\/\/konferenztechnik.de\/ja\/wp-json\/wp\/v2\/pages\/1289","targetHints":{"allow":["GET"]}}],"collection":[{"href":"https:\/\/konferenztechnik.de\/ja\/wp-json\/wp\/v2\/pages"}],"about":[{"href":"https:\/\/konferenztechnik.de\/ja\/wp-json\/wp\/v2\/types\/page"}],"author":[{"embeddable":true,"href":"https:\/\/konferenztechnik.de\/ja\/wp-json\/wp\/v2\/users\/1"}],"replies":[{"embeddable":true,"href":"https:\/\/konferenztechnik.de\/ja\/wp-json\/wp\/v2\/comments?post=1289"}],"version-history":[{"count":0,"href":"https:\/\/konferenztechnik.de\/ja\/wp-json\/wp\/v2\/pages\/1289\/revisions"}],"up":[{"embeddable":true,"href":"https:\/\/konferenztechnik.de\/ja\/wp-json\/wp\/v2\/pages\/3614"}],"wp:featuredmedia":[{"embeddable":true,"href":"https:\/\/konferenztechnik.de\/ja\/wp-json\/wp\/v2\/media\/45482"}],"wp:attachment":[{"href":"https:\/\/konferenztechnik.de\/ja\/wp-json\/wp\/v2\/media?parent=1289"}],"curies":[{"name":"wp","href":"https:\/\/api.w.org\/{rel}","templated":true}]}}