{"id":13037,"date":"2018-05-02T18:50:17","date_gmt":"2018-05-02T17:50:17","guid":{"rendered":"https:\/\/www.konferenztechnik.de\/?page_id=13037"},"modified":"2023-09-01T13:16:24","modified_gmt":"2023-09-01T11:16:24","slug":"%e3%82%bc%e3%83%b3%e3%83%8f%e3%82%a4%e3%82%b6%e3%83%bc%e3%83%84%e3%82%a2%e3%83%bc%e3%82%ac%e3%82%a4%e3%83%89%e3%82%92%e8%b3%bc%e5%85%a5%e3%81%99%e3%82%8b","status":"publish","type":"page","link":"https:\/\/konferenztechnik.de\/ja\/%e3%82%bc%e3%83%b3%e3%83%8f%e3%82%a4%e3%82%b6%e3%83%bc%e3%83%84%e3%82%a2%e3%83%bc%e3%82%ac%e3%82%a4%e3%83%89%e3%82%92%e8%b3%bc%e5%85%a5%e3%81%99%e3%82%8b\/","title":{"rendered":"\u30bc\u30f3\u30cf\u30a4\u30b6\u30fc\u30fb\u30c4\u30a2\u30fc\u30ac\u30a4\u30c9\u3092\u8cfc\u5165\u3059\u308b"},"content":{"rendered":"<h1>\u30bc\u30f3\u30cf\u30a4\u30b6\u30fc\u30fb\u30c4\u30a2\u30fc\u30ac\u30a4\u30c92020 D\u3092\u8cfc\u5165\u3059\u308b<\/h1>\n<div class=\"call-action-slider-img\">\n<img decoding=\"async\" src=\"https:\/\/konferenztechnik.de\/wp-content\/uploads\/2018\/05\/EK-2020-D-II-kaufen.jpg\" alt=\"\u30bc\u30f3\u30cf\u30a4\u30b6\u30fc\u30fb\u30c4\u30a2\u30fc\u30ac\u30a4\u30c9\u3092PCS Konferenztechnik\u3067\u8cfc\u5165\u3059\u308b\" class=\"alignnone size-full wp-image-12201\" title=\"\"><br \/>\n<button class=\"bbtn popmake-12226\">\u898b\u7a4d\u3082\u308a\u4f9d\u983c &amp;#x9B\uff1b<\/button><\/div>\n<h2>\u30ec\u30b7\u30fc\u30d0\u30fc EK 2020-D-II<\/h2>\n<p>[spacer size=\"10\u2033]<\/p>\n<p>\u975e\u5e38\u306b\u9811\u4e08\u3067\u3001\u591a\u76ee\u7684\u306b\u4f7f\u7528\u3067\u304d\u308b\u30dc\u30c7\u30a3\u30d1\u30c3\u30af\u30fb\u30ec\u30b7\u30fc\u30d0\u30fc\u306f<br \/>\n\u30ac\u30a4\u30c9\u30c4\u30a2\u30fc\u3001\u4f1a\u8b70\u3001\u30d2\u30a2\u30ea\u30f3\u30b0\u30a2\u30b7\u30b9\u30c8\u306a\u3069\u306e\u7528\u9014\u306b\u6700\u9069\u3067\u3059\u3002<br \/>\n\u307e\u305f\u306fT\u30b3\u30a4\u30eb\u4ed8\u304d\u88dc\u8074\u5668\u7528\u306e\u8a98\u5c0e\u30eb\u30fc\u30d7\u304c\u5b8c\u6210\u3057\u307e\u3057\u305f\uff01\u30c7\u30b8\u30bf\u30eb\u4fe1\u53f7\u4f1d\u9001<br \/>\n\u97f3\u8cea\u3068\u76f4\u611f\u7684\u306a\u64cd\u4f5c\u30b3\u30f3\u30bb\u30d7\u30c8\u304c\u7279\u5fb4\u3067\u3059\u3002\u97f3\u91cf\u3001\u53d7\u4fe1\u54c1\u8cea\u3001\u30d0\u30c3\u30c6\u30ea\u30fc\u72b6\u614b\u3001\u53d7\u4fe1\u30c1\u30e3\u30f3\u30cd\u30eb<br \/>\n\u306f\u30d0\u30c3\u30af\u30e9\u30a4\u30c8\u4ed8\u304dLCD\u30c7\u30a3\u30b9\u30d7\u30ec\u30a4\u304b\u3089\u8aad\u307f\u53d6\u308b\u3002\u5185\u8535\u30af\u30ea\u30c3\u30d7\u3067\u30b7\u30e3\u30c4\u3001\u30d9\u30eb\u30c8\u3001\u30b9\u30c8\u30e9\u30c3\u30d7\u306b\u88c5\u7740\u53ef\u80fd\u3002<\/p>\n<p>4\uff1a\u30d0\u30c3\u30af\u30e9\u30a4\u30c8\u4ed8\u304d\u6709\u6a5fEL\u30c7\u30a3\u30b9\u30d7\u30ec\u30a4\u306f\u3001\u53d7\u4fe1\u30c1\u30e3\u30f3\u30cd\u30eb\u3001\u97f3\u91cf\u3001\u30d0\u30c3\u30c6\u30ea\u30fc\u72b6\u614b\u3001\u53d7\u4fe1\u54c1\u8cea\u306b\u95a2\u3059\u308b\u60c5\u5831\u3092\u63d0\u4f9b\u3059\u308b<\/p>\n<p>2\uff1a\u30c1\u30e3\u30f3\u30cd\u30eb\u9078\u629e\u30dc\u30bf\u30f3<\/p>\n<p>3: \u97f3\u91cf\u8abf\u7bc0<\/p>\n<p>\u30aa\u30fc\u30c8\u30aa\u30d5\u6a5f\u80fd\uff08\u30c8\u30e9\u30f3\u30b9\u30df\u30c3\u30bf\u30fc\u306e\u96fb\u6e90\u304c\u5207\u308c\u305f\u3068\u304d\u3001\u307e\u305f\u306f<br \/>\n\u30d8\u30c3\u30c9\u30db\u30f3\u3092\u5916\u3059\u3068\uff09\u30d0\u30c3\u30c6\u30ea\u30fc\u3092\u7bc0\u7d04\u3067\u304d\u307e\u3059\uff08\u30d0\u30c3\u30c6\u30ea\u30fc\u99c6\u52d5\u6642\u9593\u306f\u6700\u592716\u6642\u9593\uff09\u3002\u5c4b\u5916\u3067\u306e\u53d7\u4fe1\u7bc4\u56f2\u306f\u7d04100\u30e1\u30fc\u30c8\u30eb\u3001<br \/>\n\u5bc6\u5ba4\u3067\u306f50\u30e1\u30fc\u30c8\u30eb\u524d\u5f8c\u3002<\/p>\n<hr style=\"background-color:#999999; margin-bottom:30px;\">\n<div class=\"call-action-slider-img\">\n<img decoding=\"async\" src=\"https:\/\/konferenztechnik.de\/wp-content\/uploads\/2018\/05\/HDE-2020-D-II-kaufen.jpg\" alt=\"PCS Konferenztechnik\u3067\u30bc\u30f3\u30cf\u30a4\u30b6\u30fc\u306e\u3042\u3054\u4e57\u305b\u30c4\u30a2\u30fc\u30ac\u30a4\u30c9\u3092\u8cfc\u5165\u3059\u308b\" class=\"alignnone size-full wp-image-12201\" title=\"\"><\/p>\n<\/div>\n<h2>\u30ec\u30b7\u30fc\u30d0\u30fc HDE 2020-D-II<\/h2>\n<p>[spacer size=\"10\u2033]<\/p>\n<p>\u30ea\u30b9\u30ca\u30fc\u304c\u5feb\u9069\u306b\u88c5\u7740\u3067\u304d\u308b\u984e\u5f53\u3066\u5f0f\u30d8\u30c3\u30c9\u30d5\u30a9\u30f3\u306f\u3001\u91cd\u91cf\u304c\u8efd\u3044\u3002<br \/>\n\u308f\u305a\u304b70g\u3002\u30ec\u30b7\u30fc\u30d0\u30fc\u3068\u30d8\u30c3\u30c9\u30db\u30f3\u304c\u4e00\u4f53\u5316\u3057\u3066\u304a\u308a\u3001\u30b1\u30fc\u30d6\u30eb\u304c\u7d61\u307e\u308b\u3053\u3068\u3082\u306a\u3044\u3002\u305d\u306e\u305f\u3081\u3001\u30ea\u30b9\u30ca\u30fc\u306f\u672c\u5f53\u306b\u5fc5\u8981\u4ee5\u4e0a\u306e\u3082\u306e\u3092\u6301\u3061\u904b\u3076\u5fc5\u8981\u304c\u306a\u3044\u3002<br \/>\n\u3053\u306e\u643a\u5e2f\u96fb\u8a71\u306e\u5f37\u529b\u306a\u30d0\u30c3\u30c6\u30ea\u30fc\u306f\u6700\u59278\u6642\u9593\u99c6\u52d5\u3059\u308b\u305f\u3081\u3001\u4e38\u4e00\u65e5\u306e\u5e02\u5185\u89b3\u5149\u3082\u53ef\u80fd\u3060\u3002<br \/>\n\u6587\u5316\u30bb\u30f3\u30bf\u30fc\u307e\u305f\u306f\u5927\u4f01\u696d\u3002\u30d8\u30c3\u30c9\u30bb\u30c3\u30c8\u3092\u7740\u8131\u3059\u308b\u3068\u81ea\u52d5\u7684\u306b\u96fb\u6e90\u304c\u5165\u308a\u307e\u3059\u3002<br \/>\n\u3092\u30aa\u30d5\u306b\u3059\u308b\u3002\u3053\u308c\u306f\u30d0\u30c3\u30c6\u30ea\u30fc\u306e\u7bc0\u7d04\u306b\u306a\u308b\u3002<\/p>\n<p>\u30c1\u30f3\u30ec\u30b9\u30c8\u30fb\u30ec\u30b7\u30fc\u30d0\u30fc\u306e\u53d7\u4fe1\u7bc4\u56f2\u306f\u3001\u5c4b\u5916\u3067\u306f\u7d04100\u30e1\u30fc\u30c8\u30eb\u3001\u5c4b\u5185\u3067\u306f\u7d04100\u30e1\u30fc\u30c8\u30eb\u3002<br \/>\n\u5ba2\u5ba4\u306f\u7d0450\u30e1\u30fc\u30c8\u30eb\u3002<\/p>\n<hr style=\"background-color:#999999; margin-bottom:30px;\">\n<div class=\"call-action-slider-img\">\n<img decoding=\"async\" src=\"https:\/\/konferenztechnik.de\/wp-content\/uploads\/2018\/05\/SK-2020-D-kaufen.jpg\" alt=\"\u30bc\u30f3\u30cf\u30a4\u30b6\u30fcTourguide\u30dc\u30c7\u30a3\u30d1\u30c3\u30af\u30c8\u30e9\u30f3\u30b9\u30df\u30c3\u30bf\u30fc\u3092\u8cfc\u5165\u3059\u308b\" class=\"alignnone size-full wp-image-12201\" title=\"\"><\/p>\n<\/div>\n<h2>SK 2020-D \u30dd\u30b1\u30c3\u30c8\u30c8\u30e9\u30f3\u30b9\u30df\u30c3\u30bf\u30fc<\/h2>\n<p>[spacer size=\"10\u2033]<\/p>\n<p>\u30dc\u30c7\u30a3\u30d1\u30c3\u30af\u30c8\u30e9\u30f3\u30b9\u30df\u30c3\u30bf\u30fc\u3068\u30d8\u30c3\u30c9\u30bb\u30c3\u30c8\u30de\u30a4\u30af\uff08HS 2-ew\uff09\u306e\u7d44\u307f\u5408\u308f\u305b\u306b\u3088\u308a\u3001\u30c4\u30a2\u30fc\u4e2d\u306e\u79fb\u52d5\u306e\u81ea\u7531\u5ea6\u304c\u6700\u5927\u9650\u306b\u9ad8\u307e\u308a\u307e\u3059\u3002<br \/>\n\u843d\u3061\u7740\u3044\u3066\u5bfe\u8c61\u7269\u3092\u8aac\u660e\u3057\u305f\u308a\u3001\u4e21\u624b\u3092\u4f7f\u3063\u3066\u5bfe\u8c61\u7269\u3092\u5b9f\u6f14\u3057\u305f\u308a\u3059\u308b\u3053\u3068\u304c\u3067\u304d\u308b\u3002<br \/>\n\u307e\u305f\u3001\u30c8\u30e9\u30f3\u30b9\u30df\u30c3\u30bf\u30fc\u306e\u30e9\u30a4\u30f3\u5165\u529b\u3092\u4f7f\u3063\u3066\u3001\u8a71\u3057\u306a\u304c\u3089\u5916\u90e8\u30aa\u30fc\u30c7\u30a3\u30aa\u30bd\u30fc\u30b9\u2013\u3092\u518d\u751f\u3059\u308b\u3053\u3068\u3082\u3067\u304d\u307e\u3059\u3002<br \/>\n\u30de\u30a4\u30af\u3092\u30df\u30e5\u30fc\u30c8\u3057\u307e\u3059\u3002\u30c8\u30e9\u30f3\u30b9\u30df\u30c3\u30bf\u30fc\u306f\u975e\u5e38\u306b\u76f4\u611f\u7684\u306a\u64cd\u4f5c\u304c\u53ef\u80fd\u3067\u3001\u30d0\u30c3\u30af\u30e9\u30a4\u30c8\u4ed8\u304d\u30c7\u30a3\u30b9\u30d7\u30ec\u30fc\u304c\u4ee5\u4e0b\u306e\u3053\u3068\u3092\u77e5\u3089\u305b\u307e\u3059\u3002<br \/>\n\u30c1\u30e3\u30f3\u30cd\u30eb\u8a2d\u5b9a\u3001\u30d0\u30c3\u30c6\u30ea\u30fc\u72b6\u614b\u3001\u30de\u30a4\u30af\u3068\u30e9\u30a4\u30f3\u5165\u529b\u306e\u30ec\u30d9\u30eb\u3002\u9001\u4fe1\u6a5f\u306f\u9811\u4e08\u3067\u3059<br \/>\n\u91d1\u5c5e\u88fd\u306e\u7b50\u4f53\u3002<\/p>\n<hr style=\"background-color:#999999; margin-bottom:30px;\">\n<div class=\"call-action-slider-img\">\n<img decoding=\"async\" src=\"https:\/\/konferenztechnik.de\/wp-content\/uploads\/2018\/05\/SKM-2020-D-kaufen.jpg\" alt=\"\u30bc\u30f3\u30cf\u30a4\u30b6\u30fc\u30fb\u30c4\u30a2\u30fc\u30ac\u30a4\u30c9\u30fb\u30cf\u30f3\u30c9\u30d8\u30eb\u30c9\u30fb\u30c8\u30e9\u30f3\u30b9\u30df\u30c3\u30bf\u30fc\u3092\u8cfc\u5165\u3059\u308b\" class=\"alignnone size-full wp-image-12201\" title=\"\"><\/p>\n<\/div>\n<h2>SKM 2020-D \u30cf\u30f3\u30c9\u30d8\u30eb\u30c9\u30fb\u30c8\u30e9\u30f3\u30b9\u30df\u30c3\u30bf\u30fc<\/h2>\n<p>[spacer size=\"10\u2033]<\/p>\n<p>SKM 2020-D\u30cf\u30f3\u30c9\u30d8\u30eb\u30c9\u30de\u30a4\u30af\u30ed\u30db\u30f3\u306f\u3001\u4e0d\u8981\u306a\u30d0\u30c3\u30af\u30b0\u30e9\u30a6\u30f3\u30c9\u30ce\u30a4\u30ba\u3092\u6d88\u97f3\u3057\u307e\u3059\u3002\u975e\u5e38\u306b\u9811\u4e08\u306a\u9001\u4fe1\u6a5f\u306f\u64cd\u4f5c\u304c\u7c21\u5358\u3067\u4fbf\u5229\u3067\u3059\u3002\u30d0\u30c3\u30af\u30e9\u30a4\u30c8\u4ed8\u304d\u30c7\u30a3\u30b9\u30d7\u30ec\u30a4\u306b\u306f\u3001\u9001\u4fe1\u30c1\u30e3\u30f3\u30cd\u30eb\u3068<br \/>\n\u30d0\u30c3\u30c6\u30ea\u30fc\u306e\u72b6\u614b\u3092\u8868\u793a\u3002\u5145\u96fb\u5f0f\u30d0\u30c3\u30c6\u30ea\u30fc\u306b\u3088\u308a\u3001\u6700\u95778\u6642\u9593\u306e\u30c4\u30a2\u30fc\u304c\u53ef\u80fd\u3002<\/p>\n<p>1: \u30aa\u30f3\/\u30aa\u30d5\u30b9\u30a4\u30c3\u30c1<\/p>\n<p>2: \u56de\u8ee2\u53ef\u80fd\u3067\u53d6\u308a\u5916\u3057\u53ef\u80fd\u306a\u30ad\u30e3\u30c3\u30d7 (\u64cd\u4f5c\u30a8\u30ec\u30e1\u30f3\u30c8\u3092\u4fdd\u8b77\u3059\u308b\u305f\u3081)<\/p>\n<p>3: \u30d0\u30c3\u30c6\u30ea\u30fc\u30fb\u30b3\u30f3\u30d1\u30fc\u30c8\u30e1\u30f3\u30c8<\/p>\n<hr style=\"background-color:#999999; margin-bottom:30px;\">\n<div class=\"call-action-slider-img\">\n<img decoding=\"async\" src=\"https:\/\/konferenztechnik.de\/wp-content\/uploads\/2018\/05\/EZL-2020-20-L-kaufen.jpg\" alt=\"\u30bc\u30f3\u30cf\u30a4\u30b6\u30fcTourguide\u30a2\u30af\u30bb\u30b5\u30ea\u30fc\u3092\u8cfc\u5165\" class=\"alignnone size-full wp-image-12201\" title=\"\"><\/p>\n<\/div>\n<h2>\u5145\u96fb\u30b1\u30fc\u30b9 EZL 2020-20-L<\/h2>\n<p>[spacer size=\"10\u2033]<\/p>\n<p>\u3068\u3057\u3066\u4f7f\u7528\u3067\u304d\u308b\u3002<br \/>\n\u3059\u3079\u3066\u306e\u6a5f\u5668\u306e\u53ce\u7d0d\u30b9\u30da\u30fc\u30b9\u306b\u52a0\u3048\u3001\u30cf\u30f3\u30c9\u30bb\u30c3\u30c8\u3084\u30c8\u30e9\u30f3\u30b9\u30df\u30c3\u30bf\u30fc\u306e\u5145\u96fb\u30b9\u30c6\u30fc\u30b7\u30e7\u30f3\u3082\u88c5\u5099\u300220\u306e\u5145\u96fb\u30b9\u30ed\u30c3\u30c8<br \/>\n\u3042\u3054\u3072\u3082\u7528\u30ec\u30b7\u30fc\u30d0\u30fc\u3068\u3001\u9001\u4fe1\u6a5f\u3068\u4e88\u5099\u30d0\u30c3\u30c6\u30ea\u30fc\u7528\u306e2\u3064\u306e\u5145\u96fb\u30b9\u30ed\u30c3\u30c8\u304c\u7528\u610f\u3055\u308c\u3066\u3044\u308b\u3002<br \/>\n\u7dd1\u8272\u306e \"\u30b3\u30d4\u30fc \"\u30dc\u30bf\u30f3\u306f\u3001\u591a\u304f\u306e\u624b\u9593\u3092\u7701\u304d\u307e\u3059\uff1a\u30cf\u30f3\u30c9\u30bb\u30c3\u30c8\u3092\u5e0c\u671b\u306e\u53d7\u4fe1\u30c1\u30e3\u30f3\u30cd\u30eb\u306b\u30bb\u30c3\u30c8\u3057\u3001\u30dc\u30bf\u30f3\u3092\u62bc\u3059\u3060\u3051\u3067\u3059\u3001<br \/>\n\u4f7f\u7528\u3055\u308c\u308b\u3059\u3079\u3066\u306e\u30ec\u30b7\u30fc\u30d0\u30fc\u306f\u3001\u81ea\u52d5\u7684\u306b\u540c\u3058\u5468\u6ce2\u6570\u3068\u4e2d\u7a0b\u5ea6\u306e\u97f3\u91cf\u306b\u8a2d\u5b9a\u3055\u308c\u307e\u3059\u3002<\/p>\n<hr style=\"background-color:#999999; margin-bottom:30px;\">\n<div class=\"call-action-slider-img\">\n<img decoding=\"async\" src=\"https:\/\/konferenztechnik.de\/wp-content\/uploads\/2018\/05\/EK2020-Mikro.jpg\" alt=\"\u30bc\u30f3\u30cf\u30a4\u30b6\u30fc\u30fb\u30c4\u30a2\u30fc\u30ac\u30a4\u30c9\u30fb\u30b7\u30b9\u30c6\u30e0\uff08\u30d8\u30c3\u30c9\u30d5\u30a9\u30f3\u4ed8\u304d\" class=\"alignnone size-full wp-image-12201\" title=\"\"><\/p>\n<\/div>\n<div class=\"call-action-slider-img\">\n<img decoding=\"async\" src=\"https:\/\/konferenztechnik.de\/wp-content\/uploads\/2018\/05\/sennheiser-personenfuehrung-tourguide.jpg\" alt=\"\u30bc\u30f3\u30cf\u30a4\u30b6\u30fc\u30fb\u30c4\u30a2\u30fc\u30ac\u30a4\u30c9\u30fb\u30d1\u30fc\u30bd\u30ca\u30eb\u30fb\u30ac\u30a4\u30c0\u30f3\u30b9\u30fb\u30b7\u30b9\u30c6\u30e0\u984e\u5f53\u3066\" class=\"alignnone size-full wp-image-12201\" title=\"\"><br \/>\n<button class=\"bbtn popmake-12226\">\u898b\u7a4d\u3082\u308a\u4f9d\u983c &amp;#x9B\uff1b<\/button><\/div>\n<div style=\"background-color:#f2f2f2; width:100%; display:block; margin-bottom:40px;\">\n<div style=\"text-align:center; width:100%; padding:left:10px; padding-top:18px;\"><img decoding=\"async\" src=\"https:\/\/konferenztechnik.de\/wp-content\/uploads\/2018\/05\/bewerten-happy.png\" alt=\"\" width=\"142\" height=\"42\" class=\"aligncenter size-full wp-image-13128\" title=\"\"><\/div>\n<div style=\"text-align:left; padding:10px;\">\u624b\u888b\u306e\u3088\u3046\u306b\u30d5\u30a3\u30c3\u30c8\uff01\u79c1\u305f\u3061\u306e\u30a2\u30c9\u30d0\u30a4\u30b9\u3092\u3054\u6d3b\u7528\u304f\u3060\u3055\u3044\u3002\u3069\u306e\u30ac\u30a4\u30c9\u30b7\u30b9\u30c6\u30e0\u304c\u3069\u306e\u3088\u3046\u306a\u5834\u9762\u3067\u304a\u5ba2\u69d8\u306e\u3054\u8981\u671b\u306b\u6cbf\u3046\u304b\u3001\u3054\u4e00\u7dd2\u306b\u8003\u3048\u3055\u305b\u3066\u3044\u305f\u3060\u304d\u307e\u3059\u3002<\/div>\n<\/div>\n<div class=\"callouthoch\">\n[callout add_button=\"no\" button_text=\"Learn More\" button_url=\"#\" button_color=\"#a62055\u2033].<br \/>\n\u304a\u96fb\u8a71\u3067\u306e\u304a\u554f\u3044\u5408\u308f\u305b\u3082\u627f\u3063\u3066\u304a\u308a\u307e\u3059\uff1a<br \/>\n[v_icon color=\"#a62055\u2033 size=\"20px\" target=\"_blank\" name=\"moon-phone-2\u2033] +49 211 737798 20<br \/>\n[\/callout]\u3002<\/div>\n<div class=\"callouthoch\">\n[callout add_button=\"no\" button_text=\"Learn More\" button_url=\"#\" button_color=\"#a62055\u2033].<br \/>\n\u304a\u554f\u3044\u5408\u308f\u305b\u306fE\u30e1\u30fc\u30eb\u306b\u3066\u304a\u9858\u3044\u3044\u305f\u3057\u307e\u3059\uff1a<br \/>\n[v_icon color=\"#a62055\u2033 size=\"20px\" target=\"_blank\" name=\"moon-envelop-2\u2033]\u3002 <a href=\"mailto:vertrieb@konferenztechnik.de\" onclick=\"ga('send', 'event', 'Email-Klick', 'F\u00fchrungsanlagen kaufen  Vertrieb');\"> vertrieb@konferenztechnik.de<\/a><br \/>\n[\/callout]\u3002<\/div>\n<p>[spacer size=\"10\u2033]<\/p>\n<div class=\"weiterlinks\" style=\"background-color:#ffffff;\">\n<h1>\u305d\u306e\u4ed6\u306e\u30ea\u30f3\u30af<\/h1>\n<p>[\u30ea\u30b9\u30c8\u30a2\u30a4\u30b3\u30f3=\"moon-arrow-right-2\u2033\u30ab\u30e9\u30fc=\"#a62055\u2033]]\u3002<a title=\"\u591a\u8a00\u8a9e\u30a4\u30d9\u30f3\u30c8\u306e\u30b5\u30dd\u30fc\u30c8\" href=\"\/ja\/%e3%83%91%e3%83%bc%e3%82%bd%e3%83%8a%e3%83%ab%e3%83%bb%e3%82%ac%e3%82%a4%e3%83%80%e3%83%b3%e3%82%b9%e3%83%bb%e3%82%b7%e3%82%b9%e3%83%86%e3%83%a0\/\">\u65c5\u5ba2\u6848\u5185\u30b7\u30b9\u30c6\u30e0\u306e\u6982\u8981\u30da\u30fc\u30b8<\/a>[\u30ea\u30b9\u30c8\uff3d<br \/>\n[\u30ea\u30b9\u30c8\u30a2\u30a4\u30b3\u30f3=\"moon-arrow-right-2\u2033\u30ab\u30e9\u30fc=\"#a62055\u2033]]\u3002<a title=\"\u591a\u8a00\u8a9e\u30a4\u30d9\u30f3\u30c8\u306e\u30b5\u30dd\u30fc\u30c8\" href=\"\/ja\/%e3%83%99%e3%82%a4%e3%83%a4%e3%83%bc%e3%83%80%e3%82%a4%e3%83%8a%e3%83%9f%e3%83%83%e3%82%af%e3%83%bb%e3%83%a6%e3%83%8a%e3%82%a4%e3%83%88%e3%83%bb%e3%82%b3%e3%83%9f%e3%83%a5%e3%83%8b%e3%82%b1%e3%83%bc\/\">\u307e\u3082\u306a\u304f\u767a\u58f2\u30d9\u30a4\u30e4\u30fc\u30c0\u30a4\u30ca\u30df\u30c3\u30af \u30e6\u30ca\u30a4\u30c8\u30ac\u30a4\u30c0\u30f3\u30b9\u30b7\u30b9\u30c6\u30e0<\/a>[\u30ea\u30b9\u30c8\uff3d<br \/>\n[\u30ea\u30b9\u30c8\u30a2\u30a4\u30b3\u30f3=\"moon-arrow-right-2\u2033\u30ab\u30e9\u30fc=\"#a62055\u2033]]\u3002<a title=\"\u591a\u8a00\u8a9e\u30a4\u30d9\u30f3\u30c8\u306e\u30b5\u30dd\u30fc\u30c8\" href=\"\/ja\/%e3%82%ab%e3%83%b3%e3%83%95%e3%82%a1%e3%83%ac%e3%83%b3%e3%82%b9%e3%83%bb%e3%83%86%e3%82%af%e3%83%8e%e3%83%ad%e3%82%b8%e3%83%bc%e3%82%92%e8%b3%bc%e5%85%a5%e3%81%99%e3%82%8b\/\">\u4f1a\u8b70\u6280\u8853\u30bb\u30fc\u30eb\u30b9<\/a>[\u30ea\u30b9\u30c8\uff3d<br \/>\n[\u30ea\u30b9\u30c8\u30a2\u30a4\u30b3\u30f3=\"moon-arrow-right-2\u2033\u30ab\u30e9\u30fc=\"#a62055\u2033]]\u3002<a title=\"\u53c2\u8003\u6587\u732e\" href=\"\/ja\/%e4%bc%9a%e8%ad%b0%e6%8a%80%e8%a1%93%e3%81%8a%e3%82%88%e3%81%b3%e3%83%a1%e3%83%87%e3%82%a3%e3%82%a2%e3%83%bb%e3%82%b7%e3%82%b9%e3%83%86%e3%83%a0%e3%81%ae%e8%a8%ad%e7%bd%ae%e3%81%a8%e7%b5%b1%e5%90%88\/\">\u4f1a\u8b70\u30fb\u30e1\u30c7\u30a3\u30a2\u30fb\u30c6\u30af\u30ce\u30ed\u30b8\u30fc\u306e\u5c0e\u5165<\/a>[\u30ea\u30b9\u30c8\uff3d<br \/>\n[\u30ea\u30b9\u30c8\u30a2\u30a4\u30b3\u30f3=\"moon-arrow-right-2\u2033\u30ab\u30e9\u30fc=\"#a62055\u2033]]\u3002<a title=\"\u901a\u8a33\u306e\u30c8\u30ec\u30fc\u30cb\u30f3\u30b0\u3068\u30b5\u30fc\u30d3\u30b9\" href=\"\/ja\/%e9%80%9a%e8%a8%b3%e8%80%85%e3%81%ae%e3%81%9f%e3%82%81%e3%81%ae%e3%83%88%e3%83%ac%e3%83%bc%e3%83%8b%e3%83%b3%e3%82%b0%e3%82%b3%e3%83%bc%e3%82%b9%e3%81%a8%e3%82%b5%e3%83%bc%e3%83%93%e3%82%b9\/\">\u901a\u8a33\u306e\u30c8\u30ec\u30fc\u30cb\u30f3\u30b0\u3068\u30b5\u30fc\u30d3\u30b9<\/a>[\u30ea\u30b9\u30c8\uff3d<br \/>\n[\u30ea\u30b9\u30c8\u30a2\u30a4\u30b3\u30f3=\"moon-arrow-right-2\u2033\u30ab\u30e9\u30fc=\"#a62055\u2033]]\u3002<a title=\"PCS\u304c\u5fc5\u8981\u306a10\u306e\u7406\u7531\" href=\"\/ja\/%e4%bc%9a%e7%a4%be%e6%a6%82%e8%a6%81-2\/pc%e3%82%92%e9%81%b8%e3%81%b610%e3%81%ae%e7%90%86%e7%94%b1\/\">PCS\u304c\u5fc5\u8981\u306a10\u306e\u7406\u7531<\/a>[\u30ea\u30b9\u30c8\uff3d<br \/>\n[\u30ea\u30b9\u30c8\u30a2\u30a4\u30b3\u30f3=\"moon-arrow-right-2\u2033\u30ab\u30e9\u30fc=\"#a62055\u2033]]\u3002<a title=\"PCS\uff1a\u5168\u30b5\u30fc\u30d3\u30b9\u4e00\u89a7\" href=\"\/ja\/%e3%82%b5%e3%83%bc%e3%83%93%e3%82%b9-2\/\">PCS\uff1a\u5168\u30b5\u30fc\u30d3\u30b9\u4e00\u89a7<\/a>[\u30ea\u30b9\u30c8\uff3d<\/ul>\n<\/div>\n<\/div>\n<p>[spacer size=\"20\u2033]<\/p>","protected":false},"excerpt":{"rendered":"<p>Sennheiser Tourguide 2020 D kaufen Angebot anfordern &#x9B; Empf\u00e4nger EK 2020-D-II [spacer size=&#8220;10&#8243;] Der sehr robuste, vielseitige Bodypack-Empf\u00e4nger ist ideal f\u00fcr den Einsatz in den Bereichen Personenf\u00fchrungen, Konferenzen und H\u00f6runterst\u00fctzung: Einfach passenden Kopfh\u00f6rer oder Induktionsschlinge f\u00fcr den Einsatz von H\u00f6rger\u00e4ten mit T-Spule w\u00e4hlen, fertig! Die digitale Signal\u00fcbertragung f\u00fcr hohe Audioqualit\u00e4t und das intuitive Bedienkonzept sind einzigartig. Lautst\u00e4rke, Empfangsqualit\u00e4t, Batteriestatus und Empfangskanal werden von einer hinterleuchteten LCD-Anzeige abgelesen. Ein integrierter Clip erlaubt das Tragen an Hemd, G\u00fcrtel oder Lanyard. 1: Die hinterleuchtete LCD-Anzeige informiert \u00fcber Empfangskanal, Lautst\u00e4rke, Batteriestatus und Empfangsqualit\u00e4t 2: Kanalwahltasten 3: Lautst\u00e4rkeregler Eine Auto-Aus Funktion (bei Ausschalten des Senders oder Entfernen des Kopfh\u00f6rers) schont die Batterie (Batteriebetriebsdauer von bis [&hellip;]<\/p>","protected":false},"author":1,"featured_media":45482,"parent":0,"menu_order":0,"comment_status":"closed","ping_status":"closed","template":"","meta":{"_acf_changed":false,"footnotes":""},"class_list":["post-13037","page","type-page","status-publish","has-post-thumbnail","hentry"],"acf":[],"_links":{"self":[{"href":"https:\/\/konferenztechnik.de\/ja\/wp-json\/wp\/v2\/pages\/13037","targetHints":{"allow":["GET"]}}],"collection":[{"href":"https:\/\/konferenztechnik.de\/ja\/wp-json\/wp\/v2\/pages"}],"about":[{"href":"https:\/\/konferenztechnik.de\/ja\/wp-json\/wp\/v2\/types\/page"}],"author":[{"embeddable":true,"href":"https:\/\/konferenztechnik.de\/ja\/wp-json\/wp\/v2\/users\/1"}],"replies":[{"embeddable":true,"href":"https:\/\/konferenztechnik.de\/ja\/wp-json\/wp\/v2\/comments?post=13037"}],"version-history":[{"count":0,"href":"https:\/\/konferenztechnik.de\/ja\/wp-json\/wp\/v2\/pages\/13037\/revisions"}],"wp:featuredmedia":[{"embeddable":true,"href":"https:\/\/konferenztechnik.de\/ja\/wp-json\/wp\/v2\/media\/45482"}],"wp:attachment":[{"href":"https:\/\/konferenztechnik.de\/ja\/wp-json\/wp\/v2\/media?parent=13037"}],"curies":[{"name":"wp","href":"https:\/\/api.w.org\/{rel}","templated":true}]}}