{"id":13130,"date":"2018-05-03T15:12:09","date_gmt":"2018-05-03T14:12:09","guid":{"rendered":"https:\/\/www.konferenztechnik.de\/?page_id=13130"},"modified":"2023-09-01T13:18:20","modified_gmt":"2023-09-01T11:18:20","slug":"%e3%83%99%e3%82%a4%e3%83%a4%e3%83%bc%e3%83%80%e3%82%a4%e3%83%8a%e3%83%9f%e3%83%83%e3%82%af%e3%83%bb%e3%82%b7%e3%83%8d%e3%82%af%e3%82%b7%e3%82%b9%e3%82%92%e8%b3%bc%e5%85%a5%e3%81%99%e3%82%8b","status":"publish","type":"page","link":"https:\/\/konferenztechnik.de\/ja\/%e3%83%99%e3%82%a4%e3%83%a4%e3%83%bc%e3%83%80%e3%82%a4%e3%83%8a%e3%83%9f%e3%83%83%e3%82%af%e3%83%bb%e3%82%b7%e3%83%8d%e3%82%af%e3%82%b7%e3%82%b9%e3%82%92%e8%b3%bc%e5%85%a5%e3%81%99%e3%82%8b\/","title":{"rendered":"\u30d9\u30a4\u30e4\u30fc\u30c0\u30a4\u30ca\u30df\u30c3\u30af\u30fb\u30b7\u30cd\u30b7\u30b9\u3092\u8cfc\u5165\u3059\u308b"},"content":{"rendered":"<h1>\u30d9\u30a4\u30e4\u30fc\u30c0\u30a4\u30ca\u30df\u30c3\u30af\u30fb\u30b7\u30cd\u30b7\u30b9\u3092\u8cfc\u5165\u3059\u308b<\/h1>\n<div class=\"call-action-slider-img\">\n<img decoding=\"async\" src=\"https:\/\/konferenztechnik.de\/wp-content\/uploads\/2018\/05\/Beyerdynamic-SYNEXIS-RP8-kaufen.jpg\" alt=\"\u30d9\u30a4\u30e4\u30fc\u30c0\u30a4\u30ca\u30df\u30c3\u30af\u30fb\u30b7\u30cd\u30b7\u30b9\u3092PCS Konferenztechnik\u3067\u8cfc\u5165\u3059\u308b\" class=\"alignnone size-full wp-image-12201\" title=\"\"><br \/>\n<button class=\"bbtn popmake-12226\">\u898b\u7a4d\u3082\u308a\u4f9d\u983c &amp;#x9B\uff1b<\/button><\/div>\n<h2>SYNEXIS RP8 \u30dd\u30b1\u30c3\u30c8\u30ec\u30b7\u30fc\u30d0\u30fc<\/h2>\n<p>[spacer size=\"10\u2033]<\/p>\n<p>\u30b7\u30cd\u30b7\u30b9RP8\u30dd\u30b1\u30c3\u30c8\u30ec\u30b7\u30fc\u30d0\u30fc\u306f\u3001\u30ac\u30a4\u30c9\u30c4\u30a2\u30fc\u3001\u4f1a\u8b70\u3001\u591a\u8a00\u8a9e\u901a\u8a33\u306b\u6700\u9069\u3067\u3059\u3002\u30df\u30cb\u30b8\u30e3\u30c3\u30af(3.5mm)\u306b\u6a19\u6e96\u30d8\u30c3\u30c9\u30db\u30f3\u307e\u305f\u306f\u88dc\u8074\u5668\u7528\u8a98\u5c0e\u30eb\u30fc\u30d7\u3092\u63a5\u7d9a\u3067\u304d\u307e\u3059\u3002\u9001\u4fe1\u6a5f\u3068\u53d7\u4fe1\u6a5f\u9593\u306e\u898b\u901a\u3057\u8ddd\u96e2\u7d04100m\u3002\u30c1\u30e3\u30f3\u30cd\u30eb\u3001\u30d0\u30c3\u30c6\u30ea\u30fc\u306e\u72b6\u614b\u3001\u5468\u6ce2\u6570\u306a\u3069\u306e\u60c5\u5831\u306f\u30c7\u30a3\u30b9\u30d7\u30ec\u30a4\u306b\u306f\u3063\u304d\u308a\u3068\u8868\u793a\u3055\u308c\u307e\u3059\u3002\u53d7\u4fe1\u6a5f\u306f\u3001\u53d6\u308a\u5916\u3057\u53ef\u80fd\u306a\u30d9\u30eb\u30c8\u30af\u30ea\u30c3\u30d7\u306b\u53d6\u308a\u4ed8\u3051\u308b\u304b\u3001\u30e9\u30f3\u30e4\u30fc\u30c9\u3067\u9996\u304b\u3089\u4e0b\u3052\u308b\u3053\u3068\u304c\u3067\u304d\u307e\u3059\u3002\u30b7\u30cd\u30b7\u30b9RP8\u306f\u30012\u672c\u306e\u30cb\u30c3\u30b1\u30eb\u6c34\u7d20\u5145\u96fb\u6c60\u307e\u305f\u306f1.5V\u5358\u4e09\u96fb\u6c60\u3067\u4f7f\u7528\u3067\u304d\u307e\u3059\u3002<\/p>\n<p>1\uff1a\u30dc\u30ea\u30e5\u30fc\u30e0\u30fb\u30b3\u30f3\u30c8\u30ed\u30fc\u30eb<\/p>\n<p>2\uff1a\u30df\u30cb\u30b8\u30e3\u30c3\u30af\u51fa\u529b<\/p>\n<p>3\uff1a\u30c1\u30e3\u30f3\u30cd\u30eb\u9078\u629e\u30dc\u30bf\u30f3<\/p>\n<p>4\uff1a\u30d0\u30c3\u30af\u30e9\u30a4\u30c8\u4ed8\u304d\u6709\u6a5fEL\u30c7\u30a3\u30b9\u30d7\u30ec\u30a4\u306f\u3001\u53d7\u4fe1\u30c1\u30e3\u30f3\u30cd\u30eb\u3001\u97f3\u91cf\u3001\u30d0\u30c3\u30c6\u30ea\u30fc\u72b6\u614b\u3001\u53d7\u4fe1\u54c1\u8cea\u306b\u95a2\u3059\u308b\u60c5\u5831\u3092\u63d0\u4f9b\u3059\u308b<\/p>\n<hr style=\"background-color:#999999; margin-bottom:30px;\">\n<div class=\"call-action-slider-img\">\n<img decoding=\"async\" src=\"https:\/\/konferenztechnik.de\/wp-content\/uploads\/2018\/05\/TaschensenderSYNEXIS-TP8.jpg\" alt=\"SYNEXIS-TP8\u30dc\u30c7\u30a3\u30d1\u30c3\u30af\u30c8\u30e9\u30f3\u30b9\u30df\u30c3\u30bf\u30fc\u3092\u8cfc\u5165\u3059\u308b\" class=\"alignnone size-full wp-image-12201\" title=\"\"><\/p>\n<\/div>\n<h2>SYNEXIS TP8 \u30dc\u30c7\u30a3\u30d1\u30c3\u30af\u30c8\u30e9\u30f3\u30b9\u30df\u30c3\u30bf\u30fc<\/h2>\n<p>[spacer size=\"10\u2033]<\/p>\n<p>\u30b7\u30cd\u30b7\u30b9TP8\u30dc\u30c7\u30a3\u30d1\u30c3\u30af\u30c8\u30e9\u30f3\u30b9\u30df\u30c3\u30bf\u306f\u3001\u30b7\u30cd\u30b7\u30b9RP8\u30dc\u30c7\u30a3\u30d1\u30c3\u30af\u30ec\u30b7\u30fc\u30d0\u3068\u5171\u306b\u30ac\u30a4\u30c9\u30c4\u30a2\u30fc\u3084\u4f1a\u8b70\u306b\u4f7f\u7528\u3057\u307e\u3059\u3002\u9001\u4fe1\u6a5f\u3068\u53d7\u4fe1\u6a5f\u9593\u306e\u898b\u901a\u3057\u8ddd\u96e2\u7d04100m\u3067\u3059\u3002\u30de\u30a4\u30af\u306f4\u30d4\u30f3\u30df\u30cbXLR\u63a5\u7d9a\u306b\u3001\u5916\u90e8\u30aa\u30fc\u30c7\u30a3\u30aa\u30bd\u30fc\u30b9\u306fAux-in\u63a5\u7d9a\u306b\u63a5\u7d9a\u3067\u304d\u307e\u3059\u3002AUX\u5165\u529b\u3092\u4ecb\u3057\u3066\u97f3\u697d\u307e\u305f\u306f\u4efb\u610f\u306e\u30aa\u30fc\u30c7\u30a3\u30aa\u4fe1\u53f7\u3092\u518d\u751f\u3059\u308b\u3053\u3068\u304c\u3067\u304d\u307e\u3059\u3002OLED\u30c7\u30a3\u30b9\u30d7\u30ec\u30a4\u306f\u3001\u30c1\u30e3\u30f3\u30cd\u30eb\u3001\u30d0\u30c3\u30c6\u30ea\u30fc\u72b6\u614b\u3001\u5468\u6ce2\u6570\u3092\u975e\u5e38\u306b\u898b\u3084\u3059\u304f\u8868\u793a\u3057\u307e\u3059\u3002\u30c8\u30e9\u30f3\u30b9\u30df\u30c3\u30bf\u30fc\u306f\u30cb\u30c3\u30b1\u30eb\u6c34\u7d20\u5145\u96fb\u6c602\u672c\u307e\u305f\u306f1.5V\u5358\u4e09\u96fb\u6c60\u3067\u99c6\u52d5\u3057\u307e\u3059\u3002<\/p>\n<p>1\uff1a\u30df\u30cbXLR\u5165\u529b<\/p>\n<p>2\uff1a\u30de\u30a4\u30af\u30df\u30e5\u30fc\u30c8\u6a5f\u80fd\u7528\u30d7\u30c3\u30b7\u30e5\u30dc\u30bf\u30f3\uff08\u30df\u30e5\u30fc\u30c8\u30b9\u30a4\u30c3\u30c1\uff09<\/p>\n<p>3\uff1a\u30c1\u30e3\u30f3\u30cd\u30eb\u9078\u629e\u30dc\u30bf\u30f3<\/p>\n<p>4\uff1aOLED\u30c7\u30a3\u30b9\u30d7\u30ec\u30a4\uff08\u30c1\u30e3\u30f3\u30cd\u30eb\u3001\u30d0\u30c3\u30c6\u30ea\u30fc\u72b6\u614b\u3001\u5468\u6ce2\u6570\u3001\u8868\u793a\u7528<br \/>\n\u30c1\u30e3\u30f3\u30cd\u30eb\u9078\u629e\u30ed\u30c3\u30af\u6a5f\u80fd\uff09<\/p>\n<p>5: Line-in\u5165\u529b\uff08MP3\u30d7\u30ec\u30fc\u30e4\u30fc\u306a\u3069\u306e\u30aa\u30fc\u30c7\u30a3\u30aa\u4fe1\u53f7\u30bd\u30fc\u30b9\u3092\u63a5\u7d9a\u3001<br \/>\n\u30b9\u30c6\u30ec\u30aa\u30b8\u30e3\u30c3\u30af 3.5 mm)<\/p>\n<h3>\u591a\u7528\u9014\u30dd\u30b1\u30c3\u30c8\u30fb\u30c8\u30e9\u30f3\u30b9\u30df\u30c3\u30bf\u30fc<\/p>\n<h3>\u7570\u306a\u308b\u30de\u30a4\u30af\u3084\u30d8\u30c3\u30c9\u30bb\u30c3\u30c8\u306b\u52a0\u3048\u3001\u5225\u306e\u97f3\u6e90\u3092\u63a5\u7d9a\u3057\u3001\u5225\u306e\u5165\u529b\u304b\u3089\u5165\u529b\u3059\u308b\u3053\u3068\u304c\u3067\u304d\u307e\u3059\u3002\u3053\u306e\u30df\u30ad\u30b7\u30f3\u30b0\u6a5f\u80fd\u306b\u3088\u308a\u3001\u4f8b\u3048\u3070\u97f3\u697d\u30842\u53f0\u76ee\u306e\u9001\u4fe1\u6a5f\u3092\u63a5\u7d9a\u3057\u3066\u53cc\u65b9\u5411\u901a\u4fe1\u3092\u884c\u3046\u3053\u3068\u304c\u3067\u304d\u307e\u3059\u3002<\/p>\n<hr style=\"background-color:#999999; margin-bottom:30px;\">\n<div class=\"call-action-slider-img\">\n<img decoding=\"async\" src=\"https:\/\/konferenztechnik.de\/wp-content\/uploads\/2018\/05\/Handsender-SYNEXIS-TH8.jpg\" alt=\"SYNEXIS-TH8\u30cf\u30f3\u30c9\u30d8\u30eb\u30c9\u30c8\u30e9\u30f3\u30b9\u30df\u30c3\u30bf\u30fc\u3092\u8cfc\u5165\u3059\u308b\" class=\"alignnone size-full wp-image-12201\" title=\"\"><\/p>\n<\/div>\n<h2>SYNEXIS TH8 \u30cf\u30f3\u30c9\u30d8\u30eb\u30c9\u30c8\u30e9\u30f3\u30b9\u30df\u30c3\u30bf\u30fc<\/h2>\n<p>[spacer size=\"10\u2033]<\/p>\n<p>\u30b7\u30cd\u30b7\u30b9TH8\u30cf\u30f3\u30c9\u30d8\u30eb\u30c9\u9001\u4fe1\u6a5f\u3068\u30b7\u30cd\u30b7\u30b9RP8\u30dc\u30c7\u30a3\u30d1\u30c3\u30af\u53d7\u4fe1\u6a5f\u306e\u7d44\u307f\u5408\u308f\u305b\u306f\u3001\u30ac\u30a4\u30c9\u30c4\u30a2\u30fc\u3001\u4f1a\u8b70\u3001\u3055\u3055\u3084\u304d\u901a\u8a33\u306b\u6700\u9069\u3067\u3059\u3002\u9001\u4fe1\u6a5f\u3068\u53d7\u4fe1\u6a5f\u9593\u306e\u898b\u901a\u3057\u8ddd\u96e2\u306f\u7d04100m\u3067\u3059\u3002\u5358\u4e00\u6307\u5411\u6027\u30ce\u30a4\u30ba\u30ad\u30e3\u30f3\u30bb\u30ea\u30f3\u30b0\u30de\u30a4\u30af\u30ed\u30db\u30f3\u306f\u3001\u5468\u56f2\u306e\u96d1\u97f3\u3092\u52b9\u679c\u7684\u306b\u906e\u65ad\u3057\u307e\u3059\u3002\u307e\u305f\u3001\u30dd\u30c3\u30d7\u30d7\u30ed\u30c6\u30af\u30b7\u30e7\u30f3\/\u30a6\u30a3\u30f3\u30c9\u30b9\u30af\u30ea\u30fc\u30f3\u304c\u5185\u8535\u3055\u308c\u3066\u3044\u308b\u305f\u3081\u3001\u97f3\u58f0\u306e\u660e\u77ad\u5ea6\u3082\u6700\u9069\u3067\u3059\u3002\u30b9\u30a4\u30c3\u30c1\u3067\u30de\u30a4\u30af\u306e\u611f\u5ea6\u3092\u8abf\u6574\u3057\u3001\u8fd1\u8ddd\u96e2\u307e\u305f\u306f\u9060\u8ddd\u96e2\u306e\u901a\u4fe1\u306b\u5bfe\u5fdc\u3057\u307e\u3059\u3002\u9001\u4fe1\u6a5f\u306f\u30cb\u30c3\u30b1\u30eb\u6c34\u7d20\u5145\u96fb\u6c602\u672c\u307e\u305f\u306f1.5V\u5358\u4e09\u96fb\u6c60\u3067\u99c6\u52d5\u3057\u307e\u3059\u3002\u30c7\u30a3\u30b9\u30d7\u30ec\u30a4\u306b\u306f\u30c1\u30e3\u30f3\u30cd\u30eb\u3001\u96fb\u6c60\u306e\u72b6\u614b\u3001\u5468\u6ce2\u6570\u304c\u306f\u3063\u304d\u308a\u3068\u8868\u793a\u3055\u308c\u307e\u3059\u3002\u307e\u305f\u3001\u30aa\u30d7\u30b7\u30e7\u30f3\u306e\u30cd\u30c3\u30af\u30b9\u30c8\u30e9\u30c3\u30d7\u3092\u4f7f\u7528\u3059\u308c\u3070\u3001\u9996\u304b\u3089\u4e0b\u3052\u3066\u4e21\u624b\u3092\u81ea\u7531\u306b\u4f7f\u3046\u3053\u3068\u3082\u3067\u304d\u307e\u3059\u3002<\/p>\n<p>1\uff1a\u30df\u30e5\u30fc\u30c8\u6a5f\u80fd\u4ed8\u304d\u30dc\u30bf\u30f3\u3068\u3001\u30df\u30e5\u30fc\u30c8\u72b6\u614b\u3068\u5145\u96fb\u72b6\u614b\u3092\u793a\u3059LED<\/p>\n<p>2\uff1a\u30c1\u30e3\u30f3\u30cd\u30eb\u9078\u629e\u3068\u5468\u6ce2\u6570\u8868\u793a\u7528\u77e2\u5370\u30dc\u30bf\u30f3<\/p>\n<p>3\uff1a\u30d0\u30c3\u30c6\u30ea\u30fc\u6b8b\u91cf\u3001\u30c1\u30e3\u30f3\u30cd\u30eb\u3001\u5468\u6ce2\u6570\u3001\u8868\u793a\u7528\u6709\u6a5fEL\u30c7\u30a3\u30b9\u30d7\u30ec\u30a4<br \/>\n\u30df\u30e5\u30fc\u30c8\u6a5f\u80fd<\/p>\n<p>4: \u30aa\u30f3\/\u30aa\u30d5\u3068\u30bb\u30c3\u30c8\u30dc\u30bf\u30f3<\/p>\n<hr style=\"background-color:#999999; margin-bottom:30px;\">\n<div class=\"call-action-slider-img\">\n<img decoding=\"async\" src=\"https:\/\/konferenztechnik.de\/wp-content\/uploads\/2018\/05\/Sender-SYNEXIS-TS8.jpg\" alt=\"SYNEXIS TS8\u5b9a\u7f6e\u578b\u9001\u4fe1\u6a5f\u3092\u8cfc\u5165\u3059\u308b \" class=\"alignnone size-full wp-image-12201\" title=\"\"><\/p>\n<\/div>\n<h2>\u5b9a\u7f6e\u578b\u30c8\u30e9\u30f3\u30b9\u30df\u30c3\u30bf SYNEXIS TS8<\/h2>\n<p>[spacer size=\"10\u2033]<\/p>\n<p>\u30b7\u30cd\u30b7\u30b9TS8\u5b9a\u7f6e\u578b\u9001\u4fe1\u6a5f\u306f\u3001\u30b7\u30cd\u30b7\u30b9RP8\u30dc\u30c7\u30a3\u30d1\u30c3\u30af\u53d7\u4fe1\u6a5f\u3068\u5171\u306b\u4f7f\u7528\u3057\u307e\u3059\u3002\u636e\u3048\u7f6e\u304d\u578b\u9001\u4fe1\u6a5f\u306f\u69d8\u3005\u306a\u7528\u9014\u306b\u9069\u3057\u3066\u3044\u307e\u3059\uff1a\u4f8b\u3048\u3070\u4f1a\u8b70\u3067\u306f\u3001\u8907\u6570\u306e\u8a00\u8a9e\u3092\u540c\u6642\u306b\u9001\u4fe1\u3059\u308b\u3053\u3068\u304c\u3067\u304d\u307e\u3059\u3002\u307e\u305f\u3001\u63a5\u7d9a\u3057\u305f\u30de\u30a4\u30af\u30ed\u30db\u30f3\u3067\u30a2\u30ca\u30a6\u30f3\u30b9\u3084\u8aac\u660e\u3092\u884c\u3046\u3053\u3068\u3082\u3067\u304d\u307e\u3059\u3002MP3\u3084CD\u30d7\u30ec\u30fc\u30e4\u30fc\u3092\u4f7f\u3063\u3066\u3001\u97f3\u697d\u3084\u3042\u3089\u3086\u308b\u97f3\u58f0\u4fe1\u53f7\u3092\u9001\u4fe1\u3059\u308b\u3053\u3068\u304c\u3067\u304d\u307e\u3059\u3002\u9001\u4fe1\u6a5f\u3068\u53d7\u4fe1\u6a5f\u9593\u306e\u898b\u901a\u3057\u8ddd\u96e2\u3082\u7d04100\u30e1\u30fc\u30c8\u30eb\u3067\u3059\u3002\u30c8\u30e9\u30f3\u30b9\u30df\u30c3\u30bf\u30fc\u306f\u4ed8\u5c5e\u306e\u96fb\u6e90\u30a2\u30c0\u30d7\u30bf\u30fc\u3067\u99c6\u52d5\u3057\u307e\u3059\u3002\u540c\u68b1\u306e\u7dcf\u5408\u30a2\u30af\u30bb\u30b5\u30ea\u30fc\u306b\u3088\u308a\u3001\u636e\u3048\u7f6e\u304d\u578b\u30c8\u30e9\u30f3\u30b9\u30df\u30c3\u30bf\u30fc\u309219\u30a4\u30f3\u30c1\u30e9\u30c3\u30af\u3084\u30cf\u30a6\u30b8\u30f3\u30b0\u306b\u8a2d\u7f6e\u3057\u3001\u30a2\u30f3\u30c6\u30ca\u3092\u524d\u9762\u306b\u53d6\u308a\u4ed8\u3051\u308b\u3053\u3068\u304c\u3067\u304d\u307e\u3059\u3002<\/p>\n<p>1\uff1a\u30e1\u30a4\u30f3\u5165\u529b\u30ec\u30d9\u30eb\u30b3\u30f3\u30c8\u30ed\u30fc\u30eb<\/p>\n<p>2: AUX\u5165\u529b\u30ec\u30d9\u30eb\u30b3\u30f3\u30c8\u30ed\u30fc\u30eb<\/p>\n<p>3\uff1a\u6709\u6a5fEL\u30c7\u30a3\u30b9\u30d7\u30ec\u30a4\u3001\u30c1\u30e3\u30f3\u30cd\u30eb\u9078\u629e<\/p>\n<p>4\uff1a\u30d8\u30c3\u30c9\u30db\u30f3\u30fb\u30ec\u30d9\u30eb\u30fb\u30b3\u30f3\u30c8\u30ed\u30fc\u30eb<\/p>\n<p>5: AUX\u5165\u51fa\u529b<\/p>\n<p>6\uff1a\u30e1\u30a4\u30f3\u5165\u529b\uff08\u30d0\u30e9\u30f3\u30b9\/\u30a2\u30f3\u30d0\u30e9\u30f3\u30b9\uff09<\/p>\n<hr style=\"background-color:#999999; margin-bottom:30px;\">\n<div class=\"call-action-slider-img\">\n<img decoding=\"async\" src=\"https:\/\/konferenztechnik.de\/wp-content\/uploads\/2018\/05\/Ladegeraet-SYNEXIS-C10.jpg\" alt=\"SYNEXIS C10\u5145\u96fb\u5668\u3092\u8cfc\u5165\" class=\"alignnone size-full wp-image-12201\" title=\"\"><\/p>\n<\/div>\n<h2>SYNEXIS C10 \u5145\u96fb\u5668<\/h2>\n<p>[spacer size=\"10\u2033]<\/p>\n<p>\u30b7\u30cd\u30b7\u30b9C10\u30c1\u30e3\u30fc\u30b8\u30e3\u30fc\u306f\u3001\u30b7\u30cd\u30b7\u30b9TP8\u30dc\u30c7\u30a3\u30d1\u30c3\u30af\u30c8\u30e9\u30f3\u30b9\u30df\u30c3\u30bf\u30fc\u307e\u305f\u306fRP8\u30dc\u30c7\u30a3\u30d1\u30c3\u30af\u30ec\u30b7\u30fc\u30d0\u30fc\uff08\u30cb\u30c3\u30b1\u30eb\u6c34\u7d20\u5145\u96fb\u6c60\u88c5\u7740\u6642\uff09\u306b10\u500b\u306e\u5145\u96fb\u30b9\u30ed\u30c3\u30c8\u3092\u63d0\u4f9b\u3057\u307e\u3059\u3002\u30d0\u30c3\u30c6\u30ea\u30fc\u306e\u5145\u96fb\u72b6\u614b\u306f\u3001\u305d\u308c\u305e\u308c\u306e\u30c8\u30e9\u30f3\u30b9\u30df\u30c3\u30bf\u30fc\u307e\u305f\u306f\u30ec\u30b7\u30fc\u30d0\u30fc\u306eLED\u3067\u8868\u793a\u3055\u308c\u307e\u3059\u3002<\/p>\n<ul>\n<li>\u30dd\u30b1\u30c3\u30c8\u30ec\u30b7\u30fc\u30d0\u30fc\/\u30c8\u30e9\u30f3\u30b9\u30df\u30c3\u30bf\u30fc\u7528\u5145\u96fb\u30b9\u30ed\u30c3\u30c810\u57fa<\/li>\n<li>\u30e1\u30a4\u30f3\u63a5\u7d9a\u3001\u30ab\u30b9\u30b1\u30fc\u30c9\u63a5\u7d9a\u53ef\u80fd<\/li>\n<li>\u52d5\u4f5c\u8868\u793a\u7528LED<\/li>\n<li>\u9811\u4e08\u306a\u91d1\u5c5e\u88fd\u30cf\u30a6\u30b8\u30f3\u30b0\u300119\u30a4\u30f3\u30c1\u30013U<\/li>\n<\/ul>\n<p>\u30b7\u30cd\u30b7\u30b9 SG24: 19\u2033\/24 U\u30d5\u30ed\u30a2\u30b9\u30bf\u30f3\u30c9\u578b\u30a8\u30f3\u30af\u30ed\u30fc\u30b8\u30e3 \u30ed\u30c3\u30af\u53ef\u80fd\u306a\u30c9\u30a2\u3092\u5099\u3048\u305f19\u2033 SG 24\u30d5\u30ed\u30a2\u30b9\u30bf\u30f3\u30c9\u578b\u30a8\u30f3\u30af\u30ed\u30fc\u30b8\u30e3<\/p>\n<p>[spacer size=\"10\u2033]<\/p>\n<hr style=\"background-color:#999999; margin-bottom:30px;\">\n<div class=\"call-action-slider-img\">\n<img decoding=\"async\" src=\"https:\/\/konferenztechnik.de\/wp-content\/uploads\/2018\/05\/fuehrungsanlage-zueboer-kaufen.jpg\" alt=\"SYNEXIS\u30a2\u30af\u30bb\u30b5\u30ea\u30fc\u3092\u8cfc\u5165 \" class=\"alignnone size-full wp-image-12201\" title=\"\"><\/p>\n<\/div>\n<div class=\"call-action-slider-img\">\n<img decoding=\"async\" src=\"https:\/\/konferenztechnik.de\/wp-content\/uploads\/2018\/05\/synexis-ladekoffer.jpg\" alt=\"SYNEXIS\u5145\u96fb\u30b1\u30fc\u30b9\u3092\u8cfc\u5165\u3059\u308b\" class=\"alignnone size-full wp-image-12201\" title=\"\"><\/p>\n<\/div>\n<h2>SYNEXIS\u30a2\u30af\u30bb\u30b5\u30ea\u30fc<\/h2>\n<p>[spacer size=\"10\u2033]<\/p>\n<p>SYNEXIS\u88fd\u54c1\u30b7\u30ea\u30fc\u30ba\u306b\u306f\u3001\u5e45\u5e83\u3044\u30a2\u30af\u30bb\u30b5\u30ea\u30fc\u304c\u7528\u610f\u3055\u308c\u3066\u3044\u307e\u3059\uff1a<\/p>\n<p>[list icon=\"moon-checkmark\" color=\"#a62055\u2033]DT1\u30b7\u30f3\u30b0\u30eb\u30a4\u30e4\u30fc\u30d8\u30c3\u30c9\u30d5\u30a9\u30f3[\/list]<br \/>\n[\u30ea\u30b9\u30c8\u30a2\u30a4\u30b3\u30f3=\"moon-checkmark\" \u30ab\u30e9\u30fc=\"#a62055\u2033]\u30a4\u30f3\u30c0\u30af\u30b7\u30e7\u30f3\u30b9\u30ea\u30f3\u30b0IL 200[\/list]\u3002<br \/>\n[\u30ea\u30b9\u30c8\u30a2\u30a4\u30b3\u30f3=\"moon-checkmark\" \u30ab\u30e9\u30fc=\"#a62055\u2033]SYNEXIS C20\u8f38\u9001\u304a\u3088\u3073\u5145\u96fb\u30b1\u30fc\u30b9[\/list]\u3002<br \/>\n[\u30ea\u30b9\u30c8\u30a2\u30a4\u30b3\u30f3=\"moon-checkmark\" \u30ab\u30e9\u30fc=\"#a62055\u2033]SYNEXIS C30\u8f38\u9001\u304a\u3088\u3073\u5145\u96fb\u30b1\u30fc\u30b9[\/list]\u3002<\/p>\n<p>...\u305d\u306e\u4ed6\u3082\u308d\u3082\u308d\u3002<\/p>\n<p>\u30ec\u30b7\u30fc\u30d0\u30fc\u3068\u30c8\u30e9\u30f3\u30b9\u30df\u30c3\u30bf\u30fc\u306f\u3001\u4ed6\u793e\u306e\u30d8\u30c3\u30c9\u30d5\u30a9\u30f3\u3084\u30de\u30a4\u30af\u3068\u7d44\u307f\u5408\u308f\u305b\u305f\u308a\u3001\u65e2\u5b58\u306e\u4f1a\u8b70\u30b7\u30b9\u30c6\u30e0\u306b\u7d44\u307f\u8fbc\u3080\u3053\u3068\u3082\u53ef\u80fd\u3067\u3059\u3002\u304a\u6c17\u8efd\u306b\u304a\u554f\u3044\u5408\u308f\u305b\u304f\u3060\u3055\u3044\u3002<\/p>\n<p>[spacer size=\"10\u2033]<\/p>\n<hr style=\"background-color:#999999; margin-bottom:30px;\">\n<div class=\"call-action-slider-img\">\n<img decoding=\"async\" src=\"https:\/\/konferenztechnik.de\/wp-content\/uploads\/2018\/05\/synexis-personenfuehrungsanlage-kaufen.jpg\" alt=\"\u30b7\u30cd\u30b7\u30b9\u500b\u4eba\u30ac\u30a4\u30c0\u30f3\u30b9\u30b7\u30b9\u30c6\u30e0\u3092\u8cfc\u5165\" class=\"alignnone size-full wp-image-12201\" title=\"\"><br \/>\n<button class=\"bbtn popmake-12226\">\u898b\u7a4d\u3082\u308a\u4f9d\u983c &amp;#x9B\uff1b<\/button><\/div>\n<div style=\"background-color:#f2f2f2; width:100%; display:block; margin-bottom:40px;\">\n<div style=\"text-align:center; width:100%; padding:left:10px; padding-top:18px;\"><img decoding=\"async\" src=\"https:\/\/konferenztechnik.de\/wp-content\/uploads\/2018\/05\/bewerten-happy.png\" alt=\"\" width=\"142\" height=\"42\" class=\"aligncenter size-full wp-image-13128\" title=\"\"><\/div>\n<div style=\"text-align:left; padding:10px;\">\u624b\u888b\u306e\u3088\u3046\u306b\u30d5\u30a3\u30c3\u30c8\uff01\u79c1\u305f\u3061\u306e\u30a2\u30c9\u30d0\u30a4\u30b9\u3092\u3054\u6d3b\u7528\u304f\u3060\u3055\u3044\u3002\u3069\u306e\u30ac\u30a4\u30c9\u30b7\u30b9\u30c6\u30e0\u3001\u3069\u306e\u69cb\u6210\u304c\u304a\u5ba2\u69d8\u306e\u3054\u8981\u671b\u306b\u6700\u3082\u9069\u3057\u3066\u3044\u308b\u304b\u3001\u3054\u4e00\u7dd2\u306b\u8003\u3048\u3055\u305b\u3066\u3044\u305f\u3060\u304d\u307e\u3059\u3002<\/div>\n<\/div>\n<div class=\"callouthoch\">\n[callout add_button=\"no\" button_text=\"Learn More\" button_url=\"#\" button_color=\"#a62055\u2033].<br \/>\n\u304a\u96fb\u8a71\u3067\u306e\u304a\u554f\u3044\u5408\u308f\u305b\u3082\u627f\u3063\u3066\u304a\u308a\u307e\u3059\uff1a<br \/>\n[v_icon color=\"#a62055\u2033 size=\"20px\" target=\"_blank\" name=\"moon-phone-2\u2033] +49 211 737798 20<br \/>\n[\/callout]\u3002<\/div>\n<div class=\"callouthoch\">\n[callout add_button=\"no\" button_text=\"Learn More\" button_url=\"#\" button_color=\"#a62055\u2033].<br \/>\n\u304a\u554f\u3044\u5408\u308f\u305b\u306fE\u30e1\u30fc\u30eb\u306b\u3066\u304a\u9858\u3044\u3044\u305f\u3057\u307e\u3059\uff1a<br \/>\n[v_icon color=\"#a62055\u2033 size=\"20px\" target=\"_blank\" name=\"moon-envelop-2\u2033]\u3002 <a href=\"mailto:vertrieb@konferenztechnik.de\" onclick=\"ga('send', 'event', 'Email-Klick', 'F\u00fchrungsanlagen kaufen  Vertrieb');\"> vertrieb@konferenztechnik.de<\/a><br \/>\n[\/callout]\u3002<\/div>\n<p>[spacer size=\"10\u2033]<\/p>\n<div class=\"weiterlinks\" style=\"background-color:#ffffff;\">\n<h1>\u305d\u306e\u4ed6\u306e\u30ea\u30f3\u30af<\/h1>\n<p>[\u30ea\u30b9\u30c8\u30a2\u30a4\u30b3\u30f3=\"moon-arrow-right-2\u2033\u30ab\u30e9\u30fc=\"#a62055\u2033]]\u3002<a title=\"\u591a\u8a00\u8a9e\u30a4\u30d9\u30f3\u30c8\u306e\u30b5\u30dd\u30fc\u30c8\" href=\"\/ja\/%e3%83%91%e3%83%bc%e3%82%bd%e3%83%8a%e3%83%ab%e3%83%bb%e3%82%ac%e3%82%a4%e3%83%80%e3%83%b3%e3%82%b9%e3%83%bb%e3%82%b7%e3%82%b9%e3%83%86%e3%83%a0\/\">\u65c5\u5ba2\u6848\u5185\u30b7\u30b9\u30c6\u30e0\u306e\u6982\u8981\u30da\u30fc\u30b8<\/a>[\u30ea\u30b9\u30c8\uff3d<br \/>\n[\u30ea\u30b9\u30c8\u30a2\u30a4\u30b3\u30f3=\"moon-arrow-right-2\u2033\u30ab\u30e9\u30fc=\"#a62055\u2033]]\u3002<a title=\"\u591a\u8a00\u8a9e\u30a4\u30d9\u30f3\u30c8\u306e\u30b5\u30dd\u30fc\u30c8\" href=\"\/ja\/%e3%83%99%e3%82%a4%e3%83%a4%e3%83%bc%e3%83%80%e3%82%a4%e3%83%8a%e3%83%9f%e3%83%83%e3%82%af%e3%83%bb%e3%83%a6%e3%83%8a%e3%82%a4%e3%83%88%e3%83%bb%e3%82%b3%e3%83%9f%e3%83%a5%e3%83%8b%e3%82%b1%e3%83%bc\/\">\u307e\u3082\u306a\u304f\u767a\u58f2\u30d9\u30a4\u30e4\u30fc\u30c0\u30a4\u30ca\u30df\u30c3\u30af \u30e6\u30ca\u30a4\u30c8\u30ac\u30a4\u30c0\u30f3\u30b9\u30b7\u30b9\u30c6\u30e0<\/a>[\u30ea\u30b9\u30c8\uff3d<br \/>\n[\u30ea\u30b9\u30c8\u30a2\u30a4\u30b3\u30f3=\"moon-arrow-right-2\u2033\u30ab\u30e9\u30fc=\"#a62055\u2033]]\u3002<a title=\"\u591a\u8a00\u8a9e\u30a4\u30d9\u30f3\u30c8\u306e\u30b5\u30dd\u30fc\u30c8\" href=\"\/ja\/%e3%82%ab%e3%83%b3%e3%83%95%e3%82%a1%e3%83%ac%e3%83%b3%e3%82%b9%e3%83%bb%e3%83%86%e3%82%af%e3%83%8e%e3%83%ad%e3%82%b8%e3%83%bc%e3%82%92%e8%b3%bc%e5%85%a5%e3%81%99%e3%82%8b\/\">\u4f1a\u8b70\u6280\u8853\u30bb\u30fc\u30eb\u30b9<\/a>[\u30ea\u30b9\u30c8\uff3d<br \/>\n[\u30ea\u30b9\u30c8\u30a2\u30a4\u30b3\u30f3=\"moon-arrow-right-2\u2033\u30ab\u30e9\u30fc=\"#a62055\u2033]]\u3002<a title=\"\u53c2\u8003\u6587\u732e\" href=\"\/ja\/%e4%bc%9a%e8%ad%b0%e6%8a%80%e8%a1%93%e3%81%8a%e3%82%88%e3%81%b3%e3%83%a1%e3%83%87%e3%82%a3%e3%82%a2%e3%83%bb%e3%82%b7%e3%82%b9%e3%83%86%e3%83%a0%e3%81%ae%e8%a8%ad%e7%bd%ae%e3%81%a8%e7%b5%b1%e5%90%88\/\">\u4f1a\u8b70\u30fb\u30e1\u30c7\u30a3\u30a2\u30fb\u30c6\u30af\u30ce\u30ed\u30b8\u30fc\u306e\u5c0e\u5165<\/a>[\u30ea\u30b9\u30c8\uff3d<br \/>\n[\u30ea\u30b9\u30c8\u30a2\u30a4\u30b3\u30f3=\"moon-arrow-right-2\u2033\u30ab\u30e9\u30fc=\"#a62055\u2033]]\u3002<a title=\"\u901a\u8a33\u306e\u30c8\u30ec\u30fc\u30cb\u30f3\u30b0\u3068\u30b5\u30fc\u30d3\u30b9\" href=\"\/ja\/%e9%80%9a%e8%a8%b3%e8%80%85%e3%81%ae%e3%81%9f%e3%82%81%e3%81%ae%e3%83%88%e3%83%ac%e3%83%bc%e3%83%8b%e3%83%b3%e3%82%b0%e3%82%b3%e3%83%bc%e3%82%b9%e3%81%a8%e3%82%b5%e3%83%bc%e3%83%93%e3%82%b9\/\">\u901a\u8a33\u306e\u30c8\u30ec\u30fc\u30cb\u30f3\u30b0\u3068\u30b5\u30fc\u30d3\u30b9<\/a>[\u30ea\u30b9\u30c8\uff3d<br \/>\n[\u30ea\u30b9\u30c8\u30a2\u30a4\u30b3\u30f3=\"moon-arrow-right-2\u2033\u30ab\u30e9\u30fc=\"#a62055\u2033]]\u3002<a title=\"PCS\u304c\u5fc5\u8981\u306a10\u306e\u7406\u7531\" href=\"\/ja\/%e4%bc%9a%e7%a4%be%e6%a6%82%e8%a6%81-2\/pc%e3%82%92%e9%81%b8%e3%81%b610%e3%81%ae%e7%90%86%e7%94%b1\/\">PCS\u304c\u5fc5\u8981\u306a10\u306e\u7406\u7531<\/a>[\u30ea\u30b9\u30c8\uff3d<br \/>\n[\u30ea\u30b9\u30c8\u30a2\u30a4\u30b3\u30f3=\"moon-arrow-right-2\u2033\u30ab\u30e9\u30fc=\"#a62055\u2033]]\u3002<a title=\"PCS\uff1a\u5168\u30b5\u30fc\u30d3\u30b9\u4e00\u89a7\" href=\"\/ja\/%e3%82%b5%e3%83%bc%e3%83%93%e3%82%b9-2\/\">PCS\uff1a\u5168\u30b5\u30fc\u30d3\u30b9\u4e00\u89a7<\/a>[\u30ea\u30b9\u30c8\uff3d<\/ul>\n<\/div>\n<\/div>\n<p>[spacer size=\"20\u2033]<\/p><\/h3>","protected":false},"excerpt":{"rendered":"<p>Beyerdynamic Synexis kaufen Angebot anfordern &#x9B; Taschenempf\u00e4nger SYNEXIS RP8 [spacer size=&#8220;10&#8243;] Der Synexis RP8 Taschenempf\u00e4nger ist ideal f\u00fcr Personenf\u00fchrungen, Konferenzen oder mehrsprachige Dolmetscheranwendungen geeignet. An den Miniklinkenanschluss (3,5 mm) kann ein handels\u00fcblicher Kopfh\u00f6rer oder eine Induktionsschlinge f\u00fcr Personen mit H\u00f6rger\u00e4t angeschlossen werden. Die Reichweite betr\u00e4gt bei Sichtverbindung zwischen Sender und Empf\u00e4nger ca. 100 m. Auf dem Display werden Informationen zu Kanal, Batteriestatus und Frequenz gut lesbar angezeigt. Der Empf\u00e4nger kann entweder mit abnehmbaren G\u00fcrtelclip befestigt oder einer Umh\u00e4ngekordel um den Hals getragen werden. Der Synexis RP8 kann entweder mit zwei NiMH-Akkus oder 1,5 V AA Batterien betrieben werden. 1: Lautst\u00e4rkeregler 2: Miniklinken-Ausgang 3: Kanalwahltasten 4: Die hinterleuchtete OLED-Anzeige informiert \u00fcber [&hellip;]<\/p>","protected":false},"author":1,"featured_media":45482,"parent":0,"menu_order":0,"comment_status":"closed","ping_status":"closed","template":"","meta":{"_acf_changed":false,"footnotes":""},"class_list":["post-13130","page","type-page","status-publish","has-post-thumbnail","hentry"],"acf":[],"_links":{"self":[{"href":"https:\/\/konferenztechnik.de\/ja\/wp-json\/wp\/v2\/pages\/13130","targetHints":{"allow":["GET"]}}],"collection":[{"href":"https:\/\/konferenztechnik.de\/ja\/wp-json\/wp\/v2\/pages"}],"about":[{"href":"https:\/\/konferenztechnik.de\/ja\/wp-json\/wp\/v2\/types\/page"}],"author":[{"embeddable":true,"href":"https:\/\/konferenztechnik.de\/ja\/wp-json\/wp\/v2\/users\/1"}],"replies":[{"embeddable":true,"href":"https:\/\/konferenztechnik.de\/ja\/wp-json\/wp\/v2\/comments?post=13130"}],"version-history":[{"count":0,"href":"https:\/\/konferenztechnik.de\/ja\/wp-json\/wp\/v2\/pages\/13130\/revisions"}],"wp:featuredmedia":[{"embeddable":true,"href":"https:\/\/konferenztechnik.de\/ja\/wp-json\/wp\/v2\/media\/45482"}],"wp:attachment":[{"href":"https:\/\/konferenztechnik.de\/ja\/wp-json\/wp\/v2\/media?parent=13130"}],"curies":[{"name":"wp","href":"https:\/\/api.w.org\/{rel}","templated":true}]}}