{"id":14162,"date":"2018-10-30T11:39:11","date_gmt":"2018-10-30T10:39:11","guid":{"rendered":"https:\/\/www.konferenztechnik.de\/?page_id=14162"},"modified":"2018-10-30T11:39:11","modified_gmt":"2018-10-30T10:39:11","slug":"%e4%bc%9a%e8%ad%b0%e7%94%a8%e5%8f%97%e4%bf%a1%e6%a9%9f%e3%81%ae%e3%83%ac%e3%83%b3%e3%82%bf%e3%83%ab","status":"publish","type":"page","link":"https:\/\/konferenztechnik.de\/ja\/%e4%bc%9a%e8%ad%b0%e7%94%a8%e5%8f%97%e4%bf%a1%e6%a9%9f%e3%81%ae%e3%83%ac%e3%83%b3%e3%82%bf%e3%83%ab\/","title":{"rendered":"\u4f1a\u8b70\u7528\u30ec\u30b7\u30fc\u30d0\u30fc\u306e\u30ec\u30f3\u30bf\u30eb"},"content":{"rendered":"<h1>\u4f1a\u8b70\u7528\u30ec\u30b7\u30fc\u30d0\u30fc\u306e\u30ec\u30f3\u30bf\u30eb\u540c\u6642\u901a\u8a33\u4f1a\u8b70\u7528\u30ec\u30b7\u30fc\u30d0\u30fc\u3068\u30d8\u30c3\u30c9\u30d5\u30a9\u30f3<\/h1>\n<p>\u4f1a\u8b70\u7528\u30ec\u30b7\u30fc\u30d0\u30fc\u306f\u3001\u3042\u3089\u3086\u308b\u898f\u6a21\u306e\u4f1a\u8b70\u3001\u30df\u30fc\u30c6\u30a3\u30f3\u30b0\u3001\u30b3\u30f3\u30b0\u30ec\u30b9\u306b\u3054\u5229\u7528\u3044\u305f\u3060\u3051\u307e\u3059\u3002\u5f53\u793e\u306e\u6700\u65b0\u306e\u30ec\u30b7\u30fc\u30d0\u30fc\u306f\u4fe1\u983c\u6027\u304c\u9ad8\u304f\u3001\u4f7f\u3044\u3084\u3059\u304f\u3001\u5feb\u9069\u306b\u88c5\u7740\u3067\u304d\u307e\u3059\u3002\u4f1a\u8b70\u7528\u30ec\u30b7\u30fc\u30d0\u30fc\u306f\u6700\u592732\u306e\u97f3\u58f0\u30c1\u30e3\u30f3\u30cd\u30eb\u3092\u540c\u6642\u306b\u53d7\u4fe1\u3067\u304d\u307e\u3059\u3002\u5c0f\u898f\u6a21\u306a\u4f1a\u8b70\u5ba4\u304b\u3089\u5927\u898f\u6a21\u306a\u30a4\u30d9\u30f3\u30c8\u30fb\u5c55\u793a\u4f1a\u5834\u307e\u3067\u3001\u5e45\u5e83\u304f\u3054\u5229\u7528\u3044\u305f\u3060\u3051\u307e\u3059\u3002\u5fc5\u8981\u306a\u4f1d\u9001\u6280\u8853\uff08\u30c7\u30b8\u30bf\u30eb\u8d64\u5916\u7dda\u3001UHF\u307e\u305f\u306fDECT\u7121\u7dda\u6280\u8853\uff09\u3001\u901a\u8a33\u30b7\u30b9\u30c6\u30e0\u3001\u901a\u8a33\u30d6\u30fc\u30b9\u306e\u30ec\u30f3\u30bf\u30eb\u3082\u627f\u308a\u307e\u3059\u3002\u500b\u3005\u306e\u30b3\u30f3\u30dd\u30fc\u30cd\u30f3\u30c8\u304b\u3089\u30b7\u30b9\u30c6\u30e0\u4e00\u5f0f\u307e\u3067\u3001\u559c\u3093\u3067\u3054\u63d0\u6848\u3055\u305b\u3066\u3044\u305f\u3060\u304d\u307e\u3059\u3002<\/p>\n<div class=\"call-action-slider-img\">\n<img decoding=\"async\" src=\"https:\/\/konferenztechnik.de\/wp-content\/uploads\/2018\/10\/konferenzempfaenger-mieten-bei-PCS-1.jpg\" alt=\"PCS\u304b\u3089\u4f1a\u8b70\u7528\u53d7\u4fe1\u6a5f\u3092\u30ec\u30f3\u30bf\u30eb\" class=\"alignleft size-full wp-image-14171\" title=\"\"><br \/>\n<button class=\"btn popmake-14167\">\u898b\u7a4d\u3082\u308a\u3092\u4f9d\u983c\u3059\u308b<br \/>1\u6642\u9593\u4ee5\u5185<br \/>\u4e00\u7dd2\u306b&amp;#x9B\uff1b<\/button>\n<\/div>\n<h2>\u30ec\u30b7\u30fc\u30d0\u30fc\u306e\u30ec\u30f3\u30bf\u30eb<\/h2>\n<p>\u3061\u306a\u307f\u306b\u3001PCS\u306b\u306f\u6700\u4f4e\u767a\u6ce8\u53f0\u6570\u306f\u3042\u308a\u307e\u305b\u3093\u3002\u30ec\u30b7\u30fc\u30d0\u30fc\u304c1\u53f0\u3060\u3051\u5fc5\u8981\u306a\u3089\u3001\u30ec\u30b7\u30fc\u30d0\u30fc1\u53f0\u5206\u306e\u6599\u91d1\u3092\u652f\u6255\u3048\u3070\u3044\u3044\u3002\u7c21\u5358\u306a\u3053\u3068\u3060\u3002<\/p>\n<h2>\u7ffb\u8a33\u7528\u8d64\u5916\u7dda\u30ec\u30b7\u30fc\u30d0\u30fc\u3068\u7121\u7dda\u30ec\u30b7\u30fc\u30d0\u30fc<\/h2>\n<p>PCS Konferenztechnik\u3067\u306f\u3001\u540c\u6642\u901a\u8a33\u8005\u306e\u3044\u308b\u4f1a\u8b70\u7528\u306b\u3001\u30c7\u30b8\u30bf\u30eb\u8d64\u5916\u7dda\u53d7\u4fe1\u6a5f\u3068\u7121\u7dda\u53d7\u4fe1\u6a5f\u306e\u4e21\u65b9\u3092\u8cb8\u3057\u51fa\u3057\u3066\u3044\u307e\u3059\u3002\u7a7a\u9593\u6761\u4ef6\u3084\u4f1d\u9001\u3059\u308b\u4fe1\u53f7\u306b\u5408\u308f\u305b\u3066\u3001\u9069\u5207\u306a\u4f1d\u9001\u6280\u8853\u3092\u9078\u629e\u3057\u307e\u3059\u3002 <\/p>\n<h2>\u4f1a\u8b70\u7528\u30c7\u30b8\u30bf\u30eb\u8d64\u5916\u7dda\u4f1d\u9001<\/h2>\n<p>\u8d64\u5916\u7dda\u4fe1\u53f7\u306f\u30c7\u30b8\u30bf\u30eb\u4f1d\u9001\u3055\u308c\u308b\u3002\u3053\u308c\u306b\u3088\u308a\u3001\u6700\u9ad8\u306e\u97f3\u8cea\u3068\u975e\u5e38\u306b\u9577\u3044\u4f1d\u9001\u8ddd\u96e2\u3067\u4fe1\u53f7\u3092\u4f1d\u9001\u3059\u308b\u3053\u3068\u304c\u3067\u304d\u307e\u3059\u3002\u9ad8\u8f1d\u5ea6\u306e\u305f\u3081\u3001\u308f\u305a\u304b\u6570\u500b\u306e\u8d64\u5916\u7dda\u30a8\u30df\u30c3\u30bf\u30fc\u3067\u5e83\u3044\u7bc4\u56f2\u3092\u30ab\u30d0\u30fc\u3067\u304d\u307e\u3059\u3002\u4fe1\u53f7\u306f\u5149\u306e\u5f71\u97ff\u3092\u53d7\u3051\u306b\u304f\u3044\u305f\u3081\u3001\u5c4b\u5916\u3067\u3082\u4f7f\u7528\u3067\u304d\u307e\u3059\u3002<\/p>\n<h2>\u4f1a\u8b70\u7528UHF\u7121\u7dda\u53d7\u4fe1\u6a5f<\/h2>\n<p>PCS\u3067\u306f\u6700\u65b0\u306eUHF\u7121\u7dda\u53d7\u4fe1\u6a5f\u3092\u30ec\u30f3\u30bf\u30eb\u3067\u304d\u307e\u3059\u3002\u3053\u306e\u53d7\u4fe1\u6a5f\u306f\u3001\u5927\u304d\u306a\u5efa\u7269\u3084\u30db\u30fc\u30eb\u306e\u4e2d\u3067\u3082\u3001\u9577\u3044\u5230\u9054\u8ddd\u96e2\u3092\u6301\u3063\u3066\u3044\u307e\u3059\u3002\u53d7\u4fe1\u6a5f\u306f\u767b\u9332\u4e0d\u8981\u306eISM\u30d0\u30f3\u30c9\u3067\u9001\u4fe1\u3057\u307e\u3059\u3002863\uff5e865MHz\u306e\u7bc4\u56f2\u3067\u3042\u308c\u3070\u3001\u5e72\u6e09\u3084\u305d\u306e\u4ed6\u306e\u59a8\u5bb3\u3092\u5f15\u304d\u8d77\u3053\u3059\u3053\u3068\u306a\u304f\u3001\u30d7\u30ed\u7528\u30e9\u30b8\u30aa\u30de\u30a4\u30af\u3068\u4e26\u884c\u3057\u3066\u7c21\u5358\u306b\u4f7f\u7528\u3059\u308b\u3053\u3068\u304c\u3067\u304d\u307e\u3059\u3002<\/p>\n<p><img decoding=\"async\" src=\"https:\/\/konferenztechnik.de\/wp-content\/uploads\/2018\/10\/Empfaenger-mieten-bei-pcs-1.jpg\" alt=\"PCS\u304b\u3089\u30ec\u30b7\u30fc\u30d0\u30fc\u3092\u30ec\u30f3\u30bf\u30eb\" class=\"alignleft size-full wp-image-14175\" title=\"\"><\/p>\n<h2>\u30ec\u30b7\u30fc\u30d0\u30fc\u7528\u30d8\u30c3\u30c9\u30d5\u30a9\u30f3\u306e\u30ec\u30f3\u30bf\u30eb<\/h2>\n<p>PCS\u3067\u306f\u30d8\u30c3\u30c9\u30db\u30f3\u306e\u5927\u91cf\u30ec\u30f3\u30bf\u30eb\u304c\u53ef\u80fd\u3067\u3059\u30023\u7a2e\u985e\u306e\u30d8\u30c3\u30c9\u30db\u30f3\u3092\u3054\u7528\u610f\u3057\u3066\u304a\u308a\u307e\u3059\uff1a<br \/>\n\u7247\u8033\u30a4\u30e4\u30db\u30f3<br \/>\n\u7247\u8033\u30bf\u30a4\u30d7\u306e\u30d8\u30c3\u30c9\u30db\u30f3\u306f\u3001\u5186\u5353\u4f1a\u8b70\u3084\u30d1\u30cd\u30eb\u30c7\u30a3\u30b9\u30ab\u30c3\u30b7\u30e7\u30f3\u306a\u3069\u3001\u53c2\u52a0\u8005\u304c\u4f1a\u5834\u5185\u306e\u8a71\u3057\u8a00\u8449\u3068\u7ffb\u8a33\u3092\u9023\u7d9a\u3057\u3066\u805e\u304f\u5fc5\u8981\u304c\u3042\u308b\u5834\u5408\u306b\u7279\u306b\u9069\u3057\u3066\u3044\u307e\u3059\u3002<\/p>\n<p>2. \u30e2\u30ce\u30e9\u30eb\u30fb\u30d8\u30c3\u30c9\u30d5\u30a9\u30f3<br \/>\n\u30e2\u30ce\u30e9\u30eb\u30fb\u30d8\u30c3\u30c9\u30d5\u30a9\u30f3\u306f\u3001\u307b\u3068\u3093\u3069\u97f3\u58f0\u306e\u307f\u3092\u4f1d\u9001\u3059\u308b\u5834\u5408\u306b\u5e38\u306b\u7406\u60f3\u7684\u3067\u3059\u3002\u5f53\u793e\u306e\u30e2\u30ce\u30e9\u30eb\u30d8\u30c3\u30c9\u30db\u30f3\u306f\u30012\u3064\u306e\u30a4\u30e4\u30db\u30f3\u304b\u3089\u540c\u3058\u4fe1\u53f7\u304c\u9001\u4fe1\u3055\u308c\u307e\u3059\u3002<\/p>\n<p>3. \u30b9\u30c6\u30ec\u30aa\u30fb\u30d8\u30c3\u30c9\u30d5\u30a9\u30f3<br \/>\n\u30b9\u30c6\u30ec\u30aa\u30fb\u30d8\u30c3\u30c9\u30d5\u30a9\u30f3\u306f\u666e\u904d\u7684\u306b\u4f7f\u7528\u3067\u304d\u308b\u3002\u97f3\u697d\u3084\u6620\u753b\u306e\u97f3\u58f0\u3060\u3051\u3067\u306a\u304f\u3001\u97f3\u58f0\u306e\u4f1d\u9001\u306b\u3082\u9069\u3057\u3066\u3044\u308b\u3002<\/p>\n<h2>\u30aa\u30fc\u30c7\u30a3\u30aa\u4fe1\u53f7\u3092\u30b9\u30c6\u30ec\u30aa\u3067\u9001\u4fe1<\/h2>\n<p>\u5f53\u793e\u306e\u8d64\u5916\u7dda\u30ec\u30b7\u30fc\u30d0\u30fc\u3068DECT\u30ec\u30b7\u30fc\u30d0\u30fc\u306f\u3001\u30b9\u30c6\u30ec\u30aa\u3084CD\u306e\u97f3\u8cea\u3067\u4fe1\u53f7\u3092\u805e\u304f\u3053\u3068\u304c\u3067\u304d\u307e\u3059\u3002\u3053\u308c\u306b\u3088\u308a\u3001\u4f8b\u3048\u3070\u3001\u97f3\u697d\u3084\u6620\u753b\u306e\u97f3\u58f0\u306a\u3069\u3001\u7279\u306b\u826f\u3044\u97f3\u3092\u5fc5\u8981\u3068\u3059\u308b\u4fe1\u53f7\u306e\u4f1d\u9001\u304c\u53ef\u80fd\u306b\u306a\u308a\u307e\u3059\u3002\u591a\u8a00\u8a9e\u6620\u753b\u3001\u30aa\u30fc\u30c7\u30a3\u30aa\u30a6\u30a9\u30fc\u30af\u3001\u30b5\u30a4\u30ec\u30f3\u30c8\u30c7\u30a3\u30b9\u30b3\u3001\u30b5\u30a4\u30ec\u30f3\u30c8\u30d7\u30ec\u30bc\u30f3\u30c6\u30fc\u30b7\u30e7\u30f3\u3001\u5287\u5834\u516c\u6f14\u306a\u3069\u306b\u5fdc\u7528\u3067\u304d\u307e\u3059\u3002\u30ec\u30b7\u30fc\u30d0\u30fc\u306f\u3001\u304a\u624b\u6301\u3061\u306e\u30d8\u30c3\u30c9\u30db\u30f3\u3092\u4f7f\u7528\u3059\u308b\u3053\u3068\u3082\u3067\u304d\u307e\u3059\u3002<\/p>\n<h2>PCS\u304b\u3089\u901a\u8a33\u30b7\u30b9\u30c6\u30e0\u4e00\u5f0f\u3092\u30ec\u30f3\u30bf\u30eb<\/h2>\n<p>\u5f53\u793e\u3067\u306f\u3001\u901a\u8a33\u30b7\u30b9\u30c6\u30e0\u4e00\u5f0f\u3092\u30ec\u30f3\u30bf\u30eb\u3059\u308b\u3053\u3068\u304c\u3067\u304d\u307e\u3059\u3002\u901a\u8a33\u30d6\u30fc\u30b9\u3001\u901a\u8a33\u30bb\u30f3\u30bf\u30fc\u3001\u901a\u8a33\u30c7\u30b9\u30af\u3001\u4f1d\u9001\u6280\u8853\u3001\u4f1a\u8b70\u7528\u53d7\u4fe1\u6a5f\u306a\u3069\u3067\u3059\u3002\u307e\u305f\u3001\u97f3\u97ff\u30fb\u6620\u50cf\u6a5f\u5668\u3082\u30ec\u30f3\u30bf\u30eb\u53ef\u80fd\u3067\u3059\u3002PCS\u306e\u30d7\u30ed\u30b8\u30a7\u30af\u30c8\u30fb\u30d7\u30e9\u30f3\u30cb\u30f3\u30b0\u30fb\u30c1\u30fc\u30e0\u306f\u3001\u304a\u5ba2\u69d8\u306e\u4f1a\u8b70\u3084\u30a4\u30d9\u30f3\u30c8\u306e\u6280\u8853\u7684\u306a\u8a08\u753b\u3068\u5b9f\u73fe\u3092\u30b5\u30dd\u30fc\u30c8\u3057\u307e\u3059\u3002\u5f53\u793e\u306e\u8a13\u7df4\u3092\u53d7\u3051\u305f\u6280\u8853\u8005\u304c\u3001\u8a2d\u55b6\u30fb\u64a4\u53bb\u3084\u6280\u8853\u30b5\u30dd\u30fc\u30c8\u3092\u559c\u3093\u3067\u627f\u308a\u307e\u3059\u3002<\/p>\n<h2>\u305d\u306e\u4ed6\u306e\u4f1a\u8b70\u30fb\u901a\u8a33\u6280\u8853<\/h2>\n<div id=\"newscontainer\">\n<div class=\"newskasten\"><a href=\"https:\/\/konferenztechnik.de\/ja\/%e4%bc%9a%e8%ad%b0%e6%a9%9f%e5%99%a8%e3%83%ac%e3%83%b3%e3%82%bf%e3%83%ab\/%e9%80%9a%e8%a8%b3%e3%82%b7%e3%82%b9%e3%83%86%e3%83%a0-2\/\">\u901a\u8a33\u30b7\u30b9\u30c6\u30e0<br \/>\n<img fetchpriority=\"high\" decoding=\"async\" width=\"410\" height=\"304\" src=\"https:\/\/konferenztechnik.de\/wp-content\/uploads\/2017\/05\/dolmetscheranlagen-mieten.jpg\" alt=\"\u901a\u8a33\u30b7\u30b9\u30c6\u30e0\u306e\u30ec\u30f3\u30bf\u30eb - PCS Konferenztechnik\" class=\"alignleft size-full wp-image-10339\" title=\"\" srcset=\"https:\/\/konferenztechnik.de\/wp-content\/uploads\/2017\/05\/dolmetscheranlagen-mieten.jpg 410w, https:\/\/konferenztechnik.de\/wp-content\/uploads\/2017\/05\/dolmetscheranlagen-mieten-300x222.jpg 300w\" sizes=\"(max-width: 410px) 100vw, 410px\" \/><br \/>\n<\/a><br \/>\n[\u30af\u30ea\u30a2\uff3d<br \/>\n[list icon=\"moon-checkmark\" color=\"#a62055\u2033]\u30ad\u30e3\u30d3\u30f3\u306e\u30de\u30c3\u30c1\u30f3\u30b0[\/list]\u3002<br \/>\n[list icon=\"moon-checkmark\" color=\"#a62055\u2033]\u6700\u65b0\u306e\u30b7\u30b9\u30c6\u30e0[\/list]\u3002<br \/>\n[\u30ea\u30b9\u30c8\u30a2\u30a4\u30b3\u30f3=\"moon-checkmark\" \u30ab\u30e9\u30fc=\"#a62055\u2033]\u9ad8\u6570\u91cf[\/list]\u3002<\/p>\n<p><a class=\"weiter\" href=\"https:\/\/konferenztechnik.de\/ja\/%e4%bc%9a%e8%ad%b0%e6%a9%9f%e5%99%a8%e3%83%ac%e3%83%b3%e3%82%bf%e3%83%ab\/%e9%80%9a%e8%a8%b3%e3%82%b7%e3%82%b9%e3%83%86%e3%83%a0-2\/\">\u203a \u8a73\u7d30<\/a><\/div>\n<div class=\"newskasten\"><a href=\"https:\/\/konferenztechnik.de\/ja\/%e4%bc%9a%e8%ad%b0%e6%a9%9f%e5%99%a8%e3%83%ac%e3%83%b3%e3%82%bf%e3%83%ab\/%e8%a8%8e%e8%ab%96%e6%96%bd%e8%a8%ad\/\">\u30a4\u30f3\u30bf\u30fc\u30db\u30f3\u30fb\u30b9\u30c6\u30fc\u30b7\u30e7\u30f3<br \/>\n<img decoding=\"async\" width=\"410\" height=\"304\" src=\"https:\/\/konferenztechnik.de\/wp-content\/uploads\/2017\/05\/drahtlose-sprechstellen-mieten.jpg\" alt=\"\u30ef\u30a4\u30e4\u30ec\u30b9\u30de\u30a4\u30af\u30ed\u30db\u30f3\u30e6\u30cb\u30c3\u30c8\u306e\u30ec\u30f3\u30bf\u30eb - PCS Konferenztechnik\" class=\"alignleft size-full wp-image-10340\" title=\"\" srcset=\"https:\/\/konferenztechnik.de\/wp-content\/uploads\/2017\/05\/drahtlose-sprechstellen-mieten.jpg 410w, https:\/\/konferenztechnik.de\/wp-content\/uploads\/2017\/05\/drahtlose-sprechstellen-mieten-300x222.jpg 300w\" sizes=\"(max-width: 410px) 100vw, 410px\" \/><\/a><br \/>\n[\u30af\u30ea\u30a2\uff3d<br \/>\n[list icon=\"moon-checkmark\" color=\"#a62055\u2033]\u30ef\u30a4\u30e4\u30ec\u30b9[\/list]\u3002<br \/>\n[list icon=\"moon-checkmark\" colour=\"#a62055\u2033]Wired[\/list]<br \/>\n[list icon=\"moon-checkmark\" color=\"#a62055\u2033]\u30c7\u30b8\u30bf\u30eb\uff06\u30bb\u30ad\u30e5\u30a2[\/list]\u3002<\/p>\n<p><a class=\"weiter\" href=\"https:\/\/konferenztechnik.de\/ja\/%e4%bc%9a%e8%ad%b0%e6%a9%9f%e5%99%a8%e3%83%ac%e3%83%b3%e3%82%bf%e3%83%ab\/%e8%a8%8e%e8%ab%96%e6%96%bd%e8%a8%ad\/\">\u203a \u8a73\u7d30<\/a><\/div>\n<div class=\"newskasten\"><a href=\"https:\/\/konferenztechnik.de\/ja\/%e4%bc%9a%e8%ad%b0%e6%a9%9f%e5%99%a8%e3%83%ac%e3%83%b3%e3%82%bf%e3%83%ab\/%e3%83%97%e3%83%ad%e3%82%b8%e3%82%a7%e3%82%af%e3%82%bf%e3%83%bc\/\">\u30aa\u30fc\u30c7\u30a3\u30aa\u30fb\u30d3\u30c7\u30aa\u6280\u8853<br \/>\n<img decoding=\"async\" width=\"410\" height=\"304\" src=\"https:\/\/konferenztechnik.de\/wp-content\/uploads\/2017\/05\/audiotechnik-mieten-pcs.jpg\" alt=\"\u97f3\u97ff\u6280\u8853\u30ec\u30f3\u30bf\u30eb - PCS Konferenztechnik\" class=\"alignleft size-full wp-image-10341\" title=\"\" srcset=\"https:\/\/konferenztechnik.de\/wp-content\/uploads\/2017\/05\/audiotechnik-mieten-pcs.jpg 410w, https:\/\/konferenztechnik.de\/wp-content\/uploads\/2017\/05\/audiotechnik-mieten-pcs-300x222.jpg 300w\" sizes=\"(max-width: 410px) 100vw, 410px\" \/><\/a><br \/>\n[\u30af\u30ea\u30a2\uff3d<br \/>\n[list icon=\"moon-checkmark\" color=\"#a62055\u2033]\u30d7\u30ed\u30b8\u30a7\u30af\u30bf\u30fc[\/list]\u3002<br \/>\n[list icon=\"moon-checkmark\" color=\"#a62055\u2033]\u30de\u30a4\u30af\u30ed\u30d5\u30a9\u30f3[\/list]\u3002<br \/>\n[list icon=\"moon-checkmark\" color=\"#a62055\u2033]\u3042\u3089\u3086\u308b\u7a2e\u985e\u306e\u30b5\u30a6\u30f3\u30c9\u30fb\u30ea\u30a4\u30f3\u30d5\u30a9\u30fc\u30b9\u30e1\u30f3\u30c8[\/list]\u3002<\/p>\n<p><a class=\"weiter\" href=\"https:\/\/konferenztechnik.de\/ja\/%e4%bc%9a%e8%ad%b0%e6%a9%9f%e5%99%a8%e3%83%ac%e3%83%b3%e3%82%bf%e3%83%ab\/%e3%83%97%e3%83%ad%e3%82%b8%e3%82%a7%e3%82%af%e3%82%bf%e3%83%bc\/\">\u203a \u8a73\u7d30<\/a><\/div>\n<\/div>\n<p>[spacer size=\"20\u2033]<\/p>\n<p>[callout add_button=\"no\" button_text=\"Learn More\" button_url=\"#\" button_color=\"#a62055\u2033].<br \/>\n\u79c1\u305f\u3061\u306e\u30d7\u30ed\u30b8\u30a7\u30af\u30c8\u30fb\u30b3\u30f3\u30b5\u30eb\u30bf\u30f3\u30c8\u304c\u3001\u30a4\u30d9\u30f3\u30c8\u306e\u4f01\u753b\u304b\u3089\u5b9f\u73fe\u307e\u3067\u3001\u559c\u3093\u3067\u304a\u624b\u4f1d\u3044\u3044\u305f\u3057\u307e\u3059\u3002\u304a\u6c17\u8efd\u306b\u304a\u554f\u3044\u5408\u308f\u305b\u304f\u3060\u3055\u3044\u3002<br \/>\n[\/callout]\u3002<\/p>\n<p>[spacer size=\"20\u2033]<br \/>\n[\u30af\u30ea\u30a2\uff3d<\/p>\n<div class=\"boxcontainer\">\n<div class=\"box1-4\">\n<div class=\"box-head\">\u5317\u3068\u897f<\/div>\n<p><img loading=\"lazy\" decoding=\"async\" width=\"800\" height=\"533\" src=\"https:\/\/konferenztechnik.de\/wp-content\/uploads\/2013\/09\/monika_van_den_boogaard_pcs-gmbh.jpg\" alt=\"\u30e2\u30cb\u30ab_\u30f4\u30a1\u30f3_\u30c7\u30f3_\u30d6\u30b4\u30fc\u30a2\u30fc\u30c9_PCS-GMBH\" class=\"alignleft size-full wp-image-2312\" title=\"\" srcset=\"https:\/\/konferenztechnik.de\/wp-content\/uploads\/2013\/09\/monika_van_den_boogaard_pcs-gmbh.jpg 800w, https:\/\/konferenztechnik.de\/wp-content\/uploads\/2013\/09\/monika_van_den_boogaard_pcs-gmbh-300x200.jpg 300w, https:\/\/konferenztechnik.de\/wp-content\/uploads\/2013\/09\/monika_van_den_boogaard_pcs-gmbh-768x512.jpg 768w\" sizes=\"(max-width: 800px) 100vw, 800px\" \/><br \/>\n\u30e2\u30cb\u30ab\u30fb\u30d5\u30a1\u30f3\u30fb\u30c7\u30f3\u30fb\u30d6\u30ac\u30fc\u30c9<br \/>\n\u30d7\u30ed\u30b8\u30a7\u30af\u30c8\u30fb\u30b3\u30f3\u30b5\u30eb\u30bf\u30f3\u30c8\u306e\u8cc3\u8cb8<br \/>\n\u96fb\u8a71 +49 211 737798 10<br \/>\n<span class=\"volleansicht\">\u96fb\u5b50\u30e1\u30fc\u30eb <a href=\"mailto:vandenboogaard@konferenztechnik.de\" onclick=\"ga('send', 'event', 'Email-Klick', 'Kontakt Boogaard');\">\u66f8\u304f<\/a><br \/><\/span><br \/>\n<span class=\"mobileansicht\">\u96fb\u5b50\u30e1\u30fc\u30eb <a href=\"mailto:vandenboogaard@konferenztechnik.de\" onclick=\"ga('send', 'event', 'Email-Klick', 'Kontakt Boogaard');\">\u66f8\u304f<\/a><br \/><\/span>\n<\/div>\n<div class=\"box1-4\">\n<div class=\"box-head\">\u30a4\u30fc\u30b9\u30c8<\/div>\n<p><img loading=\"lazy\" decoding=\"async\" width=\"2316\" height=\"1543\" src=\"https:\/\/konferenztechnik.de\/wp-content\/uploads\/2017\/05\/sebastian-meyer-pcs-gmbh.jpg\" alt=\"\u30bb\u30d0\u30b9\u30c1\u30e3\u30f3\u30fb\u30de\u30a4\u30e4\u30fcPCS\u793e - \u51e6\u5206\" class=\"alignleft size-full wp-image-10048\" title=\"\" srcset=\"https:\/\/konferenztechnik.de\/wp-content\/uploads\/2017\/05\/sebastian-meyer-pcs-gmbh.jpg 2316w, https:\/\/konferenztechnik.de\/wp-content\/uploads\/2017\/05\/sebastian-meyer-pcs-gmbh-300x200.jpg 300w, https:\/\/konferenztechnik.de\/wp-content\/uploads\/2017\/05\/sebastian-meyer-pcs-gmbh-1024x682.jpg 1024w, https:\/\/konferenztechnik.de\/wp-content\/uploads\/2017\/05\/sebastian-meyer-pcs-gmbh-768x512.jpg 768w, https:\/\/konferenztechnik.de\/wp-content\/uploads\/2017\/05\/sebastian-meyer-pcs-gmbh-1536x1023.jpg 1536w, https:\/\/konferenztechnik.de\/wp-content\/uploads\/2017\/05\/sebastian-meyer-pcs-gmbh-2048x1364.jpg 2048w\" sizes=\"(max-width: 2316px) 100vw, 2316px\" \/><br \/>\n\u30bb\u30d0\u30b9\u30c1\u30e3\u30f3\u30fb\u30de\u30a4\u30e4\u30fc<br \/>\n\u30d7\u30ed\u30b8\u30a7\u30af\u30c8\u30fb\u30b3\u30f3\u30b5\u30eb\u30bf\u30f3\u30c8\u306e\u8cc3\u8cb8<br \/>\n\u96fb\u8a71 +49 30 6959690 15<br \/>\n<span class=\"volleansicht\">\u96fb\u5b50\u30e1\u30fc\u30eb <a href=\"mailto:meyer@konferenztechnik.de\" onclick=\"ga('send', 'event', 'Email-Klick', 'Kontakt Meyer');\">\u66f8\u304f<\/a><br \/><\/span><br \/>\n<span class=\"mobileansicht\">\u96fb\u5b50\u30e1\u30fc\u30eb <a href=\"mailto:meyer@konferenztechnik.de\" onclick=\"ga('send', 'event', 'Email-Klick', 'Kontakt Meyer');\">\u66f8\u304f<\/a><br \/><\/span>\n<\/div>\n<div class=\"box1-4\">\n<div class=\"box-head\">\u5357<\/div>\n<p><img loading=\"lazy\" decoding=\"async\" width=\"800\" height=\"533\" src=\"https:\/\/konferenztechnik.de\/wp-content\/uploads\/2013\/09\/sebastian_gegusch_pcs-gmbh.jpg\" alt=\"\u30bb\u30d0\u30b9\u30c1\u30e3\u30f3\u30fb\u30b2\u30fc\u30b7\u30e5PCS-GmbH\" class=\"alignleft size-full wp-image-3153\" title=\"\" srcset=\"https:\/\/konferenztechnik.de\/wp-content\/uploads\/2013\/09\/sebastian_gegusch_pcs-gmbh.jpg 800w, https:\/\/konferenztechnik.de\/wp-content\/uploads\/2013\/09\/sebastian_gegusch_pcs-gmbh-300x200.jpg 300w, https:\/\/konferenztechnik.de\/wp-content\/uploads\/2013\/09\/sebastian_gegusch_pcs-gmbh-768x512.jpg 768w\" sizes=\"(max-width: 800px) 100vw, 800px\" \/><br \/>\n\u30bb\u30d0\u30b9\u30c1\u30e3\u30f3\u30fb\u30b2\u30b0\u30b7\u30e5<br \/>\n\u30d7\u30ed\u30b8\u30a7\u30af\u30c8\u7ba1\u7406\u3068\u30b9\u30b1\u30b8\u30e5\u30fc\u30ea\u30f3\u30b0<br \/>\n\u96fb\u8a71 +49 89 248830021<br \/>\n<span class=\"volleansicht\">\u96fb\u5b50\u30e1\u30fc\u30eb <a href=\"mailto:gegusch@konferenztechnik.de\" onclick=\"ga('send', 'event', 'Email-Klick', 'Kontakt Gegusch');\">\u66f8\u304f<\/a><br \/><\/span><br \/>\n<span class=\"mobileansicht\">\u96fb\u5b50\u30e1\u30fc\u30eb <a href=\"mailto:gegusch@konferenztechnik.de\" onclick=\"ga('send', 'event', 'Email-Klick', 'Kontakt Gegusch');\">\u66f8\u304f<\/a><br \/><\/span>\n<\/div>\n<div class=\"box1-4-empty\">\n<\/div>\n<\/div>","protected":false},"excerpt":{"rendered":"<p>Konferenzempf\u00e4nger mieten: Empf\u00e4nger und Kopfh\u00f6rer f\u00fcr Konferenzen mit Simultan\u00fcbersetzung Mieten Sie bei PCS Konferenzempf\u00e4nger f\u00fcr Konferenzen, Tagungen und Kongresse jeder Gr\u00f6\u00dfenordnung. Unsere modernen Empf\u00e4nger sind zuverl\u00e4ssig, einfach zu bedienen und bieten einen hohen Tragekomfort. Mit den Konferenzempf\u00e4ngern k\u00f6nnen bis zu 32 Sprach-Kan\u00e4le gleichzeitig empfangen werden. Sie k\u00f6nnen sowohl in kleinen Tagungsr\u00e4umen als auch in gro\u00dfen Event- und Messe-Hallen eingesetzt werden. Bei uns k\u00f6nnen Sie auch die ben\u00f6tigte \u00dcbertragungstechnik (Digitale Infrarot-, oder UHF-Funktechnik), Dolmetschanlagen und Dolmetscherkabinen mieten. Wir machen Ihnen gerne ein Angebot \u00fcber einzelne Komponenten oder ein komplettes System. Angebot anfordern,in einer Stundebei Ihnen! &#x9B; Empf\u00e4nger mieten ohne Mindest-Bestellmenge Bei PCS gibt es \u00fcbrigens keine Mindestbestellmenge. Wenn Sie nur einen [&hellip;]<\/p>","protected":false},"author":1,"featured_media":45482,"parent":0,"menu_order":0,"comment_status":"closed","ping_status":"closed","template":"page-right-sidebar.php","meta":{"_acf_changed":false,"footnotes":""},"class_list":["post-14162","page","type-page","status-publish","has-post-thumbnail","hentry"],"acf":[],"_links":{"self":[{"href":"https:\/\/konferenztechnik.de\/ja\/wp-json\/wp\/v2\/pages\/14162","targetHints":{"allow":["GET"]}}],"collection":[{"href":"https:\/\/konferenztechnik.de\/ja\/wp-json\/wp\/v2\/pages"}],"about":[{"href":"https:\/\/konferenztechnik.de\/ja\/wp-json\/wp\/v2\/types\/page"}],"author":[{"embeddable":true,"href":"https:\/\/konferenztechnik.de\/ja\/wp-json\/wp\/v2\/users\/1"}],"replies":[{"embeddable":true,"href":"https:\/\/konferenztechnik.de\/ja\/wp-json\/wp\/v2\/comments?post=14162"}],"version-history":[{"count":0,"href":"https:\/\/konferenztechnik.de\/ja\/wp-json\/wp\/v2\/pages\/14162\/revisions"}],"wp:featuredmedia":[{"embeddable":true,"href":"https:\/\/konferenztechnik.de\/ja\/wp-json\/wp\/v2\/media\/45482"}],"wp:attachment":[{"href":"https:\/\/konferenztechnik.de\/ja\/wp-json\/wp\/v2\/media?parent=14162"}],"curies":[{"name":"wp","href":"https:\/\/api.w.org\/{rel}","templated":true}]}}