{"id":15284,"date":"2019-09-26T15:54:02","date_gmt":"2019-09-26T14:54:02","guid":{"rendered":"https:\/\/www.konferenztechnik.de\/?page_id=15284"},"modified":"2023-09-01T13:19:45","modified_gmt":"2023-09-01T11:19:45","slug":"%e3%82%bc%e3%83%b3%e3%83%8f%e3%82%a4%e3%82%b6%e3%83%bclsp-500%e3%83%97%e3%83%ad%e3%82%92%e8%b3%bc%e5%85%a5","status":"publish","type":"page","link":"https:\/\/konferenztechnik.de\/ja\/%e3%82%bc%e3%83%b3%e3%83%8f%e3%82%a4%e3%82%b6%e3%83%bclsp-500%e3%83%97%e3%83%ad%e3%82%92%e8%b3%bc%e5%85%a5\/","title":{"rendered":"\u30bc\u30f3\u30cf\u30a4\u30b6\u30fcLSP 500 PRO\u3092\u8cfc\u5165\u3059\u308b"},"content":{"rendered":"<h1>\u30bc\u30f3\u30cf\u30a4\u30b6\u30fcLSP 500 PRO\u3092\u8cfc\u5165\u3059\u308b<\/h1>\n<h2>\u4f1a\u8b70\u3001\u30ab\u30f3\u30d5\u30a1\u30ec\u30f3\u30b9\u3001\u30a4\u30d9\u30f3\u30c8\u7528\u30ef\u30a4\u30e4\u30ec\u30b9\u30aa\u30fc\u30c7\u30a3\u30aa\u30b7\u30b9\u30c6\u30e0\u3002\u30d0\u30c3\u30c6\u30ea\u30fc\u99c6\u52d5\u3001\u30a2\u30d7\u30ea\u306b\u3088\u308b\u30b3\u30f3\u30c8\u30ed\u30fc\u30eb\u3001\u30d5\u30ec\u30ad\u30b7\u30d6\u30eb\u306a\u4f7f\u7528\u3001PCS\u30d0\u30f3\u30c9\u30eb\u3001\u8fc5\u901f\u306a\u914d\u9001\u3002<\/h2>\n<p><!-- <img decoding=\"async\" src=\"https:\/\/konferenztechnik.de\/wp-content\/uploads\/2019\/09\/sennheiser-lsp-500-pro-kaufen-und-angebote-1.jpg\" alt=\"Sennheiser LSP 500 PRO kaufen\" class=\"aligncenter size-full wp-image-15112\" title=\"\"> --><\/p>\n<p>\u30bc\u30f3\u30cf\u30a4\u30b6\u30fc\u306fLSP 500 PRO\u30b7\u30ea\u30fc\u30ba\u3092\u5373\u523b\u751f\u7523\u7d42\u4e86\u3044\u305f\u3057\u307e\u3057\u305f\u3002\u3057\u304b\u3057\u3001\u79c1\u305f\u3061\u306f\u3042\u306a\u305f\u306e\u305f\u3081\u306e\u4ee3\u66ff\u54c1\u3092\u63d0\u4f9b\u3057\u3066\u3044\u307e\u3059\u3002\u3054\u9023\u7d61\u304f\u3060\u3055\u3044\u3002<\/p>\n<p>\u305f\u3060\u3057\u3001\u4fdd\u8a3c\u30b5\u30fc\u30d3\u30b9\u304a\u3088\u3073\u30b5\u30fc\u30d3\u30b9\u30aa\u30fc\u30c0\u30fc\u304c\u9032\u884c\u4e2d\u306e\u5834\u5408\u306f\u3001\u6307\u5b9a\u3055\u308c\u305f\u671f\u9593\u4e2d\u6709\u52b9\u3067\u3059\u3002<\/p>\n<p>\u30bc\u30f3\u30cf\u30a4\u30b6\u30fcLSP 500 PRO\u306f\u3001\u5b8c\u5168\u30ef\u30a4\u30e4\u30ec\u30b9\u3067\u64cd\u4f5c\u3067\u304d\u308b\u30aa\u30fc\u30c7\u30a3\u30aa\u30b7\u30b9\u30c6\u30e0\u3067\u3059\u3002\u30b9\u30d4\u30fc\u30ab\u30fc\u3068\u30de\u30a4\u30af\u306f\u5145\u96fb\u5f0f\u30d0\u30c3\u30c6\u30ea\u30fc\u3067\u99c6\u52d5\u3057\u307e\u3059\u3002\u30ef\u30a4\u30e4\u30ec\u30b9\u30de\u30a4\u30af\u306e\u30ec\u30b7\u30fc\u30d0\u30fc\u306f\u30b9\u30d4\u30fc\u30ab\u30fc\u306e\u80cc\u9762\u306b\u5185\u8535\u3055\u308c\u3066\u3044\u307e\u3059\u3002<\/p>\n<h2>\u30bc\u30f3\u30cf\u30a4\u30b6\u30fc LSP 500 PRO \u2013 PCS \u30ad\u30e3\u30f3\u30da\u30fc\u30f3\u3068\u30d0\u30f3\u30c9\u30eb (\u8ca9\u58f2\u7d42\u4e86)<\/h2>\n<div class=\"bundle-container\">\n<div class=\"bundle-box\"><span class=\"no-hint\">\u30b5\u30d7\u30ea\u30e1\u30f3\u30c8\u3068\u3057\u3066<\/span><\/p>\n<div class=\"bundle-box-head\"><span class=\"bundle-title\">LSP 500\u30d9\u30fc\u30b9<\/span><\/div>\n<figure class=\"bundle-pic\"><img fetchpriority=\"high\" decoding=\"async\" width=\"500\" height=\"280\" class=\"alignleft size-full wp-image-15171\" src=\"https:\/\/konferenztechnik.de\/wp-content\/uploads\/2019\/09\/sennheiser-lsp-500-pro-basis-angebot.jpg\" alt=\"\u30bc\u30f3\u30cf\u30a4\u30b6\u30fcLSP-500-\u30d7\u30ed\u30fb\u30d9\u30fc\u30b7\u30c3\u30af\u30fb\u30aa\u30d5\u30a1\u30fc\" title=\"\" srcset=\"https:\/\/konferenztechnik.de\/wp-content\/uploads\/2019\/09\/sennheiser-lsp-500-pro-basis-angebot.jpg 500w, https:\/\/konferenztechnik.de\/wp-content\/uploads\/2019\/09\/sennheiser-lsp-500-pro-basis-angebot-300x168.jpg 300w\" sizes=\"(max-width: 500px) 100vw, 500px\" \/><\/figure>\n<div class=\"bundle-box-body\">1\u30b9\u30d4\u30fc\u30ab\u30fc\uff08\u30e2\u30ce\u30e9\u30eb\uff09<br \/>\n\u30d0\u30c3\u30c6\u30ea\u30fc\u99c6\u52d5<br \/>\nBluetooth\u306b\u3088\u308b\u30b9\u30c8\u30ea\u30fc\u30df\u30f3\u30b0<br \/>\n\u30aa\u30fc\u30c7\u30a3\u30aa\u306e\u518d\u751f\u3068\u9332\u97f3<\/div>\n<\/div>\n<div class=\"bundle-box bundle-box-hint\"><span class=\"hint\">\u63a8\u85a6\u306e\u8a00\u8449<\/span><\/p>\n<div class=\"bundle-box-head\"><span class=\"bundle-title\">LSP 500 \u30a2\u30af\u30b7\u30e7\u30f3<\/span><\/div>\n<figure class=\"bundle-pic\"><img decoding=\"async\" width=\"500\" height=\"280\" class=\"alignleft size-full wp-image-15174\" src=\"https:\/\/konferenztechnik.de\/wp-content\/uploads\/2019\/09\/sennheiser-lsp-500-pro-start-angebot.jpg\" alt=\"\" title=\"\" srcset=\"https:\/\/konferenztechnik.de\/wp-content\/uploads\/2019\/09\/sennheiser-lsp-500-pro-start-angebot.jpg 500w, https:\/\/konferenztechnik.de\/wp-content\/uploads\/2019\/09\/sennheiser-lsp-500-pro-start-angebot-300x168.jpg 300w\" sizes=\"(max-width: 500px) 100vw, 500px\" \/><\/figure>\n<div class=\"bundle-box-body\">2\u30b9\u30d4\u30fc\u30ab\u30fc\uff08\u30b9\u30c6\u30ec\u30aa\uff09<br \/>\n\u30d0\u30c3\u30c6\u30ea\u30fc\u99c6\u52d5<br \/>\nBluetooth\u306b\u3088\u308b\u30b9\u30c8\u30ea\u30fc\u30df\u30f3\u30b0<br \/>\n\u30aa\u30fc\u30c7\u30a3\u30aa\u306e\u518d\u751f\u3068\u9332\u97f3<br \/>\n\u30ef\u30a4\u30e4\u30ec\u30b9\u30de\u30a4\u30af1\u672c\u3068\u30ec\u30b7\u30fc\u30d0\u30fc<br \/>\n\u30b9\u30d4\u30fc\u30ab\u30fc\u30b9\u30bf\u30f3\u30c92\u672c<\/div>\n<\/div>\n<div class=\"bundle-box\"><span class=\"no-hint\">\u307e\u3055\u306b\u3042\u306a\u305f\u306e\u8003\u3048\u901a\u308a<\/span><\/p>\n<div class=\"bundle-box-head\"><span class=\"bundle-title\">LSP 500 \u30ab\u30b9\u30bf\u30e0<\/span><\/div>\n<figure class=\"bundle-pic\"><img decoding=\"async\" width=\"500\" height=\"280\" class=\"alignleft size-full wp-image-15176\" src=\"https:\/\/konferenztechnik.de\/wp-content\/uploads\/2019\/09\/sennheiser-lsp-500-pro-custom-angebot.jpg\" alt=\"\" title=\"\" srcset=\"https:\/\/konferenztechnik.de\/wp-content\/uploads\/2019\/09\/sennheiser-lsp-500-pro-custom-angebot.jpg 500w, https:\/\/konferenztechnik.de\/wp-content\/uploads\/2019\/09\/sennheiser-lsp-500-pro-custom-angebot-300x168.jpg 300w\" sizes=\"(max-width: 500px) 100vw, 500px\" \/><\/figure>\n<div class=\"bundle-box-body\">\u3054\u5e0c\u671b\u306b\u6cbf\u3063\u305f\u8a2d\u5b9a<br \/>\n\u30d0\u30c3\u30c6\u30ea\u30fc\u99c6\u52d5<br \/>\nBluetooth\u306b\u3088\u308b\u30b9\u30c8\u30ea\u30fc\u30df\u30f3\u30b0<br \/>\n\u30aa\u30fc\u30c7\u30a3\u30aa\u306e\u518d\u751f\u3068\u9332\u97f3<\/div>\n<\/div>\n<\/div>\n<p>Sennheiser LSP 500 PRO \u306f\u3001\u57fa\u672c\u69cb\u6210\u3067\u5de5\u5834\u304b\u3089\u51fa\u8377\u3055\u308c\u307e\u3059\u3002\u3053\u306e\u69cb\u6210\u306f\u3001\u691c\u7d22\u30a8\u30f3\u30b8\u30f3\u3067\u30b9\u30d4\u30fc\u30ab\u30fc\u3092\u898b\u3064\u3051\u308b\u3068\u3001\u3055\u307e\u3056\u307e\u306a\u30aa\u30f3\u30e9\u30a4\u30f3\u5c0f\u58f2\u696d\u8005\u304b\u3089\u3082\u63d0\u4f9b\u3055\u308c\u307e\u3059\u3002<\/p>\n<p>\u30aa\u30fc\u30c7\u30a3\u30aa\u30b7\u30b9\u30c6\u30e0\u306e\u6027\u80fd\u3068\u30dd\u30c6\u30f3\u30b7\u30e3\u30eb\u3092\u30d5\u30eb\u306b\u6d3b\u7528\u3059\u308b\u305f\u3081\u306b\u306f\u3001\u30d0\u30f3\u30c9\u30eb\u5546\u54c1\u3092\u304a\u9078\u3073\u3044\u305f\u3060\u304f\u304b\u3001\u304a\u5ba2\u69d8\u306e\u30cb\u30fc\u30ba\u306b\u5408\u308f\u305b\u3066\u30b7\u30b9\u30c6\u30e0\u3092\u69cb\u6210\u3059\u308b\u3053\u3068\u3092\u304a\u52e7\u3081\u3057\u307e\u3059\u3002\u69cb\u6210\u6e08\u307f\u306e\u30b7\u30b9\u30c6\u30e0\u306f\u3001\u5f0a\u793e\u306b\u76f4\u63a5\u3054\u6ce8\u6587\u3044\u305f\u3060\u3051\u307e\u3059\u3002\u307e\u305f\u3001\u5f53\u793e\u306e\u6280\u8853\u8005\u304c\u304a\u5ba2\u69d8\u306e\u65bd\u8a2d\u306b\u30b7\u30b9\u30c6\u30e0\u3092\u7d44\u307f\u8fbc\u3080\u3053\u3068\u3082\u53ef\u80fd\u3067\u3059\u3002\u307e\u305f\u3001\u304a\u5ba2\u69d8\u3084\u304a\u5ba2\u69d8\u306e\u5f93\u696d\u54e1\u306e\u305f\u3081\u306e\u6307\u5c0e\u3084\u30c8\u30ec\u30fc\u30cb\u30f3\u30b0\u3082\u884c\u3063\u3066\u3044\u307e\u3059\u3002\u304a\u898b\u7a4d\u3082\u308a\u306f\u7121\u6599\u3067\u3059\u3002<\/p>\n<h2>+ PCS \u306f LSP 500 PRO \u306e\u30d5\u30eb\u30b5\u30fc\u30d3\u30b9\u3092\u63d0\u4f9b\u3057\u307e\u3059\u3002<\/h2>\n<div id=\"newscontainer\">\n<div class=\"newskasten\">\n<h3>\u4e8b\u524d\u8a2d\u5b9a<\/h3>\n<p>\u3059\u3050\u306b\u59cb\u3081\u308b<br \/>\n\u3059\u3079\u3066\u306e\u6a5f\u5668\u306e\u914d\u7dda<br \/>\n\u5468\u6ce2\u6570\u767b\u9332<br \/>\n\u30d0\u30c3\u30c6\u30ea\u30fc\u306e\u5145\u96fb<\/p>\n<p><span class=\"popmake-13384\"> \u4eca\u3059\u3050\u554f\u3044\u5408\u308f\u305b\u308b <\/span><\/p>\n<\/div>\n<div class=\"newskasten\">\n<h3>\u30c8\u30ec\u30fc\u30cb\u30f3\u30b0<\/h3>\n<p>\u73fe\u5730\u3067\u306e\u6307\u5c0e<br \/>\n\u5168\u5f93\u696d\u54e1\u306e\u30c8\u30ec\u30fc\u30cb\u30f3\u30b0<br \/>\n\u4f1a\u8b70\u306e\u6210\u529f<\/p>\n<p><span class=\"popmake-13384\"> \u4eca\u3059\u3050\u554f\u3044\u5408\u308f\u305b\u308b <\/span><\/p>\n<\/div>\n<div class=\"newskasten\">\n<h3>\u30a4\u30f3\u30b9\u30c8\u30fc\u30eb<\/h3>\n<p>\u5ba2\u5ba4\u3078\u306e\u7d71\u5408<br \/>\n\u6700\u9069\u306a\u30b5\u30a6\u30f3\u30c9<br \/>\n\u30d9\u30b9\u30c8\u30fb\u30d7\u30ec\u30fc\u30b9\u30e1\u30f3\u30c8<\/p>\n<p><span class=\"popmake-13384\"> \u4eca\u3059\u3050\u554f\u3044\u5408\u308f\u305b\u308b <\/span><\/p>\n<\/div>\n<div class=\"newskasten\">\n<h3>\u30b5\u30fc\u30d3\u30b9<\/h3>\n<p>\u30af\u30a4\u30c3\u30af\u30d8\u30eb\u30d7<br \/>\n\u96fb\u8a71\uff0f\u73fe\u5730\u306b\u3066<br \/>\n\u4e88\u7d04\u53ef\u80fd\u306a\u3044\u304f\u3064\u304b\u306e\u30b5\u30dd\u30fc\u30c8\u30ec\u30d9\u30eb<\/p>\n<p><span class=\"popmake-13384\"> \u4eca\u3059\u3050\u554f\u3044\u5408\u308f\u305b\u308b <\/span><\/p>\n<\/div>\n<\/div>\n<p>\u304a\u5ba2\u69d8\u306f\u4f55\u3082\u5fc3\u914d\u3059\u308b\u3053\u3068\u306a\u304f\u3001\u3059\u3050\u306b\u65b0\u3057\u3044\u30b7\u30b9\u30c6\u30e0\u3092\u4f7f\u3044\u59cb\u3081\u308b\u3053\u3068\u304c\u3067\u304d\u307e\u3059\u3002\u5f0a\u793e\u304c\u4e8b\u524d\u8a2d\u5b9a\u3092\u884c\u3044\u3001\u5fc5\u8981\u306b\u5fdc\u3058\u3066\u9023\u90a6\u30cd\u30c3\u30c8\u30ef\u30fc\u30af\u5e81\u306b\u7121\u7dda\u5468\u6ce2\u6570\u3092\u767b\u9332\u3057\u307e\u3059\u3002\u5f53\u793e\u306e\u6280\u8853\u8005\u304c\u304a\u5ba2\u69d8\u306e\u6577\u5730\u5185\u3067\u30b7\u30b9\u30c6\u30e0\u3092\u30bb\u30c3\u30c8\u30a2\u30c3\u30d7\u3057\u3001\u304a\u5ba2\u69d8\u3068\u5f93\u696d\u54e1\u306e\u305f\u3081\u306b\u30c8\u30ec\u30fc\u30cb\u30f3\u30b0\u30b3\u30fc\u30b9\u3092\u4f01\u753b\u3057\u307e\u3059\u3002\u307e\u305f\u3001\u8fc5\u901f\u306aPCS\u30b5\u30dd\u30fc\u30c8\u30b5\u30fc\u30d3\u30b9\u3082\u63d0\u4f9b\u3057\u3066\u3044\u307e\u3059\u3002\u4f55\u304b\u554f\u984c\u304c\u767a\u751f\u3057\u305f\u5834\u5408\u3001\u3059\u3050\u306b\u99c6\u3051\u3064\u3051\u307e\u3059\u3002\u3054\u6ce8\u6587\u306e\u969b\u306b\u3001\u3053\u308c\u3089\u306e\u30aa\u30d7\u30b7\u30e7\u30f3\u30b5\u30fc\u30d3\u30b9\u3092\u8ffd\u52a0\u3067\u3054\u4e88\u7d04\u304f\u3060\u3055\u3044\u3002<\/p>\n<h2>\u30bc\u30f3\u30cf\u30a4\u30b6\u30fcLSP 500 PRO\u30aa\u30fc\u30c7\u30a3\u30aa\u30fb\u30b7\u30b9\u30c6\u30e0\u306e\u30cf\u30a4\u30e9\u30a4\u30c8<\/h2>\n<p><img decoding=\"async\" class=\"alignleft size-full wp-image-15121\" src=\"https:\/\/konferenztechnik.de\/wp-content\/uploads\/2019\/09\/sennheiser-lsp-500-pro-ansicht-1-1.jpg\" alt=\"\u30bc\u30f3\u30cf\u30a4\u30b6\u30fc LSP 500 PRO \u30d3\u30e5\u30fc\" title=\"\"><\/p>\n<p><span style=\"font-family: AvenirLTPro-LightOblique; font-size: 1.1em; color: #ac145a;\">\u30dd\u30fc\u30bf\u30d6\u30eb\u3001\u30ef\u30a4\u30e4\u30ec\u30b9\u3001\u30d5\u30ec\u30ad\u30b7\u30d6\u30eb\u306a\u30aa\u30fc\u30eb\u30a4\u30f3\u30ef\u30f3\u30fb\u30aa\u30fc\u30c7\u30a3\u30aa\u30fb\u30b7\u30b9\u30c6\u30e0\u3002<\/span><\/p>\n<p>\u30bc\u30f3\u30cf\u30a4\u30b6\u30fcLSP 500 PRO\u3067\u306f\u3001\u5fc5\u8981\u306a\u30b3\u30f3\u30dd\u30fc\u30cd\u30f3\u30c8\u3060\u3051\u3092\u8cfc\u5165\u3067\u304d\u307e\u3059\u3002\u30cb\u30fc\u30ba\u304c\u5909\u308f\u308c\u3070\u3001\u3044\u3064\u3067\u3082\u67d4\u8edf\u306b\u30b7\u30b9\u30c6\u30e0\u3092\u62e1\u5f35\u3067\u304d\u307e\u3059\u3002LSP 500 PRO\u306b\u306f\u3001\u904b\u642c\u7528\u30c8\u30ed\u30ea\u30fc\u3001\u4fdd\u8b77\u30ab\u30d0\u30fc\u3001\u4ea4\u63db\u7528\u30d0\u30c3\u30c6\u30ea\u30fc\u306a\u3069\u3001\u5e45\u5e83\u3044\u30a2\u30af\u30bb\u30b5\u30ea\u30fc\u3082\u7528\u610f\u3055\u308c\u3066\u3044\u307e\u3059\u3002<\/p>\n<p><span class=\"popmake-13384\"> \u4eca\u3059\u3050\u554f\u3044\u5408\u308f\u305b\u308b \u7121\u6599 <\/span><\/p>\n<p><img decoding=\"async\" class=\"alignleft size-full wp-image-15104\" src=\"https:\/\/konferenztechnik.de\/wp-content\/uploads\/2019\/09\/Sennheiser-LSP-500-PRO-kaufen-bei-pcs-1-1.jpg\" alt=\"PCS\u3067\u30bc\u30f3\u30cf\u30a4\u30b6\u30fcLSP 500 PRO\u3092\u8cfc\u5165\u3059\u308b\" title=\"\"><\/p>\n<p><span style=\"font-family: AvenirLTPro-LightOblique; font-size: 1.1em; color: #ac145a;\">\u30a2\u30d7\u30ea\u3067\u30b3\u30f3\u30c8\u30ed\u30fc\u30eb\u3001\u30df\u30ad\u30b7\u30f3\u30b0\u30b3\u30f3\u30bd\u30fc\u30eb\u4e0d\u8981\u3002<\/span><\/p>\n<p>\u30aa\u30fc\u30c7\u30a3\u30aa\u30b7\u30b9\u30c6\u30e0\u5168\u4f53\u306e\u30ec\u30d9\u30ea\u30f3\u30b0\u3068\u30b3\u30f3\u30c8\u30ed\u30fc\u30eb\u306f\u30a2\u30d7\u30ea\u3067\u53ef\u80fd\u3002\u30b7\u30b9\u30c6\u30e0\u3092\u30b3\u30f3\u30c8\u30ed\u30fc\u30eb\u3059\u308b\u305f\u3081\u306b\u30df\u30ad\u30b7\u30f3\u30b0\u30b3\u30f3\u30bd\u30fc\u30eb\u3092\u8ffd\u52a0\u3059\u308b\u5fc5\u8981\u306f\u3042\u308a\u307e\u305b\u3093\u3002\u6700\u592720\u53f0\u306e\u30b9\u30d4\u30fc\u30ab\u30fc\u3092\u9023\u7d50\u3067\u304d\u308b\u306e\u3067\u3001\u5927\u898f\u6a21\u306a\u4f1a\u8b70\u3084\u30a4\u30d9\u30f3\u30c8\u3082\u30ab\u30d0\u30fc\u3067\u304d\u307e\u3059\u3002<\/p>\n<p><img decoding=\"async\" class=\"aligncenter size-full wp-image-15117\" src=\"https:\/\/konferenztechnik.de\/wp-content\/uploads\/2019\/09\/Sennheiser_LSP_500_PRO_anschluesse-rueckseite-1.jpg\" alt=\"\u30bc\u30f3\u30cf\u30a4\u30b6\u30fc LSP 500 PRO \u30ea\u30a2\u63a5\u7d9a\" title=\"\"><\/p>\n<p><span style=\"font-family: AvenirLTPro-LightOblique; font-size: 1.1em; color: #ac145a;\">Bluetooth\u3068UHF\u306b\u3088\u308b\u97f3\u697d\u30b9\u30c8\u30ea\u30fc\u30df\u30f3\u30b0\u3002<\/span><\/p>\n<p>\u5185\u8535Bluetooth\u30ec\u30b7\u30fc\u30d0\u30fc\u306b\u3088\u308a\u3001\u5916\u90e8\u30aa\u30fc\u30c7\u30a3\u30aa\u30fb\u30bd\u30fc\u30b9\uff08\u30b9\u30de\u30fc\u30c8\u30d5\u30a9\u30f3\u3084\u30e9\u30c3\u30d7\u30c8\u30c3\u30d7\u306a\u3069\uff09\u304b\u3089\u306e\u7c21\u5358\u306a\u518d\u751f\u304c\u53ef\u80fd\u3002\u307e\u305f\u3001\u5185\u8535\u306e\u30aa\u30fc\u30c7\u30a3\u30aa\u30d7\u30ec\u30fc\u30e4\u30fc\u3068\u30ec\u30b3\u30fc\u30c0\u30fc\uff08\u518d\u751f\u3068\u9332\u97f3\u7528\uff09\u3092\u4f7f\u7528\u3059\u308b\u3053\u3068\u3082\u3067\u304d\u307e\u3059\u3002<\/p>\n<p><img loading=\"lazy\" decoding=\"async\" width=\"800\" height=\"207\" class=\"alignleft size-full wp-image-15271\" src=\"https:\/\/konferenztechnik.de\/wp-content\/uploads\/2019\/09\/sennheiser-lsp-500-pro-anschluesse-rueckseite-1.jpg\" alt=\"\u30bc\u30f3\u30cf\u30a4\u30b6\u30fc LSP 500 PRO \u30ea\u30a2\u63a5\u7d9a\" title=\"\" srcset=\"https:\/\/konferenztechnik.de\/wp-content\/uploads\/2019\/09\/sennheiser-lsp-500-pro-anschluesse-rueckseite-1.jpg 800w, https:\/\/konferenztechnik.de\/wp-content\/uploads\/2019\/09\/sennheiser-lsp-500-pro-anschluesse-rueckseite-1-300x78.jpg 300w, https:\/\/konferenztechnik.de\/wp-content\/uploads\/2019\/09\/sennheiser-lsp-500-pro-anschluesse-rueckseite-1-768x199.jpg 768w\" sizes=\"(max-width: 800px) 100vw, 800px\" \/><\/p>\n<p><span style=\"font-family: AvenirLTPro-LightOblique; font-size: 1.1em; color: #ac145a;\">\u3042\u3089\u3086\u308b\u72b6\u6cc1\u306b\u5bfe\u5fdc\u3059\u308b\u30b3\u30cd\u30af\u30b7\u30e7\u30f3\u3002<\/span><\/p>\n<p>\u6709\u7dda\u30de\u30a4\u30af\u3001USB\u30b9\u30c8\u30ec\u30fc\u30b8\u30fb\u30e1\u30c7\u30a3\u30a2\uff08MP3\u30d7\u30ec\u30fc\u30e4\u30fc\u3084\u30ec\u30b3\u30fc\u30c0\u30fc\u3068\u3057\u3066\u4f7f\u7528\uff09\u3001Bluetooth\u306b\u3088\u308b\u30b9\u30c8\u30ea\u30fc\u30df\u30f3\u30b0\u3001CD\u30d7\u30ec\u30fc\u30e4\u30fc\u3084\u4ed6\u306e\u30d7\u30ec\u30fc\u30e4\u30fc\u7528\u306e\u30b7\u30f3\u30c1\u30fb\u30b9\u30c6\u30ec\u30aa\u5165\u51fa\u529b\u3001\u30cf\u30e0\u30fb\u30eb\u30fc\u30d7\u3092\u907f\u3051\u308b\u305f\u3081\u306e\u30b0\u30e9\u30a6\u30f3\u30c9\u30fb\u30ea\u30d5\u30c8\u3001\u30ef\u30a4\u30e4\u30ec\u30b9\u30fb\u30de\u30a4\u30af\u75283\u30b9\u30ed\u30c3\u30c8\u306a\u3069\u306e\u63a5\u7d9a\u304c\u53ef\u80fd\u3002<\/p>\n<h2>LSP 500 PRO\u7528\u30a2\u30af\u30bb\u30b5\u30ea\u30fc<\/h2>\n<p><img loading=\"lazy\" decoding=\"async\" width=\"1200\" height=\"430\" class=\"alignleft size-full wp-image-15275\" src=\"https:\/\/konferenztechnik.de\/wp-content\/uploads\/2019\/09\/sennheiser-lsp-500-pro-zubehoer.jpg\" alt=\"\u30bc\u30f3\u30cf\u30a4\u30b6\u30fcLSP 500 PRO\u30a2\u30af\u30bb\u30b5\u30ea\u30fc\" title=\"\" srcset=\"https:\/\/konferenztechnik.de\/wp-content\/uploads\/2019\/09\/sennheiser-lsp-500-pro-zubehoer.jpg 1200w, https:\/\/konferenztechnik.de\/wp-content\/uploads\/2019\/09\/sennheiser-lsp-500-pro-zubehoer-300x108.jpg 300w, https:\/\/konferenztechnik.de\/wp-content\/uploads\/2019\/09\/sennheiser-lsp-500-pro-zubehoer-1024x367.jpg 1024w, https:\/\/konferenztechnik.de\/wp-content\/uploads\/2019\/09\/sennheiser-lsp-500-pro-zubehoer-768x275.jpg 768w\" sizes=\"(max-width: 1200px) 100vw, 1200px\" \/><\/p>\n<p>1. \u30bc\u30f3\u30cf\u30a4\u30b6\u30fcLSP PRO 500<br \/>\n2. \u30bc\u30f3\u30cf\u30a4\u30b6\u30fc LAS 500 \u30b9\u30ea\u30c3\u30d7\u30ab\u30d0\u30fc\u3001\u30db\u30ef\u30a4\u30c8\u30ab\u30d0\u30fc<br \/>\n3. \u30bc\u30f3\u30cf\u30a4\u30b6\u30fc LAP 500 \u4fdd\u8b77\u30ab\u30d0\u30fc \u2013 \u30d6\u30e9\u30c3\u30af<\/p>\n<p>4 \u30bc\u30f3\u30cf\u30a4\u30b6\u30fc\u30c8\u30ed\u30fc\u30ea\u30fc LAB 500 \u30d5\u30ed\u30f3\u30c8\u5074<br \/>\n5 Sennheiser Trolley LAB 500 \u30ea\u30a2\u30d1\u30cd\u30eb<\/p>\n<p>LSP 500 Pro\u306b\u306f\u5e45\u5e83\u3044\u30a2\u30af\u30bb\u30b5\u30ea\u30fc\u304c\u7528\u610f\u3055\u308c\u3066\u3044\u307e\u3059\uff1a\u30c8\u30ed\u30ea\u30fc\u30b1\u30fc\u30b9\u3001\u4fdd\u8b77\u30ab\u30d0\u30fc\u3001\u30c8\u30e9\u30b9\u30db\u30eb\u30c0\u30fc\u3001\u4e09\u811a\u306a\u3069\u3002\u304a\u6c17\u8efd\u306b\u304a\u554f\u3044\u5408\u308f\u305b\u304f\u3060\u3055\u3044\u3002<\/p>\n<h2>\u30bc\u30f3\u30cf\u30a4\u30b6\u30fcLSP 500 PRO\u30aa\u30fc\u30c7\u30a3\u30aa\u30fb\u30b7\u30b9\u30c6\u30e0\u306e\u6280\u8853\u30c7\u30fc\u30bf<\/h2>\n<table class=\"tg\">\n<tbody>\n<tr>\n<td><strong>\u5bf8\u6cd5<\/strong><\/td>\n<td>290 x 550 x 320 mm<\/td>\n<\/tr>\n<tr>\n<td><strong>\u4f1d\u9001\u8ddd\u96e2\uff08\u30aa\u30fc\u30c7\u30a3\u30aa\uff09<\/strong><\/td>\n<td>65 \u2013 18,000 Hz<\/td>\n<\/tr>\n<tr>\n<td><strong>\u91cd\u91cf<\/strong><\/td>\n<td>\u7d0413kg<\/td>\n<\/tr>\n<tr>\n<td><strong>\u5145\u96fb\u6642\u9593<\/strong><\/td>\n<td>\u30d0\u30c3\u30c6\u30ea\u30fc1\u672c\u3042\u305f\u308a\u7d042.5\u6642\u9593<\/td>\n<\/tr>\n<tr>\n<td><strong>\u51fa\u529b\u96fb\u529b\uff08\u30aa\u30fc\u30c7\u30a3\u30aa\uff09<\/strong><\/td>\n<td>55\uff5e120W\uff08\u30d4\u30fc\u30af\uff09<\/td>\n<\/tr>\n<tr>\n<td><strong>\u30d0\u30c3\u30c6\u30ea\u30fc<\/strong><\/td>\n<td>2\u30ea\u30c1\u30a6\u30e0\u30a4\u30aa\u30f3\u30d0\u30c3\u30c6\u30ea\u30fc 14.4 V \/ 4.4 Ah<\/td>\n<\/tr>\n<tr>\n<td><strong>\u30b9\u30d4\u30fc\u30ab\u30fc\u30fb\u30bf\u30a4\u30d7<\/strong><\/td>\n<td>20.3 cm\u30a6\u30fc\u30d5\u30a1\u30fc\u300119 mm\u30c8\u30a5\u30a4\u30fc\u30bf\u30fc<\/td>\n<\/tr>\n<\/tbody>\n<\/table>\n<h2>\u30c0\u30a6\u30f3\u30ed\u30fc\u30c9<\/h2>\n<p><a href=\"https:\/\/konferenztechnik.de\/wp-content\/uploads\/2019\/09\/LSP_500_PRO_Manual_03_2019_DE-1.pdf\" target=\"_blank\" rel=\"noopener noreferrer\">\u53d6\u6271\u8aac\u660e\u66f8 Sennheiser LSP 500 PRO Manual (7.5 MB)<\/a><\/p>\n<p><a href=\"https:\/\/konferenztechnik.de\/wp-content\/uploads\/2019\/09\/LSP_500_product_sheet-1.pdf\" target=\"_blank\" rel=\"noopener noreferrer\">\u30bc\u30f3\u30cf\u30a4\u30b6\u30fc LSP 500 PRO \u30ab\u30bf\u30ed\u30b0 (2.4 MB)<\/a><\/p>\n<div class=\"boxcontainer\">\n<div class=\"box1-2\">\n<h1>\u62c5\u5f53\u8005<\/h1>\n<\/div>\n<div class=\"box1-2-order\">\n<h1>\u305d\u306e\u4ed6\u306e\u30ea\u30f3\u30af<\/h1>\n<\/div>\n<div class=\"box1-4\">\n<div class=\"box-head\">\u5168\u56fd\u9023\u7d61\u5148<\/div>\n<\/div>\n<div class=\"box2-4-2\" style=\"order: 1;\">\n<div class=\"weiterlinks\"><a title=\"\u88fd\u54c1\u30b0\u30eb\u30fc\u30d7\u5225\u5206\u5e03\" href=\"\/ja\/%e8%a3%bd%e5%93%81%e3%82%b0%e3%83%ab%e3%83%bc%e3%83%97\/\">\u88fd\u54c1\u30b0\u30eb\u30fc\u30d7\u5225\u5206\u5e03<\/a><br \/>\n<a title=\"\u30e1\u30fc\u30ab\u30fc\u5225\u5206\u5e03\" href=\"\/ja\/%e3%83%a1%e3%83%bc%e3%82%ab%e3%83%bc\/\">\u30e1\u30fc\u30ab\u30fc\u5225\u5206\u5e03<\/a><br \/>\n<a title=\"\u30ab\u30b9\u30bf\u30de\u30a4\u30ba\u88fd\u54c1\u3001\u30e1\u30f3\u30c6\u30ca\u30f3\u30b9\u3001\u4fee\u7406\" href=\"\/ja\/%e3%82%b5%e3%83%bc%e3%83%93%e3%82%b9-2\/%e3%83%a1%e3%83%b3%e3%83%86%e3%83%8a%e3%83%b3%e3%82%b9%e3%81%a8%e4%bf%ae%e7%90%86\/\">\u30ab\u30b9\u30bf\u30de\u30a4\u30ba\u88fd\u54c1\u3001\u30e1\u30f3\u30c6\u30ca\u30f3\u30b9\u3001\u4fee\u7406<\/a><br \/>\n<a title=\"PCS\u304c\u5fc5\u8981\u306a10\u306e\u7406\u7531\" href=\"\/ja\/%e4%bc%9a%e7%a4%be%e6%a6%82%e8%a6%81-2\/pc%e3%82%92%e9%81%b8%e3%81%b610%e3%81%ae%e7%90%86%e7%94%b1\/\">PCS\u304c\u5fc5\u8981\u306a10\u306e\u7406\u7531<\/a><br \/>\n<a title=\"\u53c2\u8003\u6587\u732e\" href=\"\/ja\/%e4%bc%9a%e7%a4%be%e6%a6%82%e8%a6%81-2\/%e3%83%aa%e3%83%95%e3%82%a1%e3%83%ac%e3%83%b3%e3%82%b9%e3%83%bb%e3%83%aa%e3%82%b9%e3%83%88\/\">\u53c2\u8003\u6587\u732e \u30a4\u30f3\u30b9\u30c8\u30fc\u30eb\u3068\u7d71\u5408<\/a><br \/>\n<a title=\"PCS\uff1a\u5168\u30b5\u30fc\u30d3\u30b9\u4e00\u89a7\" href=\"\/ja\/%e3%82%b5%e3%83%bc%e3%83%93%e3%82%b9-2\/\">PCS\uff1a\u5168\u30b5\u30fc\u30d3\u30b9\u4e00\u89a7<\/a><\/p>\n<\/div>\n<\/div>\n<\/div>","protected":false},"excerpt":{"rendered":"<p>Sennheiser LSP 500 PRO kaufen Kabelloses Audiosystem f\u00fcr Meetings, Konferenzen und Events. L\u00e4uft mit Akku, Steuerung per App, flexibel einsetzbar, PCS-Bundles, schnelle Lieferung. Bitte beachten Sie, dass Sennheiser die LSP 500 PRO Serie ab sofort nicht mehr anbietet und weiterentwickelt. Wir haben aber Alternativen f\u00fcr Sie im Angebot. Melden Sie sich einfach bei uns. Noch laufende Garantieleistungen und Serviceauftr\u00e4ge behalten aber \u00fcber den angegebenen Zeitraum ihre G\u00fcltigkeit. Der Sennheiser LSP 500 PRO ist ein komplettes Audiosystem, das v\u00f6llig kabellos betrieben werden kann. Die Lautsprecher und Mikrofone werden per Akku mit Strom versorgt. Die Empf\u00e4nger der drahtlosen Mikrofone sind in die R\u00fcckseite der Lautsprecher integriert. Sennheiser LSP 500 PRO \u2013 PCS [&hellip;]<\/p>","protected":false},"author":1,"featured_media":45482,"parent":0,"menu_order":0,"comment_status":"closed","ping_status":"closed","template":"","meta":{"_acf_changed":false,"footnotes":""},"class_list":["post-15284","page","type-page","status-publish","has-post-thumbnail","hentry"],"acf":[],"_links":{"self":[{"href":"https:\/\/konferenztechnik.de\/ja\/wp-json\/wp\/v2\/pages\/15284","targetHints":{"allow":["GET"]}}],"collection":[{"href":"https:\/\/konferenztechnik.de\/ja\/wp-json\/wp\/v2\/pages"}],"about":[{"href":"https:\/\/konferenztechnik.de\/ja\/wp-json\/wp\/v2\/types\/page"}],"author":[{"embeddable":true,"href":"https:\/\/konferenztechnik.de\/ja\/wp-json\/wp\/v2\/users\/1"}],"replies":[{"embeddable":true,"href":"https:\/\/konferenztechnik.de\/ja\/wp-json\/wp\/v2\/comments?post=15284"}],"version-history":[{"count":0,"href":"https:\/\/konferenztechnik.de\/ja\/wp-json\/wp\/v2\/pages\/15284\/revisions"}],"wp:featuredmedia":[{"embeddable":true,"href":"https:\/\/konferenztechnik.de\/ja\/wp-json\/wp\/v2\/media\/45482"}],"wp:attachment":[{"href":"https:\/\/konferenztechnik.de\/ja\/wp-json\/wp\/v2\/media?parent=15284"}],"curies":[{"name":"wp","href":"https:\/\/api.w.org\/{rel}","templated":true}]}}