{"id":1565,"date":"2013-08-30T15:12:58","date_gmt":"2013-08-30T13:12:58","guid":{"rendered":"https:\/\/konferenztechnik.de\/?page_id=1565"},"modified":"2013-08-30T15:12:58","modified_gmt":"2013-08-30T13:12:58","slug":"%e3%83%aa%e3%83%95%e3%82%a1%e3%83%ac%e3%83%b3%e3%82%b9%e3%83%bb%e3%83%aa%e3%82%b9%e3%83%88","status":"publish","type":"page","link":"https:\/\/konferenztechnik.de\/ja\/%e4%bc%9a%e7%a4%be%e6%a6%82%e8%a6%81-2\/%e3%83%aa%e3%83%95%e3%82%a1%e3%83%ac%e3%83%b3%e3%82%b9%e3%83%bb%e3%83%aa%e3%82%b9%e3%83%88\/","title":{"rendered":"\u30a4\u30f3\u30b9\u30c8\u30fc\u30eb\u30fb\u30ea\u30d5\u30a1\u30ec\u30f3\u30b9\u30fb\u30ea\u30b9\u30c8"},"content":{"rendered":"<h1>\u30a4\u30f3\u30b9\u30c8\u30fc\u30eb\u30fb\u30ea\u30d5\u30a1\u30ec\u30f3\u30b9\u30fb\u30ea\u30b9\u30c8<\/h1>\n<ul>\n<li>1.FC\u30a6\u30cb\u30aa\u30f3\u30fb\u30d9\u30eb\u30ea\u30f3<\/li>\n<li>\u30a2\u30c9\u30eb\u30d5\u30fb\u30f4\u30e5\u30eb\u30c8 GmbH &amp; Co.KG \u30b0\u30eb\u30fc\u30d7\u672c\u793e \u30ad\u30e5\u30f3\u30c4\u30a7\u30eb\u30b6\u30a6<\/li>\n<li>\u30a2\u30f3\u30b5\u30fc\u30baGmbH \u2013 \u30d9\u30eb\u30ea\u30f3<\/li>\n<li>\u30a2\u30a6\u30b0\u30b9\u30c8\u30fb\u30b7\u30e5\u30c8\u30eb\u30afKG\u30d9\u30eb\u30ea\u30f3<\/li>\n<li>A\u00dcW Allg\u00e4uer \u00dcberlandwerk GmbH \u30b1\u30f3\u30d7\u30c6\u30f3<\/li>\n<li>\u30a2\u30fc\u30c7\u30c3\u30af\u30b9GmbH \u2013 \u30f4\u30a3\u30c3\u30c6\u30f3<\/li>\n<li>\u30d9\u30eb\u30ea\u30f3\u5927\u8056\u5802<\/li>\n<li>\u30d9\u30eb\u30ea\u30f3\u30fb\u30dc\u30a4\u30c8\u5fdc\u7528\u79d1\u5b66\u5927\u5b66<\/li>\n<li>\u5728\u30d9\u30eb\u30ea\u30f3\u7c73\u56fd\u5927\u4f7f\u9928<\/li>\n<li>\u30d9\u30eb\u30ea\u30f3\u9023\u90a6\u52b4\u50cd\u793e\u4f1a\u7701<\/li>\n<li>\u30d9\u30eb\u30ea\u30f3\u9023\u90a6\u7406\u4e8b\u4f1a<\/li>\n<li>CBC \u30b1\u30eb\u30f3\u653e\u9001\u30bb\u30f3\u30bf\u30fc\u793e \u30b1\u30eb\u30f3<\/li>\n<li>CCH\u30b3\u30f3\u30b0\u30ec\u30b9\u30bb\u30f3\u30bf\u30fc\u30fb\u30cf\u30f3\u30d6\u30eb\u30af<\/li>\n<li>CCD\u30b3\u30f3\u30b0\u30ec\u30b9\u30bb\u30f3\u30bf\u30fc \u30c7\u30e5\u30c3\u30bb\u30eb\u30c9\u30eb\u30d5 \u30e1\u30c3\u30bb\u30fb\u30c7\u30e5\u30c3\u30bb\u30eb\u30c9\u30eb\u30d5<\/li>\n<li>DEGES Deutsche Einheit Fernstra\u00dfenplanungs- und-Bau GmbH \u30d9\u30eb\u30ea\u30f3<\/li>\n<li>\u30c9\u30a4\u30c1\u30a7\u30fb\u30a2\u30dd\u30c6\u30ab\u30fc\u30fb\u30a2\u30f3\u30c9\u30fb\u30a2\u30fc\u30c4\u9280\u884c\u672c\u5e97 \u30c7\u30e5\u30c3\u30bb\u30eb\u30c9\u30eb\u30d5<\/li>\n<li>\u30c9\u30a4\u30c4\u9280\u884c\u672c\u5e97 \u30d5\u30e9\u30f3\u30af\u30d5\u30eb\u30c8\uff0f\u30de\u30a4\u30f3<\/li>\n<li>\u30d9\u30eb\u30ea\u30f3\u30fb\u30c9\u30a4\u30c4\u653e\u9001<\/li>\n<li>\u30a8\u30b3\u30e9\u30dc\u30fb\u30c9\u30a4\u30c4\u30fb\u30e2\u30f3\u30cf\u30a4\u30e0<\/li>\n<li>\u30e8\u30fc\u30ed\u30d4\u30a2\u30f3\u30fb\u30a2\u30ab\u30c7\u30df\u30fc\u30fb\u30d9\u30eb\u30ea\u30f3<\/li>\n<li>\u30d5\u30ea\u30c3\u30c4\u30fb\u30c6\u30a3\u30c3\u30bb\u30f3\u8ca1\u56e3 \u2013 \u30e2\u30b9\u30af\u30ef\u30fb\u30c9\u30a4\u30c4\u6b74\u53f2\u7814\u7a76\u6240<\/li>\n<li>\u30d5\u30ea\u30c3\u30c4\u30fb\u30c6\u30a3\u30c3\u30bb\u30f3\u8ca1\u56e3\u2013\u30cf\u30a6\u30b9\u30fb\u30aa\u30d6\u30fb\u30d5\u30ea\u30c3\u30c4\u30fb\u30c6\u30a3\u30c3\u30bb\u30f3\u8ca1\u56e3\u2013\u30b1\u30eb\u30f3<\/li>\n<li>GEA Refrigeration Germany GmbH \u2013 \u30d9\u30eb\u30ea\u30f3<\/li>\n<li>\u30d6\u30eb\u30d0\u30c3\u30cf\u5e02<\/li>\n<li>\u30c9\u30c3\u30bb\u30f3\u30cf\u30a4\u30e0\u5e02<\/li>\n<li>\u30b2\u30eb\u30c0\u30fb\u30d8\u30f3\u30b1\u30eb\u8ca1\u56e3 \u30c7\u30e5\u30c3\u30bb\u30eb\u30c9\u30eb\u30d5<\/li>\n<li>GSK\u30b9\u30c8\u30c3\u30af\u30de\u30f3\uff06\u30b3\u30fc\u30eb\u30b2\u30f3\u6cd5\u5f8b\u4e8b\u52d9\u6240\u30d9\u30eb\u30ea\u30f3\u30aa\u30d5\u30a3\u30b9<\/li>\n<li>\u30db\u30b9\u30c6\u30eb\u30fb\u30b1\u30eb\u30f3 \u2013 \u30b1\u30eb\u30f3<\/li>\n<li>\u30a4\u30d9\u30ed\u30a2\u30e1\u30ea\u30ab\u30f3\u30fb\u30a4\u30f3\u30b9\u30c6\u30a3\u30c6\u30e5\u30fc\u30c8\u30fb\u30d9\u30eb\u30ea\u30f3<\/li>\n<li>\u30a4\u30bf\u30ea\u30a2\u6587\u5316\u4f1a\u9928\uff08\u30d9\u30eb\u30ea\u30f3<\/li>\n<li>\u30d9\u30eb\u30ea\u30f3KfW\u9280\u884c\u6240\u5728\u5730<\/li>\n<li>\u30b3\u30de\u30c4\u30de\u30a4\u30cb\u30f3\u30b0\u30c9\u30a4\u30c4\uff08\u682a<\/li>\n<li>\u30cf\u30a4\u30eb\u30d6\u30ed\u30f3\u5730\u65b9\u8caf\u84c4\u9280\u884c<\/li>\n<li>\u30d9\u30eb\u30ea\u30f3\u5dde\u4fdd\u5065\u793e\u4f1a\u5c40\uff08LAGeSo\uff09<\/li>\n<li>\u30aa\u30fc\u30c7\u30eb\u30fb\u30b7\u30e5\u30d7\u30ec\u30fc\u5730\u533a<\/li>\n<li>\u30b9\u30c6\u30f3\u30c0\u30eb\u5730\u533a<\/li>\n<li>MAN Truck &amp; Bus Deutschland GmbH \u30d9\u30eb\u30ea\u30f3<\/li>\n<li>\u30d9\u30eb\u30ea\u30f3\u30fb\u30b3\u30df\u30e5\u30cb\u30b1\u30fc\u30b7\u30e7\u30f3\u535a\u7269\u9928<\/li>\n<li>\u30c7\u30e5\u30c3\u30bb\u30eb\u30c9\u30eb\u30d5\u7f8e\u8853\u9928<\/li>\n<li>\u30ce\u30fc\u30e0\u30d5\u30a7\u30b9\u30c8\u793e<\/li>\n<li>\u30a2\u30eb\u30c8\u30fb\u30e9\u30f3\u30c4\u30d9\u30eb\u30af\u30fb\u30d6\u30e9\u30f3\u30c7\u30f3\u30d6\u30eb\u30af\u5e02\u5e81\u820e<\/li>\n<li>\u30d5\u30a1\u30eb\u30b1\u30f3\u30bc\u30fc\u5e02\u5e81\u820e \u30d5\u30a1\u30eb\u30b1\u30f3\u30bc\u30fc<\/li>\n<li>\u30e9\u30a6\u30d5\u30fb\u30e1\u30fc\u30d9\u30eb\u30f4\u30a7\u30eb\u30b1 GmbH \u30d5\u30ed\u30a4\u30c7\u30f3\u30d9\u30eb\u30af<\/li>\n<li>\u30ed\u30d9\u30eb\u30c8\u30fb\u30b7\u30e5\u30fc\u30de\u30f3\u30fb\u30db\u30fc\u30eb\u30fb\u30c7\u30e5\u30c3\u30bb\u30eb\u30c9\u30eb\u30d5<\/li>\n<li>\u30d9\u30eb\u30ea\u30f3\u6559\u80b2\u6587\u5316\u5927\u81e3\u5e38\u8a2d\u4f1a\u8b70\u4e8b\u52d9\u5c40<\/li>\n<li>\u30d9\u30eb\u30ea\u30f3\u4e0a\u9662\u52b4\u50cd\u30fb\u7d71\u5408\u30fb\u5973\u6027\u554f\u984c\u5c40<\/li>\n<li>\u30d9\u30eb\u30ea\u30f3\u4e0a\u9662\u7d4c\u6e08\u30fb\u6280\u8853\u30fb\u7814\u7a76\u5c40<\/li>\n<li>\u30e1\u30c3\u30c8\u30de\u30f3\u5e02<\/li>\n<li>\u30dc\u30fc\u30c0\u30d5\u30a9\u30f3\u30fb\u30b5\u30fc\u30d3\u30b9\u30fb\u30b0\u30eb\u30fc\u30d7GmbH \u2013 Ratingen<\/li>\n<li>Weiss-Druck GmbH &amp; Co.KG \u2013 \u30e2\u30f3\u30b7\u30e3\u30a6<\/li>\n<li>WILO AG \u30c9\u30eb\u30c8\u30e0\u30f3\u30c8<\/li>\n<li>ZDF\u30de\u30a4\u30f3\u30c4<\/li>\n<\/ul>","protected":false},"excerpt":{"rendered":"<p>FC Union Berlin e.V. Adolf W\u00fcrth GmbH &amp; Co.KG Group headquarters K\u00fcnzelsau Answers GmbH \u2013 Berlin August Storck KG Berlin A\u00dcW Allg\u00e4uer \u00dcberlandwerk GmbH Kempten Ardex GmbH \u2013 Witten Berliner Dom Berlin Beuth Hochschule f\u00fcr Technik Berlin Embassy of the United States Berlin Federal Ministry of Labour and Social Affairs Berlin Bundesrat Berlin CBC Cologne Broadcasting Center GmbH K\u00f6ln CCH Congress Center Hamburg CCD Congress Center D\u00fcsseldorf Messe D\u00fcsseldorf DEGES Deutsche Einheit Fernstra\u00dfenplanungs- und - bau GmbH Berlin Deutsche Apotheker- und \u00c4rztebank Headquarters D\u00fcsseldorf Deutsche Apotheker- und \u00c4rztebank Headquarters D\u00fcsseldorf Deutsche Einheit Fernstra\u00dfenplanungs- und - bau GmbH Berlin Deutsche Apotheker- und \u00c4rztebank Headquarters D\u00fcsseldorf\u30c9\u30a4\u30c4\u9280\u884cAG\u672c\u793e\u30d5\u30e9\u30f3\u30af\u30d5\u30eb\u30c8\uff0f\u30de\u30a4\u30f3 \u30c9\u30a4\u30c4\u30e9\u30f3\u30c9\u30e9\u30b8\u30aa\u30fb\u30d9\u30eb\u30ea\u30f3 \u30a8\u30b3\u30e9\u30dc\u30fb\u30c9\u30a4\u30c4\u30fb\u30e2\u30f3\u30cf\u30a4\u30e0 \u30e8\u30fc\u30ed\u30c3\u30d1\u30fb\u30a2\u30ab\u30c7\u30df\u30fc\u30fb\u30d9\u30eb\u30ea\u30f3 \u30d5\u30ea\u30c3\u30c4\u30fb\u30c6\u30a3\u30c3\u30bb\u30f3\u8ca1\u56e3\u2013 \u30c9\u30a4\u30c4\u6b74\u53f2\u7814\u7a76\u6240\u30e2\u30b9\u30af\u30ef \u30d5\u30ea\u30c3\u30c4\u30fb\u30c6\u30a3\u30c3\u30bb\u30f3\u8ca1\u56e3\u2013 \u30cf\u30a6\u30b9 [...]...]<\/p>","protected":false},"author":1,"featured_media":45482,"parent":12,"menu_order":185,"comment_status":"closed","ping_status":"open","template":"page-right-sidebar.php","meta":{"_acf_changed":false,"footnotes":""},"class_list":["post-1565","page","type-page","status-publish","has-post-thumbnail","hentry"],"acf":[],"_links":{"self":[{"href":"https:\/\/konferenztechnik.de\/ja\/wp-json\/wp\/v2\/pages\/1565","targetHints":{"allow":["GET"]}}],"collection":[{"href":"https:\/\/konferenztechnik.de\/ja\/wp-json\/wp\/v2\/pages"}],"about":[{"href":"https:\/\/konferenztechnik.de\/ja\/wp-json\/wp\/v2\/types\/page"}],"author":[{"embeddable":true,"href":"https:\/\/konferenztechnik.de\/ja\/wp-json\/wp\/v2\/users\/1"}],"replies":[{"embeddable":true,"href":"https:\/\/konferenztechnik.de\/ja\/wp-json\/wp\/v2\/comments?post=1565"}],"version-history":[{"count":0,"href":"https:\/\/konferenztechnik.de\/ja\/wp-json\/wp\/v2\/pages\/1565\/revisions"}],"up":[{"embeddable":true,"href":"https:\/\/konferenztechnik.de\/ja\/wp-json\/wp\/v2\/pages\/12"}],"wp:featuredmedia":[{"embeddable":true,"href":"https:\/\/konferenztechnik.de\/ja\/wp-json\/wp\/v2\/media\/45482"}],"wp:attachment":[{"href":"https:\/\/konferenztechnik.de\/ja\/wp-json\/wp\/v2\/media?parent=1565"}],"curies":[{"name":"wp","href":"https:\/\/api.w.org\/{rel}","templated":true}]}}