{"id":15768,"date":"2020-03-03T15:58:42","date_gmt":"2020-03-03T14:58:42","guid":{"rendered":"https:\/\/www.konferenztechnik.de\/?page_id=15768"},"modified":"2023-07-05T10:55:57","modified_gmt":"2023-07-05T08:55:57","slug":"%e3%83%93%e3%83%87%e3%82%aa%e4%bc%9a%e8%ad%b0","status":"publish","type":"page","link":"https:\/\/konferenztechnik.de\/ja\/%e3%83%93%e3%83%87%e3%82%aa%e4%bc%9a%e8%ad%b0\/","title":{"rendered":"\u30d3\u30c7\u30aa\u4f1a\u8b70"},"content":{"rendered":"<h1>\u30d3\u30c7\u30aa\u4f1a\u8b70\u30ec\u30f3\u30bf\u30eb \u2013 \u4e16\u754c\u4e2d\u3067\u30d0\u30fc\u30c1\u30e3\u30eb\u4f1a\u8b70<\/h1>\n<h2>\u8fc5\u901f\u3067\u67d4\u8edf\u306a\u4e16\u754c\u898f\u6a21\u306e\u30b3\u30df\u30e5\u30cb\u30b1\u30fc\u30b7\u30e7\u30f3\u793e\u54e1\u306e\u30cd\u30c3\u30c8\u30ef\u30fc\u30ad\u30f3\u30b0\u3001\u30d0\u30fc\u30c1\u30e3\u30eb\u30df\u30fc\u30c6\u30a3\u30f3\u30b0\u3001\u4f1a\u8b70<\/h2>\n<div class=\"call-action-slider-img\"><img decoding=\"async\" class=\"alignleft size-full wp-image-15812\" src=\"https:\/\/konferenztechnik.de\/wp-content\/uploads\/2020\/03\/videokonferenz-technik-mieten-1.jpg\" alt=\"PCS\u304b\u3089\u30d3\u30c7\u30aa\u4f1a\u8b70\u6280\u8853\u3092\u30ec\u30f3\u30bf\u30eb\" title=\"\"><br \/>\n<button class=\"btn btn-nopic popmake-14167\">\u4eca\u3059\u3050\u554f\u3044\u5408\u308f\u305b\u308b \u203a<\/button><\/div>\n<p>\u79c1\u305f\u3061\u306f\u3042\u306a\u305f\u306e\u30d3\u30c7\u30aa\u4f1a\u8b70\u306e\u305f\u3081\u306e\u6280\u8853\u3092\u63d0\u4f9b\u3057\u307e\u3059\u3002PCS Konferenztechnik\u306e\u30d3\u30c7\u30aa\u4f1a\u8b70\u306b\u6700\u9069\u306a\u30b7\u30b9\u30c6\u30e0\u3092\u3054\u5229\u7528\u304f\u3060\u3055\u3044\u3002\u304a\u5ba2\u69d8\u306e\u8981\u4ef6\u3068\u4f1a\u8b70\/\u30df\u30fc\u30c6\u30a3\u30f3\u30b0\u306e\u898f\u6a21\u306b\u5fdc\u3058\u3066\u30bb\u30c3\u30c8\u30a2\u30c3\u30d7\u3092\u304a\u9078\u3073\u304f\u3060\u3055\u3044\u3002<\/p>\n<p>\u5c11\u4eba\u6570\u306e\u4f1a\u8b70\u304b\u3089\u3001\u30bb\u30ad\u30e5\u30ea\u30c6\u30a3\u3001\u5feb\u9069\u6027\u3001\u6a5f\u80fd\u6027\u3078\u306e\u8981\u6c42\u304c\u9ad8\u307e\u308b\u5f79\u54e1\u4f1a\u8b70\u307e\u3067\u3001\u30ab\u30b9\u30bf\u30de\u30a4\u30ba\u3055\u308c\u305f\u30bd\u30ea\u30e5\u30fc\u30b7\u30e7\u30f3\u3092\u63d0\u4f9b\u3057\u307e\u3059\u3002\u72b6\u6cc1\u306b\u5fdc\u3058\u3066\u3001\u3059\u3079\u3066\u306e\u4f1a\u8b70\u3092\u30d0\u30fc\u30c1\u30e3\u30eb\u306b\u958b\u50ac\u3059\u308b\u3053\u3068\u3082\u53ef\u80fd\u3067\u3059\u3002\u53c2\u52a0\u8005\u5168\u54e1\u304c\u30ef\u30fc\u30af\u30b9\u30c6\u30fc\u30b7\u30e7\u30f3\u304b\u3089\u30af\u30e9\u30a4\u30a2\u30f3\u30c8\u7d4c\u7531\u3067\u53c2\u52a0\u3057\u307e\u3059\u3002\u307e\u305f\u3001\u3054\u81ea\u5b85\u306e\u30aa\u30d5\u30a3\u30b9\u304b\u3089\u306e\u53c2\u52a0\u3082\u53ef\u80fd\u3067\u3059\u3002<\/p>\n<p>\u901a\u8a33HUB\u3092\u901a\u3058\u3066\u3001\u6700\u592710\u8a00\u8a9e\u306e\u540c\u6642\u901a\u8a33\u8005\u3092\u30e9\u30a4\u30d6\u63a5\u7d9a\u3059\u308b\u3053\u3068\u304c\u3067\u304d\u307e\u3059\u3002\u53c2\u52a0\u8005\u5168\u54e1\u304c\u6bcd\u56fd\u8a9e\u3067\u8a71\u3057\u3001\u9069\u5207\u306a\u901a\u8a33\u30c1\u30e3\u30f3\u30cd\u30eb\u3092\u9078\u629e\u3059\u308b\u3053\u3068\u304c\u3067\u304d\u307e\u3059\u3002<\/p>\n<h2><strong>\u3053\u308c\u3089\u306e\u30aa\u30d7\u30b7\u30e7\u30f3\u306fPCS\u306e\u6a19\u6e96\u88c5\u5099\u3067\u3059\u3002<\/strong><\/h2>\n<p>\u4e16\u754c\u5404\u5730\u3067\u306e\u30d0\u30fc\u30c1\u30e3\u30eb\u4f1a\u8b70<br \/>\n\u30b9\u30c8\u30ea\u30fc\u30e0\u306b\u3088\u308b\u7121\u5236\u9650\u306e\u8996\u8074\u8005<br \/>\n\u6700\u592732\u8a00\u8a9e\u540c\u6642\u901a\u8a33<br \/>\n300\u4eba\u306e\u7a4d\u6975\u7684\u306a\u53c2\u52a0\u8005\uff08\u8b1b\u6f14\u8005\u3001\u767a\u8868\u8005\uff09<\/p>\n<p>9\u3064\u306e\u9060\u9694\u901a\u8a33\u30cf\u30d6\u3001\u5168\u56fd\u306b\u81e8\u6642\u30cf\u30d6<br \/>\n\u6280\u8853\u8005\u3068\u30e2\u30c7\u30ec\u30fc\u30bf\u30fc\u306b\u3088\u308b\u30b5\u30dd\u30fc\u30c8<br \/>\n\u30d1\u30b9\u30ef\u30fc\u30c9\u4fdd\u8b77\u3068\u6697\u53f7\u5316\u901a\u4fe1<\/p>\n<p>\u3088\u308a\u591a\u304f\u306e\u53c2\u52a0\u8005\u3001\u8a00\u8a9e\u3001\u305d\u306e\u4ed6\u306e\u3054\u8981\u671b\u306b\u5fdc\u3058\u305f\u30ab\u30b9\u30bf\u30de\u30a4\u30ba\u30fb\u30bd\u30ea\u30e5\u30fc\u30b7\u30e7\u30f3\u306b\u3064\u3044\u3066\u306f\u3001\u304a\u554f\u3044\u5408\u308f\u305b\u304f\u3060\u3055\u3044\u3002\u89e3\u6c7a\u7b56\u3092\u3054\u63d0\u6848\u3044\u305f\u3057\u307e\u3059\u3002<\/p>\n<h2><b>\u30d3\u30c7\u30aa\u4f1a\u8b70\u306e\u30ec\u30f3\u30bf\u30eb\u5fdc\u7528\u4f8b\u3068\u6280\u8853\u30aa\u30d7\u30b7\u30e7\u30f3<\/b><\/h2>\n<p>\u30d3\u30c7\u30aa\u4f1a\u8b70\u306f\u5e38\u306b\u5f0a\u793e\u304c\u500b\u5225\u306b\u8a08\u753b\u3057\u3001\u6280\u8853\u306e\u8a2d\u7f6e\u30fb\u64a4\u53bb\u306f\u901a\u5e38\u3001\u5f0a\u793e\u306e\u6280\u8853\u8005\u304c\u884c\u3044\u3001\u5fc5\u8981\u306b\u5fdc\u3058\u3066\u30b5\u30dd\u30fc\u30c8\u3057\u307e\u3059\u3002<\/p>\n<div class=\"bundle-container\">\n<div class=\"bundle-box\"><span class=\"no-hint\">\u81ea\u767a\u7684\u3001\u67d4\u8edf<\/span><\/p>\n<div class=\"bundle-box-head\"><span class=\"bundle-title\">\u30d3\u30c7\u30aa\u4f1a\u8b70\u30d9\u30fc\u30b9<\/span><\/div>\n<div class=\"bundle-box-body\">\n<p class=\"text-kleiner\">\u3053\u306e\u30bb\u30c3\u30c8\u30a2\u30c3\u30d7\u306f\u30018\u540d\u307e\u3067\u306e\u5c0f\u898f\u6a21\u306a\u4f1a\u8b70\u306b\u9069\u3057\u3066\u3044\u307e\u3059\u3002\u56fa\u5b9a\u30ab\u30e1\u30e9\u30dd\u30b8\u30b7\u30e7\u30f3\u3001\u53c2\u52a0\u8005\u5168\u54e1\u7528\u306e\u30eb\u30fc\u30e0\u30de\u30a4\u30af\u3001\u30c6\u30fc\u30d6\u30eb\u30b9\u30d4\u30fc\u30ab\u30fc\u3001\u30c7\u30a3\u30b9\u30d7\u30ec\u30a4\u304c\u542b\u307e\u308c\u307e\u3059\u3002<\/p>\n<\/div>\n<p>\u30c7\u30a3\u30b9\u30d7\u30ec\u30a4<br \/>\n\u30ab\u30e1\u30e9\uff08\u30ed\u30f3\u30b0\u30b7\u30e7\u30c3\u30c8\uff09<br \/>\n\u30c6\u30fc\u30d6\u30eb\u30de\u30a4\u30af<br \/>\n\u30c6\u30fc\u30d6\u30eb\u30b9\u30d4\u30fc\u30ab\u30fc<\/p>\n<p><span class=\"bundle-space popmake-14167\">\u4eca\u3059\u3050\u554f\u3044\u5408\u308f\u305b\u308b<\/span><\/p>\n<\/div>\n<div class=\"bundle-box\"><span class=\"no-hint\">\u307b\u3068\u3093\u3069\u5e38\u306b\u9069\u3057\u3066\u3044\u308b<\/span><\/p>\n<div class=\"bundle-box-head\"><span class=\"bundle-title\">\u30d3\u30c7\u30aa\u4f1a\u8b70\u898f\u683c<\/span><\/div>\n<div class=\"bundle-box-body\">\n<p class=\"text-kleiner\">\u6a19\u6e96\u7684\u306a\u30d3\u30c7\u30aa\u4f1a\u8b70\u306e\u30bb\u30c3\u30c8\u30a2\u30c3\u30d7\u306f\u300115\u540d\u307e\u3067\u306e\u4f1a\u8b70\u306b\u304a\u3059\u3059\u3081\u3067\u3059\u3002\u30ab\u30e1\u30e9\u4f4d\u7f6e\u3092\u500b\u5225\u306b\u8abf\u6574\u3067\u304d\u308b\u305f\u3081\u3001\u53c2\u52a0\u8005\u306e\u8996\u91ce\u304c\u5e83\u304c\u308a\u307e\u3059\u3002<\/p>\n<\/div>\n<p>\u30c7\u30a3\u30b9\u30d7\u30ec\u30a4<br \/>\n\u5404\u30dd\u30b8\u30b7\u30e7\u30f3\u306e\u30ab\u30e1\u30e9\u3068\u30ed\u30f3\u30b0\u30b7\u30e7\u30c3\u30c8<br \/>\n\u30c6\u30fc\u30d6\u30eb\u30de\u30a4\u30af<br \/>\n\u30c6\u30fc\u30d6\u30eb\u30b9\u30d4\u30fc\u30ab\u30fc<\/p>\n<p><span class=\"bundle-space popmake-14167\">\u4eca\u3059\u3050\u554f\u3044\u5408\u308f\u305b\u308b<\/span><\/p>\n<\/div>\n<div class=\"bundle-box\"><span class=\"hint\">\u63a8\u85a6\u306e\u8a00\u8449<\/span><\/p>\n<div class=\"bundle-box-head\">\n<p><span class=\"bundle-title\">\u30d3\u30c7\u30aa\u4f1a\u8b70<\/span><\/p>\n<\/div>\n<div class=\"bundle-box-body\">\n<p class=\"text-kleiner\">\u4f1a\u9577\u4f1a\u8b70\u3001\u76e3\u67fb\u5f79\u4f1a\u3001\u305d\u306e\u4ed6\u306e\u91cd\u8981\u306a\u4f1a\u8b70\uff1a\u53c2\u52a0\u8005\u3054\u3068\u306b\u30de\u30a4\u30af\u3068\u30b9\u30d4\u30fc\u30ab\u30fc\u3092\u7528\u610f\u3057\u3001\u30de\u30a4\u30af\u304c\u4f5c\u52d5\u3059\u308b\u3068\u30ab\u30e1\u30e9\u304c\u81ea\u52d5\u7684\u306b\u4f4d\u7f6e\u6c7a\u3081\u3055\u308c\u307e\u3059\u3002<\/p>\n<\/div>\n<p>\u30c7\u30a3\u30b9\u30d7\u30ec\u30a4<br \/>\n\u30b9\u30d4\u30fc\u30ab\u30fc\u306e\u81ea\u52d5\u4f4d\u7f6e\u6c7a\u3081\u6a5f\u80fd\u4ed8\u304d\u30ab\u30e1\u30e9<br \/>\n\u53c2\u52a0\u8005\u3054\u3068\u306e\u30c6\u30fc\u30d6\u30eb\u30de\u30a4\u30af<br \/>\n\u5353\u4e0a\u30de\u30a4\u30af\u306b\u5185\u8535\u3055\u308c\u305f\u62e1\u58f0\u5668<\/p>\n<p><span class=\"bundle-space popmake-14167\">\u4eca\u3059\u3050\u554f\u3044\u5408\u308f\u305b\u308b<\/span><\/p>\n<\/div>\n<\/div>\n<p>\u5fc5\u8981\u306b\u5fdc\u3058\u3066\u30aa\u30d7\u30b7\u30e7\u30f3\u6a5f\u80fd\u3092\u4e88\u7d04\u3057\u305f\u308a\u3001\u72ec\u81ea\u306e\u30b7\u30b9\u30c6\u30e0\u3092\u69cb\u7bc9\u3059\u308b\u3053\u3068\u3082\u3067\u304d\u308b\uff1a<\/p>\n<div id=\"newscontainer\">\n<div class=\"newskasten\">\n<h3>\u901a\u8a33\u6a5f\u80fd<\/h3>\n<p>\u7d71\u5408\u901a\u8a33\u30b7\u30b9\u30c6\u30e0<br \/>\n<a href=\"https:\/\/konferenztechnik.de\/ja\/%e9%81%a0%e9%9a%94%e9%80%9a%e8%a8%b3\/\">\u9060\u9694\u901a\u8a33<\/a><br \/>\n\u5fc5\u8981\u306b\u5fdc\u3058\u3066\u30cd\u30c3\u30c8\u30ef\u30fc\u30af\u306b\u30b9\u30c8\u30ea\u30fc\u30df\u30f3\u30b0<br \/>\n<a href=\"https:\/\/konferenztechnik.de\/ja\/%e9%80%9a%e8%a8%b3%e3%83%96%e3%83%bc%e3%82%b9%e3%81%ae%e3%83%ac%e3%83%b3%e3%82%bf%e3%83%ab\/\">\u901a\u8a33\u30d6\u30fc\u30b9<\/a><\/p>\n<\/div>\n<div class=\"newskasten\">\n<h3>\u30aa\u30fc\u30c7\u30a3\u30aa\u3068\u30d3\u30c7\u30aa<\/h3>\n<p><a href=\"https:\/\/konferenztechnik.de\/ja\/%e8%be%9e%e6%9b%b8\/%e3%82%b5%e3%82%a6%e3%83%b3%e3%83%89%e3%82%b7%e3%82%b9%e3%83%86%e3%83%a0-2\/\">\u30b5\u30a6\u30f3\u30c9\u30b7\u30b9\u30c6\u30e0<\/a><br \/>\n\u30aa\u30fc\u30c7\u30a3\u30aa\u3068\u30d3\u30c7\u30aa\u306e\u9332\u97f3<br \/>\n\u30d7\u30ed\u30b8\u30a7\u30af\u30bf\u30fc\u3001\u30b9\u30af\u30ea\u30fc\u30f3<\/p>\n<\/div>\n<div class=\"newskasten\">\n<h3>\u30b9\u30c8\u30ea\u30fc\u30df\u30f3\u30b0<\/h3>\n<p>\u30aa\u30fc\u30c7\u30a3\u30aa\u3068\u30d3\u30c7\u30aa\u306e\u30b9\u30c8\u30ea\u30fc\u30df\u30f3\u30b0<br \/>\n\u500b\u4eba\u7528\u30ed\u30b0\u30a4\u30f3<br \/>\n\u4e16\u754c\u5404\u56fd\u304b\u3089\u30a2\u30af\u30bb\u30b9\u53ef\u80fd<\/p>\n<\/div>\n<\/div>\n<h2>DOME\u30ab\u30e1\u30e9\u306b\u3088\u308b\u30d3\u30c7\u30aa\u4f1a\u8b70<\/h2>\n<p>\u30d3\u30c7\u30aa\u4f1a\u8b70\u30b7\u30b9\u30c6\u30e0\u3092\u30c9\u30fc\u30e0\u30ab\u30e1\u30e9\u306b\u63a5\u7d9a\u3057\u307e\u3059\u3002\u3053\u306e\u30ab\u30e1\u30e9\u306f\u30e2\u30fc\u30bf\u30fc\u3067\u52d5\u304b\u3055\u308c\u3001\u30b9\u30d4\u30fc\u30ab\u30fc\u306e\u30de\u30a4\u30af\u304c\u4f5c\u52d5\u3059\u308b\u3068\u81ea\u52d5\u7684\u306b\u7126\u70b9\u3092\u5408\u308f\u305b\u307e\u3059\u3002\u30b9\u30d4\u30fc\u30c1\u304c\u7d42\u308f\u308b\u3068\u30c9\u30fc\u30e0\u30ab\u30e1\u30e9\u306f\u5143\u306e\u4f4d\u7f6e\u306b\u623b\u308a\u3001\u30ed\u30f3\u30b0\u30b7\u30e7\u30c3\u30c8\u3001\u3064\u307e\u308a\u4f1a\u8b70\u5ba4\u5168\u4f53\u3092\u6620\u3057\u51fa\u3057\u307e\u3059\u3002\u3053\u306e\u30b7\u30b9\u30c6\u30e0\u306f\u5c0f\u898f\u6a21\u306a\u4f1a\u8b70\u304b\u3089\u5927\u898f\u6a21\u306a\u4f1a\u8b70\u307e\u3067\u5bfe\u5fdc\u53ef\u80fd\u3067\u3059\u3002<\/p>\n<p><img decoding=\"async\" class=\"alignleft size-full wp-image-15822\" src=\"https:\/\/konferenztechnik.de\/wp-content\/uploads\/2020\/03\/Videokonferenz-mit-DOME-Kamera-1.jpg\" alt=\"DOME\u30ab\u30e1\u30e9\u3068\u30de\u30a4\u30af\u30e6\u30cb\u30c3\u30c8\u306b\u3088\u308b\u30d3\u30c7\u30aa\u4f1a\u8b70\" title=\"\"><\/p>\n<h2>\u30de\u30a4\u30af\u306e\u7a2e\u985e\u3068\u30b5\u30a6\u30f3\u30c9\u30fb\u30ea\u30a4\u30f3\u30d5\u30a9\u30fc\u30b9\u30e1\u30f3\u30c8<\/h2>\n<p>\u4f1a\u8b70\u3084\u30ab\u30f3\u30d5\u30a1\u30ec\u30f3\u30b9\u306e\u898f\u6a21\u306b\u5fdc\u3058\u3066\u3001\u3055\u307e\u3056\u307e\u306a\u97f3\u97ff\u6280\u8853\u306e\u30bb\u30c3\u30c8\u30a2\u30c3\u30d7\u304c\u53ef\u80fd\u3067\u3059\u3002\u5c0f\u898f\u6a21\u306a\u4f1a\u8b70\u306b\u306f\u3001\u30c6\u30fc\u30d6\u30eb\u306e\u4e2d\u592e\u306b\u8a2d\u7f6e\u3059\u308b\u30eb\u30fc\u30e0\u30de\u30a4\u30af\u3092\u304a\u52e7\u3081\u3057\u307e\u3059\u3002\u3053\u306e\u30de\u30a4\u30af\u306f\u53c2\u52a0\u8005\u5168\u54e1\u306e\u30b9\u30d4\u30fc\u30c1\u3092\u5747\u7b49\u306b\u62fe\u3044\u307e\u3059\u3002\u97f3\u97ff\u30b7\u30b9\u30c6\u30e0\u306b\u306f\u5185\u8535\u30b9\u30d4\u30fc\u30ab\u30fc\u3092\u4f7f\u7528\u3057\u307e\u3059\u3002\u3088\u308a\u5e83\u3044\u30a8\u30ea\u30a2\u3092\u30ab\u30d0\u30fc\u3059\u308b\u305f\u3081\u306b\u3001\u30b9\u30d4\u30fc\u30ab\u30fc\u3092\u8ffd\u52a0\u8a2d\u7f6e\u3059\u308b\u3053\u3068\u3082\u3067\u304d\u307e\u3059\u3002\u8907\u6570\u306e\u53c2\u52a0\u8005\u304c\u3044\u308b\u5834\u5408\u306f\u3001\u8907\u6570\u306e\u30eb\u30fc\u30e0\u30de\u30a4\u30af\u3092\u8a2d\u7f6e\u3059\u308b\u3053\u3068\u3082\u3067\u304d\u307e\u3059\u3002<\/p>\n<p><img fetchpriority=\"high\" decoding=\"async\" width=\"640\" height=\"383\" class=\"alignleft size-full wp-image-15832\" src=\"https:\/\/konferenztechnik.de\/wp-content\/uploads\/2020\/03\/videokonferenz-lautsprecher-mieten.jpg\" alt=\"\u30d3\u30c7\u30aa\u4f1a\u8b70\u7528\u30b9\u30d4\u30fc\u30ab\u30fc\u306e\u30ec\u30f3\u30bf\u30eb\" title=\"\" srcset=\"https:\/\/konferenztechnik.de\/wp-content\/uploads\/2020\/03\/videokonferenz-lautsprecher-mieten.jpg 640w, https:\/\/konferenztechnik.de\/wp-content\/uploads\/2020\/03\/videokonferenz-lautsprecher-mieten-300x180.jpg 300w\" sizes=\"(max-width: 640px) 100vw, 640px\" \/><\/p>\n<p>\u30c6\u30fc\u30d6\u30eb\u30de\u30a4\u30af\u306f\u5927\u4eba\u6570\u306e\u30b0\u30eb\u30fc\u30d7\u306b\u6700\u9069\u3067\u3059\u3002\u3053\u306e\u3088\u3046\u306a\u30bb\u30c3\u30c8\u30a2\u30c3\u30d7\u3067\u306f\u3001\u53c2\u52a0\u8005\u5404\u81ea\u304c\u30de\u30a4\u30af\u3092\u6301\u3061\u3001\u30dc\u30bf\u30f3\u3092\u4f7f\u3063\u3066\u30de\u30a4\u30af\u306e\u6709\u52b9\u30fb\u7121\u52b9\u3092\u5207\u308a\u66ff\u3048\u308b\u3053\u3068\u304c\u3067\u304d\u307e\u3059\u3002\u307e\u305f\u30012\u4eba\u306e\u53c2\u52a0\u8005\u304c1\u3064\u306e\u30de\u30a4\u30af\u3092\u5171\u6709\u3059\u308b\u3053\u3068\u3082\u53ef\u80fd\u3067\u3059\u3002\u3053\u308c\u306f\u30b9\u30da\u30fc\u30b9\u3068\u30b3\u30b9\u30c8\u306e\u7bc0\u7d04\u306b\u306a\u308a\u307e\u3059\u3002\u30c6\u30fc\u30d6\u30eb\u30de\u30a4\u30af\u30e6\u30cb\u30c3\u30c8\u3092\u4f7f\u7528\u3059\u308b\u3053\u3068\u3067\u3001\u30b9\u30d4\u30fc\u30c1\u306e\u97f3\u8cea\u304c\u5411\u4e0a\u3057\u307e\u3059\u3002\u307e\u305f\u3001\u80cc\u666f\u306e\u96d1\u97f3\u304c\u3088\u308a\u6291\u5236\u3055\u308c\u307e\u3059\u3002<\/p>\n<p><img decoding=\"async\" width=\"640\" height=\"383\" class=\"alignleft size-full wp-image-15836\" src=\"https:\/\/konferenztechnik.de\/wp-content\/uploads\/2020\/03\/videokonferenz-mikrofone-mieten.jpg\" alt=\"\u30d3\u30c7\u30aa\u4f1a\u8b70\u7528\u30de\u30a4\u30af\u306e\u30ec\u30f3\u30bf\u30eb\" title=\"\" srcset=\"https:\/\/konferenztechnik.de\/wp-content\/uploads\/2020\/03\/videokonferenz-mikrofone-mieten.jpg 640w, https:\/\/konferenztechnik.de\/wp-content\/uploads\/2020\/03\/videokonferenz-mikrofone-mieten-300x180.jpg 300w\" sizes=\"(max-width: 640px) 100vw, 640px\" \/><\/p>\n<h2>\u30d3\u30c7\u30aa\u4f1a\u8b70\u3068\u901a\u8a33<\/h2>\n<p>\u5f53\u793e\u306e\u4f1a\u8b70\u30b7\u30b9\u30c6\u30e0\u306b\u306f\u3001\u540c\u6642\u901a\u8a33\u8005\u3092\u30d3\u30c7\u30aa\u4f1a\u8b70\u306b\u76f4\u63a5\u7d44\u307f\u8fbc\u3080\u30aa\u30d7\u30b7\u30e7\u30f3\u304c\u3042\u308a\u307e\u3059\u3002\u53c2\u52a0\u8005\u306f\u3001\u5404\u81ea\u306e\u30c6\u30fc\u30d6\u30eb\u306e\u30de\u30a4\u30af\u3001\u4f1a\u8b70\u7528\u53d7\u4fe1\u6a5f\uff08\u30d8\u30c3\u30c9\u30d5\u30a9\u30f3\u4ed8\u304d\uff09\u3001\u307e\u305f\u306f\u30d1\u30d6\u30ea\u30c3\u30af\u30fb\u30a2\u30c9\u30ec\u30b9\u30fb\u30b7\u30b9\u30c6\u30e0\uff08\u9010\u6b21\u901a\u8a33\u7528\uff09\u3092\u901a\u3058\u3066\u3001\u76f4\u63a5\u901a\u8a33\u3092\u805e\u304f\u3053\u3068\u304c\u3067\u304d\u307e\u3059\u3002\u901a\u8a33\u8005\u306f\u3001\u4f1a\u5834\u306e\u901a\u8a33\u30d6\u30fc\u30b9\u3067\u76f4\u63a5\u3001\u307e\u305f\u306f\u30a4\u30f3\u30bf\u30fc\u30cd\u30c3\u30c8\u3092\u4ecb\u3057\u305f\u9060\u9694\u901a\u8a33\u3067\u5bfe\u5fdc\u3057\u307e\u3059\u3002<\/p>\n<p><img decoding=\"async\" width=\"531\" height=\"383\" class=\"alignleft size-full wp-image-15841\" src=\"https:\/\/konferenztechnik.de\/wp-content\/uploads\/2020\/03\/videokonferenz-dolmetscher.jpg\" alt=\"\u901a\u8a33\u4ed8\u304d\u30d3\u30c7\u30aa\u4f1a\u8b70\" title=\"\" srcset=\"https:\/\/konferenztechnik.de\/wp-content\/uploads\/2020\/03\/videokonferenz-dolmetscher.jpg 531w, https:\/\/konferenztechnik.de\/wp-content\/uploads\/2020\/03\/videokonferenz-dolmetscher-300x216.jpg 300w\" sizes=\"(max-width: 531px) 100vw, 531px\" \/><\/p>\n<h2>\u30d3\u30c7\u30aa\u4f1a\u8b70 \u2013 \u3054\u6ce8\u610f\u304f\u3060\u3055\u3044\uff01<\/h2>\n<p>\u65e2\u5b58\u306e\u30d6\u30ed\u30fc\u30c9\u30d0\u30f3\u30c9\u30a4\u30f3\u30bf\u30fc\u30cd\u30c3\u30c8\u63a5\u7d9a\u3068\u3001\u304a\u5ba2\u69d8\u306eIT\u90e8\u9580\u306b\u3088\u308b\u5f0a\u793e\u30b7\u30b9\u30c6\u30e0\u7528\u56de\u7dda\u306e\u627f\u8a8d\/\u8a2d\u5b9a\u304c\u3001\u30b7\u30b9\u30c6\u30e0\u904b\u7528\u306e\u524d\u63d0\u6761\u4ef6\u3068\u306a\u308a\u307e\u3059\u3002\u3054\u4e0d\u660e\u306a\u70b9\u304c\u3054\u3056\u3044\u307e\u3057\u305f\u3089\u3001\u304a\u6c17\u8efd\u306b\u304a\u554f\u3044\u5408\u308f\u305b\u304f\u3060\u3055\u3044\u3002<\/p>","protected":false},"excerpt":{"rendered":"<p>Videokonferenz mieten &#8211; Virtuelle Konferenzen weltweit Schnelle und flexible Kommunikation weltweit. Mitarbeiter vernetzen, virtuelle Meetings und Konferenzen Jetzt anfragen \u203a Wir sind Anbieter f\u00fcr Technik f\u00fcr Ihre Videokonferenz. Mieten Sie bei PCS Konferenztechnik das passende System f\u00fcr Ihre Videokonferenz. Suchen Sie sich das Setup ganz nach Ihren Vorstellungen und der Gr\u00f6\u00dfe Ihres Meetings\/Ihrer Konferenz aus. Wir bieten individuelle L\u00f6sungen sowohl f\u00fcr kleine Meetings wie auch f\u00fcr Vorstandssitzungen mit erh\u00f6htem Anspruch an Sicherheit, Komfort und Funktionalit\u00e4t. Alle Meetings k\u00f6nnen je nach aktueller Lage auch rein virtuell stattfinden. Alle Teilnehmer schalten sich per Client von Ihrem Arbeitsplatz aus dazu. Das funktioniert auch aus dem Home-Office heraus. \u00dcber unsere Dolmtesch-HUBs k\u00f6nnen wir Simultan-Dolmetscher [&hellip;]<\/p>","protected":false},"author":1,"featured_media":45482,"parent":0,"menu_order":0,"comment_status":"closed","ping_status":"closed","template":"","meta":{"_acf_changed":false,"footnotes":""},"class_list":["post-15768","page","type-page","status-publish","has-post-thumbnail","hentry"],"acf":[],"_links":{"self":[{"href":"https:\/\/konferenztechnik.de\/ja\/wp-json\/wp\/v2\/pages\/15768","targetHints":{"allow":["GET"]}}],"collection":[{"href":"https:\/\/konferenztechnik.de\/ja\/wp-json\/wp\/v2\/pages"}],"about":[{"href":"https:\/\/konferenztechnik.de\/ja\/wp-json\/wp\/v2\/types\/page"}],"author":[{"embeddable":true,"href":"https:\/\/konferenztechnik.de\/ja\/wp-json\/wp\/v2\/users\/1"}],"replies":[{"embeddable":true,"href":"https:\/\/konferenztechnik.de\/ja\/wp-json\/wp\/v2\/comments?post=15768"}],"version-history":[{"count":0,"href":"https:\/\/konferenztechnik.de\/ja\/wp-json\/wp\/v2\/pages\/15768\/revisions"}],"wp:featuredmedia":[{"embeddable":true,"href":"https:\/\/konferenztechnik.de\/ja\/wp-json\/wp\/v2\/media\/45482"}],"wp:attachment":[{"href":"https:\/\/konferenztechnik.de\/ja\/wp-json\/wp\/v2\/media?parent=15768"}],"curies":[{"name":"wp","href":"https:\/\/api.w.org\/{rel}","templated":true}]}}