{"id":15875,"date":"2020-03-04T15:27:31","date_gmt":"2020-03-04T14:27:31","guid":{"rendered":"https:\/\/www.konferenztechnik.de\/?page_id=15875"},"modified":"2020-03-04T15:27:31","modified_gmt":"2020-03-04T14:27:31","slug":"%e3%83%ac%e3%83%b3%e3%82%bf%e3%83%ab%e3%82%b9%e3%83%88%e3%83%aa%e3%83%bc%e3%83%9f%e3%83%b3%e3%82%b0%e6%8a%80%e8%a1%93","status":"publish","type":"page","link":"https:\/\/konferenztechnik.de\/ja\/%e3%83%ac%e3%83%b3%e3%82%bf%e3%83%ab%e3%82%b9%e3%83%88%e3%83%aa%e3%83%bc%e3%83%9f%e3%83%b3%e3%82%b0%e6%8a%80%e8%a1%93\/","title":{"rendered":"\u30b9\u30c8\u30ea\u30fc\u30df\u30f3\u30b0\u6280\u8853\u3092\u501f\u308a\u308b"},"content":{"rendered":"<h1>\u30b9\u30c8\u30ea\u30fc\u30df\u30f3\u30b0\u6280\u8853 \u2013 \u30a4\u30d9\u30f3\u30c8\u3001\u4f1a\u8b70\u3001\u30df\u30fc\u30c6\u30a3\u30f3\u30b0\u306e\u30b9\u30c8\u30ea\u30fc\u30df\u30f3\u30b0\u914d\u4fe1<\/h1>\n<h2>\u4e16\u754c\u4e2d\u306e\u5f93\u696d\u54e1\u3001\u9867\u5ba2\u3001\u90e8\u9580\u3001\u652f\u793e\u3092\u3064\u306a\u304e\u3001\u30b9\u30c8\u30ea\u30fc\u30df\u30f3\u30b0\u3067\u30b3\u30df\u30e5\u30cb\u30b1\u30fc\u30b7\u30e7\u30f3\u3092\u5f37\u5316<\/h2>\n<div class=\"call-action-slider-img\">\n<img fetchpriority=\"high\" decoding=\"async\" width=\"940\" height=\"411\" src=\"https:\/\/konferenztechnik.de\/wp-content\/uploads\/2013\/09\/b061.jpg\" alt=\"\u30b9\u30c8\u30ea\u30fc\u30df\u30f3\u30b0\u6280\u8853\u3092\u501f\u308a\u308b\" class=\"alignleft size-full wp-image-3201\" title=\"\" srcset=\"https:\/\/konferenztechnik.de\/wp-content\/uploads\/2013\/09\/b061.jpg 940w, https:\/\/konferenztechnik.de\/wp-content\/uploads\/2013\/09\/b061-300x131.jpg 300w, https:\/\/konferenztechnik.de\/wp-content\/uploads\/2013\/09\/b061-768x336.jpg 768w\" sizes=\"(max-width: 940px) 100vw, 940px\" \/><br \/>\n<button class=\"btn btn-nopic popmake-14167\">\u4eca\u3059\u3050\u304a\u898b\u7a4d\u3082\u308a\u3092 &amp;#x9B\uff1b<\/button>\n<\/div>\n<p>PCS\u306e\u30b9\u30c8\u30ea\u30fc\u30df\u30f3\u30b0\u6280\u8853\u3092\u3054\u5229\u7528\u304f\u3060\u3055\u3044: \u304a\u5ba2\u69d8\u306e\u30a4\u30d9\u30f3\u30c8\u3092\u30aa\u30f3\u30e9\u30a4\u30f3\u3067\u30b9\u30c8\u30ea\u30fc\u30df\u30f3\u30b0\u3057\u307e\u3059: \u4f1a\u8b70\u3001\u30df\u30fc\u30c6\u30a3\u30f3\u30b0\u3001\u30a4\u30d9\u30f3\u30c8\u3092\u30a4\u30f3\u30bf\u30fc\u30cd\u30c3\u30c8\u4e0a\u3067\u30e9\u30a4\u30d6\u914d\u4fe1\u3057\u3001\u5f8c\u3067\u8996\u8074\u3067\u304d\u308b\u3088\u3046\u306b\u3057\u307e\u3059\u3002\u6d77\u5916\u304b\u3089\u306e\u53c2\u52a0\u8005\u3001\u4ed6\u652f\u5e97\u306e\u5f93\u696d\u54e1\u3001\u3042\u308b\u3044\u306f\u3088\u308a\u591a\u304f\u306e\u8074\u8846\u304c\u8cb4\u793e\u306e\u30a4\u30d9\u30f3\u30c8\u306b\u7c21\u5358\u306b\u53c2\u52a0\u3067\u304d\u308b\u3088\u3046\u306b\u3057\u307e\u3059\u3002<\/p>\n<h2><strong>\u30aa\u30fc\u30c7\u30a3\u30aa\u30fb\u30b9\u30c8\u30ea\u30fc\u30df\u30f3\u30b0<\/strong><\/h2>\n<div class=\"call-action-slider-img\">\n<img decoding=\"async\" src=\"https:\/\/konferenztechnik.de\/wp-content\/uploads\/2013\/06\/06-ueber-uns-technikerplatz.jpg\" alt=\"\u4f5c\u696d\u4e2d\u306e\u6280\u8853\u8005\u305f\u3061\u3002\" width=\"940\" height=\"420\" class=\"size-full wp-image-233\" title=\"\" srcset=\"https:\/\/konferenztechnik.de\/wp-content\/uploads\/2013\/06\/06-ueber-uns-technikerplatz.jpg 940w, https:\/\/konferenztechnik.de\/wp-content\/uploads\/2013\/06\/06-ueber-uns-technikerplatz-300x134.jpg 300w, https:\/\/konferenztechnik.de\/wp-content\/uploads\/2013\/06\/06-ueber-uns-technikerplatz-768x343.jpg 768w\" sizes=\"(max-width: 940px) 100vw, 940px\" \/><br \/>\n<button class=\"btn btn-nopic popmake-14167\">\u4eca\u3059\u3050\u4fa1\u683c\u3092\u554f\u3044\u5408\u308f\u305b\u308b &amp;#x9B\uff1b<\/button>\n<\/div>\n<p>\u30aa\u30fc\u30c7\u30a3\u30aa\u30b9\u30c8\u30ea\u30fc\u30e0\u3092\u8996\u8074\u8005\u306b\u63d0\u4f9b\u3057\u307e\u3057\u3087\u3046\u3002\u30e9\u30a4\u30d6\u3067\u3082\u3001\u30bf\u30a4\u30e0\u30c7\u30a3\u30ec\u30a4\u3067\u3082\u3001\u3042\u306a\u305f\u306e\u30a4\u30d9\u30f3\u30c8\u3092\u30d5\u30a9\u30ed\u30fc\u3059\u308b\u3053\u3068\u304c\u3067\u304d\u307e\u3059\u3002<\/p>\n<h2><strong>\u30d3\u30c7\u30aa\u30b9\u30c8\u30ea\u30fc\u30df\u30f3\u30b0<\/strong><\/h2>\n<div class=\"call-action-slider-img\">\n<img decoding=\"async\" src=\"https:\/\/konferenztechnik.de\/wp-content\/uploads\/2013\/09\/b02.jpg\" alt=\"PCS\u306e\u30b9\u30c8\u30ea\u30fc\u30df\u30f3\u30b0\u6280\u8853\u3092\u63a1\u7528\" width=\"940\" height=\"411\" class=\"alignleft size-full wp-image-3151\" title=\"\" srcset=\"https:\/\/konferenztechnik.de\/wp-content\/uploads\/2013\/09\/b02.jpg 940w, https:\/\/konferenztechnik.de\/wp-content\/uploads\/2013\/09\/b02-300x131.jpg 300w, https:\/\/konferenztechnik.de\/wp-content\/uploads\/2013\/09\/b02-768x336.jpg 768w\" sizes=\"(max-width: 940px) 100vw, 940px\" \/><br \/>\n<button class=\"btn btn-nopic popmake-14167\">\u4eca\u3059\u3050\u898b\u7a4d\u3082\u308a\u4f9d\u983c &amp;#x9B\uff1b<\/button>\n<\/div>\n<p>\u97f3\u58f0\u3060\u3051\u3067\u306a\u304f\u3001\u6620\u50cf\u3082\u4f1d\u9001\u3055\u308c\u308b\u3002\u6570\u53f0\u306e\u30ab\u30e1\u30e9\u306b\u3088\u308b\u30b7\u30f3\u30d7\u30eb\u306a\u4f1d\u9001\u304b\u3089\u3001\u6620\u50cf\u30c7\u30a3\u30ec\u30af\u30bf\u30fc\u3001\u30ab\u30e1\u30e9\u30de\u30f3\u3001\u30d3\u30c7\u30aa\u30df\u30ad\u30b5\u30fc\u3092\u4f7f\u3063\u305f\u624b\u306e\u8fbc\u3093\u3060\u30d7\u30ed\u30c0\u30af\u30b7\u30e7\u30f3\u307e\u3067\u53ef\u80fd\u3067\u3059\u3002\u30d3\u30c7\u30aa\u4f1a\u8b70\u306b\u3064\u3044\u3066\u306e\u8a73\u3057\u3044\u60c5\u5831\u306f\u3001\u3053\u3061\u3089\u3092\u3054\u89a7\u304f\u3060\u3055\u3044\uff1a <a href=\"https:\/\/konferenztechnik.de\/ja\/%e3%83%93%e3%83%87%e3%82%aa%e4%bc%9a%e8%ad%b0\/\">\u30d3\u30c7\u30aa\u4f1a\u8b70\u6280\u8853\u306e\u30ec\u30f3\u30bf\u30eb<\/a>.<\/p>\n<h2><strong>\u9060\u9694\u901a\u8a33<\/strong><\/h2>\n<div class=\"call-action-slider-img\">\n<img loading=\"lazy\" decoding=\"async\" src=\"https:\/\/konferenztechnik.de\/wp-content\/uploads\/2013\/06\/11-simultanevent-konferenztechnik.jpg\" alt=\"\u540c\u6642\u958b\u50ac\u306e\u30a4\u30d9\u30f3\u30c8\u3001\u4f1a\u8b70\u3001\u50ac\u3057\u7269\u306e\u76e3\u7763\u3002\" width=\"940\" height=\"420\" class=\"size-full wp-image-266\" title=\"\" srcset=\"https:\/\/konferenztechnik.de\/wp-content\/uploads\/2013\/06\/11-simultanevent-konferenztechnik.jpg 940w, https:\/\/konferenztechnik.de\/wp-content\/uploads\/2013\/06\/11-simultanevent-konferenztechnik-300x134.jpg 300w, https:\/\/konferenztechnik.de\/wp-content\/uploads\/2013\/06\/11-simultanevent-konferenztechnik-768x343.jpg 768w\" sizes=\"(max-width: 940px) 100vw, 940px\" \/><br \/>\n<button class=\"btn btn-nopic popmake-14167\">\u4eca\u3059\u3050\u304a\u898b\u7a4d\u3082\u308a\u3092 &amp;#x9B\uff1b<\/button>\n<\/div>\n<p>\u5168\u56fd\u306ePCS\u652f\u5e97\u304b\u3089\u9060\u9694\u901a\u8a33\u3092\u627f\u308a\u307e\u3059\u3002\u5fc5\u8981\u306b\u5fdc\u3058\u3066\u3001\u9060\u9694\u901a\u8a33HUB\u3092\u3054\u5229\u7528\u304f\u3060\u3055\u3044\u3002<\/p>\n<p>\u9060\u9694\u901a\u8a33\uff08RSI\uff09\u3067\u306f\u3001\u901a\u8a33\u8005\u306f\u30a4\u30d9\u30f3\u30c8\u306e\u5834\u6240\u3068\u306f\u95a2\u4fc2\u306a\u304f\u50cd\u304d\u307e\u3059\u3002\u901a\u8a33\u8005\u306e\u4ed5\u4e8b\u5834\u306f\u3001\u96a3\u306e\u90e8\u5c4b\u3067\u3082\u3001\u5efa\u7269\u306e\u5225\u306e\u5834\u6240\u3067\u3082\u3001\u307e\u3063\u305f\u304f\u5225\u306e\u5834\u6240\u3067\u3082\u304b\u307e\u3044\u307e\u305b\u3093\u3002\u3053\u308c\u304c\u9060\u9694\u901a\u8a33\u3067\u3059\u3002\u901a\u8a33\u306b\u5fc5\u8981\u306a\u97f3\u58f0\u3068\u6620\u50cf\u306e\u4fe1\u53f7\u306f\u3001\u5f53\u793e\u3067\u30c7\u30b8\u30bf\u30eb\u5909\u63db\u3055\u308c\u3001\u30d3\u30eb\u306e\u30cd\u30c3\u30c8\u30ef\u30fc\u30af\u3084\u30a4\u30f3\u30bf\u30fc\u30cd\u30c3\u30c8\u3092\u901a\u3058\u3066\u4efb\u610f\u306e\u5834\u6240\u306b\u30b9\u30c8\u30ea\u30fc\u30df\u30f3\u30b0\u3055\u308c\u3001\u518d\u3073\u9001\u4fe1\u3055\u308c\u307e\u3059\u3002\u7406\u60f3\u7684\u306a\u306e\u306f\u3001\u3044\u308f\u3086\u308b\u901a\u8a33\u30b9\u30bf\u30b8\u30aa\uff08\u901a\u8a33\u30cf\u30d6\uff09\u304b\u3089\u4f5c\u696d\u3092\u884c\u3046\u3053\u3068\u3067\u3059\u3002<\/p>\n<p><a href=\"https:\/\/konferenztechnik.de\/ja\/%e9%81%a0%e9%9a%94%e9%80%9a%e8%a8%b3\/\">\u8a73\u7d30\u60c5\u5831<\/a><\/p>\n<h2><strong>\u30ea\u30e2\u30fc\u30c8\u30b9\u30bf\u30b8\u30aa\uff0f\u30ea\u30e2\u30fc\u30c8\u901a\u8a33HUB<\/strong><\/h2>\n<p>PCS\u306e\u5168\u652f\u5e97\u306b\u901a\u8a33\u30b9\u30bf\u30b8\u30aa\u304c\u3067\u304d\u307e\u3057\u305f\u3002\u30d9\u30eb\u30ea\u30f3\u3001\u30df\u30e5\u30f3\u30d8\u30f3\u3001\u30c7\u30e5\u30c3\u30bb\u30eb\u30c9\u30eb\u30d5\u306b\u3042\u308b\u9060\u9694\u5730\u306eHUB\u3092\u5229\u7528\u3059\u308c\u3070\u3001\u304a\u5ba2\u69d8\u306e\u30a4\u30d9\u30f3\u30c8\u3092\u5168\u56fd\u307e\u305f\u306f\u5168\u4e16\u754c\u3067\u540c\u6642\u306b\u901a\u8a33\u3059\u308b\u3053\u3068\u304c\u3067\u304d\u307e\u3059\u3002\u307e\u305f\u3001\u304a\u5ba2\u69d8\u306e\u3054\u8fd1\u6240\u3084\u901a\u8a33\u8005\u306b\u3068\u3063\u3066\u6700\u9069\u306a\u5834\u6240\u306b\u81e8\u6642\u306eHUB\u3092\u8a2d\u7f6e\u3059\u308b\u3053\u3068\u3082\u53ef\u80fd\u3067\u3059\u3002<\/p>\n<p><a href=\"https:\/\/konferenztechnik.de\/ja\/%e9%81%a0%e9%9a%94%e9%80%9a%e8%a8%b3\/\">\u8a73\u7d30\u60c5\u5831<\/a><\/p>\n<p>\u9060\u9694\u901a\u8a33\u3092\u5e0c\u671b\u3059\u308b\u5834\u5408\u306f\u3001\u4f1a\u5834\u304b\u3089\u72ec\u7acb\u3057\u305f\u901a\u8a33\u8005\u7528\u306e\u30ef\u30fc\u30af\u30b9\u30c6\u30fc\u30b7\u30e7\u30f3\u304c\u5fc5\u8981\u3067\u3059\u3002\u3053\u306e\u30ef\u30fc\u30af\u30b9\u30c6\u30fc\u30b7\u30e7\u30f3\u306f\u3001\u96a3\u306e\u90e8\u5c4b\u3084\u5efa\u7269\u306e\u4ed6\u306e\u5834\u6240\u3001\u307e\u305f\u306f\u5916\u90e8\u306b\u8a2d\u7f6e\u3059\u308b\u3053\u3068\u304c\u3067\u304d\u307e\u3059\u3002\u5fc5\u8981\u3067\u3042\u308c\u3070\u3001\u5916\u90e8\u306b\u79fb\u52d5\u5f0f\u306e\u81e8\u6642\u901a\u8a33\u30cf\u30d6\u2013\uff08\u300c\u901a\u8a33\u30b9\u30bf\u30b8\u30aa\u300d\u3068\u3082\u547c\u3070\u308c\u308b\uff09\u3092\u8a2d\u7f6e\u3059\u308b\u3053\u3068\u3082\u3067\u304d\u307e\u3059\u3002\u3053\u306e\u30b9\u30bf\u30b8\u30aa\u306f\u3001\u5fc5\u8981\u306b\u5fdc\u3058\u3066\u30b5\u30a4\u30ba\u3084\u7bc4\u56f2\u3092\u5909\u66f4\u3057\u307e\u3059\u3002<\/p>\n<p>\u901a\u8a33\u8005\u306e\u8077\u5834\u304c\u540c\u6642\u901a\u8a33\u306b\u6c42\u3081\u3089\u308c\u308b\u54c1\u8cea\u57fa\u6e96\u3092\u6e80\u305f\u3059\u3053\u3068\u304c\u91cd\u8981\u3002\u30ad\u30fc\u30ef\u30fc\u30c9\u306f\u5ba4\u5185\u97f3\u97ff\u3001\u97f3\u58f0\u30fb\u6620\u50cf\u30b9\u30c8\u30ea\u30fc\u30e0\u306e\u54c1\u8cea\u3001\u901a\u8a33\u6280\u8853\u306a\u3069\u3067\u3059\u3002\u3053\u308c\u3089\u306e\u57fa\u6e96\u306fISO\u898f\u683c\u306b\u898f\u5b9a\u3055\u308c\u3066\u304a\u308a\u3001\u79c1\u305f\u3061\u306f\u3053\u306e\u898f\u683c\u3092\u30ac\u30a4\u30c9\u3068\u3057\u3066\u30ef\u30fc\u30af\u30d7\u30ec\u30a4\u30b9\u3092\u8a2d\u5b9a\u3057\u307e\u3059\u3002\u3088\u308a\u5177\u4f53\u7684\u306a\u3054\u5e0c\u671b\u304c\u3042\u308c\u3070\u3001\u3054\u5e0c\u671b\u306b\u6cbf\u3063\u305fHUB\/\u30b9\u30bf\u30b8\u30aa\u306e\u8a2d\u7f6e\u3082\u53ef\u80fd\u3067\u3059\u3002<\/p>\n<h2><strong>\u96fb\u8a71\u4f1a\u8b70<\/strong><\/h2>\n<div class=\"call-action-slider-img\">\n<img loading=\"lazy\" decoding=\"async\" width=\"1024\" height=\"385\" src=\"https:\/\/konferenztechnik.de\/wp-content\/uploads\/2017\/02\/sennheiserteamconnectwireless-1024x385.jpg\" alt=\"\" class=\"alignleft size-large wp-image-9113\" title=\"\" srcset=\"https:\/\/konferenztechnik.de\/wp-content\/uploads\/2017\/02\/sennheiserteamconnectwireless-1024x385.jpg 1024w, https:\/\/konferenztechnik.de\/wp-content\/uploads\/2017\/02\/sennheiserteamconnectwireless-300x113.jpg 300w, https:\/\/konferenztechnik.de\/wp-content\/uploads\/2017\/02\/sennheiserteamconnectwireless-768x288.jpg 768w, https:\/\/konferenztechnik.de\/wp-content\/uploads\/2017\/02\/sennheiserteamconnectwireless.jpg 1201w\" sizes=\"(max-width: 1024px) 100vw, 1024px\" \/><br \/>\n<button class=\"btn btn-nopic popmake-14167\">\u4eca\u3059\u3050\u898b\u7a4d\u3082\u308a\u4f9d\u983c &amp;#x9B\uff1b<\/button>\n<\/div>\n<p>\u96fb\u8a71\u4f1a\u8b70\u3067\u306f\u3001\u97f3\u58f0\u4fe1\u53f7\u3082\u30a4\u30f3\u30bf\u30fc\u30cd\u30c3\u30c8\u7d4c\u7531\u3067\u30b9\u30c8\u30ea\u30fc\u30df\u30f3\u30b0\u3055\u308c\u3001\u9060\u9694\u5730\u306b\u3044\u308b\u76f8\u624b\u3082\u5229\u7528\u3067\u304d\u307e\u3059\u3002\u5f0a\u793e\u3067\u306f\u3001\u9ad8\u6027\u80fd\u306e\u30c7\u30b8\u30bf\u30eb\uff08\u5fc5\u8981\u306b\u5fdc\u3058\u3066\u30a2\u30ca\u30ed\u30b0\uff09\u96fb\u8a71\u3084\u3001\u305d\u306e\u4ed6\u306e\u30a6\u30a7\u30d6\u30d9\u30fc\u30b9\u306e\u30b7\u30b9\u30c6\u30e0\u3092\u4f7f\u7528\u3057\u3066\u3044\u307e\u3059\u3002<\/p>\n<p>[spacer size=\"20\u2033]<br \/>\n[\u30af\u30ea\u30a2\uff3d<\/p>\n<div class=\"boxcontainer\">\n<div class=\"box1-4\">\n<div class=\"box-head\">\u30b9\u30c8\u30ea\u30fc\u30df\u30f3\u30b0\u3068RSI<\/div>\n<p><img loading=\"lazy\" decoding=\"async\" width=\"800\" height=\"533\" src=\"https:\/\/konferenztechnik.de\/wp-content\/uploads\/2013\/09\/christian_becker_pcs-gmbh.jpg\" alt=\"\u30af\u30ea\u30b9\u30c1\u30e3\u30f3\u30fb\u30d9\u30c3\u30ab\u30fc\u30fb\u30d4\u30fc\u30b7\u30fc\u30ba\u30fb\u30b2\u30fc\u30a8\u30e0\u30d9\u30fc\u30cf\u30fc\" class=\"alignleft size-full wp-image-2293\" title=\"\" srcset=\"https:\/\/konferenztechnik.de\/wp-content\/uploads\/2013\/09\/christian_becker_pcs-gmbh.jpg 800w, https:\/\/konferenztechnik.de\/wp-content\/uploads\/2013\/09\/christian_becker_pcs-gmbh-300x200.jpg 300w, https:\/\/konferenztechnik.de\/wp-content\/uploads\/2013\/09\/christian_becker_pcs-gmbh-768x512.jpg 768w\" sizes=\"(max-width: 800px) 100vw, 800px\" \/><br \/>\n\u30af\u30ea\u30b9\u30c1\u30e3\u30f3\u30fb\u30d9\u30c3\u30ab\u30fc<br \/>\n\u8cc3\u8cb8\u90e8\u9580\u8cac\u4efb\u8005<br \/>\n\u96fb\u8a71 +49 211 737798 17<br \/>\n<span class=\"volleansicht\">\u96fb\u5b50\u30e1\u30fc\u30eb <a href=\"mailto:becker@konferenztechnik.de\" onclick=\"ga('send', 'event', 'Email-Klick', 'Kontakt Becker');\">\u66f8\u304f<\/a><br \/><\/span><br \/>\n<span class=\"mobileansicht\">\u96fb\u5b50\u30e1\u30fc\u30eb <a href=\"mailto:becker@konferenztechnik.de\" onclick=\"ga('send', 'event', 'Email-Klick', 'Kontakt Becker');\">\u66f8\u304f<\/a><br \/><\/span>\n<\/div>\n<\/div>","protected":false},"excerpt":{"rendered":"<p>Streaming Technik mieten &#8211; Streaming von Events, Konferenzen und Meetings Mitarbeiter, Kunden, Abteilungen und Firmenniederlassungen weltweit vernetzen und die Kommunikation st\u00e4rken durch Streaming Jetzt Angebot einholen &#x9B; Streaming Technik mieten bei PCS: Wir streamen Ihre Veranstaltung ins Netz: Konferenzen, Tagungen, Meetings und Events live ins Internet streamen und auch sp\u00e4ter abrufbar machen. Lassen Sie internationale Teilnehmer, Mitarbeiter aus anderen Filialen oder auch ein breites Publikum ganz einfach an Ihren Veranstaltungen teilhaben. Audiostreaming Jetzt Preise erfragen &#x9B; Stellen Sie Ihren Zuh\u00f6rern einen Audiostream zur Verf\u00fcgung. Sie k\u00f6nnen live oder zeitversetzt Ihr Event verfolgen. Videostreaming Jetzt Angebot abfragen &#x9B; Zus\u00e4tzlich zum Ton wird auch das Bild \u00fcbertragen. M\u00f6glich sind einfache \u00dcbertragungen mit [&hellip;]<\/p>","protected":false},"author":1,"featured_media":45482,"parent":0,"menu_order":0,"comment_status":"closed","ping_status":"closed","template":"page-right-sidebar.php","meta":{"_acf_changed":false,"footnotes":""},"class_list":["post-15875","page","type-page","status-publish","has-post-thumbnail","hentry"],"acf":[],"_links":{"self":[{"href":"https:\/\/konferenztechnik.de\/ja\/wp-json\/wp\/v2\/pages\/15875","targetHints":{"allow":["GET"]}}],"collection":[{"href":"https:\/\/konferenztechnik.de\/ja\/wp-json\/wp\/v2\/pages"}],"about":[{"href":"https:\/\/konferenztechnik.de\/ja\/wp-json\/wp\/v2\/types\/page"}],"author":[{"embeddable":true,"href":"https:\/\/konferenztechnik.de\/ja\/wp-json\/wp\/v2\/users\/1"}],"replies":[{"embeddable":true,"href":"https:\/\/konferenztechnik.de\/ja\/wp-json\/wp\/v2\/comments?post=15875"}],"version-history":[{"count":0,"href":"https:\/\/konferenztechnik.de\/ja\/wp-json\/wp\/v2\/pages\/15875\/revisions"}],"wp:featuredmedia":[{"embeddable":true,"href":"https:\/\/konferenztechnik.de\/ja\/wp-json\/wp\/v2\/media\/45482"}],"wp:attachment":[{"href":"https:\/\/konferenztechnik.de\/ja\/wp-json\/wp\/v2\/media?parent=15875"}],"curies":[{"name":"wp","href":"https:\/\/api.w.org\/{rel}","templated":true}]}}