{"id":16961,"date":"2021-03-30T16:14:01","date_gmt":"2021-03-30T15:14:01","guid":{"rendered":"https:\/\/www.konferenztechnik.de\/?page_id=16961"},"modified":"2023-08-29T14:53:57","modified_gmt":"2023-08-29T12:53:57","slug":"%e6%9f%94%e8%bb%9f%e3%81%aa%e3%82%a4%e3%83%99%e3%83%b3%e3%83%88%e3%82%b3%e3%83%b3%e3%82%bb%e3%83%97%e3%83%88","status":"publish","type":"page","link":"https:\/\/konferenztechnik.de\/ja\/%e6%9f%94%e8%bb%9f%e3%81%aa%e3%82%a4%e3%83%99%e3%83%b3%e3%83%88%e3%82%b3%e3%83%b3%e3%82%bb%e3%83%97%e3%83%88\/","title":{"rendered":"\u67d4\u8edf\u306a\u30a4\u30d9\u30f3\u30c8\u30b3\u30f3\u30bb\u30d7\u30c8"},"content":{"rendered":"<h1 id=\"hybrideevents\"><strong>\u67d4\u8edf\u306a\u30a4\u30d9\u30f3\u30c8\u30b3\u30f3\u30bb\u30d7\u30c8<\/strong><\/h1>\n<p>[rev_slider alias=\"events-1\u2033][\/rev_slider]\u3002<br \/>\n[spacer size=\"20\u2033]<\/p>\n<p>\u5bfe\u9762\u5f0f\u30a4\u30d9\u30f3\u30c8\u306e\u67a0\u7d44\u307f\u6761\u4ef6\u306f\u65e5\u3005\u5909\u5316\u3057\u307e\u3059\u3002\u30a4\u30d9\u30f3\u30c8\u3092\u958b\u50ac\u3059\u308b\u3060\u3051\u3067\u306a\u304f\u3001\u53ef\u80fd\u306a\u9650\u308a\u52b9\u679c\u7684\u306b\u8996\u8074\u8005\u306b\u5c4a\u3051\u308b\u305f\u3081\u306b\u306f\u3001\u9ad8\u3044\u67d4\u8edf\u6027\u304c\u4e0d\u53ef\u6b20\u3067\u3059\u3002<\/p>\n<p>\u7406\u60f3\u3092\u8a00\u3048\u3070\u3001\u3042\u306a\u305f\u306e\u30a4\u30d9\u30f3\u30c8\u306f\u3001\u30d0\u30fc\u30c1\u30e3\u30eb\u3068\u8074\u8846\u306e\u51fa\u5e2d\u306e\u4e21\u65b9\u3067\u6700\u9069\u306b\u6a5f\u80fd\u3059\u308b\u3088\u3046\u306b\u3001\u5341\u5206\u306b\u9069\u5fdc\u53ef\u80fd\u3067\u3042\u308b\u3079\u304d\u3067\u3059\u3002<\/p>\n<p>\u30a4\u30d9\u30f3\u30c8\u306e\u5834\u6240\u3084\u30b3\u30f3\u30bb\u30d7\u30c8\u306f\u3001\u65e5\u3005\u5909\u5316\u3059\u308b\u8981\u4ef6\u3084\u5236\u7d04\u3092\u6e80\u305f\u3059\u305f\u3081\u306b\u5fc5\u8981\u306a\u67d4\u8edf\u6027\u3092\u63d0\u4f9b\u3059\u308b\u5fc5\u8981\u304c\u3042\u308a\u307e\u3059\u3002\u79c1\u305f\u3061\u306e\u30d7\u30e9\u30f3\u30cb\u30f3\u30b0\u306f\u3001\u52b9\u679c\u7684\u306a\u8cbb\u7528\u5bfe\u52b9\u679c\u3092\u8003\u616e\u3057\u3001\u4e88\u60f3\u3055\u308c\u308b\u30b7\u30ca\u30ea\u30aa\u3092\u8003\u616e\u306b\u5165\u308c\u3066\u3044\u307e\u3059\u3002<\/p>\n<p>\u691c\u67fb\u30aa\u30d7\u30b7\u30e7\u30f3\u3068\u5c02\u9580\u7684\u306a\u885b\u751f\u30b3\u30f3\u30bb\u30d7\u30c8\u306e\u5897\u52a0\u306b\u3088\u308a\u3001\u30af\u30e9\u30b7\u30c3\u30af\u3001\u30c7\u30b8\u30bf\u30eb\u3001\u30cf\u30a4\u30d6\u30ea\u30c3\u30c9\u306e\u30a4\u30d9\u30f3\u30c8\u306e\u958b\u50ac\u304c\u53ef\u80fd\u306b\u306a\u3063\u305f\u3002\u95a2\u4fc2\u8005\u306f\u73fe\u5834\u3067\u5b89\u5168\u304b\u3064\u52b9\u7387\u7684\u306b\u4f5c\u696d\u3059\u308b\u3053\u3068\u304c\u3067\u304d\u307e\u3059\u3002<\/p>\n<p>\u4f8b\u3048\u3070\u3001\u30d8\u30c3\u30c9\u30db\u30f3\u3092\u4f7f\u3048\u3070\u3001\u5fc5\u8981\u306a\u8ddd\u96e2\u3092\u7c21\u5358\u306b\u78ba\u4fdd\u3057\u3001\u7dad\u6301\u3059\u308b\u3053\u3068\u304c\u3067\u304d\u308b\u3002\u304b\u3089\u306f <a href=\"\/ja\/%e3%82%b5%e3%82%a4%e3%83%ac%e3%83%b3%e3%83%88%e3%83%bb%e3%82%ab%e3%83%b3%e3%83%95%e3%82%a1%e3%83%ac%e3%83%b3%e3%82%b9\/\">\u30b5\u30a4\u30ec\u30f3\u30c8\u30fb\u30ab\u30f3\u30d5\u30a1\u30ec\u30f3\u30b9<\/a> \u3092\u4f7f\u7528\u3059\u308b\u3053\u3068\u306b\u3088\u3063\u3066\u9054\u6210\u3055\u308c\u308b\u3002 <a href=\"\/ja\/%e3%83%ac%e3%83%b3%e3%82%bf%e3%83%ab%e3%82%ac%e3%82%a4%e3%83%89%e3%82%b7%e3%82%b9%e3%83%86%e3%83%a0\/\">\u30ac\u30a4\u30c9\u30b7\u30b9\u30c6\u30e0<\/a> \u9060\u3044\u51fa\u6765\u4e8b\u3002<\/p>\n<p>\u79c1\u305f\u3061\u306f\u3001\u885b\u751f\u30b3\u30f3\u30bb\u30d7\u30c8\u306e\u4f5c\u6210\u304b\u3089\u3001\u30e2\u30b8\u30e5\u30fc\u30eb\u5316\u3055\u308c\u305f\u53c2\u52a0\u8005\u306e\u6d41\u308c\u3001\u7d14\u7c8b\u306a\u30c7\u30b8\u30bf\u30eb\u30a4\u30d9\u30f3\u30c8\u5f62\u5f0f\u306b\u304a\u3051\u308b\u30d5\u30a9\u30fc\u30eb\u30d0\u30c3\u30af\u30d0\u30ea\u30a2\u30f3\u30c8\u306e\u691c\u8a0e\u307e\u3067\u3001\u5f53\u65e5\u306e\u8981\u4ef6\u3092\u6e80\u305f\u3059\u67d4\u8edf\u306a\u30d5\u30a9\u30fc\u30de\u30c3\u30c8\u3092\u4f5c\u6210\u3059\u308b\u305f\u3081\u306b\u304a\u5ba2\u69d8\u3068\u5354\u529b\u3057\u307e\u3059\u3002<\/p>\n<p>[spacer size=\"20\u2033]<\/p>\n<p>.<\/p>\n<p>[spacer size=\"20\u2033]<\/p>\n<div class=\"weiterlinks\" style=\"background-color:#ffffff;\">\n<h2>\u8a73\u7d30<\/h2>\n<ul>\n        [\u30ea\u30b9\u30c8\u30a2\u30a4\u30b3\u30f3=\"moon-arrow-right-2\u2033\u30ab\u30e9\u30fc=\"#a62055\u2033]]\u3002<a title=\"\u30cf\u30a4\u30d6\u30ea\u30c3\u30c9\u30fb\u30a4\u30d9\u30f3\u30c8\"\n            href=\"\/ja\/%e3%83%8f%e3%82%a4%e3%83%96%e3%83%aa%e3%83%83%e3%83%89%e3%83%bb%e3%82%a4%e3%83%99%e3%83%b3%e3%83%88\/\">\u30cf\u30a4\u30d6\u30ea\u30c3\u30c9\u30fb\u30a4\u30d9\u30f3\u30c8<\/a>[\u30ea\u30b9\u30c8\uff3d<br \/>\n[\u30ea\u30b9\u30c8\u30a2\u30a4\u30b3\u30f3=\"moon-arrow-right-2\u2033\u30ab\u30e9\u30fc=\"#a62055\u2033]]\u3002<a title=\"\u4f1a\u8b70\u3001\u30a4\u30d9\u30f3\u30c8\u3001\u30df\u30fc\u30c6\u30a3\u30f3\u30b0\"\n            href=\"\/ja\/%e4%bc%9a%e8%ad%b0-%e3%82%a4%e3%83%99%e3%83%b3%e3%83%88-%e3%83%9f%e3%83%bc%e3%83%86%e3%82%a3%e3%83%b3%e3%82%b0-%e3%82%af%e3%83%a9%e3%82%b7%e3%83%83%e3%82%af-%e3%83%8f%e3%82%a4%e3%83%96%e3%83%aa\/\">\u4f1a\u8b70 \u30a4\u30d9\u30f3\u30c8 \u30df\u30fc\u30c6\u30a3\u30f3\u30b0 \u30af\u30e9\u30b7\u30c3\u30af \u30cf\u30a4\u30d6\u30ea\u30c3\u30c9 \u30c7\u30b8\u30bf\u30eb \u30d0\u30fc\u30c1\u30e3\u30eb \u30ea\u30e2\u30fc\u30c8<\/a>[\u30ea\u30b9\u30c8\uff3d<\/ul>\n<\/div>","protected":false},"excerpt":{"rendered":"<p>Flexible Eventkonzepte [rev_slider alias=&#8220;events-1&#8243;][\/rev_slider] [spacer size=&#8220;20&#8243;] T\u00e4glich \u00e4ndern sich die Rahmenbedingungen f\u00fcr Pr\u00e4senzveranstaltungen. Eine hohe Flexibilit\u00e4t ist entscheidend, dass Ihr Event nicht nur stattfinden kann, sondern m\u00f6glichst gut Ihr Publikum erreicht. Ihre Veranstaltung ist idealerweise so wandelbar, dass sie sowohl rein virtuell als auch mit Pr\u00e4senz-Publikum optimal funktioniert. Ihre Eventlocation und das Veranstaltungskonzept sollten die n\u00f6tige Flexibilit\u00e4t bieten, dass t\u00e4glich wechselnder Vorgaben und Beschr\u00e4nkungen erf\u00fcllt werden k\u00f6nnen. Unsere Planungen ber\u00fccksichtigen die zu erwartenden Szenarien unter Ber\u00fccksichtigung eines effektiven Kosten-Nutzen-Verh\u00e4ltnisses. Die vermehrte Zunahme von Testm\u00f6glichkeiten und professionellen Hygienekonzepten l\u00e4sst die Gestaltung von klassischen, digitalen und hybriden Events zu. Akteure k\u00f6nnen vor Ort sicher und effizient arbeiten. Durch den Einsatz von Kopfh\u00f6rern [&hellip;]<\/p>","protected":false},"author":1,"featured_media":45482,"parent":0,"menu_order":0,"comment_status":"closed","ping_status":"closed","template":"","meta":{"_acf_changed":false,"footnotes":""},"class_list":["post-16961","page","type-page","status-publish","has-post-thumbnail","hentry"],"acf":[],"_links":{"self":[{"href":"https:\/\/konferenztechnik.de\/ja\/wp-json\/wp\/v2\/pages\/16961","targetHints":{"allow":["GET"]}}],"collection":[{"href":"https:\/\/konferenztechnik.de\/ja\/wp-json\/wp\/v2\/pages"}],"about":[{"href":"https:\/\/konferenztechnik.de\/ja\/wp-json\/wp\/v2\/types\/page"}],"author":[{"embeddable":true,"href":"https:\/\/konferenztechnik.de\/ja\/wp-json\/wp\/v2\/users\/1"}],"replies":[{"embeddable":true,"href":"https:\/\/konferenztechnik.de\/ja\/wp-json\/wp\/v2\/comments?post=16961"}],"version-history":[{"count":0,"href":"https:\/\/konferenztechnik.de\/ja\/wp-json\/wp\/v2\/pages\/16961\/revisions"}],"wp:featuredmedia":[{"embeddable":true,"href":"https:\/\/konferenztechnik.de\/ja\/wp-json\/wp\/v2\/media\/45482"}],"wp:attachment":[{"href":"https:\/\/konferenztechnik.de\/ja\/wp-json\/wp\/v2\/media?parent=16961"}],"curies":[{"name":"wp","href":"https:\/\/api.w.org\/{rel}","templated":true}]}}