{"id":1810,"date":"2013-09-05T11:28:54","date_gmt":"2013-09-05T09:28:54","guid":{"rendered":"https:\/\/konferenztechnik.de\/?page_id=1810"},"modified":"2013-09-05T11:28:54","modified_gmt":"2013-09-05T09:28:54","slug":"%e3%83%81%e3%83%a5%e3%83%bc%e3%83%8b%e3%83%b3%e3%82%b0%e3%83%bb%e3%82%b7%e3%82%b9%e3%83%86%e3%83%a0-2","status":"publish","type":"page","link":"https:\/\/konferenztechnik.de\/ja\/%e4%bc%9a%e8%ad%b0%e6%a9%9f%e5%99%a8%e3%83%ac%e3%83%b3%e3%82%bf%e3%83%ab\/%e3%83%81%e3%83%a5%e3%83%bc%e3%83%8b%e3%83%b3%e3%82%b0%e3%83%bb%e3%82%b7%e3%82%b9%e3%83%86%e3%83%a0-2\/","title":{"rendered":"\u6295\u7968\u30b7\u30b9\u30c6\u30e0\u3001TED\u30b7\u30b9\u30c6\u30e0"},"content":{"rendered":"<h1>\u6295\u7968\u30b7\u30b9\u30c6\u30e0\u3001TED\u30b7\u30b9\u30c6\u30e0<\/h1>\n<figure id=\"attachment_4099\" aria-describedby=\"caption-attachment-4099\" style=\"width: 288px\" class=\"wp-caption alignright\"><a href=\"https:\/\/konferenztechnik.de\/wp-content\/uploads\/2013\/12\/abstimmanlagen2.jpg\"><img fetchpriority=\"high\" decoding=\"async\" src=\"https:\/\/konferenztechnik.de\/wp-content\/uploads\/2013\/12\/abstimmanlagen2.jpg\" alt=\"PCS\u306eTED\u3068\u6295\u7968\u30b7\u30b9\u30c6\u30e0\" width=\"288\" height=\"198\" class=\"size-full wp-image-4099\" title=\"\"><\/a><figcaption id=\"caption-attachment-4099\" class=\"wp-caption-text\">PCS\u6295\u7968\u30b7\u30b9\u30c6\u30e0...\u30b9\u30d4\u30fc\u30ab\u30fc\u3068\u30d7\u30ec\u30ca\u30e0\u9593\u306e\u76f8\u4e92\u4f5c\u7528\u3002<\/figcaption><\/figure>\n<p>\u4e16\u8ad6\u8abf\u67fb\u3001\u30af\u30a4\u30ba\u3001\u682a\u4e3b\u7dcf\u4f1a\u306b\u6700\u9069\u3067\u3059\u3002<\/p>\n<p>\u79c1\u305f\u3061\u306e\u30b7\u30b9\u30c6\u30e0\u306f\u3001\u53c2\u52a0\u8005\u306e\u610f\u898b\u3084\u7d4c\u9a13\u3092\u7d20\u65e9\u304f\u5224\u65ad\u3057\u3001\u305d\u306e\u7d50\u679c\u3092\u672c\u4f1a\u8b70\u5834\u306e\u5168\u54e1\u306b\u898b\u3048\u308b\u3088\u3046\u306b\u3057\u307e\u3059\u3002<br \/>\n\u53c2\u52a0\u8005\u306f\u305d\u308c\u305e\u308c\u306e\u610f\u898b\u3092<br \/>\n\u5168\u4f53\u7684\u306a\u7d50\u679c\u3092\u6bd4\u8f03\u3057\u3001\u5206\u985e\u3059\u308b\u3002<\/p>\n<p>\u3053\u306e\u30a4\u30f3\u30bf\u30e9\u30af\u30c6\u30a3\u30d6\u306a\u6295\u7968\u30b7\u30b9\u30c6\u30e0\u3092\u4f7f\u7528\u3059\u308b\u3053\u3068\u3067\u3001\u53c2\u52a0\u8005\u306e\u6ce8\u76ee\u5ea6\u304c\u9ad8\u307e\u308a\u3001\u81ea\u5206\u81ea\u8eab\u3092\u63d0\u793a\u3059\u308b\u3053\u3068\u306a\u304f\u3001\u4f55\u304c\u8d77\u3053\u308b\u304b\u306b\u3064\u3044\u3066\u767a\u8a00\u6a29\u304c\u3042\u308b\u3068\u3044\u3046\u611f\u899a\u3092\u5f97\u308b\u3053\u3068\u304c\u3067\u304d\u308b\u3002\u6295\u7968\u306f\u533f\u540d\u3067\u884c\u3048\u308b\u3002<\/p>\n<p>\u53c2\u52a0\u8005\u304c\u30c8\u30d4\u30c3\u30af\u306b\u7a4d\u6975\u7684\u306b\u95a2\u308f\u308c\u3070\u95a2\u308f\u308b\u307b\u3069\u3001\u60c5\u5831\u91cf\u306f\u5897\u3048\u308b\u3002<\/p>\n<p>[spacer size=\"20\u2033]<br \/>\n<figure id=\"attachment_4114\" aria-describedby=\"caption-attachment-4114\" style=\"width: 650px\" class=\"wp-caption alignleft\"><a href=\"https:\/\/konferenztechnik.de\/wp-content\/uploads\/2013\/12\/abstimmeinheiten-bei-pcs.jpg\"><img decoding=\"async\" src=\"https:\/\/konferenztechnik.de\/wp-content\/uploads\/2013\/12\/abstimmeinheiten-bei-pcs.jpg\" alt=\"\u30c8\u30e9\u30f3\u30b9\u30dd\u30f3\u30c0\u30fc\u3092\u4f7f\u3046\u304b\u3001\u30c7\u30b9\u30af\u30c8\u30c3\u30d7\u30fb\u30a4\u30f3\u30bf\u30fc\u30db\u30f3\u3067\u76f4\u63a5\u6295\u7968\u3067\u304d\u308b\u3002\" width=\"650\" height=\"200\" class=\"size-full wp-image-4114\" title=\"\" srcset=\"https:\/\/konferenztechnik.de\/wp-content\/uploads\/2013\/12\/abstimmeinheiten-bei-pcs.jpg 650w, https:\/\/konferenztechnik.de\/wp-content\/uploads\/2013\/12\/abstimmeinheiten-bei-pcs-300x92.jpg 300w\" sizes=\"(max-width: 650px) 100vw, 650px\" \/><\/a><figcaption id=\"caption-attachment-4114\" class=\"wp-caption-text\">\u30c8\u30e9\u30f3\u30b9\u30dd\u30f3\u30c0\u30fc\u3092\u4f7f\u3046\u304b\u3001\u30c7\u30b9\u30af\u30c8\u30c3\u30d7\u30fb\u30a4\u30f3\u30bf\u30fc\u30db\u30f3\u3067\u76f4\u63a5\u6295\u7968\u3067\u304d\u308b\u3002<\/figcaption><\/figure><br \/>\n[spacer size=\"20\u2033]<\/p>\n<h1>PCS\u30c1\u30e5\u30fc\u30cb\u30f3\u30b0\u30fb\u30b7\u30b9\u30c6\u30e0\u306f\u3069\u306e\u3088\u3046\u306b\u6a5f\u80fd\u3059\u308b\u306e\u3067\u3059\u304b\uff1f <\/h1>\n<h2>\u8cea\u554f<\/h2>\n<p>\u30b7\u30f3\u30dd\u30b8\u30a6\u30e0\u306e\u5192\u982d\u3001\u53c2\u52a0\u8005\u5168\u54e1\u306b\u30ef\u30a4\u30e4\u30ec\u30b9\u6295\u7968\u30e6\u30cb\u30c3\u30c8\u304c\u914d\u5e03\u3055\u308c\u308b\u3002\u8b1b\u6f14\u8005\u306f\u3001\u6700\u592710\u500b\u306e\u56de\u7b54\u304c\u53ef\u80fd\u306a\u8cea\u554f\u3092\u89b3\u5ba2\u5e2d\u306b\u6295\u3052\u304b\u3051\u308b\u3002\u8cea\u554f\u306f\u3001PC\u3068\u30d7\u30ed\u30b8\u30a7\u30af\u30bf\u30fc\u3092\u4f7f\u3063\u305f\u30c7\u30fc\u30bf\u6295\u5f71\u3067\u767a\u8868\u3059\u308b\u3053\u3068\u304c\u3067\u304d\u308b\u3002<\/p>\n<h2>\u6295\u7968<\/h2>\n<p>\u30b9\u30d4\u30fc\u30ab\u30fc\u306e\u53f8\u4f1a\u3067\u8cea\u554f\u304c\u7d42\u308f\u308b\u3068\u3001\u5168\u4f1a\u54e1\u306b\u6295\u7968\u3092\u6c42\u3081\u308b\u3002\u30b9\u30af\u30ea\u30fc\u30f3\u306b\u30ab\u30a6\u30f3\u30c8\u30c0\u30a6\u30f3\u304c\u5927\u304d\u304f\u8868\u793a\u3055\u308c\u308b\u3002\u6295\u7968\u6642\u9593\u306f10\u79d2\u3067\u3042\u308b\u3053\u3068\u304c\u8a3c\u660e\u3055\u308c\u3066\u3044\u308b\u3002\u3053\u306e\u6642\u9593\u5185\u306b\u53c2\u52a0\u8005\u306f\u6c7a\u5b9a\u3092\u4e0b\u3057\u3001\u5bfe\u5fdc\u3059\u308b\u30dc\u30bf\u30f3\u3092\u62bc\u3059\u3053\u3068\u304c\u3067\u304d\u308b\u3002<\/p>\n<h2>\u7d50\u679c<\/h2>\n<p><img decoding=\"async\" src=\"https:\/\/konferenztechnik.de\/wp-content\/uploads\/2013\/12\/voting-bei-pcs-televic.jpg\" alt=\"\u30c6\u30ec\u30f4\u30a3\u30c3\u30af\u6295\u7968\u7ba1\u7406\u30bd\u30d5\u30c8\u30a6\u30a7\u30a2\" width=\"600\" height=\"400\" class=\"alignleft size-full wp-image-4105\" title=\"\" srcset=\"https:\/\/konferenztechnik.de\/wp-content\/uploads\/2013\/12\/voting-bei-pcs-televic.jpg 600w, https:\/\/konferenztechnik.de\/wp-content\/uploads\/2013\/12\/voting-bei-pcs-televic-300x200.jpg 300w\" sizes=\"(max-width: 600px) 100vw, 600px\" \/><\/p>\n<p>\u30ab\u30a6\u30f3\u30c8\u30c0\u30a6\u30f3\u304c\u7d42\u308f\u308b\u3068\u3059\u3050\u306b\u3001\u30b3\u30f3\u30d4\u30e5\u30fc\u30bf\u30fc\u304c\u6295\u7968\u6570\u3092\u8a08\u7b97\u3057\u3001\u305d\u306e\u7d50\u679c\u3092\u6570\u79d2\u3067\u30b9\u30af\u30ea\u30fc\u30f3\u306b\u8868\u793a\u3059\u308b\u3002<\/p>\n<h1>PCS\u30c1\u30e5\u30fc\u30cb\u30f3\u30b0\u30fb\u30b7\u30b9\u30c6\u30e0\u306e\u30b5\u30fc\u30d3\u30b9\u4e00\u89a7<\/h1>\n<ul>\n<li>\u4fbf\u5229\u306a\u30ef\u30a4\u30e4\u30ec\u30b9\u30fb\u30c1\u30e5\u30fc\u30cb\u30f3\u30b0\u30fb\u30e6\u30cb\u30c3\u30c8<\/li>\n<li>\u6700\u592710\u500b\u306e\u9078\u629e\u30aa\u30d7\u30b7\u30e7\u30f3\u3068\u8a02\u6b63\u30ad\u30fc\u3092\u5099\u3048\u305f\u30c6\u30f3\u30ad\u30fc\u30d1\u30c3\u30c9<\/li>\n<li>\u6a19\u6e96\u30d0\u30fc\u30b8\u30e7\u30f3\u3067\u306f\u30013,500\u4ee5\u4e0a\u306e\u30c1\u30e5\u30fc\u30cb\u30f3\u30b0\u30fb\u30e6\u30cb\u30c3\u30c8\u3092\u540c\u6642\u306b\u4f7f\u7528\u53ef\u80fd<\/li>\n<li>\u7279\u5225\u4ed5\u69d8\u3067\u306f\u3001\u6700\u592718,000\u53f0\u306e\u6295\u7968\u30e6\u30cb\u30c3\u30c8\u3092\u540c\u6642\u306b\u4f7f\u7528\u53ef\u80fd<\/li>\n<li>\u516c\u958b\u6295\u7968\u307e\u305f\u306f\u7121\u8a18\u540d\u6295\u7968<\/li>\n<li>\u610f\u898b\u6295\u7968\u3001\u30af\u30a4\u30ba\u3001\u682a\u4e3b\u7dcf\u4f1a<\/li>\n<li>\u30b0\u30eb\u30fc\u30d7\u6295\u7968\u53ef\u80fd<\/li>\n<li>\u3054\u8981\u671b\u306b\u5fdc\u3058\u3066\u3001\u5404\u30c1\u30e5\u30fc\u30cb\u30f3\u30b0\u30fb\u30c7\u30d0\u30a4\u30b9\u306b\u540d\u524d\u3092\u4ed8\u3051\u308b\u3053\u3068\u304c\u3067\u304d\u307e\u3059\u3002<\/li>\n<li>\u307e\u305f\u3001\u5404\u30c7\u30d0\u30a4\u30b9\u306e\u6295\u7968\u306b\u91cd\u307f\u4ed8\u3051\u3092\u3059\u308b\u3053\u3068\u3082\u53ef\u80fd\u3067\u3042\u308b\u3002<\/li>\n<li>\u53ef\u5909TED\u30bd\u30d5\u30c8\u30a6\u30a7\u30a2\u3068PC\u63a5\u7d9a\u3001\u30c7\u30fc\u30bf\u30d7\u30ed\u30b8\u30a7\u30af\u30b7\u30e7\u30f3\u306b\u63a5\u7d9a\u53ef\u80fd<\/li>\n<li>\u7d50\u679c\u3092\u68d2\u30b0\u30e9\u30d5\u3001\u5217\u30b0\u30e9\u30d5\u3001\u5186\u30b0\u30e9\u30d5\u3067\u8868\u793a\u3059\u308b\u3002<\/li>\n<li>\u30af\u30a8\u30ea\u30fc\u7d50\u679c\u306e\u7d76\u5bfe\u5024\u307e\u305f\u306f\u30d1\u30fc\u30bb\u30f3\u30c8\u8868\u793a<\/li>\n<li>\u500b\u5225\u30da\u30fc\u30b8\u306e\u81ea\u7531\u306a\u30c7\u30b6\u30a4\u30f3\u30fb\u30aa\u30d7\u30b7\u30e7\u30f3<\/li>\n<li>\u30b0\u30e9\u30d5\u30a3\u30c3\u30af\u30d7\u30ed\u30b0\u30e9\u30e0\u304b\u3089\u30ed\u30b4\u3084\u305d\u306e\u4ed6\u306e\u753b\u50cf\u3092\u30a4\u30f3\u30dd\u30fc\u30c8<\/li>\n<li>\u8a55\u4fa1\u7d50\u679c\u3092\u8868\u8a08\u7b97\u30bd\u30d5\u30c8\u306b\u30a8\u30af\u30b9\u30dd\u30fc\u30c8\u3059\u308b\u3002<\/li>\n<\/ul>","protected":false},"excerpt":{"rendered":"<p>Abstimmanlagen, TED-Systeme Die richtige Wahl f\u00fcr Meinungsumfragen, Quiz und Aktion\u00e4rsversammlungen. Unser System ermittelt schnell die Meinung und Erfahrung der Teilnehmer und macht die Resultate im Plenum f\u00fcr alle sichtbar. Jeder Teilnehmer kann seine eigene Meinung mit den Gesamtresultaten vergleichen und einordnen. Der Einsatz dieses interaktiven Abstimmsystems erzeugt bei den Teilnehmern eine erh\u00f6hte Aufmerksamkeit und gibt ihnen das Gef\u00fchl, das Geschehen mitzubestimmen, ohne sich dabei pr\u00e4sentieren zu m\u00fcssen. Die Stimmabgabe erfolgt dann anonym. Der Informationsgrad steigert sich, je aktiver die Teilnehmer an den Themen beteiligt sind. [spacer size=&#8220;20&#8243;] [spacer size=&#8220;20&#8243;] Wie funktioniert das PCS-Abstimmsystem? Die Frage Alle Teilnehmer erhalten zu Beginn des Symposiums eine drahtlose Abstimmeinheit. Die Referenten stellen dem Auditorium [&hellip;]<\/p>","protected":false},"author":1,"featured_media":45482,"parent":3618,"menu_order":158,"comment_status":"closed","ping_status":"open","template":"page-right-sidebar.php","meta":{"_acf_changed":false,"footnotes":""},"class_list":["post-1810","page","type-page","status-publish","has-post-thumbnail","hentry"],"acf":[],"_links":{"self":[{"href":"https:\/\/konferenztechnik.de\/ja\/wp-json\/wp\/v2\/pages\/1810","targetHints":{"allow":["GET"]}}],"collection":[{"href":"https:\/\/konferenztechnik.de\/ja\/wp-json\/wp\/v2\/pages"}],"about":[{"href":"https:\/\/konferenztechnik.de\/ja\/wp-json\/wp\/v2\/types\/page"}],"author":[{"embeddable":true,"href":"https:\/\/konferenztechnik.de\/ja\/wp-json\/wp\/v2\/users\/1"}],"replies":[{"embeddable":true,"href":"https:\/\/konferenztechnik.de\/ja\/wp-json\/wp\/v2\/comments?post=1810"}],"version-history":[{"count":0,"href":"https:\/\/konferenztechnik.de\/ja\/wp-json\/wp\/v2\/pages\/1810\/revisions"}],"up":[{"embeddable":true,"href":"https:\/\/konferenztechnik.de\/ja\/wp-json\/wp\/v2\/pages\/3618"}],"wp:featuredmedia":[{"embeddable":true,"href":"https:\/\/konferenztechnik.de\/ja\/wp-json\/wp\/v2\/media\/45482"}],"wp:attachment":[{"href":"https:\/\/konferenztechnik.de\/ja\/wp-json\/wp\/v2\/media?parent=1810"}],"curies":[{"name":"wp","href":"https:\/\/api.w.org\/{rel}","templated":true}]}}