{"id":18403,"date":"2021-09-23T15:21:14","date_gmt":"2021-09-23T14:21:14","guid":{"rendered":"https:\/\/www.konferenztechnik.de\/?page_id=18403"},"modified":"2023-07-05T10:49:31","modified_gmt":"2023-07-05T08:49:31","slug":"%e3%82%ba%e3%83%bc%e3%83%a0%e3%83%bb%e3%82%a4%e3%83%99%e3%83%b3%e3%83%88","status":"publish","type":"page","link":"https:\/\/konferenztechnik.de\/ja\/%e3%82%ba%e3%83%bc%e3%83%a0%e3%83%bb%e3%82%a4%e3%83%99%e3%83%b3%e3%83%88\/","title":{"rendered":"\u30ba\u30fc\u30e0\u30fb\u30a4\u30d9\u30f3\u30c8"},"content":{"rendered":"<div data-elementor-type=\"wp-page\" data-elementor-id=\"18403\" class=\"elementor elementor-18403\" data-elementor-post-type=\"page\">\n\t\t\t\t\t\t<section data-particle_enable=\"false\" data-particle-mobile-disabled=\"false\" class=\"elementor-section elementor-top-section elementor-element elementor-element-6d5079df elementor-section-boxed elementor-section-height-default elementor-section-height-default\" data-id=\"6d5079df\" data-element_type=\"section\">\n\t\t\t\t\t\t<div class=\"elementor-container elementor-column-gap-default\">\n\t\t\t\t\t<div class=\"elementor-column elementor-col-100 elementor-top-column elementor-element elementor-element-748553c3\" data-id=\"748553c3\" data-element_type=\"column\">\n\t\t\t<div class=\"elementor-widget-wrap elementor-element-populated\">\n\t\t\t\t\t\t<div class=\"elementor-element elementor-element-1b99b6e elementor-widget elementor-widget-text-editor\" data-id=\"1b99b6e\" data-element_type=\"widget\" data-widget_type=\"text-editor.default\">\n\t\t\t\t<div class=\"elementor-widget-container\">\n\t\t\t\t\t\t\t\t\t<h1>Zoom Events \u2013 Zoom Events\u30d7\u30e9\u30c3\u30c8\u30d5\u30a9\u30fc\u30e0\u3067\u30aa\u30f3\u30e9\u30a4\u30f3\u30a4\u30d9\u30f3\u30c8\u3092\u4f5c\u6210\u3001\u4e3b\u50ac\u3001\u7ba1\u7406...<\/h1>\n<img fetchpriority=\"high\" decoding=\"async\" class=\"alignleft size-full wp-image-18533\" src=\"https:\/\/konferenztechnik.de\/wp-content\/uploads\/2021\/09\/zoomevents-deutschland.png\" alt=\"\u30c9\u30a4\u30c4\u3067\u306eZoom\u30a4\u30d9\u30f3\u30c8\u3092\u4e88\u7d04\" width=\"1920\" height=\"865\" title=\"\" srcset=\"https:\/\/konferenztechnik.de\/wp-content\/uploads\/2021\/09\/zoomevents-deutschland.png 1920w, https:\/\/konferenztechnik.de\/wp-content\/uploads\/2021\/09\/zoomevents-deutschland-300x135.png 300w, https:\/\/konferenztechnik.de\/wp-content\/uploads\/2021\/09\/zoomevents-deutschland-1024x461.png 1024w, https:\/\/konferenztechnik.de\/wp-content\/uploads\/2021\/09\/zoomevents-deutschland-768x346.png 768w, https:\/\/konferenztechnik.de\/wp-content\/uploads\/2021\/09\/zoomevents-deutschland-1536x692.png 1536w\" sizes=\"(max-width: 1920px) 100vw, 1920px\" \/>\n\n<img decoding=\"async\" src=\"https:\/\/konferenztechnik.de\/wp-content\/uploads\/2021\/09\/ze-logo-300x43.png\" alt=\"\u30ba\u30fc\u30e0\u30fb\u30a4\u30d9\u30f3\u30c8\" width=\"300\" height=\"43\" title=\"\">\n\nZoom Events\u30d7\u30e9\u30c3\u30c8\u30d5\u30a9\u30fc\u30e0\u306f\u3001\u500b\u3005\u306e\u30d0\u30fc\u30c1\u30e3\u30eb\u4f53\u9a13\u3092\u7c21\u5358\u304b\u3064\u52b9\u7387\u7684\u306b\u5b9f\u65bd\u3059\u308b\u30cb\u30fc\u30ba\u3092\u6e80\u305f\u3059\u3002\n\nZoom Events\u306f\u3001\u69d8\u3005\u306a\u5f62\u5f0f\u3084\u898f\u6a21\u306e\u30d0\u30fc\u30c1\u30e3\u30eb\u30a4\u30d9\u30f3\u30c8\u3084\u30cf\u30a4\u30d6\u30ea\u30c3\u30c9\u30a4\u30d9\u30f3\u30c8\u306e\u305f\u3081\u306e\u30aa\u30fc\u30eb\u30a4\u30f3\u30ef\u30f3\u30d7\u30e9\u30c3\u30c8\u30d5\u30a9\u30fc\u30e0\u3067\u3059\u3002\u5f0a\u793e\u306f\u3001\u30a4\u30d9\u30f3\u30c8\u306e\u4f01\u753b\u30fb\u5236\u4f5c\u3092\u30b5\u30dd\u30fc\u30c8\u3057\u3001\u30c9\u30a4\u30c4\u306b\u3042\u308b\u30b5\u30fc\u30d0\u30fc\u306b\u3088\u308a\u3001\u30c7\u30fc\u30bf\u4fdd\u8b77\u898f\u5236\u3092\u9075\u5b88\u3057\u305f\u5b89\u5168\u306a\u30a4\u30d9\u30f3\u30c8\u306e\u5b9f\u65bd\u3092\u4fdd\u8a3c\u3057\u307e\u3059\u3002\n\nZoom Events\u306f\u3001\u30d0\u30fc\u30c1\u30e3\u30eb\u30a4\u30d9\u30f3\u30c8\u3084\u30cf\u30a4\u30d6\u30ea\u30c3\u30c9\u30a4\u30d9\u30f3\u30c8\u3092\u5b89\u5fc3\u3057\u3066\u4f5c\u6210\u3059\u308b\u305f\u3081\u306b\u5fc5\u8981\u306a\u3059\u3079\u3066\u3092\u63d0\u4f9b\u3057\u307e\u3059\u3002Zoom\u306e\u30a8\u30ad\u30b9\u30d1\u30fc\u30c8\u3068\u4e00\u7dd2\u306b\u30a4\u30d9\u30f3\u30c8\u3092\u4f5c\u6210\u3057\u3001\u6700\u9069\u5316\u3057\u3066\u304f\u3060\u3055\u3044\u3002GDPR\u306b\u6e96\u62e0\u3057\u305f\u30a4\u30f3\u30d5\u30e9\u3092\u63d0\u4f9b\u3057\u3001Zoom Meetings\u3001Zoom Webinars\u3001Zoom Events\u306b\u95a2\u3059\u308b\u30a2\u30c9\u30d0\u30a4\u30b9\u3068\u30b5\u30dd\u30fc\u30c8\u3092\u884c\u3044\u307e\u3059\u3002\n\nZoom Events\u3067\u3059\u3067\u306b\u53ef\u80fd\u306a\u3053\u3068\u306b\u3064\u3044\u3066\u306f\u3001\u5f53\u793e\u306e\u30a8\u30ad\u30b9\u30d1\u30fc\u30c8\u306b\u3054\u76f8\u8ac7\u304f\u3060\u3055\u3044\u3002\n<div class=\"box1-4\" style=\"margin-bottom: 0!important; margin-top: 0px;\"><b><span class=\"pcs-color\">\u30b3\u30f3\u30b5\u30eb\u30c6\u30a3\u30f3\u30b0\u3068\u30d7\u30e9\u30f3\u30cb\u30f3\u30b0<\/span><\/b>\n<img decoding=\"async\" class=\"alignleft size-full wp-image-18690\" src=\"https:\/\/konferenztechnik.de\/wp-content\/uploads\/2021\/11\/Christian-becker-pcs-gmbh-foto-thomas-arendt-1.jpg\" alt=\"\u30af\u30ea\u30b9\u30c1\u30e3\u30f3\u30fb\u30d9\u30c3\u30ab\u30fc - PCS\u793e\" title=\"\"><\/div>\n<div><\/div>\n<div><\/div>\n<div><\/div>\n<div><\/div>\n<div><\/div>\n<div><\/div>\n<div><\/div>\n<div><\/div>\n<div><\/div>\n<div><\/div>\n<div><\/div>\n<div><\/div>\n<div><\/div>\n<div><\/div>\n<div><\/div>\n<div><\/div>\n<div><\/div>\n<div><\/div>\n<div><\/div>\n<div><\/div>\n<div><\/div>\n<div><\/div>\n<div><\/div>\n<div class=\"box1-4\" style=\"margin-bottom: 0!important; margin-top: 0px;\">\u304a\u96fb\u8a71\u304f\u3060\u3055\u3044\uff01\n<a href=\"tel:08007274624\"><b>0800 727 46 24<\/b><\/a>\n\u307e\u305f\u306fE\u30e1\u30fc\u30eb\u306b\u3066\u3054\u9023\u7d61\u304f\u3060\u3055\u3044\uff1a\n<span class=\"volleansicht\"><a href=\"mailto:info@konferenztechnik.de\">info@konferenztechnik.de<\/a>\n<\/span>\n<span class=\"mobileansicht\"><a href=\"mailto:info@konferenztechnik.de\">\u66f8\u304f<\/a>\n<\/span><\/div>\n<div id=\"newscontainer\">\n<div class=\"newskasten\"><img decoding=\"async\" class=\"alignleft size-medium wp-image-18461\" src=\"https:\/\/konferenztechnik.de\/wp-content\/uploads\/2021\/09\/datensicherheit-300x221.png\" alt=\"Zoom Events - PCS\u3067\u30c7\u30fc\u30bf\u3092\u4fdd\u8b77\" width=\"300\" height=\"221\" title=\"\" srcset=\"https:\/\/konferenztechnik.de\/wp-content\/uploads\/2021\/09\/datensicherheit-300x221.png 300w, https:\/\/konferenztechnik.de\/wp-content\/uploads\/2021\/09\/datensicherheit.png 336w\" sizes=\"(max-width: 300px) 100vw, 300px\" \/>\n<h3 class=\"pcs-color\"><strong>\u30c7\u30fc\u30bf\u30fb\u30bb\u30ad\u30e5\u30ea\u30c6\u30a3<\/strong><\/h3>\nPCS\u30c7\u30fc\u30bf\u4fdd\u8b77\u306e\u5c02\u9580\u5bb6\u306b\u3088\u308b\u76e3\u8996\u3068\u6587\u66f8\u5316\n\n<\/div>\n<div class=\"newskasten\"><img loading=\"lazy\" decoding=\"async\" class=\"alignleft size-medium wp-image-18494\" src=\"https:\/\/konferenztechnik.de\/wp-content\/uploads\/2021\/09\/zoom-dsvgo-1-300x221.png\" alt=\"Zoom Events - \u30c7\u30fc\u30bf\u4fdd\u8b77\u3001GDPR\u306b\u6e96\u62e0\" width=\"300\" height=\"221\" title=\"\" srcset=\"https:\/\/konferenztechnik.de\/wp-content\/uploads\/2021\/09\/zoom-dsvgo-1-300x221.png 300w, https:\/\/konferenztechnik.de\/wp-content\/uploads\/2021\/09\/zoom-dsvgo-1.png 336w\" sizes=\"(max-width: 300px) 100vw, 300px\" \/>\n<h3 class=\"pcs-color\"><strong>\u30c7\u30fc\u30bf\u4fdd\u8b77\u306b\u6e96\u62e0<\/strong><\/h3>\n\u30c9\u30a4\u30c4\u304a\u3088\u3073\u6b27\u5dde\u306e\u30c7\u30fc\u30bf\u4fdd\u8b77\u6cd5\u306b\u5f93\u3044\u3001\u30c9\u30a4\u30c4\u306e\u30b5\u30fc\u30d0\u30fc\u4e0a\u3067\u4f1a\u8b70\u3092\u958b\u50ac\u3059\u308b\u3002\n\n<\/div>\n<div class=\"newskasten\"><img loading=\"lazy\" decoding=\"async\" class=\"alignleft size-medium wp-image-18479\" src=\"https:\/\/konferenztechnik.de\/wp-content\/uploads\/2021\/09\/anmeldung-300x221.png\" alt=\"\u30ba\u30fc\u30e0\u30fb\u30a4\u30d9\u30f3\u30c8 - \u30c1\u30b1\u30c3\u30c8\u3001\u767b\u9332\" width=\"300\" height=\"221\" title=\"\" srcset=\"https:\/\/konferenztechnik.de\/wp-content\/uploads\/2021\/09\/anmeldung-300x221.png 300w, https:\/\/konferenztechnik.de\/wp-content\/uploads\/2021\/09\/anmeldung.png 336w\" sizes=\"(max-width: 300px) 100vw, 300px\" \/>\n<h3 class=\"pcs-color\"><strong>\u30c1\u30b1\u30c3\u30c8\u3001\u767b\u9332<\/strong><\/h3>\n\u591a\u5f69\u3067\u5305\u62ec\u7684\u306a\u30ed\u30b0\u30a4\u30f3\u30b7\u30b9\u30c6\u30e0\u3092\u7d71\u5408\n\n<\/div>\n<div class=\"newskasten\"><img loading=\"lazy\" decoding=\"async\" class=\"alignleft size-medium wp-image-18507\" src=\"https:\/\/konferenztechnik.de\/wp-content\/uploads\/2021\/09\/flexible-300x221.png\" alt=\"\u30ba\u30fc\u30e0\u30fb\u30a4\u30d9\u30f3\u30c8 - \u67d4\u8edf\u306a\u62e1\u5f35\u6027\" width=\"300\" height=\"221\" title=\"\">\n<h3 class=\"pcs-color\"><strong>\u67d4\u8edf\u6027\u3068\u62e1\u5f35\u6027<\/strong><\/h3>\n\u5e45\u5e83\u3044\u30d5\u30a9\u30fc\u30de\u30c3\u30c8\u3068\u30b5\u30a4\u30ba\u3092\u30ab\u30d0\u30fc\n\n<\/div>\n<div class=\"newskasten\"><img loading=\"lazy\" decoding=\"async\" class=\"alignleft size-medium wp-image-18498\" src=\"https:\/\/konferenztechnik.de\/wp-content\/uploads\/2021\/09\/allinone-300x221.png\" alt=\"\u30ba\u30fc\u30e0\u30a4\u30d9\u30f3\u30c8 - PCS konferenztechnik.de\u3067\u4e88\u7d04\" width=\"300\" height=\"221\" title=\"\">\n<h3 class=\"pcs-color\"><strong>\u5358\u4e00\u30bd\u30fc\u30b9\u306b\u3088\u308b\u6700\u9ad8\u306e\u54c1\u8cea<\/strong><\/h3>\n\u6700\u9069\u306a\u4f1d\u9001\u54c1\u8cea\u3068\u5b8c\u5168\u306a\u30a4\u30d9\u30f3\u30c8\u30fb\u30d7\u30e9\u30c3\u30c8\u30d5\u30a9\u30fc\u30e0\n\n<\/div>\n<\/div>\n<div style=\"background-color: #f7f7f7; padding-left: 20px; padding-right: 20px; padding-top: 30px;\">\n<h3><strong>\u767b\u9332\u3068\u30c1\u30b1\u30c3\u30c8\u7ba1\u7406<\/strong><\/h3>\n\u53c2\u52a0\u8005\u306e\u7c21\u5358\u306a\u767b\u9332\u3068\u30c1\u30b1\u30c3\u30c8\u767a\u5238\u304c\u7d71\u5408\u3055\u308c\u3066\u3044\u307e\u3059\u3002\u7121\u6599\u30fb\u6709\u6599\u30c1\u30b1\u30c3\u30c8\u306e\u679a\u6570\u3092\u8a2d\u5b9a\u3057\u305f\u308a\u3001\u30b0\u30eb\u30fc\u30d7\u8cfc\u5165\u3001\u30ae\u30d5\u30c8\u30aa\u30d7\u30b7\u30e7\u30f3\u3001\u5bc4\u4ed8\u3092\u53ef\u80fd\u306b\u3059\u308b\u3053\u3068\u304c\u3067\u304d\u307e\u3059\u3002\u767b\u9332\u3068\u767a\u5238\u306f\u30d1\u30fc\u30bd\u30ca\u30e9\u30a4\u30ba\u3067\u304d\u307e\u3059\u3002\n<h3><strong>\u516c\u7684\u30fb\u79c1\u7684\u30a4\u30d9\u30f3\u30c8<\/strong><\/h3>\n\u7121\u6599\u30fb\u6709\u6599\u3092\u554f\u308f\u305a\u3001\u516c\u7684\u306a\u30a4\u30d9\u30f3\u30c8\u304b\u3089\u30d7\u30e9\u30a4\u30d9\u30fc\u30c8\u306a\u30a4\u30d9\u30f3\u30c8\u307e\u3067\u4f01\u753b\u3059\u308b\u3053\u3068\u304c\u3067\u304d\u307e\u3059\u3002\n<h3><strong>\u591a\u5f69\u306a\u30a4\u30d9\u30f3\u30c8\u5f62\u5f0f<\/strong><\/h3>\n\u500b\u5225\u30a4\u30d9\u30f3\u30c8\u3001\u9023\u7d9a\u30a4\u30d9\u30f3\u30c8\u3001\u8907\u6570\u30bb\u30c3\u30b7\u30e7\u30f3\u3001\u4e26\u884c\u30df\u30fc\u30c6\u30a3\u30f3\u30b0\u3092\u4f01\u753b\u3002\u3082\u3061\u308d\u3093\u3001\u30a4\u30d9\u30f3\u30c8\u7d42\u4e86\u5f8c\u306b\u9332\u753b\u3092\u516c\u958b\u3059\u308b\u30aa\u30d7\u30b7\u30e7\u30f3\u3082\u3042\u308a\u307e\u3059\u3002\u30a4\u30d9\u30f3\u30c8\u3092\u30e9\u30a4\u30d6\u307e\u305f\u306f\u30aa\u30f3\u30c7\u30de\u30f3\u30c9\u306e\u3069\u3061\u3089\u3067\u8996\u8074\u53ef\u80fd\u306b\u3059\u308b\u304b\u306f\u3001\u4e00\u822c\u7684\u306b\u304a\u5ba2\u69d8\u304c\u6c7a\u3081\u308b\u3053\u3068\u304c\u3067\u304d\u307e\u3059\u3002\n<h3><strong>\u30ed\u30d3\u30fc\u3001\u30e9\u30f3\u30c7\u30a3\u30f3\u30b0\u30da\u30fc\u30b8\u3001\u30a4\u30d9\u30f3\u30c8\u30cf\u30d6<\/strong><\/h3>\nZoom Events\u3067\u306f\u3001\u30a4\u30d9\u30f3\u30c8\u306e\u30b9\u30bf\u30fc\u30c8\u30dd\u30a4\u30f3\u30c8\uff08\u30e9\u30f3\u30c7\u30a3\u30f3\u30b0\u30da\u30fc\u30b8\u3001\u30a4\u30d9\u30f3\u30c8\u30cf\u30d6\uff09\u3092\u7c21\u5358\u306b\u4f5c\u6210\u3059\u308b\u3053\u3068\u304c\u3067\u304d\u307e\u3059\u3002\u307e\u305f\u3001\u3053\u308c\u3089\u306f\u516c\u958b\u307e\u305f\u306f\u975e\u516c\u958b\u306b\u3059\u308b\u3053\u3068\u304c\u3067\u304d\u3001\u500b\u5225\u306eURL\u3092\u4f7f\u7528\u3059\u308b\u3053\u3068\u3082\u3067\u304d\u307e\u3059\u3002\n<h3><strong>\u4ea4\u6d41\u3001\u30cd\u30c3\u30c8\u30ef\u30fc\u30ad\u30f3\u30b0<\/strong><\/h3>\n\u53c2\u52a0\u8005\u5168\u54e1\u304c\u30ed\u30d3\u30fc\u3067\u30cd\u30c3\u30c8\u30ef\u30fc\u30af\u3092\u4f5c\u308a\u3001\u30b9\u30dd\u30f3\u30b5\u30fc\u3084\u51fa\u5c55\u8005\u3068\u8ac7\u7b11\u3057\u3001\u9023\u7d61\u5148\u3092\u4ea4\u63db\u3059\u308b\u3053\u3068\u304c\u3067\u304d\u308b\u3002\n<h3><strong>\u5354\u529b\u3068\u5354\u8abf<\/strong><\/h3>\nMiro\u30dc\u30fc\u30c9\u3001Trello\u3001Mentimeter\u3060\u3051\u3067\u306a\u304f\u3001Microsoft Teams\u3001Slack\u3001Google Workspace\u306a\u3069\u3001\u30b3\u30e9\u30dc\u30ec\u30fc\u30b7\u30e7\u30f3\u3092\u4fc3\u9032\u3059\u308b\u3055\u307e\u3056\u307e\u306a\u30a2\u30d7\u30ea\u3092\u7d71\u5408\u3059\u308b\u3002Zoom\u81ea\u8eab\u3082\u72ec\u81ea\u306e\u9ad8\u54c1\u8cea\u30db\u30ef\u30a4\u30c8\u30dc\u30fc\u30c9\u306e\u958b\u767a\u3092\u767a\u8868\u3057\u3066\u304a\u308a\uff0813\/09\/2021\uff09\u3001\u5c06\u6765\u7684\u306b\u306fVR\u30b3\u30e9\u30dc\u30ec\u30fc\u30b7\u30e7\u30f3\u3082\u53ef\u80fd\u306b\u306a\u308b\u3060\u308d\u3046\u3002\n<h3><strong>\u591a\u8a00\u8a9e<\/strong><\/h3>\nZoom Events\u3067\u30d0\u30fc\u30c1\u30e3\u30eb\u30a4\u30d9\u30f3\u30c8\u3067\u306e\u591a\u8a00\u8a9e\u540c\u6642\u901a\u8a33\u3092\u53ef\u80fd\u306b\u3057\u307e\u3059\u3002\n<h3><strong>\u6587\u66f8\u5316\u3068\u8a55\u4fa1<\/strong><\/h3>\n\u767b\u9332\u8005\u6570\u3001\u6765\u5834\u8005\u6570\u3001\u30c1\u30b1\u30c3\u30c8\u58f2\u4e0a\u3001\u53ce\u76ca\u3092\u8ffd\u8de1\u3057\u3001\u8a18\u9332\u3059\u308b\u3053\u3068\u304c\u3067\u304d\u307e\u3059\u3002Zoom Events\u306f\u3001\u30a4\u30d9\u30f3\u30c8\u306e\u8a55\u4fa1\u3068\u6539\u5584\u306b\u5f79\u7acb\u3064\u5206\u6790\u3092\u63d0\u4f9b\u3057\u307e\u3059\u3002\n\n<\/div>\n<h2><strong>\u30c7\u30fc\u30bf\u4fdd\u8b77\u898f\u5247\u3092\u9075\u5b88\u3057\u305fZoom\u30a4\u30d9\u30f3\u30c8\u306e\u958b\u50ac<\/strong><\/h2>\nZoom Events\u306f\u3001Zoom\u306e\u4fe1\u983c\u6027\u306e\u9ad8\u3044\u30d3\u30c7\u30aa\u3068\u30c1\u30e3\u30c3\u30c8\u306e\u6280\u8853\u306b\u57fa\u3065\u3044\u3066\u3044\u307e\u3059\u3002\u79c1\u305f\u3061\u306f\u3001Zoom\u306e\u30c6\u30af\u30ce\u30ed\u30b8\u30fc\u3068\u30a4\u30f3\u30d5\u30e9\u3092\u5e02\u5834\u3067\u6700\u3082\u9ad8\u54c1\u8cea\u3067\u4fe1\u983c\u6027\u306e\u9ad8\u3044\u3082\u306e\u3068\u8a55\u4fa1\u3057\u3001\u30c9\u30a4\u30c4\u306b\u3042\u308b\u72ec\u81ea\u306eZoom\u30b5\u30fc\u30d0\u30fc\u3092\u4f7f\u7528\u3057\u3066\u3001\u30c9\u30a4\u30c4\u306e\u30c7\u30fc\u30bf\u4fdd\u8b77\u6cd5\u306b\u53b3\u5bc6\u306b\u6e96\u62e0\u3057\u305fGDPR\u5bfe\u5fdc\u306e\u30d0\u30fc\u30c1\u30e3\u30eb\u30a4\u30d9\u30f3\u30c8\u3068\u30cf\u30a4\u30d6\u30ea\u30c3\u30c9\u30a4\u30d9\u30f3\u30c8\u3092\u63d0\u4f9b\u3057\u3066\u3044\u307e\u3059\u3002\n<h2><strong>PCS\u306fZoom\u30a4\u30d9\u30f3\u30c8\u30d7\u30ed\u30d0\u30a4\u30c0\u30fc\u3067\u3059<\/strong><\/h2>\nZoom\u306e\u8c4a\u5bcc\u306a\u30e9\u30a4\u30bb\u30f3\u30b9\u3092\u30a4\u30d9\u30f3\u30c8\u306b\u3054\u5229\u7528\u304f\u3060\u3055\u3044\u3002\u5f0a\u793e\u306e\u30a8\u30ad\u30b9\u30d1\u30fc\u30c8\u304c\u30bb\u30c3\u30c8\u30a2\u30c3\u30d7\u3001\u30db\u30b9\u30c6\u30a3\u30f3\u30b0\u3001\u30d1\u30fc\u30bd\u30ca\u30e9\u30a4\u30ba\u3092\u30b5\u30dd\u30fc\u30c8\u3057\u3001\u3069\u3093\u306a\u8cea\u554f\u306b\u3082\u304a\u7b54\u3048\u3057\u307e\u3059\u3002\u3082\u3061\u308d\u3093\u3001\u3059\u3067\u306bZoom Events\u306e\u30e9\u30a4\u30bb\u30f3\u30b9\u3092\u304a\u6301\u3061\u306e\u5834\u5408\u3082\u30b5\u30dd\u30fc\u30c8\u3044\u305f\u3057\u307e\u3059\u3002\n\nZoom Events\u3092\u77e5\u308b\u3002Zoom Events\u3092\u7c21\u5358\u306b\u3054\u7d39\u4ecb\u3044\u305f\u3057\u307e\u3059\u3002\u307e\u305f\u3001\u30c7\u30e2\u306e\u3054\u4e88\u7d04\u3082\u627f\u3063\u3066\u304a\u308a\u307e\u3059\u3002\n\nZoom Events\u3067\u4f55\u304c\u53ef\u80fd\u304b\u3001\u79c1\u305f\u3061\u306e\u30a8\u30ad\u30b9\u30d1\u30fc\u30c8\u306b\u3054\u76f8\u8ac7\u304f\u3060\u3055\u3044\u3002\n<h2><b>\u3053\u3061\u3089\u3082\u3054\u8208\u5473\u304c\u3042\u308b\u304b\u3082\u3057\u308c\u307e\u305b\u3093\u3002<\/b><\/h2>\n<a title=\"\u30cf\u30a4\u30d6\u30ea\u30c3\u30c9\u30fb\u30a4\u30d9\u30f3\u30c8\" href=\"\/ja\/%e3%83%8f%e3%82%a4%e3%83%96%e3%83%aa%e3%83%83%e3%83%89%e3%83%bb%e3%82%a4%e3%83%99%e3%83%b3%e3%83%88\/\">\u30cf\u30a4\u30d6\u30ea\u30c3\u30c9\u30fb\u30a4\u30d9\u30f3\u30c8<\/a>\n<a title=\"\u67d4\u8edf\u306a\u30a4\u30d9\u30f3\u30c8\u30b3\u30f3\u30bb\u30d7\u30c8\" href=\"\/ja\/%e6%9f%94%e8%bb%9f%e3%81%aa%e3%82%a4%e3%83%99%e3%83%b3%e3%83%88%e3%82%b3%e3%83%b3%e3%82%bb%e3%83%97%e3%83%88\/\">\u67d4\u8edf\u306a\u30a4\u30d9\u30f3\u30c8\u30b3\u30f3\u30bb\u30d7\u30c8<\/a>\n<a href=\"https:\/\/konferenztechnik.de\/ja\/%e9%81%a0%e9%9a%94%e9%80%9a%e8%a8%b3\/\">\u9060\u9694\u901a\u8a33\u3001\u30cf\u30d6\u3001\u30b9\u30bf\u30b8\u30aa<\/a>\n\n\n<a href=\"https:\/\/konferenztechnik.de\/ja\/%e3%83%93%e3%83%87%e3%82%aa%e4%bc%9a%e8%ad%b0\/\">\u30d3\u30c7\u30aa\u4f1a\u8b70\u30b7\u30b9\u30c6\u30e0<\/a>\n<a href=\"https:\/\/konferenztechnik.de\/ja\/%e3%83%ac%e3%83%b3%e3%82%bf%e3%83%ab%e3%82%b9%e3%83%88%e3%83%aa%e3%83%bc%e3%83%9f%e3%83%b3%e3%82%b0%e6%8a%80%e8%a1%93\/\">\u30b9\u30c8\u30ea\u30fc\u30df\u30f3\u30b0\u6280\u8853\u306e\u63a1\u7528<\/a>\n<a href=\"https:\/\/konferenztechnik.de\/ja\/%e4%bc%9a%e8%ad%b0%e6%a9%9f%e5%99%a8%e3%83%ac%e3%83%b3%e3%82%bf%e3%83%ab\/%e3%83%97%e3%83%ad%e3%82%b8%e3%82%a7%e3%82%af%e3%82%bf%e3%83%bc\/\">\u30aa\u30fc\u30c7\u30a3\u30aa\u3001\u30d3\u30c7\u30aa\u3001\u4f1d\u9001\u6280\u8853<\/a>\n<div class=\"box1-4 medium-size-txt\" style=\"margin-bottom: 0!important;\">\n<h2><b><span class=\"pcs-color medium-size-txt\">\u30a4\u30d9\u30f3\u30c8\u306e\u5c02\u9580\u5bb6<\/span><\/b><\/h2>\nZoom Events\u306e\u30a8\u30ad\u30b9\u30d1\u30fc\u30c8\u304c\u3001\u304a\u5ba2\u69d8\u306e\u3054\u8cea\u554f\u306b\u304a\u7b54\u3048\u3057\u3001\u30a2\u30c9\u30d0\u30a4\u30b9\u3057\u3001\u500b\u5225\u306e\u304a\u898b\u7a4d\u3082\u308a\u3084\u30d7\u30ed\u30b8\u30a7\u30af\u30c8\u8a08\u753b\u3092\u4f5c\u6210\u3044\u305f\u3057\u307e\u3059\u3002\n\n<img loading=\"lazy\" decoding=\"async\" class=\"alignleft size-full wp-image-18120\" src=\"https:\/\/konferenztechnik.de\/wp-content\/uploads\/2021\/08\/Sebastian-Meyer-PCS-GmbH-konferenztechnik-small.jpg\" alt=\"\u30bb\u30d0\u30b9\u30c1\u30e3\u30f3\u30fb\u30de\u30a4\u30e4\u30fc - PCS-GmbH - \u30d7\u30ed\u30b8\u30a7\u30af\u30c8\u8a08\u753b\" width=\"150\" height=\"150\" title=\"\">\n<img loading=\"lazy\" decoding=\"async\" class=\"alignleft size-full wp-image-17771\" src=\"https:\/\/konferenztechnik.de\/wp-content\/uploads\/2021\/06\/christian-becker-pcs-gmbh.jpg\" alt=\"\u30af\u30ea\u30b9\u30c1\u30e3\u30f3\u30fb\u30d9\u30c3\u30ab\u30fc - PCS GmbH - \u30a4\u30d9\u30f3\u30c8\u4f01\u753b\" width=\"150\" height=\"150\" title=\"\">\n<img loading=\"lazy\" decoding=\"async\" class=\"alignleft size-full wp-image-17774\" src=\"https:\/\/konferenztechnik.de\/wp-content\/uploads\/2021\/06\/sebastian-gegusch-pcs-gmbh.jpg\" alt=\"\u30bb\u30d0\u30b9\u30c1\u30e3\u30f3\u30fb\u30b2\u30b0\u30b7\u30e5 - PCS GmbH - \u30d7\u30ed\u30b8\u30a7\u30af\u30c8\u8a08\u753b\" width=\"150\" height=\"150\" title=\"\">\n\n<span class=\"medium-size-txt\">\n\u304a\u96fb\u8a71\u304f\u3060\u3055\u3044\uff01\n<a href=\"tel:08007274624\"><b>0800 727 46 24<\/b><\/a><\/span>\n\n\u96fb\u5b50\u30e1\u30fc\u30eb\u306b\u3066\u3054\u9023\u7d61\u304f\u3060\u3055\u3044\uff1a\n<span class=\"volleansicht\"><a href=\"mailto:info@konferenztechnik.de\">info@konferenztechnik.de<\/a>\n<\/span>\n<span class=\"mobileansicht\"><a href=\"mailto:info@konferenztechnik.de\">\u66f8\u304f<\/a>\n<\/span>\n\n\u30c1\u30e3\u30c3\u30c8\u307e\u305f\u306f\u30b3\u30fc\u30eb\u30d0\u30c3\u30af\u30b5\u30fc\u30d3\u30b9\n<h2>\u30b3\u30fc\u30eb\u30d0\u30c3\u30af\u306e\u624b\u914d<\/h2>\n<\/div>\t\t\t\t\t\t\t\t<\/div>\n\t\t\t\t<\/div>\n\t\t\t\t\t<\/div>\n\t\t<\/div>\n\t\t\t\t\t<\/div>\n\t\t<\/section>\n\t\t\t\t<\/div>","protected":false},"excerpt":{"rendered":"<p>Zoom Events \u2013 Online-Events erstellen, hosten und verwalten mit der Zoom Events-Plattform Die Zoom Events-Plattform erf\u00fcllt die Bed\u00fcrfnisse, individuelle virtuelle Erlebnisse einfach und effizient durchzuf\u00fchren. Zoom Events ist eine All-in-one-Plattform f\u00fcr virtuelle und hybride Events unterschiedlichster Formate und Gr\u00f6\u00dfenordnungen. Wir unterst\u00fctzen Sie bei der Planung und Erstellung und sorgen mit unseren Servern in Deutschland f\u00fcr eine datenschutzkonforme und sichere Durchf\u00fchrung. Zoom Events bietet alles, was Sie ben\u00f6tigen, um souver\u00e4n virtuelle oder hybride Events zu erstellen. Arbeiten Sie mit unseren Zoom-Experten zusammen, um Ihre Veranstaltung zu erstellen und zu optimieren. Wir stellen Ihnen eine DSGVO-konforme Infrastruktur bereit und beraten und unterst\u00fctzen Sie bei Zoom Meetings, Zoom Webinaren und Zoom Events. Sprechen [&hellip;]<\/p>","protected":false},"author":1,"featured_media":45482,"parent":0,"menu_order":0,"comment_status":"closed","ping_status":"closed","template":"","meta":{"_acf_changed":false,"footnotes":""},"class_list":["post-18403","page","type-page","status-publish","has-post-thumbnail","hentry"],"acf":[],"_links":{"self":[{"href":"https:\/\/konferenztechnik.de\/ja\/wp-json\/wp\/v2\/pages\/18403","targetHints":{"allow":["GET"]}}],"collection":[{"href":"https:\/\/konferenztechnik.de\/ja\/wp-json\/wp\/v2\/pages"}],"about":[{"href":"https:\/\/konferenztechnik.de\/ja\/wp-json\/wp\/v2\/types\/page"}],"author":[{"embeddable":true,"href":"https:\/\/konferenztechnik.de\/ja\/wp-json\/wp\/v2\/users\/1"}],"replies":[{"embeddable":true,"href":"https:\/\/konferenztechnik.de\/ja\/wp-json\/wp\/v2\/comments?post=18403"}],"version-history":[{"count":0,"href":"https:\/\/konferenztechnik.de\/ja\/wp-json\/wp\/v2\/pages\/18403\/revisions"}],"wp:featuredmedia":[{"embeddable":true,"href":"https:\/\/konferenztechnik.de\/ja\/wp-json\/wp\/v2\/media\/45482"}],"wp:attachment":[{"href":"https:\/\/konferenztechnik.de\/ja\/wp-json\/wp\/v2\/media?parent=18403"}],"curies":[{"name":"wp","href":"https:\/\/api.w.org\/{rel}","templated":true}]}}