{"id":18584,"date":"2021-10-05T11:33:23","date_gmt":"2021-10-05T10:33:23","guid":{"rendered":"https:\/\/www.konferenztechnik.de\/?page_id=18584"},"modified":"2023-09-01T11:51:05","modified_gmt":"2023-09-01T09:51:05","slug":"%e4%bc%9a%e8%ad%b0%e6%8a%80%e8%a1%93%e3%81%8a%e3%82%88%e3%81%b3%e3%82%a4%e3%83%99%e3%83%b3%e3%83%88%e5%88%86%e9%87%8e%e3%81%ab%e3%81%8a%e3%81%91%e3%82%8b%e3%83%97%e3%83%ad%e3%82%b8%e3%82%a7%e3%82%af","status":"publish","type":"page","link":"https:\/\/konferenztechnik.de\/ja\/%e4%bc%9a%e8%ad%b0%e6%8a%80%e8%a1%93%e3%81%8a%e3%82%88%e3%81%b3%e3%82%a4%e3%83%99%e3%83%b3%e3%83%88%e5%88%86%e9%87%8e%e3%81%ab%e3%81%8a%e3%81%91%e3%82%8b%e3%83%97%e3%83%ad%e3%82%b8%e3%82%a7%e3%82%af\/","title":{"rendered":"\u4f1a\u8b70\u6280\u8853\u304a\u3088\u3073\u30a4\u30d9\u30f3\u30c8\u5206\u91ce\u306b\u304a\u3051\u308b\u30d7\u30ed\u30b8\u30a7\u30af\u30c8\u30fb\u30d7\u30e9\u30f3\u30ca\u30fc(f\/m)"},"content":{"rendered":"<p>[column size=\"3-4\u2033 last=\"0\u2033] \u3002<br \/>\n[note color=\"#FFCC00\u2033]<br \/>\n[spacer size=\"20\u2033]<br \/>\n\u30dd\u30b8\u30b7\u30e7\u30f3\u306f\u57cb\u307e\u308a\u307e\u3057\u305f\u3002\u3054\u5fdc\u52df\u3042\u308a\u304c\u3068\u3046\u3054\u3056\u3044\u307e\u3057\u305f\uff01<br \/>\n[spacer size=\"20\u2033]<br \/>\n\u6ce8<\/p>\n<h1><strong>\u4f1a\u8b70\u6280\u8853\u304a\u3088\u3073\u30a4\u30d9\u30f3\u30c8\u5206\u91ce\u306b\u304a\u3051\u308b\u30d7\u30ed\u30b8\u30a7\u30af\u30c8\u30fb\u30d7\u30e9\u30f3\u30ca\u30fc(f\/m)\u3092\u52df\u96c6\u3057\u3066\u3044\u307e\u3059\u3002<\/strong><\/h1>\n<p>\u4f1a\u8b70\u3001\u540c\u6642\u6280\u8853\u3001\u30a4\u30d9\u30f3\u30c8\u5206\u91ce\u306b\u304a\u3051\u308b\u30d7\u30ed\u30b8\u30a7\u30af\u30c8\u30fb\u30d7\u30e9\u30f3\u30ca\u30fc(f\/m)\u3092\u52df\u96c6\u3057\u3066\u3044\u307e\u3059\u3002<\/p>\n<h2><strong>\u3042\u306a\u305f\u306e\u4ed5\u4e8b<\/strong><\/h2>\n<ul>\n<li>\u5f53\u793e\u30d7\u30ed\u30b8\u30a7\u30af\u30c8\u306e\u5c02\u9580\u7684\u306a\u4f01\u753b\u696d\u52d9\u3092\u62c5\u5f53\u3057\u3066\u3044\u305f\u3060\u304d\u307e\u3059\u3002<\/li>\n<li>\u30d7\u30ed\u30b8\u30a7\u30af\u30c8\u524d\u3001\u30d7\u30ed\u30b8\u30a7\u30af\u30c8\u4e2d\u3001\u30d7\u30ed\u30b8\u30a7\u30af\u30c8\u5f8c\u306e\u30d7\u30ed\u30bb\u30b9\u3092\u7d44\u7e54\u3057\u3001\u7ba1\u7406\u3059\u308b\uff1a\u6280\u8853\u8a08\u753b\u3001\u4eba\u54e1\u8a08\u753b\u3001\u8eca\u4e21\u30ed\u30b8\u30b9\u30c6\u30a3\u30af\u30b9\u3001\u5546\u54c1\u8fd4\u5374\u3001\u30d6\u30ea\u30fc\u30d5\u30a3\u30f3\u30b0\u306a\u3069\u3002<\/li>\n<li>EasyJob\u30d7\u30ed\u30b8\u30a7\u30af\u30c8\u30bd\u30d5\u30c8\u30a6\u30a7\u30a2\u3067\u3001\u30d7\u30ed\u30b8\u30a7\u30af\u30c8\u306e\u8cc7\u6750\u3084\u30ea\u30bd\u30fc\u30b9\uff08\u6280\u8853\u8005\u3001\u8eca\u4e21\uff09\u3092\u8a08\u753b\u3057\u307e\u3059\u3002<\/li>\n<li>\u5404\u652f\u5e97\u9593\u306e\u30b9\u30e0\u30fc\u30ba\u306a\u5546\u54c1\u306e\u3084\u308a\u53d6\u308a\u3092\u4f01\u753b\u30fb\u76e3\u8996\u3057\u3001\u73fe\u5728\u9032\u884c\u4e2d\u304a\u3088\u3073\u4eca\u5f8c\u4e88\u5b9a\u3055\u308c\u3066\u3044\u308b\u3059\u3079\u3066\u306e\u30d7\u30ed\u30b8\u30a7\u30af\u30c8\u306b\u5fc5\u8981\u306a\u8cc7\u6e90\u3084\u8cc7\u6750\u3092\u78ba\u4fdd\u3057\u307e\u3059\u3002<\/li>\n<li>\u304a\u5ba2\u69d8\u3084\u30d1\u30fc\u30c8\u30ca\u30fc\u3068\u306e\u7a93\u53e3\u3067\u3042\u308b\u3068\u540c\u6642\u306b\u3001\u793e\u5185\u306e\u6280\u8853\u8005\u3001\u30d7\u30ed\u30b8\u30a7\u30af\u30c8\u30fb\u30d7\u30e9\u30f3\u30ca\u30fc\u3001\u5009\u5eab\u30ed\u30b8\u30b9\u30c6\u30a3\u30af\u30b9\u306e\u30b9\u30da\u30b7\u30e3\u30ea\u30b9\u30c8\u3068\u306e\u7a93\u53e3\u3067\u3082\u3042\u308a\u307e\u3059\u3002<\/li>\n<\/ul>\n<p>[\u30b3\u30e9\u30e0\uff3d<br \/>\n[column size=\"1-4\u2033 last=\"1\u2033\uff3d\u3002<\/p>\n<div class=\"box1-4\" style=\"margin-bottom: 0!important; margin-top:50px\">\n<b><span class=\"pcs-color\">\u7533\u3057\u8fbc\u307f\u3068\u554f\u3044\u5408\u308f\u305b<\/span><\/b><br \/>\n<img fetchpriority=\"high\" decoding=\"async\" width=\"800\" height=\"533\" src=\"https:\/\/konferenztechnik.de\/wp-content\/uploads\/2013\/09\/thorsten_geissler_pcs-gmbh.jpg\" alt=\"\u30c8\u30fc\u30b9\u30c6\u30f3\u30fb\u30ac\u30a4\u30b9\u30e9\u30fc\" class=\"alignleft size-full wp-image-2317\" title=\"\" srcset=\"https:\/\/konferenztechnik.de\/wp-content\/uploads\/2013\/09\/thorsten_geissler_pcs-gmbh.jpg 800w, https:\/\/konferenztechnik.de\/wp-content\/uploads\/2013\/09\/thorsten_geissler_pcs-gmbh-300x200.jpg 300w, https:\/\/konferenztechnik.de\/wp-content\/uploads\/2013\/09\/thorsten_geissler_pcs-gmbh-768x512.jpg 768w\" sizes=\"(max-width: 800px) 100vw, 800px\" \/><\/p>\n<p>\u30c8\u30fc\u30b9\u30c6\u30f3\u30fb\u30ac\u30a4\u30b9\u30e9\u30fc<br \/>\n<a href=\"tel:+4921173779816\"><b>+49 211 737798 16<\/b><\/a><br \/>\n<span class=\"volleansicht\"><a href=\"mailto:geissler@konferenztechnik.de\" onclick=\"ga('send', 'event', 'Email-Klick', 'Kontakt bewerben');\">geissler@konferenztechnik.de<\/a><br \/>\n<\/span><br \/>\n<span class=\"mobileansicht\"><a href=\"mailto:geissler@konferenztechnik.de\" onclick=\"ga('send', 'event', 'Email-Klick', 'Kontakt bewerben');\">\u66f8\u304f<\/a><br \/>\n<\/span><\/p>\n<\/div>\n<p>[\u30b3\u30e9\u30e0\uff3d<\/p>\n<p>[spacer size=\"20\u2033]<\/p>\n<h2><strong>\u3042\u306a\u305f\u306e\u7d4c\u9a13\u3068\u77e5\u8b58<\/strong><\/h2>\n<ul>\n<li>\u30a4\u30d9\u30f3\u30c8\u696d\u754c\u3067\u306e\u30b9\u30b1\u30b8\u30e5\u30fc\u30eb\u7ba1\u7406\u307e\u305f\u306f\u30d7\u30ed\u30b8\u30a7\u30af\u30c8\u4f01\u753b\u306e\u7d4c\u9a13<\/li>\n<li>\u30d7\u30ed\u30b8\u30a7\u30af\u30c8\u30fb\u30bd\u30d5\u30c8\u30a6\u30a7\u30a2\u304a\u3088\u3073\u5546\u54c1\u7ba1\u7406\u30b7\u30b9\u30c6\u30e0\u306e\u77e5\u8b58\uff08\u3067\u304d\u308c\u3070Protonic EasyJob\u3092\u4f7f\u7528<\/li>\n<li>AV\u30e1\u30c7\u30a3\u30a2\u6280\u8853\u3001\u4f1a\u8b70\u30fb\u540c\u6642\u901a\u8a33\u6280\u8853\u306b\u7cbe\u901a<\/li>\n<li>\u9867\u5ba2\u5fd7\u5411\u3001\u30b5\u30fc\u30d3\u30b9\u5fd7\u5411\u306e\u5f37\u3044\u65b9<\/li>\n<li>\u30c1\u30fc\u30e0\u3067\u306e\u4ed5\u4e8b\u3084\u540c\u50da\u3068\u306e\u4ea4\u6d41\u3092\u697d\u3057\u3081\u308b\u65b9<\/li>\n<li>\u7269\u4e8b\u3092\u7d20\u65e9\u304f\u628a\u63e1\u3057\u3001\u7d20\u65e9\u304f\u89e3\u6c7a\u7b56\u3092\u5c0e\u304d\u51fa\u3059\u3002<\/li>\n<li>\u975e\u5e38\u306b\u8a08\u753b\u7684\u306b\u4ed5\u4e8b\u3092\u9032\u3081\u3001\u5e38\u306b\u5168\u4f53\u50cf\u3092\u628a\u63e1\u3059\u308b<\/li>\n<li>\u975e\u5e38\u306b\u512a\u308c\u305f\u30b3\u30f3\u30d4\u30e5\u30fc\u30bf\u30b9\u30ad\u30eb\uff08PC\u3001Windows\u3001Microsoft Office\uff09<\/li>\n<li>\u30c9\u30a4\u30c4\u8a9e\u306e\u7b46\u8a18\u3068\u4f1a\u8a71\u304c\u975e\u5e38\u306b\u582a\u80fd<\/li>\n<li>\u512a\u308c\u305f\u82f1\u8a9e\u529b<\/li>\n<\/ul>\n<p>[spacer size=\"20\u2033]<\/p>\n<h2><strong>\u30b5\u30fc\u30d3\u30b9\u5185\u5bb9<\/strong><\/h2>\n<ul>\n<li>\u6b63\u793e\u54e1\uff08\u30d5\u30eb\u30bf\u30a4\u30e0\u3001\u30d1\u30fc\u30c8\u30bf\u30a4\u30e0\u3001\u30df\u30cb\u30b8\u30e7\u30d6\u3001\u30df\u30c7\u30a3\u30b8\u30e7\u30d6\u3001\u52e4\u52b4\u5b66\u751f\u306a\u3069\u3001\u67d4\u8edf\u306a\u52e4\u52d9\u5f62\u614b\u304c\u53ef\u80fd\u3002\uff09<\/li>\n<li>\u30e2\u30d0\u30a4\u30eb\u30ef\u30fc\u30af\u306e\u53ef\u80fd\u6027<\/li>\n<li>\u4f01\u696d\u5e74\u91d1\u5236\u5ea6<\/li>\n<li>\u4f1a\u793e\u306e\u5065\u5eb7\u4fdd\u967a\uff08\u6b6f\u79d1\u88dc\u52a9\u3001\u773c\u93e1\uff09<\/li>\n<li>\u30b8\u30e7\u30d6\u30d0\u30a4\u30af<\/li>\n<li>\u8208\u5473\u6df1\u304f\u591a\u69d8\u306a\u30d7\u30ed\u30b8\u30a7\u30af\u30c8<\/li>\n<li>\u4ed5\u4e8b\u3092\u697d\u3057\u307f\u3001\u3084\u308b\u6c17\u306e\u3042\u308b\u30c1\u30fc\u30e0<\/li>\n<li>\u30d5\u30ec\u30ad\u30b7\u30d6\u30eb\u306a\u52b4\u50cd\u6642\u9593<\/li>\n<li>\u30d5\u30e9\u30c3\u30c8\u306a\u968e\u5c64<\/li>\n<\/ul>","protected":false},"excerpt":{"rendered":"<p>[column size=&#8220;3-4&#8243; last=&#8220;0&#8243;] [note color=&#8220;#FFCC00&#8243;] [spacer size=&#8220;20&#8243;] Die Stelle ist mittlerweile besetzt. Vielen Dank f\u00fcr Ihre Bewerbungen! [spacer size=&#8220;20&#8243;] [\/note] Wir suchen Projektplaner:in (w\/d\/m) im Bereich Konferenztechnik und Event F\u00fcr alle Standorte suchen wir ab sofort eine:n Projektplaner:in (w\/d\/m) im Bereich Konferenz-, Simultantechnik und Event. Ihre Aufgaben Sie \u00fcbernehmen fachplanerische Aufgaben f\u00fcr unsere Projekte. Sie organisieren und kontrollieren die Prozesse vor, w\u00e4hrend und nach Projekten: Technische Planung, Personalplanung, Fahrzeuglogistik, Warenr\u00fccksendungen und Briefings. Sie disponieren Material und Ressourcen (Techniker:innen, Fahrzeuge) f\u00fcr unsere Projekte in der Projektsoftware EasyJob. Sie organisieren und \u00fcberwachen den reibungslosen Warenaustausch zwischen unseren Filialen und sichern so die Verf\u00fcgbarkeit von Ressourcen und Material f\u00fcr alle laufenden und anstehenden [&hellip;]<\/p>","protected":false},"author":1,"featured_media":45482,"parent":0,"menu_order":0,"comment_status":"closed","ping_status":"closed","template":"","meta":{"_acf_changed":false,"footnotes":""},"class_list":["post-18584","page","type-page","status-publish","has-post-thumbnail","hentry"],"acf":[],"_links":{"self":[{"href":"https:\/\/konferenztechnik.de\/ja\/wp-json\/wp\/v2\/pages\/18584","targetHints":{"allow":["GET"]}}],"collection":[{"href":"https:\/\/konferenztechnik.de\/ja\/wp-json\/wp\/v2\/pages"}],"about":[{"href":"https:\/\/konferenztechnik.de\/ja\/wp-json\/wp\/v2\/types\/page"}],"author":[{"embeddable":true,"href":"https:\/\/konferenztechnik.de\/ja\/wp-json\/wp\/v2\/users\/1"}],"replies":[{"embeddable":true,"href":"https:\/\/konferenztechnik.de\/ja\/wp-json\/wp\/v2\/comments?post=18584"}],"version-history":[{"count":0,"href":"https:\/\/konferenztechnik.de\/ja\/wp-json\/wp\/v2\/pages\/18584\/revisions"}],"wp:featuredmedia":[{"embeddable":true,"href":"https:\/\/konferenztechnik.de\/ja\/wp-json\/wp\/v2\/media\/45482"}],"wp:attachment":[{"href":"https:\/\/konferenztechnik.de\/ja\/wp-json\/wp\/v2\/media?parent=18584"}],"curies":[{"name":"wp","href":"https:\/\/api.w.org\/{rel}","templated":true}]}}