{"id":18772,"date":"2022-01-13T13:17:51","date_gmt":"2022-01-13T12:17:51","guid":{"rendered":"https:\/\/www.konferenztechnik.de\/?page_id=18772"},"modified":"2023-07-05T14:29:08","modified_gmt":"2023-07-05T12:29:08","slug":"%e3%83%99%e3%83%ab%e3%83%aa%e3%83%b3%e9%80%9a%e8%a8%b3%e3%82%b9%e3%82%bf%e3%82%b8%e3%82%aa","status":"publish","type":"page","link":"https:\/\/konferenztechnik.de\/ja\/%e3%83%99%e3%83%ab%e3%83%aa%e3%83%b3%e9%80%9a%e8%a8%b3%e3%82%b9%e3%82%bf%e3%82%b8%e3%82%aa\/","title":{"rendered":"\u901a\u8a33\u30b9\u30bf\u30b8\u30aa \u30d9\u30eb\u30ea\u30f3"},"content":{"rendered":"<h1 class=\"pcs-color\"><b>PCS\u901a\u8a33\u30b9\u30bf\u30b8\u30aa\u30fb\u30d9\u30eb\u30ea\u30f3 K\u00f6penicker Stra\u00dfe 154<\/b><\/h1>\n<p><iframe class=\"maps-full\" style=\"border: 0;\" src=\"https:\/\/www.google.com\/maps\/embed?pb=!1m18!1m12!1m3!1d2428.532610250432!2d13.427603016006886!3d52.505699645041084!2m3!1f0!2f0!3f0!3m2!1i1024!2i768!4f13.1!3m3!1m2!1s0x47a84e37d9891a73%3A0xee3a2da62f925ce!2sK%C3%B6penicker%20Str.%20154%2C%2010997%20Berlin!5e0!3m2!1sde!2sde!4v1641994730437!5m2!1sde!2sde\" allowfullscreen=\"allowfullscreen\"><\/iframe><\/p>\n<p>\u8fd1\u4ee3\u7684\u3067\u3001\u90fd\u5fc3\u306b\u4f4d\u7f6e\u3057\u3001\u30d7\u30ed\u30d5\u30a7\u30c3\u30b7\u30e7\u30ca\u30eb\u3067\u5feb\u9069\u306a\u901a\u8a33\u30b9\u30bf\u30b8\u30aa\u304c\u3001\u73fe\u5728\u65b0\u62e0\u70b9\u306b\u5efa\u8a2d\u4e2d\u3067\u3059\u300250\u53f0\u4ee5\u4e0a\u306e\u30ef\u30fc\u30af\u30b9\u30c6\u30fc\u30b7\u30e7\u30f3\u3092\u5099\u3048\u305f\u3053\u306e\u30b9\u30bf\u30b8\u30aa\u306f\u3001\u30c9\u30a4\u30c4\u6700\u5927\u306e\u540c\u6642\u901a\u8a33\u62e0\u70b9\u3067\u3059\u3002GDPR\u306b\u6e96\u62e0\u3057\u305f\u30b9\u30c8\u30ea\u30fc\u30df\u30f3\u30b0\u653e\u9001\u3092\u3001\u4f1a\u8b70\u3001\u30a4\u30d9\u30f3\u30c8\u3001\u653e\u9001\u30b9\u30bf\u30b8\u30aa\u3001\u30df\u30fc\u30c6\u30a3\u30f3\u30b0\u3001\u30d3\u30c7\u30aa\u4f1a\u8b70\u306a\u3069\u3067\u3054\u5229\u7528\u3044\u305f\u3060\u3051\u307e\u3059\u3002<\/p>\n<p>\u73fe\u5730\u3067\u306e\u30b5\u30fc\u30d3\u30b9\u6280\u8853\u8005\u306b\u3088\u308b\u500b\u5225\u30b5\u30dd\u30fc\u30c8\u3001\u30a4\u30d9\u30f3\u30c8\u30b3\u30fc\u30c7\u30a3\u30cd\u30fc\u30c8\u3001\u30b1\u30fc\u30bf\u30ea\u30f3\u30b0\u3001\u30b0\u30ea\u30fc\u30f3\u30b9\u30af\u30ea\u30fc\u30f3\u30b9\u30bf\u30b8\u30aa\u3001\u30b3\u30ef\u30fc\u30ad\u30f3\u30b0\u30b9\u30da\u30fc\u30b9\u3001\u30e9\u30a6\u30f3\u30b8\u3002<\/p>\n<p><img decoding=\"async\" class=\"alignleft size-full wp-image-18760\" src=\"https:\/\/konferenztechnik.de\/wp-content\/uploads\/2022\/01\/koep-1.jpg\" alt=\"\u30c9\u30eb\u30e1\u30c3\u30c1\u30e5\u30fb\u30cf\u30d6 - PCS GmbH K\u00f6penicker Stra\u00dfe 154\" title=\"\"><\/p>\n<div class=\"small-text\">\n<h2 class=\"pcs-color\">\u4f4f\u6240<\/h2>\n<p>\u30b1\u30da\u30cb\u30c3\u30ab\u30fc\u901a\u308a154<br \/>\n\u30cf\u30a6\u30b9J<br \/>\n10997 \u30d9\u30eb\u30ea\u30f3<br \/>\n\u96fb\u8a71\u756a\u53f7 <a href=\"\/ja\/tel&quot;+49306959690\/\"><b>+49 30 6959690 0<\/b><\/a><br \/>\n<span class=\"volleansicht\">E\u30e1\u30fc\u30eb <a href=\"mailto:berlin@konferenztechnik.de\">berlin@konferenztechnik.de<\/a><\/span><br \/>\n<span class=\"mobileansicht\">E\u30e1\u30fc\u30eb <a href=\"mailto:berlin@konferenztechnik.de\">\u66f8\u304f<\/a><\/span><\/p>\n<h2 class=\"pcs-color\">\u30a2\u30d7\u30ed\u30fc\u30c1<\/h2>\n<p>\u30aa\u30b9\u30c8\u30d0\u30fc\u30f3\u30db\u30d5\u99c5\uff08S\u30d0\u30fc\u30f3\u3001\u5730\u57df\u9244\u9053\uff09\u3001U\u30cf\u30a4\u30f3\u30ea\u30c3\u30d2\u30fb\u30cf\u30a4\u30cd\u901a\u308a\u99c5\uff08U\u30d0\u30fc\u30f3\uff09\u3001\u30d9\u30bf\u30cb\u30a8\u30f3\u30c0\u30e0\u99c5\uff08\u30d0\u30b9\uff09\u304b\u3089\u306e\u30a2\u30af\u30bb\u30b9\u304c\u6700\u9069\u3067\u3059\u3002<\/p>\n<p><b>\u30aa\u30b9\u30c8\u30d0\u30fc\u30f3\u30db\u30d5\u304b\u3089<\/b><\/p>\n<ul>\n<li>\u5f92\u6b69\u3067900\u30e1\u30fc\u30c8\u30eb\u3001\u7d0410\u5206\u3067\u3042\u308b\u3002<\/li>\n<li>140\u756a\u30d0\u30b9\u3067U Mehringdamm\u65b9\u9762\u30781\u99c5\u3001Bethaniendamm\u4e0b\u8eca\u3002<\/li>\n<li>U\u30ec\u30aa\u30dd\u30eb\u30c8\u5e83\u5834\uff08U Leopoldplatz\uff09\u884c\u304d\u306e147\u756a\u30d0\u30b9\u3067\u30d9\u30bf\u30cb\u30a8\u30f3\u30c0\u30e0\uff08Bethaniendamm\uff09\u307e\u30671\u99c5\u3002<\/li>\n<li>\u307e\u305f\u3001\u30bf\u30af\u30b7\u30fc\u3001Uber\u3001Freenow\u3001E\u30b9\u30af\u30fc\u30bf\u30fc\u3001\u30d0\u30a4\u30af\u30b7\u30a7\u30a2\u30ea\u30f3\u30b0\u306a\u3069\u3092\u5229\u7528\u3059\u308b\u3053\u3068\u3082\u3067\u304d\u308b\u3002<\/li>\n<\/ul>\n<p><b>\u5730\u4e0b\u9244\u30cf\u30a4\u30f3\u30ea\u30c3\u30d2\u30fb\u30cf\u30a4\u30cd\u901a\u308a\u99c5\uff08U8\uff09\u304b\u3089<\/b><\/p>\n<ul>\n<li>1000\u30e1\u30fc\u30c8\u30eb\u6b69\u3044\u306612\u5206\u307b\u3069\u3002<\/li>\n<li>S Sch\u00f6neweide\u65b9\u9762\u884c\u304d\u306e265\u756a\u306e\u30d0\u30b9\u306b3\u99c5\u4e57\u308a\u3001Bethaniendamm\u3067\u4e0b\u8eca\u3002<\/li>\n<li>S Ostbahnhof\u65b9\u9762\u884c\u304d\u306e147\u756a\u30d0\u30b9\u306b\u4e57\u308a\u3001Bethaniendamm\u307e\u30673\u99c5\u3002<\/li>\n<li>\u307e\u305f\u3001\u30bf\u30af\u30b7\u30fc\u3001Uber\u3001Freenow\u3001E\u30b9\u30af\u30fc\u30bf\u30fc\u3001\u30d0\u30a4\u30af\u30b7\u30a7\u30a2\u30ea\u30f3\u30b0\u306a\u3069\u3092\u5229\u7528\u3059\u308b\u3053\u3068\u3082\u3067\u304d\u308b\u3002<\/li>\n<\/ul>\n<p>\u4e2d\u5ead\u306b6\u53f0\u5206\u306e\u7121\u6599\u99d0\u8eca\u30b9\u30da\u30fc\u30b9\u304c\u3042\u308a\u307e\u3059\u3002\u6e80\u8eca\u306e\u5834\u5408\u306f\u3001\u5468\u8fba\u306e\u516c\u5171\u30b9\u30da\u30fc\u30b9\u306b\u7121\u6599\u3067\u99d0\u8eca\u3067\u304d\u307e\u3059\u3002<\/p>\n<p>\u8cd1\u3084\u304b\u306a\u4e2d\u5ead\u306b\u306f\u3001\u81ea\u8ee2\u8eca\u7528\u306e\u30ed\u30c3\u30af\u91d1\u5177\u304c\u7528\u610f\u3055\u308c\u3066\u3044\u308b\u3002<\/p>\n<ul>\n<li>\u30bf\u30fc\u30df\u30ca\u30eb1-2\u304b\u3089\u5730\u57df\u6025\u884c\u5217\u8ecaRE7\u3067\u76f4\u63a5\u30aa\u30b9\u30c8\u30d0\u30fc\u30f3\u30db\u30fc\u30d5\u3078\u3002\u30aa\u30b9\u30c8\u30d0\u30fc\u30f3\u30db\u30fc\u30d5\u304b\u3089\u306f\u3001\u4e0a\u8a18\u306e\u65b9\u6cd5\u3067\u5f53\u30db\u30c6\u30eb\u307e\u3067\u304a\u8d8a\u3057\u3044\u305f\u3060\u3051\u307e\u3059\u3002<\/li>\n<li>\u30bf\u30fc\u30df\u30ca\u30eb1-2\u304b\u3089\u7a7a\u6e2f\u6025\u884c\u5217\u8ecaFEX\u3067Ostkreuz\u307e\u3067\u76f4\u884c\u3057\u3001\u305d\u3053\u304b\u3089S\u30d0\u30fc\u30f3\uff08S41\u3001S3\u3001S5\u3001S7\u3001RE1\uff09\u3067Ostbahnhof\u307e\u30671\u99c5\u3002\u30aa\u30b9\u30c8\u30d0\u30fc\u30f3\u30db\u30fc\u30d5\u304b\u3089\u306f\u4e0a\u8a18\u306e\u65b9\u6cd5\u3067\u304a\u8d8a\u3057\u3044\u305f\u3060\u3051\u307e\u3059\u3002<\/li>\n<\/ul>\n<\/div>","protected":false},"excerpt":{"rendered":"<p>PCS Dolmetschstudios Berlin K\u00f6penicker Stra\u00dfe 154 An unserem neuen Standort entstehen aktuell moderne Dolmetschstudios, zentral gelegen, professionell und komfortabel. Mit \u00fcber 50 Arbeitspl\u00e4tzen ist dies der gr\u00f6\u00dfte Dolmetsch-Hub f\u00fcr Simultandolmetschen in Deutschland: DSGVO-konformes Streaming zu Konferenzen, Events, Broadcaststudios, Tagungen und Videokonferenzen. Unser Service vor Ort: Individuelle Betreuung durch Techniker:innen, Eventkoordination, Catering, Greenscreenstudio, Coworking-Spaces, Lounge. Adresse K\u00f6penicker Stra\u00dfe 154 Haus J 10997 Berlin Tel. +49 30 6959690 0 E-Mail: berlin@konferenztechnik.de E-Mail: schreiben Anfahrt Sie erreichen uns am besten von den Stationen Ostbahnhof (S-Bahn, Regionalbahn), U Heinrich-Heine-Stra\u00dfe (U-Bahn) oder Bethaniendamm (Bus). Vom Ostbahnhof Zu Fu\u00df sind es 900m, rund 10 Minuten. Mit dem Bus 140 Richtung U Mehringdamm ein Halt bis Bethaniendamm. [&hellip;]<\/p>","protected":false},"author":1,"featured_media":45482,"parent":0,"menu_order":0,"comment_status":"closed","ping_status":"closed","template":"","meta":{"_acf_changed":false,"footnotes":""},"class_list":["post-18772","page","type-page","status-publish","has-post-thumbnail","hentry"],"acf":[],"_links":{"self":[{"href":"https:\/\/konferenztechnik.de\/ja\/wp-json\/wp\/v2\/pages\/18772","targetHints":{"allow":["GET"]}}],"collection":[{"href":"https:\/\/konferenztechnik.de\/ja\/wp-json\/wp\/v2\/pages"}],"about":[{"href":"https:\/\/konferenztechnik.de\/ja\/wp-json\/wp\/v2\/types\/page"}],"author":[{"embeddable":true,"href":"https:\/\/konferenztechnik.de\/ja\/wp-json\/wp\/v2\/users\/1"}],"replies":[{"embeddable":true,"href":"https:\/\/konferenztechnik.de\/ja\/wp-json\/wp\/v2\/comments?post=18772"}],"version-history":[{"count":0,"href":"https:\/\/konferenztechnik.de\/ja\/wp-json\/wp\/v2\/pages\/18772\/revisions"}],"wp:featuredmedia":[{"embeddable":true,"href":"https:\/\/konferenztechnik.de\/ja\/wp-json\/wp\/v2\/media\/45482"}],"wp:attachment":[{"href":"https:\/\/konferenztechnik.de\/ja\/wp-json\/wp\/v2\/media?parent=18772"}],"curies":[{"name":"wp","href":"https:\/\/api.w.org\/{rel}","templated":true}]}}