{"id":18894,"date":"2022-02-21T16:27:12","date_gmt":"2022-02-21T15:27:12","guid":{"rendered":"https:\/\/www.konferenztechnik.de\/?page_id=18894"},"modified":"2023-08-28T15:43:12","modified_gmt":"2023-08-28T13:43:12","slug":"%e3%83%87%e3%83%a5%e3%83%83%e3%82%bb%e3%83%ab%e3%83%89%e3%83%ab%e3%83%95%e3%81%a7%e3%81%ae%e7%a0%94%e4%bf%ae%e3%82%a4%e3%83%99%e3%83%b3%e3%83%88%e9%81%8b%e5%96%b6%e3%82%a2%e3%82%b7%e3%82%b9%e3%82%bf","status":"publish","type":"page","link":"https:\/\/konferenztechnik.de\/ja\/%e3%83%87%e3%83%a5%e3%83%83%e3%82%bb%e3%83%ab%e3%83%89%e3%83%ab%e3%83%95%e3%81%a7%e3%81%ae%e7%a0%94%e4%bf%ae%e3%82%a4%e3%83%99%e3%83%b3%e3%83%88%e9%81%8b%e5%96%b6%e3%82%a2%e3%82%b7%e3%82%b9%e3%82%bf\/","title":{"rendered":"\u30a4\u30d9\u30f3\u30c8\u30de\u30cd\u30b8\u30e1\u30f3\u30c8\u30a2\u30b7\u30b9\u30bf\u30f3\u30c8\u898b\u7fd2\u3044 (f\/m\/d) in \u30c7\u30e5\u30c3\u30bb\u30eb\u30c9\u30eb\u30d5"},"content":{"rendered":"<h1 id=\"ausbildung-veranstaltungskauffrau--veranstaltungskaufmann-wmd\">\u30c7\u30e5\u30c3\u30bb\u30eb\u30c9\u30eb\u30d5\u306e\u30a4\u30d9\u30f3\u30c8\u30fb\u30ec\u30f3\u30bf\u30eb\u90e8\u9580\u306b\u3066\u3001\u30a4\u30d9\u30f3\u30c8\u30de\u30cd\u30b8\u30e1\u30f3\u30c8\u30a2\u30b7\u30b9\u30bf\u30f3\u30c8\u898b\u7fd2\u3044\uff08f\/m\/d\uff09...<\/h1>\n<p>[note color=\"#FFCC00\u2033]<br \/>\n[spacer size=\"20\u2033]<br \/>\n\u30dd\u30b8\u30b7\u30e7\u30f3\u306f\u57cb\u307e\u308a\u307e\u3057\u305f\u3002\u3054\u5fdc\u52df\u3042\u308a\u304c\u3068\u3046\u3054\u3056\u3044\u307e\u3057\u305f\uff01<br \/>\n[spacer size=\"20\u2033]<br \/>\n\u6ce8<\/p>\n<p>\u30c7\u30e5\u30c3\u30bb\u30eb\u30c9\u30eb\u30d5\u306e\u30a4\u30d9\u30f3\u30c8\u30fb\u30ec\u30f3\u30bf\u30eb\u90e8\u9580\u306b\u3066\u30012022\u5e74\u5ea6\u306e\u898b\u7fd2\u3044\u3068\u3057\u3066\u30a4\u30d9\u30f3\u30c8\u30fb\u30de\u30cd\u30b8\u30e1\u30f3\u30c8\u30fb\u30a2\u30b7\u30b9\u30bf\u30f3\u30c8(f\/m\/d)\u3092\u52df\u96c6\u3057\u3066\u3044\u307e\u3059\u3002\u30a8\u30ad\u30b5\u30a4\u30c6\u30a3\u30f3\u30b0\u306a\u6d3b\u52d5\u3001\u7d20\u6674\u3089\u3057\u3044\u30c1\u30fc\u30e0\u3001\u697d\u3057\u3044\u8077\u5834\u306a\u3069\u3001\u5b9a\u8a55\u306e\u3042\u308b\u4f01\u696d\u3067\u306e\u591a\u5f69\u306a\u5b9f\u7fd2\u304c\u671f\u5f85\u3067\u304d\u307e\u3059\u3002<\/p>\n<h2 id=\"berufsbild\">\u4ed5\u4e8b\u5185\u5bb9<\/h2>\n<p>\u30a4\u30d9\u30f3\u30c8\u30fb\u30de\u30cd\u30fc\u30b8\u30e3\u30fc\u3068\u3057\u3066\u3001\u4f1a\u8b70\u3084\u30a4\u30d9\u30f3\u30c8\u306e\u4f01\u753b\u3001\u7d44\u7e54\u3001\u5b9f\u65bd\u3001\u30d5\u30a9\u30ed\u30fc\u30a2\u30c3\u30d7\u3092\u62c5\u5f53\u3057\u307e\u3059\u3002\u9867\u5ba2\u3068\u5354\u529b\u3057\u3001\u30c1\u30fc\u30e0\u306e\u4e00\u54e1\u3068\u3057\u3066\u3001\u7d4c\u6e08\u7684\u3001\u74b0\u5883\u7684\u3001\u6cd5\u5f8b\u7684\u306a\u539f\u5247\u3092\u8003\u616e\u3057\u306a\u304c\u3089\u3001\u30a4\u30d9\u30f3\u30c8\u3092\u8a08\u753b\u3057\u3001\u30b3\u30f3\u30bb\u30d7\u30c8\u3092\u7df4\u308a\u307e\u3059\u3002\u671f\u9650\u3092\u8abf\u6574\u3057\u3001\u30a4\u30d9\u30f3\u30c8\u306b\u95a2\u308f\u308b\u3059\u3079\u3066\u306e\u696d\u8005\u306e\u305f\u3081\u306e\u8a08\u753b\u3092\u7acb\u6848\u3057\u307e\u3059\u3002\u30b3\u30b9\u30c8\u3092\u8a08\u7b97\u3057\u3001\u30a4\u30d9\u30f3\u30c8\u306e\u5546\u54c1\u3084\u30b5\u30fc\u30d3\u30b9\u3092\u30bf\u30fc\u30b2\u30c3\u30c8\u30fb\u30b0\u30eb\u30fc\u30d7\u306b\u58f2\u308a\u8fbc\u307f\u307e\u3059\u3002\u30a4\u30d9\u30f3\u30c8\u524d\u3001\u30a4\u30d9\u30f3\u30c8\u4e2d\u3001\u30a4\u30d9\u30f3\u30c8\u5f8c\u306e\u7a93\u53e3\u3068\u306a\u308a\u307e\u3059\u3002\u69d8\u3005\u306a\u4eba\u3068\u63a5\u3057\u3001\u30a8\u30ad\u30b5\u30a4\u30c6\u30a3\u30f3\u30b0\u306a\u5834\u6240\u3092\u77e5\u308a\u3001\u7d20\u6674\u3089\u3057\u3044\u30c1\u30fc\u30e0\u3067\u50cd\u304d\u307e\u3059\u3002<\/p>\n<h2 id=\"ausbildungsinhalte-auszug\">\u7814\u4fee\u5185\u5bb9\uff08\u629c\u7c8b\uff09<\/h2>\n<ul>\n<li>\u4eba\u7684\u8cc7\u6e90\u7ba1\u7406<\/li>\n<li>\u30d7\u30ed\u30b8\u30a7\u30af\u30c8\u7ba1\u7406<\/li>\n<li>\u30de\u30fc\u30b1\u30c6\u30a3\u30f3\u30b0<\/li>\n<li>\u30d5\u30a1\u30a4\u30ca\u30f3\u30b9<\/li>\n<li>\u54c1\u8cea\u7ba1\u7406<\/li>\n<li>\u30a4\u30d9\u30f3\u30c8\u69cb\u60f3<\/li>\n<li>\u30a4\u30d9\u30f3\u30c8\u30fb\u30c6\u30af\u30ce\u30ed\u30b8\u30fc\u306e\u6d3b\u7528<\/li>\n<\/ul>\n<h2 id=\"dauer-der-ausbildung\">\u7814\u4fee\u671f\u9593<\/h2>\n<p>\u30a4\u30d9\u30f3\u30c8\u30fb\u30de\u30cd\u30fc\u30b8\u30e1\u30f3\u30c8\u30fb\u30a2\u30b7\u30b9\u30bf\u30f3\u30c8\u306f\u516c\u8a8d\u306e\u8a13\u7df4\u8077\u696d\u3067\u3001\u4fee\u4e86\u307e\u3067\u306b3\u5e74\u304b\u304b\u308b\u3002<\/p>\n<h2 id=\"deine-st\u00e4rken-und-interessen\">\u3042\u306a\u305f\u306e\u5f37\u307f\u3068\u8208\u5473<\/h2>\n<ul>\n<li>\u3042\u306a\u305f\u306f\u6709\u80fd\u306a\u30aa\u30fc\u30ac\u30ca\u30a4\u30b6\u30fc\u3060<\/li>\n<li>\u30b3\u30df\u30e5\u30cb\u30b1\u30fc\u30b7\u30e7\u30f3\u80fd\u529b\u304c\u9ad8\u3044<\/li>\n<li>\u30c1\u30fc\u30e0\u30ef\u30fc\u30af\u3092\u697d\u3057\u3081\u308b\u65b9<\/li>\n<li>\u5275\u9020\u6027\u3068\u5373\u8208\u306e\u624d\u80fd\u3092\u6301\u3063\u3066\u751f\u307e\u308c\u305f<\/li>\n<li>\u9867\u5ba2\u3084\u30d3\u30b8\u30cd\u30b9\u30d1\u30fc\u30c8\u30ca\u30fc\u3068\u63a5\u3059\u308b\u306e\u304c\u597d\u304d\u306a\u65b9<\/li>\n<li>\u5b66\u6821\u3067\u306f\u82f1\u8a9e\u3001\u30c9\u30a4\u30c4\u8a9e\u3001\u6570\u5b66\u3001\u7d4c\u6e08\u5b66\u304c\u597d\u304d\u3067\u3057\u305f\u306d\u3002<\/li>\n<li>\u6709\u80fd\u306a\u30bb\u30fc\u30eb\u30b9\u3084\u30ab\u30a6\u30f3\u30bb\u30ea\u30f3\u30b0\u306e\u30d7\u30ed\u30d5\u30a7\u30c3\u30b7\u30e7\u30ca\u30eb\u306b\u306a\u308b\u3053\u3068\u3092\u60f3\u50cf\u3067\u304d\u307e\u3059\u304b\uff1f<\/li>\n<\/ul>","protected":false},"excerpt":{"rendered":"<p>Ausbildung Veranstaltungskauffrau \/ Veranstaltungskaufmann (w\/m\/d) im Bereich Event und Rental in D\u00fcsseldorf [note color=&#8220;#FFCC00&#8243;] [spacer size=&#8220;20&#8243;] Die Stelle ist mittlerweile besetzt. Vielen Dank f\u00fcr Ihre Bewerbungen! [spacer size=&#8220;20&#8243;] [\/note] Wir bieten f\u00fcr das Ausbildungsjahr 2022 eine Ausbildung zur Veranstaltungskauffrau \/ zum Veranstaltungskaufmann (w\/m\/d) im Bereich Event und Rental an unseren Standort D\u00fcsseldorf an. Dich erwartet eine vielseitige Ausbildung in einem etablierten Unternehmen mit spannenden T\u00e4tigkeiten, einem tollen Team und Spa\u00df bei der Arbeit. Berufsbild Als Veranstaltungskaufmann oder Veranstaltungskauffrau bist du f\u00fcr Planung, Organisation, Durchf\u00fchrung und Nachbereitung von Konferenzen und Events verantwortlich. Du planst und konzipierst unter Beachtung \u00f6konomischer, \u00f6kologischer sowie rechtlicher Grundlagen in Zusammenarbeit mit Kund:innen und im Team Veranstaltungen. [&hellip;]<\/p>","protected":false},"author":1,"featured_media":45482,"parent":0,"menu_order":0,"comment_status":"closed","ping_status":"closed","template":"","meta":{"_acf_changed":false,"footnotes":""},"class_list":["post-18894","page","type-page","status-publish","has-post-thumbnail","hentry"],"acf":[],"_links":{"self":[{"href":"https:\/\/konferenztechnik.de\/ja\/wp-json\/wp\/v2\/pages\/18894","targetHints":{"allow":["GET"]}}],"collection":[{"href":"https:\/\/konferenztechnik.de\/ja\/wp-json\/wp\/v2\/pages"}],"about":[{"href":"https:\/\/konferenztechnik.de\/ja\/wp-json\/wp\/v2\/types\/page"}],"author":[{"embeddable":true,"href":"https:\/\/konferenztechnik.de\/ja\/wp-json\/wp\/v2\/users\/1"}],"replies":[{"embeddable":true,"href":"https:\/\/konferenztechnik.de\/ja\/wp-json\/wp\/v2\/comments?post=18894"}],"version-history":[{"count":0,"href":"https:\/\/konferenztechnik.de\/ja\/wp-json\/wp\/v2\/pages\/18894\/revisions"}],"wp:featuredmedia":[{"embeddable":true,"href":"https:\/\/konferenztechnik.de\/ja\/wp-json\/wp\/v2\/media\/45482"}],"wp:attachment":[{"href":"https:\/\/konferenztechnik.de\/ja\/wp-json\/wp\/v2\/media?parent=18894"}],"curies":[{"name":"wp","href":"https:\/\/api.w.org\/{rel}","templated":true}]}}