{"id":20181,"date":"2022-11-16T10:08:18","date_gmt":"2022-11-16T09:08:18","guid":{"rendered":"https:\/\/www.konferenztechnik.de\/?page_id=20181"},"modified":"2023-08-28T15:41:32","modified_gmt":"2023-08-28T13:41:32","slug":"%e3%82%aa%e3%83%95%e3%82%a3%e3%82%b9%e3%82%b5%e3%83%bc%e3%83%93%e3%82%b9%e7%a4%be%e5%93%a1-m-f-d-%e5%8b%9f%e9%9b%86","status":"publish","type":"page","link":"https:\/\/konferenztechnik.de\/ja\/%e3%82%ad%e3%83%a3%e3%83%aa%e3%82%a2\/%e3%82%aa%e3%83%95%e3%82%a3%e3%82%b9%e3%82%b5%e3%83%bc%e3%83%93%e3%82%b9%e7%a4%be%e5%93%a1-m-f-d-%e5%8b%9f%e9%9b%86\/","title":{"rendered":"\u30aa\u30d5\u30a3\u30b9\u30b5\u30fc\u30d3\u30b9\u793e\u54e1\uff08\u7537\u5973\uff09\u52df\u96c6"},"content":{"rendered":"<div class=\"center-box-medium\">\n<h1><strong>\u30aa\u30d5\u30a3\u30b9\u30b5\u30fc\u30d3\u30b9\u793e\u54e1\uff08\u7537\u5973\uff09\u52df\u96c6\uff08\u30d9\u30eb\u30ea\u30f3\uff09<\/strong><\/h1>\n<p>\u30df\u30fc\u30c6\u30a3\u30f3\u30b0\u3084\u4f1a\u8b70\u306e\u524d\u5f8c\u306b\u30aa\u30d5\u30a3\u30b9\u3084\u901a\u8a33\u30b9\u30bf\u30b8\u30aa\u3092\u6574\u7406\u3059\u308b\u30aa\u30d5\u30a3\u30b9\u30b5\u30fc\u30d3\u30b9\u793e\u54e1\uff08D\/W\/M\uff09\u3092\u52df\u96c6\u3057\u3066\u3044\u307e\u3059\u3002\u90313\u65e5\u3001\u2013\u306e\u52e4\u52d9\u3092\u304a\u9858\u3044\u3057\u307e\u3059\u3002<\/p>\n<p>[spacer size=\"20\u2033]<\/p>\n<h2><strong>\u30bf\u30b9\u30af\u306e\u629c\u7c8b<\/strong><\/h2>\n<ul>\n<li>\u4f1a\u8b70\u5ba4\u306e\u6e96\u5099\u3068\u30d5\u30a9\u30ed\u30fc\u30a2\u30c3\u30d7<\/li>\n<li>\u30d3\u30e5\u30c3\u30d5\u30a7\u3084\u30b1\u30fc\u30bf\u30ea\u30f3\u30b0\u306e\u6e96\u5099\u3092\u624b\u4f1d\u3046<\/li>\n<li>\u6d88\u8017\u54c1\u306e\u88dc\u5145<\/li>\n<li>\u30ad\u30c3\u30c1\u30f3\u3001\u30c8\u30a4\u30ec\u3001\u5171\u7528\u30b9\u30da\u30fc\u30b9\u306a\u3069\u3001\u4eba\u306e\u51fa\u5165\u308a\u306e\u591a\u3044\u5834\u6240\u306e\u8ffd\u52a0\u6e05\u6383\uff08\u57fa\u672c\u7684\u306a\u6e05\u6383\u306f\u90311\u56de\u3001\u6e05\u6383\u696d\u8005\u306b\u3088\u308a\u884c\u308f\u308c\u308b\uff09<\/li>\n<\/ul>\n<p>[spacer size=\"20\u2033]<\/p>\n<h2><strong>\u30d7\u30ed\u30d5\u30a3\u30fc\u30eb<\/strong><\/h2>\n<ul>\n<li>\u30d5\u30ec\u30f3\u30c9\u30ea\u30fc\u3067\u89aa\u5207\u306a\u4ed5\u4e8b\u3076\u308a<\/li>\n<li>\u6574\u7406\u6574\u9813\u304c\u5f97\u610f\u3067\u3001\u76ee\u306e\u524d\u306e\u4ed5\u4e8b\u306b\u3088\u304f\u76ee\u304c\u5c4a\u304f\u65b9<\/li>\n<li>\u30c9\u30a4\u30c4\u8a9e\u30b9\u30ad\u30eb<\/li>\n<\/ul>\n<p>[spacer size=\"20\u2033]<\/p>\n<h2><strong>\u30b5\u30fc\u30d3\u30b9\u5185\u5bb9<\/strong><\/h2>\n<ul>\n<li>\u6b63\u793e\u54e1\u306e\u30dd\u30b8\u30b7\u30e7\u30f3\u3067\u3001\u7d66\u4e0e\u306f510\u30e6\u30fc\u30ed\u3002<\/li>\n<li>\u7d20\u6674\u3089\u3057\u304f\u30d5\u30ec\u30f3\u30c9\u30ea\u30fc\u306a\u30c1\u30fc\u30e0<\/li>\n<li>\u30d5\u30e9\u30c3\u30c8\u306a\u968e\u5c64\u3068\u77ed\u3044\u610f\u601d\u6c7a\u5b9a\u30d7\u30ed\u30bb\u30b9<\/li>\n<li>\u90fd\u5fc3\u306b\u4f4d\u7f6e\u3059\u308b\u8fd1\u4ee3\u7684\u306a\u8077\u5834<\/li>\n<li>\u52b4\u50cd\u6642\u9593\u306e\u81ea\u7531\u8a2d\u5b9a<\/li>\n<\/ul>\n<p>[spacer size=\"20\u2033]<\/p>\n<h2>\u4eca\u3059\u3050\u7533\u3057\u8fbc\u3080<\/h2>\n<p>\u3054\u5fdc\u52df\u3092\u304a\u5f85\u3061\u3057\u3066\u304a\u308a\u307e\u3059\uff01\u30e1\u30fc\u30eb\u3067\u306e\u3054\u9023\u7d61\u3092\u304a\u5f85\u3061\u3057\u3066\u304a\u308a\u307e\u3059\uff1a<\/p>\n<p>\u30b0\u30f3\u30ca\u30fc\u30fb\u30d8\u30eb\u30e1\u30ca\u30a6<br \/>\n<a href=\"mailto:hermenau@konferenztechnik.de\">hermenau@konferenztechnik.de<\/a><\/p>\n<p>\u30ab\u30d0\u30fc\u30ec\u30bf\u30fc\u306f\u7279\u306b\u5fc5\u8981\u3042\u308a\u307e\u305b\u3093\u3002\u5c65\u6b74\u66f8\u3068\u7d39\u4ecb\u72b6\u306f\u4efb\u610f\u3067\u3059\u3002<\/p>\n<p>\u3054\u4e0d\u660e\u306a\u70b9\u304c\u3054\u3056\u3044\u307e\u3057\u305f\u3089\u3001\u30b0\u30f3\u30ca\u30fc\u30fb\u30d8\u30eb\u30e1\u30ca\u30a6\u307e\u3067\u3054\u9023\u7d61\u304f\u3060\u3055\u3044\uff1a <a href=\"tel:+4930695969014\">030 6959690 14<\/a> \u307e\u305f\u306fE\u30e1\u30fc\u30eb\u306b\u3066\u3002<\/p>\n<\/div>","protected":false},"excerpt":{"rendered":"<p>B\u00fcro Servicekraft (m\/w\/d) gesucht (Berlin) Wir suchen eine B\u00fcro Servicekraft (d\/w\/m) f\u00fcr die Organisation unseres B\u00fcros und unserer Dolmetschstudios vor und nach Meetings und Konferenzen. Wir gehen von einer Besch\u00e4ftigung von 2 &#8211; 3 Tagen die Woche mit flexiblen Arbeitszeiten aus. [spacer size=&#8220;20&#8243;] Eine Auswahl an Aufgaben Vor- und Nachbereitung von Meeting- und Konferenzr\u00e4umen Hilfe beim Anrichten von Buffet und Catering Nachf\u00fcllen von Verbrauchsgegenst\u00e4nden Zus\u00e4tzliche Reinigung von einzelnen stark beanspruchten Bereichen wie K\u00fcche, Toilette, Aufenthaltsbereichen (eine w\u00f6chentliche Grundreinigung findet durch einen Reinigungsservice statt) [spacer size=&#8220;20&#8243;] Ihr Profil Freundliche und hilfsbereite Arbeitsweise Sie sind ein gutes Organisationstalent und haben einen guten Blick f\u00fcr anfallende Aufgaben Deutschkenntnisse [spacer size=&#8220;20&#8243;] Das bieten wir [&hellip;]<\/p>","protected":false},"author":1,"featured_media":45482,"parent":5827,"menu_order":0,"comment_status":"closed","ping_status":"closed","template":"","meta":{"_acf_changed":false,"footnotes":""},"class_list":["post-20181","page","type-page","status-publish","has-post-thumbnail","hentry"],"acf":[],"_links":{"self":[{"href":"https:\/\/konferenztechnik.de\/ja\/wp-json\/wp\/v2\/pages\/20181","targetHints":{"allow":["GET"]}}],"collection":[{"href":"https:\/\/konferenztechnik.de\/ja\/wp-json\/wp\/v2\/pages"}],"about":[{"href":"https:\/\/konferenztechnik.de\/ja\/wp-json\/wp\/v2\/types\/page"}],"author":[{"embeddable":true,"href":"https:\/\/konferenztechnik.de\/ja\/wp-json\/wp\/v2\/users\/1"}],"replies":[{"embeddable":true,"href":"https:\/\/konferenztechnik.de\/ja\/wp-json\/wp\/v2\/comments?post=20181"}],"version-history":[{"count":0,"href":"https:\/\/konferenztechnik.de\/ja\/wp-json\/wp\/v2\/pages\/20181\/revisions"}],"up":[{"embeddable":true,"href":"https:\/\/konferenztechnik.de\/ja\/wp-json\/wp\/v2\/pages\/5827"}],"wp:featuredmedia":[{"embeddable":true,"href":"https:\/\/konferenztechnik.de\/ja\/wp-json\/wp\/v2\/media\/45482"}],"wp:attachment":[{"href":"https:\/\/konferenztechnik.de\/ja\/wp-json\/wp\/v2\/media?parent=20181"}],"curies":[{"name":"wp","href":"https:\/\/api.w.org\/{rel}","templated":true}]}}