{"id":20249,"date":"2023-01-21T09:59:31","date_gmt":"2023-01-21T08:59:31","guid":{"rendered":"https:\/\/www.konferenztechnik.de\/?page_id=20249"},"modified":"2023-08-28T13:58:53","modified_gmt":"2023-08-28T11:58:53","slug":"%e3%83%86%e3%83%ac%e3%83%93%e9%80%9a%e8%a8%b3%e3%81%a8%e4%bc%9a%e8%ad%b0%e6%8a%80%e8%a1%932","status":"publish","type":"page","link":"https:\/\/konferenztechnik.de\/ja\/%e3%83%86%e3%83%ac%e3%83%93%e9%80%9a%e8%a8%b3%e3%81%a8%e4%bc%9a%e8%ad%b0%e6%8a%80%e8%a1%932\/","title":{"rendered":"\u30c6\u30ec\u30f4\u30a3\u30c3\u30af \u2013 \u901a\u8a33\u304a\u3088\u3073\u4f1a\u8b70\u6280\u8853"},"content":{"rendered":"<h1>\u30c6\u30ec\u30f4\u30a3\u30c3\u30af \u2013 \u901a\u8a33\u304a\u3088\u3073\u4f1a\u8b70\u6280\u8853<\/h1>\n<p><img fetchpriority=\"high\" decoding=\"async\" src=\"https:\/\/konferenztechnik.de\/wp-content\/uploads\/2023\/01\/konferenztechnik-televic.jpg\" alt=\"\" width=\"1300\" height=\"490\" class=\"aligncenter size-full wp-image-20257\" title=\"\" srcset=\"https:\/\/konferenztechnik.de\/wp-content\/uploads\/2023\/01\/konferenztechnik-televic.jpg 1300w, https:\/\/konferenztechnik.de\/wp-content\/uploads\/2023\/01\/konferenztechnik-televic-300x113.jpg 300w, https:\/\/konferenztechnik.de\/wp-content\/uploads\/2023\/01\/konferenztechnik-televic-1024x386.jpg 1024w, https:\/\/konferenztechnik.de\/wp-content\/uploads\/2023\/01\/konferenztechnik-televic-768x289.jpg 768w\" sizes=\"(max-width: 1300px) 100vw, 1300px\" \/><\/p>\n<div style=\"text-align:left; font-size:0.8em;\">\n\u516c\u958b\u65e5\uff1a 2023.01.23<\/div>\n<p>[spacer size=\"20\u2033]<\/p>\n<div class=\"newcolumn\">\n<h2><b>\u30c6\u30ec\u30f4\u30a3\u30c3\u30af \u2013 \u901a\u8a33\u30fb\u4f1a\u8b70\u30bd\u30ea\u30e5\u30fc\u30b7\u30e7\u30f3\u306e\u7dcf\u5408\u30e1\u30fc\u30ab\u30fc<\/b><\/h2>\n<p>\u30d9\u30eb\u30ae\u30fc\u306e\u30e1\u30fc\u30ab\u30fcTelevic\u793e\u306e\u65b0\u6280\u8853\u306b\u6295\u8cc7\u3057\u3066\u3044\u307e\u3059\u3002Televic\u793e\u306f\u3001\u6700\u65b0\u306e\u901a\u8a33\u30fb\u4f1a\u8b70\u30bd\u30ea\u30e5\u30fc\u30b7\u30e7\u30f3\u3092\u63d0\u4f9b\u3057\u3066\u304a\u308a\u3001\u79c1\u305f\u3061\u3092\u7d0d\u5f97\u3055\u305b\u3066\u304f\u308c\u307e\u3059\u3002\u30c6\u30ec\u30f4\u30a3\u30c3\u30af\u3068\u306f\uff1f\u30c6\u30ec\u30f4\u30a3\u30c3\u30af\u3068\u306f\uff1f\u79c1\u305f\u3061\u306e\u7d4c\u9a13\u3092\u307e\u3068\u3081\u307e\u3057\u305f\u3002<\/p>\n<h2>ISO\u898f\u683c\u306e\u6b74\u53f2\u3068\u5354\u529b<\/h2>\n<p>\u30d9\u30eb\u30ae\u30fc\u306e\u30e1\u30fc\u30ab\u30fc\u3001\u30c6\u30ec\u30f4\u30a3\u30c3\u30af\u3068\u306f20\u5e74\u8fd1\u3044\u4ed8\u304d\u5408\u3044\u3067\u3059\u3002\u5f7c\u3089\u306e\u30c7\u30a3\u30b9\u30ab\u30c3\u30b7\u30e7\u30f3\u30b7\u30b9\u30c6\u30e0\u3084\u30de\u30a4\u30af\u30e6\u30cb\u30c3\u30c8\u306f\u3001\u3044\u3064\u3082\u8208\u5473\u6df1\u304f\u3001\u9769\u65b0\u7684\u3060\u3068\u611f\u3058\u3066\u3044\u307e\u3059\u3002\u79c1\u305f\u3061\u306f\u3001\u30c6\u30ec\u30f4\u30a3\u30c3\u30af\u306e\u4f1a\u8b70\u6280\u8853\u3092\u5c0f\u898f\u6a21\u306a\u30ec\u30f3\u30bf\u30eb\u3067\u4f7f\u7528\u3057\u3066\u3044\u307e\u3057\u305f\u3002\u8a2d\u7f6e\u306b\u95a2\u3057\u3066\u306f\u3001\u30c6\u30ec\u30f4\u30a3\u30c3\u30af\u306e\u88fd\u54c1\u306f\u3057\u3070\u3057\u3070\u9069\u5207\u306a\u30bd\u30ea\u30e5\u30fc\u30b7\u30e7\u30f3\u3067\u3057\u305f\u3002<\/p>\n<p>\u30c6\u30ec\u30f4\u30a3\u30c3\u30af\u3068\u306e\u5354\u529b\u95a2\u4fc2\u306f2014\u5e74\u304b\u3089\u5927\u5e45\u306b\u5f37\u5316\u3055\u308c\u305f\u3002\u79c1\u305f\u3061\u306f\u3001\u65b0\u3057\u304f\u8a2d\u7acb\u3055\u308c\u305fISO\u6a19\u6e96\u5316\u59d4\u54e1\u4f1a\u306b\u5e2d\u3092\u4e26\u3079\u307e\u3057\u305f\u3002\u3053\u306e\u59d4\u54e1\u4f1a\u306b\u306f\u3001AIIC\u3068BD\u00dc\u306e\u7d71\u62ec\u7d44\u7e54\u306e\u901a\u8a33\u8005\u3001\u6b27\u5dde\u8b70\u4f1a\u306eEU\u901a\u8a33\u8005\u3001\u4f1a\u8b70\u6280\u8853\u3084\u901a\u8a33\u30d6\u30fc\u30b9\u306e\u30e1\u30fc\u30ab\u30fc\u3084\u30b5\u30d7\u30e9\u30a4\u30e4\u30fc\u304c\u96c6\u307e\u308a\u307e\u3057\u305f\u3002\u4efb\u52d9\u306f\u3001\u4f1a\u8b70\u30fb\u901a\u8a33\u6280\u8853\u3084\u901a\u8a33\u30d6\u30fc\u30b9\u306b\u95a2\u3059\u308b\u65e7\u614b\u4f9d\u7136\u3068\u3057\u305f\u57fa\u6e96\u3092\u66f4\u65b0\u3059\u308b\u3053\u3068\u3060\u3063\u305f\u3002\u3053\u308c\u306f\u95a2\u4fc2\u8005\u306b\u3068\u3063\u3066\u5bb9\u6613\u306a\u3053\u3068\u3067\u306f\u306a\u304b\u3063\u305f\u3002\u5148\u9032\u7684\u306a\u6280\u8853\u7684\u53ef\u80fd\u6027\u3068\u540c\u6642\u901a\u8a33\u306b\u95a2\u3059\u308b\u5e83\u7bc4\u306a\u7814\u7a76\u306e\u4e21\u65b9\u3092\u3001\u65b0\u3057\u3044\u57fa\u6e96\u3084\u898f\u7bc4\u306b\u53cd\u6620\u3055\u305b\u306a\u3051\u308c\u3070\u306a\u3089\u306a\u304b\u3063\u305f\u3002<\/p>\n<p>\u305d\u306e\u7d50\u679c\u3001\u901a\u8a33\u8005\u3001\u4ee3\u7406\u5e97\u3067\u3042\u308bPCS\u3001\u30c6\u30ec\u30f4\u30a3\u30c3\u30af\uff08\u7279\u306b\u30c7\u30a3\u30c7\u30a3\u30a8\u30fb\u30ed\u30bc\u30b9\uff09\u3001\u30e1\u30fc\u30ab\u30fc\u3067\u3042\u308bBOSCH\u306e\u9593\u3067\u96c6\u4e2d\u7684\u306a\u30b3\u30e9\u30dc\u30ec\u30fc\u30b7\u30e7\u30f3\u304c\u884c\u308f\u308c\u305f\u3002Televic\u3001\u4ed6\u306e\u30e1\u30fc\u30ab\u30fc\u3067\u3042\u308bBosch\u3068Audipack\u3001\u305d\u3057\u3066\u901a\u8a33\u8005\u3068\u306e\u30c1\u30fc\u30e0\u30ef\u30fc\u30af\u306f\u3001\u975e\u5e38\u306b\u5fc3\u5730\u3088\u304f\u3001\u305d\u3057\u3066\u4f55\u3088\u308a\u3082\u975e\u5e38\u306b\u751f\u7523\u7684\u306a\u2013\u3068\u306a\u308a\u3001\u6700\u7d42\u7684\u306b\u306f\u6210\u529f\u3092\u53ce\u3081\u308b\u3053\u3068\u304c\u3067\u304d\u305f\u3002<\/p>\n<p>\u65b0\u3057\u3044\u898f\u683c\u304c\u5c01\u5370\u3055\u308c\u305f\u5f8c\u3001\u30e1\u30fc\u30ab\u30fc\u3067\u3042\u308bTelevic\u304c\u65b0\u3057\u3044\u8981\u4ef6\u3092\u5b8c\u74a7\u306b\u6e80\u305f\u3059\u9769\u65b0\u7684\u306a\u901a\u8a33\u30b3\u30f3\u30bd\u30fc\u30eb\u3092\u767a\u8868\u3057\u305f\u3053\u3068\u306b\u3001\u79c1\u305f\u3061\u306f\u975e\u5e38\u306b\u9a5a\u304d\u307e\u3057\u305f\u3002\u540c\u793e\u306e\u7814\u7a76\u958b\u767a\u90e8\u9580\u306f\u3001\u7d99\u7d9a\u7684\u306aISO\u4f1a\u8b70\u306e\u9593\u3001\u660e\u3089\u304b\u306b\u65b0\u88fd\u54c1\u306e\u958b\u767a\u306b\u7d76\u3048\u305a\u53d6\u308a\u7d44\u3093\u3067\u3044\u305f\u305f\u3081\u3001\u3053\u306e\u901a\u8a33\u6280\u8853\u306f\u3059\u3050\u306b\u30c6\u30ec\u30f4\u30a3\u30c3\u30af\u793e\u3067\u306e\u91cf\u7523\u6e96\u5099\u304c\u6574\u3063\u305f\u306e\u3067\u3059\u3002<\/p>\n<p>\u305d\u306e\u5f8c\u3001\u9078\u308a\u3059\u3050\u308a\u306e\u540c\u6642\u901a\u8a33\u8005\u6570\u540d\u3068\u30c7\u30e2\u3092\u884c\u3063\u305f\u7d50\u679c\u3001\u9ad8\u3044\u30ec\u30d9\u30eb\u3067\u53d7\u3051\u5165\u308c\u3089\u308c\u307e\u3057\u305f\u3002\u901a\u8a33\u8005\u306f\u3001\u8996\u8a8d\u6027\u3068\u97f3\u8cea\u306e\u826f\u3055\u306b\u52a0\u3048\u3001\u96c6\u4e2d\u529b\u3092\u5207\u3089\u3055\u306a\u3044\u3088\u3046\u3001\u3067\u304d\u308b\u3060\u3051\u76f4\u611f\u7684\u306b\u64cd\u4f5c\u3067\u304d\u308b\u30ef\u30fc\u30af\u30b9\u30c6\u30fc\u30b7\u30e7\u30f3\u3082\u5fc5\u8981\u3068\u3057\u3066\u3044\u307e\u3059\u3002\u3053\u306e\u65b0\u3057\u3044\u901a\u8a33\u30c7\u30b9\u30af\u306f\u3001\u3053\u306e\u8981\u4ef6\u3092\u5b8c\u74a7\u306b\u6e80\u305f\u3057\u3066\u3044\u307e\u3059\u3002<\/p>\n<p><img decoding=\"async\" src=\"https:\/\/konferenztechnik.de\/wp-content\/uploads\/2023\/01\/dolmetschpult-televic-lingua.jpg\" alt=\"\" width=\"650\" class=\"aligncenter size-full wp-image-20251\" title=\"\" srcset=\"https:\/\/konferenztechnik.de\/wp-content\/uploads\/2023\/01\/dolmetschpult-televic-lingua.jpg 1023w, https:\/\/konferenztechnik.de\/wp-content\/uploads\/2023\/01\/dolmetschpult-televic-lingua-300x251.jpg 300w, https:\/\/konferenztechnik.de\/wp-content\/uploads\/2023\/01\/dolmetschpult-televic-lingua-768x643.jpg 768w\" sizes=\"(max-width: 1023px) 100vw, 1023px\" \/><\/p>\n<div style=\"text-align:right; font-size:0.8em; width:650px;\">\n\u30c6\u30ec\u30f4\u30a3\u30c3\u30af\u30fb\u30ea\u30f3\u30ac\u901a\u8a33\u30c7\u30b9\u30af<\/div>\n<h2>\u30cf\u30a4\u30e9\u30a4\u30c8<\/h2>\n<p>\u901a\u8a33\u6280\u8853\u306b\u52a0\u3048\u3001\u30c6\u30ec\u30f4\u30a3\u30c3\u30af\u306f\u30c7\u30a3\u30b9\u30ab\u30c3\u30b7\u30e7\u30f3\u30b7\u30b9\u30c6\u30e0\u3082\u5e45\u5e83\u304f\u63d0\u4f9b\u3057\u3066\u3044\u307e\u3059\u3002\u30bf\u30a6\u30f3\u30db\u30fc\u30eb\u3084\u30b3\u30df\u30e5\u30cb\u30c6\u30a3\u30bb\u30f3\u30bf\u30fc\u306a\u3069\u306e\u5c0f\u898f\u6a21\u306a\u4f1a\u5834\u306b\u6700\u9069\u306a\u30b7\u30f3\u30d7\u30eb\u306a\u6709\u7dda\u30de\u30a4\u30af\u30e6\u30cb\u30c3\u30c8\u2013\u304b\u3089\u3001\u30cf\u30a4\u30a8\u30f3\u30c9\u30bd\u30ea\u30e5\u30fc\u30b7\u30e7\u30f3\u3068\u3057\u3066\u306e\u30ef\u30a4\u30e4\u30ec\u30b9\u30c7\u30a3\u30b9\u30ab\u30c3\u30b7\u30e7\u30f3\u30b7\u30b9\u30c6\u30e0\u2013\u307e\u3067\u3002<\/p>\n<p>\u30c6\u30ec\u30f4\u30a3\u30c3\u30af\u3067\u306f\u3001\u3053\u308c\u3089\u306e\u30c7\u30a3\u30b9\u30ab\u30c3\u30b7\u30e7\u30f3\u30fb\u30b7\u30b9\u30c6\u30e0\u306e\u5f8c\u8005\u306e\u30ef\u30a4\u30e4\u30ec\u30b9\u30fb\u30d0\u30fc\u30b8\u30e7\u30f3\u3092\u300cFLEX\u300d\u2013\u3068\u547c\u3093\u3067\u3044\u308b\u3002\u3053\u306e\u30ef\u30a4\u30e4\u30ec\u30b9\u30fb\u30b7\u30b9\u30c6\u30e0\u306b\u306f\u3055\u307e\u3056\u307e\u306a\u30d0\u30fc\u30b8\u30e7\u30f3\u304c\u3042\u308a\uff08\u6295\u7968\u30aa\u30d7\u30b7\u30e7\u30f3\u3084\u901a\u8a33\u30c1\u30e3\u30f3\u30cd\u30eb\u3092\u542b\u3080\uff09\u3001\u9ad8\u5ea6\u306b\u6697\u53f7\u5316\u3055\u308c\u305f\u4f1d\u9001\u3092\u4fdd\u8a3c\u3057\u3001\u7d20\u65e9\u304f\u30bb\u30c3\u30c8\u30a2\u30c3\u30d7\u3001\u79fb\u52d5\u3001\u64a4\u53bb\u304c\u3067\u304d\u308b\u2013\u3002<\/p>\n<p>\u72ec\u5275\u7684\u3067\u9867\u5ba2\u306b\u512a\u3057\u3044\u30bd\u30ea\u30e5\u30fc\u30b7\u30e7\u30f3\u306e\u3082\u3046\u4e00\u3064\u306e\u4f8b\u306f\u3001\u30bd\u30d5\u30c8\u30a6\u30a7\u30a2\u30dd\u30ea\u30b7\u30fc\u3067\u3042\u308b\u3002\u30de\u30a4\u30af\u30ed\u30db\u30f3\u30fb\u30e6\u30cb\u30c3\u30c8\u3084\u901a\u8a33\u30b3\u30f3\u30bd\u30fc\u30eb\u306a\u3069\u3001\u3055\u307e\u3056\u307e\u306a\u30c7\u30b8\u30bf\u30eb\u30fb\u30b3\u30f3\u30dd\u30fc\u30cd\u30f3\u30c8\u30921\u3064\u306e\u30b7\u30b9\u30c6\u30e0\u306b\u7d71\u5408\u3057\u3066\u64cd\u4f5c\u3059\u308b\u306b\u306f\u3001\u73fe\u5728\u3001\u30bd\u30d5\u30c8\u30a6\u30a7\u30a2\u30fb\u30e9\u30a4\u30bb\u30f3\u30b9\u304c\u5fc5\u8981\u3067\u3059\u3002\u30e9\u30a4\u30bb\u30f3\u30b9\u306f\u3001\u97f3\u58f0\u30c1\u30e3\u30f3\u30cd\u30eb\u3084\u6295\u7968\u306a\u3069\u306e\u8ffd\u52a0\u30aa\u30d7\u30b7\u30e7\u30f3\u3092\u6709\u52b9\u306b\u3059\u308b\u305f\u3081\u306b\u3082\u4f7f\u7528\u3067\u304d\u308b\u3002\u5404\u30e1\u30fc\u30ab\u30fc\u306e\u30a2\u30d7\u30ed\u30fc\u30c1\u306f\u5927\u304d\u304f\u7570\u306a\u308a\u307e\u3059\u304c\u3001\u5f53\u793e\u3067\u306f\u3001\u30c6\u30ec\u30f4\u30a3\u30c3\u30af\u306e\u30bd\u30d5\u30c8\u30a6\u30a7\u30a2\u30fb\u30dd\u30ea\u30b7\u30fc\u304c\u30ec\u30f3\u30bf\u30eb\u3068\u5e38\u8a2d\u306e\u4e21\u65b9\u3067\u6700\u3082\u4e00\u8cab\u6027\u304c\u3042\u308a\u3001\u30b7\u30b9\u30c6\u30e0\u3092\u904b\u7528\u3059\u308b\u969b\u306b\u6700\u3082\u7c21\u5358\u3067\u67d4\u8edf\u306a\u5b9f\u88c5\u304c\u53ef\u80fd\u3067\u3059\u3002<\/p>\n<div style=\"text-align:left\">\n<img decoding=\"async\" src=\"https:\/\/konferenztechnik.de\/wp-content\/uploads\/2023\/01\/sprechstelle-confidea-flex-scaled-1.jpg\" alt=\"\" width=\"650\" title=\"\"><\/div>\n<div style=\"text-align:right; font-size:0.8em; width:650px;\">\n\u30b3\u30f3\u30d5\u30a3\u30c7\u30a2\u30fb\u30d5\u30ec\u30c3\u30af\u30b9\u30fb\u30a4\u30f3\u30bf\u30fc\u30ab\u30e0\u30fb\u30b9\u30c6\u30fc\u30b7\u30e7\u30f3<\/div>\n<h2>2023\u5e742\u6708\u767a\u58f2<\/h2>\n<p>\u901a\u8a33\u30c7\u30b9\u30af\u306b\u52a0\u3048\u30012023\u5e74\u306e\u6295\u8cc7\u30ea\u30b9\u30c8\u306b\u306f\u65b0\u3057\u3044\u30ef\u30a4\u30e4\u30ec\u30b9FLEX\u30c7\u30a3\u30b9\u30ab\u30c3\u30b7\u30e7\u30f3\u30b7\u30b9\u30c6\u30e0\u3082\u542b\u307e\u308c\u3066\u3044\u307e\u3059\u3002\u7d0d\u54c1\u306f\u3059\u3067\u306b2\u6708\u521d\u65ec\u3067\u3001\u5f85\u3061\u9060\u3057\u3044\u9650\u308a\u3067\u3059\u3002\u30e6\u30eb\u30b2\u30f3\u30fb\u30d5\u30a1\u30f3\u30fb\u30de\u30a4\u30eb\u30c0\u30fc\u3068\u30d5\u30e9\u30f3\u30c1\u30a7\u30b9\u30b3\u30fb\u30ab\u30f4\u30a1\u30ea\u30a8\u30fc\u30ec\u306b\u611f\u8b1d\u3057\u307e\u3059\u3002\u4eca\u5f8c\u3068\u3082\u3088\u308d\u3057\u304f\u304a\u9858\u3044\u3057\u307e\u3059\u3002<\/p>\n<p>\u79c1\u305f\u3061\u306f\u3001\u304a\u5ba2\u69d8\u3068\u901a\u8a33\u8005\u306e\u7686\u69d8\u304c\u3001\u65b0\u3057\u3044\u6700\u65b0\u306e\u4f1a\u8b70\u6280\u8853\u3067\u591a\u304f\u306e\u6210\u529f\u3068\u697d\u3057\u307f\u3092\u5f97\u3089\u308c\u308b\u3053\u3068\u3092\u7948\u3063\u3066\u3044\u307e\u3059\uff01<\/p>\n<p>\u30a4\u30a7\u30eb\u30af\u30fb\u30da\u30b7\u30e5\u30ab<br \/>\n[spacer size=\"60\u2033]<\/p>\n<\/div>\n<p>[\u30ea\u30b9\u30c8\u30a2\u30a4\u30b3\u30f3=\"moon-arrow-right-2\u2033\u30ab\u30e9\u30fc=\"#a72156\u2033]]\u3002<a href=\"https:\/\/www.televic.com\/de\" target=\"_blank\" rel=\"noopener\">\u30a6\u30a7\u30d6\u30b5\u30a4\u30c8 Televic \u2013 \u30b3\u30df\u30e5\u30cb\u30b1\u30fc\u30b7\u30e7\u30f3\u306e\u91cd\u8981\u6027<\/a>[\u30ea\u30b9\u30c8\uff3d<\/p>\n<p>[\u30ea\u30b9\u30c8\u30a2\u30a4\u30b3\u30f3=\"moon-arrow-right-2\u2033\u30ab\u30e9\u30fc=\"#a72156\u2033]]\u3002<a href=\"https:\/\/konferenztechnik.de\/ja\/%e3%83%af%e3%82%a4%e3%83%a4%e3%83%ac%e3%82%b9%e4%bc%9a%e8%ad%b0%e3%82%b7%e3%82%b9%e3%83%86%e3%83%a0%e3%82%92%e8%b3%bc%e5%85%a5%e3%81%99%e3%82%8b\/\">\u30ef\u30a4\u30e4\u30ec\u30b9\u4f1a\u8b70\u30b7\u30b9\u30c6\u30e0\u306e\u8cfc\u5165<\/a>[\u30ea\u30b9\u30c8\uff3d<\/p>\n<p>[\u30ea\u30b9\u30c8\u30a2\u30a4\u30b3\u30f3=\"moon-arrow-right-2\u2033\u30ab\u30e9\u30fc=\"#a72156\u2033]]\u3002<a href=\"https:\/\/konferenztechnik.de\/ja\/%e4%bc%9a%e8%ad%b0%e3%81%8a%e3%82%88%e3%81%b3av%e3%83%a1%e3%83%87%e3%82%a3%e3%82%a2%e6%8a%80%e8%a1%93%e3%81%ae%e9%85%8d%e5%b8%83\/%e8%a8%8e%e8%ab%96%e6%96%bd%e8%a8%ad\/%e6%9c%89%e7%b7%9a%e3%83%87%e3%82%a3%e3%82%b9%e3%82%ab%e3%83%83%e3%82%b7%e3%83%a7%e3%83%b3%e3%82%b7%e3%82%b9%e3%83%86%e3%83%a0\/\">\u6709\u7dda\u30c7\u30a3\u30b9\u30ab\u30c3\u30b7\u30e7\u30f3\u30b7\u30b9\u30c6\u30e0<\/a>[\u30ea\u30b9\u30c8\uff3d<\/p>","protected":false},"excerpt":{"rendered":"<p>Televic \u2013 Dolmetsch- und Konferenztechnik Ver\u00f6ffentlicht: 23.01.2023 [spacer size=&#8220;20&#8243;] Televic \u2013 ein innovativer Hersteller mit einem vollst\u00e4ndigen Sortiment f\u00fcr Dolmetsch- und Konferenzl\u00f6sungen Wir investieren in neue Technik des belgischen Herstellers Televic. Televic bietet ein modernes, vollst\u00e4ndiges Sortiment f\u00fcr Dolmetsch- und Konferenzl\u00f6sungen, mit dem sie uns \u00fcberzeugen. Wer ist Televic? Was begeistert uns? Wir haben unsere Erfahrungen zusammengefasst. Historie und Zusammenarbeit an der ISO-Norm Wir kennen den belgischen Hersteller Televic bald 20 Jahre. Die Angebote im Bereich Diskussionsanlagen und Sprechstellen fanden wir schon immer interessant und innovativ. Wir setzten Televic-Konferenztechnik im kleineren Rahmen im Verleih ein. Bei der Installation waren die Produkte oft die passende L\u00f6sung. Unsere Zusammenarbeit mit Televic intensivierte [&hellip;]<\/p>","protected":false},"author":1,"featured_media":45482,"parent":0,"menu_order":0,"comment_status":"closed","ping_status":"closed","template":"","meta":{"_acf_changed":false,"footnotes":""},"class_list":["post-20249","page","type-page","status-publish","has-post-thumbnail","hentry"],"acf":[],"_links":{"self":[{"href":"https:\/\/konferenztechnik.de\/ja\/wp-json\/wp\/v2\/pages\/20249","targetHints":{"allow":["GET"]}}],"collection":[{"href":"https:\/\/konferenztechnik.de\/ja\/wp-json\/wp\/v2\/pages"}],"about":[{"href":"https:\/\/konferenztechnik.de\/ja\/wp-json\/wp\/v2\/types\/page"}],"author":[{"embeddable":true,"href":"https:\/\/konferenztechnik.de\/ja\/wp-json\/wp\/v2\/users\/1"}],"replies":[{"embeddable":true,"href":"https:\/\/konferenztechnik.de\/ja\/wp-json\/wp\/v2\/comments?post=20249"}],"version-history":[{"count":0,"href":"https:\/\/konferenztechnik.de\/ja\/wp-json\/wp\/v2\/pages\/20249\/revisions"}],"wp:featuredmedia":[{"embeddable":true,"href":"https:\/\/konferenztechnik.de\/ja\/wp-json\/wp\/v2\/media\/45482"}],"wp:attachment":[{"href":"https:\/\/konferenztechnik.de\/ja\/wp-json\/wp\/v2\/media?parent=20249"}],"curies":[{"name":"wp","href":"https:\/\/api.w.org\/{rel}","templated":true}]}}