{"id":2103,"date":"2013-09-19T13:22:58","date_gmt":"2013-09-19T11:22:58","guid":{"rendered":"https:\/\/konferenztechnik.de\/?page_id=2103"},"modified":"2013-09-19T13:22:58","modified_gmt":"2013-09-19T11:22:58","slug":"%e6%ae%8b%e5%83%8f","status":"publish","type":"page","link":"https:\/\/konferenztechnik.de\/ja\/%e3%82%b3%e3%83%b3%e3%82%bf%e3%82%af%e3%83%88\/%e6%ae%8b%e5%83%8f\/","title":{"rendered":"\u30a4\u30f3\u30d7\u30ea\u30f3\u30c8"},"content":{"rendered":"<h1>\u30a4\u30f3\u30d7\u30ea\u30f3\u30c8<\/h1>\n<p>PCS Vertriebs- und Service GmbH\u3068PCS Professional Conference Systems GmbH\u306e\u5171\u540c\u30d7\u30ec\u30bc\u30f3\u30c6\u30fc\u30b7\u30e7\u30f3\u3067\u3059\u3002<br \/>\n\u8a73\u7d30\u306f\u4e0b\u8a18\u3092\u53c2\u7167\u3055\u308c\u305f\u3044\u3002<\/p>\n<p>[column size=\"1-2\u2033 last=\"0\u2033\uff3d\u3002<br \/>\n<b>PCS \u30d7\u30ed\u30d5\u30a7\u30c3\u30b7\u30e7\u30ca\u30eb\u30fb\u30ab\u30f3\u30d5\u30a1\u30ec\u30f3\u30b9\u30fb\u30b7\u30b9\u30c6\u30e0\u30ba\u793e<\/b><\/p>\n<p><b>\u30aa\u30fc\u30ca\u30fc<\/b><br \/>\n\u30c7\u30a3\u30eb\u30af\u30fb\u30ce\u30a4\u30de\u30f3<br \/>\n\u30a4\u30a7\u30eb\u30af\u30fb\u30da\u30b7\u30e5\u30ab<\/p>\n<p><b>\u30de\u30cd\u30fc\u30b8\u30f3\u30b0\u30fb\u30c7\u30a3\u30ec\u30af\u30bf\u30fc<\/b><br \/>\n\u30c7\u30a3\u30eb\u30af\u30fb\u30ce\u30a4\u30de\u30f3<br \/>\n\u30a4\u30a7\u30eb\u30af\u30fb\u30da\u30b7\u30e5\u30ab<br \/>\n\u30b0\u30f3\u30ca\u30fc\u30fb\u30d8\u30eb\u30e1\u30ca\u30a6<br \/>\n\u30c8\u30fc\u30b9\u30c6\u30f3\u30fb\u30ac\u30a4\u30b9\u30e9\u30fc<\/p>\n<p><b>\u4f4f\u6240<\/b><br \/>\n\u30e9\u30a4\u30b7\u30e7\u30eb\u30b6\u30fc\u30fb\u30f4\u30a7\u30eb\u30d5\u30c8\u901a\u308a42<br \/>\n40589 \u30c7\u30e5\u30c3\u30bb\u30eb\u30c9\u30eb\u30d5<br \/>\n\u96fb\u8a71\uff1a+49 211 737798-0<br \/>\n\u30d5\u30a1\u30c3\u30af\u30b9: +49 211 737798-19<\/p>\n<p>\u96fb\u5b50\u5546\u53d6\u5f15\u306e\u6cd5\u7684\u67a0\u7d44\u307f\u306b\u95a2\u3059\u308b\u6cd5\u5f8b\uff08EGG\uff09\u3068\u30c6\u30ec\u30b5\u30fc\u30d3\u30b9\u6cd5\uff08TDG\uff09\u7b2c6\u6761\u306b\u57fa\u3065\u304f\u8ffd\u52a0\u60c5\u5831\uff1a<\/p>\n<p><b>\u30a4\u30f3\u30bf\u30fc\u30cd\u30c3\u30c8<\/b><br \/>\n<a href=\"https:\/\/konferenztechnik.de\/ja\">www.konferenztechnik.de<\/a><\/p>\n<p><b>\u96fb\u5b50\u30e1\u30fc\u30eb<\/b><br \/>\n<a href=\"mailto:info@konferenztechnik.de\">info@konferenztechnik.de<\/a><\/p>\n<p><b>\u8ca1\u56e3<\/b><br \/>\n1995\u5e749\u670828\u65e5\u516c\u8a3c<\/p>\n<p><b>\u6cd5\u7684\u5f62\u5f0f<\/b><br \/>\n(\u682a)\u30a8\u30cc\u30fb\u30c6\u30a3\u30fb\u30c6\u30a3\u30fb\u30c9\u30b3\u30e2<\/p>\n<p><b>\u5546\u696d\u767b\u8a18<\/b><br \/>\nHRB 32720<br \/>\n\u30c7\u30e5\u30c3\u30bb\u30eb\u30c9\u30eb\u30d5\u5730\u65b9\u88c1\u5224\u6240<br \/>\n1995\u5e7411\u670814\u65e5\u8a18\u5165<\/p>\n<p><b>\u6d88\u8cbb\u7a0e\u6cd5\u00a727a\u306b\u57fa\u3065\u304f\u6d88\u8cbb\u7a0e\u8b58\u5225\u756a\u53f7<\/b><br \/>\nDE 176 161 352<\/p>\n<p><b>\u4f7f\u7528\u8005\u8ce0\u511f\u8cac\u4efb\u4fdd\u967a\u7d44\u5408<\/b><br \/>\n\u30d6\u30a4\u30d3\u30fc\u30b8\u30fc<br \/>\n\u884c\u653f\u4e8b\u696d\u4e3b\u8ce0\u511f\u8cac\u4efb\u4fdd\u967a\u5354\u4f1a<br \/>\n\u4f1a\u54e1\u756a\u53f7 97\/0048\/8929<br \/>\n[\u30b3\u30e9\u30e0\uff3d<\/p>\n<p>[column size=\"1-2\u2033 last=\"1\u2033\uff3d\u3002<br \/>\n<b>PCS Vertriebs- und Service GmbH<\/b><\/p>\n<p><b>\u30aa\u30fc\u30ca\u30fc<\/b><br \/>\n\u30c7\u30a3\u30eb\u30af\u30fb\u30ce\u30a4\u30de\u30f3<br \/>\n\u30a4\u30a7\u30eb\u30af\u30fb\u30da\u30b7\u30e5\u30ab<\/p>\n<p><b>\u30de\u30cd\u30fc\u30b8\u30f3\u30b0\u30fb\u30c7\u30a3\u30ec\u30af\u30bf\u30fc<\/b><br \/>\n\u30c7\u30a3\u30eb\u30af\u30fb\u30ce\u30a4\u30de\u30f3<br \/>\n\u30a4\u30a7\u30eb\u30af\u30fb\u30da\u30b7\u30e5\u30ab<br \/>\n\u30b0\u30f3\u30ca\u30fc\u30fb\u30d8\u30eb\u30e1\u30ca\u30a6<br \/>\n\u30c8\u30fc\u30b9\u30c6\u30f3\u30fb\u30ac\u30a4\u30b9\u30e9\u30fc<\/p>\n<p><b>\u4f4f\u6240<\/b><br \/>\n\u30e9\u30a4\u30b7\u30e7\u30eb\u30b6\u30fc\u30fb\u30f4\u30a7\u30eb\u30d5\u30c8\u901a\u308a42<br \/>\n40589 \u30c7\u30e5\u30c3\u30bb\u30eb\u30c9\u30eb\u30d5<br \/>\n\u96fb\u8a71\uff1a +49 211 737798-20<br \/>\n\u30d5\u30a1\u30c3\u30af\u30b9: +49 211 737798-29<\/p>\n<p>\u96fb\u5b50\u5546\u53d6\u5f15\u306e\u6cd5\u7684\u67a0\u7d44\u307f\u306b\u95a2\u3059\u308b\u6cd5\u5f8b\uff08EGG\uff09\u3068\u30c6\u30ec\u30b5\u30fc\u30d3\u30b9\u6cd5\uff08TDG\uff09\u7b2c6\u6761\u306b\u57fa\u3065\u304f\u8ffd\u52a0\u60c5\u5831\uff1a<\/p>\n<p><b>\u30a4\u30f3\u30bf\u30fc\u30cd\u30c3\u30c8<\/b><br \/>\n<a href=\"https:\/\/konferenztechnik.de\/ja\">www.konferenztechnik.de<\/a><\/p>\n<p><b>\u96fb\u5b50\u30e1\u30fc\u30eb<\/b><br \/>\n<a href=\"mailto:vertrieb@konferenztechnik.de\">vertrieb@konferenztechnik.de<\/a><\/p>\n<p><b>\u8ca1\u56e3<\/b><br \/>\n2006\u5e7412\u670822\u65e5\u516c\u8a3c<\/p>\n<p><b>\u6cd5\u7684\u5f62\u5f0f<\/b><br \/>\n(\u682a)\u30a8\u30cc\u30fb\u30c6\u30a3\u30fb\u30c6\u30a3\u30fb\u30c9\u30b3\u30e2<\/p>\n<p><b>\u5546\u696d\u767b\u8a18<\/b><br \/>\nHRB 56501<br \/>\n\u30c7\u30e5\u30c3\u30bb\u30eb\u30c9\u30eb\u30d5\u5730\u65b9\u88c1\u5224\u6240<br \/>\n2007\u5e746\u670818\u65e5\u8a18\u5165<\/p>\n<p><b>\u6d88\u8cbb\u7a0e\u6cd5\u00a727a\u306b\u57fa\u3065\u304f\u6d88\u8cbb\u7a0e\u8b58\u5225\u756a\u53f7<\/b><br \/>\nDE 814 889 174<\/p>\n<p><b>\u4f7f\u7528\u8005\u8ce0\u511f\u8cac\u4efb\u4fdd\u967a\u7d44\u5408<\/b><br \/>\nBGHW<br \/>\n\u4f7f\u7528\u8005\u8ce0\u511f\u8cac\u4efb\u4fdd\u967a \u8cbf\u6613\u7269\u54c1\u6d41\u901a\u5354\u4f1a<br \/>\nM 9\/984 7264<\/p>\n<p>[\u30b3\u30e9\u30e0\uff3d<\/p>\n<h2>\u8cac\u4efb\u7de8\u96c6\u8005<\/h2>\n<p>  \u30a4\u30a7\u30eb\u30af\u30fb\u30da\u30b7\u30e5\u30ab<br \/>\n  <a href=\"mailto:impressum@konferenztechnik.de\">impressum@konferenztechnik.de<\/a><\/p>\n<h2>\u4f7f\u7528\u6a29\uff1a<\/h2>\n<p>\u8457\u4f5c\u6a29 \u00a9 1995-2018<br \/>\n  PCS \u30d7\u30ed\u30d5\u30a7\u30c3\u30b7\u30e7\u30ca\u30eb\u30fb\u30ab\u30f3\u30d5\u30a1\u30ec\u30f3\u30b9\u30fb\u30b7\u30b9\u30c6\u30e0\u30ba\u793e<br \/>\n\u304a\u3088\u3073PCS Vertriebs- und Service GmbH\u304c\u3042\u308b\u3002<br \/>\n  \u30e9\u30a4\u30b7\u30e7\u30eb\u30b6\u30fc\u30fb\u30f4\u30a7\u30eb\u30d5\u30c8\u901a\u308a42<br \/>\n  40589 \u30c7\u30e5\u30c3\u30bb\u30eb\u30c9\u30eb\u30d5\uff08\u30c9\u30a4\u30c4<\/p>\n<p>\u7121\u65ad\u8ee2\u8f09\u3092\u7981\u3058\u307e\u3059\u3002<\/p>\n<p>PCS Professional Conference Systems GmbH\u306f\u672c\u30a6\u30a7\u30d6\u30b5\u30a4\u30c8\u306e\u3059\u3079\u3066\u306e\u8457\u4f5c\u6a29\u3092\u4fdd\u6709\u3057\u3066\u3044\u307e\u3059\u3002 <\/p>\n<p>\u8096\u50cf\u6a29\u306fPCS Professional Conference Systems GmbH\u3001PCS Vertriebs- und Service GmbH\u304a\u3088\u3073\u5404\u30e1\u30fc\u30ab\u30fc\u306b\u5e30\u5c5e\u3057\u307e\u3059\u3002<\/p>\n<p>\u2013\u306e\u66f8\u9762\u306b\u3088\u308b\u4e8b\u524d\u306e\u8a31\u53ef\u306a\u304f\u3001\u3053\u308c\u3089\u306e\u30a6\u30a7\u30d6\u30da\u30fc\u30b8\u304a\u3088\u3073\u305d\u3053\u306b\u542b\u307e\u308c\u308b\u6587\u66f8\u3084\u753b\u50cf\u3092\u3001\u4e00\u90e8\u3067\u3042\u3063\u3066\u3082\u3001\u30b3\u30d4\u30fc\u3001\u5370\u5237\u3001\u8907\u88fd\u3001\u914d\u5e03\u3059\u308b\u3053\u3068\u3092\u3001\u3053\u3053\u306b\u660e\u793a\u7684\u306b\u7981\u3058\u307e\u3059\u3002\u3053\u3053\u306b\u63b2\u8f09\u3055\u308c\u3066\u3044\u308b\u30a6\u30a7\u30d6\u30da\u30fc\u30b8\u304a\u3088\u3073\u6587\u66f8\u306f\u3001\u60c5\u5831\u63d0\u4f9b\u306e\u307f\u3092\u76ee\u7684\u3068\u3057\u3066\u4f7f\u7528\u3059\u308b\u3053\u3068\u304c\u3067\u304d\u3001\u5546\u696d\u7684\u306b\u5229\u7528\u3059\u308b\u3053\u3068\u306f\u3067\u304d\u307e\u305b\u3093\u3002<\/p>\n<p>\u5f53\u30a6\u30a7\u30d6\u30b5\u30a4\u30c8\u306b\u63b2\u8f09\u3059\u308b\u524d\u306b\u3001\u3059\u3079\u3066\u306e\u30b3\u30f3\u30c6\u30f3\u30c4\u3001\u753b\u50cf\u3001\u8096\u50cf\u6a29\u3092\u614e\u91cd\u306b\u30c1\u30a7\u30c3\u30af\u3057\u3066\u3044\u307e\u3059\u3002\u305d\u308c\u306b\u3082\u304b\u304b\u308f\u3089\u305a\u3001\u4e07\u304c\u4e00\u9593\u9055\u3044\u304c\u3042\u3063\u305f\u5834\u5408\u306f\u3001\u8fc5\u901f\u304b\u3064\u7c21\u5358\u306b\u554f\u984c\u3092\u89e3\u6c7a\u3067\u304d\u308b\u3088\u3046\u3001\u5f0a\u793e\u307e\u3067\u3054\u9023\u7d61\u304f\u3060\u3055\u3044\u3002\u304a\u554f\u3044\u5408\u308f\u305b\u5148 <a href=\"mailto:impressum@konferenztechnik.de\">impressum@konferenztechnik.de<\/a>.\u3042\u308a\u304c\u3068\u3046\u3054\u3056\u3044\u307e\u3057\u305f\uff01\n<\/p>\n<p><h2>\u514d\u8cac\u4e8b\u9805<\/h2>\n<\/p>\n<p>\u30b3\u30f3\u30c6\u30f3\u30c4\u306e\u7ba1\u7406\u306b\u306f\u7d30\u5fc3\u306e\u6ce8\u610f\u3092\u6255\u3063\u3066\u304a\u308a\u307e\u3059\u304c\u3001\u5916\u90e8\u53c2\u7167\/\u30ea\u30f3\u30af\u306e\u5185\u5bb9\u306b\u3064\u3044\u3066\u306f\u4e00\u5207\u306e\u8cac\u4efb\u3092\u8ca0\u3044\u304b\u306d\u307e\u3059\u3002\u30ea\u30f3\u30af\u5148\u30da\u30fc\u30b8\u306e\u5185\u5bb9\u306b\u3064\u3044\u3066\u306f\u3001\u30ea\u30f3\u30af\u5148\u30da\u30fc\u30b8\u306e\u904b\u55b6\u8005\u304c\u5168\u8cac\u4efb\u3092\u8ca0\u3044\u307e\u3059\u3002\n<\/p>\n<p>PCS Professional Conference Systems GmbH\u306f\u3001\u30a6\u30a7\u30d6\u30b5\u30a4\u30c8\u306e\u30b3\u30f3\u30c6\u30f3\u30c4\u304c\u5e38\u306b\u6700\u65b0\u304b\u3064\u6b63\u78ba\u3067\u5b8c\u5168\u306a\u3082\u306e\u3068\u306a\u308b\u3088\u3046\u52aa\u3081\u3066\u3044\u307e\u3059\u3002\u3057\u304b\u3057\u306a\u304c\u3089\u3001\u8aa4\u308a\u3092\u5b8c\u5168\u306b\u6392\u9664\u3059\u308b\u3053\u3068\u306f\u3067\u304d\u307e\u305b\u3093\u3002PCS Professional Conference Systems GmbH\u306f\u3001\u6545\u610f\u307e\u305f\u306f\u91cd\u5927\u306a\u904e\u5931\u304c\u306a\u3044\u9650\u308a\u3001\u30a6\u30a7\u30d6\u30b5\u30a4\u30c8\u306b\u63b2\u8f09\u3055\u308c\u305f\u60c5\u5831\u306e\u6642\u4e8b\u6027\u3001\u6b63\u78ba\u6027\u3001\u5b8c\u5168\u6027\u306b\u3064\u3044\u3066\u8cac\u4efb\u3092\u8ca0\u3044\u307e\u305b\u3093\u3002\u3053\u308c\u306f\u3001\u5f53\u30a6\u30a7\u30d6\u30b5\u30a4\u30c8\u306e\u4f7f\u7528\u306b\u3088\u308a\u767a\u751f\u3057\u305f\u7b2c\u4e09\u8005\u3078\u306e\u7269\u8cea\u7684\u307e\u305f\u306f\u975e\u7269\u8cea\u7684\u640d\u5bb3\u306b\u3064\u3044\u3066\u3082\u540c\u69d8\u3067\u3059\u3002<\/p>\n<h2>\u30c7\u30fc\u30bf\u4fdd\u8b77<\/h2>\n<p>\u4ee5\u4e0b\u306e\u30ea\u30f3\u30af\u304b\u3089\u5f53\u793e\u306e\u30d7\u30e9\u30a4\u30d0\u30b7\u30fc\u30dd\u30ea\u30b7\u30fc\u3092\u3054\u89a7\u3044\u305f\u3060\u3051\u307e\u3059\uff1a<br \/>\n<a href=\"https:\/\/konferenztechnik.de\/ja\/%e3%83%87%e3%83%bc%e3%82%bf%e4%bf%9d%e8%ad%b7%e5%ae%a3%e8%a8%80\/\">\u30a6\u30a7\u30d6\u30b5\u30a4\u30c8www.konferenztechnik.de \u306e\u30d7\u30e9\u30a4\u30d0\u30b7\u30fc\u30dd\u30ea\u30b7\u30fc<\/a><br \/>\n[spacer size=\"40\u2033]<\/p>","protected":false},"excerpt":{"rendered":"<p>Impressum Dies ist der gemeinsame Auftritt der PCS Vertriebs- und Service GmbH und der PCS Professional Conference Systems GmbH. Einzelheiten entnehmen Sie bitte den Informationen unten. [column size=&#8220;1-2&#8243; last=&#8220;0&#8243;] PCS Professional Conference Systems GmbH Inhaber Dirk Neumann J\u00f6rg Peschka Gesch\u00e4ftsf\u00fchrer Dirk Neumann J\u00f6rg Peschka Gunnar Hermenau Thorsten Gei\u00dfler Adresse Reisholzer Werftstra\u00dfe 42 40589 D\u00fcsseldorf Tel.:+49 211 737798-0 Fax: +49 211 737798-19 Zus\u00e4tzliche Informationen gem. Gesetz \u00fcber rechtliche Rahmenbedingungen f\u00fcr den elektronischen Gesch\u00e4ftsverkehr (EGG) in Verbindung mit \u00a7 6 Teledienstgesetz (TDG): Internet www.konferenztechnik.de E-Mail info@konferenztechnik.de Gr\u00fcndung notariell 28.09.1995 Rechtsform GmbH Handelsregister HRB 32720 Amtsgericht D\u00fcsseldorf Eintragung am 14.11.1995 Umsatzsteuer-Identnummer gem\u00e4\u00df \u00a7 27a Umsatzsteuergesetz DE 176 161 352 Berufsgenossenschaft VBG Verwaltungs-Berufsgenossenschaft Mitglieds-Nr. [&hellip;]<\/p>","protected":false},"author":1,"featured_media":45482,"parent":791,"menu_order":145,"comment_status":"closed","ping_status":"open","template":"","meta":{"_acf_changed":false,"footnotes":""},"class_list":["post-2103","page","type-page","status-publish","has-post-thumbnail","hentry"],"acf":[],"_links":{"self":[{"href":"https:\/\/konferenztechnik.de\/ja\/wp-json\/wp\/v2\/pages\/2103","targetHints":{"allow":["GET"]}}],"collection":[{"href":"https:\/\/konferenztechnik.de\/ja\/wp-json\/wp\/v2\/pages"}],"about":[{"href":"https:\/\/konferenztechnik.de\/ja\/wp-json\/wp\/v2\/types\/page"}],"author":[{"embeddable":true,"href":"https:\/\/konferenztechnik.de\/ja\/wp-json\/wp\/v2\/users\/1"}],"replies":[{"embeddable":true,"href":"https:\/\/konferenztechnik.de\/ja\/wp-json\/wp\/v2\/comments?post=2103"}],"version-history":[{"count":0,"href":"https:\/\/konferenztechnik.de\/ja\/wp-json\/wp\/v2\/pages\/2103\/revisions"}],"up":[{"embeddable":true,"href":"https:\/\/konferenztechnik.de\/ja\/wp-json\/wp\/v2\/pages\/791"}],"wp:featuredmedia":[{"embeddable":true,"href":"https:\/\/konferenztechnik.de\/ja\/wp-json\/wp\/v2\/media\/45482"}],"wp:attachment":[{"href":"https:\/\/konferenztechnik.de\/ja\/wp-json\/wp\/v2\/media?parent=2103"}],"curies":[{"name":"wp","href":"https:\/\/api.w.org\/{rel}","templated":true}]}}